{"id":1514,"date":"2018-07-19T15:23:30","date_gmt":"2018-07-19T13:23:30","guid":{"rendered":"http:\/\/wp.kristdemokraterna.se\/mjolby\/?page_id=1514"},"modified":"2018-07-19T15:23:30","modified_gmt":"2018-07-19T13:23:30","slug":"kommunkandidater-2018","status":"publish","type":"page","link":"https:\/\/wp.kristdemokraterna.se\/mjolby\/valet\/kommunkandidater-2018\/","title":{"rendered":"Kommunkandidater 2018"},"content":{"rendered":"<p><strong>V\u00e5ra kandidater i kommunvalet<\/strong><br \/>\nKristdemokraternas kandidater i kommunvalet 9 september 2018<\/p>\n<p>1. Tommy Engback, Svetsare, Mj\u00f6lby<br \/>\n2. Birger Hagstr\u00f6m, Teknikinformat\u00f6r, Mantorp<br \/>\n3. Isac Gustafsson, Hotellv\u00e4rd, Mantorp<br \/>\n4. Torgil Slatte, F.d milj\u00f6chef, V\u00e4stra Harg<br \/>\n5. Maria Petersson, Gymnasiel\u00e4rare, Mantorp<br \/>\n6. Bengt Olof Idmyr, Tandl\u00e4kare, Mj\u00f6lby<br \/>\n7. Therese Gustafsson, Badv\u00e4rd, Mj\u00f6lby<br \/>\n8. Henri Riccono, F\u00f6r\u00e4ttningsassistent, Mantorp<br \/>\n9. Timo Kjellberg, Produktionschef, Mantorp<br \/>\n10. Ann Albrektsson, Sjuksk\u00f6terska, Mj\u00f6lby<br \/>\n11. Joakim Gustafsson, Industriarbetare, Mj\u00f6lby<br \/>\n12. Mari Engback, Personlig assistent, Mj\u00f6lby<br \/>\n13. Andreas Grans\u00f6, Butiksanst\u00e4lld, Mj\u00f6lby<\/p>\n","protected":false},"excerpt":{"rendered":"<p>V\u00e5ra kandidater i kommunvalet Kristdemokraternas kandidater i kommunvalet 9 september 2018 1. Tommy Engback, Svetsare, Mj\u00f6lby 2. Birger Hagstr\u00f6m, Teknikinformat\u00f6r, Mantorp 3. Isac Gustafsson, Hotellv\u00e4rd, Mantorp 4. Torgil Slatte, F.d milj\u00f6chef, V\u00e4stra Harg 5. Maria Petersson, Gymnasiel\u00e4rare, Mantorp 6. Bengt Olof Idmyr, Tandl\u00e4kare, Mj\u00f6lby 7. Therese Gustafsson, Badv\u00e4rd, Mj\u00f6lby 8. Henri Riccono, F\u00f6r\u00e4ttningsassistent, Mantorp 9. <a class=\"read-more-link\" href=\"https:\/\/wp.kristdemokraterna.se\/mjolby\/valet\/kommunkandidater-2018\/\">Read More<\/a><\/p>\n","protected":false},"author":433,"featured_media":0,"parent":1510,"menu_order":0,"comment_status":"closed","ping_status":"closed","template":"","meta":{"_acf_changed":false,"footnotes":""},"class_list":["post-1514","page","type-page","status-publish","hentry"],"acf":[],"yoast_head":"<!-- This site is optimized with the Yoast SEO plugin v27.4 - https:\/\/yoast.com\/product\/yoast-seo-wordpress\/ -->\n<title>Kommunkandidater 2018 - Mj\u00f6lby<\/title>\n<meta name=\"robots\" content=\"index, follow, max-snippet:-1, max-image-preview:large, max-video-preview:-1\" \/>\n<link rel=\"canonical\" href=\"https:\/\/wp.kristdemokraterna.se\/mjolby\/valet\/kommunkandidater-2018\/\" \/>\n<meta property=\"og:locale\" content=\"sv_SE\" \/>\n<meta property=\"og:type\" content=\"article\" \/>\n<meta property=\"og:title\" content=\"Kommunkandidater 2018 - Mj\u00f6lby\" \/>\n<meta property=\"og:description\" content=\"V\u00e5ra kandidater i kommunvalet Kristdemokraternas kandidater i kommunvalet 9 september 2018 1. Tommy Engback, Svetsare, Mj\u00f6lby 2. Birger Hagstr\u00f6m, Teknikinformat\u00f6r, Mantorp 3. Isac Gustafsson, Hotellv\u00e4rd, Mantorp 4. Torgil Slatte, F.d milj\u00f6chef, V\u00e4stra Harg 5. Maria Petersson, Gymnasiel\u00e4rare, Mantorp 6. Bengt Olof Idmyr, Tandl\u00e4kare, Mj\u00f6lby 7. Therese Gustafsson, Badv\u00e4rd, Mj\u00f6lby 8. Henri Riccono, F\u00f6r\u00e4ttningsassistent, Mantorp 9. Read More\" \/>\n<meta property=\"og:url\" content=\"https:\/\/wp.kristdemokraterna.se\/mjolby\/valet\/kommunkandidater-2018\/\" \/>\n<meta property=\"og:site_name\" content=\"Mj\u00f6lby\" \/>\n<meta name=\"twitter:card\" content=\"summary_large_image\" \/>\n<script type=\"application\/ld+json\" class=\"yoast-schema-graph\">{\"@context\":\"https:\\\/\\\/schema.org\",\"@graph\":[{\"@type\":\"WebPage\",\"@id\":\"https:\\\/\\\/wp.kristdemokraterna.se\\\/mjolby\\\/valet\\\/kommunkandidater-2018\\\/\",\"url\":\"https:\\\/\\\/wp.kristdemokraterna.se\\\/mjolby\\\/valet\\\/kommunkandidater-2018\\\/\",\"name\":\"Kommunkandidater 2018 - Mj\u00f6lby\",\"isPartOf\":{\"@id\":\"https:\\\/\\\/wp.kristdemokraterna.se\\\/mjolby\\\/#website\"},\"datePublished\":\"2018-07-19T13:23:30+00:00\",\"breadcrumb\":{\"@id\":\"https:\\\/\\\/wp.kristdemokraterna.se\\\/mjolby\\\/valet\\\/kommunkandidater-2018\\\/#breadcrumb\"},\"inLanguage\":\"sv-SE\",\"potentialAction\":[{\"@type\":\"ReadAction\",\"target\":[\"https:\\\/\\\/wp.kristdemokraterna.se\\\/mjolby\\\/valet\\\/kommunkandidater-2018\\\/\"]}]},{\"@type\":\"BreadcrumbList\",\"@id\":\"https:\\\/\\\/wp.kristdemokraterna.se\\\/mjolby\\\/valet\\\/kommunkandidater-2018\\\/#breadcrumb\",\"itemListElement\":[{\"@type\":\"ListItem\",\"position\":1,\"name\":\"Hem\",\"item\":\"https:\\\/\\\/wp.kristdemokraterna.se\\\/mjolby\\\/\"},{\"@type\":\"ListItem\",\"position\":2,\"name\":\"Valet 9 sept 2018\",\"item\":\"https:\\\/\\\/wp.kristdemokraterna.se\\\/mjolby\\\/valet\\\/\"},{\"@type\":\"ListItem\",\"position\":3,\"name\":\"Kommunkandidater 2018\"}]},{\"@type\":\"WebSite\",\"@id\":\"https:\\\/\\\/wp.kristdemokraterna.se\\\/mjolby\\\/#website\",\"url\":\"https:\\\/\\\/wp.kristdemokraterna.se\\\/mjolby\\\/\",\"name\":\"Mj\u00f6lby\",\"description\":\"Kristdemokraterna\",\"inLanguage\":\"sv-SE\"}]}<\/script>\n<!-- \/ Yoast SEO plugin. -->","yoast_head_json":{"title":"Kommunkandidater 2018 - Mj\u00f6lby","robots":{"index":"index","follow":"follow","max-snippet":"max-snippet:-1","max-image-preview":"max-image-preview:large","max-video-preview":"max-video-preview:-1"},"canonical":"https:\/\/wp.kristdemokraterna.se\/mjolby\/valet\/kommunkandidater-2018\/","og_locale":"sv_SE","og_type":"article","og_title":"Kommunkandidater 2018 - Mj\u00f6lby","og_description":"V\u00e5ra kandidater i kommunvalet Kristdemokraternas kandidater i kommunvalet 9 september 2018 1. Tommy Engback, Svetsare, Mj\u00f6lby 2. Birger Hagstr\u00f6m, Teknikinformat\u00f6r, Mantorp 3. Isac Gustafsson, Hotellv\u00e4rd, Mantorp 4. Torgil Slatte, F.d milj\u00f6chef, V\u00e4stra Harg 5. Maria Petersson, Gymnasiel\u00e4rare, Mantorp 6. Bengt Olof Idmyr, Tandl\u00e4kare, Mj\u00f6lby 7. Therese Gustafsson, Badv\u00e4rd, Mj\u00f6lby 8. Henri Riccono, F\u00f6r\u00e4ttningsassistent, Mantorp 9. Read More","og_url":"https:\/\/wp.kristdemokraterna.se\/mjolby\/valet\/kommunkandidater-2018\/","og_site_name":"Mj\u00f6lby","twitter_card":"summary_large_image","schema":{"@context":"https:\/\/schema.org","@graph":[{"@type":"WebPage","@id":"https:\/\/wp.kristdemokraterna.se\/mjolby\/valet\/kommunkandidater-2018\/","url":"https:\/\/wp.kristdemokraterna.se\/mjolby\/valet\/kommunkandidater-2018\/","name":"Kommunkandidater 2018 - Mj\u00f6lby","isPartOf":{"@id":"https:\/\/wp.kristdemokraterna.se\/mjolby\/#website"},"datePublished":"2018-07-19T13:23:30+00:00","breadcrumb":{"@id":"https:\/\/wp.kristdemokraterna.se\/mjolby\/valet\/kommunkandidater-2018\/#breadcrumb"},"inLanguage":"sv-SE","potentialAction":[{"@type":"ReadAction","target":["https:\/\/wp.kristdemokraterna.se\/mjolby\/valet\/kommunkandidater-2018\/"]}]},{"@type":"BreadcrumbList","@id":"https:\/\/wp.kristdemokraterna.se\/mjolby\/valet\/kommunkandidater-2018\/#breadcrumb","itemListElement":[{"@type":"ListItem","position":1,"name":"Hem","item":"https:\/\/wp.kristdemokraterna.se\/mjolby\/"},{"@type":"ListItem","position":2,"name":"Valet 9 sept 2018","item":"https:\/\/wp.kristdemokraterna.se\/mjolby\/valet\/"},{"@type":"ListItem","position":3,"name":"Kommunkandidater 2018"}]},{"@type":"WebSite","@id":"https:\/\/wp.kristdemokraterna.se\/mjolby\/#website","url":"https:\/\/wp.kristdemokraterna.se\/mjolby\/","name":"Mj\u00f6lby","description":"Kristdemokraterna","inLanguage":"sv-SE"}]}},"_links":{"self":[{"href":"https:\/\/wp.kristdemokraterna.se\/mjolby\/wp-json\/wp\/v2\/pages\/1514","targetHints":{"allow":["GET"]}}],"collection":[{"href":"https:\/\/wp.kristdemokraterna.se\/mjolby\/wp-json\/wp\/v2\/pages"}],"about":[{"href":"https:\/\/wp.kristdemokraterna.se\/mjolby\/wp-json\/wp\/v2\/types\/page"}],"author":[{"embeddable":true,"href":"https:\/\/wp.kristdemokraterna.se\/mjolby\/wp-json\/wp\/v2\/users\/433"}],"replies":[{"embeddable":true,"href":"https:\/\/wp.kristdemokraterna.se\/mjolby\/wp-json\/wp\/v2\/comments?post=1514"}],"version-history":[{"count":1,"href":"https:\/\/wp.kristdemokraterna.se\/mjolby\/wp-json\/wp\/v2\/pages\/1514\/revisions"}],"predecessor-version":[{"id":1515,"href":"https:\/\/wp.kristdemokraterna.se\/mjolby\/wp-json\/wp\/v2\/pages\/1514\/revisions\/1515"}],"up":[{"embeddable":true,"href":"https:\/\/wp.kristdemokraterna.se\/mjolby\/wp-json\/wp\/v2\/pages\/1510"}],"wp:attachment":[{"href":"https:\/\/wp.kristdemokraterna.se\/mjolby\/wp-json\/wp\/v2\/media?parent=1514"}],"curies":[{"name":"wp","href":"https:\/\/api.w.org\/{rel}","templated":true}]}}