{"id":1570,"date":"2017-02-28T19:17:45","date_gmt":"2017-02-28T18:17:45","guid":{"rendered":"http:\/\/wp.kristdemokraterna.se\/mjolby\/?page_id=1570"},"modified":"2018-07-23T19:18:32","modified_gmt":"2018-07-23T17:18:32","slug":"styrelsen-2017-2018","status":"publish","type":"page","link":"https:\/\/wp.kristdemokraterna.se\/mjolby\/kontakta-oss\/styrelsen-2017-2018\/","title":{"rendered":"Styrelsen 2017-2018"},"content":{"rendered":"<p><em>Valdes in p\u00e5 lokalavdelningens \u00e5rsm\u00f6te f\u00f6r perioden 2017\/2018.<\/em><\/p>\n<p><strong>Ordf\u00f6rande<\/strong><br \/>\nBirger Hagstr\u00f6m (&gt;&gt;)<br \/>\nTel: 0142-213 32 (hem), 0736-732 285 (mobil)<br \/>\nbirger.hagstrom@kristdemokraterna.se<\/p>\n<p>Vice ordf\u00f6rande<\/p>\n<p>Kass\u00f6r<\/p>\n<p>Ledam\u00f6ter<\/p>\n","protected":false},"excerpt":{"rendered":"<p>Valdes in p\u00e5 lokalavdelningens \u00e5rsm\u00f6te f\u00f6r perioden 2017\/2018. Ordf\u00f6rande Birger Hagstr\u00f6m (&gt;&gt;) Tel: 0142-213 32 (hem), 0736-732 285 (mobil) birger.hagstrom@kristdemokraterna.se Vice ordf\u00f6rande Kass\u00f6r Ledam\u00f6ter<\/p>\n","protected":false},"author":433,"featured_media":0,"parent":8,"menu_order":0,"comment_status":"closed","ping_status":"closed","template":"","meta":{"_acf_changed":false,"footnotes":""},"class_list":["post-1570","page","type-page","status-publish","hentry"],"acf":[],"yoast_head":"<!-- This site is optimized with the Yoast SEO plugin v27.4 - https:\/\/yoast.com\/product\/yoast-seo-wordpress\/ -->\n<title>Styrelsen 2017-2018 - Mj\u00f6lby<\/title>\n<meta name=\"robots\" content=\"index, follow, max-snippet:-1, max-image-preview:large, max-video-preview:-1\" \/>\n<link rel=\"canonical\" href=\"https:\/\/wp.kristdemokraterna.se\/mjolby\/kontakta-oss\/styrelsen-2017-2018\/\" \/>\n<meta property=\"og:locale\" content=\"sv_SE\" \/>\n<meta property=\"og:type\" content=\"article\" \/>\n<meta property=\"og:title\" content=\"Styrelsen 2017-2018 - Mj\u00f6lby\" \/>\n<meta property=\"og:description\" content=\"Valdes in p\u00e5 lokalavdelningens \u00e5rsm\u00f6te f\u00f6r perioden 2017\/2018. Ordf\u00f6rande Birger Hagstr\u00f6m (&gt;&gt;) Tel: 0142-213 32 (hem), 0736-732 285 (mobil) birger.hagstrom@kristdemokraterna.se Vice ordf\u00f6rande Kass\u00f6r Ledam\u00f6ter\" \/>\n<meta property=\"og:url\" content=\"https:\/\/wp.kristdemokraterna.se\/mjolby\/kontakta-oss\/styrelsen-2017-2018\/\" \/>\n<meta property=\"og:site_name\" content=\"Mj\u00f6lby\" \/>\n<meta property=\"article:modified_time\" content=\"2018-07-23T17:18:32+00:00\" \/>\n<meta name=\"twitter:card\" content=\"summary_large_image\" \/>\n<script type=\"application\/ld+json\" class=\"yoast-schema-graph\">{\"@context\":\"https:\\\/\\\/schema.org\",\"@graph\":[{\"@type\":\"WebPage\",\"@id\":\"https:\\\/\\\/wp.kristdemokraterna.se\\\/mjolby\\\/kontakta-oss\\\/styrelsen-2017-2018\\\/\",\"url\":\"https:\\\/\\\/wp.kristdemokraterna.se\\\/mjolby\\\/kontakta-oss\\\/styrelsen-2017-2018\\\/\",\"name\":\"Styrelsen 2017-2018 - Mj\u00f6lby\",\"isPartOf\":{\"@id\":\"https:\\\/\\\/wp.kristdemokraterna.se\\\/mjolby\\\/#website\"},\"datePublished\":\"2017-02-28T18:17:45+00:00\",\"dateModified\":\"2018-07-23T17:18:32+00:00\",\"breadcrumb\":{\"@id\":\"https:\\\/\\\/wp.kristdemokraterna.se\\\/mjolby\\\/kontakta-oss\\\/styrelsen-2017-2018\\\/#breadcrumb\"},\"inLanguage\":\"sv-SE\",\"potentialAction\":[{\"@type\":\"ReadAction\",\"target\":[\"https:\\\/\\\/wp.kristdemokraterna.se\\\/mjolby\\\/kontakta-oss\\\/styrelsen-2017-2018\\\/\"]}]},{\"@type\":\"BreadcrumbList\",\"@id\":\"https:\\\/\\\/wp.kristdemokraterna.se\\\/mjolby\\\/kontakta-oss\\\/styrelsen-2017-2018\\\/#breadcrumb\",\"itemListElement\":[{\"@type\":\"ListItem\",\"position\":1,\"name\":\"Hem\",\"item\":\"https:\\\/\\\/wp.kristdemokraterna.se\\\/mjolby\\\/\"},{\"@type\":\"ListItem\",\"position\":2,\"name\":\"Privat: Kontakta oss (2)\",\"item\":\"https:\\\/\\\/wp.kristdemokraterna.se\\\/mjolby\\\/?page_id=8\"},{\"@type\":\"ListItem\",\"position\":3,\"name\":\"Styrelsen 2017-2018\"}]},{\"@type\":\"WebSite\",\"@id\":\"https:\\\/\\\/wp.kristdemokraterna.se\\\/mjolby\\\/#website\",\"url\":\"https:\\\/\\\/wp.kristdemokraterna.se\\\/mjolby\\\/\",\"name\":\"Mj\u00f6lby\",\"description\":\"Kristdemokraterna\",\"inLanguage\":\"sv-SE\"}]}<\/script>\n<!-- \/ Yoast SEO plugin. -->","yoast_head_json":{"title":"Styrelsen 2017-2018 - Mj\u00f6lby","robots":{"index":"index","follow":"follow","max-snippet":"max-snippet:-1","max-image-preview":"max-image-preview:large","max-video-preview":"max-video-preview:-1"},"canonical":"https:\/\/wp.kristdemokraterna.se\/mjolby\/kontakta-oss\/styrelsen-2017-2018\/","og_locale":"sv_SE","og_type":"article","og_title":"Styrelsen 2017-2018 - Mj\u00f6lby","og_description":"Valdes in p\u00e5 lokalavdelningens \u00e5rsm\u00f6te f\u00f6r perioden 2017\/2018. Ordf\u00f6rande Birger Hagstr\u00f6m (&gt;&gt;) Tel: 0142-213 32 (hem), 0736-732 285 (mobil) birger.hagstrom@kristdemokraterna.se Vice ordf\u00f6rande Kass\u00f6r Ledam\u00f6ter","og_url":"https:\/\/wp.kristdemokraterna.se\/mjolby\/kontakta-oss\/styrelsen-2017-2018\/","og_site_name":"Mj\u00f6lby","article_modified_time":"2018-07-23T17:18:32+00:00","twitter_card":"summary_large_image","schema":{"@context":"https:\/\/schema.org","@graph":[{"@type":"WebPage","@id":"https:\/\/wp.kristdemokraterna.se\/mjolby\/kontakta-oss\/styrelsen-2017-2018\/","url":"https:\/\/wp.kristdemokraterna.se\/mjolby\/kontakta-oss\/styrelsen-2017-2018\/","name":"Styrelsen 2017-2018 - Mj\u00f6lby","isPartOf":{"@id":"https:\/\/wp.kristdemokraterna.se\/mjolby\/#website"},"datePublished":"2017-02-28T18:17:45+00:00","dateModified":"2018-07-23T17:18:32+00:00","breadcrumb":{"@id":"https:\/\/wp.kristdemokraterna.se\/mjolby\/kontakta-oss\/styrelsen-2017-2018\/#breadcrumb"},"inLanguage":"sv-SE","potentialAction":[{"@type":"ReadAction","target":["https:\/\/wp.kristdemokraterna.se\/mjolby\/kontakta-oss\/styrelsen-2017-2018\/"]}]},{"@type":"BreadcrumbList","@id":"https:\/\/wp.kristdemokraterna.se\/mjolby\/kontakta-oss\/styrelsen-2017-2018\/#breadcrumb","itemListElement":[{"@type":"ListItem","position":1,"name":"Hem","item":"https:\/\/wp.kristdemokraterna.se\/mjolby\/"},{"@type":"ListItem","position":2,"name":"Privat: Kontakta oss (2)","item":"https:\/\/wp.kristdemokraterna.se\/mjolby\/?page_id=8"},{"@type":"ListItem","position":3,"name":"Styrelsen 2017-2018"}]},{"@type":"WebSite","@id":"https:\/\/wp.kristdemokraterna.se\/mjolby\/#website","url":"https:\/\/wp.kristdemokraterna.se\/mjolby\/","name":"Mj\u00f6lby","description":"Kristdemokraterna","inLanguage":"sv-SE"}]}},"_links":{"self":[{"href":"https:\/\/wp.kristdemokraterna.se\/mjolby\/wp-json\/wp\/v2\/pages\/1570","targetHints":{"allow":["GET"]}}],"collection":[{"href":"https:\/\/wp.kristdemokraterna.se\/mjolby\/wp-json\/wp\/v2\/pages"}],"about":[{"href":"https:\/\/wp.kristdemokraterna.se\/mjolby\/wp-json\/wp\/v2\/types\/page"}],"author":[{"embeddable":true,"href":"https:\/\/wp.kristdemokraterna.se\/mjolby\/wp-json\/wp\/v2\/users\/433"}],"replies":[{"embeddable":true,"href":"https:\/\/wp.kristdemokraterna.se\/mjolby\/wp-json\/wp\/v2\/comments?post=1570"}],"version-history":[{"count":1,"href":"https:\/\/wp.kristdemokraterna.se\/mjolby\/wp-json\/wp\/v2\/pages\/1570\/revisions"}],"predecessor-version":[{"id":1571,"href":"https:\/\/wp.kristdemokraterna.se\/mjolby\/wp-json\/wp\/v2\/pages\/1570\/revisions\/1571"}],"up":[{"embeddable":true,"href":"https:\/\/wp.kristdemokraterna.se\/mjolby\/wp-json\/wp\/v2\/pages\/8"}],"wp:attachment":[{"href":"https:\/\/wp.kristdemokraterna.se\/mjolby\/wp-json\/wp\/v2\/media?parent=1570"}],"curies":[{"name":"wp","href":"https:\/\/api.w.org\/{rel}","templated":true}]}}