{"id":1596,"date":"2018-10-16T23:00:03","date_gmt":"2018-10-16T21:00:03","guid":{"rendered":"http:\/\/wp.kristdemokraterna.se\/mjolby\/?page_id=1596"},"modified":"2020-10-09T17:13:08","modified_gmt":"2020-10-09T15:13:08","slug":"fortroendevalda-2018-2022","status":"publish","type":"page","link":"https:\/\/wp.kristdemokraterna.se\/mjolby\/om-oss\/fortroendevalda-2018-2022\/","title":{"rendered":"F\u00f6rtroendevalda 2018-2022"},"content":{"rendered":"<p style=\"text-align: right\"><em>Mj\u00f6lby kommun 2018-2022<\/em><\/p>\n<p style=\"text-align: left\">I valet till kommunfullm\u00e4ktige i Mj\u00f6lby 2018 fick Kristdemokraterna 5,08 % av r\u00f6sterna. Det gav oss f\u00f6ljande representation i n\u00e4mnder och styrelser i Mj\u00f6lby kommun f\u00f6r mandatperioden 2018-2022.<\/p>\n<p><strong>Kommunfullm\u00e4ktige<\/strong>\u00a0(<span style=\"color: #ff0000\">t.o.m 15 okt 2022<\/span>)<br \/>\nBirger Hagstr\u00f6m, gruppledare, ledamot<br \/>\nTommy Engback, ledamot<br \/>\nIsac Gustafsson,\u00a01:e ers\u00e4ttare<br \/>\nTorgil Slatte,\u00a02:e ers\u00e4ttare<\/p>\n<p><strong>Valberedning<\/strong>\u00a0(<span style=\"color: #ff0000\">t.o.m 15 okt 2022<\/span>)<br \/>\nBirger Hagstr\u00f6m, ledamot<br \/>\nBengt-Olof Idmyr, ers\u00e4ttare<\/p>\n<p><strong>Kommunstyrelsen<\/strong><br \/>\nBirger Hagstr\u00f6m, ledamot<br \/>\nTorgil Slatte, ers\u00e4ttare<\/p>\n<p><strong>Trygghets- och s\u00e4kerhetsutskottet<\/strong> (2019 &#8211; 2022)<br \/>\nTorgil Slatte, ers\u00e4ttare (fr.o.m 2019-01-30)<\/p>\n<p><strong>Byggnads- och r\u00e4ddningsn\u00e4mnden<\/strong><br \/>\nTorgil Slatte,\u00a0ledamot<\/p>\n<p><strong>Utbildningsn\u00e4mnden<\/strong><br \/>\nTherese Gustafsson, ledamot<\/p>\n<p><strong>Omsorgs- och socialn\u00e4mnden<\/strong><br \/>\nGunvor Grans\u00f6, ledamot<\/p>\n<p><strong>Milj\u00f6n\u00e4mnden<\/strong>\u00a0(Mj\u00f6lby-Boxholm)<br \/>\nIsac Gustafsson, ers\u00e4ttare<\/p>\n<p><strong>Tekniska n\u00e4mnden<\/strong><br \/>\nMagnus Sj\u00f6berg, 1:e vice ordf\u00f6rande, ledamot (fr.o.m 2020-09-30)<br \/>\n<em><span style=\"color: #999999\">Christina Landoff, 1:e vice ordf\u00f6rande, ledamot (2019-01-01\u20132020-07-31*)<\/span><\/em><\/p>\n<p><strong>Strategisk lokal- och planberedning<\/strong><br \/>\nBirger Hagstr\u00f6m, ledamot (fr.o.m 2019-02-27)<br \/>\nMagnus Sj\u00f6berg, ledamot (fr.o.m 2020-09-30)<br \/>\n<em><span style=\"color: #999999\">Christina Landoff, ledamot (2019-02-27&#8211;2020-07-31)<\/span><br \/>\n<\/em><\/p>\n<p><strong>Valn\u00e4mnden<\/strong><br \/>\nBengt-Olof Idmyr, ledamot<\/p>\n<p><strong>Styrelsen f\u00f6r Fastighets AB Mj\u00f6lby Industribyggnader<\/strong> \u201dFAMI\u201d (bolagsst\u00e4mman 2019-2022)<br \/>\nBirger Hagstr\u00f6m, ledamot (fr.o.m 2019-03-19)<\/p>\n<p><span style=\"color: #999999\"><em>*) KF beslut 2020-06-09<\/em><\/span><\/p>\n<hr \/>\n<p style=\"text-align: right\"><em>Region \u00d6sterg\u00f6tland 2018-2022<\/em><br \/>\n<em>Valkrets 4 \u00d6desh\u00f6g-Ydre-Boxholm-Mj\u00f6lby-Vadstena<\/em><\/p>\n<p><strong>Regionfullm\u00e4ktige<\/strong>\u00a0(<span style=\"color: #ff0000\">tom 15 okt 2022<\/span>)<br \/>\nTorgil Slatte, 1:e ers\u00e4ttare<\/p>\n<p><strong>Trafik- och samh\u00e4llsplaneringsn\u00e4mnden<\/strong><br \/>\nTorgil Slatte, ledamot<br \/>\nChristina Landoff, ers\u00e4ttare (<em>fr.o.m 2 okt 2019<\/em>)<\/p>\n<p><strong>Regionens pension\u00e4rsr\u00e5d<\/strong><br \/>\nChristina Landoff, ledamot (<em>fr.o.m 2 okt 2019<\/em>)<\/p>\n","protected":false},"excerpt":{"rendered":"<p>Mj\u00f6lby kommun 2018-2022 I valet till kommunfullm\u00e4ktige i Mj\u00f6lby 2018 fick Kristdemokraterna 5,08 % av r\u00f6sterna. Det gav oss f\u00f6ljande representation i n\u00e4mnder och styrelser i Mj\u00f6lby kommun f\u00f6r mandatperioden 2018-2022. Kommunfullm\u00e4ktige\u00a0(t.o.m 15 okt 2022) Birger Hagstr\u00f6m, gruppledare, ledamot Tommy Engback, ledamot Isac Gustafsson,\u00a01:e ers\u00e4ttare Torgil Slatte,\u00a02:e ers\u00e4ttare Valberedning\u00a0(t.o.m 15 okt 2022) Birger Hagstr\u00f6m, ledamot <a class=\"read-more-link\" href=\"https:\/\/wp.kristdemokraterna.se\/mjolby\/om-oss\/fortroendevalda-2018-2022\/\">Read More<\/a><\/p>\n","protected":false},"author":433,"featured_media":0,"parent":1485,"menu_order":3,"comment_status":"closed","ping_status":"closed","template":"","meta":{"_acf_changed":false,"footnotes":""},"class_list":["post-1596","page","type-page","status-publish","hentry"],"acf":[],"yoast_head":"<!-- This site is optimized with the Yoast SEO plugin v27.3 - https:\/\/yoast.com\/product\/yoast-seo-wordpress\/ -->\n<title>F\u00f6rtroendevalda 2018-2022 - Mj\u00f6lby<\/title>\n<meta name=\"robots\" content=\"index, follow, max-snippet:-1, max-image-preview:large, max-video-preview:-1\" \/>\n<link rel=\"canonical\" href=\"https:\/\/wp.kristdemokraterna.se\/mjolby\/om-oss\/fortroendevalda-2018-2022\/\" \/>\n<meta property=\"og:locale\" content=\"sv_SE\" \/>\n<meta property=\"og:type\" content=\"article\" \/>\n<meta property=\"og:title\" content=\"F\u00f6rtroendevalda 2018-2022 - Mj\u00f6lby\" \/>\n<meta property=\"og:description\" content=\"Mj\u00f6lby kommun 2018-2022 I valet till kommunfullm\u00e4ktige i Mj\u00f6lby 2018 fick Kristdemokraterna 5,08 % av r\u00f6sterna. Det gav oss f\u00f6ljande representation i n\u00e4mnder och styrelser i Mj\u00f6lby kommun f\u00f6r mandatperioden 2018-2022. Kommunfullm\u00e4ktige\u00a0(t.o.m 15 okt 2022) Birger Hagstr\u00f6m, gruppledare, ledamot Tommy Engback, ledamot Isac Gustafsson,\u00a01:e ers\u00e4ttare Torgil Slatte,\u00a02:e ers\u00e4ttare Valberedning\u00a0(t.o.m 15 okt 2022) Birger Hagstr\u00f6m, ledamot Read More\" \/>\n<meta property=\"og:url\" content=\"https:\/\/wp.kristdemokraterna.se\/mjolby\/om-oss\/fortroendevalda-2018-2022\/\" \/>\n<meta property=\"og:site_name\" content=\"Mj\u00f6lby\" \/>\n<meta property=\"article:modified_time\" content=\"2020-10-09T15:13:08+00:00\" \/>\n<meta name=\"twitter:card\" content=\"summary_large_image\" \/>\n<meta name=\"twitter:label1\" content=\"Ber\u00e4knad l\u00e4stid\" \/>\n\t<meta name=\"twitter:data1\" content=\"1 minut\" \/>\n<script type=\"application\/ld+json\" class=\"yoast-schema-graph\">{\"@context\":\"https:\\\/\\\/schema.org\",\"@graph\":[{\"@type\":\"WebPage\",\"@id\":\"https:\\\/\\\/wp.kristdemokraterna.se\\\/mjolby\\\/om-oss\\\/fortroendevalda-2018-2022\\\/\",\"url\":\"https:\\\/\\\/wp.kristdemokraterna.se\\\/mjolby\\\/om-oss\\\/fortroendevalda-2018-2022\\\/\",\"name\":\"F\u00f6rtroendevalda 2018-2022 - Mj\u00f6lby\",\"isPartOf\":{\"@id\":\"https:\\\/\\\/wp.kristdemokraterna.se\\\/mjolby\\\/#website\"},\"datePublished\":\"2018-10-16T21:00:03+00:00\",\"dateModified\":\"2020-10-09T15:13:08+00:00\",\"breadcrumb\":{\"@id\":\"https:\\\/\\\/wp.kristdemokraterna.se\\\/mjolby\\\/om-oss\\\/fortroendevalda-2018-2022\\\/#breadcrumb\"},\"inLanguage\":\"sv-SE\",\"potentialAction\":[{\"@type\":\"ReadAction\",\"target\":[\"https:\\\/\\\/wp.kristdemokraterna.se\\\/mjolby\\\/om-oss\\\/fortroendevalda-2018-2022\\\/\"]}]},{\"@type\":\"BreadcrumbList\",\"@id\":\"https:\\\/\\\/wp.kristdemokraterna.se\\\/mjolby\\\/om-oss\\\/fortroendevalda-2018-2022\\\/#breadcrumb\",\"itemListElement\":[{\"@type\":\"ListItem\",\"position\":1,\"name\":\"Hem\",\"item\":\"https:\\\/\\\/wp.kristdemokraterna.se\\\/mjolby\\\/\"},{\"@type\":\"ListItem\",\"position\":2,\"name\":\"V\u00e5r Partiavdelning\",\"item\":\"https:\\\/\\\/wp.kristdemokraterna.se\\\/mjolby\\\/om-oss\\\/\"},{\"@type\":\"ListItem\",\"position\":3,\"name\":\"F\u00f6rtroendevalda 2018-2022\"}]},{\"@type\":\"WebSite\",\"@id\":\"https:\\\/\\\/wp.kristdemokraterna.se\\\/mjolby\\\/#website\",\"url\":\"https:\\\/\\\/wp.kristdemokraterna.se\\\/mjolby\\\/\",\"name\":\"Mj\u00f6lby\",\"description\":\"Kristdemokraterna\",\"inLanguage\":\"sv-SE\"}]}<\/script>\n<!-- \/ Yoast SEO plugin. -->","yoast_head_json":{"title":"F\u00f6rtroendevalda 2018-2022 - Mj\u00f6lby","robots":{"index":"index","follow":"follow","max-snippet":"max-snippet:-1","max-image-preview":"max-image-preview:large","max-video-preview":"max-video-preview:-1"},"canonical":"https:\/\/wp.kristdemokraterna.se\/mjolby\/om-oss\/fortroendevalda-2018-2022\/","og_locale":"sv_SE","og_type":"article","og_title":"F\u00f6rtroendevalda 2018-2022 - Mj\u00f6lby","og_description":"Mj\u00f6lby kommun 2018-2022 I valet till kommunfullm\u00e4ktige i Mj\u00f6lby 2018 fick Kristdemokraterna 5,08 % av r\u00f6sterna. Det gav oss f\u00f6ljande representation i n\u00e4mnder och styrelser i Mj\u00f6lby kommun f\u00f6r mandatperioden 2018-2022. Kommunfullm\u00e4ktige\u00a0(t.o.m 15 okt 2022) Birger Hagstr\u00f6m, gruppledare, ledamot Tommy Engback, ledamot Isac Gustafsson,\u00a01:e ers\u00e4ttare Torgil Slatte,\u00a02:e ers\u00e4ttare Valberedning\u00a0(t.o.m 15 okt 2022) Birger Hagstr\u00f6m, ledamot Read More","og_url":"https:\/\/wp.kristdemokraterna.se\/mjolby\/om-oss\/fortroendevalda-2018-2022\/","og_site_name":"Mj\u00f6lby","article_modified_time":"2020-10-09T15:13:08+00:00","twitter_card":"summary_large_image","twitter_misc":{"Ber\u00e4knad l\u00e4stid":"1 minut"},"schema":{"@context":"https:\/\/schema.org","@graph":[{"@type":"WebPage","@id":"https:\/\/wp.kristdemokraterna.se\/mjolby\/om-oss\/fortroendevalda-2018-2022\/","url":"https:\/\/wp.kristdemokraterna.se\/mjolby\/om-oss\/fortroendevalda-2018-2022\/","name":"F\u00f6rtroendevalda 2018-2022 - Mj\u00f6lby","isPartOf":{"@id":"https:\/\/wp.kristdemokraterna.se\/mjolby\/#website"},"datePublished":"2018-10-16T21:00:03+00:00","dateModified":"2020-10-09T15:13:08+00:00","breadcrumb":{"@id":"https:\/\/wp.kristdemokraterna.se\/mjolby\/om-oss\/fortroendevalda-2018-2022\/#breadcrumb"},"inLanguage":"sv-SE","potentialAction":[{"@type":"ReadAction","target":["https:\/\/wp.kristdemokraterna.se\/mjolby\/om-oss\/fortroendevalda-2018-2022\/"]}]},{"@type":"BreadcrumbList","@id":"https:\/\/wp.kristdemokraterna.se\/mjolby\/om-oss\/fortroendevalda-2018-2022\/#breadcrumb","itemListElement":[{"@type":"ListItem","position":1,"name":"Hem","item":"https:\/\/wp.kristdemokraterna.se\/mjolby\/"},{"@type":"ListItem","position":2,"name":"V\u00e5r Partiavdelning","item":"https:\/\/wp.kristdemokraterna.se\/mjolby\/om-oss\/"},{"@type":"ListItem","position":3,"name":"F\u00f6rtroendevalda 2018-2022"}]},{"@type":"WebSite","@id":"https:\/\/wp.kristdemokraterna.se\/mjolby\/#website","url":"https:\/\/wp.kristdemokraterna.se\/mjolby\/","name":"Mj\u00f6lby","description":"Kristdemokraterna","inLanguage":"sv-SE"}]}},"_links":{"self":[{"href":"https:\/\/wp.kristdemokraterna.se\/mjolby\/wp-json\/wp\/v2\/pages\/1596","targetHints":{"allow":["GET"]}}],"collection":[{"href":"https:\/\/wp.kristdemokraterna.se\/mjolby\/wp-json\/wp\/v2\/pages"}],"about":[{"href":"https:\/\/wp.kristdemokraterna.se\/mjolby\/wp-json\/wp\/v2\/types\/page"}],"author":[{"embeddable":true,"href":"https:\/\/wp.kristdemokraterna.se\/mjolby\/wp-json\/wp\/v2\/users\/433"}],"replies":[{"embeddable":true,"href":"https:\/\/wp.kristdemokraterna.se\/mjolby\/wp-json\/wp\/v2\/comments?post=1596"}],"version-history":[{"count":29,"href":"https:\/\/wp.kristdemokraterna.se\/mjolby\/wp-json\/wp\/v2\/pages\/1596\/revisions"}],"predecessor-version":[{"id":1781,"href":"https:\/\/wp.kristdemokraterna.se\/mjolby\/wp-json\/wp\/v2\/pages\/1596\/revisions\/1781"}],"up":[{"embeddable":true,"href":"https:\/\/wp.kristdemokraterna.se\/mjolby\/wp-json\/wp\/v2\/pages\/1485"}],"wp:attachment":[{"href":"https:\/\/wp.kristdemokraterna.se\/mjolby\/wp-json\/wp\/v2\/media?parent=1596"}],"curies":[{"name":"wp","href":"https:\/\/api.w.org\/{rel}","templated":true}]}}