{"id":1801,"date":"2021-02-15T13:33:56","date_gmt":"2021-02-15T12:33:56","guid":{"rendered":"http:\/\/wp.kristdemokraterna.se\/mjolby\/?page_id=1801"},"modified":"2021-02-27T13:55:48","modified_gmt":"2021-02-27T12:55:48","slug":"styrelsen","status":"publish","type":"page","link":"https:\/\/wp.kristdemokraterna.se\/mjolby\/om-oss\/kontaktaoss\/styrelsen\/","title":{"rendered":"Styrelsen"},"content":{"rendered":"<p><em>Valdes in p\u00e5 partiavdelningens \u00e5rsm\u00f6te den 2021-02-13 f\u00f6r perioden 2021\/2022.<\/em><\/p>\n<p><strong>Ordf\u00f6rande<\/strong><br \/>\nMagnus Sj\u00f6berg<\/p>\n<p><strong>Vice ordf\u00f6rande<\/strong><br \/>\nBengt Olof Idmyr<\/p>\n<p><strong>Sekreterare<\/strong><br \/>\nBengt Olof Idmyr<\/p>\n<p><strong>Kass\u00f6r<\/strong><br \/>\nBirger Hagstr\u00f6m<\/p>\n<p><strong>Ledam\u00f6ter<\/strong><br \/>\nMagnus Sj\u00f6berg (&gt;&gt;)<br \/>\nTel: 070-366 75 59 (mobil)<br \/>\nmagnus.sjoberg@kristdemokraterna.se<\/p>\n<p>Bengt Olof Idmyr (&gt;&gt;)<br \/>\nTel: 0705-515 469 (mobil)<br \/>\ntdlidmyr@telia.com<\/p>\n<p>Birger Hagstr\u00f6m (&gt;&gt;)<br \/>\nTel: 0736-732 285 (mobil)<br \/>\nbirgerhm@gmail.com<\/p>\n<p>Isac Gustafsson (&gt;&gt;)<br \/>\nTel: 0760-15 15 25 (mobil)<br \/>\nisac.gustafsson@kristdemokraterna.se<\/p>\n<p>Gunvor Grans\u00f6 (&gt;&gt;)<br \/>\nTel: 070-515 12 27 (mobil)<br \/>\ngunvor.granso@telia.com<\/p>\n<p>Ann Albreksson (&gt;&gt;)<br \/>\nTel: 073-350 34 51 (mobil)<\/p>\n","protected":false},"excerpt":{"rendered":"<p>Valdes in p\u00e5 partiavdelningens \u00e5rsm\u00f6te den 2021-02-13 f\u00f6r perioden 2021\/2022. Ordf\u00f6rande Magnus Sj\u00f6berg Vice ordf\u00f6rande Bengt Olof Idmyr Sekreterare Bengt Olof Idmyr Kass\u00f6r Birger Hagstr\u00f6m Ledam\u00f6ter Magnus Sj\u00f6berg (&gt;&gt;) Tel: 070-366 75 59 (mobil) magnus.sjoberg@kristdemokraterna.se Bengt Olof Idmyr (&gt;&gt;) Tel: 0705-515 469 (mobil) tdlidmyr@telia.com Birger Hagstr\u00f6m (&gt;&gt;) Tel: 0736-732 285 (mobil) birgerhm@gmail.com Isac Gustafsson (&gt;&gt;) <a class=\"read-more-link\" href=\"https:\/\/wp.kristdemokraterna.se\/mjolby\/om-oss\/kontaktaoss\/styrelsen\/\">Read More<\/a><\/p>\n","protected":false},"author":433,"featured_media":0,"parent":1501,"menu_order":0,"comment_status":"closed","ping_status":"closed","template":"","meta":{"_acf_changed":false,"footnotes":""},"class_list":["post-1801","page","type-page","status-publish","hentry"],"acf":[],"yoast_head":"<!-- This site is optimized with the Yoast SEO plugin v27.3 - https:\/\/yoast.com\/product\/yoast-seo-wordpress\/ -->\n<title>Styrelsen - Mj\u00f6lby<\/title>\n<meta name=\"robots\" content=\"index, follow, max-snippet:-1, max-image-preview:large, max-video-preview:-1\" \/>\n<link rel=\"canonical\" href=\"https:\/\/wp.kristdemokraterna.se\/mjolby\/om-oss\/kontaktaoss\/styrelsen\/\" \/>\n<meta property=\"og:locale\" content=\"sv_SE\" \/>\n<meta property=\"og:type\" content=\"article\" \/>\n<meta property=\"og:title\" content=\"Styrelsen - Mj\u00f6lby\" \/>\n<meta property=\"og:description\" content=\"Valdes in p\u00e5 partiavdelningens \u00e5rsm\u00f6te den 2021-02-13 f\u00f6r perioden 2021\/2022. Ordf\u00f6rande Magnus Sj\u00f6berg Vice ordf\u00f6rande Bengt Olof Idmyr Sekreterare Bengt Olof Idmyr Kass\u00f6r Birger Hagstr\u00f6m Ledam\u00f6ter Magnus Sj\u00f6berg (&gt;&gt;) Tel: 070-366 75 59 (mobil) magnus.sjoberg@kristdemokraterna.se Bengt Olof Idmyr (&gt;&gt;) Tel: 0705-515 469 (mobil) tdlidmyr@telia.com Birger Hagstr\u00f6m (&gt;&gt;) Tel: 0736-732 285 (mobil) birgerhm@gmail.com Isac Gustafsson (&gt;&gt;) Read More\" \/>\n<meta property=\"og:url\" content=\"https:\/\/wp.kristdemokraterna.se\/mjolby\/om-oss\/kontaktaoss\/styrelsen\/\" \/>\n<meta property=\"og:site_name\" content=\"Mj\u00f6lby\" \/>\n<meta property=\"article:modified_time\" content=\"2021-02-27T12:55:48+00:00\" \/>\n<meta name=\"twitter:card\" content=\"summary_large_image\" \/>\n<meta name=\"twitter:label1\" content=\"Ber\u00e4knad l\u00e4stid\" \/>\n\t<meta name=\"twitter:data1\" content=\"1 minut\" \/>\n<script type=\"application\/ld+json\" class=\"yoast-schema-graph\">{\"@context\":\"https:\\\/\\\/schema.org\",\"@graph\":[{\"@type\":\"WebPage\",\"@id\":\"https:\\\/\\\/wp.kristdemokraterna.se\\\/mjolby\\\/om-oss\\\/kontaktaoss\\\/styrelsen\\\/\",\"url\":\"https:\\\/\\\/wp.kristdemokraterna.se\\\/mjolby\\\/om-oss\\\/kontaktaoss\\\/styrelsen\\\/\",\"name\":\"Styrelsen - Mj\u00f6lby\",\"isPartOf\":{\"@id\":\"https:\\\/\\\/wp.kristdemokraterna.se\\\/mjolby\\\/#website\"},\"datePublished\":\"2021-02-15T12:33:56+00:00\",\"dateModified\":\"2021-02-27T12:55:48+00:00\",\"breadcrumb\":{\"@id\":\"https:\\\/\\\/wp.kristdemokraterna.se\\\/mjolby\\\/om-oss\\\/kontaktaoss\\\/styrelsen\\\/#breadcrumb\"},\"inLanguage\":\"sv-SE\",\"potentialAction\":[{\"@type\":\"ReadAction\",\"target\":[\"https:\\\/\\\/wp.kristdemokraterna.se\\\/mjolby\\\/om-oss\\\/kontaktaoss\\\/styrelsen\\\/\"]}]},{\"@type\":\"BreadcrumbList\",\"@id\":\"https:\\\/\\\/wp.kristdemokraterna.se\\\/mjolby\\\/om-oss\\\/kontaktaoss\\\/styrelsen\\\/#breadcrumb\",\"itemListElement\":[{\"@type\":\"ListItem\",\"position\":1,\"name\":\"Hem\",\"item\":\"https:\\\/\\\/wp.kristdemokraterna.se\\\/mjolby\\\/\"},{\"@type\":\"ListItem\",\"position\":2,\"name\":\"V\u00e5r Partiavdelning\",\"item\":\"https:\\\/\\\/wp.kristdemokraterna.se\\\/mjolby\\\/om-oss\\\/\"},{\"@type\":\"ListItem\",\"position\":3,\"name\":\"Kontakta oss\",\"item\":\"https:\\\/\\\/wp.kristdemokraterna.se\\\/mjolby\\\/om-oss\\\/kontaktaoss\\\/\"},{\"@type\":\"ListItem\",\"position\":4,\"name\":\"Styrelsen\"}]},{\"@type\":\"WebSite\",\"@id\":\"https:\\\/\\\/wp.kristdemokraterna.se\\\/mjolby\\\/#website\",\"url\":\"https:\\\/\\\/wp.kristdemokraterna.se\\\/mjolby\\\/\",\"name\":\"Mj\u00f6lby\",\"description\":\"Kristdemokraterna\",\"inLanguage\":\"sv-SE\"}]}<\/script>\n<!-- \/ Yoast SEO plugin. -->","yoast_head_json":{"title":"Styrelsen - Mj\u00f6lby","robots":{"index":"index","follow":"follow","max-snippet":"max-snippet:-1","max-image-preview":"max-image-preview:large","max-video-preview":"max-video-preview:-1"},"canonical":"https:\/\/wp.kristdemokraterna.se\/mjolby\/om-oss\/kontaktaoss\/styrelsen\/","og_locale":"sv_SE","og_type":"article","og_title":"Styrelsen - Mj\u00f6lby","og_description":"Valdes in p\u00e5 partiavdelningens \u00e5rsm\u00f6te den 2021-02-13 f\u00f6r perioden 2021\/2022. Ordf\u00f6rande Magnus Sj\u00f6berg Vice ordf\u00f6rande Bengt Olof Idmyr Sekreterare Bengt Olof Idmyr Kass\u00f6r Birger Hagstr\u00f6m Ledam\u00f6ter Magnus Sj\u00f6berg (&gt;&gt;) Tel: 070-366 75 59 (mobil) magnus.sjoberg@kristdemokraterna.se Bengt Olof Idmyr (&gt;&gt;) Tel: 0705-515 469 (mobil) tdlidmyr@telia.com Birger Hagstr\u00f6m (&gt;&gt;) Tel: 0736-732 285 (mobil) birgerhm@gmail.com Isac Gustafsson (&gt;&gt;) Read More","og_url":"https:\/\/wp.kristdemokraterna.se\/mjolby\/om-oss\/kontaktaoss\/styrelsen\/","og_site_name":"Mj\u00f6lby","article_modified_time":"2021-02-27T12:55:48+00:00","twitter_card":"summary_large_image","twitter_misc":{"Ber\u00e4knad l\u00e4stid":"1 minut"},"schema":{"@context":"https:\/\/schema.org","@graph":[{"@type":"WebPage","@id":"https:\/\/wp.kristdemokraterna.se\/mjolby\/om-oss\/kontaktaoss\/styrelsen\/","url":"https:\/\/wp.kristdemokraterna.se\/mjolby\/om-oss\/kontaktaoss\/styrelsen\/","name":"Styrelsen - Mj\u00f6lby","isPartOf":{"@id":"https:\/\/wp.kristdemokraterna.se\/mjolby\/#website"},"datePublished":"2021-02-15T12:33:56+00:00","dateModified":"2021-02-27T12:55:48+00:00","breadcrumb":{"@id":"https:\/\/wp.kristdemokraterna.se\/mjolby\/om-oss\/kontaktaoss\/styrelsen\/#breadcrumb"},"inLanguage":"sv-SE","potentialAction":[{"@type":"ReadAction","target":["https:\/\/wp.kristdemokraterna.se\/mjolby\/om-oss\/kontaktaoss\/styrelsen\/"]}]},{"@type":"BreadcrumbList","@id":"https:\/\/wp.kristdemokraterna.se\/mjolby\/om-oss\/kontaktaoss\/styrelsen\/#breadcrumb","itemListElement":[{"@type":"ListItem","position":1,"name":"Hem","item":"https:\/\/wp.kristdemokraterna.se\/mjolby\/"},{"@type":"ListItem","position":2,"name":"V\u00e5r Partiavdelning","item":"https:\/\/wp.kristdemokraterna.se\/mjolby\/om-oss\/"},{"@type":"ListItem","position":3,"name":"Kontakta oss","item":"https:\/\/wp.kristdemokraterna.se\/mjolby\/om-oss\/kontaktaoss\/"},{"@type":"ListItem","position":4,"name":"Styrelsen"}]},{"@type":"WebSite","@id":"https:\/\/wp.kristdemokraterna.se\/mjolby\/#website","url":"https:\/\/wp.kristdemokraterna.se\/mjolby\/","name":"Mj\u00f6lby","description":"Kristdemokraterna","inLanguage":"sv-SE"}]}},"_links":{"self":[{"href":"https:\/\/wp.kristdemokraterna.se\/mjolby\/wp-json\/wp\/v2\/pages\/1801","targetHints":{"allow":["GET"]}}],"collection":[{"href":"https:\/\/wp.kristdemokraterna.se\/mjolby\/wp-json\/wp\/v2\/pages"}],"about":[{"href":"https:\/\/wp.kristdemokraterna.se\/mjolby\/wp-json\/wp\/v2\/types\/page"}],"author":[{"embeddable":true,"href":"https:\/\/wp.kristdemokraterna.se\/mjolby\/wp-json\/wp\/v2\/users\/433"}],"replies":[{"embeddable":true,"href":"https:\/\/wp.kristdemokraterna.se\/mjolby\/wp-json\/wp\/v2\/comments?post=1801"}],"version-history":[{"count":7,"href":"https:\/\/wp.kristdemokraterna.se\/mjolby\/wp-json\/wp\/v2\/pages\/1801\/revisions"}],"predecessor-version":[{"id":1812,"href":"https:\/\/wp.kristdemokraterna.se\/mjolby\/wp-json\/wp\/v2\/pages\/1801\/revisions\/1812"}],"up":[{"embeddable":true,"href":"https:\/\/wp.kristdemokraterna.se\/mjolby\/wp-json\/wp\/v2\/pages\/1501"}],"wp:attachment":[{"href":"https:\/\/wp.kristdemokraterna.se\/mjolby\/wp-json\/wp\/v2\/media?parent=1801"}],"curies":[{"name":"wp","href":"https:\/\/api.w.org\/{rel}","templated":true}]}}