{"id":1841,"date":"2022-10-01T22:30:58","date_gmt":"2022-10-01T20:30:58","guid":{"rendered":"https:\/\/wp.kristdemokraterna.se\/mjolby\/?page_id=1841"},"modified":"2022-10-01T22:41:59","modified_gmt":"2022-10-01T20:41:59","slug":"fortroendevalda-2022-2026","status":"publish","type":"page","link":"https:\/\/wp.kristdemokraterna.se\/mjolby\/om-oss\/fortroendevalda-2022-2026\/","title":{"rendered":"F\u00f6rtroendevalda 2022-2026"},"content":{"rendered":"<p style=\"text-align: right\"><em>Mj\u00f6lby kommun 2022-2026<\/em><\/p>\n<p>I valet till kommunfullm\u00e4ktige i Mj\u00f6lby 2022 s\u00e5 fick Kristdemokraterna 5,87% av r\u00f6sterna. Det gav oss f\u00f6ljande representation i n\u00e4mnder och styrelser i Mj\u00f6lby kommun f\u00f6r mandatperioden 2022-2026.<\/p>\n<p><strong>Kommunfullm\u00e4ktige\u00a0<\/strong>(<span style=\"color: #ff0000\">tom xx okt 2026<\/span>)<br \/>\nBengt Olof Idmyr, ledamot<br \/>\nMagnus Sj\u00f6berg, ledamot<br \/>\nMaria Petersson, ledamot<br \/>\nBirger Hagstr\u00f6m, 1:e ers\u00e4ttare<br \/>\nGunvor Grans\u00f6, 2:e ers\u00e4ttare<\/p>\n<hr \/>\n<p style=\"text-align: right\"><em>Region \u00d6sterg\u00f6tland 2022-2026<\/em><br \/>\n<em>Valkrets 4 \u00d6desh\u00f6g, Ydre, Boxholm, Mj\u00f6lby, Vadstena<\/em><\/p>\n<p>I valet till regionfullm\u00e4ktige i \u00d6desh\u00f6g, Ydre, Boxholm, Mj\u00f6lby, Vadstena valkrets 2022 s\u00e5 fick Kristdemokraterna 10,34 % \u201d<em>hela regionen 8,31 %<\/em>\u201d av r\u00f6sterna. Det gav oss f\u00f6ljande representation i n\u00e4mnder och styrelser i Region \u00d6sterg\u00f6tland f\u00f6r mandatperioden 2022-2026.<\/p>\n<p><strong>Regionfullm\u00e4ktige<\/strong><br \/>\nMagnus Sj\u00f6berg, 1:e ers\u00e4ttare<\/p>\n","protected":false},"excerpt":{"rendered":"<p>Mj\u00f6lby kommun 2022-2026 I valet till kommunfullm\u00e4ktige i Mj\u00f6lby 2022 s\u00e5 fick Kristdemokraterna 5,87% av r\u00f6sterna. Det gav oss f\u00f6ljande representation i n\u00e4mnder och styrelser i Mj\u00f6lby kommun f\u00f6r mandatperioden 2022-2026. Kommunfullm\u00e4ktige\u00a0(tom xx okt 2026) Bengt Olof Idmyr, ledamot Magnus Sj\u00f6berg, ledamot Maria Petersson, ledamot Birger Hagstr\u00f6m, 1:e ers\u00e4ttare Gunvor Grans\u00f6, 2:e ers\u00e4ttare Region \u00d6sterg\u00f6tland <a class=\"read-more-link\" href=\"https:\/\/wp.kristdemokraterna.se\/mjolby\/om-oss\/fortroendevalda-2022-2026\/\">Read More<\/a><\/p>\n","protected":false},"author":433,"featured_media":0,"parent":1485,"menu_order":3,"comment_status":"closed","ping_status":"closed","template":"","meta":{"_acf_changed":false,"footnotes":""},"class_list":["post-1841","page","type-page","status-publish","hentry"],"acf":[],"yoast_head":"<!-- This site is optimized with the Yoast SEO plugin v27.3 - https:\/\/yoast.com\/product\/yoast-seo-wordpress\/ -->\n<title>F\u00f6rtroendevalda 2022-2026 - Mj\u00f6lby<\/title>\n<meta name=\"robots\" content=\"index, follow, max-snippet:-1, max-image-preview:large, max-video-preview:-1\" \/>\n<link rel=\"canonical\" href=\"https:\/\/wp.kristdemokraterna.se\/mjolby\/om-oss\/fortroendevalda-2022-2026\/\" \/>\n<meta property=\"og:locale\" content=\"sv_SE\" \/>\n<meta property=\"og:type\" content=\"article\" \/>\n<meta property=\"og:title\" content=\"F\u00f6rtroendevalda 2022-2026 - Mj\u00f6lby\" \/>\n<meta property=\"og:description\" content=\"Mj\u00f6lby kommun 2022-2026 I valet till kommunfullm\u00e4ktige i Mj\u00f6lby 2022 s\u00e5 fick Kristdemokraterna 5,87% av r\u00f6sterna. Det gav oss f\u00f6ljande representation i n\u00e4mnder och styrelser i Mj\u00f6lby kommun f\u00f6r mandatperioden 2022-2026. Kommunfullm\u00e4ktige\u00a0(tom xx okt 2026) Bengt Olof Idmyr, ledamot Magnus Sj\u00f6berg, ledamot Maria Petersson, ledamot Birger Hagstr\u00f6m, 1:e ers\u00e4ttare Gunvor Grans\u00f6, 2:e ers\u00e4ttare Region \u00d6sterg\u00f6tland Read More\" \/>\n<meta property=\"og:url\" content=\"https:\/\/wp.kristdemokraterna.se\/mjolby\/om-oss\/fortroendevalda-2022-2026\/\" \/>\n<meta property=\"og:site_name\" content=\"Mj\u00f6lby\" \/>\n<meta property=\"article:modified_time\" content=\"2022-10-01T20:41:59+00:00\" \/>\n<meta name=\"twitter:card\" content=\"summary_large_image\" \/>\n<meta name=\"twitter:label1\" content=\"Ber\u00e4knad l\u00e4stid\" \/>\n\t<meta name=\"twitter:data1\" content=\"1 minut\" \/>\n<script type=\"application\/ld+json\" class=\"yoast-schema-graph\">{\"@context\":\"https:\\\/\\\/schema.org\",\"@graph\":[{\"@type\":\"WebPage\",\"@id\":\"https:\\\/\\\/wp.kristdemokraterna.se\\\/mjolby\\\/om-oss\\\/fortroendevalda-2022-2026\\\/\",\"url\":\"https:\\\/\\\/wp.kristdemokraterna.se\\\/mjolby\\\/om-oss\\\/fortroendevalda-2022-2026\\\/\",\"name\":\"F\u00f6rtroendevalda 2022-2026 - Mj\u00f6lby\",\"isPartOf\":{\"@id\":\"https:\\\/\\\/wp.kristdemokraterna.se\\\/mjolby\\\/#website\"},\"datePublished\":\"2022-10-01T20:30:58+00:00\",\"dateModified\":\"2022-10-01T20:41:59+00:00\",\"breadcrumb\":{\"@id\":\"https:\\\/\\\/wp.kristdemokraterna.se\\\/mjolby\\\/om-oss\\\/fortroendevalda-2022-2026\\\/#breadcrumb\"},\"inLanguage\":\"sv-SE\",\"potentialAction\":[{\"@type\":\"ReadAction\",\"target\":[\"https:\\\/\\\/wp.kristdemokraterna.se\\\/mjolby\\\/om-oss\\\/fortroendevalda-2022-2026\\\/\"]}]},{\"@type\":\"BreadcrumbList\",\"@id\":\"https:\\\/\\\/wp.kristdemokraterna.se\\\/mjolby\\\/om-oss\\\/fortroendevalda-2022-2026\\\/#breadcrumb\",\"itemListElement\":[{\"@type\":\"ListItem\",\"position\":1,\"name\":\"Hem\",\"item\":\"https:\\\/\\\/wp.kristdemokraterna.se\\\/mjolby\\\/\"},{\"@type\":\"ListItem\",\"position\":2,\"name\":\"V\u00e5r Partiavdelning\",\"item\":\"https:\\\/\\\/wp.kristdemokraterna.se\\\/mjolby\\\/om-oss\\\/\"},{\"@type\":\"ListItem\",\"position\":3,\"name\":\"F\u00f6rtroendevalda 2022-2026\"}]},{\"@type\":\"WebSite\",\"@id\":\"https:\\\/\\\/wp.kristdemokraterna.se\\\/mjolby\\\/#website\",\"url\":\"https:\\\/\\\/wp.kristdemokraterna.se\\\/mjolby\\\/\",\"name\":\"Mj\u00f6lby\",\"description\":\"Kristdemokraterna\",\"inLanguage\":\"sv-SE\"}]}<\/script>\n<!-- \/ Yoast SEO plugin. -->","yoast_head_json":{"title":"F\u00f6rtroendevalda 2022-2026 - Mj\u00f6lby","robots":{"index":"index","follow":"follow","max-snippet":"max-snippet:-1","max-image-preview":"max-image-preview:large","max-video-preview":"max-video-preview:-1"},"canonical":"https:\/\/wp.kristdemokraterna.se\/mjolby\/om-oss\/fortroendevalda-2022-2026\/","og_locale":"sv_SE","og_type":"article","og_title":"F\u00f6rtroendevalda 2022-2026 - Mj\u00f6lby","og_description":"Mj\u00f6lby kommun 2022-2026 I valet till kommunfullm\u00e4ktige i Mj\u00f6lby 2022 s\u00e5 fick Kristdemokraterna 5,87% av r\u00f6sterna. Det gav oss f\u00f6ljande representation i n\u00e4mnder och styrelser i Mj\u00f6lby kommun f\u00f6r mandatperioden 2022-2026. Kommunfullm\u00e4ktige\u00a0(tom xx okt 2026) Bengt Olof Idmyr, ledamot Magnus Sj\u00f6berg, ledamot Maria Petersson, ledamot Birger Hagstr\u00f6m, 1:e ers\u00e4ttare Gunvor Grans\u00f6, 2:e ers\u00e4ttare Region \u00d6sterg\u00f6tland Read More","og_url":"https:\/\/wp.kristdemokraterna.se\/mjolby\/om-oss\/fortroendevalda-2022-2026\/","og_site_name":"Mj\u00f6lby","article_modified_time":"2022-10-01T20:41:59+00:00","twitter_card":"summary_large_image","twitter_misc":{"Ber\u00e4knad l\u00e4stid":"1 minut"},"schema":{"@context":"https:\/\/schema.org","@graph":[{"@type":"WebPage","@id":"https:\/\/wp.kristdemokraterna.se\/mjolby\/om-oss\/fortroendevalda-2022-2026\/","url":"https:\/\/wp.kristdemokraterna.se\/mjolby\/om-oss\/fortroendevalda-2022-2026\/","name":"F\u00f6rtroendevalda 2022-2026 - Mj\u00f6lby","isPartOf":{"@id":"https:\/\/wp.kristdemokraterna.se\/mjolby\/#website"},"datePublished":"2022-10-01T20:30:58+00:00","dateModified":"2022-10-01T20:41:59+00:00","breadcrumb":{"@id":"https:\/\/wp.kristdemokraterna.se\/mjolby\/om-oss\/fortroendevalda-2022-2026\/#breadcrumb"},"inLanguage":"sv-SE","potentialAction":[{"@type":"ReadAction","target":["https:\/\/wp.kristdemokraterna.se\/mjolby\/om-oss\/fortroendevalda-2022-2026\/"]}]},{"@type":"BreadcrumbList","@id":"https:\/\/wp.kristdemokraterna.se\/mjolby\/om-oss\/fortroendevalda-2022-2026\/#breadcrumb","itemListElement":[{"@type":"ListItem","position":1,"name":"Hem","item":"https:\/\/wp.kristdemokraterna.se\/mjolby\/"},{"@type":"ListItem","position":2,"name":"V\u00e5r Partiavdelning","item":"https:\/\/wp.kristdemokraterna.se\/mjolby\/om-oss\/"},{"@type":"ListItem","position":3,"name":"F\u00f6rtroendevalda 2022-2026"}]},{"@type":"WebSite","@id":"https:\/\/wp.kristdemokraterna.se\/mjolby\/#website","url":"https:\/\/wp.kristdemokraterna.se\/mjolby\/","name":"Mj\u00f6lby","description":"Kristdemokraterna","inLanguage":"sv-SE"}]}},"_links":{"self":[{"href":"https:\/\/wp.kristdemokraterna.se\/mjolby\/wp-json\/wp\/v2\/pages\/1841","targetHints":{"allow":["GET"]}}],"collection":[{"href":"https:\/\/wp.kristdemokraterna.se\/mjolby\/wp-json\/wp\/v2\/pages"}],"about":[{"href":"https:\/\/wp.kristdemokraterna.se\/mjolby\/wp-json\/wp\/v2\/types\/page"}],"author":[{"embeddable":true,"href":"https:\/\/wp.kristdemokraterna.se\/mjolby\/wp-json\/wp\/v2\/users\/433"}],"replies":[{"embeddable":true,"href":"https:\/\/wp.kristdemokraterna.se\/mjolby\/wp-json\/wp\/v2\/comments?post=1841"}],"version-history":[{"count":6,"href":"https:\/\/wp.kristdemokraterna.se\/mjolby\/wp-json\/wp\/v2\/pages\/1841\/revisions"}],"predecessor-version":[{"id":1847,"href":"https:\/\/wp.kristdemokraterna.se\/mjolby\/wp-json\/wp\/v2\/pages\/1841\/revisions\/1847"}],"up":[{"embeddable":true,"href":"https:\/\/wp.kristdemokraterna.se\/mjolby\/wp-json\/wp\/v2\/pages\/1485"}],"wp:attachment":[{"href":"https:\/\/wp.kristdemokraterna.se\/mjolby\/wp-json\/wp\/v2\/media?parent=1841"}],"curies":[{"name":"wp","href":"https:\/\/api.w.org\/{rel}","templated":true}]}}