{"id":206,"date":"2013-02-11T16:22:27","date_gmt":"2013-02-11T15:22:27","guid":{"rendered":"http:\/\/wp.kristdemokraterna.se\/mjolby\/?page_id=206"},"modified":"2013-06-25T16:34:58","modified_gmt":"2013-06-25T14:34:58","slug":"var-politik","status":"publish","type":"page","link":"https:\/\/wp.kristdemokraterna.se\/mjolby\/var-politik\/","title":{"rendered":"V\u00e5r politik"},"content":{"rendered":"<p><a title=\"Ekonomisk hush\u00e5llning\" href=\"http:\/\/wp.kristdemokraterna.se\/mjolby\/var-politik\/ekonomisk-hushallning\/\">Mj\u00f6lby \u2013 en kommun med god ekonomisk hush\u00e5llning<\/a><br \/>\n<a title=\"N\u00e4ringslivsklimat\" href=\"http:\/\/wp.kristdemokraterna.se\/mjolby\/var-politik\/naringslivsklimat\/\">Kommunens betydelse f\u00f6r ett bra n\u00e4ringslivsklimat <\/a><br \/>\n<a title=\"Familjen\" href=\"http:\/\/wp.kristdemokraterna.se\/mjolby\/var-politik\/familjen\/\">Familjen i vardagen <\/a><br \/>\n<a title=\"F\u00f6rskolan\" href=\"http:\/\/wp.kristdemokraterna.se\/mjolby\/var-politik\/forskolan\/\">F\u00f6rskolan &#8211; en plats f\u00f6r omsorg, lek och l\u00e4rande <\/a><br \/>\n<a title=\"Trygg skola\" href=\"http:\/\/wp.kristdemokraterna.se\/mjolby\/var-politik\/trygg-skola\/\">Trygg skola med tydlig v\u00e4rdegrund <\/a><br \/>\n<a title=\"Fritidsliv\" href=\"http:\/\/wp.kristdemokraterna.se\/mjolby\/var-politik\/fritidsliv\/\">Ett rikt fritidsliv ger merv\u00e4rde <\/a><br \/>\n<a title=\"Funktionsneds\u00e4ttning\" href=\"http:\/\/wp.kristdemokraterna.se\/mjolby\/var-politik\/funktionsnedsattning\/\">En kommun d\u00e4r funktionsneds\u00e4ttning inte blir ett handikapp <\/a><br \/>\n<a title=\"V\u00e5rd och omsorg\" href=\"http:\/\/wp.kristdemokraterna.se\/mjolby\/var-politik\/vard-och-omsorg\/\">Tankeskifte i v\u00e5rd och omsorg <\/a><br \/>\n<a title=\"H\u00e5llbar utveckling\" href=\"http:\/\/wp.kristdemokraterna.se\/mjolby\/var-politik\/hallbar-utveckling\/\">En kommun med ekologiskt h\u00e5llbar utveckling <\/a><br \/>\n<a title=\"Kultur\" href=\"http:\/\/wp.kristdemokraterna.se\/mjolby\/var-politik\/kultur\/\">Kultur bidrar till det goda livet <\/a><br \/>\n<a title=\"Integration och m\u00e5ngfald\" href=\"http:\/\/wp.kristdemokraterna.se\/mjolby\/var-politik\/integration-och-mangfald\/\">Integration och m\u00e5ngfald ist\u00e4llet f\u00f6r segregation och enfald <\/a><br \/>\n<a title=\"Trygghet och stadsplanering\" href=\"http:\/\/wp.kristdemokraterna.se\/mjolby\/var-politik\/trygghet-och-stadsplanering\/\">En kommun med trygghet och god stadsplanering<\/a><br \/>\n<a title=\"Personalpolitik\" href=\"http:\/\/wp.kristdemokraterna.se\/mjolby\/var-politik\/personalpolitik\/\">En kommun med god personalpolitik<\/a><\/p>\n","protected":false},"excerpt":{"rendered":"<p>Mj\u00f6lby \u2013 en kommun med god ekonomisk hush\u00e5llning Kommunens betydelse f\u00f6r ett bra n\u00e4ringslivsklimat Familjen i vardagen F\u00f6rskolan &#8211; en plats f\u00f6r omsorg, lek och l\u00e4rande Trygg skola med tydlig v\u00e4rdegrund Ett rikt fritidsliv ger merv\u00e4rde En kommun d\u00e4r funktionsneds\u00e4ttning inte blir ett handikapp Tankeskifte i v\u00e5rd och omsorg En kommun med ekologiskt h\u00e5llbar utveckling <a class=\"read-more-link\" href=\"https:\/\/wp.kristdemokraterna.se\/mjolby\/var-politik\/\">Read More<\/a><\/p>\n","protected":false},"author":433,"featured_media":0,"parent":0,"menu_order":0,"comment_status":"closed","ping_status":"open","template":"","meta":{"_acf_changed":false,"footnotes":""},"class_list":["post-206","page","type-page","status-publish","hentry"],"acf":[],"yoast_head":"<!-- This site is optimized with the Yoast SEO plugin v27.4 - https:\/\/yoast.com\/product\/yoast-seo-wordpress\/ -->\n<title>V\u00e5r politik - Mj\u00f6lby<\/title>\n<meta name=\"robots\" content=\"index, follow, max-snippet:-1, max-image-preview:large, max-video-preview:-1\" \/>\n<link rel=\"canonical\" href=\"https:\/\/wp.kristdemokraterna.se\/mjolby\/var-politik\/\" \/>\n<meta property=\"og:locale\" content=\"sv_SE\" \/>\n<meta property=\"og:type\" content=\"article\" \/>\n<meta property=\"og:title\" content=\"V\u00e5r politik - Mj\u00f6lby\" \/>\n<meta property=\"og:description\" content=\"Mj\u00f6lby \u2013 en kommun med god ekonomisk hush\u00e5llning Kommunens betydelse f\u00f6r ett bra n\u00e4ringslivsklimat Familjen i vardagen F\u00f6rskolan &#8211; en plats f\u00f6r omsorg, lek och l\u00e4rande Trygg skola med tydlig v\u00e4rdegrund Ett rikt fritidsliv ger merv\u00e4rde En kommun d\u00e4r funktionsneds\u00e4ttning inte blir ett handikapp Tankeskifte i v\u00e5rd och omsorg En kommun med ekologiskt h\u00e5llbar utveckling Read More\" \/>\n<meta property=\"og:url\" content=\"https:\/\/wp.kristdemokraterna.se\/mjolby\/var-politik\/\" \/>\n<meta property=\"og:site_name\" content=\"Mj\u00f6lby\" \/>\n<meta property=\"article:modified_time\" content=\"2013-06-25T14:34:58+00:00\" \/>\n<meta name=\"twitter:card\" content=\"summary_large_image\" \/>\n<script type=\"application\/ld+json\" class=\"yoast-schema-graph\">{\"@context\":\"https:\\\/\\\/schema.org\",\"@graph\":[{\"@type\":\"WebPage\",\"@id\":\"https:\\\/\\\/wp.kristdemokraterna.se\\\/mjolby\\\/var-politik\\\/\",\"url\":\"https:\\\/\\\/wp.kristdemokraterna.se\\\/mjolby\\\/var-politik\\\/\",\"name\":\"V\u00e5r politik - Mj\u00f6lby\",\"isPartOf\":{\"@id\":\"https:\\\/\\\/wp.kristdemokraterna.se\\\/mjolby\\\/#website\"},\"datePublished\":\"2013-02-11T15:22:27+00:00\",\"dateModified\":\"2013-06-25T14:34:58+00:00\",\"breadcrumb\":{\"@id\":\"https:\\\/\\\/wp.kristdemokraterna.se\\\/mjolby\\\/var-politik\\\/#breadcrumb\"},\"inLanguage\":\"sv-SE\",\"potentialAction\":[{\"@type\":\"ReadAction\",\"target\":[\"https:\\\/\\\/wp.kristdemokraterna.se\\\/mjolby\\\/var-politik\\\/\"]}]},{\"@type\":\"BreadcrumbList\",\"@id\":\"https:\\\/\\\/wp.kristdemokraterna.se\\\/mjolby\\\/var-politik\\\/#breadcrumb\",\"itemListElement\":[{\"@type\":\"ListItem\",\"position\":1,\"name\":\"Hem\",\"item\":\"https:\\\/\\\/wp.kristdemokraterna.se\\\/mjolby\\\/\"},{\"@type\":\"ListItem\",\"position\":2,\"name\":\"V\u00e5r politik\"}]},{\"@type\":\"WebSite\",\"@id\":\"https:\\\/\\\/wp.kristdemokraterna.se\\\/mjolby\\\/#website\",\"url\":\"https:\\\/\\\/wp.kristdemokraterna.se\\\/mjolby\\\/\",\"name\":\"Mj\u00f6lby\",\"description\":\"Kristdemokraterna\",\"inLanguage\":\"sv-SE\"}]}<\/script>\n<!-- \/ Yoast SEO plugin. -->","yoast_head_json":{"title":"V\u00e5r politik - Mj\u00f6lby","robots":{"index":"index","follow":"follow","max-snippet":"max-snippet:-1","max-image-preview":"max-image-preview:large","max-video-preview":"max-video-preview:-1"},"canonical":"https:\/\/wp.kristdemokraterna.se\/mjolby\/var-politik\/","og_locale":"sv_SE","og_type":"article","og_title":"V\u00e5r politik - Mj\u00f6lby","og_description":"Mj\u00f6lby \u2013 en kommun med god ekonomisk hush\u00e5llning Kommunens betydelse f\u00f6r ett bra n\u00e4ringslivsklimat Familjen i vardagen F\u00f6rskolan &#8211; en plats f\u00f6r omsorg, lek och l\u00e4rande Trygg skola med tydlig v\u00e4rdegrund Ett rikt fritidsliv ger merv\u00e4rde En kommun d\u00e4r funktionsneds\u00e4ttning inte blir ett handikapp Tankeskifte i v\u00e5rd och omsorg En kommun med ekologiskt h\u00e5llbar utveckling Read More","og_url":"https:\/\/wp.kristdemokraterna.se\/mjolby\/var-politik\/","og_site_name":"Mj\u00f6lby","article_modified_time":"2013-06-25T14:34:58+00:00","twitter_card":"summary_large_image","schema":{"@context":"https:\/\/schema.org","@graph":[{"@type":"WebPage","@id":"https:\/\/wp.kristdemokraterna.se\/mjolby\/var-politik\/","url":"https:\/\/wp.kristdemokraterna.se\/mjolby\/var-politik\/","name":"V\u00e5r politik - Mj\u00f6lby","isPartOf":{"@id":"https:\/\/wp.kristdemokraterna.se\/mjolby\/#website"},"datePublished":"2013-02-11T15:22:27+00:00","dateModified":"2013-06-25T14:34:58+00:00","breadcrumb":{"@id":"https:\/\/wp.kristdemokraterna.se\/mjolby\/var-politik\/#breadcrumb"},"inLanguage":"sv-SE","potentialAction":[{"@type":"ReadAction","target":["https:\/\/wp.kristdemokraterna.se\/mjolby\/var-politik\/"]}]},{"@type":"BreadcrumbList","@id":"https:\/\/wp.kristdemokraterna.se\/mjolby\/var-politik\/#breadcrumb","itemListElement":[{"@type":"ListItem","position":1,"name":"Hem","item":"https:\/\/wp.kristdemokraterna.se\/mjolby\/"},{"@type":"ListItem","position":2,"name":"V\u00e5r politik"}]},{"@type":"WebSite","@id":"https:\/\/wp.kristdemokraterna.se\/mjolby\/#website","url":"https:\/\/wp.kristdemokraterna.se\/mjolby\/","name":"Mj\u00f6lby","description":"Kristdemokraterna","inLanguage":"sv-SE"}]}},"_links":{"self":[{"href":"https:\/\/wp.kristdemokraterna.se\/mjolby\/wp-json\/wp\/v2\/pages\/206","targetHints":{"allow":["GET"]}}],"collection":[{"href":"https:\/\/wp.kristdemokraterna.se\/mjolby\/wp-json\/wp\/v2\/pages"}],"about":[{"href":"https:\/\/wp.kristdemokraterna.se\/mjolby\/wp-json\/wp\/v2\/types\/page"}],"author":[{"embeddable":true,"href":"https:\/\/wp.kristdemokraterna.se\/mjolby\/wp-json\/wp\/v2\/users\/433"}],"replies":[{"embeddable":true,"href":"https:\/\/wp.kristdemokraterna.se\/mjolby\/wp-json\/wp\/v2\/comments?post=206"}],"version-history":[{"count":35,"href":"https:\/\/wp.kristdemokraterna.se\/mjolby\/wp-json\/wp\/v2\/pages\/206\/revisions"}],"predecessor-version":[{"id":230,"href":"https:\/\/wp.kristdemokraterna.se\/mjolby\/wp-json\/wp\/v2\/pages\/206\/revisions\/230"}],"wp:attachment":[{"href":"https:\/\/wp.kristdemokraterna.se\/mjolby\/wp-json\/wp\/v2\/media?parent=206"}],"curies":[{"name":"wp","href":"https:\/\/api.w.org\/{rel}","templated":true}]}}