{"id":207,"date":"2010-07-03T18:50:09","date_gmt":"2010-07-03T16:50:09","guid":{"rendered":"http:\/\/wp.kristdemokraterna.se\/mjolby\/?page_id=207"},"modified":"2013-10-23T18:46:17","modified_gmt":"2013-10-23T16:46:17","slug":"ekonomisk-hushallning","status":"publish","type":"page","link":"https:\/\/wp.kristdemokraterna.se\/mjolby\/var-politik\/ekonomisk-hushallning\/","title":{"rendered":"Ekonomisk hush\u00e5llning"},"content":{"rendered":"<p><strong>Mj\u00f6lby &#8211; en kommun med god ekonomisk hush\u00e5llning<br \/>\n<\/strong><em>Kristdemokraterna vill att\u2026<\/em><\/p>\n<ul>\n<li>en etisk diskussion om viktiga principer ska f\u00f6ras mellan politiker och tj\u00e4nstem\u00e4n p\u00e5 ledande positioner f\u00f6r att f\u00f6rebygga oegentligheter och f\u00f6r att skapa f\u00f6rtroende hos medborgarna f\u00f6r de kommunala politikerna och tj\u00e4nstem\u00e4nnen<\/li>\n<li>kommunen st\u00e4ndigt ompr\u00f6var verksamheten s\u00e5 att den drivs med mesta m\u00f6jliga service till l\u00e4gsta m\u00f6jliga kostnad<\/li>\n<li>det utf\u00e4rdas kommunala servicegarantier<\/li>\n<li>internkontrollen ska ha tydliga regelverk som kan granskas via \u00f6vergripande kvalitetssystem<\/li>\n<li>den kommunala revisionen ska ha en sj\u00e4lvst\u00e4ndig st\u00e4llning och garanteras resurser f\u00f6r en effektiv revision<\/li>\n<li>pensionsskuld som avser tiden f\u00f6re 1998 ska en s\u00e4rskild strategi s\u00e5 att skulden betalas av nuvarande generation<\/li>\n<li>\u00e4gardirektiv b\u00f6r komplettera bolagsordningen f\u00f6r kommunala bolag samt att en bolagspolicy uppr\u00e4ttas<\/li>\n<li>det via regelbunden omv\u00e4rldsbevakning ska finnas en helhetsbild hur den sammantagna effekten av skatt och avgifter p\u00e5verkar hush\u00e5llens ekonomi<\/li>\n<\/ul>\n<p>&nbsp;<\/p>\n","protected":false},"excerpt":{"rendered":"<p>Mj\u00f6lby &#8211; en kommun med god ekonomisk hush\u00e5llning Kristdemokraterna vill att\u2026 en etisk diskussion om viktiga principer ska f\u00f6ras mellan politiker och tj\u00e4nstem\u00e4n p\u00e5 ledande positioner f\u00f6r att f\u00f6rebygga oegentligheter och f\u00f6r att skapa f\u00f6rtroende hos medborgarna f\u00f6r de kommunala politikerna och tj\u00e4nstem\u00e4nnen kommunen st\u00e4ndigt ompr\u00f6var verksamheten s\u00e5 att den drivs med mesta m\u00f6jliga service <a class=\"read-more-link\" href=\"https:\/\/wp.kristdemokraterna.se\/mjolby\/var-politik\/ekonomisk-hushallning\/\">Read More<\/a><\/p>\n","protected":false},"author":433,"featured_media":0,"parent":206,"menu_order":1,"comment_status":"closed","ping_status":"open","template":"","meta":{"_acf_changed":false,"footnotes":""},"class_list":["post-207","page","type-page","status-publish","hentry"],"acf":[],"yoast_head":"<!-- This site is optimized with the Yoast SEO plugin v27.4 - https:\/\/yoast.com\/product\/yoast-seo-wordpress\/ -->\n<title>Ekonomisk hush\u00e5llning - Mj\u00f6lby<\/title>\n<meta name=\"robots\" content=\"index, follow, max-snippet:-1, max-image-preview:large, max-video-preview:-1\" \/>\n<link rel=\"canonical\" href=\"https:\/\/wp.kristdemokraterna.se\/mjolby\/var-politik\/ekonomisk-hushallning\/\" \/>\n<meta property=\"og:locale\" content=\"sv_SE\" \/>\n<meta property=\"og:type\" content=\"article\" \/>\n<meta property=\"og:title\" content=\"Ekonomisk hush\u00e5llning - Mj\u00f6lby\" \/>\n<meta property=\"og:description\" content=\"Mj\u00f6lby &#8211; en kommun med god ekonomisk hush\u00e5llning Kristdemokraterna vill att\u2026 en etisk diskussion om viktiga principer ska f\u00f6ras mellan politiker och tj\u00e4nstem\u00e4n p\u00e5 ledande positioner f\u00f6r att f\u00f6rebygga oegentligheter och f\u00f6r att skapa f\u00f6rtroende hos medborgarna f\u00f6r de kommunala politikerna och tj\u00e4nstem\u00e4nnen kommunen st\u00e4ndigt ompr\u00f6var verksamheten s\u00e5 att den drivs med mesta m\u00f6jliga service Read More\" \/>\n<meta property=\"og:url\" content=\"https:\/\/wp.kristdemokraterna.se\/mjolby\/var-politik\/ekonomisk-hushallning\/\" \/>\n<meta property=\"og:site_name\" content=\"Mj\u00f6lby\" \/>\n<meta property=\"article:modified_time\" content=\"2013-10-23T16:46:17+00:00\" \/>\n<meta name=\"twitter:card\" content=\"summary_large_image\" \/>\n<meta name=\"twitter:label1\" content=\"Ber\u00e4knad l\u00e4stid\" \/>\n\t<meta name=\"twitter:data1\" content=\"1 minut\" \/>\n<script type=\"application\/ld+json\" class=\"yoast-schema-graph\">{\"@context\":\"https:\\\/\\\/schema.org\",\"@graph\":[{\"@type\":\"WebPage\",\"@id\":\"https:\\\/\\\/wp.kristdemokraterna.se\\\/mjolby\\\/var-politik\\\/ekonomisk-hushallning\\\/\",\"url\":\"https:\\\/\\\/wp.kristdemokraterna.se\\\/mjolby\\\/var-politik\\\/ekonomisk-hushallning\\\/\",\"name\":\"Ekonomisk hush\u00e5llning - Mj\u00f6lby\",\"isPartOf\":{\"@id\":\"https:\\\/\\\/wp.kristdemokraterna.se\\\/mjolby\\\/#website\"},\"datePublished\":\"2010-07-03T16:50:09+00:00\",\"dateModified\":\"2013-10-23T16:46:17+00:00\",\"breadcrumb\":{\"@id\":\"https:\\\/\\\/wp.kristdemokraterna.se\\\/mjolby\\\/var-politik\\\/ekonomisk-hushallning\\\/#breadcrumb\"},\"inLanguage\":\"sv-SE\",\"potentialAction\":[{\"@type\":\"ReadAction\",\"target\":[\"https:\\\/\\\/wp.kristdemokraterna.se\\\/mjolby\\\/var-politik\\\/ekonomisk-hushallning\\\/\"]}]},{\"@type\":\"BreadcrumbList\",\"@id\":\"https:\\\/\\\/wp.kristdemokraterna.se\\\/mjolby\\\/var-politik\\\/ekonomisk-hushallning\\\/#breadcrumb\",\"itemListElement\":[{\"@type\":\"ListItem\",\"position\":1,\"name\":\"Hem\",\"item\":\"https:\\\/\\\/wp.kristdemokraterna.se\\\/mjolby\\\/\"},{\"@type\":\"ListItem\",\"position\":2,\"name\":\"V\u00e5r politik\",\"item\":\"https:\\\/\\\/wp.kristdemokraterna.se\\\/mjolby\\\/var-politik\\\/\"},{\"@type\":\"ListItem\",\"position\":3,\"name\":\"Ekonomisk hush\u00e5llning\"}]},{\"@type\":\"WebSite\",\"@id\":\"https:\\\/\\\/wp.kristdemokraterna.se\\\/mjolby\\\/#website\",\"url\":\"https:\\\/\\\/wp.kristdemokraterna.se\\\/mjolby\\\/\",\"name\":\"Mj\u00f6lby\",\"description\":\"Kristdemokraterna\",\"inLanguage\":\"sv-SE\"}]}<\/script>\n<!-- \/ Yoast SEO plugin. -->","yoast_head_json":{"title":"Ekonomisk hush\u00e5llning - Mj\u00f6lby","robots":{"index":"index","follow":"follow","max-snippet":"max-snippet:-1","max-image-preview":"max-image-preview:large","max-video-preview":"max-video-preview:-1"},"canonical":"https:\/\/wp.kristdemokraterna.se\/mjolby\/var-politik\/ekonomisk-hushallning\/","og_locale":"sv_SE","og_type":"article","og_title":"Ekonomisk hush\u00e5llning - Mj\u00f6lby","og_description":"Mj\u00f6lby &#8211; en kommun med god ekonomisk hush\u00e5llning Kristdemokraterna vill att\u2026 en etisk diskussion om viktiga principer ska f\u00f6ras mellan politiker och tj\u00e4nstem\u00e4n p\u00e5 ledande positioner f\u00f6r att f\u00f6rebygga oegentligheter och f\u00f6r att skapa f\u00f6rtroende hos medborgarna f\u00f6r de kommunala politikerna och tj\u00e4nstem\u00e4nnen kommunen st\u00e4ndigt ompr\u00f6var verksamheten s\u00e5 att den drivs med mesta m\u00f6jliga service Read More","og_url":"https:\/\/wp.kristdemokraterna.se\/mjolby\/var-politik\/ekonomisk-hushallning\/","og_site_name":"Mj\u00f6lby","article_modified_time":"2013-10-23T16:46:17+00:00","twitter_card":"summary_large_image","twitter_misc":{"Ber\u00e4knad l\u00e4stid":"1 minut"},"schema":{"@context":"https:\/\/schema.org","@graph":[{"@type":"WebPage","@id":"https:\/\/wp.kristdemokraterna.se\/mjolby\/var-politik\/ekonomisk-hushallning\/","url":"https:\/\/wp.kristdemokraterna.se\/mjolby\/var-politik\/ekonomisk-hushallning\/","name":"Ekonomisk hush\u00e5llning - Mj\u00f6lby","isPartOf":{"@id":"https:\/\/wp.kristdemokraterna.se\/mjolby\/#website"},"datePublished":"2010-07-03T16:50:09+00:00","dateModified":"2013-10-23T16:46:17+00:00","breadcrumb":{"@id":"https:\/\/wp.kristdemokraterna.se\/mjolby\/var-politik\/ekonomisk-hushallning\/#breadcrumb"},"inLanguage":"sv-SE","potentialAction":[{"@type":"ReadAction","target":["https:\/\/wp.kristdemokraterna.se\/mjolby\/var-politik\/ekonomisk-hushallning\/"]}]},{"@type":"BreadcrumbList","@id":"https:\/\/wp.kristdemokraterna.se\/mjolby\/var-politik\/ekonomisk-hushallning\/#breadcrumb","itemListElement":[{"@type":"ListItem","position":1,"name":"Hem","item":"https:\/\/wp.kristdemokraterna.se\/mjolby\/"},{"@type":"ListItem","position":2,"name":"V\u00e5r politik","item":"https:\/\/wp.kristdemokraterna.se\/mjolby\/var-politik\/"},{"@type":"ListItem","position":3,"name":"Ekonomisk hush\u00e5llning"}]},{"@type":"WebSite","@id":"https:\/\/wp.kristdemokraterna.se\/mjolby\/#website","url":"https:\/\/wp.kristdemokraterna.se\/mjolby\/","name":"Mj\u00f6lby","description":"Kristdemokraterna","inLanguage":"sv-SE"}]}},"_links":{"self":[{"href":"https:\/\/wp.kristdemokraterna.se\/mjolby\/wp-json\/wp\/v2\/pages\/207","targetHints":{"allow":["GET"]}}],"collection":[{"href":"https:\/\/wp.kristdemokraterna.se\/mjolby\/wp-json\/wp\/v2\/pages"}],"about":[{"href":"https:\/\/wp.kristdemokraterna.se\/mjolby\/wp-json\/wp\/v2\/types\/page"}],"author":[{"embeddable":true,"href":"https:\/\/wp.kristdemokraterna.se\/mjolby\/wp-json\/wp\/v2\/users\/433"}],"replies":[{"embeddable":true,"href":"https:\/\/wp.kristdemokraterna.se\/mjolby\/wp-json\/wp\/v2\/comments?post=207"}],"version-history":[{"count":16,"href":"https:\/\/wp.kristdemokraterna.se\/mjolby\/wp-json\/wp\/v2\/pages\/207\/revisions"}],"predecessor-version":[{"id":276,"href":"https:\/\/wp.kristdemokraterna.se\/mjolby\/wp-json\/wp\/v2\/pages\/207\/revisions\/276"}],"up":[{"embeddable":true,"href":"https:\/\/wp.kristdemokraterna.se\/mjolby\/wp-json\/wp\/v2\/pages\/206"}],"wp:attachment":[{"href":"https:\/\/wp.kristdemokraterna.se\/mjolby\/wp-json\/wp\/v2\/media?parent=207"}],"curies":[{"name":"wp","href":"https:\/\/api.w.org\/{rel}","templated":true}]}}