{"id":224,"date":"2010-07-03T18:47:38","date_gmt":"2010-07-03T16:47:38","guid":{"rendered":"http:\/\/wp.kristdemokraterna.se\/mjolby\/?page_id=224"},"modified":"2013-10-23T18:44:27","modified_gmt":"2013-10-23T16:44:27","slug":"naringslivsklimat","status":"publish","type":"page","link":"https:\/\/wp.kristdemokraterna.se\/mjolby\/var-politik\/naringslivsklimat\/","title":{"rendered":"N\u00e4ringslivsklimat"},"content":{"rendered":"<p><strong>Kommunens betydelse f\u00f6r ett bra n\u00e4ringslivsklimat<\/strong><br \/>\n<em>Kristdemokraterna vill att\u2026 <\/em><\/p>\n<ul>\n<li>kommunens service till f\u00f6retagen f\u00f6rtydligas genom att inf\u00f6ra tj\u00e4nstegarantier<\/li>\n<li>f\u00f6retagslotsar inf\u00f6rs f\u00f6r att tydligg\u00f6ra vem som ansvarar f\u00f6r n\u00e4ringslivsfr\u00e5gorna i kommunen och f\u00f6renklar f\u00f6r f\u00f6retagande och nya f\u00f6retag<\/li>\n<li>det tas fram en policy samt riktlinjer f\u00f6r arbetet mot osund konkurrens<\/li>\n<li>de offentliga upphandlingarna, LOU, f\u00f6renklas och underl\u00e4ttas s\u00e4rskilt f\u00f6r mindre f\u00f6retag genom f\u00f6renklade f\u00f6rfr\u00e5gningsunderlag och mindre detaljstyrda upphandlingar<\/li>\n<li>utmaningsr\u00e4tt inf\u00f6rs, det vill s\u00e4ga \u00f6ka m\u00e5ngfalden av utf\u00f6rare inom olika kommunala verksamheter<\/li>\n<li>ett system f\u00f6r kvalitetsgranskning av s\u00e5v\u00e4l egen regi som entreprenadverksamhet inf\u00f6rs s\u00e5 att det blir likv\u00e4rdiga f\u00f6ruts\u00e4ttningar med samma kvalitetskrav<\/li>\n<li>resurser avs\u00e4tts f\u00f6r utbildningssatsningar inom den offentliga sektorn f\u00f6r att st\u00f6dja entrepren\u00f6rskap, ett s.k. \u201dentrepren\u00f6rskapslyft\u201d<\/li>\n<li>kommunen satsar p\u00e5 entrepren\u00f6rskap i grundskolan och gymnasieskolan<\/li>\n<\/ul>\n","protected":false},"excerpt":{"rendered":"<p>Kommunens betydelse f\u00f6r ett bra n\u00e4ringslivsklimat Kristdemokraterna vill att\u2026 kommunens service till f\u00f6retagen f\u00f6rtydligas genom att inf\u00f6ra tj\u00e4nstegarantier f\u00f6retagslotsar inf\u00f6rs f\u00f6r att tydligg\u00f6ra vem som ansvarar f\u00f6r n\u00e4ringslivsfr\u00e5gorna i kommunen och f\u00f6renklar f\u00f6r f\u00f6retagande och nya f\u00f6retag det tas fram en policy samt riktlinjer f\u00f6r arbetet mot osund konkurrens de offentliga upphandlingarna, LOU, f\u00f6renklas och <a class=\"read-more-link\" href=\"https:\/\/wp.kristdemokraterna.se\/mjolby\/var-politik\/naringslivsklimat\/\">Read More<\/a><\/p>\n","protected":false},"author":433,"featured_media":0,"parent":206,"menu_order":2,"comment_status":"closed","ping_status":"open","template":"","meta":{"_acf_changed":false,"footnotes":""},"class_list":["post-224","page","type-page","status-publish","hentry"],"acf":[],"yoast_head":"<!-- This site is optimized with the Yoast SEO plugin v27.4 - https:\/\/yoast.com\/product\/yoast-seo-wordpress\/ -->\n<title>N\u00e4ringslivsklimat - Mj\u00f6lby<\/title>\n<meta name=\"robots\" content=\"index, follow, max-snippet:-1, max-image-preview:large, max-video-preview:-1\" \/>\n<link rel=\"canonical\" href=\"https:\/\/wp.kristdemokraterna.se\/mjolby\/var-politik\/naringslivsklimat\/\" \/>\n<meta property=\"og:locale\" content=\"sv_SE\" \/>\n<meta property=\"og:type\" content=\"article\" \/>\n<meta property=\"og:title\" content=\"N\u00e4ringslivsklimat - Mj\u00f6lby\" \/>\n<meta property=\"og:description\" content=\"Kommunens betydelse f\u00f6r ett bra n\u00e4ringslivsklimat Kristdemokraterna vill att\u2026 kommunens service till f\u00f6retagen f\u00f6rtydligas genom att inf\u00f6ra tj\u00e4nstegarantier f\u00f6retagslotsar inf\u00f6rs f\u00f6r att tydligg\u00f6ra vem som ansvarar f\u00f6r n\u00e4ringslivsfr\u00e5gorna i kommunen och f\u00f6renklar f\u00f6r f\u00f6retagande och nya f\u00f6retag det tas fram en policy samt riktlinjer f\u00f6r arbetet mot osund konkurrens de offentliga upphandlingarna, LOU, f\u00f6renklas och Read More\" \/>\n<meta property=\"og:url\" content=\"https:\/\/wp.kristdemokraterna.se\/mjolby\/var-politik\/naringslivsklimat\/\" \/>\n<meta property=\"og:site_name\" content=\"Mj\u00f6lby\" \/>\n<meta property=\"article:modified_time\" content=\"2013-10-23T16:44:27+00:00\" \/>\n<meta name=\"twitter:card\" content=\"summary_large_image\" \/>\n<meta name=\"twitter:label1\" content=\"Ber\u00e4knad l\u00e4stid\" \/>\n\t<meta name=\"twitter:data1\" content=\"1 minut\" \/>\n<script type=\"application\/ld+json\" class=\"yoast-schema-graph\">{\"@context\":\"https:\\\/\\\/schema.org\",\"@graph\":[{\"@type\":\"WebPage\",\"@id\":\"https:\\\/\\\/wp.kristdemokraterna.se\\\/mjolby\\\/var-politik\\\/naringslivsklimat\\\/\",\"url\":\"https:\\\/\\\/wp.kristdemokraterna.se\\\/mjolby\\\/var-politik\\\/naringslivsklimat\\\/\",\"name\":\"N\u00e4ringslivsklimat - Mj\u00f6lby\",\"isPartOf\":{\"@id\":\"https:\\\/\\\/wp.kristdemokraterna.se\\\/mjolby\\\/#website\"},\"datePublished\":\"2010-07-03T16:47:38+00:00\",\"dateModified\":\"2013-10-23T16:44:27+00:00\",\"breadcrumb\":{\"@id\":\"https:\\\/\\\/wp.kristdemokraterna.se\\\/mjolby\\\/var-politik\\\/naringslivsklimat\\\/#breadcrumb\"},\"inLanguage\":\"sv-SE\",\"potentialAction\":[{\"@type\":\"ReadAction\",\"target\":[\"https:\\\/\\\/wp.kristdemokraterna.se\\\/mjolby\\\/var-politik\\\/naringslivsklimat\\\/\"]}]},{\"@type\":\"BreadcrumbList\",\"@id\":\"https:\\\/\\\/wp.kristdemokraterna.se\\\/mjolby\\\/var-politik\\\/naringslivsklimat\\\/#breadcrumb\",\"itemListElement\":[{\"@type\":\"ListItem\",\"position\":1,\"name\":\"Hem\",\"item\":\"https:\\\/\\\/wp.kristdemokraterna.se\\\/mjolby\\\/\"},{\"@type\":\"ListItem\",\"position\":2,\"name\":\"V\u00e5r politik\",\"item\":\"https:\\\/\\\/wp.kristdemokraterna.se\\\/mjolby\\\/var-politik\\\/\"},{\"@type\":\"ListItem\",\"position\":3,\"name\":\"N\u00e4ringslivsklimat\"}]},{\"@type\":\"WebSite\",\"@id\":\"https:\\\/\\\/wp.kristdemokraterna.se\\\/mjolby\\\/#website\",\"url\":\"https:\\\/\\\/wp.kristdemokraterna.se\\\/mjolby\\\/\",\"name\":\"Mj\u00f6lby\",\"description\":\"Kristdemokraterna\",\"inLanguage\":\"sv-SE\"}]}<\/script>\n<!-- \/ Yoast SEO plugin. -->","yoast_head_json":{"title":"N\u00e4ringslivsklimat - Mj\u00f6lby","robots":{"index":"index","follow":"follow","max-snippet":"max-snippet:-1","max-image-preview":"max-image-preview:large","max-video-preview":"max-video-preview:-1"},"canonical":"https:\/\/wp.kristdemokraterna.se\/mjolby\/var-politik\/naringslivsklimat\/","og_locale":"sv_SE","og_type":"article","og_title":"N\u00e4ringslivsklimat - Mj\u00f6lby","og_description":"Kommunens betydelse f\u00f6r ett bra n\u00e4ringslivsklimat Kristdemokraterna vill att\u2026 kommunens service till f\u00f6retagen f\u00f6rtydligas genom att inf\u00f6ra tj\u00e4nstegarantier f\u00f6retagslotsar inf\u00f6rs f\u00f6r att tydligg\u00f6ra vem som ansvarar f\u00f6r n\u00e4ringslivsfr\u00e5gorna i kommunen och f\u00f6renklar f\u00f6r f\u00f6retagande och nya f\u00f6retag det tas fram en policy samt riktlinjer f\u00f6r arbetet mot osund konkurrens de offentliga upphandlingarna, LOU, f\u00f6renklas och Read More","og_url":"https:\/\/wp.kristdemokraterna.se\/mjolby\/var-politik\/naringslivsklimat\/","og_site_name":"Mj\u00f6lby","article_modified_time":"2013-10-23T16:44:27+00:00","twitter_card":"summary_large_image","twitter_misc":{"Ber\u00e4knad l\u00e4stid":"1 minut"},"schema":{"@context":"https:\/\/schema.org","@graph":[{"@type":"WebPage","@id":"https:\/\/wp.kristdemokraterna.se\/mjolby\/var-politik\/naringslivsklimat\/","url":"https:\/\/wp.kristdemokraterna.se\/mjolby\/var-politik\/naringslivsklimat\/","name":"N\u00e4ringslivsklimat - Mj\u00f6lby","isPartOf":{"@id":"https:\/\/wp.kristdemokraterna.se\/mjolby\/#website"},"datePublished":"2010-07-03T16:47:38+00:00","dateModified":"2013-10-23T16:44:27+00:00","breadcrumb":{"@id":"https:\/\/wp.kristdemokraterna.se\/mjolby\/var-politik\/naringslivsklimat\/#breadcrumb"},"inLanguage":"sv-SE","potentialAction":[{"@type":"ReadAction","target":["https:\/\/wp.kristdemokraterna.se\/mjolby\/var-politik\/naringslivsklimat\/"]}]},{"@type":"BreadcrumbList","@id":"https:\/\/wp.kristdemokraterna.se\/mjolby\/var-politik\/naringslivsklimat\/#breadcrumb","itemListElement":[{"@type":"ListItem","position":1,"name":"Hem","item":"https:\/\/wp.kristdemokraterna.se\/mjolby\/"},{"@type":"ListItem","position":2,"name":"V\u00e5r politik","item":"https:\/\/wp.kristdemokraterna.se\/mjolby\/var-politik\/"},{"@type":"ListItem","position":3,"name":"N\u00e4ringslivsklimat"}]},{"@type":"WebSite","@id":"https:\/\/wp.kristdemokraterna.se\/mjolby\/#website","url":"https:\/\/wp.kristdemokraterna.se\/mjolby\/","name":"Mj\u00f6lby","description":"Kristdemokraterna","inLanguage":"sv-SE"}]}},"_links":{"self":[{"href":"https:\/\/wp.kristdemokraterna.se\/mjolby\/wp-json\/wp\/v2\/pages\/224","targetHints":{"allow":["GET"]}}],"collection":[{"href":"https:\/\/wp.kristdemokraterna.se\/mjolby\/wp-json\/wp\/v2\/pages"}],"about":[{"href":"https:\/\/wp.kristdemokraterna.se\/mjolby\/wp-json\/wp\/v2\/types\/page"}],"author":[{"embeddable":true,"href":"https:\/\/wp.kristdemokraterna.se\/mjolby\/wp-json\/wp\/v2\/users\/433"}],"replies":[{"embeddable":true,"href":"https:\/\/wp.kristdemokraterna.se\/mjolby\/wp-json\/wp\/v2\/comments?post=224"}],"version-history":[{"count":3,"href":"https:\/\/wp.kristdemokraterna.se\/mjolby\/wp-json\/wp\/v2\/pages\/224\/revisions"}],"predecessor-version":[{"id":278,"href":"https:\/\/wp.kristdemokraterna.se\/mjolby\/wp-json\/wp\/v2\/pages\/224\/revisions\/278"}],"up":[{"embeddable":true,"href":"https:\/\/wp.kristdemokraterna.se\/mjolby\/wp-json\/wp\/v2\/pages\/206"}],"wp:attachment":[{"href":"https:\/\/wp.kristdemokraterna.se\/mjolby\/wp-json\/wp\/v2\/media?parent=224"}],"curies":[{"name":"wp","href":"https:\/\/api.w.org\/{rel}","templated":true}]}}