{"id":236,"date":"2013-02-11T17:39:40","date_gmt":"2013-02-11T16:39:40","guid":{"rendered":"http:\/\/wp.kristdemokraterna.se\/mjolby\/?page_id=236"},"modified":"2014-02-12T10:13:17","modified_gmt":"2014-02-12T09:13:17","slug":"styrelsen-2013-2014","status":"publish","type":"page","link":"https:\/\/wp.kristdemokraterna.se\/mjolby\/kontakta-oss\/styrelsen-2013-2014\/","title":{"rendered":"Styrelsen 2013-2014"},"content":{"rendered":"<div id=\"attachment_291\" style=\"width: 403px\" class=\"wp-caption alignnone\"><img loading=\"lazy\" decoding=\"async\" aria-describedby=\"caption-attachment-291\" class=\" wp-image-291     \" style=\"border: 1px solid black\" title=\"Birger Hagstr\u00f6m nyvald ordf\u00f6rande, Therese Gustafsson avg\u00e5ende ordf\u00f6rande | Foto: Nils-Ingvar Graan\" alt=\"Therese Gustafsson l\u00e4mnar \u00f6ver ordf\u00f6randeklubban till Kristdemokraterna i Mj\u00f6lbys nyvalde ordf\u00f6rande Birger Hagstr\u00f6m. Foto: Nisse Graan\" src=\"http:\/\/wp.kristdemokraterna.se\/mjolby\/files\/2013\/02\/IMG_2770_NG_562px.jpg\" width=\"393\" height=\"295\" srcset=\"https:\/\/wp.kristdemokraterna.se\/mjolby\/files\/2013\/02\/IMG_2770_NG_562px.jpg 562w, https:\/\/wp.kristdemokraterna.se\/mjolby\/files\/2013\/02\/IMG_2770_NG_562px-300x225.jpg 300w, https:\/\/wp.kristdemokraterna.se\/mjolby\/files\/2013\/02\/IMG_2770_NG_562px-540x405.jpg 540w, https:\/\/wp.kristdemokraterna.se\/mjolby\/files\/2013\/02\/IMG_2770_NG_562px-460x346.jpg 460w, https:\/\/wp.kristdemokraterna.se\/mjolby\/files\/2013\/02\/IMG_2770_NG_562px-149x112.jpg 149w\" sizes=\"auto, (max-width: 393px) 100vw, 393px\" \/><p id=\"caption-attachment-291\" class=\"wp-caption-text\">Therese Gustafsson l\u00e4mnar \u00f6ver ordf\u00f6randeklubban till Kristdemokraterna i Mj\u00f6lbys nyvalde ordf\u00f6rande Birger Hagstr\u00f6m. Foto: Nils-Ingvar Graan<\/p><\/div>\n<p>Valdes in p\u00e5 lokalavdelningens \u00e5rsm\u00f6te den 9 februari 2013 f\u00f6r perioden 2013\/2014.<\/p>\n<p><strong>Ordf\u00f6rande<\/strong><br \/>\n<a title=\"Birger Hagstr\u00f6m\" href=\"http:\/\/wp.kristdemokraterna.se\/mjolby\/personligt\/birger-hagstrom\/\">Birger Hagstr\u00f6m<\/a> (<a href=\"http:\/\/www.kristdemokraterna.se\/Kontaktportal\/Kontaktportalsida\/?pId=534\" target=\"_blank\">&gt;&gt;<\/a>)<br \/>\nTel: 0142-213 32 (hem), 0736-732 285 (mobil)<br \/>\nbirger.hagstrom@kristdemokraterna.se<span style=\"color: #333333\"><br \/>\n<\/span><br \/>\n<strong>Vice ordf\u00f6rande<\/strong><br \/>\n<a title=\"Bengt-Olof Idmyr\" href=\"http:\/\/wp.kristdemokraterna.se\/mjolby\/personligt\/bengt-olof-idmyr\/\">Bengt Olof Idmyr<\/a>\u00a0(<a href=\"http:\/\/www.kristdemokraterna.se\/Kontaktportal\/Kontaktportalsida\/?pId=20613\" target=\"_blank\">&gt;&gt;<\/a>)<br \/>\nTel: 0142-407 37 (hem), 0705-515 469 (mobil)<br \/>\ntdlidmyr@telia.com<\/p>\n<p><strong>Ledam\u00f6ter<\/strong><br \/>\n<a title=\"Therese Gustafsson\" href=\"http:\/\/wp.kristdemokraterna.se\/mjolby\/personligt\/therese-gustafsson\/\">Therese Gustafsson<\/a> (<a href=\"http:\/\/www.kristdemokraterna.se\/Kontaktportal\/Kontaktportalsida\/?pId=73706\" target=\"_blank\">&gt;&gt;<\/a>)<br \/>\nTel: 0142-183 42 (hem), 0705-495 191 (mobil)<br \/>\ntherese.gustafsson@kristdemokraterna.se<\/p>\n<p><a title=\"Tommy Engback\" href=\"http:\/\/wp.kristdemokraterna.se\/mjolby\/personligt\/tommy-engback\/\">Tommy Engback<\/a> (<a href=\"http:\/\/www.kristdemokraterna.se\/Kontaktportal\/Kontaktportalsida\/?pId=73704\" target=\"_blank\">&gt;&gt;<\/a>)<br \/>\nTel: 0703-640 690 (mobil)<br \/>\ntmengback@hotmail.com<\/p>\n<p><a title=\"Gunvor Grans\u00f6\" href=\"http:\/\/wp.kristdemokraterna.se\/mjolby\/personligt\/gunvor-granso\/\">Gunvor Grans\u00f6<\/a> (<a href=\"http:\/\/www.kristdemokraterna.se\/Kontaktportal\/Kontaktportalsida\/?pId=52760\" target=\"_blank\">&gt;&gt;<\/a>)<br \/>\nTel: 0142-212 46 (hem)<br \/>\ngunvor.granso@telia.com<\/p>\n<p><strong>Ers\u00e4ttare<\/strong><br \/>\n<a title=\"Henri Riccono\" href=\"http:\/\/wp.kristdemokraterna.se\/mjolby\/personligt\/henri-riccono\/\">Henri Riccono<\/a> (<a href=\"http:\/\/www.kristdemokraterna.se\/Kontaktportal\/Kontaktportalsida\/?pId=50698\" target=\"_blank\">&gt;&gt;<\/a>)<br \/>\nTel: 0142-210 38 (hem), 0730-411 654 (mobil)<br \/>\nbrunnstorp@privat.utfors.se<\/p>\n<p>Matz Johansson (&gt;&gt;)<br \/>\nTel: 0706-54 97 24<br \/>\nu.m.johansson@live.se<\/p>\n<p><strong>Kass\u00f6r<\/strong> (<em>Ej med i styrelsen<\/em>)<br \/>\nSven E Andersson\u00a0(<a href=\"http:\/\/www.kristdemokraterna.se\/Kontaktportal\/Kontaktportalsida\/?pId=5166\" target=\"_blank\">&gt;&gt;<\/a>)<br \/>\nTel: 0705-645 995 (mobil)<br \/>\nsveneand@tele2.se<br \/>\n<em>sven.e.andersson@kristdemokraterna.se <\/em><\/p>\n","protected":false},"excerpt":{"rendered":"<p>Valdes in p\u00e5 lokalavdelningens \u00e5rsm\u00f6te den 9 februari 2013 f\u00f6r perioden 2013\/2014. Ordf\u00f6rande Birger Hagstr\u00f6m (&gt;&gt;) Tel: 0142-213 32 (hem), 0736-732 285 (mobil) birger.hagstrom@kristdemokraterna.se Vice ordf\u00f6rande Bengt Olof Idmyr\u00a0(&gt;&gt;) Tel: 0142-407 37 (hem), 0705-515 469 (mobil) tdlidmyr@telia.com Ledam\u00f6ter Therese Gustafsson (&gt;&gt;) Tel: 0142-183 42 (hem), 0705-495 191 (mobil) therese.gustafsson@kristdemokraterna.se Tommy Engback (&gt;&gt;) Tel: 0703-640 690 <a class=\"read-more-link\" href=\"https:\/\/wp.kristdemokraterna.se\/mjolby\/kontakta-oss\/styrelsen-2013-2014\/\">Read More<\/a><\/p>\n","protected":false},"author":433,"featured_media":0,"parent":8,"menu_order":0,"comment_status":"closed","ping_status":"open","template":"","meta":{"_acf_changed":false,"footnotes":""},"class_list":["post-236","page","type-page","status-publish","hentry"],"acf":[],"yoast_head":"<!-- This site is optimized with the Yoast SEO plugin v27.3 - https:\/\/yoast.com\/product\/yoast-seo-wordpress\/ -->\n<title>Styrelsen 2013-2014 - Mj\u00f6lby<\/title>\n<meta name=\"robots\" content=\"index, follow, max-snippet:-1, max-image-preview:large, max-video-preview:-1\" \/>\n<link rel=\"canonical\" href=\"https:\/\/wp.kristdemokraterna.se\/mjolby\/kontakta-oss\/styrelsen-2013-2014\/\" \/>\n<meta property=\"og:locale\" content=\"sv_SE\" \/>\n<meta property=\"og:type\" content=\"article\" \/>\n<meta property=\"og:title\" content=\"Styrelsen 2013-2014 - Mj\u00f6lby\" \/>\n<meta property=\"og:description\" content=\"Valdes in p\u00e5 lokalavdelningens \u00e5rsm\u00f6te den 9 februari 2013 f\u00f6r perioden 2013\/2014. Ordf\u00f6rande Birger Hagstr\u00f6m (&gt;&gt;) Tel: 0142-213 32 (hem), 0736-732 285 (mobil) birger.hagstrom@kristdemokraterna.se Vice ordf\u00f6rande Bengt Olof Idmyr\u00a0(&gt;&gt;) Tel: 0142-407 37 (hem), 0705-515 469 (mobil) tdlidmyr@telia.com Ledam\u00f6ter Therese Gustafsson (&gt;&gt;) Tel: 0142-183 42 (hem), 0705-495 191 (mobil) therese.gustafsson@kristdemokraterna.se Tommy Engback (&gt;&gt;) Tel: 0703-640 690 Read More\" \/>\n<meta property=\"og:url\" content=\"https:\/\/wp.kristdemokraterna.se\/mjolby\/kontakta-oss\/styrelsen-2013-2014\/\" \/>\n<meta property=\"og:site_name\" content=\"Mj\u00f6lby\" \/>\n<meta property=\"article:modified_time\" content=\"2014-02-12T09:13:17+00:00\" \/>\n<meta property=\"og:image\" content=\"http:\/\/wp.kristdemokraterna.se\/mjolby\/files\/2013\/02\/IMG_2770_NG_562px.jpg\" \/>\n<meta name=\"twitter:card\" content=\"summary_large_image\" \/>\n<meta name=\"twitter:label1\" content=\"Ber\u00e4knad l\u00e4stid\" \/>\n\t<meta name=\"twitter:data1\" content=\"1 minut\" \/>\n<script type=\"application\/ld+json\" class=\"yoast-schema-graph\">{\"@context\":\"https:\\\/\\\/schema.org\",\"@graph\":[{\"@type\":\"WebPage\",\"@id\":\"https:\\\/\\\/wp.kristdemokraterna.se\\\/mjolby\\\/kontakta-oss\\\/styrelsen-2013-2014\\\/\",\"url\":\"https:\\\/\\\/wp.kristdemokraterna.se\\\/mjolby\\\/kontakta-oss\\\/styrelsen-2013-2014\\\/\",\"name\":\"Styrelsen 2013-2014 - Mj\u00f6lby\",\"isPartOf\":{\"@id\":\"https:\\\/\\\/wp.kristdemokraterna.se\\\/mjolby\\\/#website\"},\"primaryImageOfPage\":{\"@id\":\"https:\\\/\\\/wp.kristdemokraterna.se\\\/mjolby\\\/kontakta-oss\\\/styrelsen-2013-2014\\\/#primaryimage\"},\"image\":{\"@id\":\"https:\\\/\\\/wp.kristdemokraterna.se\\\/mjolby\\\/kontakta-oss\\\/styrelsen-2013-2014\\\/#primaryimage\"},\"thumbnailUrl\":\"http:\\\/\\\/wp.kristdemokraterna.se\\\/mjolby\\\/files\\\/2013\\\/02\\\/IMG_2770_NG_562px.jpg\",\"datePublished\":\"2013-02-11T16:39:40+00:00\",\"dateModified\":\"2014-02-12T09:13:17+00:00\",\"breadcrumb\":{\"@id\":\"https:\\\/\\\/wp.kristdemokraterna.se\\\/mjolby\\\/kontakta-oss\\\/styrelsen-2013-2014\\\/#breadcrumb\"},\"inLanguage\":\"sv-SE\",\"potentialAction\":[{\"@type\":\"ReadAction\",\"target\":[\"https:\\\/\\\/wp.kristdemokraterna.se\\\/mjolby\\\/kontakta-oss\\\/styrelsen-2013-2014\\\/\"]}]},{\"@type\":\"ImageObject\",\"inLanguage\":\"sv-SE\",\"@id\":\"https:\\\/\\\/wp.kristdemokraterna.se\\\/mjolby\\\/kontakta-oss\\\/styrelsen-2013-2014\\\/#primaryimage\",\"url\":\"https:\\\/\\\/wp.kristdemokraterna.se\\\/mjolby\\\/files\\\/2013\\\/02\\\/IMG_2770_NG_562px.jpg\",\"contentUrl\":\"https:\\\/\\\/wp.kristdemokraterna.se\\\/mjolby\\\/files\\\/2013\\\/02\\\/IMG_2770_NG_562px.jpg\",\"width\":562,\"height\":422},{\"@type\":\"BreadcrumbList\",\"@id\":\"https:\\\/\\\/wp.kristdemokraterna.se\\\/mjolby\\\/kontakta-oss\\\/styrelsen-2013-2014\\\/#breadcrumb\",\"itemListElement\":[{\"@type\":\"ListItem\",\"position\":1,\"name\":\"Hem\",\"item\":\"https:\\\/\\\/wp.kristdemokraterna.se\\\/mjolby\\\/\"},{\"@type\":\"ListItem\",\"position\":2,\"name\":\"Privat: Kontakta oss (2)\",\"item\":\"https:\\\/\\\/wp.kristdemokraterna.se\\\/mjolby\\\/?page_id=8\"},{\"@type\":\"ListItem\",\"position\":3,\"name\":\"Styrelsen 2013-2014\"}]},{\"@type\":\"WebSite\",\"@id\":\"https:\\\/\\\/wp.kristdemokraterna.se\\\/mjolby\\\/#website\",\"url\":\"https:\\\/\\\/wp.kristdemokraterna.se\\\/mjolby\\\/\",\"name\":\"Mj\u00f6lby\",\"description\":\"Kristdemokraterna\",\"inLanguage\":\"sv-SE\"}]}<\/script>\n<!-- \/ Yoast SEO plugin. -->","yoast_head_json":{"title":"Styrelsen 2013-2014 - Mj\u00f6lby","robots":{"index":"index","follow":"follow","max-snippet":"max-snippet:-1","max-image-preview":"max-image-preview:large","max-video-preview":"max-video-preview:-1"},"canonical":"https:\/\/wp.kristdemokraterna.se\/mjolby\/kontakta-oss\/styrelsen-2013-2014\/","og_locale":"sv_SE","og_type":"article","og_title":"Styrelsen 2013-2014 - Mj\u00f6lby","og_description":"Valdes in p\u00e5 lokalavdelningens \u00e5rsm\u00f6te den 9 februari 2013 f\u00f6r perioden 2013\/2014. Ordf\u00f6rande Birger Hagstr\u00f6m (&gt;&gt;) Tel: 0142-213 32 (hem), 0736-732 285 (mobil) birger.hagstrom@kristdemokraterna.se Vice ordf\u00f6rande Bengt Olof Idmyr\u00a0(&gt;&gt;) Tel: 0142-407 37 (hem), 0705-515 469 (mobil) tdlidmyr@telia.com Ledam\u00f6ter Therese Gustafsson (&gt;&gt;) Tel: 0142-183 42 (hem), 0705-495 191 (mobil) therese.gustafsson@kristdemokraterna.se Tommy Engback (&gt;&gt;) Tel: 0703-640 690 Read More","og_url":"https:\/\/wp.kristdemokraterna.se\/mjolby\/kontakta-oss\/styrelsen-2013-2014\/","og_site_name":"Mj\u00f6lby","article_modified_time":"2014-02-12T09:13:17+00:00","og_image":[{"url":"http:\/\/wp.kristdemokraterna.se\/mjolby\/files\/2013\/02\/IMG_2770_NG_562px.jpg","type":"","width":"","height":""}],"twitter_card":"summary_large_image","twitter_misc":{"Ber\u00e4knad l\u00e4stid":"1 minut"},"schema":{"@context":"https:\/\/schema.org","@graph":[{"@type":"WebPage","@id":"https:\/\/wp.kristdemokraterna.se\/mjolby\/kontakta-oss\/styrelsen-2013-2014\/","url":"https:\/\/wp.kristdemokraterna.se\/mjolby\/kontakta-oss\/styrelsen-2013-2014\/","name":"Styrelsen 2013-2014 - Mj\u00f6lby","isPartOf":{"@id":"https:\/\/wp.kristdemokraterna.se\/mjolby\/#website"},"primaryImageOfPage":{"@id":"https:\/\/wp.kristdemokraterna.se\/mjolby\/kontakta-oss\/styrelsen-2013-2014\/#primaryimage"},"image":{"@id":"https:\/\/wp.kristdemokraterna.se\/mjolby\/kontakta-oss\/styrelsen-2013-2014\/#primaryimage"},"thumbnailUrl":"http:\/\/wp.kristdemokraterna.se\/mjolby\/files\/2013\/02\/IMG_2770_NG_562px.jpg","datePublished":"2013-02-11T16:39:40+00:00","dateModified":"2014-02-12T09:13:17+00:00","breadcrumb":{"@id":"https:\/\/wp.kristdemokraterna.se\/mjolby\/kontakta-oss\/styrelsen-2013-2014\/#breadcrumb"},"inLanguage":"sv-SE","potentialAction":[{"@type":"ReadAction","target":["https:\/\/wp.kristdemokraterna.se\/mjolby\/kontakta-oss\/styrelsen-2013-2014\/"]}]},{"@type":"ImageObject","inLanguage":"sv-SE","@id":"https:\/\/wp.kristdemokraterna.se\/mjolby\/kontakta-oss\/styrelsen-2013-2014\/#primaryimage","url":"https:\/\/wp.kristdemokraterna.se\/mjolby\/files\/2013\/02\/IMG_2770_NG_562px.jpg","contentUrl":"https:\/\/wp.kristdemokraterna.se\/mjolby\/files\/2013\/02\/IMG_2770_NG_562px.jpg","width":562,"height":422},{"@type":"BreadcrumbList","@id":"https:\/\/wp.kristdemokraterna.se\/mjolby\/kontakta-oss\/styrelsen-2013-2014\/#breadcrumb","itemListElement":[{"@type":"ListItem","position":1,"name":"Hem","item":"https:\/\/wp.kristdemokraterna.se\/mjolby\/"},{"@type":"ListItem","position":2,"name":"Privat: Kontakta oss (2)","item":"https:\/\/wp.kristdemokraterna.se\/mjolby\/?page_id=8"},{"@type":"ListItem","position":3,"name":"Styrelsen 2013-2014"}]},{"@type":"WebSite","@id":"https:\/\/wp.kristdemokraterna.se\/mjolby\/#website","url":"https:\/\/wp.kristdemokraterna.se\/mjolby\/","name":"Mj\u00f6lby","description":"Kristdemokraterna","inLanguage":"sv-SE"}]}},"_links":{"self":[{"href":"https:\/\/wp.kristdemokraterna.se\/mjolby\/wp-json\/wp\/v2\/pages\/236","targetHints":{"allow":["GET"]}}],"collection":[{"href":"https:\/\/wp.kristdemokraterna.se\/mjolby\/wp-json\/wp\/v2\/pages"}],"about":[{"href":"https:\/\/wp.kristdemokraterna.se\/mjolby\/wp-json\/wp\/v2\/types\/page"}],"author":[{"embeddable":true,"href":"https:\/\/wp.kristdemokraterna.se\/mjolby\/wp-json\/wp\/v2\/users\/433"}],"replies":[{"embeddable":true,"href":"https:\/\/wp.kristdemokraterna.se\/mjolby\/wp-json\/wp\/v2\/comments?post=236"}],"version-history":[{"count":46,"href":"https:\/\/wp.kristdemokraterna.se\/mjolby\/wp-json\/wp\/v2\/pages\/236\/revisions"}],"predecessor-version":[{"id":900,"href":"https:\/\/wp.kristdemokraterna.se\/mjolby\/wp-json\/wp\/v2\/pages\/236\/revisions\/900"}],"up":[{"embeddable":true,"href":"https:\/\/wp.kristdemokraterna.se\/mjolby\/wp-json\/wp\/v2\/pages\/8"}],"wp:attachment":[{"href":"https:\/\/wp.kristdemokraterna.se\/mjolby\/wp-json\/wp\/v2\/media?parent=236"}],"curies":[{"name":"wp","href":"https:\/\/api.w.org\/{rel}","templated":true}]}}