{"id":244,"date":"2010-07-03T18:44:20","date_gmt":"2010-07-03T16:44:20","guid":{"rendered":"http:\/\/wp.kristdemokraterna.se\/mjolby\/?page_id=244"},"modified":"2013-10-23T18:43:14","modified_gmt":"2013-10-23T16:43:14","slug":"familjen","status":"publish","type":"page","link":"https:\/\/wp.kristdemokraterna.se\/mjolby\/var-politik\/familjen\/","title":{"rendered":"Familjen"},"content":{"rendered":"<p><strong>Familjen i vardagen<\/strong><br \/>\n<em>Kristdemokraterna vill att\u2026 <\/em><\/p>\n<ul>\n<li>kommunen ska erbjuda en barnomsorgsplats eller annat valfrihetsalternativ inom tre m\u00e5nader fr\u00e5n ans\u00f6kningstiden, om s\u00e5 inte sker ska kompensation motsvarande 80\u00a0 procent av kostnaden f\u00f6r en barnomsorgsplats utg\u00e5 till s\u00f6kanden<\/li>\n<li>v\u00e5rdnadsbidraget ska inf\u00f6ras i kommunen<\/li>\n<li>inf\u00f6ra varlfrihetssystem inom barnomsorgen snarast<\/li>\n<li>forts\u00e4tta att utveckla de familjecentraler som finns i kommunen<\/li>\n<li>\u00f6ppna f\u00f6rskolor ska finnas tillg\u00e4ngliga och knytas till familjecentralerna<\/li>\n<li>f\u00f6r\u00e4ldrast\u00f6dsinsatser erbjuds under hela uppv\u00e4xttiden.<\/li>\n<li>flergenerationsutbildningar f\u00f6r mor- och farf\u00f6r\u00e4ldrar ska etableras<\/li>\n<\/ul>\n","protected":false},"excerpt":{"rendered":"<p>Familjen i vardagen Kristdemokraterna vill att\u2026 kommunen ska erbjuda en barnomsorgsplats eller annat valfrihetsalternativ inom tre m\u00e5nader fr\u00e5n ans\u00f6kningstiden, om s\u00e5 inte sker ska kompensation motsvarande 80\u00a0 procent av kostnaden f\u00f6r en barnomsorgsplats utg\u00e5 till s\u00f6kanden v\u00e5rdnadsbidraget ska inf\u00f6ras i kommunen inf\u00f6ra varlfrihetssystem inom barnomsorgen snarast forts\u00e4tta att utveckla de familjecentraler som finns i kommunen <a class=\"read-more-link\" href=\"https:\/\/wp.kristdemokraterna.se\/mjolby\/var-politik\/familjen\/\">Read More<\/a><\/p>\n","protected":false},"author":433,"featured_media":0,"parent":206,"menu_order":3,"comment_status":"closed","ping_status":"open","template":"","meta":{"_acf_changed":false,"footnotes":""},"class_list":["post-244","page","type-page","status-publish","hentry"],"acf":[],"yoast_head":"<!-- This site is optimized with the Yoast SEO plugin v27.4 - https:\/\/yoast.com\/product\/yoast-seo-wordpress\/ -->\n<title>Familjen - Mj\u00f6lby<\/title>\n<meta name=\"robots\" content=\"index, follow, max-snippet:-1, max-image-preview:large, max-video-preview:-1\" \/>\n<link rel=\"canonical\" href=\"https:\/\/wp.kristdemokraterna.se\/mjolby\/var-politik\/familjen\/\" \/>\n<meta property=\"og:locale\" content=\"sv_SE\" \/>\n<meta property=\"og:type\" content=\"article\" \/>\n<meta property=\"og:title\" content=\"Familjen - Mj\u00f6lby\" \/>\n<meta property=\"og:description\" content=\"Familjen i vardagen Kristdemokraterna vill att\u2026 kommunen ska erbjuda en barnomsorgsplats eller annat valfrihetsalternativ inom tre m\u00e5nader fr\u00e5n ans\u00f6kningstiden, om s\u00e5 inte sker ska kompensation motsvarande 80\u00a0 procent av kostnaden f\u00f6r en barnomsorgsplats utg\u00e5 till s\u00f6kanden v\u00e5rdnadsbidraget ska inf\u00f6ras i kommunen inf\u00f6ra varlfrihetssystem inom barnomsorgen snarast forts\u00e4tta att utveckla de familjecentraler som finns i kommunen Read More\" \/>\n<meta property=\"og:url\" content=\"https:\/\/wp.kristdemokraterna.se\/mjolby\/var-politik\/familjen\/\" \/>\n<meta property=\"og:site_name\" content=\"Mj\u00f6lby\" \/>\n<meta property=\"article:modified_time\" content=\"2013-10-23T16:43:14+00:00\" \/>\n<meta name=\"twitter:card\" content=\"summary_large_image\" \/>\n<script type=\"application\/ld+json\" class=\"yoast-schema-graph\">{\"@context\":\"https:\\\/\\\/schema.org\",\"@graph\":[{\"@type\":\"WebPage\",\"@id\":\"https:\\\/\\\/wp.kristdemokraterna.se\\\/mjolby\\\/var-politik\\\/familjen\\\/\",\"url\":\"https:\\\/\\\/wp.kristdemokraterna.se\\\/mjolby\\\/var-politik\\\/familjen\\\/\",\"name\":\"Familjen - Mj\u00f6lby\",\"isPartOf\":{\"@id\":\"https:\\\/\\\/wp.kristdemokraterna.se\\\/mjolby\\\/#website\"},\"datePublished\":\"2010-07-03T16:44:20+00:00\",\"dateModified\":\"2013-10-23T16:43:14+00:00\",\"breadcrumb\":{\"@id\":\"https:\\\/\\\/wp.kristdemokraterna.se\\\/mjolby\\\/var-politik\\\/familjen\\\/#breadcrumb\"},\"inLanguage\":\"sv-SE\",\"potentialAction\":[{\"@type\":\"ReadAction\",\"target\":[\"https:\\\/\\\/wp.kristdemokraterna.se\\\/mjolby\\\/var-politik\\\/familjen\\\/\"]}]},{\"@type\":\"BreadcrumbList\",\"@id\":\"https:\\\/\\\/wp.kristdemokraterna.se\\\/mjolby\\\/var-politik\\\/familjen\\\/#breadcrumb\",\"itemListElement\":[{\"@type\":\"ListItem\",\"position\":1,\"name\":\"Hem\",\"item\":\"https:\\\/\\\/wp.kristdemokraterna.se\\\/mjolby\\\/\"},{\"@type\":\"ListItem\",\"position\":2,\"name\":\"V\u00e5r politik\",\"item\":\"https:\\\/\\\/wp.kristdemokraterna.se\\\/mjolby\\\/var-politik\\\/\"},{\"@type\":\"ListItem\",\"position\":3,\"name\":\"Familjen\"}]},{\"@type\":\"WebSite\",\"@id\":\"https:\\\/\\\/wp.kristdemokraterna.se\\\/mjolby\\\/#website\",\"url\":\"https:\\\/\\\/wp.kristdemokraterna.se\\\/mjolby\\\/\",\"name\":\"Mj\u00f6lby\",\"description\":\"Kristdemokraterna\",\"inLanguage\":\"sv-SE\"}]}<\/script>\n<!-- \/ Yoast SEO plugin. -->","yoast_head_json":{"title":"Familjen - Mj\u00f6lby","robots":{"index":"index","follow":"follow","max-snippet":"max-snippet:-1","max-image-preview":"max-image-preview:large","max-video-preview":"max-video-preview:-1"},"canonical":"https:\/\/wp.kristdemokraterna.se\/mjolby\/var-politik\/familjen\/","og_locale":"sv_SE","og_type":"article","og_title":"Familjen - Mj\u00f6lby","og_description":"Familjen i vardagen Kristdemokraterna vill att\u2026 kommunen ska erbjuda en barnomsorgsplats eller annat valfrihetsalternativ inom tre m\u00e5nader fr\u00e5n ans\u00f6kningstiden, om s\u00e5 inte sker ska kompensation motsvarande 80\u00a0 procent av kostnaden f\u00f6r en barnomsorgsplats utg\u00e5 till s\u00f6kanden v\u00e5rdnadsbidraget ska inf\u00f6ras i kommunen inf\u00f6ra varlfrihetssystem inom barnomsorgen snarast forts\u00e4tta att utveckla de familjecentraler som finns i kommunen Read More","og_url":"https:\/\/wp.kristdemokraterna.se\/mjolby\/var-politik\/familjen\/","og_site_name":"Mj\u00f6lby","article_modified_time":"2013-10-23T16:43:14+00:00","twitter_card":"summary_large_image","schema":{"@context":"https:\/\/schema.org","@graph":[{"@type":"WebPage","@id":"https:\/\/wp.kristdemokraterna.se\/mjolby\/var-politik\/familjen\/","url":"https:\/\/wp.kristdemokraterna.se\/mjolby\/var-politik\/familjen\/","name":"Familjen - Mj\u00f6lby","isPartOf":{"@id":"https:\/\/wp.kristdemokraterna.se\/mjolby\/#website"},"datePublished":"2010-07-03T16:44:20+00:00","dateModified":"2013-10-23T16:43:14+00:00","breadcrumb":{"@id":"https:\/\/wp.kristdemokraterna.se\/mjolby\/var-politik\/familjen\/#breadcrumb"},"inLanguage":"sv-SE","potentialAction":[{"@type":"ReadAction","target":["https:\/\/wp.kristdemokraterna.se\/mjolby\/var-politik\/familjen\/"]}]},{"@type":"BreadcrumbList","@id":"https:\/\/wp.kristdemokraterna.se\/mjolby\/var-politik\/familjen\/#breadcrumb","itemListElement":[{"@type":"ListItem","position":1,"name":"Hem","item":"https:\/\/wp.kristdemokraterna.se\/mjolby\/"},{"@type":"ListItem","position":2,"name":"V\u00e5r politik","item":"https:\/\/wp.kristdemokraterna.se\/mjolby\/var-politik\/"},{"@type":"ListItem","position":3,"name":"Familjen"}]},{"@type":"WebSite","@id":"https:\/\/wp.kristdemokraterna.se\/mjolby\/#website","url":"https:\/\/wp.kristdemokraterna.se\/mjolby\/","name":"Mj\u00f6lby","description":"Kristdemokraterna","inLanguage":"sv-SE"}]}},"_links":{"self":[{"href":"https:\/\/wp.kristdemokraterna.se\/mjolby\/wp-json\/wp\/v2\/pages\/244","targetHints":{"allow":["GET"]}}],"collection":[{"href":"https:\/\/wp.kristdemokraterna.se\/mjolby\/wp-json\/wp\/v2\/pages"}],"about":[{"href":"https:\/\/wp.kristdemokraterna.se\/mjolby\/wp-json\/wp\/v2\/types\/page"}],"author":[{"embeddable":true,"href":"https:\/\/wp.kristdemokraterna.se\/mjolby\/wp-json\/wp\/v2\/users\/433"}],"replies":[{"embeddable":true,"href":"https:\/\/wp.kristdemokraterna.se\/mjolby\/wp-json\/wp\/v2\/comments?post=244"}],"version-history":[{"count":5,"href":"https:\/\/wp.kristdemokraterna.se\/mjolby\/wp-json\/wp\/v2\/pages\/244\/revisions"}],"predecessor-version":[{"id":277,"href":"https:\/\/wp.kristdemokraterna.se\/mjolby\/wp-json\/wp\/v2\/pages\/244\/revisions\/277"}],"up":[{"embeddable":true,"href":"https:\/\/wp.kristdemokraterna.se\/mjolby\/wp-json\/wp\/v2\/pages\/206"}],"wp:attachment":[{"href":"https:\/\/wp.kristdemokraterna.se\/mjolby\/wp-json\/wp\/v2\/media?parent=244"}],"curies":[{"name":"wp","href":"https:\/\/api.w.org\/{rel}","templated":true}]}}