{"id":270,"date":"2010-07-03T18:43:09","date_gmt":"2010-07-03T16:43:09","guid":{"rendered":"http:\/\/wp.kristdemokraterna.se\/mjolby\/?page_id=270"},"modified":"2013-10-23T18:42:00","modified_gmt":"2013-10-23T16:42:00","slug":"forskolan","status":"publish","type":"page","link":"https:\/\/wp.kristdemokraterna.se\/mjolby\/var-politik\/forskolan\/","title":{"rendered":"F\u00f6rskolan"},"content":{"rendered":"<p><strong>F\u00f6rskolan &#8211; en plats f\u00f6r omsorg, lek och l\u00e4rande<\/strong><br \/>\n<em>Kristdemokraterna vill att\u2026 <\/em><\/p>\n<ul>\n<li>valfrihet och m\u00e5ngfald ska finnas inom f\u00f6rskoleverksamheten<\/li>\n<li>l\u00e4roplanens intentioner ska ligga till grund f\u00f6r all f\u00f6rskoleverksamhet<\/li>\n<li>f\u00f6rskolans barngrupper ska vara sm\u00e5<\/li>\n<li>personalf\u00f6rs\u00f6rjningen \u00e4r god och att det finns v\u00e4l utbildad pedagogisk personal i f\u00f6rskolan<\/li>\n<li>f\u00f6rskoleverksamheten prioriterar arbetet med barns spr\u00e5kutveckling<\/li>\n<li>f\u00f6rskoleverksamheten ges m\u00f6jlighet att ta del av kommunens kulturutbud<\/li>\n<li>kompetens om modersm\u00e5lets roll, om andraspr\u00e5ksinl\u00e4rning och spr\u00e5kutvecklande arbetss\u00e4tt ska st\u00e4rkas<\/li>\n<li>f\u00f6rskola nattetid b\u00f6r inf\u00f6ras i Mj\u00f6lby<\/li>\n<\/ul>\n","protected":false},"excerpt":{"rendered":"<p>F\u00f6rskolan &#8211; en plats f\u00f6r omsorg, lek och l\u00e4rande Kristdemokraterna vill att\u2026 valfrihet och m\u00e5ngfald ska finnas inom f\u00f6rskoleverksamheten l\u00e4roplanens intentioner ska ligga till grund f\u00f6r all f\u00f6rskoleverksamhet f\u00f6rskolans barngrupper ska vara sm\u00e5 personalf\u00f6rs\u00f6rjningen \u00e4r god och att det finns v\u00e4l utbildad pedagogisk personal i f\u00f6rskolan f\u00f6rskoleverksamheten prioriterar arbetet med barns spr\u00e5kutveckling f\u00f6rskoleverksamheten ges m\u00f6jlighet <a class=\"read-more-link\" href=\"https:\/\/wp.kristdemokraterna.se\/mjolby\/var-politik\/forskolan\/\">Read More<\/a><\/p>\n","protected":false},"author":433,"featured_media":0,"parent":206,"menu_order":4,"comment_status":"closed","ping_status":"open","template":"","meta":{"_acf_changed":false,"footnotes":""},"class_list":["post-270","page","type-page","status-publish","hentry"],"acf":[],"yoast_head":"<!-- This site is optimized with the Yoast SEO plugin v27.3 - https:\/\/yoast.com\/product\/yoast-seo-wordpress\/ -->\n<title>F\u00f6rskolan - Mj\u00f6lby<\/title>\n<meta name=\"robots\" content=\"index, follow, max-snippet:-1, max-image-preview:large, max-video-preview:-1\" \/>\n<link rel=\"canonical\" href=\"https:\/\/wp.kristdemokraterna.se\/mjolby\/var-politik\/forskolan\/\" \/>\n<meta property=\"og:locale\" content=\"sv_SE\" \/>\n<meta property=\"og:type\" content=\"article\" \/>\n<meta property=\"og:title\" content=\"F\u00f6rskolan - Mj\u00f6lby\" \/>\n<meta property=\"og:description\" content=\"F\u00f6rskolan &#8211; en plats f\u00f6r omsorg, lek och l\u00e4rande Kristdemokraterna vill att\u2026 valfrihet och m\u00e5ngfald ska finnas inom f\u00f6rskoleverksamheten l\u00e4roplanens intentioner ska ligga till grund f\u00f6r all f\u00f6rskoleverksamhet f\u00f6rskolans barngrupper ska vara sm\u00e5 personalf\u00f6rs\u00f6rjningen \u00e4r god och att det finns v\u00e4l utbildad pedagogisk personal i f\u00f6rskolan f\u00f6rskoleverksamheten prioriterar arbetet med barns spr\u00e5kutveckling f\u00f6rskoleverksamheten ges m\u00f6jlighet Read More\" \/>\n<meta property=\"og:url\" content=\"https:\/\/wp.kristdemokraterna.se\/mjolby\/var-politik\/forskolan\/\" \/>\n<meta property=\"og:site_name\" content=\"Mj\u00f6lby\" \/>\n<meta property=\"article:modified_time\" content=\"2013-10-23T16:42:00+00:00\" \/>\n<meta name=\"twitter:card\" content=\"summary_large_image\" \/>\n<meta name=\"twitter:label1\" content=\"Ber\u00e4knad l\u00e4stid\" \/>\n\t<meta name=\"twitter:data1\" content=\"1 minut\" \/>\n<script type=\"application\/ld+json\" class=\"yoast-schema-graph\">{\"@context\":\"https:\\\/\\\/schema.org\",\"@graph\":[{\"@type\":\"WebPage\",\"@id\":\"https:\\\/\\\/wp.kristdemokraterna.se\\\/mjolby\\\/var-politik\\\/forskolan\\\/\",\"url\":\"https:\\\/\\\/wp.kristdemokraterna.se\\\/mjolby\\\/var-politik\\\/forskolan\\\/\",\"name\":\"F\u00f6rskolan - Mj\u00f6lby\",\"isPartOf\":{\"@id\":\"https:\\\/\\\/wp.kristdemokraterna.se\\\/mjolby\\\/#website\"},\"datePublished\":\"2010-07-03T16:43:09+00:00\",\"dateModified\":\"2013-10-23T16:42:00+00:00\",\"breadcrumb\":{\"@id\":\"https:\\\/\\\/wp.kristdemokraterna.se\\\/mjolby\\\/var-politik\\\/forskolan\\\/#breadcrumb\"},\"inLanguage\":\"sv-SE\",\"potentialAction\":[{\"@type\":\"ReadAction\",\"target\":[\"https:\\\/\\\/wp.kristdemokraterna.se\\\/mjolby\\\/var-politik\\\/forskolan\\\/\"]}]},{\"@type\":\"BreadcrumbList\",\"@id\":\"https:\\\/\\\/wp.kristdemokraterna.se\\\/mjolby\\\/var-politik\\\/forskolan\\\/#breadcrumb\",\"itemListElement\":[{\"@type\":\"ListItem\",\"position\":1,\"name\":\"Hem\",\"item\":\"https:\\\/\\\/wp.kristdemokraterna.se\\\/mjolby\\\/\"},{\"@type\":\"ListItem\",\"position\":2,\"name\":\"V\u00e5r politik\",\"item\":\"https:\\\/\\\/wp.kristdemokraterna.se\\\/mjolby\\\/var-politik\\\/\"},{\"@type\":\"ListItem\",\"position\":3,\"name\":\"F\u00f6rskolan\"}]},{\"@type\":\"WebSite\",\"@id\":\"https:\\\/\\\/wp.kristdemokraterna.se\\\/mjolby\\\/#website\",\"url\":\"https:\\\/\\\/wp.kristdemokraterna.se\\\/mjolby\\\/\",\"name\":\"Mj\u00f6lby\",\"description\":\"Kristdemokraterna\",\"inLanguage\":\"sv-SE\"}]}<\/script>\n<!-- \/ Yoast SEO plugin. -->","yoast_head_json":{"title":"F\u00f6rskolan - Mj\u00f6lby","robots":{"index":"index","follow":"follow","max-snippet":"max-snippet:-1","max-image-preview":"max-image-preview:large","max-video-preview":"max-video-preview:-1"},"canonical":"https:\/\/wp.kristdemokraterna.se\/mjolby\/var-politik\/forskolan\/","og_locale":"sv_SE","og_type":"article","og_title":"F\u00f6rskolan - Mj\u00f6lby","og_description":"F\u00f6rskolan &#8211; en plats f\u00f6r omsorg, lek och l\u00e4rande Kristdemokraterna vill att\u2026 valfrihet och m\u00e5ngfald ska finnas inom f\u00f6rskoleverksamheten l\u00e4roplanens intentioner ska ligga till grund f\u00f6r all f\u00f6rskoleverksamhet f\u00f6rskolans barngrupper ska vara sm\u00e5 personalf\u00f6rs\u00f6rjningen \u00e4r god och att det finns v\u00e4l utbildad pedagogisk personal i f\u00f6rskolan f\u00f6rskoleverksamheten prioriterar arbetet med barns spr\u00e5kutveckling f\u00f6rskoleverksamheten ges m\u00f6jlighet Read More","og_url":"https:\/\/wp.kristdemokraterna.se\/mjolby\/var-politik\/forskolan\/","og_site_name":"Mj\u00f6lby","article_modified_time":"2013-10-23T16:42:00+00:00","twitter_card":"summary_large_image","twitter_misc":{"Ber\u00e4knad l\u00e4stid":"1 minut"},"schema":{"@context":"https:\/\/schema.org","@graph":[{"@type":"WebPage","@id":"https:\/\/wp.kristdemokraterna.se\/mjolby\/var-politik\/forskolan\/","url":"https:\/\/wp.kristdemokraterna.se\/mjolby\/var-politik\/forskolan\/","name":"F\u00f6rskolan - Mj\u00f6lby","isPartOf":{"@id":"https:\/\/wp.kristdemokraterna.se\/mjolby\/#website"},"datePublished":"2010-07-03T16:43:09+00:00","dateModified":"2013-10-23T16:42:00+00:00","breadcrumb":{"@id":"https:\/\/wp.kristdemokraterna.se\/mjolby\/var-politik\/forskolan\/#breadcrumb"},"inLanguage":"sv-SE","potentialAction":[{"@type":"ReadAction","target":["https:\/\/wp.kristdemokraterna.se\/mjolby\/var-politik\/forskolan\/"]}]},{"@type":"BreadcrumbList","@id":"https:\/\/wp.kristdemokraterna.se\/mjolby\/var-politik\/forskolan\/#breadcrumb","itemListElement":[{"@type":"ListItem","position":1,"name":"Hem","item":"https:\/\/wp.kristdemokraterna.se\/mjolby\/"},{"@type":"ListItem","position":2,"name":"V\u00e5r politik","item":"https:\/\/wp.kristdemokraterna.se\/mjolby\/var-politik\/"},{"@type":"ListItem","position":3,"name":"F\u00f6rskolan"}]},{"@type":"WebSite","@id":"https:\/\/wp.kristdemokraterna.se\/mjolby\/#website","url":"https:\/\/wp.kristdemokraterna.se\/mjolby\/","name":"Mj\u00f6lby","description":"Kristdemokraterna","inLanguage":"sv-SE"}]}},"_links":{"self":[{"href":"https:\/\/wp.kristdemokraterna.se\/mjolby\/wp-json\/wp\/v2\/pages\/270","targetHints":{"allow":["GET"]}}],"collection":[{"href":"https:\/\/wp.kristdemokraterna.se\/mjolby\/wp-json\/wp\/v2\/pages"}],"about":[{"href":"https:\/\/wp.kristdemokraterna.se\/mjolby\/wp-json\/wp\/v2\/types\/page"}],"author":[{"embeddable":true,"href":"https:\/\/wp.kristdemokraterna.se\/mjolby\/wp-json\/wp\/v2\/users\/433"}],"replies":[{"embeddable":true,"href":"https:\/\/wp.kristdemokraterna.se\/mjolby\/wp-json\/wp\/v2\/comments?post=270"}],"version-history":[{"count":7,"href":"https:\/\/wp.kristdemokraterna.se\/mjolby\/wp-json\/wp\/v2\/pages\/270\/revisions"}],"predecessor-version":[{"id":282,"href":"https:\/\/wp.kristdemokraterna.se\/mjolby\/wp-json\/wp\/v2\/pages\/270\/revisions\/282"}],"up":[{"embeddable":true,"href":"https:\/\/wp.kristdemokraterna.se\/mjolby\/wp-json\/wp\/v2\/pages\/206"}],"wp:attachment":[{"href":"https:\/\/wp.kristdemokraterna.se\/mjolby\/wp-json\/wp\/v2\/media?parent=270"}],"curies":[{"name":"wp","href":"https:\/\/api.w.org\/{rel}","templated":true}]}}