{"id":346,"date":"2010-07-03T18:41:19","date_gmt":"2010-07-03T16:41:19","guid":{"rendered":"http:\/\/wp.kristdemokraterna.se\/mjolby\/?page_id=346"},"modified":"2013-10-23T18:37:59","modified_gmt":"2013-10-23T16:37:59","slug":"fritidsliv","status":"publish","type":"page","link":"https:\/\/wp.kristdemokraterna.se\/mjolby\/var-politik\/fritidsliv\/","title":{"rendered":"Fritidsliv"},"content":{"rendered":"<p><strong>Ett rikt fritidsliv ger merv\u00e4rde<\/strong><br \/>\n<em>Kristdemokraterna vill att\u2026 <\/em><\/p>\n<ul>\n<li>ett brett utbud av fritidsaktiviteter erbjuds<\/li>\n<li>verka f\u00f6r att det finns drog- och alkoholfria fritidsaktiviteter<\/li>\n<li>ge m\u00e4nniskor med funktionsneds\u00e4ttning samma m\u00f6jligheter till idrott och annat fritidsutbud<\/li>\n<li>verka f\u00f6r att det vid planering av nya bostadsomr\u00e5den skapas ytor f\u00f6r spontanidrott<\/li>\n<li>verka f\u00f6r att h\u00e4nsyn tas till de \u00e4ldres behov vid planering av rekreations- och motionsanl\u00e4ggningar<\/li>\n<li>det civila samh\u00e4llet, det vill s\u00e4ga bland annat f\u00f6reningar och organisationer, ska ha stort inflytande \u00f6ver fritidsverksamheten<\/li>\n<li>kommunala anl\u00e4ggningar \u00e4r tillg\u00e4ngliga f\u00f6r f\u00f6reningslivet och ser g\u00e4rna att f\u00f6reningar driver anl\u00e4ggningarna d\u00e4r s\u00e5 \u00e4r m\u00f6jligt<\/li>\n<li>flexibla aktivitetsanpassade bidrag f\u00f6r att st\u00f6dja f\u00f6reningslivet ska finnas<\/li>\n<\/ul>\n","protected":false},"excerpt":{"rendered":"<p>Ett rikt fritidsliv ger merv\u00e4rde Kristdemokraterna vill att\u2026 ett brett utbud av fritidsaktiviteter erbjuds verka f\u00f6r att det finns drog- och alkoholfria fritidsaktiviteter ge m\u00e4nniskor med funktionsneds\u00e4ttning samma m\u00f6jligheter till idrott och annat fritidsutbud verka f\u00f6r att det vid planering av nya bostadsomr\u00e5den skapas ytor f\u00f6r spontanidrott verka f\u00f6r att h\u00e4nsyn tas till de \u00e4ldres <a class=\"read-more-link\" href=\"https:\/\/wp.kristdemokraterna.se\/mjolby\/var-politik\/fritidsliv\/\">Read More<\/a><\/p>\n","protected":false},"author":433,"featured_media":0,"parent":206,"menu_order":6,"comment_status":"closed","ping_status":"open","template":"","meta":{"_acf_changed":false,"footnotes":""},"class_list":["post-346","page","type-page","status-publish","hentry"],"acf":[],"yoast_head":"<!-- This site is optimized with the Yoast SEO plugin v27.4 - https:\/\/yoast.com\/product\/yoast-seo-wordpress\/ -->\n<title>Fritidsliv - Mj\u00f6lby<\/title>\n<meta name=\"robots\" content=\"index, follow, max-snippet:-1, max-image-preview:large, max-video-preview:-1\" \/>\n<link rel=\"canonical\" href=\"https:\/\/wp.kristdemokraterna.se\/mjolby\/var-politik\/fritidsliv\/\" \/>\n<meta property=\"og:locale\" content=\"sv_SE\" \/>\n<meta property=\"og:type\" content=\"article\" \/>\n<meta property=\"og:title\" content=\"Fritidsliv - Mj\u00f6lby\" \/>\n<meta property=\"og:description\" content=\"Ett rikt fritidsliv ger merv\u00e4rde Kristdemokraterna vill att\u2026 ett brett utbud av fritidsaktiviteter erbjuds verka f\u00f6r att det finns drog- och alkoholfria fritidsaktiviteter ge m\u00e4nniskor med funktionsneds\u00e4ttning samma m\u00f6jligheter till idrott och annat fritidsutbud verka f\u00f6r att det vid planering av nya bostadsomr\u00e5den skapas ytor f\u00f6r spontanidrott verka f\u00f6r att h\u00e4nsyn tas till de \u00e4ldres Read More\" \/>\n<meta property=\"og:url\" content=\"https:\/\/wp.kristdemokraterna.se\/mjolby\/var-politik\/fritidsliv\/\" \/>\n<meta property=\"og:site_name\" content=\"Mj\u00f6lby\" \/>\n<meta property=\"article:modified_time\" content=\"2013-10-23T16:37:59+00:00\" \/>\n<meta name=\"twitter:card\" content=\"summary_large_image\" \/>\n<meta name=\"twitter:label1\" content=\"Ber\u00e4knad l\u00e4stid\" \/>\n\t<meta name=\"twitter:data1\" content=\"1 minut\" \/>\n<script type=\"application\/ld+json\" class=\"yoast-schema-graph\">{\"@context\":\"https:\\\/\\\/schema.org\",\"@graph\":[{\"@type\":\"WebPage\",\"@id\":\"https:\\\/\\\/wp.kristdemokraterna.se\\\/mjolby\\\/var-politik\\\/fritidsliv\\\/\",\"url\":\"https:\\\/\\\/wp.kristdemokraterna.se\\\/mjolby\\\/var-politik\\\/fritidsliv\\\/\",\"name\":\"Fritidsliv - Mj\u00f6lby\",\"isPartOf\":{\"@id\":\"https:\\\/\\\/wp.kristdemokraterna.se\\\/mjolby\\\/#website\"},\"datePublished\":\"2010-07-03T16:41:19+00:00\",\"dateModified\":\"2013-10-23T16:37:59+00:00\",\"breadcrumb\":{\"@id\":\"https:\\\/\\\/wp.kristdemokraterna.se\\\/mjolby\\\/var-politik\\\/fritidsliv\\\/#breadcrumb\"},\"inLanguage\":\"sv-SE\",\"potentialAction\":[{\"@type\":\"ReadAction\",\"target\":[\"https:\\\/\\\/wp.kristdemokraterna.se\\\/mjolby\\\/var-politik\\\/fritidsliv\\\/\"]}]},{\"@type\":\"BreadcrumbList\",\"@id\":\"https:\\\/\\\/wp.kristdemokraterna.se\\\/mjolby\\\/var-politik\\\/fritidsliv\\\/#breadcrumb\",\"itemListElement\":[{\"@type\":\"ListItem\",\"position\":1,\"name\":\"Hem\",\"item\":\"https:\\\/\\\/wp.kristdemokraterna.se\\\/mjolby\\\/\"},{\"@type\":\"ListItem\",\"position\":2,\"name\":\"V\u00e5r politik\",\"item\":\"https:\\\/\\\/wp.kristdemokraterna.se\\\/mjolby\\\/var-politik\\\/\"},{\"@type\":\"ListItem\",\"position\":3,\"name\":\"Fritidsliv\"}]},{\"@type\":\"WebSite\",\"@id\":\"https:\\\/\\\/wp.kristdemokraterna.se\\\/mjolby\\\/#website\",\"url\":\"https:\\\/\\\/wp.kristdemokraterna.se\\\/mjolby\\\/\",\"name\":\"Mj\u00f6lby\",\"description\":\"Kristdemokraterna\",\"inLanguage\":\"sv-SE\"}]}<\/script>\n<!-- \/ Yoast SEO plugin. -->","yoast_head_json":{"title":"Fritidsliv - Mj\u00f6lby","robots":{"index":"index","follow":"follow","max-snippet":"max-snippet:-1","max-image-preview":"max-image-preview:large","max-video-preview":"max-video-preview:-1"},"canonical":"https:\/\/wp.kristdemokraterna.se\/mjolby\/var-politik\/fritidsliv\/","og_locale":"sv_SE","og_type":"article","og_title":"Fritidsliv - Mj\u00f6lby","og_description":"Ett rikt fritidsliv ger merv\u00e4rde Kristdemokraterna vill att\u2026 ett brett utbud av fritidsaktiviteter erbjuds verka f\u00f6r att det finns drog- och alkoholfria fritidsaktiviteter ge m\u00e4nniskor med funktionsneds\u00e4ttning samma m\u00f6jligheter till idrott och annat fritidsutbud verka f\u00f6r att det vid planering av nya bostadsomr\u00e5den skapas ytor f\u00f6r spontanidrott verka f\u00f6r att h\u00e4nsyn tas till de \u00e4ldres Read More","og_url":"https:\/\/wp.kristdemokraterna.se\/mjolby\/var-politik\/fritidsliv\/","og_site_name":"Mj\u00f6lby","article_modified_time":"2013-10-23T16:37:59+00:00","twitter_card":"summary_large_image","twitter_misc":{"Ber\u00e4knad l\u00e4stid":"1 minut"},"schema":{"@context":"https:\/\/schema.org","@graph":[{"@type":"WebPage","@id":"https:\/\/wp.kristdemokraterna.se\/mjolby\/var-politik\/fritidsliv\/","url":"https:\/\/wp.kristdemokraterna.se\/mjolby\/var-politik\/fritidsliv\/","name":"Fritidsliv - Mj\u00f6lby","isPartOf":{"@id":"https:\/\/wp.kristdemokraterna.se\/mjolby\/#website"},"datePublished":"2010-07-03T16:41:19+00:00","dateModified":"2013-10-23T16:37:59+00:00","breadcrumb":{"@id":"https:\/\/wp.kristdemokraterna.se\/mjolby\/var-politik\/fritidsliv\/#breadcrumb"},"inLanguage":"sv-SE","potentialAction":[{"@type":"ReadAction","target":["https:\/\/wp.kristdemokraterna.se\/mjolby\/var-politik\/fritidsliv\/"]}]},{"@type":"BreadcrumbList","@id":"https:\/\/wp.kristdemokraterna.se\/mjolby\/var-politik\/fritidsliv\/#breadcrumb","itemListElement":[{"@type":"ListItem","position":1,"name":"Hem","item":"https:\/\/wp.kristdemokraterna.se\/mjolby\/"},{"@type":"ListItem","position":2,"name":"V\u00e5r politik","item":"https:\/\/wp.kristdemokraterna.se\/mjolby\/var-politik\/"},{"@type":"ListItem","position":3,"name":"Fritidsliv"}]},{"@type":"WebSite","@id":"https:\/\/wp.kristdemokraterna.se\/mjolby\/#website","url":"https:\/\/wp.kristdemokraterna.se\/mjolby\/","name":"Mj\u00f6lby","description":"Kristdemokraterna","inLanguage":"sv-SE"}]}},"_links":{"self":[{"href":"https:\/\/wp.kristdemokraterna.se\/mjolby\/wp-json\/wp\/v2\/pages\/346","targetHints":{"allow":["GET"]}}],"collection":[{"href":"https:\/\/wp.kristdemokraterna.se\/mjolby\/wp-json\/wp\/v2\/pages"}],"about":[{"href":"https:\/\/wp.kristdemokraterna.se\/mjolby\/wp-json\/wp\/v2\/types\/page"}],"author":[{"embeddable":true,"href":"https:\/\/wp.kristdemokraterna.se\/mjolby\/wp-json\/wp\/v2\/users\/433"}],"replies":[{"embeddable":true,"href":"https:\/\/wp.kristdemokraterna.se\/mjolby\/wp-json\/wp\/v2\/comments?post=346"}],"version-history":[{"count":3,"href":"https:\/\/wp.kristdemokraterna.se\/mjolby\/wp-json\/wp\/v2\/pages\/346\/revisions"}],"predecessor-version":[{"id":349,"href":"https:\/\/wp.kristdemokraterna.se\/mjolby\/wp-json\/wp\/v2\/pages\/346\/revisions\/349"}],"up":[{"embeddable":true,"href":"https:\/\/wp.kristdemokraterna.se\/mjolby\/wp-json\/wp\/v2\/pages\/206"}],"wp:attachment":[{"href":"https:\/\/wp.kristdemokraterna.se\/mjolby\/wp-json\/wp\/v2\/media?parent=346"}],"curies":[{"name":"wp","href":"https:\/\/api.w.org\/{rel}","templated":true}]}}