{"id":352,"date":"2010-07-03T18:40:16","date_gmt":"2010-07-03T16:40:16","guid":{"rendered":"http:\/\/wp.kristdemokraterna.se\/mjolby\/?page_id=352"},"modified":"2013-10-08T17:11:38","modified_gmt":"2013-10-08T15:11:38","slug":"funktionsnedsattning","status":"publish","type":"page","link":"https:\/\/wp.kristdemokraterna.se\/mjolby\/var-politik\/funktionsnedsattning\/","title":{"rendered":"Funktionsneds\u00e4ttning"},"content":{"rendered":"<p><strong>En kommun d\u00e4r funktionsneds\u00e4ttning inte blir ett handikapp<\/strong><br \/>\n<em>Kristdemokraterna vill att\u2026<\/em><\/p>\n<ul>\n<li>kommunen uppr\u00e4ttar en handlingsplan f\u00f6r tillg\u00e4nglighet, delaktighet och j\u00e4mlikhet<\/li>\n<li>FN:s standardregler f\u00f6r delaktighet och j\u00e4mlikhet samt konventionen om funktionsneds\u00e4ttning till\u00e4mpas i kommunen<\/li>\n<li>kommunen ser \u00f6ver policyn f\u00f6r upphandling ur ett tillg\u00e4nglighetsperspektiv<\/li>\n<li>att det finns god tillg\u00e5ng av anpassade boenden f\u00f6r personer med funktionsneds\u00e4ttning<\/li>\n<li>Bostadsbolaget investerar i bostadsanpassning och t\u00e4nker p\u00e5 tillg\u00e4nglighet vid nybyggnation<\/li>\n<li>kostnader f\u00f6r f\u00e4rdtj\u00e4nst och mobilitetsst\u00f6d, bilst\u00f6d, samordnas<\/li>\n<li>kommunens tj\u00e4nstem\u00e4n och l\u00e4rare utbildas f\u00f6r b\u00e4ttre f\u00f6rst\u00e5else och bem\u00f6tande av personer med funktionsneds\u00e4ttning<\/li>\n<li>kommunen samverkar med handikapporganisationer f\u00f6r att uppm\u00e4rksamma de brister som finns i samh\u00e4llet och \u00e4ven verka f\u00f6rebyggande<\/li>\n<\/ul>\n","protected":false},"excerpt":{"rendered":"<p>En kommun d\u00e4r funktionsneds\u00e4ttning inte blir ett handikapp Kristdemokraterna vill att\u2026 kommunen uppr\u00e4ttar en handlingsplan f\u00f6r tillg\u00e4nglighet, delaktighet och j\u00e4mlikhet FN:s standardregler f\u00f6r delaktighet och j\u00e4mlikhet samt konventionen om funktionsneds\u00e4ttning till\u00e4mpas i kommunen kommunen ser \u00f6ver policyn f\u00f6r upphandling ur ett tillg\u00e4nglighetsperspektiv att det finns god tillg\u00e5ng av anpassade boenden f\u00f6r personer med funktionsneds\u00e4ttning Bostadsbolaget <a class=\"read-more-link\" href=\"https:\/\/wp.kristdemokraterna.se\/mjolby\/var-politik\/funktionsnedsattning\/\">Read More<\/a><\/p>\n","protected":false},"author":433,"featured_media":0,"parent":206,"menu_order":7,"comment_status":"closed","ping_status":"open","template":"","meta":{"_acf_changed":false,"footnotes":""},"class_list":["post-352","page","type-page","status-publish","hentry"],"acf":[],"yoast_head":"<!-- This site is optimized with the Yoast SEO plugin v27.4 - https:\/\/yoast.com\/product\/yoast-seo-wordpress\/ -->\n<title>Funktionsneds\u00e4ttning - Mj\u00f6lby<\/title>\n<meta name=\"robots\" content=\"index, follow, max-snippet:-1, max-image-preview:large, max-video-preview:-1\" \/>\n<link rel=\"canonical\" href=\"https:\/\/wp.kristdemokraterna.se\/mjolby\/var-politik\/funktionsnedsattning\/\" \/>\n<meta property=\"og:locale\" content=\"sv_SE\" \/>\n<meta property=\"og:type\" content=\"article\" \/>\n<meta property=\"og:title\" content=\"Funktionsneds\u00e4ttning - Mj\u00f6lby\" \/>\n<meta property=\"og:description\" content=\"En kommun d\u00e4r funktionsneds\u00e4ttning inte blir ett handikapp Kristdemokraterna vill att\u2026 kommunen uppr\u00e4ttar en handlingsplan f\u00f6r tillg\u00e4nglighet, delaktighet och j\u00e4mlikhet FN:s standardregler f\u00f6r delaktighet och j\u00e4mlikhet samt konventionen om funktionsneds\u00e4ttning till\u00e4mpas i kommunen kommunen ser \u00f6ver policyn f\u00f6r upphandling ur ett tillg\u00e4nglighetsperspektiv att det finns god tillg\u00e5ng av anpassade boenden f\u00f6r personer med funktionsneds\u00e4ttning Bostadsbolaget Read More\" \/>\n<meta property=\"og:url\" content=\"https:\/\/wp.kristdemokraterna.se\/mjolby\/var-politik\/funktionsnedsattning\/\" \/>\n<meta property=\"og:site_name\" content=\"Mj\u00f6lby\" \/>\n<meta property=\"article:modified_time\" content=\"2013-10-08T15:11:38+00:00\" \/>\n<meta name=\"twitter:card\" content=\"summary_large_image\" \/>\n<meta name=\"twitter:label1\" content=\"Ber\u00e4knad l\u00e4stid\" \/>\n\t<meta name=\"twitter:data1\" content=\"1 minut\" \/>\n<script type=\"application\/ld+json\" class=\"yoast-schema-graph\">{\"@context\":\"https:\\\/\\\/schema.org\",\"@graph\":[{\"@type\":\"WebPage\",\"@id\":\"https:\\\/\\\/wp.kristdemokraterna.se\\\/mjolby\\\/var-politik\\\/funktionsnedsattning\\\/\",\"url\":\"https:\\\/\\\/wp.kristdemokraterna.se\\\/mjolby\\\/var-politik\\\/funktionsnedsattning\\\/\",\"name\":\"Funktionsneds\u00e4ttning - Mj\u00f6lby\",\"isPartOf\":{\"@id\":\"https:\\\/\\\/wp.kristdemokraterna.se\\\/mjolby\\\/#website\"},\"datePublished\":\"2010-07-03T16:40:16+00:00\",\"dateModified\":\"2013-10-08T15:11:38+00:00\",\"breadcrumb\":{\"@id\":\"https:\\\/\\\/wp.kristdemokraterna.se\\\/mjolby\\\/var-politik\\\/funktionsnedsattning\\\/#breadcrumb\"},\"inLanguage\":\"sv-SE\",\"potentialAction\":[{\"@type\":\"ReadAction\",\"target\":[\"https:\\\/\\\/wp.kristdemokraterna.se\\\/mjolby\\\/var-politik\\\/funktionsnedsattning\\\/\"]}]},{\"@type\":\"BreadcrumbList\",\"@id\":\"https:\\\/\\\/wp.kristdemokraterna.se\\\/mjolby\\\/var-politik\\\/funktionsnedsattning\\\/#breadcrumb\",\"itemListElement\":[{\"@type\":\"ListItem\",\"position\":1,\"name\":\"Hem\",\"item\":\"https:\\\/\\\/wp.kristdemokraterna.se\\\/mjolby\\\/\"},{\"@type\":\"ListItem\",\"position\":2,\"name\":\"V\u00e5r politik\",\"item\":\"https:\\\/\\\/wp.kristdemokraterna.se\\\/mjolby\\\/var-politik\\\/\"},{\"@type\":\"ListItem\",\"position\":3,\"name\":\"Funktionsneds\u00e4ttning\"}]},{\"@type\":\"WebSite\",\"@id\":\"https:\\\/\\\/wp.kristdemokraterna.se\\\/mjolby\\\/#website\",\"url\":\"https:\\\/\\\/wp.kristdemokraterna.se\\\/mjolby\\\/\",\"name\":\"Mj\u00f6lby\",\"description\":\"Kristdemokraterna\",\"inLanguage\":\"sv-SE\"}]}<\/script>\n<!-- \/ Yoast SEO plugin. -->","yoast_head_json":{"title":"Funktionsneds\u00e4ttning - Mj\u00f6lby","robots":{"index":"index","follow":"follow","max-snippet":"max-snippet:-1","max-image-preview":"max-image-preview:large","max-video-preview":"max-video-preview:-1"},"canonical":"https:\/\/wp.kristdemokraterna.se\/mjolby\/var-politik\/funktionsnedsattning\/","og_locale":"sv_SE","og_type":"article","og_title":"Funktionsneds\u00e4ttning - Mj\u00f6lby","og_description":"En kommun d\u00e4r funktionsneds\u00e4ttning inte blir ett handikapp Kristdemokraterna vill att\u2026 kommunen uppr\u00e4ttar en handlingsplan f\u00f6r tillg\u00e4nglighet, delaktighet och j\u00e4mlikhet FN:s standardregler f\u00f6r delaktighet och j\u00e4mlikhet samt konventionen om funktionsneds\u00e4ttning till\u00e4mpas i kommunen kommunen ser \u00f6ver policyn f\u00f6r upphandling ur ett tillg\u00e4nglighetsperspektiv att det finns god tillg\u00e5ng av anpassade boenden f\u00f6r personer med funktionsneds\u00e4ttning Bostadsbolaget Read More","og_url":"https:\/\/wp.kristdemokraterna.se\/mjolby\/var-politik\/funktionsnedsattning\/","og_site_name":"Mj\u00f6lby","article_modified_time":"2013-10-08T15:11:38+00:00","twitter_card":"summary_large_image","twitter_misc":{"Ber\u00e4knad l\u00e4stid":"1 minut"},"schema":{"@context":"https:\/\/schema.org","@graph":[{"@type":"WebPage","@id":"https:\/\/wp.kristdemokraterna.se\/mjolby\/var-politik\/funktionsnedsattning\/","url":"https:\/\/wp.kristdemokraterna.se\/mjolby\/var-politik\/funktionsnedsattning\/","name":"Funktionsneds\u00e4ttning - Mj\u00f6lby","isPartOf":{"@id":"https:\/\/wp.kristdemokraterna.se\/mjolby\/#website"},"datePublished":"2010-07-03T16:40:16+00:00","dateModified":"2013-10-08T15:11:38+00:00","breadcrumb":{"@id":"https:\/\/wp.kristdemokraterna.se\/mjolby\/var-politik\/funktionsnedsattning\/#breadcrumb"},"inLanguage":"sv-SE","potentialAction":[{"@type":"ReadAction","target":["https:\/\/wp.kristdemokraterna.se\/mjolby\/var-politik\/funktionsnedsattning\/"]}]},{"@type":"BreadcrumbList","@id":"https:\/\/wp.kristdemokraterna.se\/mjolby\/var-politik\/funktionsnedsattning\/#breadcrumb","itemListElement":[{"@type":"ListItem","position":1,"name":"Hem","item":"https:\/\/wp.kristdemokraterna.se\/mjolby\/"},{"@type":"ListItem","position":2,"name":"V\u00e5r politik","item":"https:\/\/wp.kristdemokraterna.se\/mjolby\/var-politik\/"},{"@type":"ListItem","position":3,"name":"Funktionsneds\u00e4ttning"}]},{"@type":"WebSite","@id":"https:\/\/wp.kristdemokraterna.se\/mjolby\/#website","url":"https:\/\/wp.kristdemokraterna.se\/mjolby\/","name":"Mj\u00f6lby","description":"Kristdemokraterna","inLanguage":"sv-SE"}]}},"_links":{"self":[{"href":"https:\/\/wp.kristdemokraterna.se\/mjolby\/wp-json\/wp\/v2\/pages\/352","targetHints":{"allow":["GET"]}}],"collection":[{"href":"https:\/\/wp.kristdemokraterna.se\/mjolby\/wp-json\/wp\/v2\/pages"}],"about":[{"href":"https:\/\/wp.kristdemokraterna.se\/mjolby\/wp-json\/wp\/v2\/types\/page"}],"author":[{"embeddable":true,"href":"https:\/\/wp.kristdemokraterna.se\/mjolby\/wp-json\/wp\/v2\/users\/433"}],"replies":[{"embeddable":true,"href":"https:\/\/wp.kristdemokraterna.se\/mjolby\/wp-json\/wp\/v2\/comments?post=352"}],"version-history":[{"count":2,"href":"https:\/\/wp.kristdemokraterna.se\/mjolby\/wp-json\/wp\/v2\/pages\/352\/revisions"}],"predecessor-version":[{"id":354,"href":"https:\/\/wp.kristdemokraterna.se\/mjolby\/wp-json\/wp\/v2\/pages\/352\/revisions\/354"}],"up":[{"embeddable":true,"href":"https:\/\/wp.kristdemokraterna.se\/mjolby\/wp-json\/wp\/v2\/pages\/206"}],"wp:attachment":[{"href":"https:\/\/wp.kristdemokraterna.se\/mjolby\/wp-json\/wp\/v2\/media?parent=352"}],"curies":[{"name":"wp","href":"https:\/\/api.w.org\/{rel}","templated":true}]}}