{"id":358,"date":"2010-07-03T18:38:49","date_gmt":"2010-07-03T16:38:49","guid":{"rendered":"http:\/\/wp.kristdemokraterna.se\/mjolby\/?page_id=358"},"modified":"2013-10-08T17:04:59","modified_gmt":"2013-10-08T15:04:59","slug":"vard-och-omsorg","status":"publish","type":"page","link":"https:\/\/wp.kristdemokraterna.se\/mjolby\/var-politik\/vard-och-omsorg\/","title":{"rendered":"V\u00e5rd och omsorg"},"content":{"rendered":"<p><strong>Tankeskifte i v\u00e5rd och omsorg<\/strong><br \/>\n<em>Kristdemokraterna vill att\u2026 <\/em><\/p>\n<ul>\n<li>ett Trygghetskontrakt ska finnas<\/li>\n<li>att det finns en god tillg\u00e5ng av s\u00e4rskilda boende f\u00f6r personer med demenssjukdom, d\u00e4r det finns personal med specialkompetens inom omr\u00e5det.<\/li>\n<li>LOV (Lagen om Valfrihetssystem) anv\u00e4nds f\u00f6r att \u00f6ka m\u00e5ngfalden och konkurrensen, b\u00e5de f\u00f6r yngre och \u00e4ldre brukare<\/li>\n<li>att st\u00f6det till anh\u00f6riga forts\u00e4tter att utvecklas<\/li>\n<li>att Trygghetsboenden finns p\u00e5 flera orter i kommunen<\/li>\n<li>frivilligorganisationernas engagemang och kraft stimuleras och tillvaratas<\/li>\n<li>m\u00e4nniskor ska ha tillg\u00e5ng till flerspr\u00e5kig personal inom omsorgen f\u00f6r att \u00f6ka f\u00f6rst\u00e5elsen f\u00f6r behov och trygghet<\/li>\n<li>att den enskilde sj\u00e4lv f\u00e5r ett st\u00f6rre utrymme att p\u00e5verka inneh\u00e5llet i hemtj\u00e4nstinsatserna.<\/li>\n<\/ul>\n","protected":false},"excerpt":{"rendered":"<p>Tankeskifte i v\u00e5rd och omsorg Kristdemokraterna vill att\u2026 ett Trygghetskontrakt ska finnas att det finns en god tillg\u00e5ng av s\u00e4rskilda boende f\u00f6r personer med demenssjukdom, d\u00e4r det finns personal med specialkompetens inom omr\u00e5det. LOV (Lagen om Valfrihetssystem) anv\u00e4nds f\u00f6r att \u00f6ka m\u00e5ngfalden och konkurrensen, b\u00e5de f\u00f6r yngre och \u00e4ldre brukare att st\u00f6det till anh\u00f6riga forts\u00e4tter <a class=\"read-more-link\" href=\"https:\/\/wp.kristdemokraterna.se\/mjolby\/var-politik\/vard-och-omsorg\/\">Read More<\/a><\/p>\n","protected":false},"author":433,"featured_media":0,"parent":206,"menu_order":8,"comment_status":"closed","ping_status":"open","template":"","meta":{"_acf_changed":false,"footnotes":""},"class_list":["post-358","page","type-page","status-publish","hentry"],"acf":[],"yoast_head":"<!-- This site is optimized with the Yoast SEO plugin v27.4 - https:\/\/yoast.com\/product\/yoast-seo-wordpress\/ -->\n<title>V\u00e5rd och omsorg - Mj\u00f6lby<\/title>\n<meta name=\"robots\" content=\"index, follow, max-snippet:-1, max-image-preview:large, max-video-preview:-1\" \/>\n<link rel=\"canonical\" href=\"https:\/\/wp.kristdemokraterna.se\/mjolby\/var-politik\/vard-och-omsorg\/\" \/>\n<meta property=\"og:locale\" content=\"sv_SE\" \/>\n<meta property=\"og:type\" content=\"article\" \/>\n<meta property=\"og:title\" content=\"V\u00e5rd och omsorg - Mj\u00f6lby\" \/>\n<meta property=\"og:description\" content=\"Tankeskifte i v\u00e5rd och omsorg Kristdemokraterna vill att\u2026 ett Trygghetskontrakt ska finnas att det finns en god tillg\u00e5ng av s\u00e4rskilda boende f\u00f6r personer med demenssjukdom, d\u00e4r det finns personal med specialkompetens inom omr\u00e5det. LOV (Lagen om Valfrihetssystem) anv\u00e4nds f\u00f6r att \u00f6ka m\u00e5ngfalden och konkurrensen, b\u00e5de f\u00f6r yngre och \u00e4ldre brukare att st\u00f6det till anh\u00f6riga forts\u00e4tter Read More\" \/>\n<meta property=\"og:url\" content=\"https:\/\/wp.kristdemokraterna.se\/mjolby\/var-politik\/vard-och-omsorg\/\" \/>\n<meta property=\"og:site_name\" content=\"Mj\u00f6lby\" \/>\n<meta property=\"article:modified_time\" content=\"2013-10-08T15:04:59+00:00\" \/>\n<meta name=\"twitter:card\" content=\"summary_large_image\" \/>\n<meta name=\"twitter:label1\" content=\"Ber\u00e4knad l\u00e4stid\" \/>\n\t<meta name=\"twitter:data1\" content=\"1 minut\" \/>\n<script type=\"application\/ld+json\" class=\"yoast-schema-graph\">{\"@context\":\"https:\\\/\\\/schema.org\",\"@graph\":[{\"@type\":\"WebPage\",\"@id\":\"https:\\\/\\\/wp.kristdemokraterna.se\\\/mjolby\\\/var-politik\\\/vard-och-omsorg\\\/\",\"url\":\"https:\\\/\\\/wp.kristdemokraterna.se\\\/mjolby\\\/var-politik\\\/vard-och-omsorg\\\/\",\"name\":\"V\u00e5rd och omsorg - Mj\u00f6lby\",\"isPartOf\":{\"@id\":\"https:\\\/\\\/wp.kristdemokraterna.se\\\/mjolby\\\/#website\"},\"datePublished\":\"2010-07-03T16:38:49+00:00\",\"dateModified\":\"2013-10-08T15:04:59+00:00\",\"breadcrumb\":{\"@id\":\"https:\\\/\\\/wp.kristdemokraterna.se\\\/mjolby\\\/var-politik\\\/vard-och-omsorg\\\/#breadcrumb\"},\"inLanguage\":\"sv-SE\",\"potentialAction\":[{\"@type\":\"ReadAction\",\"target\":[\"https:\\\/\\\/wp.kristdemokraterna.se\\\/mjolby\\\/var-politik\\\/vard-och-omsorg\\\/\"]}]},{\"@type\":\"BreadcrumbList\",\"@id\":\"https:\\\/\\\/wp.kristdemokraterna.se\\\/mjolby\\\/var-politik\\\/vard-och-omsorg\\\/#breadcrumb\",\"itemListElement\":[{\"@type\":\"ListItem\",\"position\":1,\"name\":\"Hem\",\"item\":\"https:\\\/\\\/wp.kristdemokraterna.se\\\/mjolby\\\/\"},{\"@type\":\"ListItem\",\"position\":2,\"name\":\"V\u00e5r politik\",\"item\":\"https:\\\/\\\/wp.kristdemokraterna.se\\\/mjolby\\\/var-politik\\\/\"},{\"@type\":\"ListItem\",\"position\":3,\"name\":\"V\u00e5rd och omsorg\"}]},{\"@type\":\"WebSite\",\"@id\":\"https:\\\/\\\/wp.kristdemokraterna.se\\\/mjolby\\\/#website\",\"url\":\"https:\\\/\\\/wp.kristdemokraterna.se\\\/mjolby\\\/\",\"name\":\"Mj\u00f6lby\",\"description\":\"Kristdemokraterna\",\"inLanguage\":\"sv-SE\"}]}<\/script>\n<!-- \/ Yoast SEO plugin. -->","yoast_head_json":{"title":"V\u00e5rd och omsorg - Mj\u00f6lby","robots":{"index":"index","follow":"follow","max-snippet":"max-snippet:-1","max-image-preview":"max-image-preview:large","max-video-preview":"max-video-preview:-1"},"canonical":"https:\/\/wp.kristdemokraterna.se\/mjolby\/var-politik\/vard-och-omsorg\/","og_locale":"sv_SE","og_type":"article","og_title":"V\u00e5rd och omsorg - Mj\u00f6lby","og_description":"Tankeskifte i v\u00e5rd och omsorg Kristdemokraterna vill att\u2026 ett Trygghetskontrakt ska finnas att det finns en god tillg\u00e5ng av s\u00e4rskilda boende f\u00f6r personer med demenssjukdom, d\u00e4r det finns personal med specialkompetens inom omr\u00e5det. LOV (Lagen om Valfrihetssystem) anv\u00e4nds f\u00f6r att \u00f6ka m\u00e5ngfalden och konkurrensen, b\u00e5de f\u00f6r yngre och \u00e4ldre brukare att st\u00f6det till anh\u00f6riga forts\u00e4tter Read More","og_url":"https:\/\/wp.kristdemokraterna.se\/mjolby\/var-politik\/vard-och-omsorg\/","og_site_name":"Mj\u00f6lby","article_modified_time":"2013-10-08T15:04:59+00:00","twitter_card":"summary_large_image","twitter_misc":{"Ber\u00e4knad l\u00e4stid":"1 minut"},"schema":{"@context":"https:\/\/schema.org","@graph":[{"@type":"WebPage","@id":"https:\/\/wp.kristdemokraterna.se\/mjolby\/var-politik\/vard-och-omsorg\/","url":"https:\/\/wp.kristdemokraterna.se\/mjolby\/var-politik\/vard-och-omsorg\/","name":"V\u00e5rd och omsorg - Mj\u00f6lby","isPartOf":{"@id":"https:\/\/wp.kristdemokraterna.se\/mjolby\/#website"},"datePublished":"2010-07-03T16:38:49+00:00","dateModified":"2013-10-08T15:04:59+00:00","breadcrumb":{"@id":"https:\/\/wp.kristdemokraterna.se\/mjolby\/var-politik\/vard-och-omsorg\/#breadcrumb"},"inLanguage":"sv-SE","potentialAction":[{"@type":"ReadAction","target":["https:\/\/wp.kristdemokraterna.se\/mjolby\/var-politik\/vard-och-omsorg\/"]}]},{"@type":"BreadcrumbList","@id":"https:\/\/wp.kristdemokraterna.se\/mjolby\/var-politik\/vard-och-omsorg\/#breadcrumb","itemListElement":[{"@type":"ListItem","position":1,"name":"Hem","item":"https:\/\/wp.kristdemokraterna.se\/mjolby\/"},{"@type":"ListItem","position":2,"name":"V\u00e5r politik","item":"https:\/\/wp.kristdemokraterna.se\/mjolby\/var-politik\/"},{"@type":"ListItem","position":3,"name":"V\u00e5rd och omsorg"}]},{"@type":"WebSite","@id":"https:\/\/wp.kristdemokraterna.se\/mjolby\/#website","url":"https:\/\/wp.kristdemokraterna.se\/mjolby\/","name":"Mj\u00f6lby","description":"Kristdemokraterna","inLanguage":"sv-SE"}]}},"_links":{"self":[{"href":"https:\/\/wp.kristdemokraterna.se\/mjolby\/wp-json\/wp\/v2\/pages\/358","targetHints":{"allow":["GET"]}}],"collection":[{"href":"https:\/\/wp.kristdemokraterna.se\/mjolby\/wp-json\/wp\/v2\/pages"}],"about":[{"href":"https:\/\/wp.kristdemokraterna.se\/mjolby\/wp-json\/wp\/v2\/types\/page"}],"author":[{"embeddable":true,"href":"https:\/\/wp.kristdemokraterna.se\/mjolby\/wp-json\/wp\/v2\/users\/433"}],"replies":[{"embeddable":true,"href":"https:\/\/wp.kristdemokraterna.se\/mjolby\/wp-json\/wp\/v2\/comments?post=358"}],"version-history":[{"count":2,"href":"https:\/\/wp.kristdemokraterna.se\/mjolby\/wp-json\/wp\/v2\/pages\/358\/revisions"}],"predecessor-version":[{"id":470,"href":"https:\/\/wp.kristdemokraterna.se\/mjolby\/wp-json\/wp\/v2\/pages\/358\/revisions\/470"}],"up":[{"embeddable":true,"href":"https:\/\/wp.kristdemokraterna.se\/mjolby\/wp-json\/wp\/v2\/pages\/206"}],"wp:attachment":[{"href":"https:\/\/wp.kristdemokraterna.se\/mjolby\/wp-json\/wp\/v2\/media?parent=358"}],"curies":[{"name":"wp","href":"https:\/\/api.w.org\/{rel}","templated":true}]}}