{"id":368,"date":"2010-07-03T18:37:48","date_gmt":"2010-07-03T16:37:48","guid":{"rendered":"http:\/\/wp.kristdemokraterna.se\/mjolby\/?page_id=368"},"modified":"2013-10-08T16:38:58","modified_gmt":"2013-10-08T14:38:58","slug":"hallbar-utveckling","status":"publish","type":"page","link":"https:\/\/wp.kristdemokraterna.se\/mjolby\/var-politik\/hallbar-utveckling\/","title":{"rendered":"H\u00e5llbar utveckling"},"content":{"rendered":"<p><strong>En kommun med ekologiskt h\u00e5llbar utveckling<\/strong><br \/>\n<em>Kristdemokraterna vill att\u2026 <\/em><\/p>\n<ul>\n<li>det ska erbjudas energir\u00e5dgivning f\u00f6r att minska energif\u00f6rbrukningen i kommunen<\/li>\n<li>det tas fram en lokal, kommunal energistrategi med visioner och m\u00e5l med tydlig koppling till \u00e5tg\u00e4rder och budgetmedel<\/li>\n<li>kommunen ska ha minst 25 procent ekologiska livsmedel i m\u00e5ltidsverksamheten<\/li>\n<li>l\u00f6pande f\u00f6rb\u00e4ttra och utveckla kollektivtrafiken<\/li>\n<li>Eco driving-konceptet utvecklas hos b\u00e5de kommunens inv\u00e5nare och anst\u00e4llda<\/li>\n<li>kommunens fordon drivs p\u00e5 f\u00f6rnyelsebara br\u00e4nslen i s\u00e5 stor utstr\u00e4ckning som m\u00f6jligt<\/li>\n<li>fossil energi fasas ut och att vi ist\u00e4llet \u00f6kar tillf\u00f6rseln av f\u00f6rnyelsebar energi<\/li>\n<li>kommunen satsar p\u00e5 energieffektiviseringar<\/li>\n<li>byggande av l\u00e5genergihus prioriteras och uppmuntras<\/li>\n<li>kommunen planerar f\u00f6r h\u00e5llbara energisystem med l\u00e5ngsiktiga m\u00e5l och \u00e5tg\u00e4rder<\/li>\n<li>den kommunala fordonsparken successivt ers\u00e4tts av milj\u00f6anpassade bilar<\/li>\n<li>att g\u00e5ng- och cykelv\u00e4gar forts\u00e4tter att byggas ut<\/li>\n<li>samverka med flera kommuner n\u00e4r det g\u00e4ller livsmedelstillsynen<\/li>\n<li>upphandling av ekologiska livsmedel till f\u00f6rskolor\/skolor\/\u00e4ldreboenden och andra verksamheter fr\u00e4mjas<\/li>\n<li>milj\u00f6- och etiska aspekter i all kommunal upphandling lyfts fram<\/li>\n<li>milj\u00f6ledningssystem i kommunens verksamhet utvecklas<\/li>\n<li>kommunen inventerar, bevarar, restaurerar och bygger nya v\u00e5tmarker<\/li>\n<li>kommunen kartl\u00e4gger och planerar f\u00f6r &#8221;tysta zoner&#8221;<\/li>\n<li>kommunen p\u00e5verkar medborgarnas resvanor i en h\u00e5llbar riktning<\/li>\n<li>milj\u00f6zoner f\u00f6r tung trafik inf\u00f6rs<\/li>\n<\/ul>\n","protected":false},"excerpt":{"rendered":"<p>En kommun med ekologiskt h\u00e5llbar utveckling Kristdemokraterna vill att\u2026 det ska erbjudas energir\u00e5dgivning f\u00f6r att minska energif\u00f6rbrukningen i kommunen det tas fram en lokal, kommunal energistrategi med visioner och m\u00e5l med tydlig koppling till \u00e5tg\u00e4rder och budgetmedel kommunen ska ha minst 25 procent ekologiska livsmedel i m\u00e5ltidsverksamheten l\u00f6pande f\u00f6rb\u00e4ttra och utveckla kollektivtrafiken Eco driving-konceptet utvecklas <a class=\"read-more-link\" href=\"https:\/\/wp.kristdemokraterna.se\/mjolby\/var-politik\/hallbar-utveckling\/\">Read More<\/a><\/p>\n","protected":false},"author":433,"featured_media":0,"parent":206,"menu_order":9,"comment_status":"closed","ping_status":"open","template":"","meta":{"_acf_changed":false,"footnotes":""},"class_list":["post-368","page","type-page","status-publish","hentry"],"acf":[],"yoast_head":"<!-- This site is optimized with the Yoast SEO plugin v27.4 - https:\/\/yoast.com\/product\/yoast-seo-wordpress\/ -->\n<title>H\u00e5llbar utveckling - Mj\u00f6lby<\/title>\n<meta name=\"robots\" content=\"index, follow, max-snippet:-1, max-image-preview:large, max-video-preview:-1\" \/>\n<link rel=\"canonical\" href=\"https:\/\/wp.kristdemokraterna.se\/mjolby\/var-politik\/hallbar-utveckling\/\" \/>\n<meta property=\"og:locale\" content=\"sv_SE\" \/>\n<meta property=\"og:type\" content=\"article\" \/>\n<meta property=\"og:title\" content=\"H\u00e5llbar utveckling - Mj\u00f6lby\" \/>\n<meta property=\"og:description\" content=\"En kommun med ekologiskt h\u00e5llbar utveckling Kristdemokraterna vill att\u2026 det ska erbjudas energir\u00e5dgivning f\u00f6r att minska energif\u00f6rbrukningen i kommunen det tas fram en lokal, kommunal energistrategi med visioner och m\u00e5l med tydlig koppling till \u00e5tg\u00e4rder och budgetmedel kommunen ska ha minst 25 procent ekologiska livsmedel i m\u00e5ltidsverksamheten l\u00f6pande f\u00f6rb\u00e4ttra och utveckla kollektivtrafiken Eco driving-konceptet utvecklas Read More\" \/>\n<meta property=\"og:url\" content=\"https:\/\/wp.kristdemokraterna.se\/mjolby\/var-politik\/hallbar-utveckling\/\" \/>\n<meta property=\"og:site_name\" content=\"Mj\u00f6lby\" \/>\n<meta property=\"article:modified_time\" content=\"2013-10-08T14:38:58+00:00\" \/>\n<meta name=\"twitter:card\" content=\"summary_large_image\" \/>\n<meta name=\"twitter:label1\" content=\"Ber\u00e4knad l\u00e4stid\" \/>\n\t<meta name=\"twitter:data1\" content=\"1 minut\" \/>\n<script type=\"application\/ld+json\" class=\"yoast-schema-graph\">{\"@context\":\"https:\\\/\\\/schema.org\",\"@graph\":[{\"@type\":\"WebPage\",\"@id\":\"https:\\\/\\\/wp.kristdemokraterna.se\\\/mjolby\\\/var-politik\\\/hallbar-utveckling\\\/\",\"url\":\"https:\\\/\\\/wp.kristdemokraterna.se\\\/mjolby\\\/var-politik\\\/hallbar-utveckling\\\/\",\"name\":\"H\u00e5llbar utveckling - Mj\u00f6lby\",\"isPartOf\":{\"@id\":\"https:\\\/\\\/wp.kristdemokraterna.se\\\/mjolby\\\/#website\"},\"datePublished\":\"2010-07-03T16:37:48+00:00\",\"dateModified\":\"2013-10-08T14:38:58+00:00\",\"breadcrumb\":{\"@id\":\"https:\\\/\\\/wp.kristdemokraterna.se\\\/mjolby\\\/var-politik\\\/hallbar-utveckling\\\/#breadcrumb\"},\"inLanguage\":\"sv-SE\",\"potentialAction\":[{\"@type\":\"ReadAction\",\"target\":[\"https:\\\/\\\/wp.kristdemokraterna.se\\\/mjolby\\\/var-politik\\\/hallbar-utveckling\\\/\"]}]},{\"@type\":\"BreadcrumbList\",\"@id\":\"https:\\\/\\\/wp.kristdemokraterna.se\\\/mjolby\\\/var-politik\\\/hallbar-utveckling\\\/#breadcrumb\",\"itemListElement\":[{\"@type\":\"ListItem\",\"position\":1,\"name\":\"Hem\",\"item\":\"https:\\\/\\\/wp.kristdemokraterna.se\\\/mjolby\\\/\"},{\"@type\":\"ListItem\",\"position\":2,\"name\":\"V\u00e5r politik\",\"item\":\"https:\\\/\\\/wp.kristdemokraterna.se\\\/mjolby\\\/var-politik\\\/\"},{\"@type\":\"ListItem\",\"position\":3,\"name\":\"H\u00e5llbar utveckling\"}]},{\"@type\":\"WebSite\",\"@id\":\"https:\\\/\\\/wp.kristdemokraterna.se\\\/mjolby\\\/#website\",\"url\":\"https:\\\/\\\/wp.kristdemokraterna.se\\\/mjolby\\\/\",\"name\":\"Mj\u00f6lby\",\"description\":\"Kristdemokraterna\",\"inLanguage\":\"sv-SE\"}]}<\/script>\n<!-- \/ Yoast SEO plugin. -->","yoast_head_json":{"title":"H\u00e5llbar utveckling - Mj\u00f6lby","robots":{"index":"index","follow":"follow","max-snippet":"max-snippet:-1","max-image-preview":"max-image-preview:large","max-video-preview":"max-video-preview:-1"},"canonical":"https:\/\/wp.kristdemokraterna.se\/mjolby\/var-politik\/hallbar-utveckling\/","og_locale":"sv_SE","og_type":"article","og_title":"H\u00e5llbar utveckling - Mj\u00f6lby","og_description":"En kommun med ekologiskt h\u00e5llbar utveckling Kristdemokraterna vill att\u2026 det ska erbjudas energir\u00e5dgivning f\u00f6r att minska energif\u00f6rbrukningen i kommunen det tas fram en lokal, kommunal energistrategi med visioner och m\u00e5l med tydlig koppling till \u00e5tg\u00e4rder och budgetmedel kommunen ska ha minst 25 procent ekologiska livsmedel i m\u00e5ltidsverksamheten l\u00f6pande f\u00f6rb\u00e4ttra och utveckla kollektivtrafiken Eco driving-konceptet utvecklas Read More","og_url":"https:\/\/wp.kristdemokraterna.se\/mjolby\/var-politik\/hallbar-utveckling\/","og_site_name":"Mj\u00f6lby","article_modified_time":"2013-10-08T14:38:58+00:00","twitter_card":"summary_large_image","twitter_misc":{"Ber\u00e4knad l\u00e4stid":"1 minut"},"schema":{"@context":"https:\/\/schema.org","@graph":[{"@type":"WebPage","@id":"https:\/\/wp.kristdemokraterna.se\/mjolby\/var-politik\/hallbar-utveckling\/","url":"https:\/\/wp.kristdemokraterna.se\/mjolby\/var-politik\/hallbar-utveckling\/","name":"H\u00e5llbar utveckling - Mj\u00f6lby","isPartOf":{"@id":"https:\/\/wp.kristdemokraterna.se\/mjolby\/#website"},"datePublished":"2010-07-03T16:37:48+00:00","dateModified":"2013-10-08T14:38:58+00:00","breadcrumb":{"@id":"https:\/\/wp.kristdemokraterna.se\/mjolby\/var-politik\/hallbar-utveckling\/#breadcrumb"},"inLanguage":"sv-SE","potentialAction":[{"@type":"ReadAction","target":["https:\/\/wp.kristdemokraterna.se\/mjolby\/var-politik\/hallbar-utveckling\/"]}]},{"@type":"BreadcrumbList","@id":"https:\/\/wp.kristdemokraterna.se\/mjolby\/var-politik\/hallbar-utveckling\/#breadcrumb","itemListElement":[{"@type":"ListItem","position":1,"name":"Hem","item":"https:\/\/wp.kristdemokraterna.se\/mjolby\/"},{"@type":"ListItem","position":2,"name":"V\u00e5r politik","item":"https:\/\/wp.kristdemokraterna.se\/mjolby\/var-politik\/"},{"@type":"ListItem","position":3,"name":"H\u00e5llbar utveckling"}]},{"@type":"WebSite","@id":"https:\/\/wp.kristdemokraterna.se\/mjolby\/#website","url":"https:\/\/wp.kristdemokraterna.se\/mjolby\/","name":"Mj\u00f6lby","description":"Kristdemokraterna","inLanguage":"sv-SE"}]}},"_links":{"self":[{"href":"https:\/\/wp.kristdemokraterna.se\/mjolby\/wp-json\/wp\/v2\/pages\/368","targetHints":{"allow":["GET"]}}],"collection":[{"href":"https:\/\/wp.kristdemokraterna.se\/mjolby\/wp-json\/wp\/v2\/pages"}],"about":[{"href":"https:\/\/wp.kristdemokraterna.se\/mjolby\/wp-json\/wp\/v2\/types\/page"}],"author":[{"embeddable":true,"href":"https:\/\/wp.kristdemokraterna.se\/mjolby\/wp-json\/wp\/v2\/users\/433"}],"replies":[{"embeddable":true,"href":"https:\/\/wp.kristdemokraterna.se\/mjolby\/wp-json\/wp\/v2\/comments?post=368"}],"version-history":[{"count":2,"href":"https:\/\/wp.kristdemokraterna.se\/mjolby\/wp-json\/wp\/v2\/pages\/368\/revisions"}],"predecessor-version":[{"id":370,"href":"https:\/\/wp.kristdemokraterna.se\/mjolby\/wp-json\/wp\/v2\/pages\/368\/revisions\/370"}],"up":[{"embeddable":true,"href":"https:\/\/wp.kristdemokraterna.se\/mjolby\/wp-json\/wp\/v2\/pages\/206"}],"wp:attachment":[{"href":"https:\/\/wp.kristdemokraterna.se\/mjolby\/wp-json\/wp\/v2\/media?parent=368"}],"curies":[{"name":"wp","href":"https:\/\/api.w.org\/{rel}","templated":true}]}}