{"id":421,"date":"2013-08-19T16:41:23","date_gmt":"2013-08-19T14:41:23","guid":{"rendered":"http:\/\/wp.kristdemokraterna.se\/mjolby\/?page_id=421"},"modified":"2014-09-25T15:48:42","modified_gmt":"2014-09-25T13:48:42","slug":"lankar","status":"publish","type":"page","link":"https:\/\/wp.kristdemokraterna.se\/mjolby\/lankar\/","title":{"rendered":"L\u00e4nkar"},"content":{"rendered":"<table>\n<tbody>\n<tr>\n<td>\n<div><strong>Kristdemokratiska v\u00e4nner i Sverige<\/strong><\/div>\n<\/td>\n<\/tr>\n<tr>\n<td><a href=\"http:\/\/www.kristdemokraterna.se\/\" target=\"_blank\">KD &#8211; Kristdemokraterna<\/a><br \/>\n<a title=\"www.ostergotland.kristdemokraterna.se\/\" href=\"http:\/\/wp.kristdemokraterna.se\/e\" target=\"_blank\">KD E &#8211; Kristdemokraterna i \u00d6sterg\u00f6tland<\/a><br \/>\n<a href=\"http:\/\/www.lio.kristdemokraterna.se\/\" target=\"_blank\">KD Li\u00d6 &#8211; Kristdemokraterna i Landstinget i \u00d6sterg\u00f6tland<\/a><br \/>\n<a href=\"http:\/\/www.kdu.se\/\" target=\"_blank\">KDU &#8211; Kristdemokratiska Ungdomsf\u00f6rbundet<\/a><br \/>\n<a href=\"http:\/\/www.ostergotland.kdu.se\/\" target=\"_blank\">KDU E &#8211; Kristdemokratiska Ungdomsf\u00f6rbundet i \u00d6sterg\u00f6tland<\/a><br \/>\n<a href=\"http:\/\/www.kd-k.se\/\" target=\"_blank\">Kd-k &#8211; Kristdemokratiska Kvinnof\u00f6rbundet<\/a><br \/>\n<a href=\"http:\/\/www.kdsenior.se\/\" target=\"_blank\">Kd-s &#8211; Kristdemokratiska Seniorf\u00f6rbundet<\/a><br \/>\n<a title=\"www.studentmakt.nu\" href=\"http:\/\/www.kdstudent.se\/\" target=\"_blank\">KSF &#8211; Kristdemokratiska Studentf\u00f6rbundet<\/a><br \/>\nKd-f &#8211; Kristdemokraternas F\u00f6retagarr\u00e5d<br \/>\nFSR &#8211; Fackligt-sociala r\u00e5det<br \/>\n<a href=\"http:\/\/www.kristdemokraten.com\/\" target=\"_blank\">Tidningen Kristdemokraten<\/a><br \/>\n<a href=\"http:\/\/www.civitas.net\/\" target=\"_blank\">Civitas &#8211; Kristdemokratiskt id\u00e9institut<\/a><br \/>\n<a href=\"http:\/\/www.kicsweden.org\/\" target=\"_blank\">KIC &#8211; Kristdemokratiskt Internationellt Center<\/a><br \/>\nFB &#8211; Studieorganisationen Framtidsbildarna<\/td>\n<\/tr>\n<\/tbody>\n<\/table>\n<table>\n<tbody>\n<tr>\n<td>\n<div><strong>Kristdemokraterna i Europa och v\u00e4rlden<\/strong><\/div>\n<\/td>\n<\/tr>\n<tr>\n<td><a href=\"http:\/\/www.adaktusson.eu\/\" target=\"_blank\">Lars Adaktusson<\/a> (<a href=\"https:\/\/www.kristdemokraterna.se\/Kontaktportal\/Kontaktportalsida\/?pId=98650\" target=\"_blank\">&gt;&gt;<\/a>)<br \/>\n<a href=\"http:\/\/www.epp.eu\/\" target=\"_blank\">EPP &#8211; European People&#8217;s Party<\/a><br \/>\n<a href=\"http:\/\/www.eppgroup.eu\/\" target=\"_blank\">EPP-gruppen i Europaparlamentet<\/a><br \/>\n<a href=\"http:\/\/www.idc-cdi.com\/\" target=\"_blank\">IDC-CDI &#8211; Christian Democrat and People&#8217;s parties international <\/a><br \/>\n<a href=\"http:\/\/www.alfsvensson.eu\/\" target=\"_blank\">Alf Svensson<\/a> \u00a0 (<a href=\"http:\/\/www.kristdemokraterna.se\/Kontaktportal\/Kontaktportalsida\/?pId=2563\" target=\"_blank\">&gt;&gt;<\/a>)<\/td>\n<\/tr>\n<\/tbody>\n<\/table>\n<table>\n<tbody>\n<tr>\n<td>\n<div><strong>Kristdemokratiska lokalavdelningar i \u00d6sterg\u00f6tland<\/strong><\/div>\n<\/td>\n<\/tr>\n<tr>\n<td>Kristdemokraterna i Boxholm<br \/>\n<a href=\"http:\/\/www.finspang.kristdemokraterna.se\/\" target=\"_blank\">Kristdemokraterna i Finsp\u00e5ng<\/a><br \/>\n<a href=\"http:\/\/www.kinda.kristdemokraterna.se\/\" target=\"_blank\">Kristdemokraterna i Kinda<\/a><br \/>\n<a href=\"http:\/\/www.linkoping.kristdemokraterna.se\/\" target=\"_blank\">Kristdemokraterna i Link\u00f6ping<\/a><br \/>\n<a href=\"http:\/\/www.kristdemokraterna.se\/motala\" target=\"_blank\">Kristdemokraterna i Motala<\/a><br \/>\n<a href=\"http:\/\/www.norrkoping.kristdemokraterna.se\/\" target=\"_blank\">Kristdemokraterna i Norrk\u00f6ping<\/a><br \/>\n<a href=\"http:\/\/www.kristdemokraterna.se\/soderkoping\" target=\"_blank\">Kristdemokraterna i S\u00f6derk\u00f6ping<\/a><br \/>\n<a href=\"http:\/\/www.vadstena.kristdemokraterna.se\/\" target=\"_blank\">Kristdemokraterna i Vadstena<\/a><br \/>\n<a href=\"http:\/\/www.valdemarsvik.kristdemokraterna.se\/\" target=\"_blank\">Kristdemokraterna i Valdemarsvik<\/a><br \/>\n<a href=\"http:\/\/ydrebo.se\/kd\/\" target=\"_blank\">Kristdemokraterna i Ydre<\/a><br \/>\nKristdemokraterna i \u00c5tvidaberg<br \/>\n<a href=\"http:\/\/www.odeshog.kristdemokraterna.se\/\" target=\"_blank\">Kristdemokraterna i \u00d6desh\u00f6g <\/a><\/td>\n<\/tr>\n<\/tbody>\n<\/table>\n<table>\n<tbody>\n<tr>\n<td>\n<div><strong>\u00d6vrigt<\/strong><\/div>\n<\/td>\n<\/tr>\n<tr>\n<td><a href=\"http:\/\/www.europa.eu\/index_sv.htm\" target=\"_blank\">Europeiska Unionen<\/a><br \/>\n<a href=\"http:\/\/www.europarl.europa.eu\/portal\/sv\" target=\"_blank\">Europaparlamentet<\/a><br \/>\n<a href=\"http:\/\/www.elections2014.eu\/sv\" target=\"_blank\">Val2014.eu<\/a><br \/>\n<a href=\"http:\/\/www.regeringen.se\/\" target=\"_blank\">Regeringskansliet<\/a><br \/>\n<a href=\"http:\/\/www.val.se\/\" target=\"_blank\">Valmyndigeten<\/a><br \/>\n<a href=\"http:\/\/www.riksdagen.se\/\" target=\"_blank\">Sveriges Riksdag<\/a><br \/>\n<a href=\"http:\/\/www.lansstyrelsen.se\/ostergotland\" target=\"_blank\">L\u00e4nsstyrelsen \u00d6sterg\u00f6tland<\/a><br \/>\n<a href=\"http:\/\/www.ostsam.se\/\" target=\"_blank\">Regionf\u00f6rbundet \u00d6stsam<\/a><br \/>\n<a href=\"http:\/\/www.lio.se\/\" target=\"_blank\">Landstinget i \u00d6sterg\u00f6tland<\/a><br \/>\n<a href=\"http:\/\/www.mjolby.se\/\" target=\"_blank\">Mj\u00f6lby kommun<\/a><br \/>\n<a href=\"http:\/\/www.alliansen.se\/\" target=\"_blank\">Alliansen<\/a><br \/>\nFamiljen.NU<br \/>\n<a href=\"http:\/\/www.kristdemokraterna.se\/kampanjer\/TidForBarnen\/\" target=\"_blank\">Tid f\u00f6r barnen<\/a><\/td>\n<\/tr>\n<\/tbody>\n<\/table>\n<p>&nbsp;<\/p>\n","protected":false},"excerpt":{"rendered":"<p>Kristdemokratiska v\u00e4nner i Sverige KD &#8211; Kristdemokraterna KD E &#8211; Kristdemokraterna i \u00d6sterg\u00f6tland KD Li\u00d6 &#8211; Kristdemokraterna i Landstinget i \u00d6sterg\u00f6tland KDU &#8211; Kristdemokratiska Ungdomsf\u00f6rbundet KDU E &#8211; Kristdemokratiska Ungdomsf\u00f6rbundet i \u00d6sterg\u00f6tland Kd-k &#8211; Kristdemokratiska Kvinnof\u00f6rbundet Kd-s &#8211; Kristdemokratiska Seniorf\u00f6rbundet KSF &#8211; Kristdemokratiska Studentf\u00f6rbundet Kd-f &#8211; Kristdemokraternas F\u00f6retagarr\u00e5d FSR &#8211; Fackligt-sociala r\u00e5det Tidningen Kristdemokraten Civitas <a class=\"read-more-link\" href=\"https:\/\/wp.kristdemokraterna.se\/mjolby\/lankar\/\">Read More<\/a><\/p>\n","protected":false},"author":433,"featured_media":0,"parent":0,"menu_order":0,"comment_status":"closed","ping_status":"closed","template":"","meta":{"_acf_changed":false,"footnotes":""},"class_list":["post-421","page","type-page","status-publish","hentry"],"acf":[],"yoast_head":"<!-- This site is optimized with the Yoast SEO plugin v27.3 - https:\/\/yoast.com\/product\/yoast-seo-wordpress\/ -->\n<title>L\u00e4nkar - Mj\u00f6lby<\/title>\n<meta name=\"robots\" content=\"index, follow, max-snippet:-1, max-image-preview:large, max-video-preview:-1\" \/>\n<link rel=\"canonical\" href=\"https:\/\/wp.kristdemokraterna.se\/mjolby\/lankar\/\" \/>\n<meta property=\"og:locale\" content=\"sv_SE\" \/>\n<meta property=\"og:type\" content=\"article\" \/>\n<meta property=\"og:title\" content=\"L\u00e4nkar - Mj\u00f6lby\" \/>\n<meta property=\"og:description\" content=\"Kristdemokratiska v\u00e4nner i Sverige KD &#8211; Kristdemokraterna KD E &#8211; Kristdemokraterna i \u00d6sterg\u00f6tland KD Li\u00d6 &#8211; Kristdemokraterna i Landstinget i \u00d6sterg\u00f6tland KDU &#8211; Kristdemokratiska Ungdomsf\u00f6rbundet KDU E &#8211; Kristdemokratiska Ungdomsf\u00f6rbundet i \u00d6sterg\u00f6tland Kd-k &#8211; Kristdemokratiska Kvinnof\u00f6rbundet Kd-s &#8211; Kristdemokratiska Seniorf\u00f6rbundet KSF &#8211; Kristdemokratiska Studentf\u00f6rbundet Kd-f &#8211; Kristdemokraternas F\u00f6retagarr\u00e5d FSR &#8211; Fackligt-sociala r\u00e5det Tidningen Kristdemokraten Civitas Read More\" \/>\n<meta property=\"og:url\" content=\"https:\/\/wp.kristdemokraterna.se\/mjolby\/lankar\/\" \/>\n<meta property=\"og:site_name\" content=\"Mj\u00f6lby\" \/>\n<meta property=\"article:modified_time\" content=\"2014-09-25T13:48:42+00:00\" \/>\n<meta name=\"twitter:card\" content=\"summary_large_image\" \/>\n<meta name=\"twitter:label1\" content=\"Ber\u00e4knad l\u00e4stid\" \/>\n\t<meta name=\"twitter:data1\" content=\"1 minut\" \/>\n<script type=\"application\/ld+json\" class=\"yoast-schema-graph\">{\"@context\":\"https:\\\/\\\/schema.org\",\"@graph\":[{\"@type\":\"WebPage\",\"@id\":\"https:\\\/\\\/wp.kristdemokraterna.se\\\/mjolby\\\/lankar\\\/\",\"url\":\"https:\\\/\\\/wp.kristdemokraterna.se\\\/mjolby\\\/lankar\\\/\",\"name\":\"L\u00e4nkar - Mj\u00f6lby\",\"isPartOf\":{\"@id\":\"https:\\\/\\\/wp.kristdemokraterna.se\\\/mjolby\\\/#website\"},\"datePublished\":\"2013-08-19T14:41:23+00:00\",\"dateModified\":\"2014-09-25T13:48:42+00:00\",\"breadcrumb\":{\"@id\":\"https:\\\/\\\/wp.kristdemokraterna.se\\\/mjolby\\\/lankar\\\/#breadcrumb\"},\"inLanguage\":\"sv-SE\",\"potentialAction\":[{\"@type\":\"ReadAction\",\"target\":[\"https:\\\/\\\/wp.kristdemokraterna.se\\\/mjolby\\\/lankar\\\/\"]}]},{\"@type\":\"BreadcrumbList\",\"@id\":\"https:\\\/\\\/wp.kristdemokraterna.se\\\/mjolby\\\/lankar\\\/#breadcrumb\",\"itemListElement\":[{\"@type\":\"ListItem\",\"position\":1,\"name\":\"Hem\",\"item\":\"https:\\\/\\\/wp.kristdemokraterna.se\\\/mjolby\\\/\"},{\"@type\":\"ListItem\",\"position\":2,\"name\":\"L\u00e4nkar\"}]},{\"@type\":\"WebSite\",\"@id\":\"https:\\\/\\\/wp.kristdemokraterna.se\\\/mjolby\\\/#website\",\"url\":\"https:\\\/\\\/wp.kristdemokraterna.se\\\/mjolby\\\/\",\"name\":\"Mj\u00f6lby\",\"description\":\"Kristdemokraterna\",\"inLanguage\":\"sv-SE\"}]}<\/script>\n<!-- \/ Yoast SEO plugin. -->","yoast_head_json":{"title":"L\u00e4nkar - Mj\u00f6lby","robots":{"index":"index","follow":"follow","max-snippet":"max-snippet:-1","max-image-preview":"max-image-preview:large","max-video-preview":"max-video-preview:-1"},"canonical":"https:\/\/wp.kristdemokraterna.se\/mjolby\/lankar\/","og_locale":"sv_SE","og_type":"article","og_title":"L\u00e4nkar - Mj\u00f6lby","og_description":"Kristdemokratiska v\u00e4nner i Sverige KD &#8211; Kristdemokraterna KD E &#8211; Kristdemokraterna i \u00d6sterg\u00f6tland KD Li\u00d6 &#8211; Kristdemokraterna i Landstinget i \u00d6sterg\u00f6tland KDU &#8211; Kristdemokratiska Ungdomsf\u00f6rbundet KDU E &#8211; Kristdemokratiska Ungdomsf\u00f6rbundet i \u00d6sterg\u00f6tland Kd-k &#8211; Kristdemokratiska Kvinnof\u00f6rbundet Kd-s &#8211; Kristdemokratiska Seniorf\u00f6rbundet KSF &#8211; Kristdemokratiska Studentf\u00f6rbundet Kd-f &#8211; Kristdemokraternas F\u00f6retagarr\u00e5d FSR &#8211; Fackligt-sociala r\u00e5det Tidningen Kristdemokraten Civitas Read More","og_url":"https:\/\/wp.kristdemokraterna.se\/mjolby\/lankar\/","og_site_name":"Mj\u00f6lby","article_modified_time":"2014-09-25T13:48:42+00:00","twitter_card":"summary_large_image","twitter_misc":{"Ber\u00e4knad l\u00e4stid":"1 minut"},"schema":{"@context":"https:\/\/schema.org","@graph":[{"@type":"WebPage","@id":"https:\/\/wp.kristdemokraterna.se\/mjolby\/lankar\/","url":"https:\/\/wp.kristdemokraterna.se\/mjolby\/lankar\/","name":"L\u00e4nkar - Mj\u00f6lby","isPartOf":{"@id":"https:\/\/wp.kristdemokraterna.se\/mjolby\/#website"},"datePublished":"2013-08-19T14:41:23+00:00","dateModified":"2014-09-25T13:48:42+00:00","breadcrumb":{"@id":"https:\/\/wp.kristdemokraterna.se\/mjolby\/lankar\/#breadcrumb"},"inLanguage":"sv-SE","potentialAction":[{"@type":"ReadAction","target":["https:\/\/wp.kristdemokraterna.se\/mjolby\/lankar\/"]}]},{"@type":"BreadcrumbList","@id":"https:\/\/wp.kristdemokraterna.se\/mjolby\/lankar\/#breadcrumb","itemListElement":[{"@type":"ListItem","position":1,"name":"Hem","item":"https:\/\/wp.kristdemokraterna.se\/mjolby\/"},{"@type":"ListItem","position":2,"name":"L\u00e4nkar"}]},{"@type":"WebSite","@id":"https:\/\/wp.kristdemokraterna.se\/mjolby\/#website","url":"https:\/\/wp.kristdemokraterna.se\/mjolby\/","name":"Mj\u00f6lby","description":"Kristdemokraterna","inLanguage":"sv-SE"}]}},"_links":{"self":[{"href":"https:\/\/wp.kristdemokraterna.se\/mjolby\/wp-json\/wp\/v2\/pages\/421","targetHints":{"allow":["GET"]}}],"collection":[{"href":"https:\/\/wp.kristdemokraterna.se\/mjolby\/wp-json\/wp\/v2\/pages"}],"about":[{"href":"https:\/\/wp.kristdemokraterna.se\/mjolby\/wp-json\/wp\/v2\/types\/page"}],"author":[{"embeddable":true,"href":"https:\/\/wp.kristdemokraterna.se\/mjolby\/wp-json\/wp\/v2\/users\/433"}],"replies":[{"embeddable":true,"href":"https:\/\/wp.kristdemokraterna.se\/mjolby\/wp-json\/wp\/v2\/comments?post=421"}],"version-history":[{"count":20,"href":"https:\/\/wp.kristdemokraterna.se\/mjolby\/wp-json\/wp\/v2\/pages\/421\/revisions"}],"predecessor-version":[{"id":1253,"href":"https:\/\/wp.kristdemokraterna.se\/mjolby\/wp-json\/wp\/v2\/pages\/421\/revisions\/1253"}],"wp:attachment":[{"href":"https:\/\/wp.kristdemokraterna.se\/mjolby\/wp-json\/wp\/v2\/media?parent=421"}],"curies":[{"name":"wp","href":"https:\/\/api.w.org\/{rel}","templated":true}]}}