{"id":43,"date":"2013-02-05T16:30:27","date_gmt":"2013-02-05T15:30:27","guid":{"rendered":"http:\/\/wp.kristdemokraterna.se\/mjolby\/?page_id=43"},"modified":"2013-02-11T17:41:07","modified_gmt":"2013-02-11T16:41:07","slug":"styrelsen-2012-2013","status":"publish","type":"page","link":"https:\/\/wp.kristdemokraterna.se\/mjolby\/kontakta-oss\/styrelsen-2012-2013\/","title":{"rendered":"Styrelsen 2012-2013"},"content":{"rendered":"<p><em>Valdes in p\u00e5 lokalavdelningens \u00e5rsm\u00f6te f\u00f6r perioden 2012\/2013.<br \/>\n<\/em><br \/>\n<strong>Ordf\u00f6rande<\/strong><br \/>\n<a href=\"http:\/\/www.kristdemokraterna.se\/Kontaktportal\/Kontaktportalsida\/?pId=73706\" target=\"_blank\">Therese Gustafsson<\/a>\u00a0 (<a title=\"Therese Gustafsson\" href=\"http:\/\/wp.kristdemokraterna.se\/mjolby\/personligt\/therese-gustafsson\/\">&gt;&gt;<\/a>)<br \/>\nTel: 0142-183 42 (hem), 0705-495 191 (mobil)<br \/>\ntherese.gustafsson@kristdemokraterna.se<\/p>\n<p><strong>Vice ordf\u00f6rande<\/strong><br \/>\n<a href=\"http:\/\/www.kristdemokraterna.se\/Kontaktportal\/Kontaktportalsida\/?pId=534\" target=\"_blank\">Birger Hagstr\u00f6m<\/a>\u00a0 (<a title=\"Birger Hagstr\u00f6m\" href=\"http:\/\/wp.kristdemokraterna.se\/mjolby\/personligt\/birger-hagstrom\/\">&gt;&gt;<\/a>)<br \/>\nTel: 0142-213 32 (hem), 0736-732 285 (mobil)<br \/>\nbirger.hagstrom@kristdemokraterna.se<\/p>\n<p><strong>Kass\u00f6r<\/strong> (<em>Ej med i styrelsen<\/em>)<br \/>\n<a href=\"http:\/\/www.kristdemokraterna.se\/Kontaktportal\/Kontaktportalsida\/?pId=5166\" target=\"_blank\">Sven E Andersson<\/a><br \/>\nTel: 0705-645 995 (mobil)<br \/>\nsven.e.andersson@kristdemokraterna.se<\/p>\n<p><strong>Ledam\u00f6ter<\/strong><br \/>\n<a href=\"http:\/\/www.kristdemokraterna.se\/Kontaktportal\/Kontaktportalsida\/?pId=73708\" target=\"_blank\">H\u00e5kan Wass<\/a>\u00a0 (<a title=\"H\u00e5kan Wass\" href=\"http:\/\/wp.kristdemokraterna.se\/mjolby\/personligt\/hakan-wass\/\">&gt;&gt;<\/a>)<br \/>\nTel: 0142-160 28 (hem), 0701-112 465 (mobil)<br \/>\nhakan.wass@glocalnet.net<\/p>\n<p><a href=\"http:\/\/www.kristdemokraterna.se\/Kontaktportal\/Kontaktportalsida\/?pId=73704\" target=\"_blank\">Tommy Engback<\/a>\u00a0 (<a title=\"Tommy Engback\" href=\"http:\/\/wp.kristdemokraterna.se\/mjolby\/personligt\/tommy-engback\/\">&gt;&gt;<\/a>)<br \/>\nTel: 0703-640 690 (mobil)<br \/>\ntmengback@hotmail.com<\/p>\n<p><strong>Ers\u00e4ttare<\/strong><br \/>\nHenri Riccono (<a title=\"Henri Riccono\" href=\"http:\/\/wp.kristdemokraterna.se\/mjolby\/personligt\/henri-riccono\/\">&gt;&gt;<\/a>)<br \/>\nTel: 0142-210 38 (hem), 0733-644 773 (mobil)<br \/>\nhenri.riccono@erasweden.com<\/p>\n<p>Bengt-Olof Idmyr<br \/>\nTel: 0142-407 37 (hem)<\/p>\n","protected":false},"excerpt":{"rendered":"<p>Valdes in p\u00e5 lokalavdelningens \u00e5rsm\u00f6te f\u00f6r perioden 2012\/2013. Ordf\u00f6rande Therese Gustafsson\u00a0 (&gt;&gt;) Tel: 0142-183 42 (hem), 0705-495 191 (mobil) therese.gustafsson@kristdemokraterna.se Vice ordf\u00f6rande Birger Hagstr\u00f6m\u00a0 (&gt;&gt;) Tel: 0142-213 32 (hem), 0736-732 285 (mobil) birger.hagstrom@kristdemokraterna.se Kass\u00f6r (Ej med i styrelsen) Sven E Andersson Tel: 0705-645 995 (mobil) sven.e.andersson@kristdemokraterna.se Ledam\u00f6ter H\u00e5kan Wass\u00a0 (&gt;&gt;) Tel: 0142-160 28 (hem), 0701-112 <a class=\"read-more-link\" href=\"https:\/\/wp.kristdemokraterna.se\/mjolby\/kontakta-oss\/styrelsen-2012-2013\/\">Read More<\/a><\/p>\n","protected":false},"author":433,"featured_media":0,"parent":8,"menu_order":0,"comment_status":"closed","ping_status":"open","template":"","meta":{"_acf_changed":false,"footnotes":""},"class_list":["post-43","page","type-page","status-publish","hentry"],"acf":[],"yoast_head":"<!-- This site is optimized with the Yoast SEO plugin v27.3 - https:\/\/yoast.com\/product\/yoast-seo-wordpress\/ -->\n<title>Styrelsen 2012-2013 - Mj\u00f6lby<\/title>\n<meta name=\"robots\" content=\"index, follow, max-snippet:-1, max-image-preview:large, max-video-preview:-1\" \/>\n<link rel=\"canonical\" href=\"https:\/\/wp.kristdemokraterna.se\/mjolby\/kontakta-oss\/styrelsen-2012-2013\/\" \/>\n<meta property=\"og:locale\" content=\"sv_SE\" \/>\n<meta property=\"og:type\" content=\"article\" \/>\n<meta property=\"og:title\" content=\"Styrelsen 2012-2013 - Mj\u00f6lby\" \/>\n<meta property=\"og:description\" content=\"Valdes in p\u00e5 lokalavdelningens \u00e5rsm\u00f6te f\u00f6r perioden 2012\/2013. Ordf\u00f6rande Therese Gustafsson\u00a0 (&gt;&gt;) Tel: 0142-183 42 (hem), 0705-495 191 (mobil) therese.gustafsson@kristdemokraterna.se Vice ordf\u00f6rande Birger Hagstr\u00f6m\u00a0 (&gt;&gt;) Tel: 0142-213 32 (hem), 0736-732 285 (mobil) birger.hagstrom@kristdemokraterna.se Kass\u00f6r (Ej med i styrelsen) Sven E Andersson Tel: 0705-645 995 (mobil) sven.e.andersson@kristdemokraterna.se Ledam\u00f6ter H\u00e5kan Wass\u00a0 (&gt;&gt;) Tel: 0142-160 28 (hem), 0701-112 Read More\" \/>\n<meta property=\"og:url\" content=\"https:\/\/wp.kristdemokraterna.se\/mjolby\/kontakta-oss\/styrelsen-2012-2013\/\" \/>\n<meta property=\"og:site_name\" content=\"Mj\u00f6lby\" \/>\n<meta property=\"article:modified_time\" content=\"2013-02-11T16:41:07+00:00\" \/>\n<meta name=\"twitter:card\" content=\"summary_large_image\" \/>\n<meta name=\"twitter:label1\" content=\"Ber\u00e4knad l\u00e4stid\" \/>\n\t<meta name=\"twitter:data1\" content=\"1 minut\" \/>\n<script type=\"application\/ld+json\" class=\"yoast-schema-graph\">{\"@context\":\"https:\\\/\\\/schema.org\",\"@graph\":[{\"@type\":\"WebPage\",\"@id\":\"https:\\\/\\\/wp.kristdemokraterna.se\\\/mjolby\\\/kontakta-oss\\\/styrelsen-2012-2013\\\/\",\"url\":\"https:\\\/\\\/wp.kristdemokraterna.se\\\/mjolby\\\/kontakta-oss\\\/styrelsen-2012-2013\\\/\",\"name\":\"Styrelsen 2012-2013 - Mj\u00f6lby\",\"isPartOf\":{\"@id\":\"https:\\\/\\\/wp.kristdemokraterna.se\\\/mjolby\\\/#website\"},\"datePublished\":\"2013-02-05T15:30:27+00:00\",\"dateModified\":\"2013-02-11T16:41:07+00:00\",\"breadcrumb\":{\"@id\":\"https:\\\/\\\/wp.kristdemokraterna.se\\\/mjolby\\\/kontakta-oss\\\/styrelsen-2012-2013\\\/#breadcrumb\"},\"inLanguage\":\"sv-SE\",\"potentialAction\":[{\"@type\":\"ReadAction\",\"target\":[\"https:\\\/\\\/wp.kristdemokraterna.se\\\/mjolby\\\/kontakta-oss\\\/styrelsen-2012-2013\\\/\"]}]},{\"@type\":\"BreadcrumbList\",\"@id\":\"https:\\\/\\\/wp.kristdemokraterna.se\\\/mjolby\\\/kontakta-oss\\\/styrelsen-2012-2013\\\/#breadcrumb\",\"itemListElement\":[{\"@type\":\"ListItem\",\"position\":1,\"name\":\"Hem\",\"item\":\"https:\\\/\\\/wp.kristdemokraterna.se\\\/mjolby\\\/\"},{\"@type\":\"ListItem\",\"position\":2,\"name\":\"Privat: Kontakta oss (2)\",\"item\":\"https:\\\/\\\/wp.kristdemokraterna.se\\\/mjolby\\\/?page_id=8\"},{\"@type\":\"ListItem\",\"position\":3,\"name\":\"Styrelsen 2012-2013\"}]},{\"@type\":\"WebSite\",\"@id\":\"https:\\\/\\\/wp.kristdemokraterna.se\\\/mjolby\\\/#website\",\"url\":\"https:\\\/\\\/wp.kristdemokraterna.se\\\/mjolby\\\/\",\"name\":\"Mj\u00f6lby\",\"description\":\"Kristdemokraterna\",\"inLanguage\":\"sv-SE\"}]}<\/script>\n<!-- \/ Yoast SEO plugin. -->","yoast_head_json":{"title":"Styrelsen 2012-2013 - Mj\u00f6lby","robots":{"index":"index","follow":"follow","max-snippet":"max-snippet:-1","max-image-preview":"max-image-preview:large","max-video-preview":"max-video-preview:-1"},"canonical":"https:\/\/wp.kristdemokraterna.se\/mjolby\/kontakta-oss\/styrelsen-2012-2013\/","og_locale":"sv_SE","og_type":"article","og_title":"Styrelsen 2012-2013 - Mj\u00f6lby","og_description":"Valdes in p\u00e5 lokalavdelningens \u00e5rsm\u00f6te f\u00f6r perioden 2012\/2013. Ordf\u00f6rande Therese Gustafsson\u00a0 (&gt;&gt;) Tel: 0142-183 42 (hem), 0705-495 191 (mobil) therese.gustafsson@kristdemokraterna.se Vice ordf\u00f6rande Birger Hagstr\u00f6m\u00a0 (&gt;&gt;) Tel: 0142-213 32 (hem), 0736-732 285 (mobil) birger.hagstrom@kristdemokraterna.se Kass\u00f6r (Ej med i styrelsen) Sven E Andersson Tel: 0705-645 995 (mobil) sven.e.andersson@kristdemokraterna.se Ledam\u00f6ter H\u00e5kan Wass\u00a0 (&gt;&gt;) Tel: 0142-160 28 (hem), 0701-112 Read More","og_url":"https:\/\/wp.kristdemokraterna.se\/mjolby\/kontakta-oss\/styrelsen-2012-2013\/","og_site_name":"Mj\u00f6lby","article_modified_time":"2013-02-11T16:41:07+00:00","twitter_card":"summary_large_image","twitter_misc":{"Ber\u00e4knad l\u00e4stid":"1 minut"},"schema":{"@context":"https:\/\/schema.org","@graph":[{"@type":"WebPage","@id":"https:\/\/wp.kristdemokraterna.se\/mjolby\/kontakta-oss\/styrelsen-2012-2013\/","url":"https:\/\/wp.kristdemokraterna.se\/mjolby\/kontakta-oss\/styrelsen-2012-2013\/","name":"Styrelsen 2012-2013 - Mj\u00f6lby","isPartOf":{"@id":"https:\/\/wp.kristdemokraterna.se\/mjolby\/#website"},"datePublished":"2013-02-05T15:30:27+00:00","dateModified":"2013-02-11T16:41:07+00:00","breadcrumb":{"@id":"https:\/\/wp.kristdemokraterna.se\/mjolby\/kontakta-oss\/styrelsen-2012-2013\/#breadcrumb"},"inLanguage":"sv-SE","potentialAction":[{"@type":"ReadAction","target":["https:\/\/wp.kristdemokraterna.se\/mjolby\/kontakta-oss\/styrelsen-2012-2013\/"]}]},{"@type":"BreadcrumbList","@id":"https:\/\/wp.kristdemokraterna.se\/mjolby\/kontakta-oss\/styrelsen-2012-2013\/#breadcrumb","itemListElement":[{"@type":"ListItem","position":1,"name":"Hem","item":"https:\/\/wp.kristdemokraterna.se\/mjolby\/"},{"@type":"ListItem","position":2,"name":"Privat: Kontakta oss (2)","item":"https:\/\/wp.kristdemokraterna.se\/mjolby\/?page_id=8"},{"@type":"ListItem","position":3,"name":"Styrelsen 2012-2013"}]},{"@type":"WebSite","@id":"https:\/\/wp.kristdemokraterna.se\/mjolby\/#website","url":"https:\/\/wp.kristdemokraterna.se\/mjolby\/","name":"Mj\u00f6lby","description":"Kristdemokraterna","inLanguage":"sv-SE"}]}},"_links":{"self":[{"href":"https:\/\/wp.kristdemokraterna.se\/mjolby\/wp-json\/wp\/v2\/pages\/43","targetHints":{"allow":["GET"]}}],"collection":[{"href":"https:\/\/wp.kristdemokraterna.se\/mjolby\/wp-json\/wp\/v2\/pages"}],"about":[{"href":"https:\/\/wp.kristdemokraterna.se\/mjolby\/wp-json\/wp\/v2\/types\/page"}],"author":[{"embeddable":true,"href":"https:\/\/wp.kristdemokraterna.se\/mjolby\/wp-json\/wp\/v2\/users\/433"}],"replies":[{"embeddable":true,"href":"https:\/\/wp.kristdemokraterna.se\/mjolby\/wp-json\/wp\/v2\/comments?post=43"}],"version-history":[{"count":24,"href":"https:\/\/wp.kristdemokraterna.se\/mjolby\/wp-json\/wp\/v2\/pages\/43\/revisions"}],"predecessor-version":[{"id":240,"href":"https:\/\/wp.kristdemokraterna.se\/mjolby\/wp-json\/wp\/v2\/pages\/43\/revisions\/240"}],"up":[{"embeddable":true,"href":"https:\/\/wp.kristdemokraterna.se\/mjolby\/wp-json\/wp\/v2\/pages\/8"}],"wp:attachment":[{"href":"https:\/\/wp.kristdemokraterna.se\/mjolby\/wp-json\/wp\/v2\/media?parent=43"}],"curies":[{"name":"wp","href":"https:\/\/api.w.org\/{rel}","templated":true}]}}