{"id":448,"date":"2010-07-06T17:35:40","date_gmt":"2010-07-06T15:35:40","guid":{"rendered":"http:\/\/wp.kristdemokraterna.se\/mjolby\/?page_id=448"},"modified":"2013-10-03T16:28:43","modified_gmt":"2013-10-03T14:28:43","slug":"lat-familjerna-sjalva-bestamma","status":"publish","type":"page","link":"https:\/\/wp.kristdemokraterna.se\/mjolby\/valet2010\/lat-familjerna-sjalva-bestamma\/","title":{"rendered":"L\u00e5t familjerna sj\u00e4lva best\u00e4mma!"},"content":{"rendered":"<p>Barn \u00e4r olika, familjer ser olika ut och de flesta f\u00f6r\u00e4ldrar vet vad som \u00e4r b\u00e4st f\u00f6r deras barn.<\/p>\n<p>Grundl\u00e4ggande f\u00f6r den kristdemokratiska familjepolitiken \u00e4r att familjerna ska st\u00f6djas av det offentliga f\u00f6r att kunna g\u00f6ra de val som b\u00e4st passar deras situation. F\u00f6r att det ska kunna bli verklighet beh\u00f6ver vi skapa valfrihet, flexibilitet och r\u00e4ttvisa.<\/p>\n<p><em>Vi vill bland annat att:<\/em><\/p>\n<ul>\n<li>V\u00e5rdnadsbidraget ska inf\u00f6ras i kommunen<\/li>\n<li>Att familjedaghemmen bevaras och uppv\u00e4rderas<\/li>\n<li>Forts\u00e4tta att utveckla de familjecentraler som finns i kommunen<\/li>\n<li>F\u00f6r\u00e4ldrast\u00f6dsinsatser erbjuds under hela uppv\u00e4xtperioden<\/li>\n<\/ul>\n<p>L\u00e4s mer om vad vi vill g\u00f6ra f\u00f6r familjerna i Mj\u00f6lby <a title=\"Familjen\" href=\"http:\/\/wp.kristdemokraterna.se\/mjolby\/var-politik\/familjen\/\">h\u00e4r<\/a>!<\/p>\n","protected":false},"excerpt":{"rendered":"<p>Barn \u00e4r olika, familjer ser olika ut och de flesta f\u00f6r\u00e4ldrar vet vad som \u00e4r b\u00e4st f\u00f6r deras barn. Grundl\u00e4ggande f\u00f6r den kristdemokratiska familjepolitiken \u00e4r att familjerna ska st\u00f6djas av det offentliga f\u00f6r att kunna g\u00f6ra de val som b\u00e4st passar deras situation. F\u00f6r att det ska kunna bli verklighet beh\u00f6ver vi skapa valfrihet, flexibilitet <a class=\"read-more-link\" href=\"https:\/\/wp.kristdemokraterna.se\/mjolby\/valet2010\/lat-familjerna-sjalva-bestamma\/\">Read More<\/a><\/p>\n","protected":false},"author":433,"featured_media":0,"parent":446,"menu_order":0,"comment_status":"closed","ping_status":"open","template":"","meta":{"_acf_changed":false,"footnotes":""},"class_list":["post-448","page","type-page","status-publish","hentry"],"acf":[],"yoast_head":"<!-- This site is optimized with the Yoast SEO plugin v27.4 - https:\/\/yoast.com\/product\/yoast-seo-wordpress\/ -->\n<title>L\u00e5t familjerna sj\u00e4lva best\u00e4mma! - Mj\u00f6lby<\/title>\n<meta name=\"robots\" content=\"index, follow, max-snippet:-1, max-image-preview:large, max-video-preview:-1\" \/>\n<link rel=\"canonical\" href=\"https:\/\/wp.kristdemokraterna.se\/mjolby\/valet2010\/lat-familjerna-sjalva-bestamma\/\" \/>\n<meta property=\"og:locale\" content=\"sv_SE\" \/>\n<meta property=\"og:type\" content=\"article\" \/>\n<meta property=\"og:title\" content=\"L\u00e5t familjerna sj\u00e4lva best\u00e4mma! - Mj\u00f6lby\" \/>\n<meta property=\"og:description\" content=\"Barn \u00e4r olika, familjer ser olika ut och de flesta f\u00f6r\u00e4ldrar vet vad som \u00e4r b\u00e4st f\u00f6r deras barn. Grundl\u00e4ggande f\u00f6r den kristdemokratiska familjepolitiken \u00e4r att familjerna ska st\u00f6djas av det offentliga f\u00f6r att kunna g\u00f6ra de val som b\u00e4st passar deras situation. F\u00f6r att det ska kunna bli verklighet beh\u00f6ver vi skapa valfrihet, flexibilitet Read More\" \/>\n<meta property=\"og:url\" content=\"https:\/\/wp.kristdemokraterna.se\/mjolby\/valet2010\/lat-familjerna-sjalva-bestamma\/\" \/>\n<meta property=\"og:site_name\" content=\"Mj\u00f6lby\" \/>\n<meta property=\"article:modified_time\" content=\"2013-10-03T14:28:43+00:00\" \/>\n<meta name=\"twitter:card\" content=\"summary_large_image\" \/>\n<meta name=\"twitter:label1\" content=\"Ber\u00e4knad l\u00e4stid\" \/>\n\t<meta name=\"twitter:data1\" content=\"1 minut\" \/>\n<script type=\"application\/ld+json\" class=\"yoast-schema-graph\">{\"@context\":\"https:\\\/\\\/schema.org\",\"@graph\":[{\"@type\":\"WebPage\",\"@id\":\"https:\\\/\\\/wp.kristdemokraterna.se\\\/mjolby\\\/valet2010\\\/lat-familjerna-sjalva-bestamma\\\/\",\"url\":\"https:\\\/\\\/wp.kristdemokraterna.se\\\/mjolby\\\/valet2010\\\/lat-familjerna-sjalva-bestamma\\\/\",\"name\":\"L\u00e5t familjerna sj\u00e4lva best\u00e4mma! - Mj\u00f6lby\",\"isPartOf\":{\"@id\":\"https:\\\/\\\/wp.kristdemokraterna.se\\\/mjolby\\\/#website\"},\"datePublished\":\"2010-07-06T15:35:40+00:00\",\"dateModified\":\"2013-10-03T14:28:43+00:00\",\"breadcrumb\":{\"@id\":\"https:\\\/\\\/wp.kristdemokraterna.se\\\/mjolby\\\/valet2010\\\/lat-familjerna-sjalva-bestamma\\\/#breadcrumb\"},\"inLanguage\":\"sv-SE\",\"potentialAction\":[{\"@type\":\"ReadAction\",\"target\":[\"https:\\\/\\\/wp.kristdemokraterna.se\\\/mjolby\\\/valet2010\\\/lat-familjerna-sjalva-bestamma\\\/\"]}]},{\"@type\":\"BreadcrumbList\",\"@id\":\"https:\\\/\\\/wp.kristdemokraterna.se\\\/mjolby\\\/valet2010\\\/lat-familjerna-sjalva-bestamma\\\/#breadcrumb\",\"itemListElement\":[{\"@type\":\"ListItem\",\"position\":1,\"name\":\"Hem\",\"item\":\"https:\\\/\\\/wp.kristdemokraterna.se\\\/mjolby\\\/\"},{\"@type\":\"ListItem\",\"position\":2,\"name\":\"Valet 2010\",\"item\":\"https:\\\/\\\/wp.kristdemokraterna.se\\\/mjolby\\\/valet2010\\\/\"},{\"@type\":\"ListItem\",\"position\":3,\"name\":\"L\u00e5t familjerna sj\u00e4lva best\u00e4mma!\"}]},{\"@type\":\"WebSite\",\"@id\":\"https:\\\/\\\/wp.kristdemokraterna.se\\\/mjolby\\\/#website\",\"url\":\"https:\\\/\\\/wp.kristdemokraterna.se\\\/mjolby\\\/\",\"name\":\"Mj\u00f6lby\",\"description\":\"Kristdemokraterna\",\"inLanguage\":\"sv-SE\"}]}<\/script>\n<!-- \/ Yoast SEO plugin. -->","yoast_head_json":{"title":"L\u00e5t familjerna sj\u00e4lva best\u00e4mma! - Mj\u00f6lby","robots":{"index":"index","follow":"follow","max-snippet":"max-snippet:-1","max-image-preview":"max-image-preview:large","max-video-preview":"max-video-preview:-1"},"canonical":"https:\/\/wp.kristdemokraterna.se\/mjolby\/valet2010\/lat-familjerna-sjalva-bestamma\/","og_locale":"sv_SE","og_type":"article","og_title":"L\u00e5t familjerna sj\u00e4lva best\u00e4mma! - Mj\u00f6lby","og_description":"Barn \u00e4r olika, familjer ser olika ut och de flesta f\u00f6r\u00e4ldrar vet vad som \u00e4r b\u00e4st f\u00f6r deras barn. Grundl\u00e4ggande f\u00f6r den kristdemokratiska familjepolitiken \u00e4r att familjerna ska st\u00f6djas av det offentliga f\u00f6r att kunna g\u00f6ra de val som b\u00e4st passar deras situation. F\u00f6r att det ska kunna bli verklighet beh\u00f6ver vi skapa valfrihet, flexibilitet Read More","og_url":"https:\/\/wp.kristdemokraterna.se\/mjolby\/valet2010\/lat-familjerna-sjalva-bestamma\/","og_site_name":"Mj\u00f6lby","article_modified_time":"2013-10-03T14:28:43+00:00","twitter_card":"summary_large_image","twitter_misc":{"Ber\u00e4knad l\u00e4stid":"1 minut"},"schema":{"@context":"https:\/\/schema.org","@graph":[{"@type":"WebPage","@id":"https:\/\/wp.kristdemokraterna.se\/mjolby\/valet2010\/lat-familjerna-sjalva-bestamma\/","url":"https:\/\/wp.kristdemokraterna.se\/mjolby\/valet2010\/lat-familjerna-sjalva-bestamma\/","name":"L\u00e5t familjerna sj\u00e4lva best\u00e4mma! - Mj\u00f6lby","isPartOf":{"@id":"https:\/\/wp.kristdemokraterna.se\/mjolby\/#website"},"datePublished":"2010-07-06T15:35:40+00:00","dateModified":"2013-10-03T14:28:43+00:00","breadcrumb":{"@id":"https:\/\/wp.kristdemokraterna.se\/mjolby\/valet2010\/lat-familjerna-sjalva-bestamma\/#breadcrumb"},"inLanguage":"sv-SE","potentialAction":[{"@type":"ReadAction","target":["https:\/\/wp.kristdemokraterna.se\/mjolby\/valet2010\/lat-familjerna-sjalva-bestamma\/"]}]},{"@type":"BreadcrumbList","@id":"https:\/\/wp.kristdemokraterna.se\/mjolby\/valet2010\/lat-familjerna-sjalva-bestamma\/#breadcrumb","itemListElement":[{"@type":"ListItem","position":1,"name":"Hem","item":"https:\/\/wp.kristdemokraterna.se\/mjolby\/"},{"@type":"ListItem","position":2,"name":"Valet 2010","item":"https:\/\/wp.kristdemokraterna.se\/mjolby\/valet2010\/"},{"@type":"ListItem","position":3,"name":"L\u00e5t familjerna sj\u00e4lva best\u00e4mma!"}]},{"@type":"WebSite","@id":"https:\/\/wp.kristdemokraterna.se\/mjolby\/#website","url":"https:\/\/wp.kristdemokraterna.se\/mjolby\/","name":"Mj\u00f6lby","description":"Kristdemokraterna","inLanguage":"sv-SE"}]}},"_links":{"self":[{"href":"https:\/\/wp.kristdemokraterna.se\/mjolby\/wp-json\/wp\/v2\/pages\/448","targetHints":{"allow":["GET"]}}],"collection":[{"href":"https:\/\/wp.kristdemokraterna.se\/mjolby\/wp-json\/wp\/v2\/pages"}],"about":[{"href":"https:\/\/wp.kristdemokraterna.se\/mjolby\/wp-json\/wp\/v2\/types\/page"}],"author":[{"embeddable":true,"href":"https:\/\/wp.kristdemokraterna.se\/mjolby\/wp-json\/wp\/v2\/users\/433"}],"replies":[{"embeddable":true,"href":"https:\/\/wp.kristdemokraterna.se\/mjolby\/wp-json\/wp\/v2\/comments?post=448"}],"version-history":[{"count":1,"href":"https:\/\/wp.kristdemokraterna.se\/mjolby\/wp-json\/wp\/v2\/pages\/448\/revisions"}],"predecessor-version":[{"id":449,"href":"https:\/\/wp.kristdemokraterna.se\/mjolby\/wp-json\/wp\/v2\/pages\/448\/revisions\/449"}],"up":[{"embeddable":true,"href":"https:\/\/wp.kristdemokraterna.se\/mjolby\/wp-json\/wp\/v2\/pages\/446"}],"wp:attachment":[{"href":"https:\/\/wp.kristdemokraterna.se\/mjolby\/wp-json\/wp\/v2\/media?parent=448"}],"curies":[{"name":"wp","href":"https:\/\/api.w.org\/{rel}","templated":true}]}}