{"id":499,"date":"2013-09-20T12:05:22","date_gmt":"2013-09-20T10:05:22","guid":{"rendered":"http:\/\/wp.kristdemokraterna.se\/mjolby\/?page_id=499"},"modified":"2014-01-21T15:27:25","modified_gmt":"2014-01-21T14:27:25","slug":"familjens-rost","status":"publish","type":"page","link":"https:\/\/wp.kristdemokraterna.se\/mjolby\/kampanjer\/familjens-rost\/","title":{"rendered":"H\u00f6stkampanj 2013: Familjens r\u00f6st"},"content":{"rendered":"<p><a href=\"http:\/\/wp.kristdemokraterna.se\/mjolby\/files\/2013\/11\/familjensrost_580x200.jpg\"><img loading=\"lazy\" decoding=\"async\" class=\"alignnone  wp-image-500\" title=\"Familjens r\u00f6st\" alt=\"familjensrost_580x200\" src=\"http:\/\/wp.kristdemokraterna.se\/mjolby\/files\/2013\/11\/familjensrost_580x200.jpg\" width=\"580\" height=\"200\" srcset=\"https:\/\/wp.kristdemokraterna.se\/mjolby\/files\/2013\/11\/familjensrost_580x200.jpg 580w, https:\/\/wp.kristdemokraterna.se\/mjolby\/files\/2013\/11\/familjensrost_580x200-300x103.jpg 300w, https:\/\/wp.kristdemokraterna.se\/mjolby\/files\/2013\/11\/familjensrost_580x200-540x186.jpg 540w, https:\/\/wp.kristdemokraterna.se\/mjolby\/files\/2013\/11\/familjensrost_580x200-576x198.jpg 576w, https:\/\/wp.kristdemokraterna.se\/mjolby\/files\/2013\/11\/familjensrost_580x200-186x64.jpg 186w\" sizes=\"auto, (max-width: 580px) 100vw, 580px\" \/><\/a><br \/>\n<strong><em>Hur f\u00e5r du ihop det?<\/em><\/strong><\/p>\n<p><strong>Kristdemokraterna har, som inget annat parti, familjen i fokus och arbetar f\u00f6r att det ska bli enklare att kombinera arbete och familjeliv. Vi vill skapa ett familjev\u00e4nligare samh\u00e4llsklimat och str\u00e4var efter att g\u00f6ra Sverige till v\u00e4rldens b\u00e4sta land att v\u00e4xa upp i.<br \/>\n<\/strong><br \/>\nDet finns en period i livet d\u00e5 man har ont om tid,men mycket att g\u00f6ra. Vi k\u00e4mpar f\u00f6r att f\u00e5 ihop det och f\u00f6r att r\u00e4cka till. Arbete, vardags-st\u00e5-hej, barn, familj, v\u00e4nner och fritidsintressen. Detta kan leda till en stress som p\u00e5verkar b\u00e5de vuxna och barn. Vi har best\u00e4mt oss f\u00f6r att g\u00f6ra allt vi kan f\u00f6r att underl\u00e4tta vardagen f\u00f6r s\u00e5 m\u00e5nga familjer som m\u00f6jligt!<\/p>\n<p>Vi har flera f\u00f6rslag som f\u00f6rb\u00e4ttrar barns och familjers vardag.<br \/>\nH\u00e4r \u00e4r tre av dem:<\/p>\n<ul>\n<li><strong>Mindre barngrupper i f\u00f6rskolan<\/strong>. F\u00f6r att skapa b\u00e4ttre f\u00f6ruts\u00e4ttningar till en lugn milj\u00f6 och god pedagogisk verksamhet med personal som har tid.<\/li>\n<li><strong>Utbyggd och mer flexibel f\u00f6r\u00e4ldraf\u00f6rs\u00e4kring.<\/strong> Skapar tid f\u00f6r barnen och ger b\u00e4ttre m\u00f6jligheter att kombinera jobb och familj. Vi s\u00e4ger nej till kvotering, vi vill ut\u00f6ka antalet dagar och h\u00f6ja grundniv\u00e5n.<\/li>\n<li><strong>St\u00f6d till ekonomiskt utsatta barnfamiljer.<\/strong> Genom s\u00e4nkt skatt p\u00e5 arbete, h\u00f6jda bostadsbidrag och h\u00f6jd grundniv\u00e5 i f\u00f6r\u00e4ldraf\u00f6rs\u00e4kringen vill vi g\u00f6ra det enklare f\u00f6rfamiljer att f\u00e5 ihop ekonomin.<\/li>\n<\/ul>\n<p>L\u00e4s mer&#8230;<br \/>\n<a href=\"http:\/\/wp.kristdemokraterna.se\/mjolby\/files\/2013\/09\/hostkampanj_2013_broschyr.pdf\" target=\"_blank\">hostkampanj_2013_broschyr<\/a><br \/>\n<a href=\"http:\/\/www.kristdemokraterna.se\/Global\/Rapporter_Och_Dokument\/Sverige%20-%20varldens%20basta%20land%20att%20vaxa%20upp%20i.pdf\" target=\"_blank\">V\u00e5r politik f\u00f6r barn och unga <\/a><br \/>\n<a href=\"http:\/\/www.youtube.com\/watch?v=3cj5zwdj4F4\" target=\"_blank\">Hur f\u00e5r du ihop det? <\/a><br \/>\n<a href=\"http:\/\/www.kristdemokraterna.se\/kampanjer\/Hostkampanj-2013\/\" target=\"_blank\">H\u00f6stkampanj 2013 <\/a><\/p>\n","protected":false},"excerpt":{"rendered":"<p>Hur f\u00e5r du ihop det? Kristdemokraterna har, som inget annat parti, familjen i fokus och arbetar f\u00f6r att det ska bli enklare att kombinera arbete och familjeliv. Vi vill skapa ett familjev\u00e4nligare samh\u00e4llsklimat och str\u00e4var efter att g\u00f6ra Sverige till v\u00e4rldens b\u00e4sta land att v\u00e4xa upp i. Det finns en period i livet d\u00e5 man <a class=\"read-more-link\" href=\"https:\/\/wp.kristdemokraterna.se\/mjolby\/kampanjer\/familjens-rost\/\">Read More<\/a><\/p>\n","protected":false},"author":433,"featured_media":0,"parent":793,"menu_order":0,"comment_status":"closed","ping_status":"open","template":"","meta":{"_acf_changed":false,"footnotes":""},"class_list":["post-499","page","type-page","status-publish","hentry"],"acf":[],"yoast_head":"<!-- This site is optimized with the Yoast SEO plugin v27.4 - https:\/\/yoast.com\/product\/yoast-seo-wordpress\/ -->\n<title>H\u00f6stkampanj 2013: Familjens r\u00f6st - Mj\u00f6lby<\/title>\n<meta name=\"robots\" content=\"index, follow, max-snippet:-1, max-image-preview:large, max-video-preview:-1\" \/>\n<link rel=\"canonical\" href=\"https:\/\/wp.kristdemokraterna.se\/mjolby\/kampanjer\/familjens-rost\/\" \/>\n<meta property=\"og:locale\" content=\"sv_SE\" \/>\n<meta property=\"og:type\" content=\"article\" \/>\n<meta property=\"og:title\" content=\"H\u00f6stkampanj 2013: Familjens r\u00f6st - Mj\u00f6lby\" \/>\n<meta property=\"og:description\" content=\"Hur f\u00e5r du ihop det? Kristdemokraterna har, som inget annat parti, familjen i fokus och arbetar f\u00f6r att det ska bli enklare att kombinera arbete och familjeliv. Vi vill skapa ett familjev\u00e4nligare samh\u00e4llsklimat och str\u00e4var efter att g\u00f6ra Sverige till v\u00e4rldens b\u00e4sta land att v\u00e4xa upp i. Det finns en period i livet d\u00e5 man Read More\" \/>\n<meta property=\"og:url\" content=\"https:\/\/wp.kristdemokraterna.se\/mjolby\/kampanjer\/familjens-rost\/\" \/>\n<meta property=\"og:site_name\" content=\"Mj\u00f6lby\" \/>\n<meta property=\"article:modified_time\" content=\"2014-01-21T14:27:25+00:00\" \/>\n<meta property=\"og:image\" content=\"http:\/\/wp.kristdemokraterna.se\/mjolby\/files\/2013\/11\/familjensrost_580x200.jpg\" \/>\n<meta name=\"twitter:card\" content=\"summary_large_image\" \/>\n<meta name=\"twitter:label1\" content=\"Ber\u00e4knad l\u00e4stid\" \/>\n\t<meta name=\"twitter:data1\" content=\"1 minut\" \/>\n<script type=\"application\/ld+json\" class=\"yoast-schema-graph\">{\"@context\":\"https:\\\/\\\/schema.org\",\"@graph\":[{\"@type\":\"WebPage\",\"@id\":\"https:\\\/\\\/wp.kristdemokraterna.se\\\/mjolby\\\/kampanjer\\\/familjens-rost\\\/\",\"url\":\"https:\\\/\\\/wp.kristdemokraterna.se\\\/mjolby\\\/kampanjer\\\/familjens-rost\\\/\",\"name\":\"H\u00f6stkampanj 2013: Familjens r\u00f6st - Mj\u00f6lby\",\"isPartOf\":{\"@id\":\"https:\\\/\\\/wp.kristdemokraterna.se\\\/mjolby\\\/#website\"},\"primaryImageOfPage\":{\"@id\":\"https:\\\/\\\/wp.kristdemokraterna.se\\\/mjolby\\\/kampanjer\\\/familjens-rost\\\/#primaryimage\"},\"image\":{\"@id\":\"https:\\\/\\\/wp.kristdemokraterna.se\\\/mjolby\\\/kampanjer\\\/familjens-rost\\\/#primaryimage\"},\"thumbnailUrl\":\"http:\\\/\\\/wp.kristdemokraterna.se\\\/mjolby\\\/files\\\/2013\\\/11\\\/familjensrost_580x200.jpg\",\"datePublished\":\"2013-09-20T10:05:22+00:00\",\"dateModified\":\"2014-01-21T14:27:25+00:00\",\"breadcrumb\":{\"@id\":\"https:\\\/\\\/wp.kristdemokraterna.se\\\/mjolby\\\/kampanjer\\\/familjens-rost\\\/#breadcrumb\"},\"inLanguage\":\"sv-SE\",\"potentialAction\":[{\"@type\":\"ReadAction\",\"target\":[\"https:\\\/\\\/wp.kristdemokraterna.se\\\/mjolby\\\/kampanjer\\\/familjens-rost\\\/\"]}]},{\"@type\":\"ImageObject\",\"inLanguage\":\"sv-SE\",\"@id\":\"https:\\\/\\\/wp.kristdemokraterna.se\\\/mjolby\\\/kampanjer\\\/familjens-rost\\\/#primaryimage\",\"url\":\"https:\\\/\\\/wp.kristdemokraterna.se\\\/mjolby\\\/files\\\/2013\\\/11\\\/familjensrost_580x200.jpg\",\"contentUrl\":\"https:\\\/\\\/wp.kristdemokraterna.se\\\/mjolby\\\/files\\\/2013\\\/11\\\/familjensrost_580x200.jpg\",\"width\":580,\"height\":200},{\"@type\":\"BreadcrumbList\",\"@id\":\"https:\\\/\\\/wp.kristdemokraterna.se\\\/mjolby\\\/kampanjer\\\/familjens-rost\\\/#breadcrumb\",\"itemListElement\":[{\"@type\":\"ListItem\",\"position\":1,\"name\":\"Hem\",\"item\":\"https:\\\/\\\/wp.kristdemokraterna.se\\\/mjolby\\\/\"},{\"@type\":\"ListItem\",\"position\":2,\"name\":\"Kampanjer\",\"item\":\"https:\\\/\\\/wp.kristdemokraterna.se\\\/mjolby\\\/kampanjer\\\/\"},{\"@type\":\"ListItem\",\"position\":3,\"name\":\"H\u00f6stkampanj 2013: Familjens r\u00f6st\"}]},{\"@type\":\"WebSite\",\"@id\":\"https:\\\/\\\/wp.kristdemokraterna.se\\\/mjolby\\\/#website\",\"url\":\"https:\\\/\\\/wp.kristdemokraterna.se\\\/mjolby\\\/\",\"name\":\"Mj\u00f6lby\",\"description\":\"Kristdemokraterna\",\"inLanguage\":\"sv-SE\"}]}<\/script>\n<!-- \/ Yoast SEO plugin. -->","yoast_head_json":{"title":"H\u00f6stkampanj 2013: Familjens r\u00f6st - Mj\u00f6lby","robots":{"index":"index","follow":"follow","max-snippet":"max-snippet:-1","max-image-preview":"max-image-preview:large","max-video-preview":"max-video-preview:-1"},"canonical":"https:\/\/wp.kristdemokraterna.se\/mjolby\/kampanjer\/familjens-rost\/","og_locale":"sv_SE","og_type":"article","og_title":"H\u00f6stkampanj 2013: Familjens r\u00f6st - Mj\u00f6lby","og_description":"Hur f\u00e5r du ihop det? Kristdemokraterna har, som inget annat parti, familjen i fokus och arbetar f\u00f6r att det ska bli enklare att kombinera arbete och familjeliv. Vi vill skapa ett familjev\u00e4nligare samh\u00e4llsklimat och str\u00e4var efter att g\u00f6ra Sverige till v\u00e4rldens b\u00e4sta land att v\u00e4xa upp i. Det finns en period i livet d\u00e5 man Read More","og_url":"https:\/\/wp.kristdemokraterna.se\/mjolby\/kampanjer\/familjens-rost\/","og_site_name":"Mj\u00f6lby","article_modified_time":"2014-01-21T14:27:25+00:00","og_image":[{"url":"http:\/\/wp.kristdemokraterna.se\/mjolby\/files\/2013\/11\/familjensrost_580x200.jpg","type":"","width":"","height":""}],"twitter_card":"summary_large_image","twitter_misc":{"Ber\u00e4knad l\u00e4stid":"1 minut"},"schema":{"@context":"https:\/\/schema.org","@graph":[{"@type":"WebPage","@id":"https:\/\/wp.kristdemokraterna.se\/mjolby\/kampanjer\/familjens-rost\/","url":"https:\/\/wp.kristdemokraterna.se\/mjolby\/kampanjer\/familjens-rost\/","name":"H\u00f6stkampanj 2013: Familjens r\u00f6st - Mj\u00f6lby","isPartOf":{"@id":"https:\/\/wp.kristdemokraterna.se\/mjolby\/#website"},"primaryImageOfPage":{"@id":"https:\/\/wp.kristdemokraterna.se\/mjolby\/kampanjer\/familjens-rost\/#primaryimage"},"image":{"@id":"https:\/\/wp.kristdemokraterna.se\/mjolby\/kampanjer\/familjens-rost\/#primaryimage"},"thumbnailUrl":"http:\/\/wp.kristdemokraterna.se\/mjolby\/files\/2013\/11\/familjensrost_580x200.jpg","datePublished":"2013-09-20T10:05:22+00:00","dateModified":"2014-01-21T14:27:25+00:00","breadcrumb":{"@id":"https:\/\/wp.kristdemokraterna.se\/mjolby\/kampanjer\/familjens-rost\/#breadcrumb"},"inLanguage":"sv-SE","potentialAction":[{"@type":"ReadAction","target":["https:\/\/wp.kristdemokraterna.se\/mjolby\/kampanjer\/familjens-rost\/"]}]},{"@type":"ImageObject","inLanguage":"sv-SE","@id":"https:\/\/wp.kristdemokraterna.se\/mjolby\/kampanjer\/familjens-rost\/#primaryimage","url":"https:\/\/wp.kristdemokraterna.se\/mjolby\/files\/2013\/11\/familjensrost_580x200.jpg","contentUrl":"https:\/\/wp.kristdemokraterna.se\/mjolby\/files\/2013\/11\/familjensrost_580x200.jpg","width":580,"height":200},{"@type":"BreadcrumbList","@id":"https:\/\/wp.kristdemokraterna.se\/mjolby\/kampanjer\/familjens-rost\/#breadcrumb","itemListElement":[{"@type":"ListItem","position":1,"name":"Hem","item":"https:\/\/wp.kristdemokraterna.se\/mjolby\/"},{"@type":"ListItem","position":2,"name":"Kampanjer","item":"https:\/\/wp.kristdemokraterna.se\/mjolby\/kampanjer\/"},{"@type":"ListItem","position":3,"name":"H\u00f6stkampanj 2013: Familjens r\u00f6st"}]},{"@type":"WebSite","@id":"https:\/\/wp.kristdemokraterna.se\/mjolby\/#website","url":"https:\/\/wp.kristdemokraterna.se\/mjolby\/","name":"Mj\u00f6lby","description":"Kristdemokraterna","inLanguage":"sv-SE"}]}},"_links":{"self":[{"href":"https:\/\/wp.kristdemokraterna.se\/mjolby\/wp-json\/wp\/v2\/pages\/499","targetHints":{"allow":["GET"]}}],"collection":[{"href":"https:\/\/wp.kristdemokraterna.se\/mjolby\/wp-json\/wp\/v2\/pages"}],"about":[{"href":"https:\/\/wp.kristdemokraterna.se\/mjolby\/wp-json\/wp\/v2\/types\/page"}],"author":[{"embeddable":true,"href":"https:\/\/wp.kristdemokraterna.se\/mjolby\/wp-json\/wp\/v2\/users\/433"}],"replies":[{"embeddable":true,"href":"https:\/\/wp.kristdemokraterna.se\/mjolby\/wp-json\/wp\/v2\/comments?post=499"}],"version-history":[{"count":20,"href":"https:\/\/wp.kristdemokraterna.se\/mjolby\/wp-json\/wp\/v2\/pages\/499\/revisions"}],"predecessor-version":[{"id":795,"href":"https:\/\/wp.kristdemokraterna.se\/mjolby\/wp-json\/wp\/v2\/pages\/499\/revisions\/795"}],"up":[{"embeddable":true,"href":"https:\/\/wp.kristdemokraterna.se\/mjolby\/wp-json\/wp\/v2\/pages\/793"}],"wp:attachment":[{"href":"https:\/\/wp.kristdemokraterna.se\/mjolby\/wp-json\/wp\/v2\/media?parent=499"}],"curies":[{"name":"wp","href":"https:\/\/api.w.org\/{rel}","templated":true}]}}