{"id":668,"date":"2013-12-04T15:24:32","date_gmt":"2013-12-04T14:24:32","guid":{"rendered":"http:\/\/wp.kristdemokraterna.se\/mjolby\/?page_id=668"},"modified":"2014-02-18T15:39:19","modified_gmt":"2014-02-18T14:39:19","slug":"sociala-medier","status":"publish","type":"page","link":"https:\/\/wp.kristdemokraterna.se\/mjolby\/sociala-medier\/","title":{"rendered":"Sociala medier"},"content":{"rendered":"<p>F\u00f6lj g\u00e4rna v\u00e5ran egna twitter kanal p\u00e5\u00a0<a href=\"http:\/\/twitter.com\/kdmjolby\" target=\"_blank\">@kdmjolby<\/a> f\u00f6r senaste nytt<br \/>\nfr\u00e5n Kristdemokraterna &#8221;<em>Riks &amp; Lokalt<\/em>&#8221;.<br \/>\n* tagg: <a href=\"http:\/\/twitter.com\/search?q=%23kdmjolby\" target=\"_blank\">#kdmjolby<\/a><\/p>\n<hr align=\"center\" size=\"2\" width=\"100%\" \/>\n<p><a href=\"http:\/\/www.kristdemokraterna.se\/SocialaMedier\" target=\"_blank\"><img loading=\"lazy\" decoding=\"async\" class=\" wp-image-876 alignleft\" title=\"Klicka h\u00e4r f\u00f6r att f\u00f6lja Kristdemokraterna (Riks) p\u00e5 sociala medier\" alt=\"socialamedier\" src=\"http:\/\/wp.kristdemokraterna.se\/mjolby\/files\/2013\/12\/socialamedier.gif\" width=\"400\" height=\"118\" \/><\/a><\/p>\n<p><a href=\"http:\/\/www.kdbloggar.se\/\" target=\"_blank\"><img loading=\"lazy\" decoding=\"async\" class=\"size-full wp-image-873 alignleft\" title=\"F\u00f6lj Kristdemokratiska bloggare!\" alt=\"foljblogg\" src=\"http:\/\/wp.kristdemokraterna.se\/mjolby\/files\/2013\/12\/foljblogg.jpg\" width=\"400\" height=\"130\" srcset=\"https:\/\/wp.kristdemokraterna.se\/mjolby\/files\/2013\/12\/foljblogg.jpg 400w, https:\/\/wp.kristdemokraterna.se\/mjolby\/files\/2013\/12\/foljblogg-300x97.jpg 300w, https:\/\/wp.kristdemokraterna.se\/mjolby\/files\/2013\/12\/foljblogg-186x60.jpg 186w\" sizes=\"auto, (max-width: 400px) 100vw, 400px\" \/><\/a><br \/>\n<a href=\"http:\/\/www.facebook.com\/pages\/Kristdemokraterna\/115198178364\" target=\"_blank\"><img loading=\"lazy\" decoding=\"async\" class=\"size-full wp-image-870 alignleft\" title=\"Kristdemokraterna (Riks) p\u00e5 Facebook!\" alt=\"kd_facebook_storbox\" src=\"http:\/\/wp.kristdemokraterna.se\/mjolby\/files\/2013\/12\/kd_facebook_storbox.gif\" width=\"400\" height=\"130\" \/><\/a><\/p>\n<p><a href=\"http:\/\/twitter.com\/kdriks\" target=\"_blank\"><img loading=\"lazy\" decoding=\"async\" class=\"size-full wp-image-867 alignleft\" title=\"Kristdemokraterna (Riks) p\u00e5 Twitter!\" alt=\"kd_twitter_storbox\" src=\"http:\/\/wp.kristdemokraterna.se\/mjolby\/files\/2013\/12\/kd_twitter_storbox.gif\" width=\"400\" height=\"130\" \/><\/a><\/p>\n","protected":false},"excerpt":{"rendered":"<p>F\u00f6lj g\u00e4rna v\u00e5ran egna twitter kanal p\u00e5\u00a0@kdmjolby f\u00f6r senaste nytt fr\u00e5n Kristdemokraterna &#8221;Riks &amp; Lokalt&#8221;. * tagg: #kdmjolby<\/p>\n","protected":false},"author":433,"featured_media":0,"parent":0,"menu_order":0,"comment_status":"closed","ping_status":"closed","template":"","meta":{"_acf_changed":false,"footnotes":""},"class_list":["post-668","page","type-page","status-publish","hentry"],"acf":[],"yoast_head":"<!-- This site is optimized with the Yoast SEO plugin v27.4 - https:\/\/yoast.com\/product\/yoast-seo-wordpress\/ -->\n<title>Sociala medier - Mj\u00f6lby<\/title>\n<meta name=\"robots\" content=\"index, follow, max-snippet:-1, max-image-preview:large, max-video-preview:-1\" \/>\n<link rel=\"canonical\" href=\"https:\/\/wp.kristdemokraterna.se\/mjolby\/sociala-medier\/\" \/>\n<meta property=\"og:locale\" content=\"sv_SE\" \/>\n<meta property=\"og:type\" content=\"article\" \/>\n<meta property=\"og:title\" content=\"Sociala medier - Mj\u00f6lby\" \/>\n<meta property=\"og:description\" content=\"F\u00f6lj g\u00e4rna v\u00e5ran egna twitter kanal p\u00e5\u00a0@kdmjolby f\u00f6r senaste nytt fr\u00e5n Kristdemokraterna &#8221;Riks &amp; Lokalt&#8221;. * tagg: #kdmjolby\" \/>\n<meta property=\"og:url\" content=\"https:\/\/wp.kristdemokraterna.se\/mjolby\/sociala-medier\/\" \/>\n<meta property=\"og:site_name\" content=\"Mj\u00f6lby\" \/>\n<meta property=\"article:modified_time\" content=\"2014-02-18T14:39:19+00:00\" \/>\n<meta property=\"og:image\" content=\"http:\/\/wp.kristdemokraterna.se\/mjolby\/files\/2013\/12\/socialamedier.gif\" \/>\n<meta name=\"twitter:card\" content=\"summary_large_image\" \/>\n<script type=\"application\/ld+json\" class=\"yoast-schema-graph\">{\"@context\":\"https:\\\/\\\/schema.org\",\"@graph\":[{\"@type\":\"WebPage\",\"@id\":\"https:\\\/\\\/wp.kristdemokraterna.se\\\/mjolby\\\/sociala-medier\\\/\",\"url\":\"https:\\\/\\\/wp.kristdemokraterna.se\\\/mjolby\\\/sociala-medier\\\/\",\"name\":\"Sociala medier - Mj\u00f6lby\",\"isPartOf\":{\"@id\":\"https:\\\/\\\/wp.kristdemokraterna.se\\\/mjolby\\\/#website\"},\"primaryImageOfPage\":{\"@id\":\"https:\\\/\\\/wp.kristdemokraterna.se\\\/mjolby\\\/sociala-medier\\\/#primaryimage\"},\"image\":{\"@id\":\"https:\\\/\\\/wp.kristdemokraterna.se\\\/mjolby\\\/sociala-medier\\\/#primaryimage\"},\"thumbnailUrl\":\"http:\\\/\\\/wp.kristdemokraterna.se\\\/mjolby\\\/files\\\/2013\\\/12\\\/socialamedier.gif\",\"datePublished\":\"2013-12-04T14:24:32+00:00\",\"dateModified\":\"2014-02-18T14:39:19+00:00\",\"breadcrumb\":{\"@id\":\"https:\\\/\\\/wp.kristdemokraterna.se\\\/mjolby\\\/sociala-medier\\\/#breadcrumb\"},\"inLanguage\":\"sv-SE\",\"potentialAction\":[{\"@type\":\"ReadAction\",\"target\":[\"https:\\\/\\\/wp.kristdemokraterna.se\\\/mjolby\\\/sociala-medier\\\/\"]}]},{\"@type\":\"ImageObject\",\"inLanguage\":\"sv-SE\",\"@id\":\"https:\\\/\\\/wp.kristdemokraterna.se\\\/mjolby\\\/sociala-medier\\\/#primaryimage\",\"url\":\"https:\\\/\\\/wp.kristdemokraterna.se\\\/mjolby\\\/files\\\/2013\\\/12\\\/socialamedier.gif\",\"contentUrl\":\"https:\\\/\\\/wp.kristdemokraterna.se\\\/mjolby\\\/files\\\/2013\\\/12\\\/socialamedier.gif\",\"width\":600,\"height\":118},{\"@type\":\"BreadcrumbList\",\"@id\":\"https:\\\/\\\/wp.kristdemokraterna.se\\\/mjolby\\\/sociala-medier\\\/#breadcrumb\",\"itemListElement\":[{\"@type\":\"ListItem\",\"position\":1,\"name\":\"Hem\",\"item\":\"https:\\\/\\\/wp.kristdemokraterna.se\\\/mjolby\\\/\"},{\"@type\":\"ListItem\",\"position\":2,\"name\":\"Sociala medier\"}]},{\"@type\":\"WebSite\",\"@id\":\"https:\\\/\\\/wp.kristdemokraterna.se\\\/mjolby\\\/#website\",\"url\":\"https:\\\/\\\/wp.kristdemokraterna.se\\\/mjolby\\\/\",\"name\":\"Mj\u00f6lby\",\"description\":\"Kristdemokraterna\",\"inLanguage\":\"sv-SE\"}]}<\/script>\n<!-- \/ Yoast SEO plugin. -->","yoast_head_json":{"title":"Sociala medier - Mj\u00f6lby","robots":{"index":"index","follow":"follow","max-snippet":"max-snippet:-1","max-image-preview":"max-image-preview:large","max-video-preview":"max-video-preview:-1"},"canonical":"https:\/\/wp.kristdemokraterna.se\/mjolby\/sociala-medier\/","og_locale":"sv_SE","og_type":"article","og_title":"Sociala medier - Mj\u00f6lby","og_description":"F\u00f6lj g\u00e4rna v\u00e5ran egna twitter kanal p\u00e5\u00a0@kdmjolby f\u00f6r senaste nytt fr\u00e5n Kristdemokraterna &#8221;Riks &amp; Lokalt&#8221;. * tagg: #kdmjolby","og_url":"https:\/\/wp.kristdemokraterna.se\/mjolby\/sociala-medier\/","og_site_name":"Mj\u00f6lby","article_modified_time":"2014-02-18T14:39:19+00:00","og_image":[{"url":"http:\/\/wp.kristdemokraterna.se\/mjolby\/files\/2013\/12\/socialamedier.gif","type":"","width":"","height":""}],"twitter_card":"summary_large_image","schema":{"@context":"https:\/\/schema.org","@graph":[{"@type":"WebPage","@id":"https:\/\/wp.kristdemokraterna.se\/mjolby\/sociala-medier\/","url":"https:\/\/wp.kristdemokraterna.se\/mjolby\/sociala-medier\/","name":"Sociala medier - Mj\u00f6lby","isPartOf":{"@id":"https:\/\/wp.kristdemokraterna.se\/mjolby\/#website"},"primaryImageOfPage":{"@id":"https:\/\/wp.kristdemokraterna.se\/mjolby\/sociala-medier\/#primaryimage"},"image":{"@id":"https:\/\/wp.kristdemokraterna.se\/mjolby\/sociala-medier\/#primaryimage"},"thumbnailUrl":"http:\/\/wp.kristdemokraterna.se\/mjolby\/files\/2013\/12\/socialamedier.gif","datePublished":"2013-12-04T14:24:32+00:00","dateModified":"2014-02-18T14:39:19+00:00","breadcrumb":{"@id":"https:\/\/wp.kristdemokraterna.se\/mjolby\/sociala-medier\/#breadcrumb"},"inLanguage":"sv-SE","potentialAction":[{"@type":"ReadAction","target":["https:\/\/wp.kristdemokraterna.se\/mjolby\/sociala-medier\/"]}]},{"@type":"ImageObject","inLanguage":"sv-SE","@id":"https:\/\/wp.kristdemokraterna.se\/mjolby\/sociala-medier\/#primaryimage","url":"https:\/\/wp.kristdemokraterna.se\/mjolby\/files\/2013\/12\/socialamedier.gif","contentUrl":"https:\/\/wp.kristdemokraterna.se\/mjolby\/files\/2013\/12\/socialamedier.gif","width":600,"height":118},{"@type":"BreadcrumbList","@id":"https:\/\/wp.kristdemokraterna.se\/mjolby\/sociala-medier\/#breadcrumb","itemListElement":[{"@type":"ListItem","position":1,"name":"Hem","item":"https:\/\/wp.kristdemokraterna.se\/mjolby\/"},{"@type":"ListItem","position":2,"name":"Sociala medier"}]},{"@type":"WebSite","@id":"https:\/\/wp.kristdemokraterna.se\/mjolby\/#website","url":"https:\/\/wp.kristdemokraterna.se\/mjolby\/","name":"Mj\u00f6lby","description":"Kristdemokraterna","inLanguage":"sv-SE"}]}},"_links":{"self":[{"href":"https:\/\/wp.kristdemokraterna.se\/mjolby\/wp-json\/wp\/v2\/pages\/668","targetHints":{"allow":["GET"]}}],"collection":[{"href":"https:\/\/wp.kristdemokraterna.se\/mjolby\/wp-json\/wp\/v2\/pages"}],"about":[{"href":"https:\/\/wp.kristdemokraterna.se\/mjolby\/wp-json\/wp\/v2\/types\/page"}],"author":[{"embeddable":true,"href":"https:\/\/wp.kristdemokraterna.se\/mjolby\/wp-json\/wp\/v2\/users\/433"}],"replies":[{"embeddable":true,"href":"https:\/\/wp.kristdemokraterna.se\/mjolby\/wp-json\/wp\/v2\/comments?post=668"}],"version-history":[{"count":24,"href":"https:\/\/wp.kristdemokraterna.se\/mjolby\/wp-json\/wp\/v2\/pages\/668\/revisions"}],"predecessor-version":[{"id":948,"href":"https:\/\/wp.kristdemokraterna.se\/mjolby\/wp-json\/wp\/v2\/pages\/668\/revisions\/948"}],"wp:attachment":[{"href":"https:\/\/wp.kristdemokraterna.se\/mjolby\/wp-json\/wp\/v2\/media?parent=668"}],"curies":[{"name":"wp","href":"https:\/\/api.w.org\/{rel}","templated":true}]}}