{"id":782,"date":"2014-01-11T17:30:34","date_gmt":"2014-01-11T16:30:34","guid":{"rendered":"http:\/\/wp.kristdemokraterna.se\/mjolby\/?page_id=782"},"modified":"2014-01-21T12:15:52","modified_gmt":"2014-01-21T11:15:52","slug":"hur-far-vara-unga-ihop-det","status":"publish","type":"page","link":"https:\/\/wp.kristdemokraterna.se\/mjolby\/kampanjer\/hur-far-vara-unga-ihop-det\/","title":{"rendered":"V\u00e5rkampanj 2014: Hur f\u00e5r v\u00e5ra unga ihop det?"},"content":{"rendered":"<p style=\"text-align: center\"><strong><img loading=\"lazy\" decoding=\"async\" class=\"aligncenter  wp-image-788\" title=\"Hur f\u00e5r v\u00e5ra unga ihop det? Familjens r\u00f6st\" alt=\"hurfarvaraungaihop_580x200px\" src=\"http:\/\/wp.kristdemokraterna.se\/mjolby\/files\/2014\/01\/hurfarvaraungaihop_580x200px.jpg\" width=\"580\" height=\"200\" srcset=\"https:\/\/wp.kristdemokraterna.se\/mjolby\/files\/2014\/01\/hurfarvaraungaihop_580x200px.jpg 580w, https:\/\/wp.kristdemokraterna.se\/mjolby\/files\/2014\/01\/hurfarvaraungaihop_580x200px-300x103.jpg 300w, https:\/\/wp.kristdemokraterna.se\/mjolby\/files\/2014\/01\/hurfarvaraungaihop_580x200px-540x186.jpg 540w, https:\/\/wp.kristdemokraterna.se\/mjolby\/files\/2014\/01\/hurfarvaraungaihop_580x200px-576x198.jpg 576w, https:\/\/wp.kristdemokraterna.se\/mjolby\/files\/2014\/01\/hurfarvaraungaihop_580x200px-186x64.jpg 186w\" sizes=\"auto, (max-width: 580px) 100vw, 580px\" \/>Kristdemokraterna har, som inget annat parti, familjen i fokus<br \/>\noch arbetar f\u00f6r att vi ska f\u00e5 ett familjev\u00e4nligare samh\u00e4llsklimat.<br \/>\nVi vill g\u00f6ra Sverige till v\u00e4rldens b\u00e4sta land att v\u00e4xa upp i!<\/strong><\/p>\n<p>Att ta klivet in i vuxenv\u00e4rlden \u00e4r inte alltid s\u00e5 enkelt. Dr\u00f6mmar m\u00f6ter verklighetens krav och f\u00f6ruts\u00e4ttningar. F\u00f6r att f\u00e5 en s\u00e5 bra start som m\u00f6jligt \u00e4r det viktigt att k\u00e4nna att man bidrar, \u00e4r beh\u00f6vd och f\u00e5r st\u00f6d fr\u00e5n omgivningen. F\u00f6r att skapa b\u00e4sta m\u00f6jliga f\u00f6ruts\u00e4ttningar att st\u00e5 p\u00e5 egna ben, vill vi erbjuda unga bra utbildning, fler v\u00e4gar in i arbetslivet och en m\u00f6jlighetatt flytta hemifr\u00e5n.<\/p>\n<p>Grunden f\u00f6r vuxenlivet l\u00e4ggs tidigt och d\u00e4rf\u00f6r m\u00e5ste skolan b\u00e5de f\u00f6rmedla kunskap f\u00f6r hela livet och hj\u00e4lpa till att st\u00e4rka ungas sj\u00e4lvk\u00e4nsla med tro p\u00e5 de egna m\u00f6jligheterna. Vi vill helt enkelt g\u00f6ra det l\u00e4ttare f\u00f6r unga att bli vuxna.<\/p>\n<p>Vi har flera f\u00f6rslag som ska underl\u00e4tta f\u00f6r v\u00e5ra unga att f\u00e5 ihop vardagen. H\u00e4r \u00e4r fyra av dem:<\/p>\n<p><strong>S\u00e4nk tr\u00f6sklarna till ett f\u00f6rsta jobb<\/strong><br \/>\nFyra av fem jobb skapas av sm\u00e5 f\u00f6retag. F\u00f6r att st\u00e4rka deras m\u00f6jlighet att anst\u00e4lla unga, vill vi inf\u00f6ra en ny l\u00e4rlingsanst\u00e4llningsform, f\u00f6renkla reglerna och s\u00e4nka f\u00f6retagarnas kostnader f\u00f6r sjukfr\u00e5nvaro. Det g\u00f6r det l\u00e4ttare f\u00f6r unga att komma in p\u00e5 arbetsmarknaden.<\/p>\n<p><strong>Tv\u00e5\u00e5rig yrkesf\u00f6rberedande utbildning<\/strong><br \/>\nVi vill f\u00f6rb\u00e4ttra yrkesutbildningarna och inf\u00f6ra ett tv\u00e5\u00e5rigt yrkesf\u00f6rberedande gymnasieprogram med mer praktik och starkare koppling till f\u00f6retag. Ett tredje \u00e5r kan l\u00e4sas in i efterhand.<\/p>\n<p><strong>F\u00f6rb\u00e4ttra ekonomin f\u00f6r studenter<\/strong><br \/>\nF\u00f6r att Sverige ska st\u00e5 sig i den internationella konkurrensen beh\u00f6vs bra villkor f\u00f6r att studera vidare. D\u00e4rf\u00f6r vill vi avskaffa inkomsttaket som begr\u00e4nsar studiebidraget om man arbetar vid sidan av studierna. Att arbeta extra kan vara ett s\u00e4tt att h\u00e5lla nere l\u00e5nekostnaden eller att f\u00e5 in en fot p\u00e5 arbetsmarknaden.<\/p>\n<p><strong>Fler studentbost\u00e4der<\/strong><br \/>\nBehovet av studentbost\u00e4der \u00e4r stort. D\u00e4rf\u00f6r m\u00e5ste vi f\u00f6renkla regelverket f\u00f6r b\u00e5de planering och byggande av bost\u00e4der, som unga dessutom har r\u00e5d med, \u00e4ven i v\u00e5ra storst\u00e4der. Vi vill ocks\u00e5 att universitet och h\u00f6gskolor ska f\u00e5 erbjuda studentboende, inf\u00f6ra ett avdragsgillt bosparande f\u00f6r unga mellan 18\u201334 \u00e5r, samt h\u00f6ja schablonavdraget f\u00f6r privat uthyrning.<\/p>\n<p>L\u00e4s mer om f\u00f6rslagen i handlingsprogrammet<br \/>\n&#8221;<a href=\"http:\/\/www.kristdemokraterna.se\/Global\/Rapporter_Och_Dokument\/Sverige%20-%20varldens%20basta%20land%20att%20vaxa%20upp%20i.pdf\" target=\"_blank\">Sverige &#8211; v\u00e4rldens b\u00e4sta land att v\u00e4xa upp i<\/a>&#8221;<\/p>\n<p>L\u00e4s mer<br \/>\n<a href=\"http:\/\/www.youtube.com\/watch?v=3cj5zwdj4F4\" target=\"_blank\">Hur f\u00e5r du i hop det? <\/a><\/p>\n<hr align=\"center\" size=\"2\" width=\"100%\" \/>\n<h1><strong>Det h\u00e4r har vi ocks\u00e5 gjort f\u00f6r att du l\u00e4ttare ska f\u00e5 ihop det!<\/strong><\/h1>\n<p><strong>Extra fritidspeng, \u00f6kat bostadsbidrag och h\u00f6jd l\u00e4gstaniv\u00e5 i f\u00f6r\u00e4ldraf\u00f6rs\u00e4kringen.<\/strong><br \/>\nDetta har fr\u00e4mst st\u00e4rkt ekonomin f\u00f6r barnfamiljer med l\u00e5ga inkomster.<\/p>\n<p><strong>St\u00e4rkt samarbetet mellan sociala myndigheter, polisen, skolan och civilsamh\u00e4llet.<\/strong><br \/>\nDen st\u00f6rsta satsningen p\u00e5 m\u00e5nga \u00e5r mot ungdomsbrottslighet, med m\u00e5let att f\u00e5nga upp unga i riskzonen att bli kriminella.<\/p>\n<p><strong>St\u00f6rsta satsningen n\u00e5gonsin p\u00e5 barn- och ungdomspsykiatrin.<\/strong><br \/>\nKortare v\u00e4ntetider till barn- och ungdomspsykiatrin samt \u00f6kat st\u00f6d till barn med psykiskt sjuka f\u00f6r\u00e4ldrar.<\/p>\n<p><strong>Billigare f\u00f6r f\u00f6retag att anst\u00e4lla unga<\/strong><br \/>\nDe sociala avgifterna har i princip halverats f\u00f6r unga. \u00c4ven den s\u00e4nkta restaurangmomsen har lett till fler jobb.<\/p>\n<p><strong>Jobbskatteavdrag och s\u00e4nkt skatt f\u00f6r pension\u00e4rer<\/strong><br \/>\nDetta har gett mer pengar i pl\u00e5nboken att sj\u00e4lv best\u00e4mma \u00f6ver. Jobbskatteavdraget har ocks\u00e5 f\u00e5tt fler i arbete.<\/p>\n<p><strong>Kortare v\u00e5rdk\u00f6er<\/strong><br \/>\nOmkring 90% av patienterna f\u00e5r hj\u00e4lp inom v\u00e5rdgarantinstidsgr\u00e4nser. Enligt internationella m\u00e4tningar, \u00e4r Sverige v\u00e4rldens b\u00e4sta land att \u00e5ldras i.<\/p>\n","protected":false},"excerpt":{"rendered":"<p>Kristdemokraterna har, som inget annat parti, familjen i fokus och arbetar f\u00f6r att vi ska f\u00e5 ett familjev\u00e4nligare samh\u00e4llsklimat. Vi vill g\u00f6ra Sverige till v\u00e4rldens b\u00e4sta land att v\u00e4xa upp i! Att ta klivet in i vuxenv\u00e4rlden \u00e4r inte alltid s\u00e5 enkelt. Dr\u00f6mmar m\u00f6ter verklighetens krav och f\u00f6ruts\u00e4ttningar. F\u00f6r att f\u00e5 en s\u00e5 bra start <a class=\"read-more-link\" href=\"https:\/\/wp.kristdemokraterna.se\/mjolby\/kampanjer\/hur-far-vara-unga-ihop-det\/\">Read More<\/a><\/p>\n","protected":false},"author":433,"featured_media":0,"parent":793,"menu_order":0,"comment_status":"closed","ping_status":"open","template":"","meta":{"_acf_changed":false,"footnotes":""},"class_list":["post-782","page","type-page","status-publish","hentry"],"acf":[],"yoast_head":"<!-- This site is optimized with the Yoast SEO plugin v27.4 - https:\/\/yoast.com\/product\/yoast-seo-wordpress\/ -->\n<title>V\u00e5rkampanj 2014: Hur f\u00e5r v\u00e5ra unga ihop det? - Mj\u00f6lby<\/title>\n<meta name=\"robots\" content=\"index, follow, max-snippet:-1, max-image-preview:large, max-video-preview:-1\" \/>\n<link rel=\"canonical\" href=\"https:\/\/wp.kristdemokraterna.se\/mjolby\/kampanjer\/hur-far-vara-unga-ihop-det\/\" \/>\n<meta property=\"og:locale\" content=\"sv_SE\" \/>\n<meta property=\"og:type\" content=\"article\" \/>\n<meta property=\"og:title\" content=\"V\u00e5rkampanj 2014: Hur f\u00e5r v\u00e5ra unga ihop det? - Mj\u00f6lby\" \/>\n<meta property=\"og:description\" content=\"Kristdemokraterna har, som inget annat parti, familjen i fokus och arbetar f\u00f6r att vi ska f\u00e5 ett familjev\u00e4nligare samh\u00e4llsklimat. Vi vill g\u00f6ra Sverige till v\u00e4rldens b\u00e4sta land att v\u00e4xa upp i! Att ta klivet in i vuxenv\u00e4rlden \u00e4r inte alltid s\u00e5 enkelt. Dr\u00f6mmar m\u00f6ter verklighetens krav och f\u00f6ruts\u00e4ttningar. F\u00f6r att f\u00e5 en s\u00e5 bra start Read More\" \/>\n<meta property=\"og:url\" content=\"https:\/\/wp.kristdemokraterna.se\/mjolby\/kampanjer\/hur-far-vara-unga-ihop-det\/\" \/>\n<meta property=\"og:site_name\" content=\"Mj\u00f6lby\" \/>\n<meta property=\"article:modified_time\" content=\"2014-01-21T11:15:52+00:00\" \/>\n<meta property=\"og:image\" content=\"http:\/\/wp.kristdemokraterna.se\/mjolby\/files\/2014\/01\/hurfarvaraungaihop_580x200px.jpg\" \/>\n<meta name=\"twitter:card\" content=\"summary_large_image\" \/>\n<meta name=\"twitter:label1\" content=\"Ber\u00e4knad l\u00e4stid\" \/>\n\t<meta name=\"twitter:data1\" content=\"3 minuter\" \/>\n<script type=\"application\/ld+json\" class=\"yoast-schema-graph\">{\"@context\":\"https:\\\/\\\/schema.org\",\"@graph\":[{\"@type\":\"WebPage\",\"@id\":\"https:\\\/\\\/wp.kristdemokraterna.se\\\/mjolby\\\/kampanjer\\\/hur-far-vara-unga-ihop-det\\\/\",\"url\":\"https:\\\/\\\/wp.kristdemokraterna.se\\\/mjolby\\\/kampanjer\\\/hur-far-vara-unga-ihop-det\\\/\",\"name\":\"V\u00e5rkampanj 2014: Hur f\u00e5r v\u00e5ra unga ihop det? - Mj\u00f6lby\",\"isPartOf\":{\"@id\":\"https:\\\/\\\/wp.kristdemokraterna.se\\\/mjolby\\\/#website\"},\"primaryImageOfPage\":{\"@id\":\"https:\\\/\\\/wp.kristdemokraterna.se\\\/mjolby\\\/kampanjer\\\/hur-far-vara-unga-ihop-det\\\/#primaryimage\"},\"image\":{\"@id\":\"https:\\\/\\\/wp.kristdemokraterna.se\\\/mjolby\\\/kampanjer\\\/hur-far-vara-unga-ihop-det\\\/#primaryimage\"},\"thumbnailUrl\":\"http:\\\/\\\/wp.kristdemokraterna.se\\\/mjolby\\\/files\\\/2014\\\/01\\\/hurfarvaraungaihop_580x200px.jpg\",\"datePublished\":\"2014-01-11T16:30:34+00:00\",\"dateModified\":\"2014-01-21T11:15:52+00:00\",\"breadcrumb\":{\"@id\":\"https:\\\/\\\/wp.kristdemokraterna.se\\\/mjolby\\\/kampanjer\\\/hur-far-vara-unga-ihop-det\\\/#breadcrumb\"},\"inLanguage\":\"sv-SE\",\"potentialAction\":[{\"@type\":\"ReadAction\",\"target\":[\"https:\\\/\\\/wp.kristdemokraterna.se\\\/mjolby\\\/kampanjer\\\/hur-far-vara-unga-ihop-det\\\/\"]}]},{\"@type\":\"ImageObject\",\"inLanguage\":\"sv-SE\",\"@id\":\"https:\\\/\\\/wp.kristdemokraterna.se\\\/mjolby\\\/kampanjer\\\/hur-far-vara-unga-ihop-det\\\/#primaryimage\",\"url\":\"https:\\\/\\\/wp.kristdemokraterna.se\\\/mjolby\\\/files\\\/2014\\\/01\\\/hurfarvaraungaihop_580x200px.jpg\",\"contentUrl\":\"https:\\\/\\\/wp.kristdemokraterna.se\\\/mjolby\\\/files\\\/2014\\\/01\\\/hurfarvaraungaihop_580x200px.jpg\",\"width\":580,\"height\":200},{\"@type\":\"BreadcrumbList\",\"@id\":\"https:\\\/\\\/wp.kristdemokraterna.se\\\/mjolby\\\/kampanjer\\\/hur-far-vara-unga-ihop-det\\\/#breadcrumb\",\"itemListElement\":[{\"@type\":\"ListItem\",\"position\":1,\"name\":\"Hem\",\"item\":\"https:\\\/\\\/wp.kristdemokraterna.se\\\/mjolby\\\/\"},{\"@type\":\"ListItem\",\"position\":2,\"name\":\"Kampanjer\",\"item\":\"https:\\\/\\\/wp.kristdemokraterna.se\\\/mjolby\\\/kampanjer\\\/\"},{\"@type\":\"ListItem\",\"position\":3,\"name\":\"V\u00e5rkampanj 2014: Hur f\u00e5r v\u00e5ra unga ihop det?\"}]},{\"@type\":\"WebSite\",\"@id\":\"https:\\\/\\\/wp.kristdemokraterna.se\\\/mjolby\\\/#website\",\"url\":\"https:\\\/\\\/wp.kristdemokraterna.se\\\/mjolby\\\/\",\"name\":\"Mj\u00f6lby\",\"description\":\"Kristdemokraterna\",\"inLanguage\":\"sv-SE\"}]}<\/script>\n<!-- \/ Yoast SEO plugin. -->","yoast_head_json":{"title":"V\u00e5rkampanj 2014: Hur f\u00e5r v\u00e5ra unga ihop det? - Mj\u00f6lby","robots":{"index":"index","follow":"follow","max-snippet":"max-snippet:-1","max-image-preview":"max-image-preview:large","max-video-preview":"max-video-preview:-1"},"canonical":"https:\/\/wp.kristdemokraterna.se\/mjolby\/kampanjer\/hur-far-vara-unga-ihop-det\/","og_locale":"sv_SE","og_type":"article","og_title":"V\u00e5rkampanj 2014: Hur f\u00e5r v\u00e5ra unga ihop det? - Mj\u00f6lby","og_description":"Kristdemokraterna har, som inget annat parti, familjen i fokus och arbetar f\u00f6r att vi ska f\u00e5 ett familjev\u00e4nligare samh\u00e4llsklimat. Vi vill g\u00f6ra Sverige till v\u00e4rldens b\u00e4sta land att v\u00e4xa upp i! Att ta klivet in i vuxenv\u00e4rlden \u00e4r inte alltid s\u00e5 enkelt. Dr\u00f6mmar m\u00f6ter verklighetens krav och f\u00f6ruts\u00e4ttningar. F\u00f6r att f\u00e5 en s\u00e5 bra start Read More","og_url":"https:\/\/wp.kristdemokraterna.se\/mjolby\/kampanjer\/hur-far-vara-unga-ihop-det\/","og_site_name":"Mj\u00f6lby","article_modified_time":"2014-01-21T11:15:52+00:00","og_image":[{"url":"http:\/\/wp.kristdemokraterna.se\/mjolby\/files\/2014\/01\/hurfarvaraungaihop_580x200px.jpg","type":"","width":"","height":""}],"twitter_card":"summary_large_image","twitter_misc":{"Ber\u00e4knad l\u00e4stid":"3 minuter"},"schema":{"@context":"https:\/\/schema.org","@graph":[{"@type":"WebPage","@id":"https:\/\/wp.kristdemokraterna.se\/mjolby\/kampanjer\/hur-far-vara-unga-ihop-det\/","url":"https:\/\/wp.kristdemokraterna.se\/mjolby\/kampanjer\/hur-far-vara-unga-ihop-det\/","name":"V\u00e5rkampanj 2014: Hur f\u00e5r v\u00e5ra unga ihop det? - Mj\u00f6lby","isPartOf":{"@id":"https:\/\/wp.kristdemokraterna.se\/mjolby\/#website"},"primaryImageOfPage":{"@id":"https:\/\/wp.kristdemokraterna.se\/mjolby\/kampanjer\/hur-far-vara-unga-ihop-det\/#primaryimage"},"image":{"@id":"https:\/\/wp.kristdemokraterna.se\/mjolby\/kampanjer\/hur-far-vara-unga-ihop-det\/#primaryimage"},"thumbnailUrl":"http:\/\/wp.kristdemokraterna.se\/mjolby\/files\/2014\/01\/hurfarvaraungaihop_580x200px.jpg","datePublished":"2014-01-11T16:30:34+00:00","dateModified":"2014-01-21T11:15:52+00:00","breadcrumb":{"@id":"https:\/\/wp.kristdemokraterna.se\/mjolby\/kampanjer\/hur-far-vara-unga-ihop-det\/#breadcrumb"},"inLanguage":"sv-SE","potentialAction":[{"@type":"ReadAction","target":["https:\/\/wp.kristdemokraterna.se\/mjolby\/kampanjer\/hur-far-vara-unga-ihop-det\/"]}]},{"@type":"ImageObject","inLanguage":"sv-SE","@id":"https:\/\/wp.kristdemokraterna.se\/mjolby\/kampanjer\/hur-far-vara-unga-ihop-det\/#primaryimage","url":"https:\/\/wp.kristdemokraterna.se\/mjolby\/files\/2014\/01\/hurfarvaraungaihop_580x200px.jpg","contentUrl":"https:\/\/wp.kristdemokraterna.se\/mjolby\/files\/2014\/01\/hurfarvaraungaihop_580x200px.jpg","width":580,"height":200},{"@type":"BreadcrumbList","@id":"https:\/\/wp.kristdemokraterna.se\/mjolby\/kampanjer\/hur-far-vara-unga-ihop-det\/#breadcrumb","itemListElement":[{"@type":"ListItem","position":1,"name":"Hem","item":"https:\/\/wp.kristdemokraterna.se\/mjolby\/"},{"@type":"ListItem","position":2,"name":"Kampanjer","item":"https:\/\/wp.kristdemokraterna.se\/mjolby\/kampanjer\/"},{"@type":"ListItem","position":3,"name":"V\u00e5rkampanj 2014: Hur f\u00e5r v\u00e5ra unga ihop det?"}]},{"@type":"WebSite","@id":"https:\/\/wp.kristdemokraterna.se\/mjolby\/#website","url":"https:\/\/wp.kristdemokraterna.se\/mjolby\/","name":"Mj\u00f6lby","description":"Kristdemokraterna","inLanguage":"sv-SE"}]}},"_links":{"self":[{"href":"https:\/\/wp.kristdemokraterna.se\/mjolby\/wp-json\/wp\/v2\/pages\/782","targetHints":{"allow":["GET"]}}],"collection":[{"href":"https:\/\/wp.kristdemokraterna.se\/mjolby\/wp-json\/wp\/v2\/pages"}],"about":[{"href":"https:\/\/wp.kristdemokraterna.se\/mjolby\/wp-json\/wp\/v2\/types\/page"}],"author":[{"embeddable":true,"href":"https:\/\/wp.kristdemokraterna.se\/mjolby\/wp-json\/wp\/v2\/users\/433"}],"replies":[{"embeddable":true,"href":"https:\/\/wp.kristdemokraterna.se\/mjolby\/wp-json\/wp\/v2\/comments?post=782"}],"version-history":[{"count":9,"href":"https:\/\/wp.kristdemokraterna.se\/mjolby\/wp-json\/wp\/v2\/pages\/782\/revisions"}],"predecessor-version":[{"id":792,"href":"https:\/\/wp.kristdemokraterna.se\/mjolby\/wp-json\/wp\/v2\/pages\/782\/revisions\/792"}],"up":[{"embeddable":true,"href":"https:\/\/wp.kristdemokraterna.se\/mjolby\/wp-json\/wp\/v2\/pages\/793"}],"wp:attachment":[{"href":"https:\/\/wp.kristdemokraterna.se\/mjolby\/wp-json\/wp\/v2\/media?parent=782"}],"curies":[{"name":"wp","href":"https:\/\/api.w.org\/{rel}","templated":true}]}}