{"id":79,"date":"2013-02-06T12:24:28","date_gmt":"2013-02-06T11:24:28","guid":{"rendered":"http:\/\/wp.kristdemokraterna.se\/mjolby\/?page_id=79"},"modified":"2013-02-11T17:41:24","modified_gmt":"2013-02-11T16:41:24","slug":"styrelsen-2011-2012","status":"publish","type":"page","link":"https:\/\/wp.kristdemokraterna.se\/mjolby\/kontakta-oss\/styrelsen-2011-2012\/","title":{"rendered":"Styrelsen 2011-2012"},"content":{"rendered":"<p><em>Valdes in p\u00e5 lokalavdelningens \u00e5rsm\u00f6te f\u00f6r perioden 2011\/2012.<br \/>\n<\/em><strong><br \/>\nOrdf\u00f6rande<\/strong><br \/>\nTherese Gustafsson<br \/>\n0142-18343 och 0705-495191<\/p>\n<p><strong>Vice ordf\u00f6rande<\/strong><br \/>\nKarin Starkhammar<\/p>\n<p><strong>Sekreterare<\/strong><br \/>\nDan Paulsson<br \/>\n070-1543229<br \/>\ndan.paulson@bredband.net<\/p>\n<p><strong>Ledamot<\/strong><br \/>\nTommy Engback<\/p>\n<p><strong>Ledamot<\/strong><br \/>\nH\u00e5kan Wass<br \/>\n0142-16028<\/p>\n<p><strong>Suppleant<\/strong><br \/>\nHenri Riccono<br \/>\n0142-21038 och 0733-644773<\/p>\n<p><strong>Suppleant<\/strong><br \/>\nNils Gr\u00f6nlund<\/p>\n<p><strong>Suppleant<\/strong><br \/>\nAntonius Almaleh<\/p>\n","protected":false},"excerpt":{"rendered":"<p>Valdes in p\u00e5 lokalavdelningens \u00e5rsm\u00f6te f\u00f6r perioden 2011\/2012. Ordf\u00f6rande Therese Gustafsson 0142-18343 och 0705-495191 Vice ordf\u00f6rande Karin Starkhammar Sekreterare Dan Paulsson 070-1543229 dan.paulson@bredband.net Ledamot Tommy Engback Ledamot H\u00e5kan Wass 0142-16028 Suppleant Henri Riccono 0142-21038 och 0733-644773 Suppleant Nils Gr\u00f6nlund Suppleant Antonius Almaleh<\/p>\n","protected":false},"author":433,"featured_media":0,"parent":8,"menu_order":0,"comment_status":"closed","ping_status":"open","template":"","meta":{"_acf_changed":false,"footnotes":""},"class_list":["post-79","page","type-page","status-publish","hentry"],"acf":[],"yoast_head":"<!-- This site is optimized with the Yoast SEO plugin v27.3 - https:\/\/yoast.com\/product\/yoast-seo-wordpress\/ -->\n<title>Styrelsen 2011-2012 - Mj\u00f6lby<\/title>\n<meta name=\"robots\" content=\"index, follow, max-snippet:-1, max-image-preview:large, max-video-preview:-1\" \/>\n<link rel=\"canonical\" href=\"https:\/\/wp.kristdemokraterna.se\/mjolby\/kontakta-oss\/styrelsen-2011-2012\/\" \/>\n<meta property=\"og:locale\" content=\"sv_SE\" \/>\n<meta property=\"og:type\" content=\"article\" \/>\n<meta property=\"og:title\" content=\"Styrelsen 2011-2012 - Mj\u00f6lby\" \/>\n<meta property=\"og:description\" content=\"Valdes in p\u00e5 lokalavdelningens \u00e5rsm\u00f6te f\u00f6r perioden 2011\/2012. Ordf\u00f6rande Therese Gustafsson 0142-18343 och 0705-495191 Vice ordf\u00f6rande Karin Starkhammar Sekreterare Dan Paulsson 070-1543229 dan.paulson@bredband.net Ledamot Tommy Engback Ledamot H\u00e5kan Wass 0142-16028 Suppleant Henri Riccono 0142-21038 och 0733-644773 Suppleant Nils Gr\u00f6nlund Suppleant Antonius Almaleh\" \/>\n<meta property=\"og:url\" content=\"https:\/\/wp.kristdemokraterna.se\/mjolby\/kontakta-oss\/styrelsen-2011-2012\/\" \/>\n<meta property=\"og:site_name\" content=\"Mj\u00f6lby\" \/>\n<meta property=\"article:modified_time\" content=\"2013-02-11T16:41:24+00:00\" \/>\n<meta name=\"twitter:card\" content=\"summary_large_image\" \/>\n<script type=\"application\/ld+json\" class=\"yoast-schema-graph\">{\"@context\":\"https:\\\/\\\/schema.org\",\"@graph\":[{\"@type\":\"WebPage\",\"@id\":\"https:\\\/\\\/wp.kristdemokraterna.se\\\/mjolby\\\/kontakta-oss\\\/styrelsen-2011-2012\\\/\",\"url\":\"https:\\\/\\\/wp.kristdemokraterna.se\\\/mjolby\\\/kontakta-oss\\\/styrelsen-2011-2012\\\/\",\"name\":\"Styrelsen 2011-2012 - Mj\u00f6lby\",\"isPartOf\":{\"@id\":\"https:\\\/\\\/wp.kristdemokraterna.se\\\/mjolby\\\/#website\"},\"datePublished\":\"2013-02-06T11:24:28+00:00\",\"dateModified\":\"2013-02-11T16:41:24+00:00\",\"breadcrumb\":{\"@id\":\"https:\\\/\\\/wp.kristdemokraterna.se\\\/mjolby\\\/kontakta-oss\\\/styrelsen-2011-2012\\\/#breadcrumb\"},\"inLanguage\":\"sv-SE\",\"potentialAction\":[{\"@type\":\"ReadAction\",\"target\":[\"https:\\\/\\\/wp.kristdemokraterna.se\\\/mjolby\\\/kontakta-oss\\\/styrelsen-2011-2012\\\/\"]}]},{\"@type\":\"BreadcrumbList\",\"@id\":\"https:\\\/\\\/wp.kristdemokraterna.se\\\/mjolby\\\/kontakta-oss\\\/styrelsen-2011-2012\\\/#breadcrumb\",\"itemListElement\":[{\"@type\":\"ListItem\",\"position\":1,\"name\":\"Hem\",\"item\":\"https:\\\/\\\/wp.kristdemokraterna.se\\\/mjolby\\\/\"},{\"@type\":\"ListItem\",\"position\":2,\"name\":\"Privat: Kontakta oss (2)\",\"item\":\"https:\\\/\\\/wp.kristdemokraterna.se\\\/mjolby\\\/?page_id=8\"},{\"@type\":\"ListItem\",\"position\":3,\"name\":\"Styrelsen 2011-2012\"}]},{\"@type\":\"WebSite\",\"@id\":\"https:\\\/\\\/wp.kristdemokraterna.se\\\/mjolby\\\/#website\",\"url\":\"https:\\\/\\\/wp.kristdemokraterna.se\\\/mjolby\\\/\",\"name\":\"Mj\u00f6lby\",\"description\":\"Kristdemokraterna\",\"inLanguage\":\"sv-SE\"}]}<\/script>\n<!-- \/ Yoast SEO plugin. -->","yoast_head_json":{"title":"Styrelsen 2011-2012 - Mj\u00f6lby","robots":{"index":"index","follow":"follow","max-snippet":"max-snippet:-1","max-image-preview":"max-image-preview:large","max-video-preview":"max-video-preview:-1"},"canonical":"https:\/\/wp.kristdemokraterna.se\/mjolby\/kontakta-oss\/styrelsen-2011-2012\/","og_locale":"sv_SE","og_type":"article","og_title":"Styrelsen 2011-2012 - Mj\u00f6lby","og_description":"Valdes in p\u00e5 lokalavdelningens \u00e5rsm\u00f6te f\u00f6r perioden 2011\/2012. Ordf\u00f6rande Therese Gustafsson 0142-18343 och 0705-495191 Vice ordf\u00f6rande Karin Starkhammar Sekreterare Dan Paulsson 070-1543229 dan.paulson@bredband.net Ledamot Tommy Engback Ledamot H\u00e5kan Wass 0142-16028 Suppleant Henri Riccono 0142-21038 och 0733-644773 Suppleant Nils Gr\u00f6nlund Suppleant Antonius Almaleh","og_url":"https:\/\/wp.kristdemokraterna.se\/mjolby\/kontakta-oss\/styrelsen-2011-2012\/","og_site_name":"Mj\u00f6lby","article_modified_time":"2013-02-11T16:41:24+00:00","twitter_card":"summary_large_image","schema":{"@context":"https:\/\/schema.org","@graph":[{"@type":"WebPage","@id":"https:\/\/wp.kristdemokraterna.se\/mjolby\/kontakta-oss\/styrelsen-2011-2012\/","url":"https:\/\/wp.kristdemokraterna.se\/mjolby\/kontakta-oss\/styrelsen-2011-2012\/","name":"Styrelsen 2011-2012 - Mj\u00f6lby","isPartOf":{"@id":"https:\/\/wp.kristdemokraterna.se\/mjolby\/#website"},"datePublished":"2013-02-06T11:24:28+00:00","dateModified":"2013-02-11T16:41:24+00:00","breadcrumb":{"@id":"https:\/\/wp.kristdemokraterna.se\/mjolby\/kontakta-oss\/styrelsen-2011-2012\/#breadcrumb"},"inLanguage":"sv-SE","potentialAction":[{"@type":"ReadAction","target":["https:\/\/wp.kristdemokraterna.se\/mjolby\/kontakta-oss\/styrelsen-2011-2012\/"]}]},{"@type":"BreadcrumbList","@id":"https:\/\/wp.kristdemokraterna.se\/mjolby\/kontakta-oss\/styrelsen-2011-2012\/#breadcrumb","itemListElement":[{"@type":"ListItem","position":1,"name":"Hem","item":"https:\/\/wp.kristdemokraterna.se\/mjolby\/"},{"@type":"ListItem","position":2,"name":"Privat: Kontakta oss (2)","item":"https:\/\/wp.kristdemokraterna.se\/mjolby\/?page_id=8"},{"@type":"ListItem","position":3,"name":"Styrelsen 2011-2012"}]},{"@type":"WebSite","@id":"https:\/\/wp.kristdemokraterna.se\/mjolby\/#website","url":"https:\/\/wp.kristdemokraterna.se\/mjolby\/","name":"Mj\u00f6lby","description":"Kristdemokraterna","inLanguage":"sv-SE"}]}},"_links":{"self":[{"href":"https:\/\/wp.kristdemokraterna.se\/mjolby\/wp-json\/wp\/v2\/pages\/79","targetHints":{"allow":["GET"]}}],"collection":[{"href":"https:\/\/wp.kristdemokraterna.se\/mjolby\/wp-json\/wp\/v2\/pages"}],"about":[{"href":"https:\/\/wp.kristdemokraterna.se\/mjolby\/wp-json\/wp\/v2\/types\/page"}],"author":[{"embeddable":true,"href":"https:\/\/wp.kristdemokraterna.se\/mjolby\/wp-json\/wp\/v2\/users\/433"}],"replies":[{"embeddable":true,"href":"https:\/\/wp.kristdemokraterna.se\/mjolby\/wp-json\/wp\/v2\/comments?post=79"}],"version-history":[{"count":4,"href":"https:\/\/wp.kristdemokraterna.se\/mjolby\/wp-json\/wp\/v2\/pages\/79\/revisions"}],"predecessor-version":[{"id":241,"href":"https:\/\/wp.kristdemokraterna.se\/mjolby\/wp-json\/wp\/v2\/pages\/79\/revisions\/241"}],"up":[{"embeddable":true,"href":"https:\/\/wp.kristdemokraterna.se\/mjolby\/wp-json\/wp\/v2\/pages\/8"}],"wp:attachment":[{"href":"https:\/\/wp.kristdemokraterna.se\/mjolby\/wp-json\/wp\/v2\/media?parent=79"}],"curies":[{"name":"wp","href":"https:\/\/api.w.org\/{rel}","templated":true}]}}