{"id":86,"date":"2013-02-06T12:37:10","date_gmt":"2013-02-06T11:37:10","guid":{"rendered":"http:\/\/wp.kristdemokraterna.se\/mjolby\/?page_id=86"},"modified":"2013-11-28T12:31:36","modified_gmt":"2013-11-28T11:31:36","slug":"hakan-wass","status":"publish","type":"page","link":"https:\/\/wp.kristdemokraterna.se\/mjolby\/personligt\/hakan-wass\/","title":{"rendered":"H\u00e5kan Wass"},"content":{"rendered":"<p><a href=\"http:\/\/wp.kristdemokraterna.se\/mjolby\/files\/2013\/02\/HakanW_100309_021.jpg\" target=\"_blank\"><img loading=\"lazy\" decoding=\"async\" class=\"alignnone  wp-image-142\" alt=\"HakanW_100309_021\" src=\"http:\/\/wp.kristdemokraterna.se\/mjolby\/files\/2013\/02\/HakanW_100309_021-300x300.jpg\" width=\"240\" height=\"240\" srcset=\"https:\/\/wp.kristdemokraterna.se\/mjolby\/files\/2013\/02\/HakanW_100309_021-300x300.jpg 300w, https:\/\/wp.kristdemokraterna.se\/mjolby\/files\/2013\/02\/HakanW_100309_021-150x150.jpg 150w, https:\/\/wp.kristdemokraterna.se\/mjolby\/files\/2013\/02\/HakanW_100309_021-540x540.jpg 540w, https:\/\/wp.kristdemokraterna.se\/mjolby\/files\/2013\/02\/HakanW_100309_021-346x346.jpg 346w, https:\/\/wp.kristdemokraterna.se\/mjolby\/files\/2013\/02\/HakanW_100309_021-112x112.jpg 112w\" sizes=\"auto, (max-width: 240px) 100vw, 240px\" \/><\/a><br \/>\nSedan valet 2006 har jag haft f\u00f6rm\u00e5nen att f\u00e5 representera Kristdemokraterna i Mj\u00f6lby kommun. Uppdraget har i huvudsak handlat om gruppledaransvaret samt som ledamot i kommunstyrelsen och fullm\u00e4ktige.<\/p>\n<p>I alliansen har kristdemokraterna varit med och p\u00e5verkat utvecklingen f\u00f6r kommuninv\u00e5narna i riktning mot st\u00f6rre valfrihet.<\/p>\n<p>Jag tror p\u00e5 m\u00e4nniskors goda avsikter och vill d\u00e4rf\u00f6r uppmuntra entrepren\u00f6rskapet. Genom RUT och ROT-avdraget ges m\u00e5nga mindre f\u00f6retag m\u00f6jlighet att utvecklas samtidigt som m\u00e5ngfalden gynnas. Det \u00e4r min fasta \u00f6vertygelse att v\u00e5rt n\u00e4ringsliv \u00e4r den livsnerv som i f\u00f6rl\u00e4ngningen m\u00f6jligg\u00f6r satsningar p\u00e5 skola, v\u00e5rd och omsorg.<\/p>\n<p>Det finns inget egenv\u00e4rde f\u00f6r en kommun att ikl\u00e4da sig rollen som en betydande arbetsgivare n\u00e4r andra alternativ finns. Sj\u00e4lvklart beh\u00f6vs ett noggrant regelverk som styr verksamheten, men huvudinriktningen ska vara att b\u00e4ttre f\u00f6rvalta de gemensamma resurserna.<\/p>\n<p>Som f\u00f6retagare under mer \u00e4n 20 \u00e5r har jag upplevt att uppg\u00e5ngar f\u00f6ljs av s\u00e4mre tider, det \u00e4r den verklighet som de flesta entrepren\u00f6rer lever i. Ofta \u00e4r hela familjen engagerad och det \u00e4r mer regel \u00e4n undantag med m\u00e5nga oavl\u00f6nade timmar. Risktagandet i sig kan vara en stark drivkraft f\u00f6r f\u00f6retagaren. M\u00e5nga id\u00e9er blir verklighet i sv\u00e5ra tider. Det har jag sj\u00e4lv upplevt.<\/p>\n<p>Kanske skulle jag be mina n\u00e4rmaste att beskriva personen H\u00e5kan Wass. Min familj \u00e4r ju de som k\u00e4nner mig b\u00e4st och som jag s\u00e4tter i f\u00f6rsta rummet. Jobbet, att f\u00e5 vara med och p\u00e5verka, kan inte nog po\u00e4ngteras, och jag k\u00e4nner starkt f\u00f6r alla de ungdomar som inte har en meningsfull syssels\u00e4ttning. Jag tar g\u00e4rna en tur i sp\u00e5ret eller en dust med Tommy som har varit min tennispartner sedan 1969. Passionen f\u00f6r gamla engelska sportbilar lever sedan m\u00e5nga \u00e5r. Det \u00e4r en sk\u00f6n upplevelse att s\u00e4tta sig i MG:n och s\u00f6ka upp v\u00e4gar som fortfarande \u00e4r ouppt\u00e4ckta, l\u00e5ngt fr\u00e5n de t\u00e4ta trafikstr\u00e5ken.<\/p>\n<p>H\u00e5kan Wass<br \/>\nTel: 0142-160 28 (hem), 0701-112 465 (mobil)<br \/>\nE-post: hakan.wass@glocalnet.net<\/p>\n","protected":false},"excerpt":{"rendered":"<p>Sedan valet 2006 har jag haft f\u00f6rm\u00e5nen att f\u00e5 representera Kristdemokraterna i Mj\u00f6lby kommun. Uppdraget har i huvudsak handlat om gruppledaransvaret samt som ledamot i kommunstyrelsen och fullm\u00e4ktige. I alliansen har kristdemokraterna varit med och p\u00e5verkat utvecklingen f\u00f6r kommuninv\u00e5narna i riktning mot st\u00f6rre valfrihet. Jag tror p\u00e5 m\u00e4nniskors goda avsikter och vill d\u00e4rf\u00f6r uppmuntra entrepren\u00f6rskapet. <a class=\"read-more-link\" href=\"https:\/\/wp.kristdemokraterna.se\/mjolby\/personligt\/hakan-wass\/\">Read More<\/a><\/p>\n","protected":false},"author":433,"featured_media":0,"parent":84,"menu_order":0,"comment_status":"closed","ping_status":"open","template":"","meta":{"_acf_changed":false,"footnotes":""},"class_list":["post-86","page","type-page","status-publish","hentry"],"acf":[],"yoast_head":"<!-- This site is optimized with the Yoast SEO plugin v27.3 - https:\/\/yoast.com\/product\/yoast-seo-wordpress\/ -->\n<title>H\u00e5kan Wass - Mj\u00f6lby<\/title>\n<meta name=\"robots\" content=\"index, follow, max-snippet:-1, max-image-preview:large, max-video-preview:-1\" \/>\n<link rel=\"canonical\" href=\"https:\/\/wp.kristdemokraterna.se\/mjolby\/personligt\/hakan-wass\/\" \/>\n<meta property=\"og:locale\" content=\"sv_SE\" \/>\n<meta property=\"og:type\" content=\"article\" \/>\n<meta property=\"og:title\" content=\"H\u00e5kan Wass - Mj\u00f6lby\" \/>\n<meta property=\"og:description\" content=\"Sedan valet 2006 har jag haft f\u00f6rm\u00e5nen att f\u00e5 representera Kristdemokraterna i Mj\u00f6lby kommun. Uppdraget har i huvudsak handlat om gruppledaransvaret samt som ledamot i kommunstyrelsen och fullm\u00e4ktige. I alliansen har kristdemokraterna varit med och p\u00e5verkat utvecklingen f\u00f6r kommuninv\u00e5narna i riktning mot st\u00f6rre valfrihet. Jag tror p\u00e5 m\u00e4nniskors goda avsikter och vill d\u00e4rf\u00f6r uppmuntra entrepren\u00f6rskapet. Read More\" \/>\n<meta property=\"og:url\" content=\"https:\/\/wp.kristdemokraterna.se\/mjolby\/personligt\/hakan-wass\/\" \/>\n<meta property=\"og:site_name\" content=\"Mj\u00f6lby\" \/>\n<meta property=\"article:modified_time\" content=\"2013-11-28T11:31:36+00:00\" \/>\n<meta property=\"og:image\" content=\"http:\/\/wp.kristdemokraterna.se\/mjolby\/files\/2013\/02\/HakanW_100309_021-300x300.jpg\" \/>\n<meta name=\"twitter:card\" content=\"summary_large_image\" \/>\n<meta name=\"twitter:label1\" content=\"Ber\u00e4knad l\u00e4stid\" \/>\n\t<meta name=\"twitter:data1\" content=\"2 minuter\" \/>\n<script type=\"application\/ld+json\" class=\"yoast-schema-graph\">{\"@context\":\"https:\\\/\\\/schema.org\",\"@graph\":[{\"@type\":\"WebPage\",\"@id\":\"https:\\\/\\\/wp.kristdemokraterna.se\\\/mjolby\\\/personligt\\\/hakan-wass\\\/\",\"url\":\"https:\\\/\\\/wp.kristdemokraterna.se\\\/mjolby\\\/personligt\\\/hakan-wass\\\/\",\"name\":\"H\u00e5kan Wass - Mj\u00f6lby\",\"isPartOf\":{\"@id\":\"https:\\\/\\\/wp.kristdemokraterna.se\\\/mjolby\\\/#website\"},\"primaryImageOfPage\":{\"@id\":\"https:\\\/\\\/wp.kristdemokraterna.se\\\/mjolby\\\/personligt\\\/hakan-wass\\\/#primaryimage\"},\"image\":{\"@id\":\"https:\\\/\\\/wp.kristdemokraterna.se\\\/mjolby\\\/personligt\\\/hakan-wass\\\/#primaryimage\"},\"thumbnailUrl\":\"http:\\\/\\\/wp.kristdemokraterna.se\\\/mjolby\\\/files\\\/2013\\\/02\\\/HakanW_100309_021-300x300.jpg\",\"datePublished\":\"2013-02-06T11:37:10+00:00\",\"dateModified\":\"2013-11-28T11:31:36+00:00\",\"breadcrumb\":{\"@id\":\"https:\\\/\\\/wp.kristdemokraterna.se\\\/mjolby\\\/personligt\\\/hakan-wass\\\/#breadcrumb\"},\"inLanguage\":\"sv-SE\",\"potentialAction\":[{\"@type\":\"ReadAction\",\"target\":[\"https:\\\/\\\/wp.kristdemokraterna.se\\\/mjolby\\\/personligt\\\/hakan-wass\\\/\"]}]},{\"@type\":\"ImageObject\",\"inLanguage\":\"sv-SE\",\"@id\":\"https:\\\/\\\/wp.kristdemokraterna.se\\\/mjolby\\\/personligt\\\/hakan-wass\\\/#primaryimage\",\"url\":\"https:\\\/\\\/wp.kristdemokraterna.se\\\/mjolby\\\/files\\\/2013\\\/02\\\/HakanW_100309_021.jpg\",\"contentUrl\":\"https:\\\/\\\/wp.kristdemokraterna.se\\\/mjolby\\\/files\\\/2013\\\/02\\\/HakanW_100309_021.jpg\",\"width\":2832,\"height\":2832},{\"@type\":\"BreadcrumbList\",\"@id\":\"https:\\\/\\\/wp.kristdemokraterna.se\\\/mjolby\\\/personligt\\\/hakan-wass\\\/#breadcrumb\",\"itemListElement\":[{\"@type\":\"ListItem\",\"position\":1,\"name\":\"Hem\",\"item\":\"https:\\\/\\\/wp.kristdemokraterna.se\\\/mjolby\\\/\"},{\"@type\":\"ListItem\",\"position\":2,\"name\":\"Personligt\",\"item\":\"https:\\\/\\\/wp.kristdemokraterna.se\\\/mjolby\\\/personligt\\\/\"},{\"@type\":\"ListItem\",\"position\":3,\"name\":\"H\u00e5kan Wass\"}]},{\"@type\":\"WebSite\",\"@id\":\"https:\\\/\\\/wp.kristdemokraterna.se\\\/mjolby\\\/#website\",\"url\":\"https:\\\/\\\/wp.kristdemokraterna.se\\\/mjolby\\\/\",\"name\":\"Mj\u00f6lby\",\"description\":\"Kristdemokraterna\",\"inLanguage\":\"sv-SE\"}]}<\/script>\n<!-- \/ Yoast SEO plugin. -->","yoast_head_json":{"title":"H\u00e5kan Wass - Mj\u00f6lby","robots":{"index":"index","follow":"follow","max-snippet":"max-snippet:-1","max-image-preview":"max-image-preview:large","max-video-preview":"max-video-preview:-1"},"canonical":"https:\/\/wp.kristdemokraterna.se\/mjolby\/personligt\/hakan-wass\/","og_locale":"sv_SE","og_type":"article","og_title":"H\u00e5kan Wass - Mj\u00f6lby","og_description":"Sedan valet 2006 har jag haft f\u00f6rm\u00e5nen att f\u00e5 representera Kristdemokraterna i Mj\u00f6lby kommun. Uppdraget har i huvudsak handlat om gruppledaransvaret samt som ledamot i kommunstyrelsen och fullm\u00e4ktige. I alliansen har kristdemokraterna varit med och p\u00e5verkat utvecklingen f\u00f6r kommuninv\u00e5narna i riktning mot st\u00f6rre valfrihet. Jag tror p\u00e5 m\u00e4nniskors goda avsikter och vill d\u00e4rf\u00f6r uppmuntra entrepren\u00f6rskapet. Read More","og_url":"https:\/\/wp.kristdemokraterna.se\/mjolby\/personligt\/hakan-wass\/","og_site_name":"Mj\u00f6lby","article_modified_time":"2013-11-28T11:31:36+00:00","og_image":[{"url":"http:\/\/wp.kristdemokraterna.se\/mjolby\/files\/2013\/02\/HakanW_100309_021-300x300.jpg","type":"","width":"","height":""}],"twitter_card":"summary_large_image","twitter_misc":{"Ber\u00e4knad l\u00e4stid":"2 minuter"},"schema":{"@context":"https:\/\/schema.org","@graph":[{"@type":"WebPage","@id":"https:\/\/wp.kristdemokraterna.se\/mjolby\/personligt\/hakan-wass\/","url":"https:\/\/wp.kristdemokraterna.se\/mjolby\/personligt\/hakan-wass\/","name":"H\u00e5kan Wass - Mj\u00f6lby","isPartOf":{"@id":"https:\/\/wp.kristdemokraterna.se\/mjolby\/#website"},"primaryImageOfPage":{"@id":"https:\/\/wp.kristdemokraterna.se\/mjolby\/personligt\/hakan-wass\/#primaryimage"},"image":{"@id":"https:\/\/wp.kristdemokraterna.se\/mjolby\/personligt\/hakan-wass\/#primaryimage"},"thumbnailUrl":"http:\/\/wp.kristdemokraterna.se\/mjolby\/files\/2013\/02\/HakanW_100309_021-300x300.jpg","datePublished":"2013-02-06T11:37:10+00:00","dateModified":"2013-11-28T11:31:36+00:00","breadcrumb":{"@id":"https:\/\/wp.kristdemokraterna.se\/mjolby\/personligt\/hakan-wass\/#breadcrumb"},"inLanguage":"sv-SE","potentialAction":[{"@type":"ReadAction","target":["https:\/\/wp.kristdemokraterna.se\/mjolby\/personligt\/hakan-wass\/"]}]},{"@type":"ImageObject","inLanguage":"sv-SE","@id":"https:\/\/wp.kristdemokraterna.se\/mjolby\/personligt\/hakan-wass\/#primaryimage","url":"https:\/\/wp.kristdemokraterna.se\/mjolby\/files\/2013\/02\/HakanW_100309_021.jpg","contentUrl":"https:\/\/wp.kristdemokraterna.se\/mjolby\/files\/2013\/02\/HakanW_100309_021.jpg","width":2832,"height":2832},{"@type":"BreadcrumbList","@id":"https:\/\/wp.kristdemokraterna.se\/mjolby\/personligt\/hakan-wass\/#breadcrumb","itemListElement":[{"@type":"ListItem","position":1,"name":"Hem","item":"https:\/\/wp.kristdemokraterna.se\/mjolby\/"},{"@type":"ListItem","position":2,"name":"Personligt","item":"https:\/\/wp.kristdemokraterna.se\/mjolby\/personligt\/"},{"@type":"ListItem","position":3,"name":"H\u00e5kan Wass"}]},{"@type":"WebSite","@id":"https:\/\/wp.kristdemokraterna.se\/mjolby\/#website","url":"https:\/\/wp.kristdemokraterna.se\/mjolby\/","name":"Mj\u00f6lby","description":"Kristdemokraterna","inLanguage":"sv-SE"}]}},"_links":{"self":[{"href":"https:\/\/wp.kristdemokraterna.se\/mjolby\/wp-json\/wp\/v2\/pages\/86","targetHints":{"allow":["GET"]}}],"collection":[{"href":"https:\/\/wp.kristdemokraterna.se\/mjolby\/wp-json\/wp\/v2\/pages"}],"about":[{"href":"https:\/\/wp.kristdemokraterna.se\/mjolby\/wp-json\/wp\/v2\/types\/page"}],"author":[{"embeddable":true,"href":"https:\/\/wp.kristdemokraterna.se\/mjolby\/wp-json\/wp\/v2\/users\/433"}],"replies":[{"embeddable":true,"href":"https:\/\/wp.kristdemokraterna.se\/mjolby\/wp-json\/wp\/v2\/comments?post=86"}],"version-history":[{"count":8,"href":"https:\/\/wp.kristdemokraterna.se\/mjolby\/wp-json\/wp\/v2\/pages\/86\/revisions"}],"predecessor-version":[{"id":555,"href":"https:\/\/wp.kristdemokraterna.se\/mjolby\/wp-json\/wp\/v2\/pages\/86\/revisions\/555"}],"up":[{"embeddable":true,"href":"https:\/\/wp.kristdemokraterna.se\/mjolby\/wp-json\/wp\/v2\/pages\/84"}],"wp:attachment":[{"href":"https:\/\/wp.kristdemokraterna.se\/mjolby\/wp-json\/wp\/v2\/media?parent=86"}],"curies":[{"name":"wp","href":"https:\/\/api.w.org\/{rel}","templated":true}]}}