{"id":89,"date":"2013-02-06T12:39:08","date_gmt":"2013-02-06T11:39:08","guid":{"rendered":"http:\/\/wp.kristdemokraterna.se\/mjolby\/?page_id=89"},"modified":"2014-04-24T13:19:00","modified_gmt":"2014-04-24T11:19:00","slug":"gunvor-granso","status":"publish","type":"page","link":"https:\/\/wp.kristdemokraterna.se\/mjolby\/personligt\/gunvor-granso\/","title":{"rendered":"Gunvor Grans\u00f6"},"content":{"rendered":"<p>Jag bor i Mantorp tillsammans med min man Ingemar, vi har tillsammans fyra vuxna barn och sju barnbarn. Jag har arbetat mer \u00e4n 30 \u00e5r tillbaka som barnsk\u00f6tare i \u201dfamiljedaghem\u201d. Trivdes bra med detta och tycker det \u00e4r en mycket bra och kompletterande verksamhet till f\u00f6rskolan. Nu \u00e4r jag en glad pension\u00e4r med m\u00e5nga ideella\u00a0 uppdrag, bland annat hj\u00e4lpverksamheten \u201dAxplocket\u201d vid Mantorps resecentrum.<\/p>\n<p>Jag sitter i social och omsorgsn\u00e4mnden som ledamot f\u00f6r KD. \u00c4r \u00e4ven ers\u00e4ttare i kommunfullm\u00e4ktige.<\/p>\n<p>F\u00f6r mig \u00e4r det positivt att sitta i just den n\u00e4mnden d\u00e5 jag \u00e4r socialt intresserad. Har hela livet jobbat med m\u00e4nniskor som beh\u00f6ver hj\u00e4lp och st\u00f6ttning. B\u00f6rjade med att arbeta i v\u00e5rden, jobbade med Lah. p\u00e5 -70 talet. Har ocks\u00e5 utbildat mig f\u00f6r att kunna hj\u00e4lpa kvinnor och barn med att klippa h\u00e5r. S\u00e5 tog jag kv\u00e4llskurser p\u00e5 textil-programmet f\u00f6r att kunna ha s\u00f6mnads och till-sk\u00e4rarkurser. Med tanke p\u00e5 att inte alla har s\u00e5 l\u00e4tt att handla i kl\u00e4daff\u00e4ren.<\/p>\n<p>Just d\u00e4rf\u00f6r har jag valt att engagera mig i kristdemokraterna som \u00e4r ett parti som ser alla m\u00e4nniskors unika lika v\u00e4rde.<\/p>\n<p><img loading=\"lazy\" decoding=\"async\" class=\"alignnone size-medium wp-image-492\" src=\"http:\/\/wp.kristdemokraterna.se\/mjolby\/files\/2013\/02\/gunvor_granso-245x300.jpg\" alt=\"Gunvor Grans\u00f6\" width=\"245\" height=\"300\" srcset=\"https:\/\/wp.kristdemokraterna.se\/mjolby\/files\/2013\/02\/gunvor_granso-245x300.jpg 245w, https:\/\/wp.kristdemokraterna.se\/mjolby\/files\/2013\/02\/gunvor_granso-283x346.jpg 283w, https:\/\/wp.kristdemokraterna.se\/mjolby\/files\/2013\/02\/gunvor_granso-91x112.jpg 91w, https:\/\/wp.kristdemokraterna.se\/mjolby\/files\/2013\/02\/gunvor_granso.jpg 295w\" sizes=\"auto, (max-width: 245px) 100vw, 245px\" \/><br \/>\nGunvor \u201dGugge\u201d Grans\u00f6<br \/>\nTel. 0142-212 46<br \/>\nE-post:\u00a0gunvor.granso@telia.com<\/p>\n","protected":false},"excerpt":{"rendered":"<p>Jag bor i Mantorp tillsammans med min man Ingemar, vi har tillsammans fyra vuxna barn och sju barnbarn. Jag har arbetat mer \u00e4n 30 \u00e5r tillbaka som barnsk\u00f6tare i \u201dfamiljedaghem\u201d. Trivdes bra med detta och tycker det \u00e4r en mycket bra och kompletterande verksamhet till f\u00f6rskolan. Nu \u00e4r jag en glad pension\u00e4r med m\u00e5nga ideella\u00a0 <a class=\"read-more-link\" href=\"https:\/\/wp.kristdemokraterna.se\/mjolby\/personligt\/gunvor-granso\/\">Read More<\/a><\/p>\n","protected":false},"author":433,"featured_media":0,"parent":84,"menu_order":0,"comment_status":"closed","ping_status":"closed","template":"","meta":{"_acf_changed":false,"footnotes":""},"class_list":["post-89","page","type-page","status-publish","hentry"],"acf":[],"yoast_head":"<!-- This site is optimized with the Yoast SEO plugin v27.4 - https:\/\/yoast.com\/product\/yoast-seo-wordpress\/ -->\n<title>Gunvor Grans\u00f6 - Mj\u00f6lby<\/title>\n<meta name=\"robots\" content=\"index, follow, max-snippet:-1, max-image-preview:large, max-video-preview:-1\" \/>\n<link rel=\"canonical\" href=\"https:\/\/wp.kristdemokraterna.se\/mjolby\/personligt\/gunvor-granso\/\" \/>\n<meta property=\"og:locale\" content=\"sv_SE\" \/>\n<meta property=\"og:type\" content=\"article\" \/>\n<meta property=\"og:title\" content=\"Gunvor Grans\u00f6 - Mj\u00f6lby\" \/>\n<meta property=\"og:description\" content=\"Jag bor i Mantorp tillsammans med min man Ingemar, vi har tillsammans fyra vuxna barn och sju barnbarn. Jag har arbetat mer \u00e4n 30 \u00e5r tillbaka som barnsk\u00f6tare i \u201dfamiljedaghem\u201d. Trivdes bra med detta och tycker det \u00e4r en mycket bra och kompletterande verksamhet till f\u00f6rskolan. Nu \u00e4r jag en glad pension\u00e4r med m\u00e5nga ideella\u00a0 Read More\" \/>\n<meta property=\"og:url\" content=\"https:\/\/wp.kristdemokraterna.se\/mjolby\/personligt\/gunvor-granso\/\" \/>\n<meta property=\"og:site_name\" content=\"Mj\u00f6lby\" \/>\n<meta property=\"article:modified_time\" content=\"2014-04-24T11:19:00+00:00\" \/>\n<meta property=\"og:image\" content=\"http:\/\/wp.kristdemokraterna.se\/mjolby\/files\/2013\/02\/gunvor_granso-245x300.jpg\" \/>\n<meta name=\"twitter:card\" content=\"summary_large_image\" \/>\n<meta name=\"twitter:label1\" content=\"Ber\u00e4knad l\u00e4stid\" \/>\n\t<meta name=\"twitter:data1\" content=\"1 minut\" \/>\n<script type=\"application\/ld+json\" class=\"yoast-schema-graph\">{\"@context\":\"https:\\\/\\\/schema.org\",\"@graph\":[{\"@type\":\"WebPage\",\"@id\":\"https:\\\/\\\/wp.kristdemokraterna.se\\\/mjolby\\\/personligt\\\/gunvor-granso\\\/\",\"url\":\"https:\\\/\\\/wp.kristdemokraterna.se\\\/mjolby\\\/personligt\\\/gunvor-granso\\\/\",\"name\":\"Gunvor Grans\u00f6 - Mj\u00f6lby\",\"isPartOf\":{\"@id\":\"https:\\\/\\\/wp.kristdemokraterna.se\\\/mjolby\\\/#website\"},\"primaryImageOfPage\":{\"@id\":\"https:\\\/\\\/wp.kristdemokraterna.se\\\/mjolby\\\/personligt\\\/gunvor-granso\\\/#primaryimage\"},\"image\":{\"@id\":\"https:\\\/\\\/wp.kristdemokraterna.se\\\/mjolby\\\/personligt\\\/gunvor-granso\\\/#primaryimage\"},\"thumbnailUrl\":\"http:\\\/\\\/wp.kristdemokraterna.se\\\/mjolby\\\/files\\\/2013\\\/02\\\/gunvor_granso-245x300.jpg\",\"datePublished\":\"2013-02-06T11:39:08+00:00\",\"dateModified\":\"2014-04-24T11:19:00+00:00\",\"breadcrumb\":{\"@id\":\"https:\\\/\\\/wp.kristdemokraterna.se\\\/mjolby\\\/personligt\\\/gunvor-granso\\\/#breadcrumb\"},\"inLanguage\":\"sv-SE\",\"potentialAction\":[{\"@type\":\"ReadAction\",\"target\":[\"https:\\\/\\\/wp.kristdemokraterna.se\\\/mjolby\\\/personligt\\\/gunvor-granso\\\/\"]}]},{\"@type\":\"ImageObject\",\"inLanguage\":\"sv-SE\",\"@id\":\"https:\\\/\\\/wp.kristdemokraterna.se\\\/mjolby\\\/personligt\\\/gunvor-granso\\\/#primaryimage\",\"url\":\"https:\\\/\\\/wp.kristdemokraterna.se\\\/mjolby\\\/files\\\/2013\\\/02\\\/gunvor_granso.jpg\",\"contentUrl\":\"https:\\\/\\\/wp.kristdemokraterna.se\\\/mjolby\\\/files\\\/2013\\\/02\\\/gunvor_granso.jpg\",\"width\":295,\"height\":360},{\"@type\":\"BreadcrumbList\",\"@id\":\"https:\\\/\\\/wp.kristdemokraterna.se\\\/mjolby\\\/personligt\\\/gunvor-granso\\\/#breadcrumb\",\"itemListElement\":[{\"@type\":\"ListItem\",\"position\":1,\"name\":\"Hem\",\"item\":\"https:\\\/\\\/wp.kristdemokraterna.se\\\/mjolby\\\/\"},{\"@type\":\"ListItem\",\"position\":2,\"name\":\"Personligt\",\"item\":\"https:\\\/\\\/wp.kristdemokraterna.se\\\/mjolby\\\/personligt\\\/\"},{\"@type\":\"ListItem\",\"position\":3,\"name\":\"Gunvor Grans\u00f6\"}]},{\"@type\":\"WebSite\",\"@id\":\"https:\\\/\\\/wp.kristdemokraterna.se\\\/mjolby\\\/#website\",\"url\":\"https:\\\/\\\/wp.kristdemokraterna.se\\\/mjolby\\\/\",\"name\":\"Mj\u00f6lby\",\"description\":\"Kristdemokraterna\",\"inLanguage\":\"sv-SE\"}]}<\/script>\n<!-- \/ Yoast SEO plugin. -->","yoast_head_json":{"title":"Gunvor Grans\u00f6 - Mj\u00f6lby","robots":{"index":"index","follow":"follow","max-snippet":"max-snippet:-1","max-image-preview":"max-image-preview:large","max-video-preview":"max-video-preview:-1"},"canonical":"https:\/\/wp.kristdemokraterna.se\/mjolby\/personligt\/gunvor-granso\/","og_locale":"sv_SE","og_type":"article","og_title":"Gunvor Grans\u00f6 - Mj\u00f6lby","og_description":"Jag bor i Mantorp tillsammans med min man Ingemar, vi har tillsammans fyra vuxna barn och sju barnbarn. Jag har arbetat mer \u00e4n 30 \u00e5r tillbaka som barnsk\u00f6tare i \u201dfamiljedaghem\u201d. Trivdes bra med detta och tycker det \u00e4r en mycket bra och kompletterande verksamhet till f\u00f6rskolan. Nu \u00e4r jag en glad pension\u00e4r med m\u00e5nga ideella\u00a0 Read More","og_url":"https:\/\/wp.kristdemokraterna.se\/mjolby\/personligt\/gunvor-granso\/","og_site_name":"Mj\u00f6lby","article_modified_time":"2014-04-24T11:19:00+00:00","og_image":[{"url":"http:\/\/wp.kristdemokraterna.se\/mjolby\/files\/2013\/02\/gunvor_granso-245x300.jpg","type":"","width":"","height":""}],"twitter_card":"summary_large_image","twitter_misc":{"Ber\u00e4knad l\u00e4stid":"1 minut"},"schema":{"@context":"https:\/\/schema.org","@graph":[{"@type":"WebPage","@id":"https:\/\/wp.kristdemokraterna.se\/mjolby\/personligt\/gunvor-granso\/","url":"https:\/\/wp.kristdemokraterna.se\/mjolby\/personligt\/gunvor-granso\/","name":"Gunvor Grans\u00f6 - Mj\u00f6lby","isPartOf":{"@id":"https:\/\/wp.kristdemokraterna.se\/mjolby\/#website"},"primaryImageOfPage":{"@id":"https:\/\/wp.kristdemokraterna.se\/mjolby\/personligt\/gunvor-granso\/#primaryimage"},"image":{"@id":"https:\/\/wp.kristdemokraterna.se\/mjolby\/personligt\/gunvor-granso\/#primaryimage"},"thumbnailUrl":"http:\/\/wp.kristdemokraterna.se\/mjolby\/files\/2013\/02\/gunvor_granso-245x300.jpg","datePublished":"2013-02-06T11:39:08+00:00","dateModified":"2014-04-24T11:19:00+00:00","breadcrumb":{"@id":"https:\/\/wp.kristdemokraterna.se\/mjolby\/personligt\/gunvor-granso\/#breadcrumb"},"inLanguage":"sv-SE","potentialAction":[{"@type":"ReadAction","target":["https:\/\/wp.kristdemokraterna.se\/mjolby\/personligt\/gunvor-granso\/"]}]},{"@type":"ImageObject","inLanguage":"sv-SE","@id":"https:\/\/wp.kristdemokraterna.se\/mjolby\/personligt\/gunvor-granso\/#primaryimage","url":"https:\/\/wp.kristdemokraterna.se\/mjolby\/files\/2013\/02\/gunvor_granso.jpg","contentUrl":"https:\/\/wp.kristdemokraterna.se\/mjolby\/files\/2013\/02\/gunvor_granso.jpg","width":295,"height":360},{"@type":"BreadcrumbList","@id":"https:\/\/wp.kristdemokraterna.se\/mjolby\/personligt\/gunvor-granso\/#breadcrumb","itemListElement":[{"@type":"ListItem","position":1,"name":"Hem","item":"https:\/\/wp.kristdemokraterna.se\/mjolby\/"},{"@type":"ListItem","position":2,"name":"Personligt","item":"https:\/\/wp.kristdemokraterna.se\/mjolby\/personligt\/"},{"@type":"ListItem","position":3,"name":"Gunvor Grans\u00f6"}]},{"@type":"WebSite","@id":"https:\/\/wp.kristdemokraterna.se\/mjolby\/#website","url":"https:\/\/wp.kristdemokraterna.se\/mjolby\/","name":"Mj\u00f6lby","description":"Kristdemokraterna","inLanguage":"sv-SE"}]}},"_links":{"self":[{"href":"https:\/\/wp.kristdemokraterna.se\/mjolby\/wp-json\/wp\/v2\/pages\/89","targetHints":{"allow":["GET"]}}],"collection":[{"href":"https:\/\/wp.kristdemokraterna.se\/mjolby\/wp-json\/wp\/v2\/pages"}],"about":[{"href":"https:\/\/wp.kristdemokraterna.se\/mjolby\/wp-json\/wp\/v2\/types\/page"}],"author":[{"embeddable":true,"href":"https:\/\/wp.kristdemokraterna.se\/mjolby\/wp-json\/wp\/v2\/users\/433"}],"replies":[{"embeddable":true,"href":"https:\/\/wp.kristdemokraterna.se\/mjolby\/wp-json\/wp\/v2\/comments?post=89"}],"version-history":[{"count":16,"href":"https:\/\/wp.kristdemokraterna.se\/mjolby\/wp-json\/wp\/v2\/pages\/89\/revisions"}],"predecessor-version":[{"id":1030,"href":"https:\/\/wp.kristdemokraterna.se\/mjolby\/wp-json\/wp\/v2\/pages\/89\/revisions\/1030"}],"up":[{"embeddable":true,"href":"https:\/\/wp.kristdemokraterna.se\/mjolby\/wp-json\/wp\/v2\/pages\/84"}],"wp:attachment":[{"href":"https:\/\/wp.kristdemokraterna.se\/mjolby\/wp-json\/wp\/v2\/media?parent=89"}],"curies":[{"name":"wp","href":"https:\/\/api.w.org\/{rel}","templated":true}]}}