{"id":91,"date":"2013-02-06T12:46:37","date_gmt":"2013-02-06T11:46:37","guid":{"rendered":"http:\/\/wp.kristdemokraterna.se\/mjolby\/?page_id=91"},"modified":"2013-11-28T12:48:53","modified_gmt":"2013-11-28T11:48:53","slug":"henri-riccono","status":"publish","type":"page","link":"https:\/\/wp.kristdemokraterna.se\/mjolby\/personligt\/henri-riccono\/","title":{"rendered":"Henri Riccono"},"content":{"rendered":"<p><a href=\"http:\/\/wp.kristdemokraterna.se\/mjolby\/files\/2013\/02\/Henri_Riccono.jpg\" target=\"_blank\"><img loading=\"lazy\" decoding=\"async\" class=\"alignnone size-full wp-image-147\" alt=\"Henri_Riccono\" src=\"http:\/\/wp.kristdemokraterna.se\/mjolby\/files\/2013\/02\/Henri_Riccono.jpg\" width=\"120\" height=\"168\" srcset=\"https:\/\/wp.kristdemokraterna.se\/mjolby\/files\/2013\/02\/Henri_Riccono.jpg 120w, https:\/\/wp.kristdemokraterna.se\/mjolby\/files\/2013\/02\/Henri_Riccono-80x112.jpg 80w\" sizes=\"auto, (max-width: 120px) 100vw, 120px\" \/><\/a><br \/>\nJag heter Henri Riccono och bor med min familj som best\u00e5r av min vackra fru Ann-Britt och v\u00e5ra underbara barn Philip 17-\u00e5r och Rebecca 10-\u00e5r. Jag har tidigare varit aktiv i partiet med olika uppdrag som t.ex. tekniska n\u00e4mnden och skoln\u00e4mnden liksom n\u00e4mndeman i L\u00e4nsr\u00e4tten och hovr\u00e4tten. Varf\u00f6r valde jag att engagera mig i KD?<\/p>\n<p>Jag tycker att familjen \u00e4r viktig och kan sj\u00e4lva fatta beslut som r\u00f6r familjen, att det m\u00e5ste finnas en omsorg genom hela livet \u00e4r en sj\u00e4lvklarhet liksom att ha en god hush\u00e5llning med v\u00e5ra gemensamma resurser. Och att man l\u00f6ser m\u00e5nga saker genom dialog. Just detta \u00e4r n\u00e5got som ocks\u00e5 KD st\u00e5r uppf\u00f6r!<\/p>\n<p>Men pga. mitt jobb som m\u00e4klare har jag gjort en liten paus fr\u00e5n mina uppdrag men har viljan och m\u00e5ls\u00e4ttningen att \u00e5terv\u00e4nda till partiet och bli aktiv igen.<\/p>\n<p>Jag har m\u00e5nga hj\u00e4rtefr\u00e5gor som jag skulle vilja driva mer aktiv.<\/p>\n<p>Att jag k\u00e4nner mycket f\u00f6r v\u00e5ra ungdomar och vad man kan g\u00f6ra f\u00f6r dem \u00e4r kanske ingen hemlighet.<\/p>\n<p>Vilka behov har v\u00e5ra ungdomar hur \u00e4r deras n\u00e4rmilj\u00f6, trygghet i skolan?<\/p>\n<p>Att vi har skatehall och fritidsg\u00e5rdar \u00e4r n\u00e5got som vi alla ska vara mycket glada \u00f6ver!<\/p>\n<p>Ungdomarna mellan 16-20 d\u00e5? De beh\u00f6ver ocks\u00e5 m\u00f6tesplatser som enbart \u00e4r till f\u00f6r dem. Vart tar de f\u00f6reningsl\u00f6sa v\u00e4gen? Finns det n\u00e5got ungdomens hus?<\/p>\n<p>.\u00c4nnu en hj\u00e4rtefr\u00e5ga:<\/p>\n<p>Det beh\u00f6vs Polis i Mantorp \u00e4ven nattetid. Och i skolan beh\u00f6vs extra morfar och farmor eller?<\/p>\n<p>Ja, de \u00e4ldre ger trygghet och kan st\u00e4lla upp ideellt. De \u00e4ldre beh\u00f6vs i ett fungerande samh\u00e4lle.<\/p>\n<p>De f\u00e5r inte k\u00e4nna sig utanf\u00f6r, utan de har ocks\u00e5 r\u00e4ttigheter.<\/p>\n<p>Allt fr\u00e5n att bem\u00f6tas med respekt till att f\u00e5 hj\u00e4lp med saker och ting. \u00c4r det n\u00e5gon i dagens stress samh\u00e4lle som stannar upp eller bryr sig om alla de \u00e4ldre?<\/p>\n<p>V\u00e4lkommen att kontakta mig<br \/>\nHenri Riccono<br \/>\nTel: 0142-210 38 (hem), 0733-644 773 (mobil)<br \/>\nE-post: brunnstorp@privat.utfors.se<br \/>\n<em>E-post: henri.riccono@erasweden.com<\/em><\/p>\n","protected":false},"excerpt":{"rendered":"<p>Jag heter Henri Riccono och bor med min familj som best\u00e5r av min vackra fru Ann-Britt och v\u00e5ra underbara barn Philip 17-\u00e5r och Rebecca 10-\u00e5r. Jag har tidigare varit aktiv i partiet med olika uppdrag som t.ex. tekniska n\u00e4mnden och skoln\u00e4mnden liksom n\u00e4mndeman i L\u00e4nsr\u00e4tten och hovr\u00e4tten. Varf\u00f6r valde jag att engagera mig i KD? <a class=\"read-more-link\" href=\"https:\/\/wp.kristdemokraterna.se\/mjolby\/personligt\/henri-riccono\/\">Read More<\/a><\/p>\n","protected":false},"author":433,"featured_media":0,"parent":84,"menu_order":0,"comment_status":"closed","ping_status":"open","template":"","meta":{"_acf_changed":false,"footnotes":""},"class_list":["post-91","page","type-page","status-publish","hentry"],"acf":[],"yoast_head":"<!-- This site is optimized with the Yoast SEO plugin v27.4 - https:\/\/yoast.com\/product\/yoast-seo-wordpress\/ -->\n<title>Henri Riccono - Mj\u00f6lby<\/title>\n<meta name=\"robots\" content=\"index, follow, max-snippet:-1, max-image-preview:large, max-video-preview:-1\" \/>\n<link rel=\"canonical\" href=\"https:\/\/wp.kristdemokraterna.se\/mjolby\/personligt\/henri-riccono\/\" \/>\n<meta property=\"og:locale\" content=\"sv_SE\" \/>\n<meta property=\"og:type\" content=\"article\" \/>\n<meta property=\"og:title\" content=\"Henri Riccono - Mj\u00f6lby\" \/>\n<meta property=\"og:description\" content=\"Jag heter Henri Riccono och bor med min familj som best\u00e5r av min vackra fru Ann-Britt och v\u00e5ra underbara barn Philip 17-\u00e5r och Rebecca 10-\u00e5r. Jag har tidigare varit aktiv i partiet med olika uppdrag som t.ex. tekniska n\u00e4mnden och skoln\u00e4mnden liksom n\u00e4mndeman i L\u00e4nsr\u00e4tten och hovr\u00e4tten. Varf\u00f6r valde jag att engagera mig i KD? Read More\" \/>\n<meta property=\"og:url\" content=\"https:\/\/wp.kristdemokraterna.se\/mjolby\/personligt\/henri-riccono\/\" \/>\n<meta property=\"og:site_name\" content=\"Mj\u00f6lby\" \/>\n<meta property=\"article:modified_time\" content=\"2013-11-28T11:48:53+00:00\" \/>\n<meta property=\"og:image\" content=\"http:\/\/wp.kristdemokraterna.se\/mjolby\/files\/2013\/02\/Henri_Riccono.jpg\" \/>\n<meta name=\"twitter:card\" content=\"summary_large_image\" \/>\n<meta name=\"twitter:label1\" content=\"Ber\u00e4knad l\u00e4stid\" \/>\n\t<meta name=\"twitter:data1\" content=\"2 minuter\" \/>\n<script type=\"application\/ld+json\" class=\"yoast-schema-graph\">{\"@context\":\"https:\\\/\\\/schema.org\",\"@graph\":[{\"@type\":\"WebPage\",\"@id\":\"https:\\\/\\\/wp.kristdemokraterna.se\\\/mjolby\\\/personligt\\\/henri-riccono\\\/\",\"url\":\"https:\\\/\\\/wp.kristdemokraterna.se\\\/mjolby\\\/personligt\\\/henri-riccono\\\/\",\"name\":\"Henri Riccono - Mj\u00f6lby\",\"isPartOf\":{\"@id\":\"https:\\\/\\\/wp.kristdemokraterna.se\\\/mjolby\\\/#website\"},\"primaryImageOfPage\":{\"@id\":\"https:\\\/\\\/wp.kristdemokraterna.se\\\/mjolby\\\/personligt\\\/henri-riccono\\\/#primaryimage\"},\"image\":{\"@id\":\"https:\\\/\\\/wp.kristdemokraterna.se\\\/mjolby\\\/personligt\\\/henri-riccono\\\/#primaryimage\"},\"thumbnailUrl\":\"http:\\\/\\\/wp.kristdemokraterna.se\\\/mjolby\\\/files\\\/2013\\\/02\\\/Henri_Riccono.jpg\",\"datePublished\":\"2013-02-06T11:46:37+00:00\",\"dateModified\":\"2013-11-28T11:48:53+00:00\",\"breadcrumb\":{\"@id\":\"https:\\\/\\\/wp.kristdemokraterna.se\\\/mjolby\\\/personligt\\\/henri-riccono\\\/#breadcrumb\"},\"inLanguage\":\"sv-SE\",\"potentialAction\":[{\"@type\":\"ReadAction\",\"target\":[\"https:\\\/\\\/wp.kristdemokraterna.se\\\/mjolby\\\/personligt\\\/henri-riccono\\\/\"]}]},{\"@type\":\"ImageObject\",\"inLanguage\":\"sv-SE\",\"@id\":\"https:\\\/\\\/wp.kristdemokraterna.se\\\/mjolby\\\/personligt\\\/henri-riccono\\\/#primaryimage\",\"url\":\"https:\\\/\\\/wp.kristdemokraterna.se\\\/mjolby\\\/files\\\/2013\\\/02\\\/Henri_Riccono.jpg\",\"contentUrl\":\"https:\\\/\\\/wp.kristdemokraterna.se\\\/mjolby\\\/files\\\/2013\\\/02\\\/Henri_Riccono.jpg\",\"width\":120,\"height\":168},{\"@type\":\"BreadcrumbList\",\"@id\":\"https:\\\/\\\/wp.kristdemokraterna.se\\\/mjolby\\\/personligt\\\/henri-riccono\\\/#breadcrumb\",\"itemListElement\":[{\"@type\":\"ListItem\",\"position\":1,\"name\":\"Hem\",\"item\":\"https:\\\/\\\/wp.kristdemokraterna.se\\\/mjolby\\\/\"},{\"@type\":\"ListItem\",\"position\":2,\"name\":\"Personligt\",\"item\":\"https:\\\/\\\/wp.kristdemokraterna.se\\\/mjolby\\\/personligt\\\/\"},{\"@type\":\"ListItem\",\"position\":3,\"name\":\"Henri Riccono\"}]},{\"@type\":\"WebSite\",\"@id\":\"https:\\\/\\\/wp.kristdemokraterna.se\\\/mjolby\\\/#website\",\"url\":\"https:\\\/\\\/wp.kristdemokraterna.se\\\/mjolby\\\/\",\"name\":\"Mj\u00f6lby\",\"description\":\"Kristdemokraterna\",\"inLanguage\":\"sv-SE\"}]}<\/script>\n<!-- \/ Yoast SEO plugin. -->","yoast_head_json":{"title":"Henri Riccono - Mj\u00f6lby","robots":{"index":"index","follow":"follow","max-snippet":"max-snippet:-1","max-image-preview":"max-image-preview:large","max-video-preview":"max-video-preview:-1"},"canonical":"https:\/\/wp.kristdemokraterna.se\/mjolby\/personligt\/henri-riccono\/","og_locale":"sv_SE","og_type":"article","og_title":"Henri Riccono - Mj\u00f6lby","og_description":"Jag heter Henri Riccono och bor med min familj som best\u00e5r av min vackra fru Ann-Britt och v\u00e5ra underbara barn Philip 17-\u00e5r och Rebecca 10-\u00e5r. Jag har tidigare varit aktiv i partiet med olika uppdrag som t.ex. tekniska n\u00e4mnden och skoln\u00e4mnden liksom n\u00e4mndeman i L\u00e4nsr\u00e4tten och hovr\u00e4tten. Varf\u00f6r valde jag att engagera mig i KD? Read More","og_url":"https:\/\/wp.kristdemokraterna.se\/mjolby\/personligt\/henri-riccono\/","og_site_name":"Mj\u00f6lby","article_modified_time":"2013-11-28T11:48:53+00:00","og_image":[{"url":"http:\/\/wp.kristdemokraterna.se\/mjolby\/files\/2013\/02\/Henri_Riccono.jpg","type":"","width":"","height":""}],"twitter_card":"summary_large_image","twitter_misc":{"Ber\u00e4knad l\u00e4stid":"2 minuter"},"schema":{"@context":"https:\/\/schema.org","@graph":[{"@type":"WebPage","@id":"https:\/\/wp.kristdemokraterna.se\/mjolby\/personligt\/henri-riccono\/","url":"https:\/\/wp.kristdemokraterna.se\/mjolby\/personligt\/henri-riccono\/","name":"Henri Riccono - Mj\u00f6lby","isPartOf":{"@id":"https:\/\/wp.kristdemokraterna.se\/mjolby\/#website"},"primaryImageOfPage":{"@id":"https:\/\/wp.kristdemokraterna.se\/mjolby\/personligt\/henri-riccono\/#primaryimage"},"image":{"@id":"https:\/\/wp.kristdemokraterna.se\/mjolby\/personligt\/henri-riccono\/#primaryimage"},"thumbnailUrl":"http:\/\/wp.kristdemokraterna.se\/mjolby\/files\/2013\/02\/Henri_Riccono.jpg","datePublished":"2013-02-06T11:46:37+00:00","dateModified":"2013-11-28T11:48:53+00:00","breadcrumb":{"@id":"https:\/\/wp.kristdemokraterna.se\/mjolby\/personligt\/henri-riccono\/#breadcrumb"},"inLanguage":"sv-SE","potentialAction":[{"@type":"ReadAction","target":["https:\/\/wp.kristdemokraterna.se\/mjolby\/personligt\/henri-riccono\/"]}]},{"@type":"ImageObject","inLanguage":"sv-SE","@id":"https:\/\/wp.kristdemokraterna.se\/mjolby\/personligt\/henri-riccono\/#primaryimage","url":"https:\/\/wp.kristdemokraterna.se\/mjolby\/files\/2013\/02\/Henri_Riccono.jpg","contentUrl":"https:\/\/wp.kristdemokraterna.se\/mjolby\/files\/2013\/02\/Henri_Riccono.jpg","width":120,"height":168},{"@type":"BreadcrumbList","@id":"https:\/\/wp.kristdemokraterna.se\/mjolby\/personligt\/henri-riccono\/#breadcrumb","itemListElement":[{"@type":"ListItem","position":1,"name":"Hem","item":"https:\/\/wp.kristdemokraterna.se\/mjolby\/"},{"@type":"ListItem","position":2,"name":"Personligt","item":"https:\/\/wp.kristdemokraterna.se\/mjolby\/personligt\/"},{"@type":"ListItem","position":3,"name":"Henri Riccono"}]},{"@type":"WebSite","@id":"https:\/\/wp.kristdemokraterna.se\/mjolby\/#website","url":"https:\/\/wp.kristdemokraterna.se\/mjolby\/","name":"Mj\u00f6lby","description":"Kristdemokraterna","inLanguage":"sv-SE"}]}},"_links":{"self":[{"href":"https:\/\/wp.kristdemokraterna.se\/mjolby\/wp-json\/wp\/v2\/pages\/91","targetHints":{"allow":["GET"]}}],"collection":[{"href":"https:\/\/wp.kristdemokraterna.se\/mjolby\/wp-json\/wp\/v2\/pages"}],"about":[{"href":"https:\/\/wp.kristdemokraterna.se\/mjolby\/wp-json\/wp\/v2\/types\/page"}],"author":[{"embeddable":true,"href":"https:\/\/wp.kristdemokraterna.se\/mjolby\/wp-json\/wp\/v2\/users\/433"}],"replies":[{"embeddable":true,"href":"https:\/\/wp.kristdemokraterna.se\/mjolby\/wp-json\/wp\/v2\/comments?post=91"}],"version-history":[{"count":5,"href":"https:\/\/wp.kristdemokraterna.se\/mjolby\/wp-json\/wp\/v2\/pages\/91\/revisions"}],"predecessor-version":[{"id":562,"href":"https:\/\/wp.kristdemokraterna.se\/mjolby\/wp-json\/wp\/v2\/pages\/91\/revisions\/562"}],"up":[{"embeddable":true,"href":"https:\/\/wp.kristdemokraterna.se\/mjolby\/wp-json\/wp\/v2\/pages\/84"}],"wp:attachment":[{"href":"https:\/\/wp.kristdemokraterna.se\/mjolby\/wp-json\/wp\/v2\/media?parent=91"}],"curies":[{"name":"wp","href":"https:\/\/api.w.org\/{rel}","templated":true}]}}