{"id":919,"date":"2014-02-08T20:30:57","date_gmt":"2014-02-08T19:30:57","guid":{"rendered":"http:\/\/wp.kristdemokraterna.se\/mjolby\/?page_id=919"},"modified":"2014-12-19T17:26:51","modified_gmt":"2014-12-19T16:26:51","slug":"kalendarium-2014","status":"publish","type":"page","link":"https:\/\/wp.kristdemokraterna.se\/mjolby\/kalendarium-2014\/","title":{"rendered":"Kalendarium 2014"},"content":{"rendered":"<div><\/div>\n<div>\n<table>\n<tbody>\n<tr>\n<td>\n<div><strong>Januari<\/strong><\/div>\n<\/td>\n<\/tr>\n<tr>\n<td>\n<div>8:e &#8211; Styrelsem\u00f6te, Mantorp<\/div>\n<\/td>\n<\/tr>\n<\/tbody>\n<\/table>\n<\/div>\n<div>\n<table>\n<tbody>\n<tr>\n<td>\n<div><strong>Februari<\/strong><\/div>\n<\/td>\n<\/tr>\n<tr>\n<td>\n<div>3:e &#8211; Styrelsem\u00f6te, Mj\u00f6lby<br \/>\n5:e &#8211; KPU,\u00a0Stadshuset, Mj\u00f6lby<br \/>\n8:e &#8211; 14:00 \u00c5rsm\u00f6te f\u00f6r Kristdemokraterna i Mj\u00f6lby<br \/>\n11:e &#8211; Kommunfullm\u00e4ktige, Stadshuset, Mj\u00f6lby<\/div>\n<\/td>\n<\/tr>\n<\/tbody>\n<\/table>\n<\/div>\n<div>\n<table>\n<tbody>\n<tr>\n<td>\n<div><strong>Mars<\/strong><\/div>\n<\/td>\n<\/tr>\n<tr>\n<td>\n<div>6:e &#8211; 18:00 \u00c5rsm\u00f6te f\u00f6r Studieorg. Framtidsbildarna, Link\u00f6ping<br \/>\n10:e &#8211; Styrelsem\u00f6te<br \/>\n15:e &#8211; 09:30-16:00 V\u00e5r &amp; Nomineringsst\u00e4mma f\u00f6r KD i \u00d6sterg\u00f6tland, Norrk\u00f6ping<br \/>\n19:e &#8211; KPU, Stadshuset, Mj\u00f6lby<br \/>\n25:e &#8211; Kommunfullm\u00e4ktige, Stadshuset, Mj\u00f6lby<br \/>\n28-29:e &#8211; Kommun- och landstingsdagar i G\u00f6teborg (<a href=\"http:\/\/www.kommundagarna.kristdemokraterna.se\/\" target=\"_blank\">&gt;&gt;<\/a>)<\/div>\n<\/td>\n<\/tr>\n<\/tbody>\n<\/table>\n<\/div>\n<div>\n<table>\n<tbody>\n<tr>\n<td><strong>April<\/strong><\/td>\n<\/tr>\n<tr>\n<td>\n<div>3:e &#8211; Styrelsem\u00f6te, Mj\u00f6lby<br \/>\n7:e &#8211; <strong><span style=\"color: #ff0000\">INST\u00c4LLT<em>!<\/em><\/span><\/strong>, <del>18:30 Medlemsm\u00f6te med Motala-Mj\u00f6lby, Motala<\/del><br \/>\n7:e &#8211; Informationsm\u00f6te inf\u00f6r valet 2014, Mj\u00f6lby<br \/>\n23:e &#8211; KPU, Stadshuset, Mj\u00f6lby<br \/>\n29:e &#8211; Kommunfullm\u00e4ktige, Stadshuset, Mj\u00f6lby<\/div>\n<\/td>\n<\/tr>\n<\/tbody>\n<\/table>\n<\/div>\n<div>\n<table>\n<tbody>\n<tr>\n<td>\n<div><strong>Maj<\/strong><\/div>\n<\/td>\n<\/tr>\n<tr>\n<td>\n<div>5:e &#8211; 18:30 Medlemsm\u00f6te med Motala-Mj\u00f6lby, Mj\u00f6lby<br \/>\n14:e &#8211; KPU, Stadshuset, Mj\u00f6lby<br \/>\n19:e &#8211; Styrelsem\u00f6te<br \/>\n20:e &#8211; Kommunfullm\u00e4ktige, Stadshuset, Mj\u00f6lby<br \/>\n25:e &#8211; Val till Europaparlamentet (<a title=\"www.val2014.eu\" href=\"http:\/\/www.elections2014.eu\/sv\" target=\"_blank\">val2014.eu<\/a>) (<a title=\"www.val.se\" href=\"http:\/\/www.val.se\/\" target=\"_blank\">val.se<\/a>)<\/div>\n<\/td>\n<\/tr>\n<\/tbody>\n<\/table>\n<\/div>\n<table>\n<tbody>\n<tr>\n<td>\n<div><strong>Juni<\/strong><\/div>\n<\/td>\n<\/tr>\n<tr>\n<td>2:e &#8211; Styrelsem\u00f6te<br \/>\n4:e &#8211; KPU, Stadshuset, Mj\u00f6lby<br \/>\n10:e &#8211; Kommunfullm\u00e4ktige, Stadshuset, Mj\u00f6lby<\/td>\n<\/tr>\n<\/tbody>\n<\/table>\n<table>\n<tbody>\n<tr>\n<td>\n<div><strong>Juli<\/strong><\/div>\n<\/td>\n<\/tr>\n<tr>\n<td>??:e &#8211; Broarnas dag, Mj\u00f6lby<\/td>\n<\/tr>\n<\/tbody>\n<\/table>\n<table>\n<tbody>\n<tr>\n<td><strong>Augusti<\/strong><\/td>\n<\/tr>\n<tr>\n<td>\n<div>18:e &#8211; Styrelsem\u00f6te<br \/>\n20:e &#8211; KPU, Stadshuset, Mj\u00f6lby<br \/>\n26:e &#8211; Kommunfullm\u00e4ktige, Stadshuset, Mj\u00f6lby<br \/>\n27:e &#8211; F\u00f6rtidsr\u00f6stningen b\u00f6rjar (<a href=\"http:\/\/www.val.se\/val\/val2014\/rostmottagning\/fortidsrostning\/kommun\/05\/86\/index.html\" target=\"_blank\">val.se<\/a>)<\/div>\n<\/td>\n<\/tr>\n<\/tbody>\n<\/table>\n<table>\n<tbody>\n<tr>\n<td><strong>September<\/strong><\/td>\n<\/tr>\n<tr>\n<td>\n<div>\n<div id=\"ctl00_MainBodyRegion_ctl00_StreetAddressDiv\">9:e &#8211; 18:30 Medlemsm\u00f6te med Motala-Mj\u00f6lby, Motala &#8211; <strong><span style=\"color: #ff0000\">OBS!<\/span> \u00c4ndrat datum <\/strong><br \/>\n14:e &#8211; Val till riksdag, kommun- och region\/landstingsfullm\u00e4ktige (<a title=\"www.val.se\" href=\"http:\/\/www.val.se\/\" target=\"_blank\">val.se<\/a>)<br \/>\n15:e &#8211; Styrelsem\u00f6te<br \/>\n24:e &#8211; KPU, Stadshuset, Mj\u00f6lby<br \/>\n30:e &#8211; Kommunfullm\u00e4ktige, Stadshuset, Mj\u00f6lby<\/div>\n<\/div>\n<\/td>\n<\/tr>\n<\/tbody>\n<\/table>\n<table>\n<tbody>\n<tr>\n<td><strong>Oktober<\/strong><\/td>\n<\/tr>\n<tr>\n<td>\n<div>6:e &#8211; 18:30 Medlemsm\u00f6te med Motala-Mj\u00f6lby, Mj\u00f6lby<br \/>\n15:e &#8211; KPU, Stadshuset, Mj\u00f6lby<br \/>\n21:e &#8211; Kommunfullm\u00e4ktige, Stadshuset, Mj\u00f6lby<\/div>\n<\/td>\n<\/tr>\n<\/tbody>\n<\/table>\n<div>\n<table>\n<tbody>\n<tr>\n<td><strong>November<\/strong><\/td>\n<\/tr>\n<tr>\n<td>\n<div>4:e &#8211; Kommunfullm\u00e4ktige, Stadshuset, Mj\u00f6lby<br \/>\n8:e &#8211; Styrelsem\u00f6te<br \/>\n12:e &#8211; KPU, Stadshuset, Mj\u00f6lby<br \/>\n15:e &#8211; 12:00-21:00 Regional kommun- o landstingsdag med h\u00f6stfest o h\u00f6stst\u00e4mma\u00a0f\u00f6r KD i \u00d6sterg\u00f6tland<br \/>\n18:e &#8211; Kommunfullm\u00e4ktige, Stadshuset, Mj\u00f6lby<\/div>\n<\/td>\n<\/tr>\n<\/tbody>\n<\/table>\n<\/div>\n<table>\n<tbody>\n<tr>\n<td><strong>December<\/strong><\/td>\n<\/tr>\n<tr>\n<td>8:e &#8211; Styrelsem\u00f6te<br \/>\n10:e &#8211; KPU, Stadshuset, Mj\u00f6lby<br \/>\n16:e &#8211; Kommunfullm\u00e4ktige, Stadshuset, Mj\u00f6lby<\/td>\n<\/tr>\n<\/tbody>\n<\/table>\n<div align=\"center\">\n<div>\n<table>\n<tbody>\n<tr>\n<td>\n<p align=\"center\"><em><span style=\"color: #ff0000\">Reservation f\u00f6r \u00e4ndringar och dyl<\/span>.<\/em><\/p>\n<\/td>\n<\/tr>\n<\/tbody>\n<\/table>\n<\/div>\n<div>| <a title=\"Kalendarium 2015\" href=\"http:\/\/wp.kristdemokraterna.se\/mjolby\/kalendarium-2015\/\">2015<\/a> &lt;&lt; <strong>2014<\/strong>\u00a0 |<\/div>\n<\/div>\n","protected":false},"excerpt":{"rendered":"<p>Januari 8:e &#8211; Styrelsem\u00f6te, Mantorp Februari 3:e &#8211; Styrelsem\u00f6te, Mj\u00f6lby 5:e &#8211; KPU,\u00a0Stadshuset, Mj\u00f6lby 8:e &#8211; 14:00 \u00c5rsm\u00f6te f\u00f6r Kristdemokraterna i Mj\u00f6lby 11:e &#8211; Kommunfullm\u00e4ktige, Stadshuset, Mj\u00f6lby Mars 6:e &#8211; 18:00 \u00c5rsm\u00f6te f\u00f6r Studieorg. Framtidsbildarna, Link\u00f6ping 10:e &#8211; Styrelsem\u00f6te 15:e &#8211; 09:30-16:00 V\u00e5r &amp; Nomineringsst\u00e4mma f\u00f6r KD i \u00d6sterg\u00f6tland, Norrk\u00f6ping 19:e &#8211; KPU, Stadshuset, Mj\u00f6lby <a class=\"read-more-link\" href=\"https:\/\/wp.kristdemokraterna.se\/mjolby\/kalendarium-2014\/\">Read More<\/a><\/p>\n","protected":false},"author":433,"featured_media":0,"parent":0,"menu_order":0,"comment_status":"closed","ping_status":"closed","template":"","meta":{"_acf_changed":false,"footnotes":""},"class_list":["post-919","page","type-page","status-publish","hentry"],"acf":[],"yoast_head":"<!-- This site is optimized with the Yoast SEO plugin v27.3 - https:\/\/yoast.com\/product\/yoast-seo-wordpress\/ -->\n<title>Kalendarium 2014 - Mj\u00f6lby<\/title>\n<meta name=\"robots\" content=\"index, follow, max-snippet:-1, max-image-preview:large, max-video-preview:-1\" \/>\n<link rel=\"canonical\" href=\"https:\/\/wp.kristdemokraterna.se\/mjolby\/kalendarium-2014\/\" \/>\n<meta property=\"og:locale\" content=\"sv_SE\" \/>\n<meta property=\"og:type\" content=\"article\" \/>\n<meta property=\"og:title\" content=\"Kalendarium 2014 - Mj\u00f6lby\" \/>\n<meta property=\"og:description\" content=\"Januari 8:e &#8211; Styrelsem\u00f6te, Mantorp Februari 3:e &#8211; Styrelsem\u00f6te, Mj\u00f6lby 5:e &#8211; KPU,\u00a0Stadshuset, Mj\u00f6lby 8:e &#8211; 14:00 \u00c5rsm\u00f6te f\u00f6r Kristdemokraterna i Mj\u00f6lby 11:e &#8211; Kommunfullm\u00e4ktige, Stadshuset, Mj\u00f6lby Mars 6:e &#8211; 18:00 \u00c5rsm\u00f6te f\u00f6r Studieorg. Framtidsbildarna, Link\u00f6ping 10:e &#8211; Styrelsem\u00f6te 15:e &#8211; 09:30-16:00 V\u00e5r &amp; Nomineringsst\u00e4mma f\u00f6r KD i \u00d6sterg\u00f6tland, Norrk\u00f6ping 19:e &#8211; KPU, Stadshuset, Mj\u00f6lby Read More\" \/>\n<meta property=\"og:url\" content=\"https:\/\/wp.kristdemokraterna.se\/mjolby\/kalendarium-2014\/\" \/>\n<meta property=\"og:site_name\" content=\"Mj\u00f6lby\" \/>\n<meta property=\"article:modified_time\" content=\"2014-12-19T16:26:51+00:00\" \/>\n<meta name=\"twitter:card\" content=\"summary_large_image\" \/>\n<meta name=\"twitter:label1\" content=\"Ber\u00e4knad l\u00e4stid\" \/>\n\t<meta name=\"twitter:data1\" content=\"2 minuter\" \/>\n<script type=\"application\/ld+json\" class=\"yoast-schema-graph\">{\"@context\":\"https:\\\/\\\/schema.org\",\"@graph\":[{\"@type\":\"WebPage\",\"@id\":\"https:\\\/\\\/wp.kristdemokraterna.se\\\/mjolby\\\/kalendarium-2014\\\/\",\"url\":\"https:\\\/\\\/wp.kristdemokraterna.se\\\/mjolby\\\/kalendarium-2014\\\/\",\"name\":\"Kalendarium 2014 - Mj\u00f6lby\",\"isPartOf\":{\"@id\":\"https:\\\/\\\/wp.kristdemokraterna.se\\\/mjolby\\\/#website\"},\"datePublished\":\"2014-02-08T19:30:57+00:00\",\"dateModified\":\"2014-12-19T16:26:51+00:00\",\"breadcrumb\":{\"@id\":\"https:\\\/\\\/wp.kristdemokraterna.se\\\/mjolby\\\/kalendarium-2014\\\/#breadcrumb\"},\"inLanguage\":\"sv-SE\",\"potentialAction\":[{\"@type\":\"ReadAction\",\"target\":[\"https:\\\/\\\/wp.kristdemokraterna.se\\\/mjolby\\\/kalendarium-2014\\\/\"]}]},{\"@type\":\"BreadcrumbList\",\"@id\":\"https:\\\/\\\/wp.kristdemokraterna.se\\\/mjolby\\\/kalendarium-2014\\\/#breadcrumb\",\"itemListElement\":[{\"@type\":\"ListItem\",\"position\":1,\"name\":\"Hem\",\"item\":\"https:\\\/\\\/wp.kristdemokraterna.se\\\/mjolby\\\/\"},{\"@type\":\"ListItem\",\"position\":2,\"name\":\"Kalendarium 2014\"}]},{\"@type\":\"WebSite\",\"@id\":\"https:\\\/\\\/wp.kristdemokraterna.se\\\/mjolby\\\/#website\",\"url\":\"https:\\\/\\\/wp.kristdemokraterna.se\\\/mjolby\\\/\",\"name\":\"Mj\u00f6lby\",\"description\":\"Kristdemokraterna\",\"inLanguage\":\"sv-SE\"}]}<\/script>\n<!-- \/ Yoast SEO plugin. -->","yoast_head_json":{"title":"Kalendarium 2014 - Mj\u00f6lby","robots":{"index":"index","follow":"follow","max-snippet":"max-snippet:-1","max-image-preview":"max-image-preview:large","max-video-preview":"max-video-preview:-1"},"canonical":"https:\/\/wp.kristdemokraterna.se\/mjolby\/kalendarium-2014\/","og_locale":"sv_SE","og_type":"article","og_title":"Kalendarium 2014 - Mj\u00f6lby","og_description":"Januari 8:e &#8211; Styrelsem\u00f6te, Mantorp Februari 3:e &#8211; Styrelsem\u00f6te, Mj\u00f6lby 5:e &#8211; KPU,\u00a0Stadshuset, Mj\u00f6lby 8:e &#8211; 14:00 \u00c5rsm\u00f6te f\u00f6r Kristdemokraterna i Mj\u00f6lby 11:e &#8211; Kommunfullm\u00e4ktige, Stadshuset, Mj\u00f6lby Mars 6:e &#8211; 18:00 \u00c5rsm\u00f6te f\u00f6r Studieorg. Framtidsbildarna, Link\u00f6ping 10:e &#8211; Styrelsem\u00f6te 15:e &#8211; 09:30-16:00 V\u00e5r &amp; Nomineringsst\u00e4mma f\u00f6r KD i \u00d6sterg\u00f6tland, Norrk\u00f6ping 19:e &#8211; KPU, Stadshuset, Mj\u00f6lby Read More","og_url":"https:\/\/wp.kristdemokraterna.se\/mjolby\/kalendarium-2014\/","og_site_name":"Mj\u00f6lby","article_modified_time":"2014-12-19T16:26:51+00:00","twitter_card":"summary_large_image","twitter_misc":{"Ber\u00e4knad l\u00e4stid":"2 minuter"},"schema":{"@context":"https:\/\/schema.org","@graph":[{"@type":"WebPage","@id":"https:\/\/wp.kristdemokraterna.se\/mjolby\/kalendarium-2014\/","url":"https:\/\/wp.kristdemokraterna.se\/mjolby\/kalendarium-2014\/","name":"Kalendarium 2014 - Mj\u00f6lby","isPartOf":{"@id":"https:\/\/wp.kristdemokraterna.se\/mjolby\/#website"},"datePublished":"2014-02-08T19:30:57+00:00","dateModified":"2014-12-19T16:26:51+00:00","breadcrumb":{"@id":"https:\/\/wp.kristdemokraterna.se\/mjolby\/kalendarium-2014\/#breadcrumb"},"inLanguage":"sv-SE","potentialAction":[{"@type":"ReadAction","target":["https:\/\/wp.kristdemokraterna.se\/mjolby\/kalendarium-2014\/"]}]},{"@type":"BreadcrumbList","@id":"https:\/\/wp.kristdemokraterna.se\/mjolby\/kalendarium-2014\/#breadcrumb","itemListElement":[{"@type":"ListItem","position":1,"name":"Hem","item":"https:\/\/wp.kristdemokraterna.se\/mjolby\/"},{"@type":"ListItem","position":2,"name":"Kalendarium 2014"}]},{"@type":"WebSite","@id":"https:\/\/wp.kristdemokraterna.se\/mjolby\/#website","url":"https:\/\/wp.kristdemokraterna.se\/mjolby\/","name":"Mj\u00f6lby","description":"Kristdemokraterna","inLanguage":"sv-SE"}]}},"_links":{"self":[{"href":"https:\/\/wp.kristdemokraterna.se\/mjolby\/wp-json\/wp\/v2\/pages\/919","targetHints":{"allow":["GET"]}}],"collection":[{"href":"https:\/\/wp.kristdemokraterna.se\/mjolby\/wp-json\/wp\/v2\/pages"}],"about":[{"href":"https:\/\/wp.kristdemokraterna.se\/mjolby\/wp-json\/wp\/v2\/types\/page"}],"author":[{"embeddable":true,"href":"https:\/\/wp.kristdemokraterna.se\/mjolby\/wp-json\/wp\/v2\/users\/433"}],"replies":[{"embeddable":true,"href":"https:\/\/wp.kristdemokraterna.se\/mjolby\/wp-json\/wp\/v2\/comments?post=919"}],"version-history":[{"count":29,"href":"https:\/\/wp.kristdemokraterna.se\/mjolby\/wp-json\/wp\/v2\/pages\/919\/revisions"}],"predecessor-version":[{"id":1304,"href":"https:\/\/wp.kristdemokraterna.se\/mjolby\/wp-json\/wp\/v2\/pages\/919\/revisions\/1304"}],"wp:attachment":[{"href":"https:\/\/wp.kristdemokraterna.se\/mjolby\/wp-json\/wp\/v2\/media?parent=919"}],"curies":[{"name":"wp","href":"https:\/\/api.w.org\/{rel}","templated":true}]}}