{"id":1167,"date":"2024-01-04T18:11:02","date_gmt":"2024-01-04T17:11:02","guid":{"rendered":"https:\/\/wp.kristdemokraterna.se\/molndal\/?page_id=1167"},"modified":"2024-01-04T18:31:35","modified_gmt":"2024-01-04T17:31:35","slug":"jenny-holf","status":"publish","type":"page","link":"https:\/\/wp.kristdemokraterna.se\/molndal\/jenny-holf\/","title":{"rendered":"Jenny Holf"},"content":{"rendered":"<div><a href=\"http:\/\/wp.kristdemokraterna.se\/molndal\/files\/2024\/01\/jenny-colour.jpg\"><img loading=\"lazy\" decoding=\"async\" class=\"alignnone wp-image-1172 size-full\" src=\"http:\/\/wp.kristdemokraterna.se\/molndal\/files\/2024\/01\/jenny-colour.jpg\" alt=\"\" width=\"764\" height=\"879\" srcset=\"https:\/\/wp.kristdemokraterna.se\/molndal\/files\/2024\/01\/jenny-colour.jpg 764w, https:\/\/wp.kristdemokraterna.se\/molndal\/files\/2024\/01\/jenny-colour-261x300.jpg 261w, https:\/\/wp.kristdemokraterna.se\/molndal\/files\/2024\/01\/jenny-colour-301x346.jpg 301w, https:\/\/wp.kristdemokraterna.se\/molndal\/files\/2024\/01\/jenny-colour-97x112.jpg 97w\" sizes=\"auto, (max-width: 764px) 100vw, 764px\" \/><\/a><\/div>\n<div class=\"\"><strong>Namn:<\/strong> Jenny Holf<\/div>\n<div class=\"\"><strong>F\u00f6dd:<\/strong> 1983<\/div>\n<div class=\"\"><strong>Familj:<\/strong> 2 barn<\/div>\n<div class=\"\"><strong>Jobbar med:<\/strong> HR<\/div>\n<div class=\"\"><strong>Favoritsyssels\u00e4ttning(ar):<\/strong> renovera, bygga, sy, inreda, l\u00f6sa problem, planera och strukturera<\/div>\n<div class=\"\"><strong>Detta g\u00f6r mig glad:<\/strong> Barnens leenden, deras stolthet n\u00e4r de l\u00e4rt sig bem\u00e4stra n\u00e5got, solen om v\u00e5ren, levande ljus under de m\u00f6rka m\u00e5naderna, k\u00e4nslan av att avsluta ett l\u00e4ngre projekt, doften av reng\u00f6ringsmedel i hemmet, en l\u00e4ngre promenad i vacker natur.<\/div>\n<div class=\"\"><strong>G\u00f6r jag helst en fredagskv\u00e4ll:<\/strong> n\u00e5got kreativt s\u00e5som att sy kl\u00e4der till barnen, bygga ett skrivbord eller m\u00e5la en v\u00e4gg. Jag tycker \u00e4ven om att st\u00e4da och n\u00e4r det \u00e4r s\u00e4song f\u00f6r P\u00e5 Sp\u00e5ret f\u00e5r TV:n st\u00e5 p\u00e5.<\/div>\n<div class=\"\"><strong>Jag brinner f\u00f6r:<\/strong> att skapa synergi d\u00e4r det, vid f\u00f6rsta anblick, inte verkar finnas n\u00e5gon. Att l\u00e4gga energi p\u00e5 de saker som ger konkreta resultat och eliminera de som inte g\u00f6r det.<\/div>\n<div class=\"\"><strong>Varf\u00f6r jag \u00e4r engagerad i KD:<\/strong> Ensam \u00e4r inte stark, samtidigt som det, f\u00f6r individen, \u00e4r t\u00e4rande inom de sn\u00e4va ramar som utg\u00f6r ett st\u00f6rre kollektiv. I den mindre, sociala, kontexten kan individen utr\u00e4tta storverk, k\u00e4nna trygghet, uttrycka sina egna behov och leva efter sina egna premisser. Som kristdemokrat v\u00e4rnar jag de grupper som \u00e4r n\u00e4rmast individen, s\u00e5som familjen, f\u00f6reningar, v\u00e4nskapskretsar, grannskap och skolklasser. Staten ska s\u00e4kra m\u00e4nniskors trygghet, vara deras skyddsn\u00e4t och skydda dess frihet. Saker som inte faller inom de ramarna h\u00f6r en fri marknad till.<\/div>\n<div class=\"\"><strong>Skulle jag vilja se mer av:<\/strong> acceptans inf\u00f6r det faktum att vi alla \u00e4r olika och att vi alla har r\u00e4tt att s\u00e4tta egna premisser. Det \u00e4r en om\u00f6jlighet f\u00f6r en individ att \u00e4lska, eller tycka om, alla men en sj\u00e4lvklarhet att vara respektfull. Min \u00f6nskan \u00e4r \u00e4ven att fler tar ansvar f\u00f6r det samh\u00e4lle vi har byggt upp. V\u00e5ra system kommer med b\u00e5de r\u00e4ttigheter och skyldigheter. Det \u00e4r av yttersta vikt att vi v\u00e4rnar v\u00e5ra demokratiska grundprinciper, framf\u00f6rallt r\u00e4tten till debatt och yttrandefriheten.<\/div>\n<div class=\"\"><\/div>\n","protected":false},"excerpt":{"rendered":"<p>Namn: Jenny Holf F\u00f6dd: 1983 Familj: 2 barn Jobbar med: HR Favoritsyssels\u00e4ttning(ar): renovera, bygga, sy, inreda, l\u00f6sa problem, planera och strukturera Detta g\u00f6r mig glad: Barnens leenden, deras stolthet n\u00e4r de l\u00e4rt sig bem\u00e4stra n\u00e5got, solen om v\u00e5ren, levande ljus under de m\u00f6rka m\u00e5naderna, k\u00e4nslan av att avsluta ett l\u00e4ngre projekt, doften av reng\u00f6ringsmedel i <a class=\"read-more-link\" href=\"https:\/\/wp.kristdemokraterna.se\/molndal\/jenny-holf\/\">Read More<\/a><\/p>\n","protected":false},"author":519,"featured_media":0,"parent":0,"menu_order":0,"comment_status":"closed","ping_status":"closed","template":"","meta":{"_acf_changed":false,"footnotes":""},"class_list":["post-1167","page","type-page","status-publish","hentry"],"acf":[],"yoast_head":"<!-- This site is optimized with the Yoast SEO plugin v27.4 - https:\/\/yoast.com\/product\/yoast-seo-wordpress\/ -->\n<title>Jenny Holf - M\u00f6lndal<\/title>\n<meta name=\"robots\" content=\"index, follow, max-snippet:-1, max-image-preview:large, max-video-preview:-1\" \/>\n<link rel=\"canonical\" href=\"https:\/\/wp.kristdemokraterna.se\/molndal\/jenny-holf\/\" \/>\n<meta property=\"og:locale\" content=\"sv_SE\" \/>\n<meta property=\"og:type\" content=\"article\" \/>\n<meta property=\"og:title\" content=\"Jenny Holf - M\u00f6lndal\" \/>\n<meta property=\"og:description\" content=\"Namn: Jenny Holf F\u00f6dd: 1983 Familj: 2 barn Jobbar med: HR Favoritsyssels\u00e4ttning(ar): renovera, bygga, sy, inreda, l\u00f6sa problem, planera och strukturera Detta g\u00f6r mig glad: Barnens leenden, deras stolthet n\u00e4r de l\u00e4rt sig bem\u00e4stra n\u00e5got, solen om v\u00e5ren, levande ljus under de m\u00f6rka m\u00e5naderna, k\u00e4nslan av att avsluta ett l\u00e4ngre projekt, doften av reng\u00f6ringsmedel i Read More\" \/>\n<meta property=\"og:url\" content=\"https:\/\/wp.kristdemokraterna.se\/molndal\/jenny-holf\/\" \/>\n<meta property=\"og:site_name\" content=\"M\u00f6lndal\" \/>\n<meta property=\"article:modified_time\" content=\"2024-01-04T17:31:35+00:00\" \/>\n<meta property=\"og:image\" content=\"http:\/\/wp.kristdemokraterna.se\/molndal\/files\/2024\/01\/jenny-colour.jpg\" \/>\n<meta name=\"twitter:card\" content=\"summary_large_image\" \/>\n<meta name=\"twitter:label1\" content=\"Ber\u00e4knad l\u00e4stid\" \/>\n\t<meta name=\"twitter:data1\" content=\"2 minuter\" \/>\n<script type=\"application\/ld+json\" class=\"yoast-schema-graph\">{\"@context\":\"https:\\\/\\\/schema.org\",\"@graph\":[{\"@type\":\"WebPage\",\"@id\":\"https:\\\/\\\/wp.kristdemokraterna.se\\\/molndal\\\/jenny-holf\\\/\",\"url\":\"https:\\\/\\\/wp.kristdemokraterna.se\\\/molndal\\\/jenny-holf\\\/\",\"name\":\"Jenny Holf - M\u00f6lndal\",\"isPartOf\":{\"@id\":\"https:\\\/\\\/wp.kristdemokraterna.se\\\/molndal\\\/#website\"},\"primaryImageOfPage\":{\"@id\":\"https:\\\/\\\/wp.kristdemokraterna.se\\\/molndal\\\/jenny-holf\\\/#primaryimage\"},\"image\":{\"@id\":\"https:\\\/\\\/wp.kristdemokraterna.se\\\/molndal\\\/jenny-holf\\\/#primaryimage\"},\"thumbnailUrl\":\"http:\\\/\\\/wp.kristdemokraterna.se\\\/molndal\\\/files\\\/2024\\\/01\\\/jenny-colour.jpg\",\"datePublished\":\"2024-01-04T17:11:02+00:00\",\"dateModified\":\"2024-01-04T17:31:35+00:00\",\"breadcrumb\":{\"@id\":\"https:\\\/\\\/wp.kristdemokraterna.se\\\/molndal\\\/jenny-holf\\\/#breadcrumb\"},\"inLanguage\":\"sv-SE\",\"potentialAction\":[{\"@type\":\"ReadAction\",\"target\":[\"https:\\\/\\\/wp.kristdemokraterna.se\\\/molndal\\\/jenny-holf\\\/\"]}]},{\"@type\":\"ImageObject\",\"inLanguage\":\"sv-SE\",\"@id\":\"https:\\\/\\\/wp.kristdemokraterna.se\\\/molndal\\\/jenny-holf\\\/#primaryimage\",\"url\":\"http:\\\/\\\/wp.kristdemokraterna.se\\\/molndal\\\/files\\\/2024\\\/01\\\/jenny-colour.jpg\",\"contentUrl\":\"http:\\\/\\\/wp.kristdemokraterna.se\\\/molndal\\\/files\\\/2024\\\/01\\\/jenny-colour.jpg\"},{\"@type\":\"BreadcrumbList\",\"@id\":\"https:\\\/\\\/wp.kristdemokraterna.se\\\/molndal\\\/jenny-holf\\\/#breadcrumb\",\"itemListElement\":[{\"@type\":\"ListItem\",\"position\":1,\"name\":\"Hem\",\"item\":\"https:\\\/\\\/wp.kristdemokraterna.se\\\/molndal\\\/\"},{\"@type\":\"ListItem\",\"position\":2,\"name\":\"Jenny Holf\"}]},{\"@type\":\"WebSite\",\"@id\":\"https:\\\/\\\/wp.kristdemokraterna.se\\\/molndal\\\/#website\",\"url\":\"https:\\\/\\\/wp.kristdemokraterna.se\\\/molndal\\\/\",\"name\":\"M\u00f6lndal\",\"description\":\"\",\"inLanguage\":\"sv-SE\"}]}<\/script>\n<!-- \/ Yoast SEO plugin. -->","yoast_head_json":{"title":"Jenny Holf - M\u00f6lndal","robots":{"index":"index","follow":"follow","max-snippet":"max-snippet:-1","max-image-preview":"max-image-preview:large","max-video-preview":"max-video-preview:-1"},"canonical":"https:\/\/wp.kristdemokraterna.se\/molndal\/jenny-holf\/","og_locale":"sv_SE","og_type":"article","og_title":"Jenny Holf - M\u00f6lndal","og_description":"Namn: Jenny Holf F\u00f6dd: 1983 Familj: 2 barn Jobbar med: HR Favoritsyssels\u00e4ttning(ar): renovera, bygga, sy, inreda, l\u00f6sa problem, planera och strukturera Detta g\u00f6r mig glad: Barnens leenden, deras stolthet n\u00e4r de l\u00e4rt sig bem\u00e4stra n\u00e5got, solen om v\u00e5ren, levande ljus under de m\u00f6rka m\u00e5naderna, k\u00e4nslan av att avsluta ett l\u00e4ngre projekt, doften av reng\u00f6ringsmedel i Read More","og_url":"https:\/\/wp.kristdemokraterna.se\/molndal\/jenny-holf\/","og_site_name":"M\u00f6lndal","article_modified_time":"2024-01-04T17:31:35+00:00","og_image":[{"url":"http:\/\/wp.kristdemokraterna.se\/molndal\/files\/2024\/01\/jenny-colour.jpg","type":"","width":"","height":""}],"twitter_card":"summary_large_image","twitter_misc":{"Ber\u00e4knad l\u00e4stid":"2 minuter"},"schema":{"@context":"https:\/\/schema.org","@graph":[{"@type":"WebPage","@id":"https:\/\/wp.kristdemokraterna.se\/molndal\/jenny-holf\/","url":"https:\/\/wp.kristdemokraterna.se\/molndal\/jenny-holf\/","name":"Jenny Holf - M\u00f6lndal","isPartOf":{"@id":"https:\/\/wp.kristdemokraterna.se\/molndal\/#website"},"primaryImageOfPage":{"@id":"https:\/\/wp.kristdemokraterna.se\/molndal\/jenny-holf\/#primaryimage"},"image":{"@id":"https:\/\/wp.kristdemokraterna.se\/molndal\/jenny-holf\/#primaryimage"},"thumbnailUrl":"http:\/\/wp.kristdemokraterna.se\/molndal\/files\/2024\/01\/jenny-colour.jpg","datePublished":"2024-01-04T17:11:02+00:00","dateModified":"2024-01-04T17:31:35+00:00","breadcrumb":{"@id":"https:\/\/wp.kristdemokraterna.se\/molndal\/jenny-holf\/#breadcrumb"},"inLanguage":"sv-SE","potentialAction":[{"@type":"ReadAction","target":["https:\/\/wp.kristdemokraterna.se\/molndal\/jenny-holf\/"]}]},{"@type":"ImageObject","inLanguage":"sv-SE","@id":"https:\/\/wp.kristdemokraterna.se\/molndal\/jenny-holf\/#primaryimage","url":"http:\/\/wp.kristdemokraterna.se\/molndal\/files\/2024\/01\/jenny-colour.jpg","contentUrl":"http:\/\/wp.kristdemokraterna.se\/molndal\/files\/2024\/01\/jenny-colour.jpg"},{"@type":"BreadcrumbList","@id":"https:\/\/wp.kristdemokraterna.se\/molndal\/jenny-holf\/#breadcrumb","itemListElement":[{"@type":"ListItem","position":1,"name":"Hem","item":"https:\/\/wp.kristdemokraterna.se\/molndal\/"},{"@type":"ListItem","position":2,"name":"Jenny Holf"}]},{"@type":"WebSite","@id":"https:\/\/wp.kristdemokraterna.se\/molndal\/#website","url":"https:\/\/wp.kristdemokraterna.se\/molndal\/","name":"M\u00f6lndal","description":"","inLanguage":"sv-SE"}]}},"_links":{"self":[{"href":"https:\/\/wp.kristdemokraterna.se\/molndal\/wp-json\/wp\/v2\/pages\/1167","targetHints":{"allow":["GET"]}}],"collection":[{"href":"https:\/\/wp.kristdemokraterna.se\/molndal\/wp-json\/wp\/v2\/pages"}],"about":[{"href":"https:\/\/wp.kristdemokraterna.se\/molndal\/wp-json\/wp\/v2\/types\/page"}],"author":[{"embeddable":true,"href":"https:\/\/wp.kristdemokraterna.se\/molndal\/wp-json\/wp\/v2\/users\/519"}],"replies":[{"embeddable":true,"href":"https:\/\/wp.kristdemokraterna.se\/molndal\/wp-json\/wp\/v2\/comments?post=1167"}],"version-history":[{"count":4,"href":"https:\/\/wp.kristdemokraterna.se\/molndal\/wp-json\/wp\/v2\/pages\/1167\/revisions"}],"predecessor-version":[{"id":1175,"href":"https:\/\/wp.kristdemokraterna.se\/molndal\/wp-json\/wp\/v2\/pages\/1167\/revisions\/1175"}],"wp:attachment":[{"href":"https:\/\/wp.kristdemokraterna.se\/molndal\/wp-json\/wp\/v2\/media?parent=1167"}],"curies":[{"name":"wp","href":"https:\/\/api.w.org\/{rel}","templated":true}]}}