{"id":154,"date":"2014-08-07T10:30:43","date_gmt":"2014-08-07T08:30:43","guid":{"rendered":"http:\/\/wp.kristdemokraterna.se\/molndal\/?page_id=154"},"modified":"2024-01-30T11:03:56","modified_gmt":"2024-01-30T10:03:56","slug":"vara-politiker","status":"publish","type":"page","link":"https:\/\/wp.kristdemokraterna.se\/molndal\/vara-politiker\/","title":{"rendered":"V\u00e5ra politiker"},"content":{"rendered":"<p style=\"text-align: left\">Klicka p\u00e5 den politiker du vill l\u00e4sa mer om:<\/p>\n<div style=\"overflow: hidden\">\n<div style=\"float: left;margin: 5px 5px 10px 5px\" align=\"center\"><a title=\"Adam F Laur\u00e9n\" href=\"http:\/\/wp.kristdemokraterna.se\/molndal\/adam-f-lauren\/\"><img loading=\"lazy\" decoding=\"async\" class=\"alignnone wp-image-594 \" src=\"http:\/\/wp.kristdemokraterna.se\/molndal\/files\/2014\/09\/img_3900_gra-150x150.jpg\" alt=\"\" width=\"130\" height=\"130\" \/><\/a><\/div>\n<div style=\"float: left\"><strong>Adam F. Laur\u00e9n<\/strong><br \/>\n<em>Ledamot i partiavdelningens styrelse<br \/>\nLedamot i kommunfullm\u00e4ktige<br \/>\nGruppledare f\u00f6r fullm\u00e4ktigegruppen<br \/>\nErs\u00e4ttare i kommunstyrelsen<br \/>\nErs\u00e4ttare i Arbetsutskottet<br \/>\nErs\u00e4ttare i Plan- och exploateringsutskottet<br \/>\nVice ordf\u00f6rande i Lokalstrategiska utskottet<br \/>\nVice ordf\u00f6rande i M\u00f6lndal Energi AB<br \/>\nVice ordf\u00f6rande i M\u00f6lndalsbost\u00e4der AB<br \/>\nErs\u00e4ttare i krisledningsn\u00e4mnden<\/em><\/div>\n<\/div>\n<div><\/div>\n<div style=\"overflow: hidden\">\n<div style=\"float: left;margin: 5px 5px 10px 5px\" align=\"center\"><img loading=\"lazy\" decoding=\"async\" class=\"alignnone wp-image-834 \" src=\"http:\/\/wp.kristdemokraterna.se\/molndal\/files\/2017\/04\/cropped-img_2890-150x150.jpg\" alt=\"\" width=\"130\" height=\"130\" \/><\/div>\n<div style=\"float: left\"><strong>Christina Svensson<\/strong><br \/>\n<em>Ordf\u00f6rande i partiavdelningens styrelse<br \/>\nLedamot i Skoln\u00e4mnden<br \/>\n<\/em><\/div>\n<\/div>\n<div style=\"overflow: hidden\">\n<div style=\"float: left;margin: 5px 5px 10px 5px\" align=\"center\"><a href=\"https:\/\/wp.kristdemokraterna.se\/molndal\/jenny-holf\/\"><img loading=\"lazy\" decoding=\"async\" class=\"alignnone wp-image-1173\" src=\"http:\/\/wp.kristdemokraterna.se\/molndal\/files\/2024\/01\/jenny-gray-150x150.jpg\" alt=\"\" width=\"130\" height=\"130\" \/><\/a><\/div>\n<div style=\"float: left\"><strong>Jenny Holf<\/strong><br \/>\n<em>Ledamot i partiavdelningens styrelse<br \/>\nLedamot i kommunfullm\u00e4ktige<br \/>\nErs\u00e4ttare i kommunstyrelsen<br \/>\nVice ordf\u00f6rande i Arbetsgivar- och organisationsutskottet<br \/>\nErs\u00e4ttare i Sociala h\u00e5llbarhetsutskottet<br \/>\n<\/em><\/div>\n<\/div>\n<div style=\"overflow: hidden\">\n<div style=\"float: left;margin: 5px 5px 10px 5px\" align=\"center\"><a title=\"Peter Nyqvist\" href=\"http:\/\/wp.kristdemokraterna.se\/molndal\/peter-nyqvist\/\"><img loading=\"lazy\" decoding=\"async\" class=\"alignnone wp-image-834 \" src=\"http:\/\/wp.kristdemokraterna.se\/molndal\/files\/2018\/09\/peter-bw-130x130.jpg\" alt=\"\" width=\"130\" height=\"130\" \/><\/a><\/div>\n<div style=\"float: left\"><strong>Peter Nyqvist<\/strong><br \/>\n<em>Vice ordf\u00f6rande i partiavdelningens styrelse<br \/>\nLedamot i kommunfullm\u00e4ktige<br \/>\nLedamot i Tekniska n\u00e4mnden<br \/>\nErs\u00e4ttare i Social- och arbetsmarknadsn\u00e4mnden<br \/>\nLedamot i M\u00f6lndals Parkerings AB<br \/>\n<\/em><\/div>\n<\/div>\n<div style=\"overflow: hidden\">\n<div style=\"float: left;margin: 5px 5px 10px 5px\" align=\"center\"><a title=\"Anders Karlsson\" href=\"http:\/\/wp.kristdemokraterna.se\/molndal\/anders-karlsson\/\"><img loading=\"lazy\" decoding=\"async\" class=\"wp-image-177 alignnone\" src=\"http:\/\/wp.kristdemokraterna.se\/molndal\/files\/2014\/08\/img_3108_anders_ram_svartvit-150x150.jpg\" alt=\"\" width=\"130\" height=\"130\" \/><\/a><\/div>\n<div style=\"float: left\"><strong>Anders Karlsson<\/strong><br \/>\n<em>Ledamot i partiavdelningens styrelse<br \/>\nErs\u00e4ttare i kommunfullm\u00e4ktige<br \/>\nVice ordf\u00f6rande i valn\u00e4mnden<br \/>\nErs\u00e4ttare i Kommunfullm\u00e4ktiges valberedning<br \/>\n<\/em><\/div>\n<\/div>\n<div style=\"overflow: hidden\">\n<div style=\"float: left;margin: 5px 5px 10px 5px\" align=\"center\"><img loading=\"lazy\" decoding=\"async\" class=\"alignnone wp-image-834 \" src=\"http:\/\/wp.kristdemokraterna.se\/molndal\/files\/2017\/04\/cropped-img_2890-150x150.jpg\" alt=\"\" width=\"130\" height=\"130\" \/><\/div>\n<div style=\"float: left\"><strong>Fredrik Adlercreutz<\/strong><br \/>\n<em>Ers\u00e4ttare i kommunfullm\u00e4ktige<br \/>\nVice ordf\u00f6rande i Gunnebo Slott och Tr\u00e4dg\u00e5rdar AB<br \/>\n<\/em><\/div>\n<\/div>\n<div style=\"overflow: hidden\">\n<div style=\"float: left;margin: 5px 5px 10px 5px\" align=\"center\"><img loading=\"lazy\" decoding=\"async\" class=\"alignnone wp-image-834 \" src=\"http:\/\/wp.kristdemokraterna.se\/molndal\/files\/2017\/04\/cropped-img_2890-150x150.jpg\" alt=\"\" width=\"130\" height=\"130\" \/><\/div>\n<div style=\"float: left\"><strong>Jakob Mattsson<\/strong><br \/>\n<em>Ledamot i partiavdelningens styrelse<br \/>\nLedamot i Byggnadsn\u00e4mnden<br \/>\n<\/em><\/div>\n<\/div>\n<div style=\"overflow: hidden\">\n<div style=\"float: left;margin: 5px 5px 10px 5px\" align=\"center\"><img loading=\"lazy\" decoding=\"async\" class=\"alignnone wp-image-834 \" src=\"http:\/\/wp.kristdemokraterna.se\/molndal\/files\/2017\/04\/cropped-img_2890-150x150.jpg\" alt=\"\" width=\"130\" height=\"130\" \/><\/div>\n<div style=\"float: left\"><strong>Paniz Mansouri<\/strong><br \/>\n<em>Ledamot i partiavdelningens styrelse<br \/>\nN\u00e4mndeman vid G\u00f6teborgs tingsr\u00e4tt<br \/>\n<\/em><\/div>\n<\/div>\n<div style=\"overflow: hidden\">\n<div style=\"float: left;margin: 5px 5px 10px 5px\" align=\"center\"><a title=\"Kent Klarenius\" href=\"http:\/\/wp.kristdemokraterna.se\/molndal\/kent-klarenius\/\"><img loading=\"lazy\" decoding=\"async\" class=\"alignnone wp-image-179 \" src=\"http:\/\/wp.kristdemokraterna.se\/molndal\/files\/2014\/08\/img_3077_kent_ram_svartvit-150x150.jpg\" alt=\"\" width=\"130\" height=\"130\" \/><\/a><\/div>\n<div style=\"float: left\"><strong>Kent Klarenius<\/strong><br \/>\n<em>Vice ordf\u00f6rande i M\u00f6lnDala AB<br \/>\n<\/em><\/div>\n<\/div>\n<div style=\"overflow: hidden\">\n<div style=\"float: left;margin: 5px 5px 10px 5px\" align=\"center\"><img loading=\"lazy\" decoding=\"async\" class=\"alignnone wp-image-834 \" src=\"http:\/\/wp.kristdemokraterna.se\/molndal\/files\/2017\/04\/cropped-img_2890-150x150.jpg\" alt=\"\" width=\"130\" height=\"130\" \/><\/div>\n<div style=\"float: left\"><strong>Joachim Holst<\/strong><br \/>\n<em>Ledamot i Kultur- och fritidsn\u00e4mnden<br \/>\n<\/em><\/div>\n<\/div>\n<div style=\"overflow: hidden\">\n<div style=\"float: left;margin: 5px 5px 10px 5px\" align=\"center\"><img loading=\"lazy\" decoding=\"async\" class=\"alignnone wp-image-834 \" src=\"http:\/\/wp.kristdemokraterna.se\/molndal\/files\/2017\/04\/cropped-img_2890-150x150.jpg\" alt=\"\" width=\"130\" height=\"130\" \/><\/div>\n<div style=\"float: left\"><strong>Ulla Gustafsson<\/strong><br \/>\n<em>Ledamot i V\u00e5rd- och omsorgsn\u00e4mnden<br \/>\n<\/em><\/div>\n<\/div>\n<div style=\"overflow: hidden\">\n<div style=\"float: left;margin: 5px 5px 10px 5px\" align=\"center\"><img loading=\"lazy\" decoding=\"async\" class=\"alignnone wp-image-834 \" src=\"http:\/\/wp.kristdemokraterna.se\/molndal\/files\/2017\/04\/cropped-img_2890-150x150.jpg\" alt=\"\" width=\"130\" height=\"130\" \/><\/div>\n<div style=\"float: left\"><strong>Lars Karlsson<\/strong><br \/>\n<em>N\u00e4mndeman vid G\u00f6teborgs tingsr\u00e4tt<br \/>\n<\/em><\/div>\n<\/div>\n","protected":false},"excerpt":{"rendered":"<p>Klicka p\u00e5 den politiker du vill l\u00e4sa mer om: Adam F. Laur\u00e9n Ledamot i partiavdelningens styrelse Ledamot i kommunfullm\u00e4ktige Gruppledare f\u00f6r fullm\u00e4ktigegruppen Ers\u00e4ttare i kommunstyrelsen Ers\u00e4ttare i Arbetsutskottet Ers\u00e4ttare i Plan- och exploateringsutskottet Vice ordf\u00f6rande i Lokalstrategiska utskottet Vice ordf\u00f6rande i M\u00f6lndal Energi AB Vice ordf\u00f6rande i M\u00f6lndalsbost\u00e4der AB Ers\u00e4ttare i krisledningsn\u00e4mnden Christina Svensson Ordf\u00f6rande <a class=\"read-more-link\" href=\"https:\/\/wp.kristdemokraterna.se\/molndal\/vara-politiker\/\">Read More<\/a><\/p>\n","protected":false},"author":519,"featured_media":0,"parent":0,"menu_order":0,"comment_status":"closed","ping_status":"closed","template":"","meta":{"_acf_changed":false,"footnotes":""},"class_list":["post-154","page","type-page","status-publish","hentry"],"acf":[],"yoast_head":"<!-- This site is optimized with the Yoast SEO plugin v27.4 - https:\/\/yoast.com\/product\/yoast-seo-wordpress\/ -->\n<title>V\u00e5ra politiker - M\u00f6lndal<\/title>\n<meta name=\"robots\" content=\"index, follow, max-snippet:-1, max-image-preview:large, max-video-preview:-1\" \/>\n<link rel=\"canonical\" href=\"https:\/\/wp.kristdemokraterna.se\/molndal\/vara-politiker\/\" \/>\n<meta property=\"og:locale\" content=\"sv_SE\" \/>\n<meta property=\"og:type\" content=\"article\" \/>\n<meta property=\"og:title\" content=\"V\u00e5ra politiker - M\u00f6lndal\" \/>\n<meta property=\"og:description\" content=\"Klicka p\u00e5 den politiker du vill l\u00e4sa mer om: Adam F. Laur\u00e9n Ledamot i partiavdelningens styrelse Ledamot i kommunfullm\u00e4ktige Gruppledare f\u00f6r fullm\u00e4ktigegruppen Ers\u00e4ttare i kommunstyrelsen Ers\u00e4ttare i Arbetsutskottet Ers\u00e4ttare i Plan- och exploateringsutskottet Vice ordf\u00f6rande i Lokalstrategiska utskottet Vice ordf\u00f6rande i M\u00f6lndal Energi AB Vice ordf\u00f6rande i M\u00f6lndalsbost\u00e4der AB Ers\u00e4ttare i krisledningsn\u00e4mnden Christina Svensson Ordf\u00f6rande Read More\" \/>\n<meta property=\"og:url\" content=\"https:\/\/wp.kristdemokraterna.se\/molndal\/vara-politiker\/\" \/>\n<meta property=\"og:site_name\" content=\"M\u00f6lndal\" \/>\n<meta property=\"article:modified_time\" content=\"2024-01-30T10:03:56+00:00\" \/>\n<meta property=\"og:image\" content=\"http:\/\/wp.kristdemokraterna.se\/molndal\/files\/2014\/09\/img_3900_gra-150x150.jpg\" \/>\n<meta name=\"twitter:card\" content=\"summary_large_image\" \/>\n<meta name=\"twitter:label1\" content=\"Ber\u00e4knad l\u00e4stid\" \/>\n\t<meta name=\"twitter:data1\" content=\"4 minuter\" \/>\n<script type=\"application\/ld+json\" class=\"yoast-schema-graph\">{\"@context\":\"https:\\\/\\\/schema.org\",\"@graph\":[{\"@type\":\"WebPage\",\"@id\":\"https:\\\/\\\/wp.kristdemokraterna.se\\\/molndal\\\/vara-politiker\\\/\",\"url\":\"https:\\\/\\\/wp.kristdemokraterna.se\\\/molndal\\\/vara-politiker\\\/\",\"name\":\"V\u00e5ra politiker - M\u00f6lndal\",\"isPartOf\":{\"@id\":\"https:\\\/\\\/wp.kristdemokraterna.se\\\/molndal\\\/#website\"},\"primaryImageOfPage\":{\"@id\":\"https:\\\/\\\/wp.kristdemokraterna.se\\\/molndal\\\/vara-politiker\\\/#primaryimage\"},\"image\":{\"@id\":\"https:\\\/\\\/wp.kristdemokraterna.se\\\/molndal\\\/vara-politiker\\\/#primaryimage\"},\"thumbnailUrl\":\"http:\\\/\\\/wp.kristdemokraterna.se\\\/molndal\\\/files\\\/2014\\\/09\\\/img_3900_gra-150x150.jpg\",\"datePublished\":\"2014-08-07T08:30:43+00:00\",\"dateModified\":\"2024-01-30T10:03:56+00:00\",\"breadcrumb\":{\"@id\":\"https:\\\/\\\/wp.kristdemokraterna.se\\\/molndal\\\/vara-politiker\\\/#breadcrumb\"},\"inLanguage\":\"sv-SE\",\"potentialAction\":[{\"@type\":\"ReadAction\",\"target\":[\"https:\\\/\\\/wp.kristdemokraterna.se\\\/molndal\\\/vara-politiker\\\/\"]}]},{\"@type\":\"ImageObject\",\"inLanguage\":\"sv-SE\",\"@id\":\"https:\\\/\\\/wp.kristdemokraterna.se\\\/molndal\\\/vara-politiker\\\/#primaryimage\",\"url\":\"http:\\\/\\\/wp.kristdemokraterna.se\\\/molndal\\\/files\\\/2014\\\/09\\\/img_3900_gra-150x150.jpg\",\"contentUrl\":\"http:\\\/\\\/wp.kristdemokraterna.se\\\/molndal\\\/files\\\/2014\\\/09\\\/img_3900_gra-150x150.jpg\"},{\"@type\":\"BreadcrumbList\",\"@id\":\"https:\\\/\\\/wp.kristdemokraterna.se\\\/molndal\\\/vara-politiker\\\/#breadcrumb\",\"itemListElement\":[{\"@type\":\"ListItem\",\"position\":1,\"name\":\"Hem\",\"item\":\"https:\\\/\\\/wp.kristdemokraterna.se\\\/molndal\\\/\"},{\"@type\":\"ListItem\",\"position\":2,\"name\":\"V\u00e5ra politiker\"}]},{\"@type\":\"WebSite\",\"@id\":\"https:\\\/\\\/wp.kristdemokraterna.se\\\/molndal\\\/#website\",\"url\":\"https:\\\/\\\/wp.kristdemokraterna.se\\\/molndal\\\/\",\"name\":\"M\u00f6lndal\",\"description\":\"\",\"inLanguage\":\"sv-SE\"}]}<\/script>\n<!-- \/ Yoast SEO plugin. -->","yoast_head_json":{"title":"V\u00e5ra politiker - M\u00f6lndal","robots":{"index":"index","follow":"follow","max-snippet":"max-snippet:-1","max-image-preview":"max-image-preview:large","max-video-preview":"max-video-preview:-1"},"canonical":"https:\/\/wp.kristdemokraterna.se\/molndal\/vara-politiker\/","og_locale":"sv_SE","og_type":"article","og_title":"V\u00e5ra politiker - M\u00f6lndal","og_description":"Klicka p\u00e5 den politiker du vill l\u00e4sa mer om: Adam F. Laur\u00e9n Ledamot i partiavdelningens styrelse Ledamot i kommunfullm\u00e4ktige Gruppledare f\u00f6r fullm\u00e4ktigegruppen Ers\u00e4ttare i kommunstyrelsen Ers\u00e4ttare i Arbetsutskottet Ers\u00e4ttare i Plan- och exploateringsutskottet Vice ordf\u00f6rande i Lokalstrategiska utskottet Vice ordf\u00f6rande i M\u00f6lndal Energi AB Vice ordf\u00f6rande i M\u00f6lndalsbost\u00e4der AB Ers\u00e4ttare i krisledningsn\u00e4mnden Christina Svensson Ordf\u00f6rande Read More","og_url":"https:\/\/wp.kristdemokraterna.se\/molndal\/vara-politiker\/","og_site_name":"M\u00f6lndal","article_modified_time":"2024-01-30T10:03:56+00:00","og_image":[{"url":"http:\/\/wp.kristdemokraterna.se\/molndal\/files\/2014\/09\/img_3900_gra-150x150.jpg","type":"","width":"","height":""}],"twitter_card":"summary_large_image","twitter_misc":{"Ber\u00e4knad l\u00e4stid":"4 minuter"},"schema":{"@context":"https:\/\/schema.org","@graph":[{"@type":"WebPage","@id":"https:\/\/wp.kristdemokraterna.se\/molndal\/vara-politiker\/","url":"https:\/\/wp.kristdemokraterna.se\/molndal\/vara-politiker\/","name":"V\u00e5ra politiker - M\u00f6lndal","isPartOf":{"@id":"https:\/\/wp.kristdemokraterna.se\/molndal\/#website"},"primaryImageOfPage":{"@id":"https:\/\/wp.kristdemokraterna.se\/molndal\/vara-politiker\/#primaryimage"},"image":{"@id":"https:\/\/wp.kristdemokraterna.se\/molndal\/vara-politiker\/#primaryimage"},"thumbnailUrl":"http:\/\/wp.kristdemokraterna.se\/molndal\/files\/2014\/09\/img_3900_gra-150x150.jpg","datePublished":"2014-08-07T08:30:43+00:00","dateModified":"2024-01-30T10:03:56+00:00","breadcrumb":{"@id":"https:\/\/wp.kristdemokraterna.se\/molndal\/vara-politiker\/#breadcrumb"},"inLanguage":"sv-SE","potentialAction":[{"@type":"ReadAction","target":["https:\/\/wp.kristdemokraterna.se\/molndal\/vara-politiker\/"]}]},{"@type":"ImageObject","inLanguage":"sv-SE","@id":"https:\/\/wp.kristdemokraterna.se\/molndal\/vara-politiker\/#primaryimage","url":"http:\/\/wp.kristdemokraterna.se\/molndal\/files\/2014\/09\/img_3900_gra-150x150.jpg","contentUrl":"http:\/\/wp.kristdemokraterna.se\/molndal\/files\/2014\/09\/img_3900_gra-150x150.jpg"},{"@type":"BreadcrumbList","@id":"https:\/\/wp.kristdemokraterna.se\/molndal\/vara-politiker\/#breadcrumb","itemListElement":[{"@type":"ListItem","position":1,"name":"Hem","item":"https:\/\/wp.kristdemokraterna.se\/molndal\/"},{"@type":"ListItem","position":2,"name":"V\u00e5ra politiker"}]},{"@type":"WebSite","@id":"https:\/\/wp.kristdemokraterna.se\/molndal\/#website","url":"https:\/\/wp.kristdemokraterna.se\/molndal\/","name":"M\u00f6lndal","description":"","inLanguage":"sv-SE"}]}},"_links":{"self":[{"href":"https:\/\/wp.kristdemokraterna.se\/molndal\/wp-json\/wp\/v2\/pages\/154","targetHints":{"allow":["GET"]}}],"collection":[{"href":"https:\/\/wp.kristdemokraterna.se\/molndal\/wp-json\/wp\/v2\/pages"}],"about":[{"href":"https:\/\/wp.kristdemokraterna.se\/molndal\/wp-json\/wp\/v2\/types\/page"}],"author":[{"embeddable":true,"href":"https:\/\/wp.kristdemokraterna.se\/molndal\/wp-json\/wp\/v2\/users\/519"}],"replies":[{"embeddable":true,"href":"https:\/\/wp.kristdemokraterna.se\/molndal\/wp-json\/wp\/v2\/comments?post=154"}],"version-history":[{"count":41,"href":"https:\/\/wp.kristdemokraterna.se\/molndal\/wp-json\/wp\/v2\/pages\/154\/revisions"}],"predecessor-version":[{"id":1190,"href":"https:\/\/wp.kristdemokraterna.se\/molndal\/wp-json\/wp\/v2\/pages\/154\/revisions\/1190"}],"wp:attachment":[{"href":"https:\/\/wp.kristdemokraterna.se\/molndal\/wp-json\/wp\/v2\/media?parent=154"}],"curies":[{"name":"wp","href":"https:\/\/api.w.org\/{rel}","templated":true}]}}