{"id":182,"date":"2014-08-09T11:45:11","date_gmt":"2014-08-09T09:45:11","guid":{"rendered":"http:\/\/wp.kristdemokraterna.se\/molndal\/?page_id=182"},"modified":"2024-01-12T10:39:44","modified_gmt":"2024-01-12T09:39:44","slug":"kent-klarenius","status":"publish","type":"page","link":"https:\/\/wp.kristdemokraterna.se\/molndal\/kent-klarenius\/","title":{"rendered":"Kent Klarenius"},"content":{"rendered":"<p><img loading=\"lazy\" decoding=\"async\" class=\"alignleft wp-image-162 \" src=\"http:\/\/wp.kristdemokraterna.se\/molndal\/files\/2014\/08\/img_3077_kent_ram-1024x750.jpg\" alt=\"IMG_3077_kent_ram\" width=\"511\" height=\"378\" \/><\/p>\n<p><strong>Namn:<\/strong> Kent Klarenius<br \/>\n<strong>\u00c5lder: <\/strong>68 \u00e5r<br \/>\n<strong>Jobbar med:<\/strong> Ordf\u00f6rande i Kristdemokraterna M\u00f6lndal samt nybliven pension\u00e4r. Dessf\u00f6rinnan jobbade jag som controller och fastighetsansvarig.<br \/>\n<strong>Favoritsyssels\u00e4ttning:<\/strong> Konst, musik och motion. Jag har bes\u00f6kt m\u00e5nga konstmuseer, framf\u00f6r allt i Europa. Dessutom \u00e4r det mycket trevligt att \u00e5ka runt p\u00e5 de regionala konstronderna. Jag har upplevt ett hundratal olika musikaler och operaf\u00f6rest\u00e4llningar under \u00e5rens lopp. Joggingrundor blir det ganska regelbundet, \u00e4ven om jag har slutat att springa olika lopp. N\u00e5gra golfrundor hinner jag ocks\u00e5 med.<br \/>\n<strong>Detta g\u00f6r mig glad:<\/strong> Mina barnbarn<br \/>\n<strong>G\u00f6r jag helst en fredagskv\u00e4ll: <\/strong>Tittar p\u00e5 TV. Om det s\u00e4nds n\u00e5got bra.<\/p>\n<p><a title=\"V\u00e5ra politiker\" href=\"http:\/\/wp.kristdemokraterna.se\/molndal\/vara-politiker\/\">&lt;&lt; tillbaka<\/a><\/p>\n","protected":false},"excerpt":{"rendered":"<p>Namn: Kent Klarenius \u00c5lder: 68 \u00e5r Jobbar med: Ordf\u00f6rande i Kristdemokraterna M\u00f6lndal samt nybliven pension\u00e4r. Dessf\u00f6rinnan jobbade jag som controller och fastighetsansvarig. Favoritsyssels\u00e4ttning: Konst, musik och motion. Jag har bes\u00f6kt m\u00e5nga konstmuseer, framf\u00f6r allt i Europa. Dessutom \u00e4r det mycket trevligt att \u00e5ka runt p\u00e5 de regionala konstronderna. Jag har upplevt ett hundratal olika musikaler <a class=\"read-more-link\" href=\"https:\/\/wp.kristdemokraterna.se\/molndal\/kent-klarenius\/\">Read More<\/a><\/p>\n","protected":false},"author":519,"featured_media":0,"parent":0,"menu_order":0,"comment_status":"closed","ping_status":"closed","template":"","meta":{"_acf_changed":false,"footnotes":""},"class_list":["post-182","page","type-page","status-publish","hentry"],"acf":[],"yoast_head":"<!-- This site is optimized with the Yoast SEO plugin v27.4 - https:\/\/yoast.com\/product\/yoast-seo-wordpress\/ -->\n<title>Kent Klarenius - M\u00f6lndal<\/title>\n<meta name=\"robots\" content=\"index, follow, max-snippet:-1, max-image-preview:large, max-video-preview:-1\" \/>\n<link rel=\"canonical\" href=\"https:\/\/wp.kristdemokraterna.se\/molndal\/kent-klarenius\/\" \/>\n<meta property=\"og:locale\" content=\"sv_SE\" \/>\n<meta property=\"og:type\" content=\"article\" \/>\n<meta property=\"og:title\" content=\"Kent Klarenius - M\u00f6lndal\" \/>\n<meta property=\"og:description\" content=\"Namn: Kent Klarenius \u00c5lder: 68 \u00e5r Jobbar med: Ordf\u00f6rande i Kristdemokraterna M\u00f6lndal samt nybliven pension\u00e4r. Dessf\u00f6rinnan jobbade jag som controller och fastighetsansvarig. Favoritsyssels\u00e4ttning: Konst, musik och motion. Jag har bes\u00f6kt m\u00e5nga konstmuseer, framf\u00f6r allt i Europa. Dessutom \u00e4r det mycket trevligt att \u00e5ka runt p\u00e5 de regionala konstronderna. Jag har upplevt ett hundratal olika musikaler Read More\" \/>\n<meta property=\"og:url\" content=\"https:\/\/wp.kristdemokraterna.se\/molndal\/kent-klarenius\/\" \/>\n<meta property=\"og:site_name\" content=\"M\u00f6lndal\" \/>\n<meta property=\"article:modified_time\" content=\"2024-01-12T09:39:44+00:00\" \/>\n<meta property=\"og:image\" content=\"http:\/\/wp.kristdemokraterna.se\/molndal\/files\/2014\/08\/img_3077_kent_ram-1024x750.jpg\" \/>\n<meta name=\"twitter:card\" content=\"summary_large_image\" \/>\n<meta name=\"twitter:label1\" content=\"Ber\u00e4knad l\u00e4stid\" \/>\n\t<meta name=\"twitter:data1\" content=\"1 minut\" \/>\n<script type=\"application\/ld+json\" class=\"yoast-schema-graph\">{\"@context\":\"https:\\\/\\\/schema.org\",\"@graph\":[{\"@type\":\"WebPage\",\"@id\":\"https:\\\/\\\/wp.kristdemokraterna.se\\\/molndal\\\/kent-klarenius\\\/\",\"url\":\"https:\\\/\\\/wp.kristdemokraterna.se\\\/molndal\\\/kent-klarenius\\\/\",\"name\":\"Kent Klarenius - M\u00f6lndal\",\"isPartOf\":{\"@id\":\"https:\\\/\\\/wp.kristdemokraterna.se\\\/molndal\\\/#website\"},\"primaryImageOfPage\":{\"@id\":\"https:\\\/\\\/wp.kristdemokraterna.se\\\/molndal\\\/kent-klarenius\\\/#primaryimage\"},\"image\":{\"@id\":\"https:\\\/\\\/wp.kristdemokraterna.se\\\/molndal\\\/kent-klarenius\\\/#primaryimage\"},\"thumbnailUrl\":\"http:\\\/\\\/wp.kristdemokraterna.se\\\/molndal\\\/files\\\/2014\\\/08\\\/img_3077_kent_ram-1024x750.jpg\",\"datePublished\":\"2014-08-09T09:45:11+00:00\",\"dateModified\":\"2024-01-12T09:39:44+00:00\",\"breadcrumb\":{\"@id\":\"https:\\\/\\\/wp.kristdemokraterna.se\\\/molndal\\\/kent-klarenius\\\/#breadcrumb\"},\"inLanguage\":\"sv-SE\",\"potentialAction\":[{\"@type\":\"ReadAction\",\"target\":[\"https:\\\/\\\/wp.kristdemokraterna.se\\\/molndal\\\/kent-klarenius\\\/\"]}]},{\"@type\":\"ImageObject\",\"inLanguage\":\"sv-SE\",\"@id\":\"https:\\\/\\\/wp.kristdemokraterna.se\\\/molndal\\\/kent-klarenius\\\/#primaryimage\",\"url\":\"http:\\\/\\\/wp.kristdemokraterna.se\\\/molndal\\\/files\\\/2014\\\/08\\\/img_3077_kent_ram-1024x750.jpg\",\"contentUrl\":\"http:\\\/\\\/wp.kristdemokraterna.se\\\/molndal\\\/files\\\/2014\\\/08\\\/img_3077_kent_ram-1024x750.jpg\"},{\"@type\":\"BreadcrumbList\",\"@id\":\"https:\\\/\\\/wp.kristdemokraterna.se\\\/molndal\\\/kent-klarenius\\\/#breadcrumb\",\"itemListElement\":[{\"@type\":\"ListItem\",\"position\":1,\"name\":\"Hem\",\"item\":\"https:\\\/\\\/wp.kristdemokraterna.se\\\/molndal\\\/\"},{\"@type\":\"ListItem\",\"position\":2,\"name\":\"Kent Klarenius\"}]},{\"@type\":\"WebSite\",\"@id\":\"https:\\\/\\\/wp.kristdemokraterna.se\\\/molndal\\\/#website\",\"url\":\"https:\\\/\\\/wp.kristdemokraterna.se\\\/molndal\\\/\",\"name\":\"M\u00f6lndal\",\"description\":\"\",\"inLanguage\":\"sv-SE\"}]}<\/script>\n<!-- \/ Yoast SEO plugin. -->","yoast_head_json":{"title":"Kent Klarenius - M\u00f6lndal","robots":{"index":"index","follow":"follow","max-snippet":"max-snippet:-1","max-image-preview":"max-image-preview:large","max-video-preview":"max-video-preview:-1"},"canonical":"https:\/\/wp.kristdemokraterna.se\/molndal\/kent-klarenius\/","og_locale":"sv_SE","og_type":"article","og_title":"Kent Klarenius - M\u00f6lndal","og_description":"Namn: Kent Klarenius \u00c5lder: 68 \u00e5r Jobbar med: Ordf\u00f6rande i Kristdemokraterna M\u00f6lndal samt nybliven pension\u00e4r. Dessf\u00f6rinnan jobbade jag som controller och fastighetsansvarig. Favoritsyssels\u00e4ttning: Konst, musik och motion. Jag har bes\u00f6kt m\u00e5nga konstmuseer, framf\u00f6r allt i Europa. Dessutom \u00e4r det mycket trevligt att \u00e5ka runt p\u00e5 de regionala konstronderna. Jag har upplevt ett hundratal olika musikaler Read More","og_url":"https:\/\/wp.kristdemokraterna.se\/molndal\/kent-klarenius\/","og_site_name":"M\u00f6lndal","article_modified_time":"2024-01-12T09:39:44+00:00","og_image":[{"url":"http:\/\/wp.kristdemokraterna.se\/molndal\/files\/2014\/08\/img_3077_kent_ram-1024x750.jpg","type":"","width":"","height":""}],"twitter_card":"summary_large_image","twitter_misc":{"Ber\u00e4knad l\u00e4stid":"1 minut"},"schema":{"@context":"https:\/\/schema.org","@graph":[{"@type":"WebPage","@id":"https:\/\/wp.kristdemokraterna.se\/molndal\/kent-klarenius\/","url":"https:\/\/wp.kristdemokraterna.se\/molndal\/kent-klarenius\/","name":"Kent Klarenius - M\u00f6lndal","isPartOf":{"@id":"https:\/\/wp.kristdemokraterna.se\/molndal\/#website"},"primaryImageOfPage":{"@id":"https:\/\/wp.kristdemokraterna.se\/molndal\/kent-klarenius\/#primaryimage"},"image":{"@id":"https:\/\/wp.kristdemokraterna.se\/molndal\/kent-klarenius\/#primaryimage"},"thumbnailUrl":"http:\/\/wp.kristdemokraterna.se\/molndal\/files\/2014\/08\/img_3077_kent_ram-1024x750.jpg","datePublished":"2014-08-09T09:45:11+00:00","dateModified":"2024-01-12T09:39:44+00:00","breadcrumb":{"@id":"https:\/\/wp.kristdemokraterna.se\/molndal\/kent-klarenius\/#breadcrumb"},"inLanguage":"sv-SE","potentialAction":[{"@type":"ReadAction","target":["https:\/\/wp.kristdemokraterna.se\/molndal\/kent-klarenius\/"]}]},{"@type":"ImageObject","inLanguage":"sv-SE","@id":"https:\/\/wp.kristdemokraterna.se\/molndal\/kent-klarenius\/#primaryimage","url":"http:\/\/wp.kristdemokraterna.se\/molndal\/files\/2014\/08\/img_3077_kent_ram-1024x750.jpg","contentUrl":"http:\/\/wp.kristdemokraterna.se\/molndal\/files\/2014\/08\/img_3077_kent_ram-1024x750.jpg"},{"@type":"BreadcrumbList","@id":"https:\/\/wp.kristdemokraterna.se\/molndal\/kent-klarenius\/#breadcrumb","itemListElement":[{"@type":"ListItem","position":1,"name":"Hem","item":"https:\/\/wp.kristdemokraterna.se\/molndal\/"},{"@type":"ListItem","position":2,"name":"Kent Klarenius"}]},{"@type":"WebSite","@id":"https:\/\/wp.kristdemokraterna.se\/molndal\/#website","url":"https:\/\/wp.kristdemokraterna.se\/molndal\/","name":"M\u00f6lndal","description":"","inLanguage":"sv-SE"}]}},"_links":{"self":[{"href":"https:\/\/wp.kristdemokraterna.se\/molndal\/wp-json\/wp\/v2\/pages\/182","targetHints":{"allow":["GET"]}}],"collection":[{"href":"https:\/\/wp.kristdemokraterna.se\/molndal\/wp-json\/wp\/v2\/pages"}],"about":[{"href":"https:\/\/wp.kristdemokraterna.se\/molndal\/wp-json\/wp\/v2\/types\/page"}],"author":[{"embeddable":true,"href":"https:\/\/wp.kristdemokraterna.se\/molndal\/wp-json\/wp\/v2\/users\/519"}],"replies":[{"embeddable":true,"href":"https:\/\/wp.kristdemokraterna.se\/molndal\/wp-json\/wp\/v2\/comments?post=182"}],"version-history":[{"count":12,"href":"https:\/\/wp.kristdemokraterna.se\/molndal\/wp-json\/wp\/v2\/pages\/182\/revisions"}],"predecessor-version":[{"id":1184,"href":"https:\/\/wp.kristdemokraterna.se\/molndal\/wp-json\/wp\/v2\/pages\/182\/revisions\/1184"}],"wp:attachment":[{"href":"https:\/\/wp.kristdemokraterna.se\/molndal\/wp-json\/wp\/v2\/media?parent=182"}],"curies":[{"name":"wp","href":"https:\/\/api.w.org\/{rel}","templated":true}]}}