{"id":207,"date":"2014-08-09T14:43:09","date_gmt":"2014-08-09T12:43:09","guid":{"rendered":"http:\/\/wp.kristdemokraterna.se\/molndal\/?page_id=207"},"modified":"2024-01-12T10:39:18","modified_gmt":"2024-01-12T09:39:18","slug":"anders-karlsson","status":"publish","type":"page","link":"https:\/\/wp.kristdemokraterna.se\/molndal\/anders-karlsson\/","title":{"rendered":"Anders Karlsson"},"content":{"rendered":"<p><img loading=\"lazy\" decoding=\"async\" class=\"alignnone wp-image-161 \" src=\"http:\/\/wp.kristdemokraterna.se\/molndal\/files\/2014\/08\/img_3108_anders_ram-814x1024.jpg\" alt=\"IMG_3108_anders_ram\" width=\"427\" height=\"535\" srcset=\"https:\/\/wp.kristdemokraterna.se\/molndal\/files\/2014\/08\/img_3108_anders_ram-275x346.jpg 275w, https:\/\/wp.kristdemokraterna.se\/molndal\/files\/2014\/08\/img_3108_anders_ram-89x112.jpg 89w\" sizes=\"auto, (max-width: 427px) 100vw, 427px\" \/><\/p>\n<p><strong>Namn:<\/strong> Anders Karlsson<br \/>\n<strong>\u00c5lder: <\/strong>38 \u00e5r<br \/>\n<strong> Jobbar med: <\/strong>Gymnasiel\u00e4rare<br \/>\n<strong> Favoritsyssels\u00e4ttning: <\/strong>L\u00f6pning<br \/>\n<strong>Detta g\u00f6r mig glad: <\/strong>Att umg\u00e5s med v\u00e4nner och familj. Rena lyckopillret!<br \/>\n<strong> G\u00f6r jag helst en fredagskv\u00e4ll: <\/strong>Lagar mat, g\u00e4rna indiskt, thai eller mexikanskt.<br \/>\n<strong>Vad brinner jag f\u00f6r?<\/strong> Att omtanke och medm\u00e4nsklighet ska genomsyra omsorgen av v\u00e5ra barn och \u00e4ldre.<\/p>\n<p><a title=\"V\u00e5ra politiker\" href=\"http:\/\/wp.kristdemokraterna.se\/molndal\/vara-politiker\/\">&lt;&lt; tillbaka<\/a><\/p>\n","protected":false},"excerpt":{"rendered":"<p>Namn: Anders Karlsson \u00c5lder: 38 \u00e5r Jobbar med: Gymnasiel\u00e4rare Favoritsyssels\u00e4ttning: L\u00f6pning Detta g\u00f6r mig glad: Att umg\u00e5s med v\u00e4nner och familj. Rena lyckopillret! G\u00f6r jag helst en fredagskv\u00e4ll: Lagar mat, g\u00e4rna indiskt, thai eller mexikanskt. Vad brinner jag f\u00f6r? Att omtanke och medm\u00e4nsklighet ska genomsyra omsorgen av v\u00e5ra barn och \u00e4ldre. &lt;&lt; tillbaka<\/p>\n","protected":false},"author":519,"featured_media":0,"parent":0,"menu_order":0,"comment_status":"closed","ping_status":"closed","template":"","meta":{"_acf_changed":false,"footnotes":""},"class_list":["post-207","page","type-page","status-publish","hentry"],"acf":[],"yoast_head":"<!-- This site is optimized with the Yoast SEO plugin v27.4 - https:\/\/yoast.com\/product\/yoast-seo-wordpress\/ -->\n<title>Anders Karlsson - M\u00f6lndal<\/title>\n<meta name=\"robots\" content=\"index, follow, max-snippet:-1, max-image-preview:large, max-video-preview:-1\" \/>\n<link rel=\"canonical\" href=\"https:\/\/wp.kristdemokraterna.se\/molndal\/anders-karlsson\/\" \/>\n<meta property=\"og:locale\" content=\"sv_SE\" \/>\n<meta property=\"og:type\" content=\"article\" \/>\n<meta property=\"og:title\" content=\"Anders Karlsson - M\u00f6lndal\" \/>\n<meta property=\"og:description\" content=\"Namn: Anders Karlsson \u00c5lder: 38 \u00e5r Jobbar med: Gymnasiel\u00e4rare Favoritsyssels\u00e4ttning: L\u00f6pning Detta g\u00f6r mig glad: Att umg\u00e5s med v\u00e4nner och familj. Rena lyckopillret! G\u00f6r jag helst en fredagskv\u00e4ll: Lagar mat, g\u00e4rna indiskt, thai eller mexikanskt. Vad brinner jag f\u00f6r? Att omtanke och medm\u00e4nsklighet ska genomsyra omsorgen av v\u00e5ra barn och \u00e4ldre. &lt;&lt; tillbaka\" \/>\n<meta property=\"og:url\" content=\"https:\/\/wp.kristdemokraterna.se\/molndal\/anders-karlsson\/\" \/>\n<meta property=\"og:site_name\" content=\"M\u00f6lndal\" \/>\n<meta property=\"article:modified_time\" content=\"2024-01-12T09:39:18+00:00\" \/>\n<meta property=\"og:image\" content=\"http:\/\/wp.kristdemokraterna.se\/molndal\/files\/2014\/08\/img_3108_anders_ram-814x1024.jpg\" \/>\n<meta name=\"twitter:card\" content=\"summary_large_image\" \/>\n<meta name=\"twitter:label1\" content=\"Ber\u00e4knad l\u00e4stid\" \/>\n\t<meta name=\"twitter:data1\" content=\"1 minut\" \/>\n<script type=\"application\/ld+json\" class=\"yoast-schema-graph\">{\"@context\":\"https:\\\/\\\/schema.org\",\"@graph\":[{\"@type\":\"WebPage\",\"@id\":\"https:\\\/\\\/wp.kristdemokraterna.se\\\/molndal\\\/anders-karlsson\\\/\",\"url\":\"https:\\\/\\\/wp.kristdemokraterna.se\\\/molndal\\\/anders-karlsson\\\/\",\"name\":\"Anders Karlsson - M\u00f6lndal\",\"isPartOf\":{\"@id\":\"https:\\\/\\\/wp.kristdemokraterna.se\\\/molndal\\\/#website\"},\"primaryImageOfPage\":{\"@id\":\"https:\\\/\\\/wp.kristdemokraterna.se\\\/molndal\\\/anders-karlsson\\\/#primaryimage\"},\"image\":{\"@id\":\"https:\\\/\\\/wp.kristdemokraterna.se\\\/molndal\\\/anders-karlsson\\\/#primaryimage\"},\"thumbnailUrl\":\"http:\\\/\\\/wp.kristdemokraterna.se\\\/molndal\\\/files\\\/2014\\\/08\\\/img_3108_anders_ram-814x1024.jpg\",\"datePublished\":\"2014-08-09T12:43:09+00:00\",\"dateModified\":\"2024-01-12T09:39:18+00:00\",\"breadcrumb\":{\"@id\":\"https:\\\/\\\/wp.kristdemokraterna.se\\\/molndal\\\/anders-karlsson\\\/#breadcrumb\"},\"inLanguage\":\"sv-SE\",\"potentialAction\":[{\"@type\":\"ReadAction\",\"target\":[\"https:\\\/\\\/wp.kristdemokraterna.se\\\/molndal\\\/anders-karlsson\\\/\"]}]},{\"@type\":\"ImageObject\",\"inLanguage\":\"sv-SE\",\"@id\":\"https:\\\/\\\/wp.kristdemokraterna.se\\\/molndal\\\/anders-karlsson\\\/#primaryimage\",\"url\":\"http:\\\/\\\/wp.kristdemokraterna.se\\\/molndal\\\/files\\\/2014\\\/08\\\/img_3108_anders_ram-814x1024.jpg\",\"contentUrl\":\"http:\\\/\\\/wp.kristdemokraterna.se\\\/molndal\\\/files\\\/2014\\\/08\\\/img_3108_anders_ram-814x1024.jpg\"},{\"@type\":\"BreadcrumbList\",\"@id\":\"https:\\\/\\\/wp.kristdemokraterna.se\\\/molndal\\\/anders-karlsson\\\/#breadcrumb\",\"itemListElement\":[{\"@type\":\"ListItem\",\"position\":1,\"name\":\"Hem\",\"item\":\"https:\\\/\\\/wp.kristdemokraterna.se\\\/molndal\\\/\"},{\"@type\":\"ListItem\",\"position\":2,\"name\":\"Anders Karlsson\"}]},{\"@type\":\"WebSite\",\"@id\":\"https:\\\/\\\/wp.kristdemokraterna.se\\\/molndal\\\/#website\",\"url\":\"https:\\\/\\\/wp.kristdemokraterna.se\\\/molndal\\\/\",\"name\":\"M\u00f6lndal\",\"description\":\"\",\"inLanguage\":\"sv-SE\"}]}<\/script>\n<!-- \/ Yoast SEO plugin. -->","yoast_head_json":{"title":"Anders Karlsson - M\u00f6lndal","robots":{"index":"index","follow":"follow","max-snippet":"max-snippet:-1","max-image-preview":"max-image-preview:large","max-video-preview":"max-video-preview:-1"},"canonical":"https:\/\/wp.kristdemokraterna.se\/molndal\/anders-karlsson\/","og_locale":"sv_SE","og_type":"article","og_title":"Anders Karlsson - M\u00f6lndal","og_description":"Namn: Anders Karlsson \u00c5lder: 38 \u00e5r Jobbar med: Gymnasiel\u00e4rare Favoritsyssels\u00e4ttning: L\u00f6pning Detta g\u00f6r mig glad: Att umg\u00e5s med v\u00e4nner och familj. Rena lyckopillret! G\u00f6r jag helst en fredagskv\u00e4ll: Lagar mat, g\u00e4rna indiskt, thai eller mexikanskt. Vad brinner jag f\u00f6r? Att omtanke och medm\u00e4nsklighet ska genomsyra omsorgen av v\u00e5ra barn och \u00e4ldre. &lt;&lt; tillbaka","og_url":"https:\/\/wp.kristdemokraterna.se\/molndal\/anders-karlsson\/","og_site_name":"M\u00f6lndal","article_modified_time":"2024-01-12T09:39:18+00:00","og_image":[{"url":"http:\/\/wp.kristdemokraterna.se\/molndal\/files\/2014\/08\/img_3108_anders_ram-814x1024.jpg","type":"","width":"","height":""}],"twitter_card":"summary_large_image","twitter_misc":{"Ber\u00e4knad l\u00e4stid":"1 minut"},"schema":{"@context":"https:\/\/schema.org","@graph":[{"@type":"WebPage","@id":"https:\/\/wp.kristdemokraterna.se\/molndal\/anders-karlsson\/","url":"https:\/\/wp.kristdemokraterna.se\/molndal\/anders-karlsson\/","name":"Anders Karlsson - M\u00f6lndal","isPartOf":{"@id":"https:\/\/wp.kristdemokraterna.se\/molndal\/#website"},"primaryImageOfPage":{"@id":"https:\/\/wp.kristdemokraterna.se\/molndal\/anders-karlsson\/#primaryimage"},"image":{"@id":"https:\/\/wp.kristdemokraterna.se\/molndal\/anders-karlsson\/#primaryimage"},"thumbnailUrl":"http:\/\/wp.kristdemokraterna.se\/molndal\/files\/2014\/08\/img_3108_anders_ram-814x1024.jpg","datePublished":"2014-08-09T12:43:09+00:00","dateModified":"2024-01-12T09:39:18+00:00","breadcrumb":{"@id":"https:\/\/wp.kristdemokraterna.se\/molndal\/anders-karlsson\/#breadcrumb"},"inLanguage":"sv-SE","potentialAction":[{"@type":"ReadAction","target":["https:\/\/wp.kristdemokraterna.se\/molndal\/anders-karlsson\/"]}]},{"@type":"ImageObject","inLanguage":"sv-SE","@id":"https:\/\/wp.kristdemokraterna.se\/molndal\/anders-karlsson\/#primaryimage","url":"http:\/\/wp.kristdemokraterna.se\/molndal\/files\/2014\/08\/img_3108_anders_ram-814x1024.jpg","contentUrl":"http:\/\/wp.kristdemokraterna.se\/molndal\/files\/2014\/08\/img_3108_anders_ram-814x1024.jpg"},{"@type":"BreadcrumbList","@id":"https:\/\/wp.kristdemokraterna.se\/molndal\/anders-karlsson\/#breadcrumb","itemListElement":[{"@type":"ListItem","position":1,"name":"Hem","item":"https:\/\/wp.kristdemokraterna.se\/molndal\/"},{"@type":"ListItem","position":2,"name":"Anders Karlsson"}]},{"@type":"WebSite","@id":"https:\/\/wp.kristdemokraterna.se\/molndal\/#website","url":"https:\/\/wp.kristdemokraterna.se\/molndal\/","name":"M\u00f6lndal","description":"","inLanguage":"sv-SE"}]}},"_links":{"self":[{"href":"https:\/\/wp.kristdemokraterna.se\/molndal\/wp-json\/wp\/v2\/pages\/207","targetHints":{"allow":["GET"]}}],"collection":[{"href":"https:\/\/wp.kristdemokraterna.se\/molndal\/wp-json\/wp\/v2\/pages"}],"about":[{"href":"https:\/\/wp.kristdemokraterna.se\/molndal\/wp-json\/wp\/v2\/types\/page"}],"author":[{"embeddable":true,"href":"https:\/\/wp.kristdemokraterna.se\/molndal\/wp-json\/wp\/v2\/users\/519"}],"replies":[{"embeddable":true,"href":"https:\/\/wp.kristdemokraterna.se\/molndal\/wp-json\/wp\/v2\/comments?post=207"}],"version-history":[{"count":11,"href":"https:\/\/wp.kristdemokraterna.se\/molndal\/wp-json\/wp\/v2\/pages\/207\/revisions"}],"predecessor-version":[{"id":1183,"href":"https:\/\/wp.kristdemokraterna.se\/molndal\/wp-json\/wp\/v2\/pages\/207\/revisions\/1183"}],"wp:attachment":[{"href":"https:\/\/wp.kristdemokraterna.se\/molndal\/wp-json\/wp\/v2\/media?parent=207"}],"curies":[{"name":"wp","href":"https:\/\/api.w.org\/{rel}","templated":true}]}}