{"id":216,"date":"2014-08-09T17:05:30","date_gmt":"2014-08-09T15:05:30","guid":{"rendered":"http:\/\/wp.kristdemokraterna.se\/molndal\/?page_id=216"},"modified":"2024-01-12T10:38:58","modified_gmt":"2024-01-12T09:38:58","slug":"adam-f-lauren","status":"publish","type":"page","link":"https:\/\/wp.kristdemokraterna.se\/molndal\/adam-f-lauren\/","title":{"rendered":"Adam F Laur\u00e9n"},"content":{"rendered":"<p><img loading=\"lazy\" decoding=\"async\" class=\"alignnone size-large wp-image-593\" src=\"http:\/\/wp.kristdemokraterna.se\/molndal\/files\/2014\/09\/img_3900_medram-1024x683.jpg\" alt=\"IMG_3900_medram\" width=\"584\" height=\"389\" srcset=\"https:\/\/wp.kristdemokraterna.se\/molndal\/files\/2014\/09\/img_3900_medram-1024x683.jpg 1024w, https:\/\/wp.kristdemokraterna.se\/molndal\/files\/2014\/09\/img_3900_medram-300x200.jpg 300w, https:\/\/wp.kristdemokraterna.se\/molndal\/files\/2014\/09\/img_3900_medram-518x346.jpg 518w, https:\/\/wp.kristdemokraterna.se\/molndal\/files\/2014\/09\/img_3900_medram-167x112.jpg 167w, https:\/\/wp.kristdemokraterna.se\/molndal\/files\/2014\/09\/img_3900_medram.jpg 1502w\" sizes=\"auto, (max-width: 584px) 100vw, 584px\" \/><\/p>\n<p><strong style=\"font-weight: bold\">Namn:<\/strong>\u00a0Adam F Laur\u00e9n<br \/>\n<strong>\u00c5lder:<\/strong> 50 \u00e5r<br \/>\n<strong>Familj:<\/strong> Gift med Pernilla, tv\u00e5 s\u00f6ner<br \/>\n<strong style=\"font-weight: bold\">Jobbar med: <\/strong>Organisations-, ledarskaps- och aff\u00e4rsutveckling. Har arbetat flera \u00e5r i olika ekonomi- och administrativa befattningar hos st\u00f6rre f\u00f6retag och inom statlig myndighet. Jobbar ocks\u00e5 med f\u00f6retagsinvesteringar.<br \/>\n<strong style=\"font-weight: bold\">Favoritsyssels\u00e4ttning: <\/strong>Aktiviteter med barnen, vara n\u00e4rvarande vid mina barns idrottsaktiviteter, snickra, engagera mig i f\u00f6reningsliv\/idrottsf\u00f6reningar, resa, musik.<br \/>\n<strong>Detta g\u00f6r mig glad: <\/strong>N\u00e4r andra \u00e4r engagerade, glada och har lyckats, att se gl\u00e4djen hos n\u00e5gon i min familj som ber\u00e4ttar om n\u00e5got de lyckats med, n\u00e4r jag sj\u00e4lv k\u00e4nner att jag genomf\u00f6rt n\u00e5got bra. Det kan vara sm\u00e5 saker som ger stor gl\u00e4dje.<br \/>\n<strong style=\"font-weight: bold\">G\u00f6r jag helst en fredagskv\u00e4ll: <\/strong>Samlas med familjen, krypa upp i soffan och se p\u00e5 TV eller en film.<br \/>\n<strong style=\"font-weight: bold\">Jag brinner f\u00f6r:\u00a0<\/strong>Idrotts- och f\u00f6reningsliv, att med mitt engagemang skapa f\u00f6ruts\u00e4ttningar f\u00f6r barn och ungdomar s\u00e5 att de kan f\u00e5 en bra syssels\u00e4ttning p\u00e5 fritiden, att f\u00f6rs\u00f6ka p\u00e5verka m\u00e4nniskor och bidra till att vi f\u00e5r ett samh\u00e4lle som \u00e4r gott att leva i. Mina tv\u00e5 andra hj\u00e4rtefr\u00e5gor ligger i hur vi b\u00e4st ger pension\u00e4rer en bra \u00e5lderdom och hur vi ser till att f\u00e5 v\u00e4rldens b\u00e4sta skola. I b\u00e5da dessa omr\u00e5den har vi oerh\u00f6rt mycket att g\u00f6ra!<br \/>\n<strong>Varf\u00f6r \u00e4r jag engagerad i KD:\u00a0<\/strong>Jag tror p\u00e5 en sammanh\u00e5llen gemenskap och det civila samh\u00e4llet, vilket inneb\u00e4r att jag sj\u00e4lv, familjen, ideella organisationer, f\u00f6reningar m.m. tillsammans med offentlig verksamhet m\u00e5ste samverka f\u00f6r att f\u00e5 till ett bra samh\u00e4lle &#8211; alla insatser beh\u00f6vs och vi kan och ska inte f\u00f6rlita oss p\u00e5 att n\u00e5gon annan ska fixa allt. M\u00e4nniskor ska ges m\u00f6jlighet till valfrihet, utan att vara egoistisk, men det m\u00e5ste kombineras med ett socialt ansvar och ett stort individuellt ansvar.<br \/>\nJag tror ocks\u00e5 p\u00e5 att familjen \u00e4r en stark bas f\u00f6r individen och vilka f\u00f6ruts\u00e4ttningar och uppv\u00e4xtvillkor vi ger v\u00e5ra barn och ungdomar p\u00e5verkar hur goda samh\u00e4lls- och v\u00e4rldsmedborgare de blir.<br \/>\nK\u00e4rlek, omtanke och ansvarstagande \u00e4r tre bra uttryck som alla b\u00f6r f\u00f6rh\u00e5lla sig till!<br \/>\n<strong>Skulle jag vilja se mer av<\/strong>: Det individuella engagemanget i olika sammanhang &#8211; tillsammans kan vi g\u00f6ra underverk och det blir inte b\u00e4ttre \u00e4n det jag och du sj\u00e4lv \u00e4r med och skapar och bidrar till.<\/p>\n<p><a title=\"V\u00e5ra politiker\" href=\"http:\/\/wp.kristdemokraterna.se\/molndal\/vara-politiker\/\">&lt;&lt; tillbaka<\/a><\/p>\n","protected":false},"excerpt":{"rendered":"<p>Namn:\u00a0Adam F Laur\u00e9n \u00c5lder: 50 \u00e5r Familj: Gift med Pernilla, tv\u00e5 s\u00f6ner Jobbar med: Organisations-, ledarskaps- och aff\u00e4rsutveckling. Har arbetat flera \u00e5r i olika ekonomi- och administrativa befattningar hos st\u00f6rre f\u00f6retag och inom statlig myndighet. Jobbar ocks\u00e5 med f\u00f6retagsinvesteringar. Favoritsyssels\u00e4ttning: Aktiviteter med barnen, vara n\u00e4rvarande vid mina barns idrottsaktiviteter, snickra, engagera mig i f\u00f6reningsliv\/idrottsf\u00f6reningar, resa, <a class=\"read-more-link\" href=\"https:\/\/wp.kristdemokraterna.se\/molndal\/adam-f-lauren\/\">Read More<\/a><\/p>\n","protected":false},"author":519,"featured_media":0,"parent":0,"menu_order":0,"comment_status":"closed","ping_status":"closed","template":"","meta":{"_acf_changed":false,"footnotes":""},"class_list":["post-216","page","type-page","status-publish","hentry"],"acf":[],"yoast_head":"<!-- This site is optimized with the Yoast SEO plugin v27.4 - https:\/\/yoast.com\/product\/yoast-seo-wordpress\/ -->\n<title>Adam F Laur\u00e9n - M\u00f6lndal<\/title>\n<meta name=\"robots\" content=\"index, follow, max-snippet:-1, max-image-preview:large, max-video-preview:-1\" \/>\n<link rel=\"canonical\" href=\"https:\/\/wp.kristdemokraterna.se\/molndal\/adam-f-lauren\/\" \/>\n<meta property=\"og:locale\" content=\"sv_SE\" \/>\n<meta property=\"og:type\" content=\"article\" \/>\n<meta property=\"og:title\" content=\"Adam F Laur\u00e9n - M\u00f6lndal\" \/>\n<meta property=\"og:description\" content=\"Namn:\u00a0Adam F Laur\u00e9n \u00c5lder: 50 \u00e5r Familj: Gift med Pernilla, tv\u00e5 s\u00f6ner Jobbar med: Organisations-, ledarskaps- och aff\u00e4rsutveckling. Har arbetat flera \u00e5r i olika ekonomi- och administrativa befattningar hos st\u00f6rre f\u00f6retag och inom statlig myndighet. Jobbar ocks\u00e5 med f\u00f6retagsinvesteringar. Favoritsyssels\u00e4ttning: Aktiviteter med barnen, vara n\u00e4rvarande vid mina barns idrottsaktiviteter, snickra, engagera mig i f\u00f6reningsliv\/idrottsf\u00f6reningar, resa, Read More\" \/>\n<meta property=\"og:url\" content=\"https:\/\/wp.kristdemokraterna.se\/molndal\/adam-f-lauren\/\" \/>\n<meta property=\"og:site_name\" content=\"M\u00f6lndal\" \/>\n<meta property=\"article:modified_time\" content=\"2024-01-12T09:38:58+00:00\" \/>\n<meta property=\"og:image\" content=\"http:\/\/wp.kristdemokraterna.se\/molndal\/files\/2014\/09\/img_3900_medram-1024x683.jpg\" \/>\n<meta name=\"twitter:card\" content=\"summary_large_image\" \/>\n<meta name=\"twitter:label1\" content=\"Ber\u00e4knad l\u00e4stid\" \/>\n\t<meta name=\"twitter:data1\" content=\"3 minuter\" \/>\n<script type=\"application\/ld+json\" class=\"yoast-schema-graph\">{\"@context\":\"https:\\\/\\\/schema.org\",\"@graph\":[{\"@type\":\"WebPage\",\"@id\":\"https:\\\/\\\/wp.kristdemokraterna.se\\\/molndal\\\/adam-f-lauren\\\/\",\"url\":\"https:\\\/\\\/wp.kristdemokraterna.se\\\/molndal\\\/adam-f-lauren\\\/\",\"name\":\"Adam F Laur\u00e9n - M\u00f6lndal\",\"isPartOf\":{\"@id\":\"https:\\\/\\\/wp.kristdemokraterna.se\\\/molndal\\\/#website\"},\"primaryImageOfPage\":{\"@id\":\"https:\\\/\\\/wp.kristdemokraterna.se\\\/molndal\\\/adam-f-lauren\\\/#primaryimage\"},\"image\":{\"@id\":\"https:\\\/\\\/wp.kristdemokraterna.se\\\/molndal\\\/adam-f-lauren\\\/#primaryimage\"},\"thumbnailUrl\":\"http:\\\/\\\/wp.kristdemokraterna.se\\\/molndal\\\/files\\\/2014\\\/09\\\/img_3900_medram-1024x683.jpg\",\"datePublished\":\"2014-08-09T15:05:30+00:00\",\"dateModified\":\"2024-01-12T09:38:58+00:00\",\"breadcrumb\":{\"@id\":\"https:\\\/\\\/wp.kristdemokraterna.se\\\/molndal\\\/adam-f-lauren\\\/#breadcrumb\"},\"inLanguage\":\"sv-SE\",\"potentialAction\":[{\"@type\":\"ReadAction\",\"target\":[\"https:\\\/\\\/wp.kristdemokraterna.se\\\/molndal\\\/adam-f-lauren\\\/\"]}]},{\"@type\":\"ImageObject\",\"inLanguage\":\"sv-SE\",\"@id\":\"https:\\\/\\\/wp.kristdemokraterna.se\\\/molndal\\\/adam-f-lauren\\\/#primaryimage\",\"url\":\"http:\\\/\\\/wp.kristdemokraterna.se\\\/molndal\\\/files\\\/2014\\\/09\\\/img_3900_medram-1024x683.jpg\",\"contentUrl\":\"http:\\\/\\\/wp.kristdemokraterna.se\\\/molndal\\\/files\\\/2014\\\/09\\\/img_3900_medram-1024x683.jpg\"},{\"@type\":\"BreadcrumbList\",\"@id\":\"https:\\\/\\\/wp.kristdemokraterna.se\\\/molndal\\\/adam-f-lauren\\\/#breadcrumb\",\"itemListElement\":[{\"@type\":\"ListItem\",\"position\":1,\"name\":\"Hem\",\"item\":\"https:\\\/\\\/wp.kristdemokraterna.se\\\/molndal\\\/\"},{\"@type\":\"ListItem\",\"position\":2,\"name\":\"Adam F Laur\u00e9n\"}]},{\"@type\":\"WebSite\",\"@id\":\"https:\\\/\\\/wp.kristdemokraterna.se\\\/molndal\\\/#website\",\"url\":\"https:\\\/\\\/wp.kristdemokraterna.se\\\/molndal\\\/\",\"name\":\"M\u00f6lndal\",\"description\":\"\",\"inLanguage\":\"sv-SE\"}]}<\/script>\n<!-- \/ Yoast SEO plugin. -->","yoast_head_json":{"title":"Adam F Laur\u00e9n - M\u00f6lndal","robots":{"index":"index","follow":"follow","max-snippet":"max-snippet:-1","max-image-preview":"max-image-preview:large","max-video-preview":"max-video-preview:-1"},"canonical":"https:\/\/wp.kristdemokraterna.se\/molndal\/adam-f-lauren\/","og_locale":"sv_SE","og_type":"article","og_title":"Adam F Laur\u00e9n - M\u00f6lndal","og_description":"Namn:\u00a0Adam F Laur\u00e9n \u00c5lder: 50 \u00e5r Familj: Gift med Pernilla, tv\u00e5 s\u00f6ner Jobbar med: Organisations-, ledarskaps- och aff\u00e4rsutveckling. Har arbetat flera \u00e5r i olika ekonomi- och administrativa befattningar hos st\u00f6rre f\u00f6retag och inom statlig myndighet. Jobbar ocks\u00e5 med f\u00f6retagsinvesteringar. Favoritsyssels\u00e4ttning: Aktiviteter med barnen, vara n\u00e4rvarande vid mina barns idrottsaktiviteter, snickra, engagera mig i f\u00f6reningsliv\/idrottsf\u00f6reningar, resa, Read More","og_url":"https:\/\/wp.kristdemokraterna.se\/molndal\/adam-f-lauren\/","og_site_name":"M\u00f6lndal","article_modified_time":"2024-01-12T09:38:58+00:00","og_image":[{"url":"http:\/\/wp.kristdemokraterna.se\/molndal\/files\/2014\/09\/img_3900_medram-1024x683.jpg","type":"","width":"","height":""}],"twitter_card":"summary_large_image","twitter_misc":{"Ber\u00e4knad l\u00e4stid":"3 minuter"},"schema":{"@context":"https:\/\/schema.org","@graph":[{"@type":"WebPage","@id":"https:\/\/wp.kristdemokraterna.se\/molndal\/adam-f-lauren\/","url":"https:\/\/wp.kristdemokraterna.se\/molndal\/adam-f-lauren\/","name":"Adam F Laur\u00e9n - M\u00f6lndal","isPartOf":{"@id":"https:\/\/wp.kristdemokraterna.se\/molndal\/#website"},"primaryImageOfPage":{"@id":"https:\/\/wp.kristdemokraterna.se\/molndal\/adam-f-lauren\/#primaryimage"},"image":{"@id":"https:\/\/wp.kristdemokraterna.se\/molndal\/adam-f-lauren\/#primaryimage"},"thumbnailUrl":"http:\/\/wp.kristdemokraterna.se\/molndal\/files\/2014\/09\/img_3900_medram-1024x683.jpg","datePublished":"2014-08-09T15:05:30+00:00","dateModified":"2024-01-12T09:38:58+00:00","breadcrumb":{"@id":"https:\/\/wp.kristdemokraterna.se\/molndal\/adam-f-lauren\/#breadcrumb"},"inLanguage":"sv-SE","potentialAction":[{"@type":"ReadAction","target":["https:\/\/wp.kristdemokraterna.se\/molndal\/adam-f-lauren\/"]}]},{"@type":"ImageObject","inLanguage":"sv-SE","@id":"https:\/\/wp.kristdemokraterna.se\/molndal\/adam-f-lauren\/#primaryimage","url":"http:\/\/wp.kristdemokraterna.se\/molndal\/files\/2014\/09\/img_3900_medram-1024x683.jpg","contentUrl":"http:\/\/wp.kristdemokraterna.se\/molndal\/files\/2014\/09\/img_3900_medram-1024x683.jpg"},{"@type":"BreadcrumbList","@id":"https:\/\/wp.kristdemokraterna.se\/molndal\/adam-f-lauren\/#breadcrumb","itemListElement":[{"@type":"ListItem","position":1,"name":"Hem","item":"https:\/\/wp.kristdemokraterna.se\/molndal\/"},{"@type":"ListItem","position":2,"name":"Adam F Laur\u00e9n"}]},{"@type":"WebSite","@id":"https:\/\/wp.kristdemokraterna.se\/molndal\/#website","url":"https:\/\/wp.kristdemokraterna.se\/molndal\/","name":"M\u00f6lndal","description":"","inLanguage":"sv-SE"}]}},"_links":{"self":[{"href":"https:\/\/wp.kristdemokraterna.se\/molndal\/wp-json\/wp\/v2\/pages\/216","targetHints":{"allow":["GET"]}}],"collection":[{"href":"https:\/\/wp.kristdemokraterna.se\/molndal\/wp-json\/wp\/v2\/pages"}],"about":[{"href":"https:\/\/wp.kristdemokraterna.se\/molndal\/wp-json\/wp\/v2\/types\/page"}],"author":[{"embeddable":true,"href":"https:\/\/wp.kristdemokraterna.se\/molndal\/wp-json\/wp\/v2\/users\/519"}],"replies":[{"embeddable":true,"href":"https:\/\/wp.kristdemokraterna.se\/molndal\/wp-json\/wp\/v2\/comments?post=216"}],"version-history":[{"count":20,"href":"https:\/\/wp.kristdemokraterna.se\/molndal\/wp-json\/wp\/v2\/pages\/216\/revisions"}],"predecessor-version":[{"id":1182,"href":"https:\/\/wp.kristdemokraterna.se\/molndal\/wp-json\/wp\/v2\/pages\/216\/revisions\/1182"}],"wp:attachment":[{"href":"https:\/\/wp.kristdemokraterna.se\/molndal\/wp-json\/wp\/v2\/media?parent=216"}],"curies":[{"name":"wp","href":"https:\/\/api.w.org\/{rel}","templated":true}]}}