{"id":978,"date":"2018-09-01T09:46:44","date_gmt":"2018-09-01T07:46:44","guid":{"rendered":"http:\/\/wp.kristdemokraterna.se\/molndal\/?page_id=978"},"modified":"2024-01-04T18:13:02","modified_gmt":"2024-01-04T17:13:02","slug":"peter-nyqvist","status":"publish","type":"page","link":"https:\/\/wp.kristdemokraterna.se\/molndal\/peter-nyqvist\/","title":{"rendered":"Peter Nyqvist"},"content":{"rendered":"<p><!--img class=\"alignnone wp-image-392 \" src=\"http:\/\/wp.kristdemokraterna.se\/molndal\/files\/2014\/08\/kd-bilder-broschyr-039_vitram1.jpg\" alt=\"\" width=\"380\" height=\"494\" \/&gt;&lt;a href=&quot;http:\/\/wp.kristdemokraterna.se\/testmolndal\/files\/2014\/08\/img_1717.png&quot;--><br \/>\n<strong>Namn: <\/strong>Peter Nyqvist<br \/>\n<strong>F\u00f6dd:<\/strong> 1980<br \/>\n<strong>Jobbar med: <\/strong>Mjukvaruingenj\u00f6r p\u00e5 Ericsson<br \/>\n<strong>Favoritsyssels\u00e4ttning: <\/strong> Cykling, Geocaching<br \/>\n<strong>Detta g\u00f6r mig glad: <\/strong> Att se IFK G\u00f6teborg plocka hem tre po\u00e4ng p\u00e5 Gamla Ullevi.<br \/>\n<strong>Detta brinner jag f\u00f6r: <\/strong>Civilsamh\u00e4llet. Det finns m\u00e5nga problem och utmaningar som samh\u00e4llet st\u00e4lls inf\u00f6r. Ofta tror politiker att det \u00e4r vi som har kompetensen att l\u00f6sa problem s\u00e5som utanf\u00f6rskap, integrationssv\u00e5righeter, ensamhet och kriminalitet, men jag menar att man d\u00e5 tappat bort n\u00e5got av det viktigaste. En v\u00e4ldigt stor del av det viktiga och goda arbetet som utf\u00f6rs i v\u00e5rt samh\u00e4lle g\u00f6rs av fotbollsf\u00f6reningar, f\u00f6rsamlingar, scoutf\u00f6reningar, hembygdsf\u00f6reningar. De ger oss inte bara en gemenskap, utan fostrar oss som m\u00e4nniskor.<br \/>\n<strong>D\u00e4rf\u00f6r \u00e4r jag engagerad i KD: <\/strong><br \/>\nKortfattat: F\u00f6r att st\u00f6dja de goda krafterna i samh\u00e4llet.<br \/>\nMer utf\u00f6rligt: Anledningen till att jag fastnade f\u00f6r kristdemokraterna var inte en specifik fr\u00e5ga, utan snarare att jag tror p\u00e5 de v\u00e4rderingar som KD representerar. Socialismen tenderar att se m\u00e4nniskan som en del av staten, d\u00e4r man utg\u00e5r att alla \u00e4r som de flesta \u00e4r, och missar d\u00e5 att vi m\u00e4nniskor \u00e4r olika. Liberalismen ser f\u00f6rvisso individen, men m\u00e4nniskan \u00e4r s\u00e5 mycket mer \u00e4n en ensam individ. Kristdemokratin bek\u00e4nner sig till det som kallas personalismen, dvs att man formas och v\u00e4xer som m\u00e4nniska i relationen till andra. Dessa relationer, om det s\u00e5 \u00e4r p\u00e5 arbetet, i idrottsf\u00f6reningen, i f\u00f6rsamlingen eller, den allra viktigaste, i familjen, \u00e4r det som \u00e4r samh\u00e4llets kit, och n\u00e5got som jag tycker att vi m\u00e5ste v\u00e4rna och st\u00f6dja. D\u00e4rf\u00f6r tror jag p\u00e5 starka ett starkt civilsamh\u00e4lle och p\u00e5 starka familjer.<\/p>\n<p><a title=\"V\u00e5ra politiker\" href=\"http:\/\/wp.kristdemokraterna.se\/molndal\/vara-politiker\/\">&lt;&lt; tillbaka<\/a><\/p>\n","protected":false},"excerpt":{"rendered":"<p>Namn: Peter Nyqvist F\u00f6dd: 1980 Jobbar med: Mjukvaruingenj\u00f6r p\u00e5 Ericsson Favoritsyssels\u00e4ttning: Cykling, Geocaching Detta g\u00f6r mig glad: Att se IFK G\u00f6teborg plocka hem tre po\u00e4ng p\u00e5 Gamla Ullevi. Detta brinner jag f\u00f6r: Civilsamh\u00e4llet. Det finns m\u00e5nga problem och utmaningar som samh\u00e4llet st\u00e4lls inf\u00f6r. Ofta tror politiker att det \u00e4r vi som har kompetensen att l\u00f6sa <a class=\"read-more-link\" href=\"https:\/\/wp.kristdemokraterna.se\/molndal\/peter-nyqvist\/\">Read More<\/a><\/p>\n","protected":false},"author":519,"featured_media":0,"parent":0,"menu_order":0,"comment_status":"closed","ping_status":"closed","template":"","meta":{"_acf_changed":false,"footnotes":""},"class_list":["post-978","page","type-page","status-publish","hentry"],"acf":[],"yoast_head":"<!-- This site is optimized with the Yoast SEO plugin v27.5 - https:\/\/yoast.com\/product\/yoast-seo-wordpress\/ -->\n<title>Peter Nyqvist - M\u00f6lndal<\/title>\n<meta name=\"robots\" content=\"index, follow, max-snippet:-1, max-image-preview:large, max-video-preview:-1\" \/>\n<link rel=\"canonical\" href=\"https:\/\/wp.kristdemokraterna.se\/molndal\/peter-nyqvist\/\" \/>\n<meta property=\"og:locale\" content=\"sv_SE\" \/>\n<meta property=\"og:type\" content=\"article\" \/>\n<meta property=\"og:title\" content=\"Peter Nyqvist - M\u00f6lndal\" \/>\n<meta property=\"og:description\" content=\"Namn: Peter Nyqvist F\u00f6dd: 1980 Jobbar med: Mjukvaruingenj\u00f6r p\u00e5 Ericsson Favoritsyssels\u00e4ttning: Cykling, Geocaching Detta g\u00f6r mig glad: Att se IFK G\u00f6teborg plocka hem tre po\u00e4ng p\u00e5 Gamla Ullevi. Detta brinner jag f\u00f6r: Civilsamh\u00e4llet. Det finns m\u00e5nga problem och utmaningar som samh\u00e4llet st\u00e4lls inf\u00f6r. Ofta tror politiker att det \u00e4r vi som har kompetensen att l\u00f6sa Read More\" \/>\n<meta property=\"og:url\" content=\"https:\/\/wp.kristdemokraterna.se\/molndal\/peter-nyqvist\/\" \/>\n<meta property=\"og:site_name\" content=\"M\u00f6lndal\" \/>\n<meta property=\"article:modified_time\" content=\"2024-01-04T17:13:02+00:00\" \/>\n<meta name=\"twitter:card\" content=\"summary_large_image\" \/>\n<meta name=\"twitter:label1\" content=\"Ber\u00e4knad l\u00e4stid\" \/>\n\t<meta name=\"twitter:data1\" content=\"2 minuter\" \/>\n<script type=\"application\/ld+json\" class=\"yoast-schema-graph\">{\"@context\":\"https:\\\/\\\/schema.org\",\"@graph\":[{\"@type\":\"WebPage\",\"@id\":\"https:\\\/\\\/wp.kristdemokraterna.se\\\/molndal\\\/peter-nyqvist\\\/\",\"url\":\"https:\\\/\\\/wp.kristdemokraterna.se\\\/molndal\\\/peter-nyqvist\\\/\",\"name\":\"Peter Nyqvist - M\u00f6lndal\",\"isPartOf\":{\"@id\":\"https:\\\/\\\/wp.kristdemokraterna.se\\\/molndal\\\/#website\"},\"datePublished\":\"2018-09-01T07:46:44+00:00\",\"dateModified\":\"2024-01-04T17:13:02+00:00\",\"breadcrumb\":{\"@id\":\"https:\\\/\\\/wp.kristdemokraterna.se\\\/molndal\\\/peter-nyqvist\\\/#breadcrumb\"},\"inLanguage\":\"sv-SE\",\"potentialAction\":[{\"@type\":\"ReadAction\",\"target\":[\"https:\\\/\\\/wp.kristdemokraterna.se\\\/molndal\\\/peter-nyqvist\\\/\"]}]},{\"@type\":\"BreadcrumbList\",\"@id\":\"https:\\\/\\\/wp.kristdemokraterna.se\\\/molndal\\\/peter-nyqvist\\\/#breadcrumb\",\"itemListElement\":[{\"@type\":\"ListItem\",\"position\":1,\"name\":\"Hem\",\"item\":\"https:\\\/\\\/wp.kristdemokraterna.se\\\/molndal\\\/\"},{\"@type\":\"ListItem\",\"position\":2,\"name\":\"Peter Nyqvist\"}]},{\"@type\":\"WebSite\",\"@id\":\"https:\\\/\\\/wp.kristdemokraterna.se\\\/molndal\\\/#website\",\"url\":\"https:\\\/\\\/wp.kristdemokraterna.se\\\/molndal\\\/\",\"name\":\"M\u00f6lndal\",\"description\":\"\",\"inLanguage\":\"sv-SE\"}]}<\/script>\n<!-- \/ Yoast SEO plugin. -->","yoast_head_json":{"title":"Peter Nyqvist - M\u00f6lndal","robots":{"index":"index","follow":"follow","max-snippet":"max-snippet:-1","max-image-preview":"max-image-preview:large","max-video-preview":"max-video-preview:-1"},"canonical":"https:\/\/wp.kristdemokraterna.se\/molndal\/peter-nyqvist\/","og_locale":"sv_SE","og_type":"article","og_title":"Peter Nyqvist - M\u00f6lndal","og_description":"Namn: Peter Nyqvist F\u00f6dd: 1980 Jobbar med: Mjukvaruingenj\u00f6r p\u00e5 Ericsson Favoritsyssels\u00e4ttning: Cykling, Geocaching Detta g\u00f6r mig glad: Att se IFK G\u00f6teborg plocka hem tre po\u00e4ng p\u00e5 Gamla Ullevi. Detta brinner jag f\u00f6r: Civilsamh\u00e4llet. Det finns m\u00e5nga problem och utmaningar som samh\u00e4llet st\u00e4lls inf\u00f6r. Ofta tror politiker att det \u00e4r vi som har kompetensen att l\u00f6sa Read More","og_url":"https:\/\/wp.kristdemokraterna.se\/molndal\/peter-nyqvist\/","og_site_name":"M\u00f6lndal","article_modified_time":"2024-01-04T17:13:02+00:00","twitter_card":"summary_large_image","twitter_misc":{"Ber\u00e4knad l\u00e4stid":"2 minuter"},"schema":{"@context":"https:\/\/schema.org","@graph":[{"@type":"WebPage","@id":"https:\/\/wp.kristdemokraterna.se\/molndal\/peter-nyqvist\/","url":"https:\/\/wp.kristdemokraterna.se\/molndal\/peter-nyqvist\/","name":"Peter Nyqvist - M\u00f6lndal","isPartOf":{"@id":"https:\/\/wp.kristdemokraterna.se\/molndal\/#website"},"datePublished":"2018-09-01T07:46:44+00:00","dateModified":"2024-01-04T17:13:02+00:00","breadcrumb":{"@id":"https:\/\/wp.kristdemokraterna.se\/molndal\/peter-nyqvist\/#breadcrumb"},"inLanguage":"sv-SE","potentialAction":[{"@type":"ReadAction","target":["https:\/\/wp.kristdemokraterna.se\/molndal\/peter-nyqvist\/"]}]},{"@type":"BreadcrumbList","@id":"https:\/\/wp.kristdemokraterna.se\/molndal\/peter-nyqvist\/#breadcrumb","itemListElement":[{"@type":"ListItem","position":1,"name":"Hem","item":"https:\/\/wp.kristdemokraterna.se\/molndal\/"},{"@type":"ListItem","position":2,"name":"Peter Nyqvist"}]},{"@type":"WebSite","@id":"https:\/\/wp.kristdemokraterna.se\/molndal\/#website","url":"https:\/\/wp.kristdemokraterna.se\/molndal\/","name":"M\u00f6lndal","description":"","inLanguage":"sv-SE"}]}},"_links":{"self":[{"href":"https:\/\/wp.kristdemokraterna.se\/molndal\/wp-json\/wp\/v2\/pages\/978","targetHints":{"allow":["GET"]}}],"collection":[{"href":"https:\/\/wp.kristdemokraterna.se\/molndal\/wp-json\/wp\/v2\/pages"}],"about":[{"href":"https:\/\/wp.kristdemokraterna.se\/molndal\/wp-json\/wp\/v2\/types\/page"}],"author":[{"embeddable":true,"href":"https:\/\/wp.kristdemokraterna.se\/molndal\/wp-json\/wp\/v2\/users\/519"}],"replies":[{"embeddable":true,"href":"https:\/\/wp.kristdemokraterna.se\/molndal\/wp-json\/wp\/v2\/comments?post=978"}],"version-history":[{"count":7,"href":"https:\/\/wp.kristdemokraterna.se\/molndal\/wp-json\/wp\/v2\/pages\/978\/revisions"}],"predecessor-version":[{"id":1170,"href":"https:\/\/wp.kristdemokraterna.se\/molndal\/wp-json\/wp\/v2\/pages\/978\/revisions\/1170"}],"wp:attachment":[{"href":"https:\/\/wp.kristdemokraterna.se\/molndal\/wp-json\/wp\/v2\/media?parent=978"}],"curies":[{"name":"wp","href":"https:\/\/api.w.org\/{rel}","templated":true}]}}