{"id":1005,"date":"2011-01-01T11:00:05","date_gmt":"2011-01-01T10:00:05","guid":{"rendered":"http:\/\/wp.kristdemokraterna.se\/motala\/?page_id=1005"},"modified":"2019-04-09T14:17:08","modified_gmt":"2019-04-09T12:17:08","slug":"kristdemokraternas-vision-for-ett-tryggt-sverige","status":"publish","type":"page","link":"https:\/\/wp.kristdemokraterna.se\/motala\/kristdemokraternas-vision-for-ett-tryggt-sverige\/","title":{"rendered":"Kristdemokraternas vision f\u00f6r ett tryggt Sverige"},"content":{"rendered":"<p>2009-02-06<br \/>\n<em>Kristdemokraterna Riks<\/em><\/p>\n<p><a href=\"https:\/\/www.kristdemokraterna.se\/Kontaktportal\/Kontaktportalsida\/?pId=9880\" target=\"_blank\" rel=\"noopener noreferrer\"><img loading=\"lazy\" decoding=\"async\" class=\"alignleft wp-image-1008 size-full\" src=\"http:\/\/wp.kristdemokraterna.se\/motala\/files\/2011\/01\/goranhelbildvand130.jpg\" alt=\"goranhelbildvand130\" width=\"130\" height=\"419\" srcset=\"https:\/\/wp.kristdemokraterna.se\/motala\/files\/2011\/01\/goranhelbildvand130.jpg 130w, https:\/\/wp.kristdemokraterna.se\/motala\/files\/2011\/01\/goranhelbildvand130-93x300.jpg 93w, https:\/\/wp.kristdemokraterna.se\/motala\/files\/2011\/01\/goranhelbildvand130-107x346.jpg 107w, https:\/\/wp.kristdemokraterna.se\/motala\/files\/2011\/01\/goranhelbildvand130-35x112.jpg 35w\" sizes=\"auto, (max-width: 130px) 100vw, 130px\" \/><\/a>I ett tryggt samh\u00e4lle bryr vi oss om varandra. Vi har tid, ser varandra och v\u00e5gar s\u00e4tta gr\u00e4nser. Vi lever i gemenskap \u2013 och v\u00e4xer i ansvar, i det stora och i det lilla. Det ger mod att st\u00e5 upp och hj\u00e4lpa medm\u00e4nniskor. Tillsammans skapar vi det goda samh\u00e4llet. Varje dag kan vi g\u00f6ra skillnad \u2013 samtidigt vet jag att mitt v\u00e4rde som m\u00e4nniska inte best\u00e5r i hur mycket jag kan utr\u00e4tta \u2013 jag \u00e4r v\u00e4rdefull just som jag \u00e4r.<\/p>\n<p>Min familj inneb\u00e4r gl\u00e4dje, f\u00f6rhoppningar, omsorg och oro &#8211; f\u00f6r sm\u00e5 barn, ton\u00e5ringar, barnbarn och mina gamla f\u00f6r\u00e4ldrar. Det \u00e4r h\u00e4r vi lever en stor del av v\u00e5ra liv. I relationen till dem som st\u00e5r oss n\u00e4rmast skapas grunden f\u00f6r v\u00e5r trygghet. Tid f\u00f6r familj och barn \u00e4r en bristvara \u2013 vi vill skapa utrymme f\u00f6r familjen att sj\u00e4lv best\u00e4mma \u00f6ver sin tillvaro. M\u00f6jlighet att forma mitt och familjens liv ger trygghet i vardagen.<\/p>\n<p>Respekt f\u00f6r v\u00e5ra \u00e4ldre borde vara en sj\u00e4lvklarhet. \u00c4ldre ska best\u00e4mma sj\u00e4lva. Min kunskap och f\u00f6rm\u00e5ga f\u00f6rsvinner inte n\u00e4r jag g\u00e5r i pension. Det \u00e4r trygghet att veta att det finns hj\u00e4lp att f\u00e5 n\u00e4r krafterna tryter. V\u00e5rd och omsorg finns f\u00f6r mig n\u00e4r jag blir sjuk. \u00c4ven n\u00e4r jag beh\u00f6ver mer omsorg best\u00e4mmer jag sj\u00e4lv \u00f6ver mitt liv och boende.<\/p>\n<p>Trygghet betyder allt i tider n\u00e4r f\u00f6retagen har det tufft och jobben blir f\u00e4rre. Vi st\u00e4ller upp f\u00f6r varandra f\u00f6r att klara hus och hem n\u00e4r det bl\u00e5ser sn\u00e5lt. Vi vet v\u00e4rdet av entrepren\u00f6rer som v\u00e5gar satsa och skapa jobb \u00e5t fler. Det \u00e4r trygghet i f\u00f6r\u00e4ndring.<\/p>\n<p>Att f\u00f6rvalta jorden s\u00e5 att v\u00e5ra barn f\u00e5r friskt vatten och ren luft \u00e4r trygghet.<\/p>\n<p>R\u00e4ttvisa och trygghet skapas av oss tillsammans. I ett r\u00e4ttvist samh\u00e4lle f\u00e5r vi del av v\u00e5ra gemensamma resurser. Vi bidrar var och en p\u00e5 det s\u00e4tt vi kan. I ett tryggt samh\u00e4lle f\u00e5r jag f\u00f6rvalta och utveckla f\u00f6rm\u00e5ga och talang.<br \/>\nI ett r\u00e4ttvist samh\u00e4lle ser vi l\u00e4ngre \u00e4n till oss sj\u00e4lva, och jobbar f\u00f6r r\u00e4ttvisa &#8211; mot fattigdom, f\u00f6rf\u00f6ljelse och f\u00f6rtryck.<img loading=\"lazy\" decoding=\"async\" class=\"alignright wp-image-1010\" src=\"http:\/\/wp.kristdemokraterna.se\/motala\/files\/2011\/01\/egen3a.jpg\" alt=\"Egen3a\" width=\"104\" height=\"88\" srcset=\"https:\/\/wp.kristdemokraterna.se\/motala\/files\/2011\/01\/egen3a.jpg 173w, https:\/\/wp.kristdemokraterna.se\/motala\/files\/2011\/01\/egen3a-132x112.jpg 132w\" sizes=\"auto, (max-width: 104px) 100vw, 104px\" \/><\/p>\n<p>Trygghet i det lilla \u00e4r trygghet i det stora.<br \/>\n&gt;\u00a0<a href=\"http:\/\/wp.kristdemokraterna.se\/motala\/files\/2015\/04\/trygghet_broschyr.pdf\">trygghet_broschyr<\/a> (pdf)<\/p>\n<p>K\u00e4lla: <a href=\"http:\/\/www.kristdemokraterna.se\/artiklar\/visionen.aspx\" target=\"_blank\" rel=\"noopener noreferrer\">www.kristdemokraterna.se\/artiklar\/visionen\/<\/a><\/p>\n","protected":false},"excerpt":{"rendered":"<p>2009-02-06 Kristdemokraterna Riks I ett tryggt samh\u00e4lle bryr vi oss om varandra. Vi har tid, ser varandra och v\u00e5gar s\u00e4tta gr\u00e4nser. Vi lever i gemenskap \u2013 och v\u00e4xer i ansvar, i det stora och i det lilla. Det ger mod att st\u00e5 upp och hj\u00e4lpa medm\u00e4nniskor. Tillsammans skapar vi det goda samh\u00e4llet. Varje dag kan <a class=\"read-more-link\" href=\"https:\/\/wp.kristdemokraterna.se\/motala\/kristdemokraternas-vision-for-ett-tryggt-sverige\/\">Read More<\/a><\/p>\n","protected":false},"author":686,"featured_media":0,"parent":0,"menu_order":30,"comment_status":"closed","ping_status":"closed","template":"","meta":{"_acf_changed":false,"footnotes":""},"class_list":["post-1005","page","type-page","status-publish","hentry"],"acf":[],"yoast_head":"<!-- This site is optimized with the Yoast SEO plugin v27.4 - https:\/\/yoast.com\/product\/yoast-seo-wordpress\/ -->\n<title>Kristdemokraternas vision f\u00f6r ett tryggt Sverige - Kristdemokraterna i Motala<\/title>\n<meta name=\"robots\" content=\"index, follow, max-snippet:-1, max-image-preview:large, max-video-preview:-1\" \/>\n<link rel=\"canonical\" href=\"https:\/\/wp.kristdemokraterna.se\/motala\/kristdemokraternas-vision-for-ett-tryggt-sverige\/\" \/>\n<meta property=\"og:locale\" content=\"sv_SE\" \/>\n<meta property=\"og:type\" content=\"article\" \/>\n<meta property=\"og:title\" content=\"Kristdemokraternas vision f\u00f6r ett tryggt Sverige - Kristdemokraterna i Motala\" \/>\n<meta property=\"og:description\" content=\"2009-02-06 Kristdemokraterna Riks I ett tryggt samh\u00e4lle bryr vi oss om varandra. Vi har tid, ser varandra och v\u00e5gar s\u00e4tta gr\u00e4nser. Vi lever i gemenskap \u2013 och v\u00e4xer i ansvar, i det stora och i det lilla. Det ger mod att st\u00e5 upp och hj\u00e4lpa medm\u00e4nniskor. Tillsammans skapar vi det goda samh\u00e4llet. Varje dag kan Read More\" \/>\n<meta property=\"og:url\" content=\"https:\/\/wp.kristdemokraterna.se\/motala\/kristdemokraternas-vision-for-ett-tryggt-sverige\/\" \/>\n<meta property=\"og:site_name\" content=\"Kristdemokraterna i Motala\" \/>\n<meta property=\"article:modified_time\" content=\"2019-04-09T12:17:08+00:00\" \/>\n<meta property=\"og:image\" content=\"http:\/\/wp.kristdemokraterna.se\/motala\/files\/2011\/01\/goranhelbildvand130.jpg\" \/>\n<meta name=\"twitter:card\" content=\"summary_large_image\" \/>\n<meta name=\"twitter:label1\" content=\"Ber\u00e4knad l\u00e4stid\" \/>\n\t<meta name=\"twitter:data1\" content=\"2 minuter\" \/>\n<script type=\"application\/ld+json\" class=\"yoast-schema-graph\">{\"@context\":\"https:\\\/\\\/schema.org\",\"@graph\":[{\"@type\":\"WebPage\",\"@id\":\"https:\\\/\\\/wp.kristdemokraterna.se\\\/motala\\\/kristdemokraternas-vision-for-ett-tryggt-sverige\\\/\",\"url\":\"https:\\\/\\\/wp.kristdemokraterna.se\\\/motala\\\/kristdemokraternas-vision-for-ett-tryggt-sverige\\\/\",\"name\":\"Kristdemokraternas vision f\u00f6r ett tryggt Sverige - Kristdemokraterna i Motala\",\"isPartOf\":{\"@id\":\"https:\\\/\\\/wp.kristdemokraterna.se\\\/motala\\\/#website\"},\"primaryImageOfPage\":{\"@id\":\"https:\\\/\\\/wp.kristdemokraterna.se\\\/motala\\\/kristdemokraternas-vision-for-ett-tryggt-sverige\\\/#primaryimage\"},\"image\":{\"@id\":\"https:\\\/\\\/wp.kristdemokraterna.se\\\/motala\\\/kristdemokraternas-vision-for-ett-tryggt-sverige\\\/#primaryimage\"},\"thumbnailUrl\":\"http:\\\/\\\/wp.kristdemokraterna.se\\\/motala\\\/files\\\/2011\\\/01\\\/goranhelbildvand130.jpg\",\"datePublished\":\"2011-01-01T10:00:05+00:00\",\"dateModified\":\"2019-04-09T12:17:08+00:00\",\"breadcrumb\":{\"@id\":\"https:\\\/\\\/wp.kristdemokraterna.se\\\/motala\\\/kristdemokraternas-vision-for-ett-tryggt-sverige\\\/#breadcrumb\"},\"inLanguage\":\"sv-SE\",\"potentialAction\":[{\"@type\":\"ReadAction\",\"target\":[\"https:\\\/\\\/wp.kristdemokraterna.se\\\/motala\\\/kristdemokraternas-vision-for-ett-tryggt-sverige\\\/\"]}]},{\"@type\":\"ImageObject\",\"inLanguage\":\"sv-SE\",\"@id\":\"https:\\\/\\\/wp.kristdemokraterna.se\\\/motala\\\/kristdemokraternas-vision-for-ett-tryggt-sverige\\\/#primaryimage\",\"url\":\"https:\\\/\\\/wp.kristdemokraterna.se\\\/motala\\\/files\\\/2011\\\/01\\\/goranhelbildvand130.jpg\",\"contentUrl\":\"https:\\\/\\\/wp.kristdemokraterna.se\\\/motala\\\/files\\\/2011\\\/01\\\/goranhelbildvand130.jpg\",\"width\":130,\"height\":419},{\"@type\":\"BreadcrumbList\",\"@id\":\"https:\\\/\\\/wp.kristdemokraterna.se\\\/motala\\\/kristdemokraternas-vision-for-ett-tryggt-sverige\\\/#breadcrumb\",\"itemListElement\":[{\"@type\":\"ListItem\",\"position\":1,\"name\":\"Hem\",\"item\":\"https:\\\/\\\/wp.kristdemokraterna.se\\\/motala\\\/\"},{\"@type\":\"ListItem\",\"position\":2,\"name\":\"Kristdemokraternas vision f\u00f6r ett tryggt Sverige\"}]},{\"@type\":\"WebSite\",\"@id\":\"https:\\\/\\\/wp.kristdemokraterna.se\\\/motala\\\/#website\",\"url\":\"https:\\\/\\\/wp.kristdemokraterna.se\\\/motala\\\/\",\"name\":\"Kristdemokraterna i Motala\",\"description\":\"Kristdemokraterna\",\"inLanguage\":\"sv-SE\"}]}<\/script>\n<!-- \/ Yoast SEO plugin. -->","yoast_head_json":{"title":"Kristdemokraternas vision f\u00f6r ett tryggt Sverige - Kristdemokraterna i Motala","robots":{"index":"index","follow":"follow","max-snippet":"max-snippet:-1","max-image-preview":"max-image-preview:large","max-video-preview":"max-video-preview:-1"},"canonical":"https:\/\/wp.kristdemokraterna.se\/motala\/kristdemokraternas-vision-for-ett-tryggt-sverige\/","og_locale":"sv_SE","og_type":"article","og_title":"Kristdemokraternas vision f\u00f6r ett tryggt Sverige - Kristdemokraterna i Motala","og_description":"2009-02-06 Kristdemokraterna Riks I ett tryggt samh\u00e4lle bryr vi oss om varandra. Vi har tid, ser varandra och v\u00e5gar s\u00e4tta gr\u00e4nser. Vi lever i gemenskap \u2013 och v\u00e4xer i ansvar, i det stora och i det lilla. Det ger mod att st\u00e5 upp och hj\u00e4lpa medm\u00e4nniskor. Tillsammans skapar vi det goda samh\u00e4llet. Varje dag kan Read More","og_url":"https:\/\/wp.kristdemokraterna.se\/motala\/kristdemokraternas-vision-for-ett-tryggt-sverige\/","og_site_name":"Kristdemokraterna i Motala","article_modified_time":"2019-04-09T12:17:08+00:00","og_image":[{"url":"http:\/\/wp.kristdemokraterna.se\/motala\/files\/2011\/01\/goranhelbildvand130.jpg","type":"","width":"","height":""}],"twitter_card":"summary_large_image","twitter_misc":{"Ber\u00e4knad l\u00e4stid":"2 minuter"},"schema":{"@context":"https:\/\/schema.org","@graph":[{"@type":"WebPage","@id":"https:\/\/wp.kristdemokraterna.se\/motala\/kristdemokraternas-vision-for-ett-tryggt-sverige\/","url":"https:\/\/wp.kristdemokraterna.se\/motala\/kristdemokraternas-vision-for-ett-tryggt-sverige\/","name":"Kristdemokraternas vision f\u00f6r ett tryggt Sverige - Kristdemokraterna i Motala","isPartOf":{"@id":"https:\/\/wp.kristdemokraterna.se\/motala\/#website"},"primaryImageOfPage":{"@id":"https:\/\/wp.kristdemokraterna.se\/motala\/kristdemokraternas-vision-for-ett-tryggt-sverige\/#primaryimage"},"image":{"@id":"https:\/\/wp.kristdemokraterna.se\/motala\/kristdemokraternas-vision-for-ett-tryggt-sverige\/#primaryimage"},"thumbnailUrl":"http:\/\/wp.kristdemokraterna.se\/motala\/files\/2011\/01\/goranhelbildvand130.jpg","datePublished":"2011-01-01T10:00:05+00:00","dateModified":"2019-04-09T12:17:08+00:00","breadcrumb":{"@id":"https:\/\/wp.kristdemokraterna.se\/motala\/kristdemokraternas-vision-for-ett-tryggt-sverige\/#breadcrumb"},"inLanguage":"sv-SE","potentialAction":[{"@type":"ReadAction","target":["https:\/\/wp.kristdemokraterna.se\/motala\/kristdemokraternas-vision-for-ett-tryggt-sverige\/"]}]},{"@type":"ImageObject","inLanguage":"sv-SE","@id":"https:\/\/wp.kristdemokraterna.se\/motala\/kristdemokraternas-vision-for-ett-tryggt-sverige\/#primaryimage","url":"https:\/\/wp.kristdemokraterna.se\/motala\/files\/2011\/01\/goranhelbildvand130.jpg","contentUrl":"https:\/\/wp.kristdemokraterna.se\/motala\/files\/2011\/01\/goranhelbildvand130.jpg","width":130,"height":419},{"@type":"BreadcrumbList","@id":"https:\/\/wp.kristdemokraterna.se\/motala\/kristdemokraternas-vision-for-ett-tryggt-sverige\/#breadcrumb","itemListElement":[{"@type":"ListItem","position":1,"name":"Hem","item":"https:\/\/wp.kristdemokraterna.se\/motala\/"},{"@type":"ListItem","position":2,"name":"Kristdemokraternas vision f\u00f6r ett tryggt Sverige"}]},{"@type":"WebSite","@id":"https:\/\/wp.kristdemokraterna.se\/motala\/#website","url":"https:\/\/wp.kristdemokraterna.se\/motala\/","name":"Kristdemokraterna i Motala","description":"Kristdemokraterna","inLanguage":"sv-SE"}]}},"_links":{"self":[{"href":"https:\/\/wp.kristdemokraterna.se\/motala\/wp-json\/wp\/v2\/pages\/1005","targetHints":{"allow":["GET"]}}],"collection":[{"href":"https:\/\/wp.kristdemokraterna.se\/motala\/wp-json\/wp\/v2\/pages"}],"about":[{"href":"https:\/\/wp.kristdemokraterna.se\/motala\/wp-json\/wp\/v2\/types\/page"}],"author":[{"embeddable":true,"href":"https:\/\/wp.kristdemokraterna.se\/motala\/wp-json\/wp\/v2\/users\/686"}],"replies":[{"embeddable":true,"href":"https:\/\/wp.kristdemokraterna.se\/motala\/wp-json\/wp\/v2\/comments?post=1005"}],"version-history":[{"count":6,"href":"https:\/\/wp.kristdemokraterna.se\/motala\/wp-json\/wp\/v2\/pages\/1005\/revisions"}],"predecessor-version":[{"id":3295,"href":"https:\/\/wp.kristdemokraterna.se\/motala\/wp-json\/wp\/v2\/pages\/1005\/revisions\/3295"}],"wp:attachment":[{"href":"https:\/\/wp.kristdemokraterna.se\/motala\/wp-json\/wp\/v2\/media?parent=1005"}],"curies":[{"name":"wp","href":"https:\/\/api.w.org\/{rel}","templated":true}]}}