{"id":1064,"date":"2015-04-20T16:19:17","date_gmt":"2015-04-20T14:19:17","guid":{"rendered":"http:\/\/wp.kristdemokraterna.se\/motala\/?page_id=1064"},"modified":"2019-09-20T18:58:18","modified_gmt":"2019-09-20T16:58:18","slug":"politiska-initiativ","status":"publish","type":"page","link":"https:\/\/wp.kristdemokraterna.se\/motala\/politiska-initiativ\/","title":{"rendered":"Politiska initiativ"},"content":{"rendered":"<p style=\"text-align: left\">H\u00e4r nedan finner du v\u00e5ra senaste politiska initiativ vi har\u00a0gjort i b\u00e5de fullm\u00e4ktige och press.<\/p>\n<p style=\"text-align: right\">&#8211; \u00c4ldre initiativ finns i v\u00e5rt arkiv<br \/>\n<em>&gt;\u00a0 <a href=\"http:\/\/wp.kristdemokraterna.se\/motala\/politiska-initiativ\/arkivet\/\">Politiska initiativ &#8211; Arkivet<\/a><\/em><\/p>\n<table>\n<tbody>\n<tr>\n<td>\n<div><strong>Debattartiklar<\/strong><\/div>\n<\/td>\n<\/tr>\n<tr>\n<td>2019-09-18 \u2013 <a href=\"http:\/\/wp.kristdemokraterna.se\/motala\/tid-for-mer-digitalisering-i-motala\/\">Tid f\u00f6r mer digitalisering i Motala<\/a><br \/>\n2019-05-03 \u2013 <a href=\"http:\/\/wp.kristdemokraterna.se\/motala\/kd-vill-gora-eu-lagom-igen\/\">KD vill g\u00f6ra EU lagom igen<\/a><br \/>\n========<br \/>\n2017-09-11\u00a0\u2013 <a href=\"http:\/\/wp.kristdemokraterna.se\/motala\/varning-for-neddragningar\/\">Varning f\u00f6r neddragningar<\/a><br \/>\n2017-05-31\u00a0\u2013 <a href=\"http:\/\/wp.kristdemokraterna.se\/motala\/dricksvatten-med-begransningar\/\">Dricksvatten med begr\u00e4nsningar?<\/a><br \/>\n2017-04-19\u00a0\u2013 <a href=\"http:\/\/wp.kristdemokraterna.se\/motala\/skoja-garna-men-kd-menar-allvar\/\">Skoja g\u00e4rna \u2013 men KD menar allvar<\/a><br \/>\n2017-03-23 \u2013 <a href=\"http:\/\/wp.kristdemokraterna.se\/motala\/rodgrona-radda-for-medborgarforslag\/\"><u><span style=\"color: #0066cc\">R\u00f6dgr\u00f6na r\u00e4dda f\u00f6r medborgarf\u00f6rslag<\/span><\/u><\/a><br \/>\n2017-03-01\u00a0\u2013 <a href=\"http:\/\/wp.kristdemokraterna.se\/motala\/motalas-aldre-vantar-an-pa-nytt-boende\/\"><u><span style=\"color: #0066cc\">Motalas \u00e4ldre v\u00e4ntar \u00e4n p\u00e5 nytt boende<\/span><\/u><\/a><br \/>\n2017-01-17\u00a0\u2013 <a href=\"http:\/\/wp.kristdemokraterna.se\/motala\/lss-leva-inte-bara-overleva\/\"><u><span style=\"color: #0066cc\">LSS \u2013 Leva, inte bara \u00f6verleva<\/span><\/u><\/a><\/td>\n<\/tr>\n<\/tbody>\n<\/table>\n<table>\n<tbody>\n<tr>\n<td>\n<div>\n<div><strong>Ins\u00e4ndare<\/strong><\/div>\n<\/div>\n<\/td>\n<\/tr>\n<tr>\n<td>2017-08-08 \u2013 <a href=\"http:\/\/wp.kristdemokraterna.se\/motala\/oka-kraven-for-sakerhet\/\">\u00d6ka kraven f\u00f6r s\u00e4kerhet<\/a><br \/>\n2017-06-02 \u2013 <a href=\"http:\/\/wp.kristdemokraterna.se\/motala\/minskad-raddningstjanst-sander-fel-signaler\/\">Minskad r\u00e4ddningstj\u00e4nst s\u00e4nder fel signaler<\/a><br \/>\n2017-03-22 \u2013 <a href=\"http:\/\/wp.kristdemokraterna.se\/motala\/bakvand-ordning-i-motala-kommun\/\"><u><span style=\"color: #0066cc\">Bakv\u00e4nd ordning i Motala kommun<\/span><\/u><\/a><br \/>\n2017-02-27 \u2013 <a href=\"http:\/\/wp.kristdemokraterna.se\/motala\/dra-inte-ner-i-borensberg\/\"><u><span style=\"color: #0066cc\">Dra inte ner i Borensberg<\/span><\/u><\/a><\/td>\n<\/tr>\n<\/tbody>\n<\/table>\n<table>\n<tbody>\n<tr>\n<td>\n<div><strong>Motioner<\/strong><\/div>\n<\/td>\n<\/tr>\n<tr>\n<td>2017-01-31 \u2013\u00a0<a href=\"http:\/\/wp.kristdemokraterna.se\/motala\/motioner\/inforande-av-introduktions-o-utbildningsenheter-inom-aldreomsorgen-o-hemtjansten\/\"><u><span style=\"color: #0066cc\">Inf\u00f6rande av introduktions o utbildningsenheter&#8230;<\/span><\/u><\/a><br \/>\n2016-09-28\u00a0\u2013\u00a0<a href=\"http:\/\/wp.kristdemokraterna.se\/motala\/motioner\/oppen-data\/\"><u><span style=\"color: #0066cc\">\u00d6ppen data<\/span><\/u><\/a><br \/>\n2016-04-27\u00a0\u2013 <a href=\"http:\/\/wp.kristdemokraterna.se\/motala\/motioner\/kommunal-samverkan-angaende-vatterns-ravatten-och-skydd\/\"><u><span style=\"color: #0066cc\">Kommunal samverkan ang\u00e5ende V\u00e4tterns r\u00e5vatten o skydd<\/span><\/u><\/a><br \/>\n2016-03-09\u00a0\u2013 <a href=\"http:\/\/wp.kristdemokraterna.se\/motala\/motioner\/ingen-ska-behova-tacka-nej-till-en-anstallning\/\"><u><span style=\"color: #0066cc\">Ingen ska beh\u00f6va tacka nej till en anst\u00e4llning<\/span><\/u><\/a><\/td>\n<\/tr>\n<\/tbody>\n<\/table>\n<table>\n<tbody>\n<tr>\n<td>\n<div>\n<div><strong>Interpellationer<\/strong><\/div>\n<\/div>\n<\/td>\n<\/tr>\n<tr>\n<td>2016-02-02 \u2013 <a href=\"http:\/\/wp.kristdemokraterna.se\/motala\/interpellationer\/interpellation-till-bn-ordforande-om-bemanningscentrum\/\"><u><span style=\"color: #0066cc\">Interpellation till BN ordf\u00f6rande om bemanningscentrum<\/span><\/u><\/a><br \/>\n2016-02-02 \u2013 <a href=\"http:\/\/wp.kristdemokraterna.se\/motala\/interpellationer\/interpellation-till-sn-ordforande-om-bemanningscentrum\/\"><u><span style=\"color: #0066cc\">Interpellation till SN ordf\u00f6rande om bemanningscentrum<\/span><\/u><\/a><br \/>\n2015-12-07 \u2013 <a href=\"http:\/\/wp.kristdemokraterna.se\/motala\/interpellationer\/hur-ska-motala-kommun-vara-som-en-attraktiv-arbetsgivare\/\"><u><span style=\"color: #0066cc\">Hur ska Motala kommun vara som en attraktiv arbetsgivare?<\/span><\/u><\/a><br \/>\n2015-08-24 \u2013 <a href=\"http:\/\/wp.kristdemokraterna.se\/motala\/interpellationer\/interpellation-gallande-sveriges-rundradiomuseum\/\"><u><span style=\"color: #0066cc\">Interpellation g\u00e4llande Sveriges Rundradiomuseum<\/span><\/u><\/a><br \/>\n2015-03-30 \u2013 <a title=\"Interpellation g\u00e4llande bostadsf\u00f6rs\u00f6rjningsprogrammet\" href=\"http:\/\/wp.kristdemokraterna.se\/motala\/interpellationer\/interpellation-gallande-bostadsforsorjningsprogrammet\/\"><u><span style=\"color: #0066cc\">Interpellation g\u00e4llande bostadsf\u00f6rs\u00f6rjningsprogram i Motala kommun\u00a0<\/span><\/u><\/a><\/td>\n<\/tr>\n<\/tbody>\n<\/table>\n","protected":false},"excerpt":{"rendered":"<p>H\u00e4r nedan finner du v\u00e5ra senaste politiska initiativ vi har\u00a0gjort i b\u00e5de fullm\u00e4ktige och press. &#8211; \u00c4ldre initiativ finns i v\u00e5rt arkiv &gt;\u00a0 Politiska initiativ &#8211; Arkivet Debattartiklar 2019-09-18 \u2013 Tid f\u00f6r mer digitalisering i Motala 2019-05-03 \u2013 KD vill g\u00f6ra EU lagom igen ======== 2017-09-11\u00a0\u2013 Varning f\u00f6r neddragningar 2017-05-31\u00a0\u2013 Dricksvatten med begr\u00e4nsningar? 2017-04-19\u00a0\u2013 Skoja <a class=\"read-more-link\" href=\"https:\/\/wp.kristdemokraterna.se\/motala\/politiska-initiativ\/\">Read More<\/a><\/p>\n","protected":false},"author":686,"featured_media":0,"parent":0,"menu_order":35,"comment_status":"closed","ping_status":"closed","template":"","meta":{"_acf_changed":false,"footnotes":""},"class_list":["post-1064","page","type-page","status-publish","hentry"],"acf":[],"yoast_head":"<!-- This site is optimized with the Yoast SEO plugin v27.4 - https:\/\/yoast.com\/product\/yoast-seo-wordpress\/ -->\n<title>Politiska initiativ - Kristdemokraterna i Motala<\/title>\n<meta name=\"robots\" content=\"index, follow, max-snippet:-1, max-image-preview:large, max-video-preview:-1\" \/>\n<link rel=\"canonical\" href=\"https:\/\/wp.kristdemokraterna.se\/motala\/politiska-initiativ\/\" \/>\n<meta property=\"og:locale\" content=\"sv_SE\" \/>\n<meta property=\"og:type\" content=\"article\" \/>\n<meta property=\"og:title\" content=\"Politiska initiativ - Kristdemokraterna i Motala\" \/>\n<meta property=\"og:description\" content=\"H\u00e4r nedan finner du v\u00e5ra senaste politiska initiativ vi har\u00a0gjort i b\u00e5de fullm\u00e4ktige och press. &#8211; \u00c4ldre initiativ finns i v\u00e5rt arkiv &gt;\u00a0 Politiska initiativ &#8211; Arkivet Debattartiklar 2019-09-18 \u2013 Tid f\u00f6r mer digitalisering i Motala 2019-05-03 \u2013 KD vill g\u00f6ra EU lagom igen ======== 2017-09-11\u00a0\u2013 Varning f\u00f6r neddragningar 2017-05-31\u00a0\u2013 Dricksvatten med begr\u00e4nsningar? 2017-04-19\u00a0\u2013 Skoja Read More\" \/>\n<meta property=\"og:url\" content=\"https:\/\/wp.kristdemokraterna.se\/motala\/politiska-initiativ\/\" \/>\n<meta property=\"og:site_name\" content=\"Kristdemokraterna i Motala\" \/>\n<meta property=\"article:modified_time\" content=\"2019-09-20T16:58:18+00:00\" \/>\n<meta name=\"twitter:card\" content=\"summary_large_image\" \/>\n<meta name=\"twitter:label1\" content=\"Ber\u00e4knad l\u00e4stid\" \/>\n\t<meta name=\"twitter:data1\" content=\"1 minut\" \/>\n<script type=\"application\/ld+json\" class=\"yoast-schema-graph\">{\"@context\":\"https:\\\/\\\/schema.org\",\"@graph\":[{\"@type\":\"WebPage\",\"@id\":\"https:\\\/\\\/wp.kristdemokraterna.se\\\/motala\\\/politiska-initiativ\\\/\",\"url\":\"https:\\\/\\\/wp.kristdemokraterna.se\\\/motala\\\/politiska-initiativ\\\/\",\"name\":\"Politiska initiativ - Kristdemokraterna i Motala\",\"isPartOf\":{\"@id\":\"https:\\\/\\\/wp.kristdemokraterna.se\\\/motala\\\/#website\"},\"datePublished\":\"2015-04-20T14:19:17+00:00\",\"dateModified\":\"2019-09-20T16:58:18+00:00\",\"breadcrumb\":{\"@id\":\"https:\\\/\\\/wp.kristdemokraterna.se\\\/motala\\\/politiska-initiativ\\\/#breadcrumb\"},\"inLanguage\":\"sv-SE\",\"potentialAction\":[{\"@type\":\"ReadAction\",\"target\":[\"https:\\\/\\\/wp.kristdemokraterna.se\\\/motala\\\/politiska-initiativ\\\/\"]}]},{\"@type\":\"BreadcrumbList\",\"@id\":\"https:\\\/\\\/wp.kristdemokraterna.se\\\/motala\\\/politiska-initiativ\\\/#breadcrumb\",\"itemListElement\":[{\"@type\":\"ListItem\",\"position\":1,\"name\":\"Hem\",\"item\":\"https:\\\/\\\/wp.kristdemokraterna.se\\\/motala\\\/\"},{\"@type\":\"ListItem\",\"position\":2,\"name\":\"Politiska initiativ\"}]},{\"@type\":\"WebSite\",\"@id\":\"https:\\\/\\\/wp.kristdemokraterna.se\\\/motala\\\/#website\",\"url\":\"https:\\\/\\\/wp.kristdemokraterna.se\\\/motala\\\/\",\"name\":\"Kristdemokraterna i Motala\",\"description\":\"Kristdemokraterna\",\"inLanguage\":\"sv-SE\"}]}<\/script>\n<!-- \/ Yoast SEO plugin. -->","yoast_head_json":{"title":"Politiska initiativ - Kristdemokraterna i Motala","robots":{"index":"index","follow":"follow","max-snippet":"max-snippet:-1","max-image-preview":"max-image-preview:large","max-video-preview":"max-video-preview:-1"},"canonical":"https:\/\/wp.kristdemokraterna.se\/motala\/politiska-initiativ\/","og_locale":"sv_SE","og_type":"article","og_title":"Politiska initiativ - Kristdemokraterna i Motala","og_description":"H\u00e4r nedan finner du v\u00e5ra senaste politiska initiativ vi har\u00a0gjort i b\u00e5de fullm\u00e4ktige och press. &#8211; \u00c4ldre initiativ finns i v\u00e5rt arkiv &gt;\u00a0 Politiska initiativ &#8211; Arkivet Debattartiklar 2019-09-18 \u2013 Tid f\u00f6r mer digitalisering i Motala 2019-05-03 \u2013 KD vill g\u00f6ra EU lagom igen ======== 2017-09-11\u00a0\u2013 Varning f\u00f6r neddragningar 2017-05-31\u00a0\u2013 Dricksvatten med begr\u00e4nsningar? 2017-04-19\u00a0\u2013 Skoja Read More","og_url":"https:\/\/wp.kristdemokraterna.se\/motala\/politiska-initiativ\/","og_site_name":"Kristdemokraterna i Motala","article_modified_time":"2019-09-20T16:58:18+00:00","twitter_card":"summary_large_image","twitter_misc":{"Ber\u00e4knad l\u00e4stid":"1 minut"},"schema":{"@context":"https:\/\/schema.org","@graph":[{"@type":"WebPage","@id":"https:\/\/wp.kristdemokraterna.se\/motala\/politiska-initiativ\/","url":"https:\/\/wp.kristdemokraterna.se\/motala\/politiska-initiativ\/","name":"Politiska initiativ - Kristdemokraterna i Motala","isPartOf":{"@id":"https:\/\/wp.kristdemokraterna.se\/motala\/#website"},"datePublished":"2015-04-20T14:19:17+00:00","dateModified":"2019-09-20T16:58:18+00:00","breadcrumb":{"@id":"https:\/\/wp.kristdemokraterna.se\/motala\/politiska-initiativ\/#breadcrumb"},"inLanguage":"sv-SE","potentialAction":[{"@type":"ReadAction","target":["https:\/\/wp.kristdemokraterna.se\/motala\/politiska-initiativ\/"]}]},{"@type":"BreadcrumbList","@id":"https:\/\/wp.kristdemokraterna.se\/motala\/politiska-initiativ\/#breadcrumb","itemListElement":[{"@type":"ListItem","position":1,"name":"Hem","item":"https:\/\/wp.kristdemokraterna.se\/motala\/"},{"@type":"ListItem","position":2,"name":"Politiska initiativ"}]},{"@type":"WebSite","@id":"https:\/\/wp.kristdemokraterna.se\/motala\/#website","url":"https:\/\/wp.kristdemokraterna.se\/motala\/","name":"Kristdemokraterna i Motala","description":"Kristdemokraterna","inLanguage":"sv-SE"}]}},"_links":{"self":[{"href":"https:\/\/wp.kristdemokraterna.se\/motala\/wp-json\/wp\/v2\/pages\/1064","targetHints":{"allow":["GET"]}}],"collection":[{"href":"https:\/\/wp.kristdemokraterna.se\/motala\/wp-json\/wp\/v2\/pages"}],"about":[{"href":"https:\/\/wp.kristdemokraterna.se\/motala\/wp-json\/wp\/v2\/types\/page"}],"author":[{"embeddable":true,"href":"https:\/\/wp.kristdemokraterna.se\/motala\/wp-json\/wp\/v2\/users\/686"}],"replies":[{"embeddable":true,"href":"https:\/\/wp.kristdemokraterna.se\/motala\/wp-json\/wp\/v2\/comments?post=1064"}],"version-history":[{"count":67,"href":"https:\/\/wp.kristdemokraterna.se\/motala\/wp-json\/wp\/v2\/pages\/1064\/revisions"}],"predecessor-version":[{"id":3472,"href":"https:\/\/wp.kristdemokraterna.se\/motala\/wp-json\/wp\/v2\/pages\/1064\/revisions\/3472"}],"wp:attachment":[{"href":"https:\/\/wp.kristdemokraterna.se\/motala\/wp-json\/wp\/v2\/media?parent=1064"}],"curies":[{"name":"wp","href":"https:\/\/api.w.org\/{rel}","templated":true}]}}