{"id":133,"date":"2010-03-22T11:09:50","date_gmt":"2010-03-22T10:09:50","guid":{"rendered":"http:\/\/wp.kristdemokraterna.se\/motala\/?page_id=133"},"modified":"2019-04-09T14:17:08","modified_gmt":"2019-04-09T12:17:08","slug":"lankar","status":"publish","type":"page","link":"https:\/\/wp.kristdemokraterna.se\/motala\/lankar\/","title":{"rendered":"L\u00e4nkar"},"content":{"rendered":"<table>\n<tbody>\n<tr>\n<td>\n<div><strong>Kristdemokratiska v\u00e4nner i Sverige<\/strong><\/div>\n<\/td>\n<\/tr>\n<tr>\n<td><a href=\"http:\/\/www.kristdemokraterna.se\/\" target=\"_blank\" rel=\"noopener noreferrer\">KD &#8211; Kristdemokraterna<\/a><br \/>\n<a title=\"www.ostergotland.kristdemokraterna.se\/\" href=\"http:\/\/wp.kristdemokraterna.se\/e\" target=\"_blank\" rel=\"noopener noreferrer\">KD E &#8211; Kristdemokraterna i \u00d6sterg\u00f6tland<\/a><br \/>\n<a title=\"www.lio.kristdemokraterna.se\" href=\"http:\/\/wp.kristdemokraterna.se\/lio\" target=\"_blank\" rel=\"noopener noreferrer\">KD Li\u00d6 &#8211; Kristdemokraterna i Landstinget i \u00d6sterg\u00f6tland<\/a><br \/>\n<a title=\"www.regionostergotland.kristdemokraterna.se\/\" href=\"http:\/\/wp.kristdemokraterna.se\/regionostergotland\" target=\"_blank\" rel=\"noopener noreferrer\">KD R\u00d6 &#8211; Kristdemokraterna i Region \u00d6sterg\u00f6tland <\/a><br \/>\n<a href=\"http:\/\/www.kdu.se\/\" target=\"_blank\" rel=\"noopener noreferrer\">KDU &#8211; Kristdemokratiska Ungdomsf\u00f6rbundet<\/a><br \/>\n<a title=\"www.ostergotland.kdu.se\/\" href=\"http:\/\/wp.kdu.se\/ostergotland\" target=\"_blank\" rel=\"noopener noreferrer\">KDU E &#8211; Kristdemokratiska Ungdomsf\u00f6rbundet i \u00d6sterg\u00f6tland<\/a><br \/>\n<a href=\"http:\/\/www.kd-k.se\/\" target=\"_blank\" rel=\"noopener noreferrer\">Kd-k &#8211; Kristdemokratiska Kvinnof\u00f6rbundet<\/a><br \/>\n<a href=\"http:\/\/www.kdsenior.se\/\" target=\"_blank\" rel=\"noopener noreferrer\">Kd-s &#8211; Kristdemokratiska Seniorf\u00f6rbundet<\/a><br \/>\n<a title=\"www.studentmakt.nu\" href=\"http:\/\/www.kdstudent.se\/\" target=\"_blank\" rel=\"noopener noreferrer\">KSF &#8211; Kristdemokratiska Studentf\u00f6rbundet<\/a><br \/>\nKd-f &#8211; Kristdemokraternas F\u00f6retagarr\u00e5d<br \/>\nFSR &#8211; Fackligt-sociala r\u00e5det<br \/>\n<a href=\"http:\/\/www.poletik.net\/\" target=\"_blank\" rel=\"noopener noreferrer\">Tidningen POLETIK <\/a><br \/>\n<a href=\"http:\/\/www.kristdemokraten.com\/\" target=\"_blank\" rel=\"noopener noreferrer\">Tidningen Kristdemokraten<\/a><br \/>\n<a href=\"http:\/\/www.civitas.net\/\" target=\"_blank\" rel=\"noopener noreferrer\">Civitas &#8211; Kristdemokratiskt id\u00e9institut<br \/>\n<\/a><a href=\"http:\/\/www.kicsweden.org\/\" target=\"_blank\" rel=\"noopener noreferrer\">KIC \u2013 Kristdemokratiskt Internationellt Center<\/a><br \/>\nFB &#8211; Studieorganisationen Framtidsbildarna<\/td>\n<\/tr>\n<\/tbody>\n<\/table>\n<table>\n<tbody>\n<tr>\n<td>\n<div><strong>Kristdemokraterna i Europa och v\u00e4rlden<\/strong><\/div>\n<\/td>\n<\/tr>\n<tr>\n<td><a href=\"http:\/\/www.adaktusson.eu\/\" target=\"_blank\" rel=\"noopener noreferrer\">Lars Adaktusson<\/a> (<a href=\"https:\/\/www.kristdemokraterna.se\/Kontaktportal\/Kontaktportalsida\/?pId=98650\" target=\"_blank\" rel=\"noopener noreferrer\">&gt;&gt;<\/a>)<br \/>\n<a href=\"http:\/\/www.epp.eu\/\" target=\"_blank\" rel=\"noopener noreferrer\">EPP &#8211; European People&#8217;s Party<\/a><br \/>\n<a href=\"http:\/\/www.eppgroup.eu\/\" target=\"_blank\" rel=\"noopener noreferrer\">EPP-gruppen i Europaparlamentet<\/a><br \/>\n<a href=\"http:\/\/www.idc-cdi.com\/\" target=\"_blank\" rel=\"noopener noreferrer\">IDC-CDI &#8211; Christian Democrat and People&#8217;s parties international <\/a><br \/>\n<a href=\"http:\/\/www.alfsvensson.eu\/\" target=\"_blank\" rel=\"noopener noreferrer\">Alf Svensson<\/a> \u00a0 (<a href=\"http:\/\/www.kristdemokraterna.se\/Kontaktportal\/Kontaktportalsida\/?pId=2563\" target=\"_blank\" rel=\"noopener noreferrer\">&gt;&gt;<\/a>)<\/td>\n<\/tr>\n<\/tbody>\n<\/table>\n<table>\n<tbody>\n<tr>\n<td>\n<div><strong>Kristdemokratiska lokalavdelningar i \u00d6sterg\u00f6tland<\/strong><\/div>\n<\/td>\n<\/tr>\n<tr>\n<td>Kristdemokraterna i Boxholm<br \/>\n<a href=\"http:\/\/www.finspang.kristdemokraterna.se\/\" target=\"_blank\" rel=\"noopener noreferrer\">Kristdemokraterna i Finsp\u00e5ng<\/a><br \/>\n<a href=\"http:\/\/www.kinda.kristdemokraterna.se\/\" target=\"_blank\" rel=\"noopener noreferrer\">Kristdemokraterna i Kinda<\/a><br \/>\n<a href=\"http:\/\/www.linkoping.kristdemokraterna.se\/\" target=\"_blank\" rel=\"noopener noreferrer\">Kristdemokraterna i Link\u00f6ping<\/a><br \/>\n<a href=\"http:\/\/www.kristdemokraterna.se\/mjolby\/\" target=\"_blank\" rel=\"noopener noreferrer\">Kristdemokraterna i Mj\u00f6lby<\/a><br \/>\n<a href=\"http:\/\/www.norrkoping.kristdemokraterna.se\/\" target=\"_blank\" rel=\"noopener noreferrer\">Kristdemokraterna i Norrk\u00f6ping<\/a><br \/>\n<a href=\"http:\/\/www.kristdemokraterna.se\/soderkoping\" target=\"_blank\" rel=\"noopener noreferrer\">Kristdemokraterna i S\u00f6derk\u00f6ping<\/a><br \/>\n<a href=\"http:\/\/www.vadstena.kristdemokraterna.se\/\" target=\"_blank\" rel=\"noopener noreferrer\">Kristdemokraterna i Vadstena<\/a><br \/>\n<a href=\"http:\/\/www.valdemarsvik.kristdemokraterna.se\/\" target=\"_blank\" rel=\"noopener noreferrer\">Kristdemokraterna i Valdemarsvik<\/a><br \/>\n<a href=\"http:\/\/ydrebo.se\/kd\/\" target=\"_blank\" rel=\"noopener noreferrer\">Kristdemokraterna i Ydre<\/a><br \/>\nKristdemokraterna i \u00c5tvidaberg<br \/>\n<a href=\"http:\/\/www.odeshog.kristdemokraterna.se\/\" target=\"_blank\" rel=\"noopener noreferrer\">Kristdemokraterna i \u00d6desh\u00f6g <\/a><\/td>\n<\/tr>\n<\/tbody>\n<\/table>\n<table>\n<tbody>\n<tr>\n<td>\n<div><strong>\u00d6vrigt<\/strong><\/div>\n<\/td>\n<\/tr>\n<tr>\n<td><a href=\"http:\/\/www.europa.eu\/index_sv.htm\" target=\"_blank\" rel=\"noopener noreferrer\">Europeiska Unionen<\/a><br \/>\n<a href=\"http:\/\/www.europarl.europa.eu\/portal\/sv\" target=\"_blank\" rel=\"noopener noreferrer\">Europaparlamentet<\/a><br \/>\n<a href=\"http:\/\/www.regeringen.se\/\" target=\"_blank\" rel=\"noopener noreferrer\">Regeringskansliet<\/a><br \/>\n<a href=\"http:\/\/www.val.se\/\" target=\"_blank\" rel=\"noopener noreferrer\">Valmyndigeten<\/a><br \/>\n<a href=\"http:\/\/www.riksdagen.se\/\" target=\"_blank\" rel=\"noopener noreferrer\">Sveriges Riksdag<\/a><br \/>\n<a href=\"http:\/\/www.lansstyrelsen.se\/ostergotland\" target=\"_blank\" rel=\"noopener noreferrer\">L\u00e4nsstyrelsen \u00d6sterg\u00f6tland<\/a><br \/>\n<a href=\"http:\/\/www.regionostergotland.se\" target=\"_blank\" rel=\"noopener noreferrer\">Region \u00d6sterg\u00f6tland<\/a>\u00a0 (<em>f.d <a href=\"http:\/\/www.lio.se\/\" target=\"_blank\" rel=\"noopener noreferrer\">Landstinget i \u00d6sterg\u00f6tland<\/a> &amp; <a href=\"http:\/\/www.ostsam.se\/\" target=\"_blank\" rel=\"noopener noreferrer\">Regionf\u00f6rbundet \u00d6stsam<\/a><\/em>)<br \/>\n<a href=\"http:\/\/www.regionostergotland.se\/eu\" target=\"_blank\" rel=\"noopener noreferrer\">Region \u00d6sterg\u00f6tlands EU kontor<\/a>\u00a0 <em>(f.d <a href=\"http:\/\/www.eastsweden.org\/\" target=\"_blank\" rel=\"noopener noreferrer\">East Sweden Region EU Office<\/a>)<\/em><br \/>\n<a href=\"http:\/\/www.tillvaxtmotala.se\/\" target=\"_blank\" rel=\"noopener noreferrer\">Tillv\u00e4xt Motala AB<\/a><br \/>\n<a href=\"http:\/\/start.motala.se\" target=\"_blank\" rel=\"noopener noreferrer\">Motala &#8211; \u00d6sterg\u00f6tlands sj\u00f6stad<\/a><br \/>\n<a href=\"http:\/\/www.motala.se\/sv\/Invanare\/\" target=\"_blank\" rel=\"noopener noreferrer\">Motala kommun<\/a><br \/>\n<span style=\"color: #999999\"><em>Motala kommun<\/em><em> &#8211; Ny webb<\/em><\/span><br \/>\n<a href=\"http:\/\/www.alliansenmotala.se\" target=\"_blank\" rel=\"noopener noreferrer\">Alliansen Motala<\/a><br \/>\n<a href=\"http:\/\/www.alliansen.se\/\" target=\"_blank\" rel=\"noopener noreferrer\">Alliansen<\/a><br \/>\n<a href=\"http:\/\/www.notisum.se\/rnp\/sls\/lag\/19910900.htm\" target=\"_blank\" rel=\"noopener noreferrer\">Kommunallagen (1991:900) <\/a><br \/>\n&#8212;<br \/>\n<a href=\"http:\/\/www.familjen.nu\/\" target=\"_blank\" rel=\"noopener noreferrer\">Familjen.NU<\/a><br \/>\n<a href=\"http:\/\/www.kristdemokraterna.se\/kampanjer\/TidForBarnen\/\" target=\"_blank\" rel=\"noopener noreferrer\">Tid f\u00f6r barnen<\/a><br \/>\n<a href=\"https:\/\/www.kristdemokraterna.se\/BarnsOchUngasUppvaxtvillkor\/\" target=\"_blank\" rel=\"noopener noreferrer\">Fokus Barn och Unga <\/a><br \/>\n<a href=\"http:\/\/www.elections2014.eu\/sv\" target=\"_blank\" rel=\"noopener noreferrer\">Val2014.eu<\/a><\/td>\n<\/tr>\n<\/tbody>\n<\/table>\n<table>\n<tbody>\n<tr>\n<td>\n<div><strong>Bloggar o dyl.<br \/>\n<\/strong><\/div>\n<\/td>\n<\/tr>\n<tr>\n<td><a href=\"http:\/\/wp.kristdemokraterna.se\/skolbloggen\" target=\"_blank\" rel=\"noopener noreferrer\">KD Skolbloggen<\/a><br \/>\n<a href=\"http:\/\/graanbloggen.wordpress.com\/\" target=\"_blank\" rel=\"noopener noreferrer\">Graanbloggen<\/a>\u00a0 (<em>Nils-Ingvar &#8221;Nisse&#8221; Graans blogg<\/em>)<\/td>\n<\/tr>\n<\/tbody>\n<\/table>\n<p>&nbsp;<\/p>\n","protected":false},"excerpt":{"rendered":"<p>Kristdemokratiska v\u00e4nner i Sverige KD &#8211; Kristdemokraterna KD E &#8211; Kristdemokraterna i \u00d6sterg\u00f6tland KD Li\u00d6 &#8211; Kristdemokraterna i Landstinget i \u00d6sterg\u00f6tland KD R\u00d6 &#8211; Kristdemokraterna i Region \u00d6sterg\u00f6tland KDU &#8211; Kristdemokratiska Ungdomsf\u00f6rbundet KDU E &#8211; Kristdemokratiska Ungdomsf\u00f6rbundet i \u00d6sterg\u00f6tland Kd-k &#8211; Kristdemokratiska Kvinnof\u00f6rbundet Kd-s &#8211; Kristdemokratiska Seniorf\u00f6rbundet KSF &#8211; Kristdemokratiska Studentf\u00f6rbundet Kd-f &#8211; Kristdemokraternas F\u00f6retagarr\u00e5d <a class=\"read-more-link\" href=\"https:\/\/wp.kristdemokraterna.se\/motala\/lankar\/\">Read More<\/a><\/p>\n","protected":false},"author":686,"featured_media":0,"parent":0,"menu_order":31,"comment_status":"closed","ping_status":"closed","template":"","meta":{"_acf_changed":false,"footnotes":""},"class_list":["post-133","page","type-page","status-publish","hentry"],"acf":[],"yoast_head":"<!-- This site is optimized with the Yoast SEO plugin v27.4 - https:\/\/yoast.com\/product\/yoast-seo-wordpress\/ -->\n<title>L\u00e4nkar - Kristdemokraterna i Motala<\/title>\n<meta name=\"robots\" content=\"index, follow, max-snippet:-1, max-image-preview:large, max-video-preview:-1\" \/>\n<link rel=\"canonical\" href=\"https:\/\/wp.kristdemokraterna.se\/motala\/lankar\/\" \/>\n<meta property=\"og:locale\" content=\"sv_SE\" \/>\n<meta property=\"og:type\" content=\"article\" \/>\n<meta property=\"og:title\" content=\"L\u00e4nkar - Kristdemokraterna i Motala\" \/>\n<meta property=\"og:description\" content=\"Kristdemokratiska v\u00e4nner i Sverige KD &#8211; Kristdemokraterna KD E &#8211; Kristdemokraterna i \u00d6sterg\u00f6tland KD Li\u00d6 &#8211; Kristdemokraterna i Landstinget i \u00d6sterg\u00f6tland KD R\u00d6 &#8211; Kristdemokraterna i Region \u00d6sterg\u00f6tland KDU &#8211; Kristdemokratiska Ungdomsf\u00f6rbundet KDU E &#8211; Kristdemokratiska Ungdomsf\u00f6rbundet i \u00d6sterg\u00f6tland Kd-k &#8211; Kristdemokratiska Kvinnof\u00f6rbundet Kd-s &#8211; Kristdemokratiska Seniorf\u00f6rbundet KSF &#8211; Kristdemokratiska Studentf\u00f6rbundet Kd-f &#8211; Kristdemokraternas F\u00f6retagarr\u00e5d Read More\" \/>\n<meta property=\"og:url\" content=\"https:\/\/wp.kristdemokraterna.se\/motala\/lankar\/\" \/>\n<meta property=\"og:site_name\" content=\"Kristdemokraterna i Motala\" \/>\n<meta property=\"article:modified_time\" content=\"2019-04-09T12:17:08+00:00\" \/>\n<meta name=\"twitter:card\" content=\"summary_large_image\" \/>\n<meta name=\"twitter:label1\" content=\"Ber\u00e4knad l\u00e4stid\" \/>\n\t<meta name=\"twitter:data1\" content=\"1 minut\" \/>\n<script type=\"application\/ld+json\" class=\"yoast-schema-graph\">{\"@context\":\"https:\\\/\\\/schema.org\",\"@graph\":[{\"@type\":\"WebPage\",\"@id\":\"https:\\\/\\\/wp.kristdemokraterna.se\\\/motala\\\/lankar\\\/\",\"url\":\"https:\\\/\\\/wp.kristdemokraterna.se\\\/motala\\\/lankar\\\/\",\"name\":\"L\u00e4nkar - Kristdemokraterna i Motala\",\"isPartOf\":{\"@id\":\"https:\\\/\\\/wp.kristdemokraterna.se\\\/motala\\\/#website\"},\"datePublished\":\"2010-03-22T10:09:50+00:00\",\"dateModified\":\"2019-04-09T12:17:08+00:00\",\"breadcrumb\":{\"@id\":\"https:\\\/\\\/wp.kristdemokraterna.se\\\/motala\\\/lankar\\\/#breadcrumb\"},\"inLanguage\":\"sv-SE\",\"potentialAction\":[{\"@type\":\"ReadAction\",\"target\":[\"https:\\\/\\\/wp.kristdemokraterna.se\\\/motala\\\/lankar\\\/\"]}]},{\"@type\":\"BreadcrumbList\",\"@id\":\"https:\\\/\\\/wp.kristdemokraterna.se\\\/motala\\\/lankar\\\/#breadcrumb\",\"itemListElement\":[{\"@type\":\"ListItem\",\"position\":1,\"name\":\"Hem\",\"item\":\"https:\\\/\\\/wp.kristdemokraterna.se\\\/motala\\\/\"},{\"@type\":\"ListItem\",\"position\":2,\"name\":\"L\u00e4nkar\"}]},{\"@type\":\"WebSite\",\"@id\":\"https:\\\/\\\/wp.kristdemokraterna.se\\\/motala\\\/#website\",\"url\":\"https:\\\/\\\/wp.kristdemokraterna.se\\\/motala\\\/\",\"name\":\"Kristdemokraterna i Motala\",\"description\":\"Kristdemokraterna\",\"inLanguage\":\"sv-SE\"}]}<\/script>\n<!-- \/ Yoast SEO plugin. -->","yoast_head_json":{"title":"L\u00e4nkar - Kristdemokraterna i Motala","robots":{"index":"index","follow":"follow","max-snippet":"max-snippet:-1","max-image-preview":"max-image-preview:large","max-video-preview":"max-video-preview:-1"},"canonical":"https:\/\/wp.kristdemokraterna.se\/motala\/lankar\/","og_locale":"sv_SE","og_type":"article","og_title":"L\u00e4nkar - Kristdemokraterna i Motala","og_description":"Kristdemokratiska v\u00e4nner i Sverige KD &#8211; Kristdemokraterna KD E &#8211; Kristdemokraterna i \u00d6sterg\u00f6tland KD Li\u00d6 &#8211; Kristdemokraterna i Landstinget i \u00d6sterg\u00f6tland KD R\u00d6 &#8211; Kristdemokraterna i Region \u00d6sterg\u00f6tland KDU &#8211; Kristdemokratiska Ungdomsf\u00f6rbundet KDU E &#8211; Kristdemokratiska Ungdomsf\u00f6rbundet i \u00d6sterg\u00f6tland Kd-k &#8211; Kristdemokratiska Kvinnof\u00f6rbundet Kd-s &#8211; Kristdemokratiska Seniorf\u00f6rbundet KSF &#8211; Kristdemokratiska Studentf\u00f6rbundet Kd-f &#8211; Kristdemokraternas F\u00f6retagarr\u00e5d Read More","og_url":"https:\/\/wp.kristdemokraterna.se\/motala\/lankar\/","og_site_name":"Kristdemokraterna i Motala","article_modified_time":"2019-04-09T12:17:08+00:00","twitter_card":"summary_large_image","twitter_misc":{"Ber\u00e4knad l\u00e4stid":"1 minut"},"schema":{"@context":"https:\/\/schema.org","@graph":[{"@type":"WebPage","@id":"https:\/\/wp.kristdemokraterna.se\/motala\/lankar\/","url":"https:\/\/wp.kristdemokraterna.se\/motala\/lankar\/","name":"L\u00e4nkar - Kristdemokraterna i Motala","isPartOf":{"@id":"https:\/\/wp.kristdemokraterna.se\/motala\/#website"},"datePublished":"2010-03-22T10:09:50+00:00","dateModified":"2019-04-09T12:17:08+00:00","breadcrumb":{"@id":"https:\/\/wp.kristdemokraterna.se\/motala\/lankar\/#breadcrumb"},"inLanguage":"sv-SE","potentialAction":[{"@type":"ReadAction","target":["https:\/\/wp.kristdemokraterna.se\/motala\/lankar\/"]}]},{"@type":"BreadcrumbList","@id":"https:\/\/wp.kristdemokraterna.se\/motala\/lankar\/#breadcrumb","itemListElement":[{"@type":"ListItem","position":1,"name":"Hem","item":"https:\/\/wp.kristdemokraterna.se\/motala\/"},{"@type":"ListItem","position":2,"name":"L\u00e4nkar"}]},{"@type":"WebSite","@id":"https:\/\/wp.kristdemokraterna.se\/motala\/#website","url":"https:\/\/wp.kristdemokraterna.se\/motala\/","name":"Kristdemokraterna i Motala","description":"Kristdemokraterna","inLanguage":"sv-SE"}]}},"_links":{"self":[{"href":"https:\/\/wp.kristdemokraterna.se\/motala\/wp-json\/wp\/v2\/pages\/133","targetHints":{"allow":["GET"]}}],"collection":[{"href":"https:\/\/wp.kristdemokraterna.se\/motala\/wp-json\/wp\/v2\/pages"}],"about":[{"href":"https:\/\/wp.kristdemokraterna.se\/motala\/wp-json\/wp\/v2\/types\/page"}],"author":[{"embeddable":true,"href":"https:\/\/wp.kristdemokraterna.se\/motala\/wp-json\/wp\/v2\/users\/686"}],"replies":[{"embeddable":true,"href":"https:\/\/wp.kristdemokraterna.se\/motala\/wp-json\/wp\/v2\/comments?post=133"}],"version-history":[{"count":25,"href":"https:\/\/wp.kristdemokraterna.se\/motala\/wp-json\/wp\/v2\/pages\/133\/revisions"}],"predecessor-version":[{"id":3296,"href":"https:\/\/wp.kristdemokraterna.se\/motala\/wp-json\/wp\/v2\/pages\/133\/revisions\/3296"}],"wp:attachment":[{"href":"https:\/\/wp.kristdemokraterna.se\/motala\/wp-json\/wp\/v2\/media?parent=133"}],"curies":[{"name":"wp","href":"https:\/\/api.w.org\/{rel}","templated":true}]}}