{"id":1846,"date":"2016-03-09T18:19:09","date_gmt":"2016-03-09T17:19:09","guid":{"rendered":"http:\/\/wp.kristdemokraterna.se\/motala\/?page_id=1846"},"modified":"2016-04-27T17:50:04","modified_gmt":"2016-04-27T15:50:04","slug":"ingen-ska-behova-tacka-nej-till-en-anstallning","status":"publish","type":"page","link":"https:\/\/wp.kristdemokraterna.se\/motala\/motioner\/ingen-ska-behova-tacka-nej-till-en-anstallning\/","title":{"rendered":"Motion: Ingen ska beh\u00f6va tacka nej till en anst\u00e4llning"},"content":{"rendered":"<p>2016-03-09<br \/>\n<strong>Ingen ska beh\u00f6va tacka nej till en anst\u00e4llning p.g.a. f\u00f6r l\u00e5ng v\u00e4ntan i k\u00f6 till <\/strong><strong>barnomsorgen.<\/strong><\/p>\n<p>Bakgrund:<br \/>\n\u201dPlatens nya k\u00f6regler ger klirr i kassan f\u00f6r Motala kommun. Personer som f\u00e5r jobb p\u00e5 orten och saknar pendlingsm\u00f6jlighet f\u00e5r f\u00f6rtur. F\u00f6rra \u00e5ret gjorde bostadsstiftelsen Platen om sina regler om k\u00f6platser och f\u00f6rturer till deras l\u00e4genheter. D\u00e5 inf\u00f6rdes en ny typ av f\u00f6rtur.<\/p>\n<p>\u2013 Det kallas arbetsf\u00f6rtur. De som kan visa att de har f\u00e5tt anst\u00e4llning i Motala och som inte bor s\u00e5 att de har pendlingsavst\u00e5nd till det nya jobbet kan f\u00e5 f\u00f6rtur, s\u00e4ger Ulf-Henrik \u00d6stlund och forts\u00e4tter:<\/p>\n<p>\u2013 Vi vill ju g\u00f6ra vad vi kan f\u00f6r att kommunen ska f\u00e5 in nya skattepengar och nya inv\u00e5nare.\u201d<br \/>\n(<em>citat fr\u00e5n MVT artikel Nyanst\u00e4llda f\u00e5r f\u00f6rtur hos Platen 2016-02-11<\/em>)<\/p>\n<p>Kristdemokraterna i Motala ser v\u00e4ldigt positivt p\u00e5 arbetsf\u00f6rturen beskriven ovan. Ett antal sjukv\u00e5rdsanst\u00e4llda som f\u00e5tt jobb har redan utnyttjat f\u00f6rturen via Platen. \u00c4ven ett antal f\u00f6retag har anst\u00e4llda som lyckats l\u00f6sa boendet genom bostadsstiftelsens f\u00f6rsorg. Vi \u00e4r givetvis positiva till att Platen hj\u00e4lper till att \u00f6ka inv\u00e5narantalet och skatteint\u00e4kterna.<\/p>\n<p>Men v\u00e5r kommun b\u00f6r ocks\u00e5 hj\u00e4lpa f\u00f6retag som beh\u00f6ver f\u00e5 hit arbetskraft och r\u00e4tt kompetens p\u00e5 andra s\u00e4tt. Barnfamiljer \u00e4r en naturlig m\u00e5lgrupp i v\u00e5r ambition att \u00f6ka inflyttningen till orten. D\u00e4rf\u00f6r \u00e4r det naturligt att reflektera \u00f6ver andra typer av hinder f\u00f6r denna m\u00e5lgrupp. F\u00f6r en barnfamilj \u00e4r det viktigt att inte k\u00f6er till f\u00f6rskolan beh\u00f6ver bli ett hinder f\u00f6r anst\u00e4llning. Att v\u00e4ntetiden idag \u00e4r upp emot 4 m\u00e5nader \u00e4r inte tillr\u00e4ckligt bra om vi j\u00e4mf\u00f6r med andra orter. Signalv\u00e4rdet i en mer konkurrenskraftig servicegaranti \u00e4n nuvarande 4 m\u00e5nader \u00e4r stort n\u00e4r potentiella inflyttare surfar in p\u00e5 motala.se.<\/p>\n<p><strong>Kristdemokraterna i Motala f\u00f6resl\u00e5r d\u00e4rf\u00f6r att kommunfullm\u00e4ktige beslutar:<\/strong><\/p>\n<p><strong>att<\/strong> Motala kommun snabbutreder m\u00f6jligheten att p\u00e5 kort sikt etablera ett antal platser som finns i beredskap inom barnomsorgen f\u00f6r att p\u00e5 kort varsel kunna erbjudas till nyinflyttade<\/p>\n<p><strong>att<\/strong> Motala kommun arbetar f\u00f6r att med hj\u00e4lp av en mer effektiv platsberedskap kunna s\u00e4nka den nuvarande servicegarantin f\u00f6r barnomsorgsplats fr\u00e5n 4 m\u00e5nader till 3 m\u00e5nader<\/p>\n<p><strong><span style=\"color: #0000ff\">Kristdemokraterna<\/span> Motala<\/strong><br \/>\nJan Gyllenhammar\u00a0\u00a0\u00a0\u00a0\u00a0\u00a0\u00a0\u00a0\u00a0\u00a0\u00a0\u00a0\u00a0\u00a0\u00a0\u00a0\u00a0\u00a0\u00a0\u00a0\u00a0\u00a0\u00a0\u00a0 Erik Forslund<br \/>\nledamot och gruppledare\u00a0\u00a0\u00a0\u00a0\u00a0\u00a0\u00a0\u00a0\u00a0\u00a0\u00a0\u00a0\u00a0\u00a0 \u00a0ers\u00e4ttare<\/p>\n<p>&gt;\u00a0<a href=\"http:\/\/wp.kristdemokraterna.se\/motala\/files\/2016\/03\/20160309_beredskapsplatser_i_barnomsorgen_for_nyinflyttade.pdf\">20160309_beredskapsplatser_i_barnomsorgen_f\u00f6r_nyinflyttade<\/a> (pdf)<\/p>\n","protected":false},"excerpt":{"rendered":"<p>2016-03-09 Ingen ska beh\u00f6va tacka nej till en anst\u00e4llning p.g.a. f\u00f6r l\u00e5ng v\u00e4ntan i k\u00f6 till barnomsorgen. Bakgrund: \u201dPlatens nya k\u00f6regler ger klirr i kassan f\u00f6r Motala kommun. Personer som f\u00e5r jobb p\u00e5 orten och saknar pendlingsm\u00f6jlighet f\u00e5r f\u00f6rtur. F\u00f6rra \u00e5ret gjorde bostadsstiftelsen Platen om sina regler om k\u00f6platser och f\u00f6rturer till deras l\u00e4genheter. D\u00e5 <a class=\"read-more-link\" href=\"https:\/\/wp.kristdemokraterna.se\/motala\/motioner\/ingen-ska-behova-tacka-nej-till-en-anstallning\/\">Read More<\/a><\/p>\n","protected":false},"author":686,"featured_media":0,"parent":343,"menu_order":0,"comment_status":"closed","ping_status":"closed","template":"","meta":{"_acf_changed":false,"footnotes":""},"class_list":["post-1846","page","type-page","status-publish","hentry"],"acf":[],"yoast_head":"<!-- This site is optimized with the Yoast SEO plugin v27.4 - https:\/\/yoast.com\/product\/yoast-seo-wordpress\/ -->\n<title>Motion: Ingen ska beh\u00f6va tacka nej till en anst\u00e4llning - Kristdemokraterna i Motala<\/title>\n<meta name=\"robots\" content=\"index, follow, max-snippet:-1, max-image-preview:large, max-video-preview:-1\" \/>\n<link rel=\"canonical\" href=\"https:\/\/wp.kristdemokraterna.se\/motala\/motioner\/ingen-ska-behova-tacka-nej-till-en-anstallning\/\" \/>\n<meta property=\"og:locale\" content=\"sv_SE\" \/>\n<meta property=\"og:type\" content=\"article\" \/>\n<meta property=\"og:title\" content=\"Motion: Ingen ska beh\u00f6va tacka nej till en anst\u00e4llning - Kristdemokraterna i Motala\" \/>\n<meta property=\"og:description\" content=\"2016-03-09 Ingen ska beh\u00f6va tacka nej till en anst\u00e4llning p.g.a. f\u00f6r l\u00e5ng v\u00e4ntan i k\u00f6 till barnomsorgen. Bakgrund: \u201dPlatens nya k\u00f6regler ger klirr i kassan f\u00f6r Motala kommun. Personer som f\u00e5r jobb p\u00e5 orten och saknar pendlingsm\u00f6jlighet f\u00e5r f\u00f6rtur. F\u00f6rra \u00e5ret gjorde bostadsstiftelsen Platen om sina regler om k\u00f6platser och f\u00f6rturer till deras l\u00e4genheter. D\u00e5 Read More\" \/>\n<meta property=\"og:url\" content=\"https:\/\/wp.kristdemokraterna.se\/motala\/motioner\/ingen-ska-behova-tacka-nej-till-en-anstallning\/\" \/>\n<meta property=\"og:site_name\" content=\"Kristdemokraterna i Motala\" \/>\n<meta property=\"article:modified_time\" content=\"2016-04-27T15:50:04+00:00\" \/>\n<meta name=\"twitter:card\" content=\"summary_large_image\" \/>\n<meta name=\"twitter:label1\" content=\"Ber\u00e4knad l\u00e4stid\" \/>\n\t<meta name=\"twitter:data1\" content=\"2 minuter\" \/>\n<script type=\"application\/ld+json\" class=\"yoast-schema-graph\">{\"@context\":\"https:\\\/\\\/schema.org\",\"@graph\":[{\"@type\":\"WebPage\",\"@id\":\"https:\\\/\\\/wp.kristdemokraterna.se\\\/motala\\\/motioner\\\/ingen-ska-behova-tacka-nej-till-en-anstallning\\\/\",\"url\":\"https:\\\/\\\/wp.kristdemokraterna.se\\\/motala\\\/motioner\\\/ingen-ska-behova-tacka-nej-till-en-anstallning\\\/\",\"name\":\"Motion: Ingen ska beh\u00f6va tacka nej till en anst\u00e4llning - Kristdemokraterna i Motala\",\"isPartOf\":{\"@id\":\"https:\\\/\\\/wp.kristdemokraterna.se\\\/motala\\\/#website\"},\"datePublished\":\"2016-03-09T17:19:09+00:00\",\"dateModified\":\"2016-04-27T15:50:04+00:00\",\"breadcrumb\":{\"@id\":\"https:\\\/\\\/wp.kristdemokraterna.se\\\/motala\\\/motioner\\\/ingen-ska-behova-tacka-nej-till-en-anstallning\\\/#breadcrumb\"},\"inLanguage\":\"sv-SE\",\"potentialAction\":[{\"@type\":\"ReadAction\",\"target\":[\"https:\\\/\\\/wp.kristdemokraterna.se\\\/motala\\\/motioner\\\/ingen-ska-behova-tacka-nej-till-en-anstallning\\\/\"]}]},{\"@type\":\"BreadcrumbList\",\"@id\":\"https:\\\/\\\/wp.kristdemokraterna.se\\\/motala\\\/motioner\\\/ingen-ska-behova-tacka-nej-till-en-anstallning\\\/#breadcrumb\",\"itemListElement\":[{\"@type\":\"ListItem\",\"position\":1,\"name\":\"Hem\",\"item\":\"https:\\\/\\\/wp.kristdemokraterna.se\\\/motala\\\/\"},{\"@type\":\"ListItem\",\"position\":2,\"name\":\"Motioner\",\"item\":\"https:\\\/\\\/wp.kristdemokraterna.se\\\/motala\\\/motioner\\\/\"},{\"@type\":\"ListItem\",\"position\":3,\"name\":\"Motion: Ingen ska beh\u00f6va tacka nej till en anst\u00e4llning\"}]},{\"@type\":\"WebSite\",\"@id\":\"https:\\\/\\\/wp.kristdemokraterna.se\\\/motala\\\/#website\",\"url\":\"https:\\\/\\\/wp.kristdemokraterna.se\\\/motala\\\/\",\"name\":\"Kristdemokraterna i Motala\",\"description\":\"Kristdemokraterna\",\"inLanguage\":\"sv-SE\"}]}<\/script>\n<!-- \/ Yoast SEO plugin. -->","yoast_head_json":{"title":"Motion: Ingen ska beh\u00f6va tacka nej till en anst\u00e4llning - Kristdemokraterna i Motala","robots":{"index":"index","follow":"follow","max-snippet":"max-snippet:-1","max-image-preview":"max-image-preview:large","max-video-preview":"max-video-preview:-1"},"canonical":"https:\/\/wp.kristdemokraterna.se\/motala\/motioner\/ingen-ska-behova-tacka-nej-till-en-anstallning\/","og_locale":"sv_SE","og_type":"article","og_title":"Motion: Ingen ska beh\u00f6va tacka nej till en anst\u00e4llning - Kristdemokraterna i Motala","og_description":"2016-03-09 Ingen ska beh\u00f6va tacka nej till en anst\u00e4llning p.g.a. f\u00f6r l\u00e5ng v\u00e4ntan i k\u00f6 till barnomsorgen. Bakgrund: \u201dPlatens nya k\u00f6regler ger klirr i kassan f\u00f6r Motala kommun. Personer som f\u00e5r jobb p\u00e5 orten och saknar pendlingsm\u00f6jlighet f\u00e5r f\u00f6rtur. F\u00f6rra \u00e5ret gjorde bostadsstiftelsen Platen om sina regler om k\u00f6platser och f\u00f6rturer till deras l\u00e4genheter. D\u00e5 Read More","og_url":"https:\/\/wp.kristdemokraterna.se\/motala\/motioner\/ingen-ska-behova-tacka-nej-till-en-anstallning\/","og_site_name":"Kristdemokraterna i Motala","article_modified_time":"2016-04-27T15:50:04+00:00","twitter_card":"summary_large_image","twitter_misc":{"Ber\u00e4knad l\u00e4stid":"2 minuter"},"schema":{"@context":"https:\/\/schema.org","@graph":[{"@type":"WebPage","@id":"https:\/\/wp.kristdemokraterna.se\/motala\/motioner\/ingen-ska-behova-tacka-nej-till-en-anstallning\/","url":"https:\/\/wp.kristdemokraterna.se\/motala\/motioner\/ingen-ska-behova-tacka-nej-till-en-anstallning\/","name":"Motion: Ingen ska beh\u00f6va tacka nej till en anst\u00e4llning - Kristdemokraterna i Motala","isPartOf":{"@id":"https:\/\/wp.kristdemokraterna.se\/motala\/#website"},"datePublished":"2016-03-09T17:19:09+00:00","dateModified":"2016-04-27T15:50:04+00:00","breadcrumb":{"@id":"https:\/\/wp.kristdemokraterna.se\/motala\/motioner\/ingen-ska-behova-tacka-nej-till-en-anstallning\/#breadcrumb"},"inLanguage":"sv-SE","potentialAction":[{"@type":"ReadAction","target":["https:\/\/wp.kristdemokraterna.se\/motala\/motioner\/ingen-ska-behova-tacka-nej-till-en-anstallning\/"]}]},{"@type":"BreadcrumbList","@id":"https:\/\/wp.kristdemokraterna.se\/motala\/motioner\/ingen-ska-behova-tacka-nej-till-en-anstallning\/#breadcrumb","itemListElement":[{"@type":"ListItem","position":1,"name":"Hem","item":"https:\/\/wp.kristdemokraterna.se\/motala\/"},{"@type":"ListItem","position":2,"name":"Motioner","item":"https:\/\/wp.kristdemokraterna.se\/motala\/motioner\/"},{"@type":"ListItem","position":3,"name":"Motion: Ingen ska beh\u00f6va tacka nej till en anst\u00e4llning"}]},{"@type":"WebSite","@id":"https:\/\/wp.kristdemokraterna.se\/motala\/#website","url":"https:\/\/wp.kristdemokraterna.se\/motala\/","name":"Kristdemokraterna i Motala","description":"Kristdemokraterna","inLanguage":"sv-SE"}]}},"_links":{"self":[{"href":"https:\/\/wp.kristdemokraterna.se\/motala\/wp-json\/wp\/v2\/pages\/1846","targetHints":{"allow":["GET"]}}],"collection":[{"href":"https:\/\/wp.kristdemokraterna.se\/motala\/wp-json\/wp\/v2\/pages"}],"about":[{"href":"https:\/\/wp.kristdemokraterna.se\/motala\/wp-json\/wp\/v2\/types\/page"}],"author":[{"embeddable":true,"href":"https:\/\/wp.kristdemokraterna.se\/motala\/wp-json\/wp\/v2\/users\/686"}],"replies":[{"embeddable":true,"href":"https:\/\/wp.kristdemokraterna.se\/motala\/wp-json\/wp\/v2\/comments?post=1846"}],"version-history":[{"count":11,"href":"https:\/\/wp.kristdemokraterna.se\/motala\/wp-json\/wp\/v2\/pages\/1846\/revisions"}],"predecessor-version":[{"id":1848,"href":"https:\/\/wp.kristdemokraterna.se\/motala\/wp-json\/wp\/v2\/pages\/1846\/revisions\/1848"}],"up":[{"embeddable":true,"href":"https:\/\/wp.kristdemokraterna.se\/motala\/wp-json\/wp\/v2\/pages\/343"}],"wp:attachment":[{"href":"https:\/\/wp.kristdemokraterna.se\/motala\/wp-json\/wp\/v2\/media?parent=1846"}],"curies":[{"name":"wp","href":"https:\/\/api.w.org\/{rel}","templated":true}]}}