{"id":1937,"date":"2016-04-27T17:02:08","date_gmt":"2016-04-27T15:02:08","guid":{"rendered":"http:\/\/wp.kristdemokraterna.se\/motala\/?page_id=1937"},"modified":"2016-05-09T13:50:30","modified_gmt":"2016-05-09T11:50:30","slug":"kommunal-samverkan-angaende-vatterns-ravatten-och-skydd","status":"publish","type":"page","link":"https:\/\/wp.kristdemokraterna.se\/motala\/motioner\/kommunal-samverkan-angaende-vatterns-ravatten-och-skydd\/","title":{"rendered":"Motion: Kommunal samverkan ang\u00e5ende V\u00e4tterns r\u00e5vatten och skydd"},"content":{"rendered":"<p><span style=\"color: #000000\">2016-04-27<\/span><br \/>\n<strong>Kommunal samverkan ang\u00e5ende V\u00e4tterns r\u00e5vatten och skydd<\/strong><\/p>\n<p>I en motion till Motala Kommunfullm\u00e4ktige 2012-09-21, f\u00f6reslog<br \/>\nKristdemokraterna bland annat att kommunen ska ge sj\u00f6n Boren ett skydd, d\u00e5 den tj\u00e4nar som dricksvattent\u00e4kt f\u00f6r Borensbergs innev\u00e5nare.<\/p>\n<p>Kristdemokraterna f\u00e5r nu st\u00f6d av dricksvattenutredningen. Den understryker behovet av att kommunerna m\u00e5ste samverka i arbetet f\u00f6r s\u00e4krad och f\u00f6rb\u00e4ttrad dricksvattenkvalite.<\/p>\n<p>Kommunens platsvarum\u00e4rke, och dess unika l\u00e4ge samt att vara \u00f6ppen stolt och nyskapande, g\u00f6r kommunen till en sj\u00e4lvklar huvudkandidat som samordnare och iniativtagare, f\u00f6r samverkan med alla ber\u00f6rda kommuner runt V\u00e4ttern.<\/p>\n<p><strong>Med anledning av detta f\u00f6resl\u00e5r vi Kristdemokrater kommunfullm\u00e4ktige besluta att:<\/strong><\/p>\n<p>1. Ta initiativ till att skapa en samverkan, mellan ber\u00f6rda kommuner runt V\u00e4ttern, i arbetet med att skydda V\u00e4ttern som dricksvattent\u00e4kt.<\/p>\n<p>2. Redovisa en tidplan f\u00f6r n\u00e4r kommunens alla dricksvattent\u00e4kter \u00e4r f\u00f6rklarade som vattenskyddsomr\u00e5den.<\/p>\n<p>&gt;\u00a0<a href=\"http:\/\/wp.kristdemokraterna.se\/motala\/files\/2016\/04\/20160427_kommunalsamverkan_dricksvatten.pdf\" target=\"_blank\">20160427_kommunalsamverkan_dricksvatten<\/a> (pdf)<\/p>\n<p><strong><span style=\"color: #0000ff\">Kristdemokraterna<\/span><\/strong> <strong>Motala <\/strong>&#8211; Kommunfullm\u00e4ktige<strong><br \/>\n<\/strong>Jan Gyllenhammar\u00a0\u00a0\u00a0\u00a0\u00a0\u00a0\u00a0\u00a0\u00a0\u00a0\u00a0\u00a0\u00a0\u00a0\u00a0\u00a0 Nils-Ingvar Graan<br \/>\ngruppledare\u00a0\u00a0\u00a0\u00a0\u00a0\u00a0\u00a0\u00a0\u00a0\u00a0\u00a0\u00a0\u00a0\u00a0\u00a0\u00a0\u00a0\u00a0\u00a0\u00a0\u00a0\u00a0\u00a0\u00a0\u00a0\u00a0\u00a0 ledamot<\/p>\n<p>&#8212;&#8212;&#8212;&#8212;<br \/>\n<strong>Pressklipp<\/strong><br \/>\n2016-05-06 MVT: <a href=\"http:\/\/www.mvt.se\/nyheter\/motala\/kd-vill-skydda-dricksvattnet-om4125478.aspx\" target=\"_blank\">KD vill skydda dricksvattnet<\/a><\/p>\n","protected":false},"excerpt":{"rendered":"<p>2016-04-27 Kommunal samverkan ang\u00e5ende V\u00e4tterns r\u00e5vatten och skydd I en motion till Motala Kommunfullm\u00e4ktige 2012-09-21, f\u00f6reslog Kristdemokraterna bland annat att kommunen ska ge sj\u00f6n Boren ett skydd, d\u00e5 den tj\u00e4nar som dricksvattent\u00e4kt f\u00f6r Borensbergs innev\u00e5nare. Kristdemokraterna f\u00e5r nu st\u00f6d av dricksvattenutredningen. Den understryker behovet av att kommunerna m\u00e5ste samverka i arbetet f\u00f6r s\u00e4krad och f\u00f6rb\u00e4ttrad <a class=\"read-more-link\" href=\"https:\/\/wp.kristdemokraterna.se\/motala\/motioner\/kommunal-samverkan-angaende-vatterns-ravatten-och-skydd\/\">Read More<\/a><\/p>\n","protected":false},"author":686,"featured_media":0,"parent":343,"menu_order":0,"comment_status":"closed","ping_status":"closed","template":"","meta":{"_acf_changed":false,"footnotes":""},"class_list":["post-1937","page","type-page","status-publish","hentry"],"acf":[],"yoast_head":"<!-- This site is optimized with the Yoast SEO plugin v27.4 - https:\/\/yoast.com\/product\/yoast-seo-wordpress\/ -->\n<title>Motion: Kommunal samverkan ang\u00e5ende V\u00e4tterns r\u00e5vatten och skydd - Kristdemokraterna i Motala<\/title>\n<meta name=\"robots\" content=\"index, follow, max-snippet:-1, max-image-preview:large, max-video-preview:-1\" \/>\n<link rel=\"canonical\" href=\"https:\/\/wp.kristdemokraterna.se\/motala\/motioner\/kommunal-samverkan-angaende-vatterns-ravatten-och-skydd\/\" \/>\n<meta property=\"og:locale\" content=\"sv_SE\" \/>\n<meta property=\"og:type\" content=\"article\" \/>\n<meta property=\"og:title\" content=\"Motion: Kommunal samverkan ang\u00e5ende V\u00e4tterns r\u00e5vatten och skydd - Kristdemokraterna i Motala\" \/>\n<meta property=\"og:description\" content=\"2016-04-27 Kommunal samverkan ang\u00e5ende V\u00e4tterns r\u00e5vatten och skydd I en motion till Motala Kommunfullm\u00e4ktige 2012-09-21, f\u00f6reslog Kristdemokraterna bland annat att kommunen ska ge sj\u00f6n Boren ett skydd, d\u00e5 den tj\u00e4nar som dricksvattent\u00e4kt f\u00f6r Borensbergs innev\u00e5nare. Kristdemokraterna f\u00e5r nu st\u00f6d av dricksvattenutredningen. Den understryker behovet av att kommunerna m\u00e5ste samverka i arbetet f\u00f6r s\u00e4krad och f\u00f6rb\u00e4ttrad Read More\" \/>\n<meta property=\"og:url\" content=\"https:\/\/wp.kristdemokraterna.se\/motala\/motioner\/kommunal-samverkan-angaende-vatterns-ravatten-och-skydd\/\" \/>\n<meta property=\"og:site_name\" content=\"Kristdemokraterna i Motala\" \/>\n<meta property=\"article:modified_time\" content=\"2016-05-09T11:50:30+00:00\" \/>\n<meta name=\"twitter:card\" content=\"summary_large_image\" \/>\n<meta name=\"twitter:label1\" content=\"Ber\u00e4knad l\u00e4stid\" \/>\n\t<meta name=\"twitter:data1\" content=\"1 minut\" \/>\n<script type=\"application\/ld+json\" class=\"yoast-schema-graph\">{\"@context\":\"https:\\\/\\\/schema.org\",\"@graph\":[{\"@type\":\"WebPage\",\"@id\":\"https:\\\/\\\/wp.kristdemokraterna.se\\\/motala\\\/motioner\\\/kommunal-samverkan-angaende-vatterns-ravatten-och-skydd\\\/\",\"url\":\"https:\\\/\\\/wp.kristdemokraterna.se\\\/motala\\\/motioner\\\/kommunal-samverkan-angaende-vatterns-ravatten-och-skydd\\\/\",\"name\":\"Motion: Kommunal samverkan ang\u00e5ende V\u00e4tterns r\u00e5vatten och skydd - Kristdemokraterna i Motala\",\"isPartOf\":{\"@id\":\"https:\\\/\\\/wp.kristdemokraterna.se\\\/motala\\\/#website\"},\"datePublished\":\"2016-04-27T15:02:08+00:00\",\"dateModified\":\"2016-05-09T11:50:30+00:00\",\"breadcrumb\":{\"@id\":\"https:\\\/\\\/wp.kristdemokraterna.se\\\/motala\\\/motioner\\\/kommunal-samverkan-angaende-vatterns-ravatten-och-skydd\\\/#breadcrumb\"},\"inLanguage\":\"sv-SE\",\"potentialAction\":[{\"@type\":\"ReadAction\",\"target\":[\"https:\\\/\\\/wp.kristdemokraterna.se\\\/motala\\\/motioner\\\/kommunal-samverkan-angaende-vatterns-ravatten-och-skydd\\\/\"]}]},{\"@type\":\"BreadcrumbList\",\"@id\":\"https:\\\/\\\/wp.kristdemokraterna.se\\\/motala\\\/motioner\\\/kommunal-samverkan-angaende-vatterns-ravatten-och-skydd\\\/#breadcrumb\",\"itemListElement\":[{\"@type\":\"ListItem\",\"position\":1,\"name\":\"Hem\",\"item\":\"https:\\\/\\\/wp.kristdemokraterna.se\\\/motala\\\/\"},{\"@type\":\"ListItem\",\"position\":2,\"name\":\"Motioner\",\"item\":\"https:\\\/\\\/wp.kristdemokraterna.se\\\/motala\\\/motioner\\\/\"},{\"@type\":\"ListItem\",\"position\":3,\"name\":\"Motion: Kommunal samverkan ang\u00e5ende V\u00e4tterns r\u00e5vatten och skydd\"}]},{\"@type\":\"WebSite\",\"@id\":\"https:\\\/\\\/wp.kristdemokraterna.se\\\/motala\\\/#website\",\"url\":\"https:\\\/\\\/wp.kristdemokraterna.se\\\/motala\\\/\",\"name\":\"Kristdemokraterna i Motala\",\"description\":\"Kristdemokraterna\",\"inLanguage\":\"sv-SE\"}]}<\/script>\n<!-- \/ Yoast SEO plugin. -->","yoast_head_json":{"title":"Motion: Kommunal samverkan ang\u00e5ende V\u00e4tterns r\u00e5vatten och skydd - Kristdemokraterna i Motala","robots":{"index":"index","follow":"follow","max-snippet":"max-snippet:-1","max-image-preview":"max-image-preview:large","max-video-preview":"max-video-preview:-1"},"canonical":"https:\/\/wp.kristdemokraterna.se\/motala\/motioner\/kommunal-samverkan-angaende-vatterns-ravatten-och-skydd\/","og_locale":"sv_SE","og_type":"article","og_title":"Motion: Kommunal samverkan ang\u00e5ende V\u00e4tterns r\u00e5vatten och skydd - Kristdemokraterna i Motala","og_description":"2016-04-27 Kommunal samverkan ang\u00e5ende V\u00e4tterns r\u00e5vatten och skydd I en motion till Motala Kommunfullm\u00e4ktige 2012-09-21, f\u00f6reslog Kristdemokraterna bland annat att kommunen ska ge sj\u00f6n Boren ett skydd, d\u00e5 den tj\u00e4nar som dricksvattent\u00e4kt f\u00f6r Borensbergs innev\u00e5nare. Kristdemokraterna f\u00e5r nu st\u00f6d av dricksvattenutredningen. Den understryker behovet av att kommunerna m\u00e5ste samverka i arbetet f\u00f6r s\u00e4krad och f\u00f6rb\u00e4ttrad Read More","og_url":"https:\/\/wp.kristdemokraterna.se\/motala\/motioner\/kommunal-samverkan-angaende-vatterns-ravatten-och-skydd\/","og_site_name":"Kristdemokraterna i Motala","article_modified_time":"2016-05-09T11:50:30+00:00","twitter_card":"summary_large_image","twitter_misc":{"Ber\u00e4knad l\u00e4stid":"1 minut"},"schema":{"@context":"https:\/\/schema.org","@graph":[{"@type":"WebPage","@id":"https:\/\/wp.kristdemokraterna.se\/motala\/motioner\/kommunal-samverkan-angaende-vatterns-ravatten-och-skydd\/","url":"https:\/\/wp.kristdemokraterna.se\/motala\/motioner\/kommunal-samverkan-angaende-vatterns-ravatten-och-skydd\/","name":"Motion: Kommunal samverkan ang\u00e5ende V\u00e4tterns r\u00e5vatten och skydd - Kristdemokraterna i Motala","isPartOf":{"@id":"https:\/\/wp.kristdemokraterna.se\/motala\/#website"},"datePublished":"2016-04-27T15:02:08+00:00","dateModified":"2016-05-09T11:50:30+00:00","breadcrumb":{"@id":"https:\/\/wp.kristdemokraterna.se\/motala\/motioner\/kommunal-samverkan-angaende-vatterns-ravatten-och-skydd\/#breadcrumb"},"inLanguage":"sv-SE","potentialAction":[{"@type":"ReadAction","target":["https:\/\/wp.kristdemokraterna.se\/motala\/motioner\/kommunal-samverkan-angaende-vatterns-ravatten-och-skydd\/"]}]},{"@type":"BreadcrumbList","@id":"https:\/\/wp.kristdemokraterna.se\/motala\/motioner\/kommunal-samverkan-angaende-vatterns-ravatten-och-skydd\/#breadcrumb","itemListElement":[{"@type":"ListItem","position":1,"name":"Hem","item":"https:\/\/wp.kristdemokraterna.se\/motala\/"},{"@type":"ListItem","position":2,"name":"Motioner","item":"https:\/\/wp.kristdemokraterna.se\/motala\/motioner\/"},{"@type":"ListItem","position":3,"name":"Motion: Kommunal samverkan ang\u00e5ende V\u00e4tterns r\u00e5vatten och skydd"}]},{"@type":"WebSite","@id":"https:\/\/wp.kristdemokraterna.se\/motala\/#website","url":"https:\/\/wp.kristdemokraterna.se\/motala\/","name":"Kristdemokraterna i Motala","description":"Kristdemokraterna","inLanguage":"sv-SE"}]}},"_links":{"self":[{"href":"https:\/\/wp.kristdemokraterna.se\/motala\/wp-json\/wp\/v2\/pages\/1937","targetHints":{"allow":["GET"]}}],"collection":[{"href":"https:\/\/wp.kristdemokraterna.se\/motala\/wp-json\/wp\/v2\/pages"}],"about":[{"href":"https:\/\/wp.kristdemokraterna.se\/motala\/wp-json\/wp\/v2\/types\/page"}],"author":[{"embeddable":true,"href":"https:\/\/wp.kristdemokraterna.se\/motala\/wp-json\/wp\/v2\/users\/686"}],"replies":[{"embeddable":true,"href":"https:\/\/wp.kristdemokraterna.se\/motala\/wp-json\/wp\/v2\/comments?post=1937"}],"version-history":[{"count":9,"href":"https:\/\/wp.kristdemokraterna.se\/motala\/wp-json\/wp\/v2\/pages\/1937\/revisions"}],"predecessor-version":[{"id":1980,"href":"https:\/\/wp.kristdemokraterna.se\/motala\/wp-json\/wp\/v2\/pages\/1937\/revisions\/1980"}],"up":[{"embeddable":true,"href":"https:\/\/wp.kristdemokraterna.se\/motala\/wp-json\/wp\/v2\/pages\/343"}],"wp:attachment":[{"href":"https:\/\/wp.kristdemokraterna.se\/motala\/wp-json\/wp\/v2\/media?parent=1937"}],"curies":[{"name":"wp","href":"https:\/\/api.w.org\/{rel}","templated":true}]}}