{"id":2182,"date":"2016-09-28T14:48:32","date_gmt":"2016-09-28T12:48:32","guid":{"rendered":"http:\/\/wp.kristdemokraterna.se\/motala\/?page_id=2182"},"modified":"2016-10-03T10:39:04","modified_gmt":"2016-10-03T08:39:04","slug":"oppen-data","status":"publish","type":"page","link":"https:\/\/wp.kristdemokraterna.se\/motala\/motioner\/oppen-data\/","title":{"rendered":"Motion: \u00d6ppen data"},"content":{"rendered":"<p>2016-09-28<br \/>\n<strong>Motion \u2013 \u00d6ppen data<\/strong><br \/>\n\u201dMotala &#8211; den \u00f6ppna, stolta och nyskapande sj\u00f6staden\u201d<br \/>\n<em>\u2013 \u00e4r vi helt \u00f6ppna i kommunen f\u00f6r v\u00e5ra inv\u00e5nare?<\/em><\/p>\n<p>Kristdemokraterna i Motala ser g\u00e4rna IT och internet som mycket viktiga delar i formandet av framtidens \u00f6ppna kommun f\u00f6r v\u00e5ra kommuninv\u00e5nare.<\/p>\n<p>Genom att tillg\u00e4ngligg\u00f6ra Motala kommuns \u00f6ppna data skapar vi f\u00f6ruts\u00e4ttningar f\u00f6r innovationer och en mer transparent och \u00f6ppen kommun.<\/p>\n<p>F\u00f6r Kristdemokraterna \u00e4r det sj\u00e4lvklart att data som samlats in, bearbetats eller producerats med skattemedel ocks\u00e5 \u00e4gs av skattebetalarna. Den ska d\u00e4rf\u00f6r i s\u00e5 stor utstr\u00e4ckning som m\u00f6jligt tillg\u00e4ngligg\u00f6ras f\u00f6r de som \u00e4r intresserade av att ta del av den.<\/p>\n<p>\u00d6ppen data bidrar till \u00f6kad \u00f6ppenhet d\u00e5 fler kan ta del av den information som kommunens verksamheter besitter. Kommuninv\u00e5narna kan enklare sj\u00e4lva kontrollera att kommunen lever upp till st\u00e4llda f\u00f6rv\u00e4ntningar, samtidigt som transparensen i verksamheterna \u00f6kar.<\/p>\n<p>\u00d6ppna data \u00e4r ett s\u00e4tt att skapa st\u00f6rre insyn f\u00f6r medborgarna i kommunens f\u00f6rvaltning. Definitionen av \u00f6ppna data \u00e4r digital information som \u00e4r fritt tillg\u00e4nglig f\u00f6r alla utan inskr\u00e4nkningar. Som en offentlig f\u00f6rvaltning har Motala kommun mycket information som g\u00e5r under den definitionen. Det kan exempelvis handla om s\u00e5dan data som k\u00f6 till barnomsorgen, meritv\u00e4rden fr\u00e5n skolan, bes\u00f6ksstatistik p\u00e5 biblioteket eller sev\u00e4rdheters lokaliseringar och \u00f6ppettider. I flera fall \u00e4r det data som vi redan samlar in, men som vi enbart skickar vidare till sammanst\u00e4llande organ \u2013 SCB, SKL etc.<\/p>\n<p>Datan kan \u00e4ven anv\u00e4ndas f\u00f6r att producera appar, webbapplikationer med mera till nytta f\u00f6r kommunens inv\u00e5nare. Endast fantasin s\u00e4tter gr\u00e4nser f\u00f6r vad kreativa m\u00e4nniskor kan \u00e5stadkomma om de ges m\u00f6jlighet att ta del av information och skapa fritt med denna som bas.<\/p>\n<p>Genom att \u00f6ppna upp kommunens \u00f6ppna data kan vi visa upp data och nyckeltal som redan finns p\u00e5 ett f\u00f6r medborgarna l\u00e4ttillg\u00e4ngligt s\u00e4tt. Genom att visa upp s\u00e5 kallad PSI-data (<em>Public Sector Information<\/em>) kan vi ocks\u00e5 p\u00e5 ett v\u00e4l underbyggt s\u00e4tt presentera och prata om v\u00e5ra verksamheter, externt som internt. Vi \u00f6ppnar ocks\u00e5 upp anv\u00e4ndningen av befintlig data till entrepren\u00f6rer\/innovat\u00f6rer som med hj\u00e4lp av den data som vi tillhandah\u00e5ller kan skapa tj\u00e4nster\/applikationer som \u00e4r till nytta f\u00f6r medborgare och bes\u00f6kare till kommunen.<\/p>\n<p>Kristdemokraterna vill d\u00e4rf\u00f6r att Motala kommun initierar arbetet med \u00f6ppen data genom att tydligg\u00f6ra \u00e4gandeskapet i v\u00e5r organisation samt utreder vilken data som kan tillg\u00e4ngligg\u00f6ras p\u00e5 kommunens webb f\u00f6r allm\u00e4nheten successivt. I utredningen ska h\u00e4nsyn tas till fr\u00e5gor om integritet och vad g\u00e4llande lagstiftning samt \u00e4ven PSI-direktivet (<em>The re-use of public sector information<\/em>) och Inspire-direktivet (<em>Infrastructure for Spatial Information in Europe<\/em>) till\u00e5ter.<\/p>\n<p><img loading=\"lazy\" decoding=\"async\" class=\"alignnone size-full wp-image-2189\" src=\"http:\/\/wp.kristdemokraterna.se\/motala\/files\/2016\/09\/20160928_publiceraoppendata.jpg\" alt=\"20160928-publiceraoppendata\" width=\"1096\" height=\"708\" srcset=\"https:\/\/wp.kristdemokraterna.se\/motala\/files\/2016\/09\/20160928_publiceraoppendata.jpg 1096w, https:\/\/wp.kristdemokraterna.se\/motala\/files\/2016\/09\/20160928_publiceraoppendata-300x194.jpg 300w, https:\/\/wp.kristdemokraterna.se\/motala\/files\/2016\/09\/20160928_publiceraoppendata-768x496.jpg 768w, https:\/\/wp.kristdemokraterna.se\/motala\/files\/2016\/09\/20160928_publiceraoppendata-1024x661.jpg 1024w, https:\/\/wp.kristdemokraterna.se\/motala\/files\/2016\/09\/20160928_publiceraoppendata-536x346.jpg 536w, https:\/\/wp.kristdemokraterna.se\/motala\/files\/2016\/09\/20160928_publiceraoppendata-173x112.jpg 173w\" sizes=\"auto, (max-width: 1096px) 100vw, 1096px\" \/><\/p>\n<p><strong>Vi f\u00f6resl\u00e5r kommunfullm\u00e4ktige besluta Motala kommun<\/strong><\/p>\n<p><strong>att<\/strong> initiera arbetet med \u00f6ppen data genom tydligg\u00f6ra \u00e4gandeskap \u00f6ver detta omr\u00e5de i kommunens organisation samt<\/p>\n<p><strong>att<\/strong> utreda och ta fram en utvecklingsplan och strategi f\u00f6r hur \u00f6ppna data kan presenteras p\u00e5 Motala kommuns webb genom att anv\u00e4nda sig av \u00f6ppna standarder f\u00f6r publicering av informationen p\u00e5 detta omr\u00e5de samt<\/p>\n<p><strong>att<\/strong> man \u00e4ven successivt g\u00f6r data tillg\u00e4nglig i samma takt som kommunen arbetar med utveckling av det dagliga IT rutinerna, d\u00e4r lagstiftningen och EU-direktiven inte uttryckligen f\u00f6rbjuder det eller d\u00e4r integritetssk\u00e4l g\u00f6r det ol\u00e4mpligt, \u00f6ppen och tillg\u00e4nglig f\u00f6r alla<\/p>\n<p>&gt;\u00a0<a href=\"http:\/\/wp.kristdemokraterna.se\/motala\/files\/2016\/09\/20160928_kdmotion_oppendata.pdf\" target=\"_blank\">20160928_kdmotion_oppendata<\/a> \u00a0(pdf)<\/p>\n<p><strong><span style=\"color: #0000ff\">Kristdemokraterna<\/span> Motala<\/strong> \u2013 Kommunfullm\u00e4ktige<br \/>\nJan Gyllenhammar<br \/>\ngruppledare<\/p>\n<hr \/>\n<p><strong>Pressklipp<\/strong><br \/>\n&gt; <a href=\"http:\/\/www.mvt.se\/nyheter\/motala\/forslag-ge-kommuninvanarna-mer-insyn-om4317017.aspx\" target=\"_blank\">F\u00f6rslag: Ge kommuninv\u00e5narna mer insyn<\/a>\u00a0 (<em>MVT webb 20160929<\/em>)<br \/>\n&gt; <a href=\"http:\/\/www.corren.se\/nyheter\/motala\/forslag-ge-kommuninvanarna-mer-insyn-om4317017.aspx\" target=\"_blank\">F\u00f6rslag: Ge kommuninv\u00e5narna mer insyn<\/a>\u00a0 (<em>Corren webb 20160929<\/em>)<\/p>\n","protected":false},"excerpt":{"rendered":"<p>2016-09-28 Motion \u2013 \u00d6ppen data \u201dMotala &#8211; den \u00f6ppna, stolta och nyskapande sj\u00f6staden\u201d \u2013 \u00e4r vi helt \u00f6ppna i kommunen f\u00f6r v\u00e5ra inv\u00e5nare? Kristdemokraterna i Motala ser g\u00e4rna IT och internet som mycket viktiga delar i formandet av framtidens \u00f6ppna kommun f\u00f6r v\u00e5ra kommuninv\u00e5nare. Genom att tillg\u00e4ngligg\u00f6ra Motala kommuns \u00f6ppna data skapar vi f\u00f6ruts\u00e4ttningar f\u00f6r <a class=\"read-more-link\" href=\"https:\/\/wp.kristdemokraterna.se\/motala\/motioner\/oppen-data\/\">Read More<\/a><\/p>\n","protected":false},"author":686,"featured_media":0,"parent":343,"menu_order":0,"comment_status":"closed","ping_status":"closed","template":"","meta":{"_acf_changed":false,"footnotes":""},"class_list":["post-2182","page","type-page","status-publish","hentry"],"acf":[],"yoast_head":"<!-- This site is optimized with the Yoast SEO plugin v27.4 - https:\/\/yoast.com\/product\/yoast-seo-wordpress\/ -->\n<title>Motion: \u00d6ppen data - Kristdemokraterna i Motala<\/title>\n<meta name=\"robots\" content=\"index, follow, max-snippet:-1, max-image-preview:large, max-video-preview:-1\" \/>\n<link rel=\"canonical\" href=\"https:\/\/wp.kristdemokraterna.se\/motala\/motioner\/oppen-data\/\" \/>\n<meta property=\"og:locale\" content=\"sv_SE\" \/>\n<meta property=\"og:type\" content=\"article\" \/>\n<meta property=\"og:title\" content=\"Motion: \u00d6ppen data - Kristdemokraterna i Motala\" \/>\n<meta property=\"og:description\" content=\"2016-09-28 Motion \u2013 \u00d6ppen data \u201dMotala &#8211; den \u00f6ppna, stolta och nyskapande sj\u00f6staden\u201d \u2013 \u00e4r vi helt \u00f6ppna i kommunen f\u00f6r v\u00e5ra inv\u00e5nare? Kristdemokraterna i Motala ser g\u00e4rna IT och internet som mycket viktiga delar i formandet av framtidens \u00f6ppna kommun f\u00f6r v\u00e5ra kommuninv\u00e5nare. Genom att tillg\u00e4ngligg\u00f6ra Motala kommuns \u00f6ppna data skapar vi f\u00f6ruts\u00e4ttningar f\u00f6r Read More\" \/>\n<meta property=\"og:url\" content=\"https:\/\/wp.kristdemokraterna.se\/motala\/motioner\/oppen-data\/\" \/>\n<meta property=\"og:site_name\" content=\"Kristdemokraterna i Motala\" \/>\n<meta property=\"article:modified_time\" content=\"2016-10-03T08:39:04+00:00\" \/>\n<meta property=\"og:image\" content=\"http:\/\/wp.kristdemokraterna.se\/motala\/files\/2016\/09\/20160928_publiceraoppendata.jpg\" \/>\n<meta name=\"twitter:card\" content=\"summary_large_image\" \/>\n<meta name=\"twitter:label1\" content=\"Ber\u00e4knad l\u00e4stid\" \/>\n\t<meta name=\"twitter:data1\" content=\"3 minuter\" \/>\n<script type=\"application\/ld+json\" class=\"yoast-schema-graph\">{\"@context\":\"https:\\\/\\\/schema.org\",\"@graph\":[{\"@type\":\"WebPage\",\"@id\":\"https:\\\/\\\/wp.kristdemokraterna.se\\\/motala\\\/motioner\\\/oppen-data\\\/\",\"url\":\"https:\\\/\\\/wp.kristdemokraterna.se\\\/motala\\\/motioner\\\/oppen-data\\\/\",\"name\":\"Motion: \u00d6ppen data - Kristdemokraterna i Motala\",\"isPartOf\":{\"@id\":\"https:\\\/\\\/wp.kristdemokraterna.se\\\/motala\\\/#website\"},\"primaryImageOfPage\":{\"@id\":\"https:\\\/\\\/wp.kristdemokraterna.se\\\/motala\\\/motioner\\\/oppen-data\\\/#primaryimage\"},\"image\":{\"@id\":\"https:\\\/\\\/wp.kristdemokraterna.se\\\/motala\\\/motioner\\\/oppen-data\\\/#primaryimage\"},\"thumbnailUrl\":\"http:\\\/\\\/wp.kristdemokraterna.se\\\/motala\\\/files\\\/2016\\\/09\\\/20160928_publiceraoppendata.jpg\",\"datePublished\":\"2016-09-28T12:48:32+00:00\",\"dateModified\":\"2016-10-03T08:39:04+00:00\",\"breadcrumb\":{\"@id\":\"https:\\\/\\\/wp.kristdemokraterna.se\\\/motala\\\/motioner\\\/oppen-data\\\/#breadcrumb\"},\"inLanguage\":\"sv-SE\",\"potentialAction\":[{\"@type\":\"ReadAction\",\"target\":[\"https:\\\/\\\/wp.kristdemokraterna.se\\\/motala\\\/motioner\\\/oppen-data\\\/\"]}]},{\"@type\":\"ImageObject\",\"inLanguage\":\"sv-SE\",\"@id\":\"https:\\\/\\\/wp.kristdemokraterna.se\\\/motala\\\/motioner\\\/oppen-data\\\/#primaryimage\",\"url\":\"https:\\\/\\\/wp.kristdemokraterna.se\\\/motala\\\/files\\\/2016\\\/09\\\/20160928_publiceraoppendata.jpg\",\"contentUrl\":\"https:\\\/\\\/wp.kristdemokraterna.se\\\/motala\\\/files\\\/2016\\\/09\\\/20160928_publiceraoppendata.jpg\",\"width\":1096,\"height\":708},{\"@type\":\"BreadcrumbList\",\"@id\":\"https:\\\/\\\/wp.kristdemokraterna.se\\\/motala\\\/motioner\\\/oppen-data\\\/#breadcrumb\",\"itemListElement\":[{\"@type\":\"ListItem\",\"position\":1,\"name\":\"Hem\",\"item\":\"https:\\\/\\\/wp.kristdemokraterna.se\\\/motala\\\/\"},{\"@type\":\"ListItem\",\"position\":2,\"name\":\"Motioner\",\"item\":\"https:\\\/\\\/wp.kristdemokraterna.se\\\/motala\\\/motioner\\\/\"},{\"@type\":\"ListItem\",\"position\":3,\"name\":\"Motion: \u00d6ppen data\"}]},{\"@type\":\"WebSite\",\"@id\":\"https:\\\/\\\/wp.kristdemokraterna.se\\\/motala\\\/#website\",\"url\":\"https:\\\/\\\/wp.kristdemokraterna.se\\\/motala\\\/\",\"name\":\"Kristdemokraterna i Motala\",\"description\":\"Kristdemokraterna\",\"inLanguage\":\"sv-SE\"}]}<\/script>\n<!-- \/ Yoast SEO plugin. -->","yoast_head_json":{"title":"Motion: \u00d6ppen data - Kristdemokraterna i Motala","robots":{"index":"index","follow":"follow","max-snippet":"max-snippet:-1","max-image-preview":"max-image-preview:large","max-video-preview":"max-video-preview:-1"},"canonical":"https:\/\/wp.kristdemokraterna.se\/motala\/motioner\/oppen-data\/","og_locale":"sv_SE","og_type":"article","og_title":"Motion: \u00d6ppen data - Kristdemokraterna i Motala","og_description":"2016-09-28 Motion \u2013 \u00d6ppen data \u201dMotala &#8211; den \u00f6ppna, stolta och nyskapande sj\u00f6staden\u201d \u2013 \u00e4r vi helt \u00f6ppna i kommunen f\u00f6r v\u00e5ra inv\u00e5nare? Kristdemokraterna i Motala ser g\u00e4rna IT och internet som mycket viktiga delar i formandet av framtidens \u00f6ppna kommun f\u00f6r v\u00e5ra kommuninv\u00e5nare. Genom att tillg\u00e4ngligg\u00f6ra Motala kommuns \u00f6ppna data skapar vi f\u00f6ruts\u00e4ttningar f\u00f6r Read More","og_url":"https:\/\/wp.kristdemokraterna.se\/motala\/motioner\/oppen-data\/","og_site_name":"Kristdemokraterna i Motala","article_modified_time":"2016-10-03T08:39:04+00:00","og_image":[{"url":"http:\/\/wp.kristdemokraterna.se\/motala\/files\/2016\/09\/20160928_publiceraoppendata.jpg","type":"","width":"","height":""}],"twitter_card":"summary_large_image","twitter_misc":{"Ber\u00e4knad l\u00e4stid":"3 minuter"},"schema":{"@context":"https:\/\/schema.org","@graph":[{"@type":"WebPage","@id":"https:\/\/wp.kristdemokraterna.se\/motala\/motioner\/oppen-data\/","url":"https:\/\/wp.kristdemokraterna.se\/motala\/motioner\/oppen-data\/","name":"Motion: \u00d6ppen data - Kristdemokraterna i Motala","isPartOf":{"@id":"https:\/\/wp.kristdemokraterna.se\/motala\/#website"},"primaryImageOfPage":{"@id":"https:\/\/wp.kristdemokraterna.se\/motala\/motioner\/oppen-data\/#primaryimage"},"image":{"@id":"https:\/\/wp.kristdemokraterna.se\/motala\/motioner\/oppen-data\/#primaryimage"},"thumbnailUrl":"http:\/\/wp.kristdemokraterna.se\/motala\/files\/2016\/09\/20160928_publiceraoppendata.jpg","datePublished":"2016-09-28T12:48:32+00:00","dateModified":"2016-10-03T08:39:04+00:00","breadcrumb":{"@id":"https:\/\/wp.kristdemokraterna.se\/motala\/motioner\/oppen-data\/#breadcrumb"},"inLanguage":"sv-SE","potentialAction":[{"@type":"ReadAction","target":["https:\/\/wp.kristdemokraterna.se\/motala\/motioner\/oppen-data\/"]}]},{"@type":"ImageObject","inLanguage":"sv-SE","@id":"https:\/\/wp.kristdemokraterna.se\/motala\/motioner\/oppen-data\/#primaryimage","url":"https:\/\/wp.kristdemokraterna.se\/motala\/files\/2016\/09\/20160928_publiceraoppendata.jpg","contentUrl":"https:\/\/wp.kristdemokraterna.se\/motala\/files\/2016\/09\/20160928_publiceraoppendata.jpg","width":1096,"height":708},{"@type":"BreadcrumbList","@id":"https:\/\/wp.kristdemokraterna.se\/motala\/motioner\/oppen-data\/#breadcrumb","itemListElement":[{"@type":"ListItem","position":1,"name":"Hem","item":"https:\/\/wp.kristdemokraterna.se\/motala\/"},{"@type":"ListItem","position":2,"name":"Motioner","item":"https:\/\/wp.kristdemokraterna.se\/motala\/motioner\/"},{"@type":"ListItem","position":3,"name":"Motion: \u00d6ppen data"}]},{"@type":"WebSite","@id":"https:\/\/wp.kristdemokraterna.se\/motala\/#website","url":"https:\/\/wp.kristdemokraterna.se\/motala\/","name":"Kristdemokraterna i Motala","description":"Kristdemokraterna","inLanguage":"sv-SE"}]}},"_links":{"self":[{"href":"https:\/\/wp.kristdemokraterna.se\/motala\/wp-json\/wp\/v2\/pages\/2182","targetHints":{"allow":["GET"]}}],"collection":[{"href":"https:\/\/wp.kristdemokraterna.se\/motala\/wp-json\/wp\/v2\/pages"}],"about":[{"href":"https:\/\/wp.kristdemokraterna.se\/motala\/wp-json\/wp\/v2\/types\/page"}],"author":[{"embeddable":true,"href":"https:\/\/wp.kristdemokraterna.se\/motala\/wp-json\/wp\/v2\/users\/686"}],"replies":[{"embeddable":true,"href":"https:\/\/wp.kristdemokraterna.se\/motala\/wp-json\/wp\/v2\/comments?post=2182"}],"version-history":[{"count":17,"href":"https:\/\/wp.kristdemokraterna.se\/motala\/wp-json\/wp\/v2\/pages\/2182\/revisions"}],"predecessor-version":[{"id":2228,"href":"https:\/\/wp.kristdemokraterna.se\/motala\/wp-json\/wp\/v2\/pages\/2182\/revisions\/2228"}],"up":[{"embeddable":true,"href":"https:\/\/wp.kristdemokraterna.se\/motala\/wp-json\/wp\/v2\/pages\/343"}],"wp:attachment":[{"href":"https:\/\/wp.kristdemokraterna.se\/motala\/wp-json\/wp\/v2\/media?parent=2182"}],"curies":[{"name":"wp","href":"https:\/\/api.w.org\/{rel}","templated":true}]}}