{"id":2442,"date":"2017-01-31T17:00:16","date_gmt":"2017-01-31T16:00:16","guid":{"rendered":"http:\/\/wp.kristdemokraterna.se\/motala\/?page_id=2442"},"modified":"2017-04-12T16:49:00","modified_gmt":"2017-04-12T14:49:00","slug":"inforande-av-introduktions-o-utbildningsenheter-inom-aldreomsorgen-o-hemtjansten","status":"publish","type":"page","link":"https:\/\/wp.kristdemokraterna.se\/motala\/motioner\/inforande-av-introduktions-o-utbildningsenheter-inom-aldreomsorgen-o-hemtjansten\/","title":{"rendered":"Motion: Inf\u00f6rande av introduktions o utbildningsenheter inom \u00e4ldreomsorgen o hemtj\u00e4nsten"},"content":{"rendered":"<p>2017-01-31<br \/>\n<strong>Motion &#8211; Inf\u00f6rande av introduktions och utbildnings enheter inom \u00e4ldreomsorgen och <\/strong><strong>hemtj\u00e4nsten.<\/strong><br \/>\n<strong><br \/>\nBakgrund:<br \/>\n<\/strong>I Motala kommun finns flera enheter och \u00e4ldre boenden. Hemtj\u00e4nsten best\u00e5r ocks\u00e5 av flera enheter inom kommunen. F\u00f6r att fa en enhetlig syn och till\u00e4mpning av det arbete som ska utf\u00f6ras i hela kommunens \u00e4ldreomsorg och hemstj\u00e4nst beh\u00f6vs det skapas referensenheter inom dessa d\u00e4r den anst\u00e4llde f\u00e5r samma grundutbildning som g\u00e4ller f\u00f6r hela kommunen. Behovet av att anst\u00e4lla personal inom dessa personalgrupper \u00e4r stort den kommande tiden. Alla har inte lika utbildningsst\u00e5ndpunkt. Att rekrytera personal med olika bakgrund \u00e4r viktigt f\u00f6r den tid som nu \u00e4r.<\/p>\n<p><strong>Jag f\u00f6resl\u00e5r d\u00e4rf\u00f6r att kommunfullm\u00e4ktige beslutar enligt f\u00f6ljande:<\/strong><br \/>\n<em>Att<\/em> Motala kommun utser en eller flera enheter i \u00e4ldreomsorgen till att bli introduktions och utbildningsenheter.<br \/>\n<em>Att <\/em>Motala kommun utser en eller flera enheter i hemtj\u00e4nsten till att bli introduktions och<br \/>\nutbildningsenheter.<\/p>\n<p><strong><span style=\"color: #0000ff\">Kristdemokraterna<\/span> Motala<\/strong> \u2013 Kommunfullm\u00e4ktige<br \/>\nJan Gyllenhammar,<br \/>\nledamot och gruppledare<\/p>\n<p>&gt;\u00a0<a href=\"http:\/\/wp.kristdemokraterna.se\/motala\/files\/2017\/01\/20170131_kdmotion_introduktionsochutbildningsenheter.pdf\" target=\"_blank\">20170131_kdmotion_introduktionsochutbildningsenheter<\/a> (pdf)<\/p>\n","protected":false},"excerpt":{"rendered":"<p>2017-01-31 Motion &#8211; Inf\u00f6rande av introduktions och utbildnings enheter inom \u00e4ldreomsorgen och hemtj\u00e4nsten. Bakgrund: I Motala kommun finns flera enheter och \u00e4ldre boenden. Hemtj\u00e4nsten best\u00e5r ocks\u00e5 av flera enheter inom kommunen. F\u00f6r att fa en enhetlig syn och till\u00e4mpning av det arbete som ska utf\u00f6ras i hela kommunens \u00e4ldreomsorg och hemstj\u00e4nst beh\u00f6vs det skapas referensenheter <a class=\"read-more-link\" href=\"https:\/\/wp.kristdemokraterna.se\/motala\/motioner\/inforande-av-introduktions-o-utbildningsenheter-inom-aldreomsorgen-o-hemtjansten\/\">Read More<\/a><\/p>\n","protected":false},"author":686,"featured_media":0,"parent":343,"menu_order":0,"comment_status":"closed","ping_status":"closed","template":"","meta":{"_acf_changed":false,"footnotes":""},"class_list":["post-2442","page","type-page","status-publish","hentry"],"acf":[],"yoast_head":"<!-- This site is optimized with the Yoast SEO plugin v27.4 - https:\/\/yoast.com\/product\/yoast-seo-wordpress\/ -->\n<title>Motion: Inf\u00f6rande av introduktions o utbildningsenheter inom \u00e4ldreomsorgen o hemtj\u00e4nsten - Kristdemokraterna i Motala<\/title>\n<meta name=\"robots\" content=\"index, follow, max-snippet:-1, max-image-preview:large, max-video-preview:-1\" \/>\n<link rel=\"canonical\" href=\"https:\/\/wp.kristdemokraterna.se\/motala\/motioner\/inforande-av-introduktions-o-utbildningsenheter-inom-aldreomsorgen-o-hemtjansten\/\" \/>\n<meta property=\"og:locale\" content=\"sv_SE\" \/>\n<meta property=\"og:type\" content=\"article\" \/>\n<meta property=\"og:title\" content=\"Motion: Inf\u00f6rande av introduktions o utbildningsenheter inom \u00e4ldreomsorgen o hemtj\u00e4nsten - Kristdemokraterna i Motala\" \/>\n<meta property=\"og:description\" content=\"2017-01-31 Motion &#8211; Inf\u00f6rande av introduktions och utbildnings enheter inom \u00e4ldreomsorgen och hemtj\u00e4nsten. Bakgrund: I Motala kommun finns flera enheter och \u00e4ldre boenden. Hemtj\u00e4nsten best\u00e5r ocks\u00e5 av flera enheter inom kommunen. F\u00f6r att fa en enhetlig syn och till\u00e4mpning av det arbete som ska utf\u00f6ras i hela kommunens \u00e4ldreomsorg och hemstj\u00e4nst beh\u00f6vs det skapas referensenheter Read More\" \/>\n<meta property=\"og:url\" content=\"https:\/\/wp.kristdemokraterna.se\/motala\/motioner\/inforande-av-introduktions-o-utbildningsenheter-inom-aldreomsorgen-o-hemtjansten\/\" \/>\n<meta property=\"og:site_name\" content=\"Kristdemokraterna i Motala\" \/>\n<meta property=\"article:modified_time\" content=\"2017-04-12T14:49:00+00:00\" \/>\n<meta name=\"twitter:card\" content=\"summary_large_image\" \/>\n<meta name=\"twitter:label1\" content=\"Ber\u00e4knad l\u00e4stid\" \/>\n\t<meta name=\"twitter:data1\" content=\"1 minut\" \/>\n<script type=\"application\/ld+json\" class=\"yoast-schema-graph\">{\"@context\":\"https:\\\/\\\/schema.org\",\"@graph\":[{\"@type\":\"WebPage\",\"@id\":\"https:\\\/\\\/wp.kristdemokraterna.se\\\/motala\\\/motioner\\\/inforande-av-introduktions-o-utbildningsenheter-inom-aldreomsorgen-o-hemtjansten\\\/\",\"url\":\"https:\\\/\\\/wp.kristdemokraterna.se\\\/motala\\\/motioner\\\/inforande-av-introduktions-o-utbildningsenheter-inom-aldreomsorgen-o-hemtjansten\\\/\",\"name\":\"Motion: Inf\u00f6rande av introduktions o utbildningsenheter inom \u00e4ldreomsorgen o hemtj\u00e4nsten - Kristdemokraterna i Motala\",\"isPartOf\":{\"@id\":\"https:\\\/\\\/wp.kristdemokraterna.se\\\/motala\\\/#website\"},\"datePublished\":\"2017-01-31T16:00:16+00:00\",\"dateModified\":\"2017-04-12T14:49:00+00:00\",\"breadcrumb\":{\"@id\":\"https:\\\/\\\/wp.kristdemokraterna.se\\\/motala\\\/motioner\\\/inforande-av-introduktions-o-utbildningsenheter-inom-aldreomsorgen-o-hemtjansten\\\/#breadcrumb\"},\"inLanguage\":\"sv-SE\",\"potentialAction\":[{\"@type\":\"ReadAction\",\"target\":[\"https:\\\/\\\/wp.kristdemokraterna.se\\\/motala\\\/motioner\\\/inforande-av-introduktions-o-utbildningsenheter-inom-aldreomsorgen-o-hemtjansten\\\/\"]}]},{\"@type\":\"BreadcrumbList\",\"@id\":\"https:\\\/\\\/wp.kristdemokraterna.se\\\/motala\\\/motioner\\\/inforande-av-introduktions-o-utbildningsenheter-inom-aldreomsorgen-o-hemtjansten\\\/#breadcrumb\",\"itemListElement\":[{\"@type\":\"ListItem\",\"position\":1,\"name\":\"Hem\",\"item\":\"https:\\\/\\\/wp.kristdemokraterna.se\\\/motala\\\/\"},{\"@type\":\"ListItem\",\"position\":2,\"name\":\"Motioner\",\"item\":\"https:\\\/\\\/wp.kristdemokraterna.se\\\/motala\\\/motioner\\\/\"},{\"@type\":\"ListItem\",\"position\":3,\"name\":\"Motion: Inf\u00f6rande av introduktions o utbildningsenheter inom \u00e4ldreomsorgen o hemtj\u00e4nsten\"}]},{\"@type\":\"WebSite\",\"@id\":\"https:\\\/\\\/wp.kristdemokraterna.se\\\/motala\\\/#website\",\"url\":\"https:\\\/\\\/wp.kristdemokraterna.se\\\/motala\\\/\",\"name\":\"Kristdemokraterna i Motala\",\"description\":\"Kristdemokraterna\",\"inLanguage\":\"sv-SE\"}]}<\/script>\n<!-- \/ Yoast SEO plugin. -->","yoast_head_json":{"title":"Motion: Inf\u00f6rande av introduktions o utbildningsenheter inom \u00e4ldreomsorgen o hemtj\u00e4nsten - Kristdemokraterna i Motala","robots":{"index":"index","follow":"follow","max-snippet":"max-snippet:-1","max-image-preview":"max-image-preview:large","max-video-preview":"max-video-preview:-1"},"canonical":"https:\/\/wp.kristdemokraterna.se\/motala\/motioner\/inforande-av-introduktions-o-utbildningsenheter-inom-aldreomsorgen-o-hemtjansten\/","og_locale":"sv_SE","og_type":"article","og_title":"Motion: Inf\u00f6rande av introduktions o utbildningsenheter inom \u00e4ldreomsorgen o hemtj\u00e4nsten - Kristdemokraterna i Motala","og_description":"2017-01-31 Motion &#8211; Inf\u00f6rande av introduktions och utbildnings enheter inom \u00e4ldreomsorgen och hemtj\u00e4nsten. Bakgrund: I Motala kommun finns flera enheter och \u00e4ldre boenden. Hemtj\u00e4nsten best\u00e5r ocks\u00e5 av flera enheter inom kommunen. F\u00f6r att fa en enhetlig syn och till\u00e4mpning av det arbete som ska utf\u00f6ras i hela kommunens \u00e4ldreomsorg och hemstj\u00e4nst beh\u00f6vs det skapas referensenheter Read More","og_url":"https:\/\/wp.kristdemokraterna.se\/motala\/motioner\/inforande-av-introduktions-o-utbildningsenheter-inom-aldreomsorgen-o-hemtjansten\/","og_site_name":"Kristdemokraterna i Motala","article_modified_time":"2017-04-12T14:49:00+00:00","twitter_card":"summary_large_image","twitter_misc":{"Ber\u00e4knad l\u00e4stid":"1 minut"},"schema":{"@context":"https:\/\/schema.org","@graph":[{"@type":"WebPage","@id":"https:\/\/wp.kristdemokraterna.se\/motala\/motioner\/inforande-av-introduktions-o-utbildningsenheter-inom-aldreomsorgen-o-hemtjansten\/","url":"https:\/\/wp.kristdemokraterna.se\/motala\/motioner\/inforande-av-introduktions-o-utbildningsenheter-inom-aldreomsorgen-o-hemtjansten\/","name":"Motion: Inf\u00f6rande av introduktions o utbildningsenheter inom \u00e4ldreomsorgen o hemtj\u00e4nsten - Kristdemokraterna i Motala","isPartOf":{"@id":"https:\/\/wp.kristdemokraterna.se\/motala\/#website"},"datePublished":"2017-01-31T16:00:16+00:00","dateModified":"2017-04-12T14:49:00+00:00","breadcrumb":{"@id":"https:\/\/wp.kristdemokraterna.se\/motala\/motioner\/inforande-av-introduktions-o-utbildningsenheter-inom-aldreomsorgen-o-hemtjansten\/#breadcrumb"},"inLanguage":"sv-SE","potentialAction":[{"@type":"ReadAction","target":["https:\/\/wp.kristdemokraterna.se\/motala\/motioner\/inforande-av-introduktions-o-utbildningsenheter-inom-aldreomsorgen-o-hemtjansten\/"]}]},{"@type":"BreadcrumbList","@id":"https:\/\/wp.kristdemokraterna.se\/motala\/motioner\/inforande-av-introduktions-o-utbildningsenheter-inom-aldreomsorgen-o-hemtjansten\/#breadcrumb","itemListElement":[{"@type":"ListItem","position":1,"name":"Hem","item":"https:\/\/wp.kristdemokraterna.se\/motala\/"},{"@type":"ListItem","position":2,"name":"Motioner","item":"https:\/\/wp.kristdemokraterna.se\/motala\/motioner\/"},{"@type":"ListItem","position":3,"name":"Motion: Inf\u00f6rande av introduktions o utbildningsenheter inom \u00e4ldreomsorgen o hemtj\u00e4nsten"}]},{"@type":"WebSite","@id":"https:\/\/wp.kristdemokraterna.se\/motala\/#website","url":"https:\/\/wp.kristdemokraterna.se\/motala\/","name":"Kristdemokraterna i Motala","description":"Kristdemokraterna","inLanguage":"sv-SE"}]}},"_links":{"self":[{"href":"https:\/\/wp.kristdemokraterna.se\/motala\/wp-json\/wp\/v2\/pages\/2442","targetHints":{"allow":["GET"]}}],"collection":[{"href":"https:\/\/wp.kristdemokraterna.se\/motala\/wp-json\/wp\/v2\/pages"}],"about":[{"href":"https:\/\/wp.kristdemokraterna.se\/motala\/wp-json\/wp\/v2\/types\/page"}],"author":[{"embeddable":true,"href":"https:\/\/wp.kristdemokraterna.se\/motala\/wp-json\/wp\/v2\/users\/686"}],"replies":[{"embeddable":true,"href":"https:\/\/wp.kristdemokraterna.se\/motala\/wp-json\/wp\/v2\/comments?post=2442"}],"version-history":[{"count":11,"href":"https:\/\/wp.kristdemokraterna.se\/motala\/wp-json\/wp\/v2\/pages\/2442\/revisions"}],"predecessor-version":[{"id":2458,"href":"https:\/\/wp.kristdemokraterna.se\/motala\/wp-json\/wp\/v2\/pages\/2442\/revisions\/2458"}],"up":[{"embeddable":true,"href":"https:\/\/wp.kristdemokraterna.se\/motala\/wp-json\/wp\/v2\/pages\/343"}],"wp:attachment":[{"href":"https:\/\/wp.kristdemokraterna.se\/motala\/wp-json\/wp\/v2\/media?parent=2442"}],"curies":[{"name":"wp","href":"https:\/\/api.w.org\/{rel}","templated":true}]}}