{"id":2567,"date":"2017-09-08T23:50:21","date_gmt":"2017-09-08T21:50:21","guid":{"rendered":"http:\/\/wp.kristdemokraterna.se\/motala\/?page_id=2567"},"modified":"2019-04-09T14:17:08","modified_gmt":"2019-04-09T12:17:08","slug":"om-ett-ar-bestammer-du","status":"publish","type":"page","link":"https:\/\/wp.kristdemokraterna.se\/motala\/om-ett-ar-bestammer-du\/","title":{"rendered":"Om ett \u00e5r best\u00e4mmer du!"},"content":{"rendered":"<h3>2017-09-09<\/h3>\n<p><img loading=\"lazy\" decoding=\"async\" class=\"alignnone wp-image-2566 size-full\" src=\"http:\/\/wp.kristdemokraterna.se\/motala\/files\/2017\/09\/21415015_10154880885158365_4957145286407755883_o.jpg\" alt=\"K\u00e4lla: https:\/\/www.facebook.com\/Kristdemokraterna\/posts\/10154880886233365\" width=\"1200\" height=\"630\" srcset=\"https:\/\/wp.kristdemokraterna.se\/motala\/files\/2017\/09\/21415015_10154880885158365_4957145286407755883_o.jpg 1200w, https:\/\/wp.kristdemokraterna.se\/motala\/files\/2017\/09\/21415015_10154880885158365_4957145286407755883_o-300x158.jpg 300w, https:\/\/wp.kristdemokraterna.se\/motala\/files\/2017\/09\/21415015_10154880885158365_4957145286407755883_o-768x403.jpg 768w, https:\/\/wp.kristdemokraterna.se\/motala\/files\/2017\/09\/21415015_10154880885158365_4957145286407755883_o-1024x538.jpg 1024w, https:\/\/wp.kristdemokraterna.se\/motala\/files\/2017\/09\/21415015_10154880885158365_4957145286407755883_o-576x302.jpg 576w, https:\/\/wp.kristdemokraterna.se\/motala\/files\/2017\/09\/21415015_10154880885158365_4957145286407755883_o-186x98.jpg 186w\" sizes=\"auto, (max-width: 1200px) 100vw, 1200px\" \/><br \/>\n<strong>Vi vill byta regering \u2013 vill du?<\/strong><br \/>\nOm ett \u00e5r best\u00e4mmer du. Den 9 september 2018 \u00e4r det val till Sveriges riksdag. Den nuvarande regeringen f\u00f6r Sverige i fel riktning. D\u00e4rf\u00f6r beh\u00f6vs en ny Alliansregering. Vi Kristdemokrater lovar inte allt, men vi lovar att prioritera v\u00e4lf\u00e4rdens k\u00e4rna. Man ska kunna lita p\u00e5 att v\u00e5rden, \u00e4ldreomsorgen och polisen finns d\u00e4r n\u00e4r man beh\u00f6ver. Det \u00e4r v\u00e5rt v\u00e4lf\u00e4rdsl\u00f6fte.<\/p>\n<p>V\u00e5r valr\u00f6relse b\u00f6rjar nu, vill du vara med och arbeta f\u00f6r v\u00e4lf\u00e4rdsl\u00f6ftet med Kristdemokraterna?<\/p>\n<p>Bli medlem i Kristdemokraterna: <a href=\"http:\/\/www.kristdemokraterna.se\/blimedlem\" target=\"_blank\" rel=\"noopener noreferrer\"><strong>www.kristdemokraterna.se\/blimedlem<\/strong><\/a><\/p>\n<p><img loading=\"lazy\" decoding=\"async\" class=\"alignnone wp-image-2570 size-large\" src=\"http:\/\/wp.kristdemokraterna.se\/motala\/files\/2017\/09\/vitsippa-platta-2000-1024x251.jpg\" alt=\"K\u00e4lla: https:\/\/kristdemokraterna.se\/wp-content\/uploads\/2017\/03\/Vitsippa-platta-2000.jpg\" width=\"584\" height=\"143\" srcset=\"https:\/\/wp.kristdemokraterna.se\/motala\/files\/2017\/09\/vitsippa-platta-2000-1024x251.jpg 1024w, https:\/\/wp.kristdemokraterna.se\/motala\/files\/2017\/09\/vitsippa-platta-2000-300x74.jpg 300w, https:\/\/wp.kristdemokraterna.se\/motala\/files\/2017\/09\/vitsippa-platta-2000-768x188.jpg 768w, https:\/\/wp.kristdemokraterna.se\/motala\/files\/2017\/09\/vitsippa-platta-2000-576x141.jpg 576w, https:\/\/wp.kristdemokraterna.se\/motala\/files\/2017\/09\/vitsippa-platta-2000-186x46.jpg 186w, https:\/\/wp.kristdemokraterna.se\/motala\/files\/2017\/09\/vitsippa-platta-2000.jpg 2000w\" sizes=\"auto, (max-width: 584px) 100vw, 584px\" \/><\/p>\n","protected":false},"excerpt":{"rendered":"<p>2017-09-09 Vi vill byta regering \u2013 vill du? Om ett \u00e5r best\u00e4mmer du. Den 9 september 2018 \u00e4r det val till Sveriges riksdag. Den nuvarande regeringen f\u00f6r Sverige i fel riktning. D\u00e4rf\u00f6r beh\u00f6vs en ny Alliansregering. Vi Kristdemokrater lovar inte allt, men vi lovar att prioritera v\u00e4lf\u00e4rdens k\u00e4rna. Man ska kunna lita p\u00e5 att v\u00e5rden, <a class=\"read-more-link\" href=\"https:\/\/wp.kristdemokraterna.se\/motala\/om-ett-ar-bestammer-du\/\">Read More<\/a><\/p>\n","protected":false},"author":686,"featured_media":0,"parent":0,"menu_order":33,"comment_status":"closed","ping_status":"closed","template":"","meta":{"_acf_changed":false,"footnotes":""},"class_list":["post-2567","page","type-page","status-publish","hentry"],"acf":[],"yoast_head":"<!-- This site is optimized with the Yoast SEO plugin v27.4 - https:\/\/yoast.com\/product\/yoast-seo-wordpress\/ -->\n<title>Om ett \u00e5r best\u00e4mmer du! - Kristdemokraterna i Motala<\/title>\n<meta name=\"robots\" content=\"index, follow, max-snippet:-1, max-image-preview:large, max-video-preview:-1\" \/>\n<link rel=\"canonical\" href=\"https:\/\/wp.kristdemokraterna.se\/motala\/om-ett-ar-bestammer-du\/\" \/>\n<meta property=\"og:locale\" content=\"sv_SE\" \/>\n<meta property=\"og:type\" content=\"article\" \/>\n<meta property=\"og:title\" content=\"Om ett \u00e5r best\u00e4mmer du! - Kristdemokraterna i Motala\" \/>\n<meta property=\"og:description\" content=\"2017-09-09 Vi vill byta regering \u2013 vill du? Om ett \u00e5r best\u00e4mmer du. Den 9 september 2018 \u00e4r det val till Sveriges riksdag. Den nuvarande regeringen f\u00f6r Sverige i fel riktning. D\u00e4rf\u00f6r beh\u00f6vs en ny Alliansregering. Vi Kristdemokrater lovar inte allt, men vi lovar att prioritera v\u00e4lf\u00e4rdens k\u00e4rna. Man ska kunna lita p\u00e5 att v\u00e5rden, Read More\" \/>\n<meta property=\"og:url\" content=\"https:\/\/wp.kristdemokraterna.se\/motala\/om-ett-ar-bestammer-du\/\" \/>\n<meta property=\"og:site_name\" content=\"Kristdemokraterna i Motala\" \/>\n<meta property=\"article:modified_time\" content=\"2019-04-09T12:17:08+00:00\" \/>\n<meta property=\"og:image\" content=\"http:\/\/wp.kristdemokraterna.se\/motala\/files\/2017\/09\/21415015_10154880885158365_4957145286407755883_o.jpg\" \/>\n<meta name=\"twitter:card\" content=\"summary_large_image\" \/>\n<meta name=\"twitter:label1\" content=\"Ber\u00e4knad l\u00e4stid\" \/>\n\t<meta name=\"twitter:data1\" content=\"1 minut\" \/>\n<script type=\"application\/ld+json\" class=\"yoast-schema-graph\">{\"@context\":\"https:\\\/\\\/schema.org\",\"@graph\":[{\"@type\":\"WebPage\",\"@id\":\"https:\\\/\\\/wp.kristdemokraterna.se\\\/motala\\\/om-ett-ar-bestammer-du\\\/\",\"url\":\"https:\\\/\\\/wp.kristdemokraterna.se\\\/motala\\\/om-ett-ar-bestammer-du\\\/\",\"name\":\"Om ett \u00e5r best\u00e4mmer du! - Kristdemokraterna i Motala\",\"isPartOf\":{\"@id\":\"https:\\\/\\\/wp.kristdemokraterna.se\\\/motala\\\/#website\"},\"primaryImageOfPage\":{\"@id\":\"https:\\\/\\\/wp.kristdemokraterna.se\\\/motala\\\/om-ett-ar-bestammer-du\\\/#primaryimage\"},\"image\":{\"@id\":\"https:\\\/\\\/wp.kristdemokraterna.se\\\/motala\\\/om-ett-ar-bestammer-du\\\/#primaryimage\"},\"thumbnailUrl\":\"http:\\\/\\\/wp.kristdemokraterna.se\\\/motala\\\/files\\\/2017\\\/09\\\/21415015_10154880885158365_4957145286407755883_o.jpg\",\"datePublished\":\"2017-09-08T21:50:21+00:00\",\"dateModified\":\"2019-04-09T12:17:08+00:00\",\"breadcrumb\":{\"@id\":\"https:\\\/\\\/wp.kristdemokraterna.se\\\/motala\\\/om-ett-ar-bestammer-du\\\/#breadcrumb\"},\"inLanguage\":\"sv-SE\",\"potentialAction\":[{\"@type\":\"ReadAction\",\"target\":[\"https:\\\/\\\/wp.kristdemokraterna.se\\\/motala\\\/om-ett-ar-bestammer-du\\\/\"]}]},{\"@type\":\"ImageObject\",\"inLanguage\":\"sv-SE\",\"@id\":\"https:\\\/\\\/wp.kristdemokraterna.se\\\/motala\\\/om-ett-ar-bestammer-du\\\/#primaryimage\",\"url\":\"https:\\\/\\\/wp.kristdemokraterna.se\\\/motala\\\/files\\\/2017\\\/09\\\/21415015_10154880885158365_4957145286407755883_o.jpg\",\"contentUrl\":\"https:\\\/\\\/wp.kristdemokraterna.se\\\/motala\\\/files\\\/2017\\\/09\\\/21415015_10154880885158365_4957145286407755883_o.jpg\",\"width\":1200,\"height\":630},{\"@type\":\"BreadcrumbList\",\"@id\":\"https:\\\/\\\/wp.kristdemokraterna.se\\\/motala\\\/om-ett-ar-bestammer-du\\\/#breadcrumb\",\"itemListElement\":[{\"@type\":\"ListItem\",\"position\":1,\"name\":\"Hem\",\"item\":\"https:\\\/\\\/wp.kristdemokraterna.se\\\/motala\\\/\"},{\"@type\":\"ListItem\",\"position\":2,\"name\":\"Om ett \u00e5r best\u00e4mmer du!\"}]},{\"@type\":\"WebSite\",\"@id\":\"https:\\\/\\\/wp.kristdemokraterna.se\\\/motala\\\/#website\",\"url\":\"https:\\\/\\\/wp.kristdemokraterna.se\\\/motala\\\/\",\"name\":\"Kristdemokraterna i Motala\",\"description\":\"Kristdemokraterna\",\"inLanguage\":\"sv-SE\"}]}<\/script>\n<!-- \/ Yoast SEO plugin. -->","yoast_head_json":{"title":"Om ett \u00e5r best\u00e4mmer du! - Kristdemokraterna i Motala","robots":{"index":"index","follow":"follow","max-snippet":"max-snippet:-1","max-image-preview":"max-image-preview:large","max-video-preview":"max-video-preview:-1"},"canonical":"https:\/\/wp.kristdemokraterna.se\/motala\/om-ett-ar-bestammer-du\/","og_locale":"sv_SE","og_type":"article","og_title":"Om ett \u00e5r best\u00e4mmer du! - Kristdemokraterna i Motala","og_description":"2017-09-09 Vi vill byta regering \u2013 vill du? Om ett \u00e5r best\u00e4mmer du. Den 9 september 2018 \u00e4r det val till Sveriges riksdag. Den nuvarande regeringen f\u00f6r Sverige i fel riktning. D\u00e4rf\u00f6r beh\u00f6vs en ny Alliansregering. Vi Kristdemokrater lovar inte allt, men vi lovar att prioritera v\u00e4lf\u00e4rdens k\u00e4rna. Man ska kunna lita p\u00e5 att v\u00e5rden, Read More","og_url":"https:\/\/wp.kristdemokraterna.se\/motala\/om-ett-ar-bestammer-du\/","og_site_name":"Kristdemokraterna i Motala","article_modified_time":"2019-04-09T12:17:08+00:00","og_image":[{"url":"http:\/\/wp.kristdemokraterna.se\/motala\/files\/2017\/09\/21415015_10154880885158365_4957145286407755883_o.jpg","type":"","width":"","height":""}],"twitter_card":"summary_large_image","twitter_misc":{"Ber\u00e4knad l\u00e4stid":"1 minut"},"schema":{"@context":"https:\/\/schema.org","@graph":[{"@type":"WebPage","@id":"https:\/\/wp.kristdemokraterna.se\/motala\/om-ett-ar-bestammer-du\/","url":"https:\/\/wp.kristdemokraterna.se\/motala\/om-ett-ar-bestammer-du\/","name":"Om ett \u00e5r best\u00e4mmer du! - Kristdemokraterna i Motala","isPartOf":{"@id":"https:\/\/wp.kristdemokraterna.se\/motala\/#website"},"primaryImageOfPage":{"@id":"https:\/\/wp.kristdemokraterna.se\/motala\/om-ett-ar-bestammer-du\/#primaryimage"},"image":{"@id":"https:\/\/wp.kristdemokraterna.se\/motala\/om-ett-ar-bestammer-du\/#primaryimage"},"thumbnailUrl":"http:\/\/wp.kristdemokraterna.se\/motala\/files\/2017\/09\/21415015_10154880885158365_4957145286407755883_o.jpg","datePublished":"2017-09-08T21:50:21+00:00","dateModified":"2019-04-09T12:17:08+00:00","breadcrumb":{"@id":"https:\/\/wp.kristdemokraterna.se\/motala\/om-ett-ar-bestammer-du\/#breadcrumb"},"inLanguage":"sv-SE","potentialAction":[{"@type":"ReadAction","target":["https:\/\/wp.kristdemokraterna.se\/motala\/om-ett-ar-bestammer-du\/"]}]},{"@type":"ImageObject","inLanguage":"sv-SE","@id":"https:\/\/wp.kristdemokraterna.se\/motala\/om-ett-ar-bestammer-du\/#primaryimage","url":"https:\/\/wp.kristdemokraterna.se\/motala\/files\/2017\/09\/21415015_10154880885158365_4957145286407755883_o.jpg","contentUrl":"https:\/\/wp.kristdemokraterna.se\/motala\/files\/2017\/09\/21415015_10154880885158365_4957145286407755883_o.jpg","width":1200,"height":630},{"@type":"BreadcrumbList","@id":"https:\/\/wp.kristdemokraterna.se\/motala\/om-ett-ar-bestammer-du\/#breadcrumb","itemListElement":[{"@type":"ListItem","position":1,"name":"Hem","item":"https:\/\/wp.kristdemokraterna.se\/motala\/"},{"@type":"ListItem","position":2,"name":"Om ett \u00e5r best\u00e4mmer du!"}]},{"@type":"WebSite","@id":"https:\/\/wp.kristdemokraterna.se\/motala\/#website","url":"https:\/\/wp.kristdemokraterna.se\/motala\/","name":"Kristdemokraterna i Motala","description":"Kristdemokraterna","inLanguage":"sv-SE"}]}},"_links":{"self":[{"href":"https:\/\/wp.kristdemokraterna.se\/motala\/wp-json\/wp\/v2\/pages\/2567","targetHints":{"allow":["GET"]}}],"collection":[{"href":"https:\/\/wp.kristdemokraterna.se\/motala\/wp-json\/wp\/v2\/pages"}],"about":[{"href":"https:\/\/wp.kristdemokraterna.se\/motala\/wp-json\/wp\/v2\/types\/page"}],"author":[{"embeddable":true,"href":"https:\/\/wp.kristdemokraterna.se\/motala\/wp-json\/wp\/v2\/users\/686"}],"replies":[{"embeddable":true,"href":"https:\/\/wp.kristdemokraterna.se\/motala\/wp-json\/wp\/v2\/comments?post=2567"}],"version-history":[{"count":9,"href":"https:\/\/wp.kristdemokraterna.se\/motala\/wp-json\/wp\/v2\/pages\/2567\/revisions"}],"predecessor-version":[{"id":3297,"href":"https:\/\/wp.kristdemokraterna.se\/motala\/wp-json\/wp\/v2\/pages\/2567\/revisions\/3297"}],"wp:attachment":[{"href":"https:\/\/wp.kristdemokraterna.se\/motala\/wp-json\/wp\/v2\/media?parent=2567"}],"curies":[{"name":"wp","href":"https:\/\/api.w.org\/{rel}","templated":true}]}}