{"id":290,"date":"2010-03-23T16:52:40","date_gmt":"2010-03-23T15:52:40","guid":{"rendered":"http:\/\/wp.kristdemokraterna.se\/motala\/?page_id=290"},"modified":"2019-04-08T16:42:50","modified_gmt":"2019-04-08T14:42:50","slug":"kommunkandidater-2010","status":"publish","type":"page","link":"https:\/\/wp.kristdemokraterna.se\/motala\/vara-kandidater\/kommunkandidater-2010\/","title":{"rendered":"Kommunkandidater 2010"},"content":{"rendered":"<p><img loading=\"lazy\" decoding=\"async\" class=\"alignnone size-full wp-image-600\" src=\"http:\/\/wp.kristdemokraterna.se\/motala\/files\/2015\/02\/hushall_motala_2010_15.jpg\" alt=\"hushall_motala_2010_15\" width=\"413\" height=\"298\" srcset=\"https:\/\/wp.kristdemokraterna.se\/motala\/files\/2015\/02\/hushall_motala_2010_15.jpg 413w, https:\/\/wp.kristdemokraterna.se\/motala\/files\/2015\/02\/hushall_motala_2010_15-300x216.jpg 300w, https:\/\/wp.kristdemokraterna.se\/motala\/files\/2015\/02\/hushall_motala_2010_15-155x112.jpg 155w\" sizes=\"auto, (max-width: 413px) 100vw, 413px\" \/><br \/>\nJan Gyllenhammar, Martina Axene, Lars-Johan Sunnerberg, Jessica Antebrink, Nils-Ingvar Graan<\/p>\n<p>1. Nils-Ingvar Graan, Kommunfullm\u00e4ktiges ordf\u00f6rande<br \/>\n2. Martina Axene, Undersk\u00f6terska<br \/>\n3. Jessica Antebrink, Behandlingsassistent<br \/>\n4. Jan Gyllenhammar, Pastor\/Busschauff\u00f6r<br \/>\n5. Lars-Johan Sunnerberg, Assistent<br \/>\n6. Peter Birgersson, Konstrukt\u00f6r<br \/>\n7. Raendie Andersson, Fd. Postkass\u00f6r<br \/>\n8. Pernilla Willemsen, L\u00e4rare<br \/>\n9. Barbro Andersson, Pension\u00e4r<br \/>\n10. Josiane-Mica Nzeyimana, Undersk\u00f6terska<br \/>\n11. Kent Andersson, lantarbetare, grafiker<br \/>\n12. Krister Thor\u00e9n, Civilingenj\u00f6r<br \/>\n13. Mats Jarander, Skogsarbetare<br \/>\n14. Agneta Broberg, Distriktssk\u00f6terska<br \/>\n15. Hanna Topal, Guldsmed<br \/>\n16. Semaan Kalo, St\u00e4llare<\/p>\n<p>&gt;\u00a0<a href=\"http:\/\/wp.kristdemokraterna.se\/motala\/files\/2010\/03\/0068-00572_motala_val2010.pdf\" target=\"_blank\" rel=\"noopener noreferrer\">0068-00572_motala_val2010<\/a> (pdf)<\/p>\n","protected":false},"excerpt":{"rendered":"<p>Jan Gyllenhammar, Martina Axene, Lars-Johan Sunnerberg, Jessica Antebrink, Nils-Ingvar Graan 1. Nils-Ingvar Graan, Kommunfullm\u00e4ktiges ordf\u00f6rande 2. Martina Axene, Undersk\u00f6terska 3. Jessica Antebrink, Behandlingsassistent 4. Jan Gyllenhammar, Pastor\/Busschauff\u00f6r 5. Lars-Johan Sunnerberg, Assistent 6. Peter Birgersson, Konstrukt\u00f6r 7. Raendie Andersson, Fd. Postkass\u00f6r 8. Pernilla Willemsen, L\u00e4rare 9. Barbro Andersson, Pension\u00e4r 10. Josiane-Mica Nzeyimana, Undersk\u00f6terska 11. Kent Andersson, <a class=\"read-more-link\" href=\"https:\/\/wp.kristdemokraterna.se\/motala\/vara-kandidater\/kommunkandidater-2010\/\">Read More<\/a><\/p>\n","protected":false},"author":689,"featured_media":0,"parent":572,"menu_order":2,"comment_status":"closed","ping_status":"closed","template":"","meta":{"_acf_changed":false,"footnotes":""},"class_list":["post-290","page","type-page","status-publish","hentry"],"acf":[],"yoast_head":"<!-- This site is optimized with the Yoast SEO plugin v27.4 - https:\/\/yoast.com\/product\/yoast-seo-wordpress\/ -->\n<title>Kommunkandidater 2010 - Kristdemokraterna i Motala<\/title>\n<meta name=\"robots\" content=\"index, follow, max-snippet:-1, max-image-preview:large, max-video-preview:-1\" \/>\n<link rel=\"canonical\" href=\"https:\/\/wp.kristdemokraterna.se\/motala\/vara-kandidater\/kommunkandidater-2010\/\" \/>\n<meta property=\"og:locale\" content=\"sv_SE\" \/>\n<meta property=\"og:type\" content=\"article\" \/>\n<meta property=\"og:title\" content=\"Kommunkandidater 2010 - Kristdemokraterna i Motala\" \/>\n<meta property=\"og:description\" content=\"Jan Gyllenhammar, Martina Axene, Lars-Johan Sunnerberg, Jessica Antebrink, Nils-Ingvar Graan 1. Nils-Ingvar Graan, Kommunfullm\u00e4ktiges ordf\u00f6rande 2. Martina Axene, Undersk\u00f6terska 3. Jessica Antebrink, Behandlingsassistent 4. Jan Gyllenhammar, Pastor\/Busschauff\u00f6r 5. Lars-Johan Sunnerberg, Assistent 6. Peter Birgersson, Konstrukt\u00f6r 7. Raendie Andersson, Fd. Postkass\u00f6r 8. Pernilla Willemsen, L\u00e4rare 9. Barbro Andersson, Pension\u00e4r 10. Josiane-Mica Nzeyimana, Undersk\u00f6terska 11. Kent Andersson, Read More\" \/>\n<meta property=\"og:url\" content=\"https:\/\/wp.kristdemokraterna.se\/motala\/vara-kandidater\/kommunkandidater-2010\/\" \/>\n<meta property=\"og:site_name\" content=\"Kristdemokraterna i Motala\" \/>\n<meta property=\"article:modified_time\" content=\"2019-04-08T14:42:50+00:00\" \/>\n<meta property=\"og:image\" content=\"http:\/\/wp.kristdemokraterna.se\/motala\/files\/2015\/02\/hushall_motala_2010_15.jpg\" \/>\n<meta name=\"twitter:card\" content=\"summary_large_image\" \/>\n<script type=\"application\/ld+json\" class=\"yoast-schema-graph\">{\"@context\":\"https:\\\/\\\/schema.org\",\"@graph\":[{\"@type\":\"WebPage\",\"@id\":\"https:\\\/\\\/wp.kristdemokraterna.se\\\/motala\\\/vara-kandidater\\\/kommunkandidater-2010\\\/\",\"url\":\"https:\\\/\\\/wp.kristdemokraterna.se\\\/motala\\\/vara-kandidater\\\/kommunkandidater-2010\\\/\",\"name\":\"Kommunkandidater 2010 - Kristdemokraterna i Motala\",\"isPartOf\":{\"@id\":\"https:\\\/\\\/wp.kristdemokraterna.se\\\/motala\\\/#website\"},\"primaryImageOfPage\":{\"@id\":\"https:\\\/\\\/wp.kristdemokraterna.se\\\/motala\\\/vara-kandidater\\\/kommunkandidater-2010\\\/#primaryimage\"},\"image\":{\"@id\":\"https:\\\/\\\/wp.kristdemokraterna.se\\\/motala\\\/vara-kandidater\\\/kommunkandidater-2010\\\/#primaryimage\"},\"thumbnailUrl\":\"http:\\\/\\\/wp.kristdemokraterna.se\\\/motala\\\/files\\\/2015\\\/02\\\/hushall_motala_2010_15.jpg\",\"datePublished\":\"2010-03-23T15:52:40+00:00\",\"dateModified\":\"2019-04-08T14:42:50+00:00\",\"breadcrumb\":{\"@id\":\"https:\\\/\\\/wp.kristdemokraterna.se\\\/motala\\\/vara-kandidater\\\/kommunkandidater-2010\\\/#breadcrumb\"},\"inLanguage\":\"sv-SE\",\"potentialAction\":[{\"@type\":\"ReadAction\",\"target\":[\"https:\\\/\\\/wp.kristdemokraterna.se\\\/motala\\\/vara-kandidater\\\/kommunkandidater-2010\\\/\"]}]},{\"@type\":\"ImageObject\",\"inLanguage\":\"sv-SE\",\"@id\":\"https:\\\/\\\/wp.kristdemokraterna.se\\\/motala\\\/vara-kandidater\\\/kommunkandidater-2010\\\/#primaryimage\",\"url\":\"https:\\\/\\\/wp.kristdemokraterna.se\\\/motala\\\/files\\\/2015\\\/02\\\/hushall_motala_2010_15.jpg\",\"contentUrl\":\"https:\\\/\\\/wp.kristdemokraterna.se\\\/motala\\\/files\\\/2015\\\/02\\\/hushall_motala_2010_15.jpg\",\"width\":413,\"height\":298},{\"@type\":\"BreadcrumbList\",\"@id\":\"https:\\\/\\\/wp.kristdemokraterna.se\\\/motala\\\/vara-kandidater\\\/kommunkandidater-2010\\\/#breadcrumb\",\"itemListElement\":[{\"@type\":\"ListItem\",\"position\":1,\"name\":\"Hem\",\"item\":\"https:\\\/\\\/wp.kristdemokraterna.se\\\/motala\\\/\"},{\"@type\":\"ListItem\",\"position\":2,\"name\":\"V\u00e5ra kandidater\",\"item\":\"https:\\\/\\\/wp.kristdemokraterna.se\\\/motala\\\/vara-kandidater\\\/\"},{\"@type\":\"ListItem\",\"position\":3,\"name\":\"Kommunkandidater 2010\"}]},{\"@type\":\"WebSite\",\"@id\":\"https:\\\/\\\/wp.kristdemokraterna.se\\\/motala\\\/#website\",\"url\":\"https:\\\/\\\/wp.kristdemokraterna.se\\\/motala\\\/\",\"name\":\"Kristdemokraterna i Motala\",\"description\":\"Kristdemokraterna\",\"inLanguage\":\"sv-SE\"}]}<\/script>\n<!-- \/ Yoast SEO plugin. -->","yoast_head_json":{"title":"Kommunkandidater 2010 - Kristdemokraterna i Motala","robots":{"index":"index","follow":"follow","max-snippet":"max-snippet:-1","max-image-preview":"max-image-preview:large","max-video-preview":"max-video-preview:-1"},"canonical":"https:\/\/wp.kristdemokraterna.se\/motala\/vara-kandidater\/kommunkandidater-2010\/","og_locale":"sv_SE","og_type":"article","og_title":"Kommunkandidater 2010 - Kristdemokraterna i Motala","og_description":"Jan Gyllenhammar, Martina Axene, Lars-Johan Sunnerberg, Jessica Antebrink, Nils-Ingvar Graan 1. Nils-Ingvar Graan, Kommunfullm\u00e4ktiges ordf\u00f6rande 2. Martina Axene, Undersk\u00f6terska 3. Jessica Antebrink, Behandlingsassistent 4. Jan Gyllenhammar, Pastor\/Busschauff\u00f6r 5. Lars-Johan Sunnerberg, Assistent 6. Peter Birgersson, Konstrukt\u00f6r 7. Raendie Andersson, Fd. Postkass\u00f6r 8. Pernilla Willemsen, L\u00e4rare 9. Barbro Andersson, Pension\u00e4r 10. Josiane-Mica Nzeyimana, Undersk\u00f6terska 11. Kent Andersson, Read More","og_url":"https:\/\/wp.kristdemokraterna.se\/motala\/vara-kandidater\/kommunkandidater-2010\/","og_site_name":"Kristdemokraterna i Motala","article_modified_time":"2019-04-08T14:42:50+00:00","og_image":[{"url":"http:\/\/wp.kristdemokraterna.se\/motala\/files\/2015\/02\/hushall_motala_2010_15.jpg","type":"","width":"","height":""}],"twitter_card":"summary_large_image","schema":{"@context":"https:\/\/schema.org","@graph":[{"@type":"WebPage","@id":"https:\/\/wp.kristdemokraterna.se\/motala\/vara-kandidater\/kommunkandidater-2010\/","url":"https:\/\/wp.kristdemokraterna.se\/motala\/vara-kandidater\/kommunkandidater-2010\/","name":"Kommunkandidater 2010 - Kristdemokraterna i Motala","isPartOf":{"@id":"https:\/\/wp.kristdemokraterna.se\/motala\/#website"},"primaryImageOfPage":{"@id":"https:\/\/wp.kristdemokraterna.se\/motala\/vara-kandidater\/kommunkandidater-2010\/#primaryimage"},"image":{"@id":"https:\/\/wp.kristdemokraterna.se\/motala\/vara-kandidater\/kommunkandidater-2010\/#primaryimage"},"thumbnailUrl":"http:\/\/wp.kristdemokraterna.se\/motala\/files\/2015\/02\/hushall_motala_2010_15.jpg","datePublished":"2010-03-23T15:52:40+00:00","dateModified":"2019-04-08T14:42:50+00:00","breadcrumb":{"@id":"https:\/\/wp.kristdemokraterna.se\/motala\/vara-kandidater\/kommunkandidater-2010\/#breadcrumb"},"inLanguage":"sv-SE","potentialAction":[{"@type":"ReadAction","target":["https:\/\/wp.kristdemokraterna.se\/motala\/vara-kandidater\/kommunkandidater-2010\/"]}]},{"@type":"ImageObject","inLanguage":"sv-SE","@id":"https:\/\/wp.kristdemokraterna.se\/motala\/vara-kandidater\/kommunkandidater-2010\/#primaryimage","url":"https:\/\/wp.kristdemokraterna.se\/motala\/files\/2015\/02\/hushall_motala_2010_15.jpg","contentUrl":"https:\/\/wp.kristdemokraterna.se\/motala\/files\/2015\/02\/hushall_motala_2010_15.jpg","width":413,"height":298},{"@type":"BreadcrumbList","@id":"https:\/\/wp.kristdemokraterna.se\/motala\/vara-kandidater\/kommunkandidater-2010\/#breadcrumb","itemListElement":[{"@type":"ListItem","position":1,"name":"Hem","item":"https:\/\/wp.kristdemokraterna.se\/motala\/"},{"@type":"ListItem","position":2,"name":"V\u00e5ra kandidater","item":"https:\/\/wp.kristdemokraterna.se\/motala\/vara-kandidater\/"},{"@type":"ListItem","position":3,"name":"Kommunkandidater 2010"}]},{"@type":"WebSite","@id":"https:\/\/wp.kristdemokraterna.se\/motala\/#website","url":"https:\/\/wp.kristdemokraterna.se\/motala\/","name":"Kristdemokraterna i Motala","description":"Kristdemokraterna","inLanguage":"sv-SE"}]}},"_links":{"self":[{"href":"https:\/\/wp.kristdemokraterna.se\/motala\/wp-json\/wp\/v2\/pages\/290","targetHints":{"allow":["GET"]}}],"collection":[{"href":"https:\/\/wp.kristdemokraterna.se\/motala\/wp-json\/wp\/v2\/pages"}],"about":[{"href":"https:\/\/wp.kristdemokraterna.se\/motala\/wp-json\/wp\/v2\/types\/page"}],"author":[{"embeddable":true,"href":"https:\/\/wp.kristdemokraterna.se\/motala\/wp-json\/wp\/v2\/users\/689"}],"replies":[{"embeddable":true,"href":"https:\/\/wp.kristdemokraterna.se\/motala\/wp-json\/wp\/v2\/comments?post=290"}],"version-history":[{"count":6,"href":"https:\/\/wp.kristdemokraterna.se\/motala\/wp-json\/wp\/v2\/pages\/290\/revisions"}],"predecessor-version":[{"id":3313,"href":"https:\/\/wp.kristdemokraterna.se\/motala\/wp-json\/wp\/v2\/pages\/290\/revisions\/3313"}],"up":[{"embeddable":true,"href":"https:\/\/wp.kristdemokraterna.se\/motala\/wp-json\/wp\/v2\/pages\/572"}],"wp:attachment":[{"href":"https:\/\/wp.kristdemokraterna.se\/motala\/wp-json\/wp\/v2\/media?parent=290"}],"curies":[{"name":"wp","href":"https:\/\/api.w.org\/{rel}","templated":true}]}}