{"id":295,"date":"2014-05-08T13:09:26","date_gmt":"2014-05-08T11:09:26","guid":{"rendered":"http:\/\/wp.kristdemokraterna.se\/motala\/?page_id=295"},"modified":"2015-03-06T12:36:42","modified_gmt":"2015-03-06T11:36:42","slug":"valinformation-till-alla-hushall-2014","status":"publish","type":"page","link":"https:\/\/wp.kristdemokraterna.se\/motala\/program\/valinformation-till-alla-hushall-2014\/","title":{"rendered":"Valinformation till alla hush\u00e5ll 2014"},"content":{"rendered":"<p><a href=\"http:\/\/wp.kristdemokraterna.se\/motala\/kontakta-oss\/press\/\"><img loading=\"lazy\" decoding=\"async\" class=\"alignnone wp-image-223 size-large\" src=\"http:\/\/wp.kristdemokraterna.se\/motala\/files\/2010\/06\/pressbild_valet2014-1024x768.jpg\" alt=\"pressbild_valet2014\" width=\"584\" height=\"438\" srcset=\"https:\/\/wp.kristdemokraterna.se\/motala\/files\/2010\/06\/pressbild_valet2014-1024x768.jpg 1024w, https:\/\/wp.kristdemokraterna.se\/motala\/files\/2010\/06\/pressbild_valet2014-300x225.jpg 300w, https:\/\/wp.kristdemokraterna.se\/motala\/files\/2010\/06\/pressbild_valet2014-461x346.jpg 461w, https:\/\/wp.kristdemokraterna.se\/motala\/files\/2010\/06\/pressbild_valet2014-149x112.jpg 149w, https:\/\/wp.kristdemokraterna.se\/motala\/files\/2010\/06\/pressbild_valet2014.jpg 1600w\" sizes=\"auto, (max-width: 584px) 100vw, 584px\" \/><\/a><br \/>\n<em>Nils-Ingvar Graan, Madel\u00e9ne Gyllenhammar Jan Gyllenhammar<\/em><\/p>\n<p><strong>Hur f\u00e5r du ihop vardagen?<\/strong><br \/>\nF\u00f6rs\u00f6ker du ocks\u00e5 f\u00e5 ihop livets olika delar; h\u00e4mtningar och l\u00e4mningar, familjeliv, aktiva fritidsintressen, arbetsliv och allt det som h\u00f6r vardagen till? Du \u00e4r inte ensam. M\u00e5nga slits mellan olika viljor och krav, hemma och p\u00e5 jobbet. S\u00e5 \u00e4r det, och s\u00e5 kommer det s\u00e4kert alltid att vara. Men vi kristdemokrater vill g\u00f6ra vad vi kan f\u00f6r att underl\u00e4tta f\u00f6r familjer, s\u00e5 att det blir l\u00e4ttare att f\u00e5 ihop vardagen. Motala kommun ska erbjuda bra barnomsorg och en skola d\u00e4r varje barn f\u00e5r utvecklas utifr\u00e5n sina egna f\u00f6ruts\u00e4ttningar. V\u00e4ntetiden f\u00f6r en dagisplats \u00e4r 4 m\u00e5nader. Vi vill s\u00e4nka den till 3 m\u00e5nader, s\u00e5 den sammanfaller med en vanlig upps\u00e4gningstid, f\u00f6r att folk inte ska beh\u00f6va tacka nej till ett jobb pga f\u00f6r l\u00e5ng v\u00e4ntetid. Vi ska ge barn som far illa den hj\u00e4lp de beh\u00f6ver. En barndom g\u00e5r inte i repris. Vi s\u00f6ker ditt f\u00f6rtroende f\u00f6r att arbeta f\u00f6r att v\u00e5r kommun ska bli en \u00e4nnu b\u00e4ttre kommun att v\u00e4xa upp i. R\u00f6sta p\u00e5 Kristdemokraterna den 14 september.<\/p>\n<p><strong>Motala, en bra kommun att v\u00e4xa upp i.<\/strong><br \/>\nGoda villkor f\u00f6r familjerna ger v\u00e5ra barn en bra start i livet. Genom att satsa p\u00e5 de minsta bygger vi ett gott samh\u00e4lle och en b\u00e4ttre framtid f\u00f6r oss alla. B\u00e5de f\u00f6r\u00e4ldrar och barn beh\u00f6ver tid med varandra. D\u00e4rf\u00f6r m\u00e5ste familjer sj\u00e4lva kunna v\u00e4lja det liv som passar dem b\u00e4st. Vi kristdemokrater n\u00f6jer oss aldrig med mindre \u00e4n riktigt bra barnomsorg och skola. Kvaliteten i f\u00f6rskolan \u00e4r viktig, f\u00f6r b\u00e5de barn och f\u00f6r\u00e4ldrar. F\u00f6r de minsta \u00e4r tryggheten i den lilla gruppen viktigast. D\u00e4rf\u00f6r vill vi arbeta f\u00f6r mindre barngrupper i f\u00f6rskolan. F\u00f6r\u00e4ldrar ska k\u00e4nna sig trygga med att deras barn f\u00e5r omsorg i en bra verksamhet. F\u00f6r\u00e4ldrar som vill v\u00e4lja en annan barnomsorg ska ocks\u00e5 ha frihet att g\u00f6ra det. Vi vill d\u00e4rf\u00f6r st\u00e4rka familjedaghemmen och skapa \u00f6kade valm\u00f6jligheter med barnomsorgspeng och v\u00e5rdnadsbidrag. Varje elev ska f\u00e5 m\u00f6jlighet att utvecklas utifr\u00e5n sina egna f\u00f6ruts\u00e4ttningar. Duktiga l\u00e4rare ska ges goda utvecklingsm\u00f6jligheter. Skolan ska ge kunskap f\u00f6r arbetslivet, men ocks\u00e5 bildning f\u00f6r hela livet. D\u00e4rf\u00f6r \u00e4r nolltolerans mot mobbing, kr\u00e4nkande behandling, klotter och d\u00e5lig skolmilj\u00f6 en n\u00f6dv\u00e4ndighet. F\u00f6r att kommunen ska utvecklas och vara attraktiv beh\u00f6vs fler jobb och h\u00f6gre tillv\u00e4xt. Vi vill skapa ett n\u00e4ringslivsklimat som uppmuntrar nya id\u00e9er och underl\u00e4ttar f\u00f6r entrepren\u00f6rskap och f\u00f6retag. Det hj\u00e4lper \u00e4ven v\u00e5ra unga in p\u00e5 arbetsmarknaden. S\u00e5 g\u00f6r vi Motala till en bra kommun att v\u00e4xa upp i!<\/p>\n<p><strong>Ett hem \u00e5t alla<\/strong><br \/>\nAlla beh\u00f6ver n\u00e5gonstans att bo. Det m\u00e5ste d\u00e4rf\u00f6r byggas fler bost\u00e4der och d\u00e4rf\u00f6r vill vi g\u00f6ra det billigare att bygga, s\u00e5 att alla kan hitta n\u00e5gonstans att bo, som de har r\u00e5d med. Vi har s\u00e4nkt skatten p\u00e5 boende och f\u00f6renklat regler, inte minst f\u00f6r student- och ungdomsbost\u00e4der, samt underl\u00e4ttat f\u00f6r andrahandsuthyrning. F\u00f6r att s\u00e4nka tr\u00f6sklarna f\u00f6r unga att f\u00e5 ett jobb, vill vi inf\u00f6ra en tv\u00e5\u00e5rig yrkesf\u00f6rberedande utbildning och utveckla l\u00e4rlingsanst\u00e4llningarna. Vi m\u00e5ste h\u00e5lla skatten nere p\u00e5 f\u00f6retagande och jobb. D\u00e4rf\u00f6r vill vi minska, fr\u00e4mst de sm\u00e5, f\u00f6retagens sjukl\u00f6nekostnader och ha kvar den l\u00e5ga arbetsgivaravgiften f\u00f6r unga. Det kr\u00e4vs ocks\u00e5 bra kommunal service, s\u00e5 att f\u00f6retag vill etablera sig, och kan v\u00e4xa. Vi vill ocks\u00e5 v\u00e4rna v\u00e5rt viktigaste livsmedel, dricksvattnet, genom att g\u00f6ra vattent\u00e4kterna till vattenskyddsomr\u00e5den. Detta \u00e4r viktigt f\u00f6r framtiden, d\u00e5 vattenkvaliteten annars kan hotas.<\/p>\n<p><strong>Det h\u00e4r vill Kristdemokraterna g\u00f6ra i Motala<\/strong><br \/>\n\u2022 Minska barngruppernas storlek i f\u00f6rskola och p\u00e5 fritids.<br \/>\n\u2022 Garantera valfrihet i barnomsorgen genom v\u00e5rdnadsbidrag eller barnomsorgspeng.<br \/>\n\u2022 Ge \u00e4ldre r\u00e4tt att v\u00e4lja \u00e4ldreomsorg, f\u00e4rdtj\u00e4nst och hemlevererad mat.<br \/>\n\u2022 Stoppa ungdomsbrotten i samverkan med polisen och det civila samh\u00e4llet.<br \/>\n\u2022 M\u00f6jligg\u00f6ra praktikplatser s\u00e5 att arbetsl\u00f6sa l\u00e4ttare kan f\u00e5 jobb, s\u00e4rskilt viktigt f\u00f6r unga och invandrare.<br \/>\n\u2022 B\u00e4ttre villkor f\u00f6r f\u00f6retagande &#8211; tydligg\u00f6r kommunens \u00e5tagande genom servicegarantier.<br \/>\n\u2022 G\u00f6r v\u00e5ra dricksvattent\u00e4kter till vattenskyddsomr\u00e5den.<br \/>\n\u2022 Det levererade dricksvattnet ska vara av h\u00f6gsta kvalitet.<\/p>\n<p>&gt;\u00a0\u00a0<a href=\"http:\/\/wp.kristdemokraterna.se\/motala\/files\/2015\/02\/k13503motala_val2014.pdf\" target=\"_blank\">K13503Motala_val2014<\/a> (pdf)<\/p>\n","protected":false},"excerpt":{"rendered":"<p>Nils-Ingvar Graan, Madel\u00e9ne Gyllenhammar Jan Gyllenhammar Hur f\u00e5r du ihop vardagen? F\u00f6rs\u00f6ker du ocks\u00e5 f\u00e5 ihop livets olika delar; h\u00e4mtningar och l\u00e4mningar, familjeliv, aktiva fritidsintressen, arbetsliv och allt det som h\u00f6r vardagen till? Du \u00e4r inte ensam. M\u00e5nga slits mellan olika viljor och krav, hemma och p\u00e5 jobbet. S\u00e5 \u00e4r det, och s\u00e5 kommer det <a class=\"read-more-link\" href=\"https:\/\/wp.kristdemokraterna.se\/motala\/program\/valinformation-till-alla-hushall-2014\/\">Read More<\/a><\/p>\n","protected":false},"author":689,"featured_media":0,"parent":544,"menu_order":0,"comment_status":"closed","ping_status":"closed","template":"","meta":{"_acf_changed":false,"footnotes":""},"class_list":["post-295","page","type-page","status-publish","hentry"],"acf":[],"yoast_head":"<!-- This site is optimized with the Yoast SEO plugin v27.4 - https:\/\/yoast.com\/product\/yoast-seo-wordpress\/ -->\n<title>Valinformation till alla hush\u00e5ll 2014 - Kristdemokraterna i Motala<\/title>\n<meta name=\"robots\" content=\"index, follow, max-snippet:-1, max-image-preview:large, max-video-preview:-1\" \/>\n<link rel=\"canonical\" href=\"https:\/\/wp.kristdemokraterna.se\/motala\/program\/valinformation-till-alla-hushall-2014\/\" \/>\n<meta property=\"og:locale\" content=\"sv_SE\" \/>\n<meta property=\"og:type\" content=\"article\" \/>\n<meta property=\"og:title\" content=\"Valinformation till alla hush\u00e5ll 2014 - Kristdemokraterna i Motala\" \/>\n<meta property=\"og:description\" content=\"Nils-Ingvar Graan, Madel\u00e9ne Gyllenhammar Jan Gyllenhammar Hur f\u00e5r du ihop vardagen? F\u00f6rs\u00f6ker du ocks\u00e5 f\u00e5 ihop livets olika delar; h\u00e4mtningar och l\u00e4mningar, familjeliv, aktiva fritidsintressen, arbetsliv och allt det som h\u00f6r vardagen till? Du \u00e4r inte ensam. M\u00e5nga slits mellan olika viljor och krav, hemma och p\u00e5 jobbet. S\u00e5 \u00e4r det, och s\u00e5 kommer det Read More\" \/>\n<meta property=\"og:url\" content=\"https:\/\/wp.kristdemokraterna.se\/motala\/program\/valinformation-till-alla-hushall-2014\/\" \/>\n<meta property=\"og:site_name\" content=\"Kristdemokraterna i Motala\" \/>\n<meta property=\"article:modified_time\" content=\"2015-03-06T11:36:42+00:00\" \/>\n<meta property=\"og:image\" content=\"http:\/\/wp.kristdemokraterna.se\/motala\/files\/2010\/06\/pressbild_valet2014-1024x768.jpg\" \/>\n<meta name=\"twitter:card\" content=\"summary_large_image\" \/>\n<meta name=\"twitter:label1\" content=\"Ber\u00e4knad l\u00e4stid\" \/>\n\t<meta name=\"twitter:data1\" content=\"4 minuter\" \/>\n<script type=\"application\/ld+json\" class=\"yoast-schema-graph\">{\"@context\":\"https:\\\/\\\/schema.org\",\"@graph\":[{\"@type\":\"WebPage\",\"@id\":\"https:\\\/\\\/wp.kristdemokraterna.se\\\/motala\\\/program\\\/valinformation-till-alla-hushall-2014\\\/\",\"url\":\"https:\\\/\\\/wp.kristdemokraterna.se\\\/motala\\\/program\\\/valinformation-till-alla-hushall-2014\\\/\",\"name\":\"Valinformation till alla hush\u00e5ll 2014 - Kristdemokraterna i Motala\",\"isPartOf\":{\"@id\":\"https:\\\/\\\/wp.kristdemokraterna.se\\\/motala\\\/#website\"},\"primaryImageOfPage\":{\"@id\":\"https:\\\/\\\/wp.kristdemokraterna.se\\\/motala\\\/program\\\/valinformation-till-alla-hushall-2014\\\/#primaryimage\"},\"image\":{\"@id\":\"https:\\\/\\\/wp.kristdemokraterna.se\\\/motala\\\/program\\\/valinformation-till-alla-hushall-2014\\\/#primaryimage\"},\"thumbnailUrl\":\"http:\\\/\\\/wp.kristdemokraterna.se\\\/motala\\\/files\\\/2010\\\/06\\\/pressbild_valet2014-1024x768.jpg\",\"datePublished\":\"2014-05-08T11:09:26+00:00\",\"dateModified\":\"2015-03-06T11:36:42+00:00\",\"breadcrumb\":{\"@id\":\"https:\\\/\\\/wp.kristdemokraterna.se\\\/motala\\\/program\\\/valinformation-till-alla-hushall-2014\\\/#breadcrumb\"},\"inLanguage\":\"sv-SE\",\"potentialAction\":[{\"@type\":\"ReadAction\",\"target\":[\"https:\\\/\\\/wp.kristdemokraterna.se\\\/motala\\\/program\\\/valinformation-till-alla-hushall-2014\\\/\"]}]},{\"@type\":\"ImageObject\",\"inLanguage\":\"sv-SE\",\"@id\":\"https:\\\/\\\/wp.kristdemokraterna.se\\\/motala\\\/program\\\/valinformation-till-alla-hushall-2014\\\/#primaryimage\",\"url\":\"https:\\\/\\\/wp.kristdemokraterna.se\\\/motala\\\/files\\\/2010\\\/06\\\/pressbild_valet2014.jpg\",\"contentUrl\":\"https:\\\/\\\/wp.kristdemokraterna.se\\\/motala\\\/files\\\/2010\\\/06\\\/pressbild_valet2014.jpg\",\"width\":1600,\"height\":1200},{\"@type\":\"BreadcrumbList\",\"@id\":\"https:\\\/\\\/wp.kristdemokraterna.se\\\/motala\\\/program\\\/valinformation-till-alla-hushall-2014\\\/#breadcrumb\",\"itemListElement\":[{\"@type\":\"ListItem\",\"position\":1,\"name\":\"Hem\",\"item\":\"https:\\\/\\\/wp.kristdemokraterna.se\\\/motala\\\/\"},{\"@type\":\"ListItem\",\"position\":2,\"name\":\"Program\",\"item\":\"https:\\\/\\\/wp.kristdemokraterna.se\\\/motala\\\/program\\\/\"},{\"@type\":\"ListItem\",\"position\":3,\"name\":\"Valinformation till alla hush\u00e5ll 2014\"}]},{\"@type\":\"WebSite\",\"@id\":\"https:\\\/\\\/wp.kristdemokraterna.se\\\/motala\\\/#website\",\"url\":\"https:\\\/\\\/wp.kristdemokraterna.se\\\/motala\\\/\",\"name\":\"Kristdemokraterna i Motala\",\"description\":\"Kristdemokraterna\",\"inLanguage\":\"sv-SE\"}]}<\/script>\n<!-- \/ Yoast SEO plugin. -->","yoast_head_json":{"title":"Valinformation till alla hush\u00e5ll 2014 - Kristdemokraterna i Motala","robots":{"index":"index","follow":"follow","max-snippet":"max-snippet:-1","max-image-preview":"max-image-preview:large","max-video-preview":"max-video-preview:-1"},"canonical":"https:\/\/wp.kristdemokraterna.se\/motala\/program\/valinformation-till-alla-hushall-2014\/","og_locale":"sv_SE","og_type":"article","og_title":"Valinformation till alla hush\u00e5ll 2014 - Kristdemokraterna i Motala","og_description":"Nils-Ingvar Graan, Madel\u00e9ne Gyllenhammar Jan Gyllenhammar Hur f\u00e5r du ihop vardagen? F\u00f6rs\u00f6ker du ocks\u00e5 f\u00e5 ihop livets olika delar; h\u00e4mtningar och l\u00e4mningar, familjeliv, aktiva fritidsintressen, arbetsliv och allt det som h\u00f6r vardagen till? Du \u00e4r inte ensam. M\u00e5nga slits mellan olika viljor och krav, hemma och p\u00e5 jobbet. S\u00e5 \u00e4r det, och s\u00e5 kommer det Read More","og_url":"https:\/\/wp.kristdemokraterna.se\/motala\/program\/valinformation-till-alla-hushall-2014\/","og_site_name":"Kristdemokraterna i Motala","article_modified_time":"2015-03-06T11:36:42+00:00","og_image":[{"url":"http:\/\/wp.kristdemokraterna.se\/motala\/files\/2010\/06\/pressbild_valet2014-1024x768.jpg","type":"","width":"","height":""}],"twitter_card":"summary_large_image","twitter_misc":{"Ber\u00e4knad l\u00e4stid":"4 minuter"},"schema":{"@context":"https:\/\/schema.org","@graph":[{"@type":"WebPage","@id":"https:\/\/wp.kristdemokraterna.se\/motala\/program\/valinformation-till-alla-hushall-2014\/","url":"https:\/\/wp.kristdemokraterna.se\/motala\/program\/valinformation-till-alla-hushall-2014\/","name":"Valinformation till alla hush\u00e5ll 2014 - Kristdemokraterna i Motala","isPartOf":{"@id":"https:\/\/wp.kristdemokraterna.se\/motala\/#website"},"primaryImageOfPage":{"@id":"https:\/\/wp.kristdemokraterna.se\/motala\/program\/valinformation-till-alla-hushall-2014\/#primaryimage"},"image":{"@id":"https:\/\/wp.kristdemokraterna.se\/motala\/program\/valinformation-till-alla-hushall-2014\/#primaryimage"},"thumbnailUrl":"http:\/\/wp.kristdemokraterna.se\/motala\/files\/2010\/06\/pressbild_valet2014-1024x768.jpg","datePublished":"2014-05-08T11:09:26+00:00","dateModified":"2015-03-06T11:36:42+00:00","breadcrumb":{"@id":"https:\/\/wp.kristdemokraterna.se\/motala\/program\/valinformation-till-alla-hushall-2014\/#breadcrumb"},"inLanguage":"sv-SE","potentialAction":[{"@type":"ReadAction","target":["https:\/\/wp.kristdemokraterna.se\/motala\/program\/valinformation-till-alla-hushall-2014\/"]}]},{"@type":"ImageObject","inLanguage":"sv-SE","@id":"https:\/\/wp.kristdemokraterna.se\/motala\/program\/valinformation-till-alla-hushall-2014\/#primaryimage","url":"https:\/\/wp.kristdemokraterna.se\/motala\/files\/2010\/06\/pressbild_valet2014.jpg","contentUrl":"https:\/\/wp.kristdemokraterna.se\/motala\/files\/2010\/06\/pressbild_valet2014.jpg","width":1600,"height":1200},{"@type":"BreadcrumbList","@id":"https:\/\/wp.kristdemokraterna.se\/motala\/program\/valinformation-till-alla-hushall-2014\/#breadcrumb","itemListElement":[{"@type":"ListItem","position":1,"name":"Hem","item":"https:\/\/wp.kristdemokraterna.se\/motala\/"},{"@type":"ListItem","position":2,"name":"Program","item":"https:\/\/wp.kristdemokraterna.se\/motala\/program\/"},{"@type":"ListItem","position":3,"name":"Valinformation till alla hush\u00e5ll 2014"}]},{"@type":"WebSite","@id":"https:\/\/wp.kristdemokraterna.se\/motala\/#website","url":"https:\/\/wp.kristdemokraterna.se\/motala\/","name":"Kristdemokraterna i Motala","description":"Kristdemokraterna","inLanguage":"sv-SE"}]}},"_links":{"self":[{"href":"https:\/\/wp.kristdemokraterna.se\/motala\/wp-json\/wp\/v2\/pages\/295","targetHints":{"allow":["GET"]}}],"collection":[{"href":"https:\/\/wp.kristdemokraterna.se\/motala\/wp-json\/wp\/v2\/pages"}],"about":[{"href":"https:\/\/wp.kristdemokraterna.se\/motala\/wp-json\/wp\/v2\/types\/page"}],"author":[{"embeddable":true,"href":"https:\/\/wp.kristdemokraterna.se\/motala\/wp-json\/wp\/v2\/users\/689"}],"replies":[{"embeddable":true,"href":"https:\/\/wp.kristdemokraterna.se\/motala\/wp-json\/wp\/v2\/comments?post=295"}],"version-history":[{"count":6,"href":"https:\/\/wp.kristdemokraterna.se\/motala\/wp-json\/wp\/v2\/pages\/295\/revisions"}],"predecessor-version":[{"id":706,"href":"https:\/\/wp.kristdemokraterna.se\/motala\/wp-json\/wp\/v2\/pages\/295\/revisions\/706"}],"up":[{"embeddable":true,"href":"https:\/\/wp.kristdemokraterna.se\/motala\/wp-json\/wp\/v2\/pages\/544"}],"wp:attachment":[{"href":"https:\/\/wp.kristdemokraterna.se\/motala\/wp-json\/wp\/v2\/media?parent=295"}],"curies":[{"name":"wp","href":"https:\/\/api.w.org\/{rel}","templated":true}]}}