{"id":297,"date":"2010-04-03T22:46:28","date_gmt":"2010-04-03T20:46:28","guid":{"rendered":"http:\/\/wp.kristdemokraterna.se\/motala\/?page_id=297"},"modified":"2023-08-16T12:26:24","modified_gmt":"2023-08-16T10:26:24","slug":"var-politik","status":"publish","type":"page","link":"https:\/\/wp.kristdemokraterna.se\/motala\/var-politik\/","title":{"rendered":"V\u00e5r politik"},"content":{"rendered":"<p><a href=\"http:\/\/wp.kristdemokraterna.se\/motala\/files\/2023\/08\/ben-wicks-idctsz-inhi-unsplash-1-1536x1025-1.jpg\"><img loading=\"lazy\" decoding=\"async\" class=\"alignnone size-large wp-image-4253\" src=\"http:\/\/wp.kristdemokraterna.se\/motala\/files\/2023\/08\/ben-wicks-idctsz-inhi-unsplash-1-1536x1025-1-1024x683.jpg\" alt=\"\" width=\"1024\" height=\"683\" srcset=\"https:\/\/wp.kristdemokraterna.se\/motala\/files\/2023\/08\/ben-wicks-idctsz-inhi-unsplash-1-1536x1025-1-1024x683.jpg 1024w, https:\/\/wp.kristdemokraterna.se\/motala\/files\/2023\/08\/ben-wicks-idctsz-inhi-unsplash-1-1536x1025-1-300x200.jpg 300w, https:\/\/wp.kristdemokraterna.se\/motala\/files\/2023\/08\/ben-wicks-idctsz-inhi-unsplash-1-1536x1025-1-768x513.jpg 768w, https:\/\/wp.kristdemokraterna.se\/motala\/files\/2023\/08\/ben-wicks-idctsz-inhi-unsplash-1-1536x1025-1-370x247.jpg 370w, https:\/\/wp.kristdemokraterna.se\/motala\/files\/2023\/08\/ben-wicks-idctsz-inhi-unsplash-1-1536x1025-1-770x514.jpg 770w, https:\/\/wp.kristdemokraterna.se\/motala\/files\/2023\/08\/ben-wicks-idctsz-inhi-unsplash-1-1536x1025-1-450x300.jpg 450w, https:\/\/wp.kristdemokraterna.se\/motala\/files\/2023\/08\/ben-wicks-idctsz-inhi-unsplash-1-1536x1025-1-280x187.jpg 280w, https:\/\/wp.kristdemokraterna.se\/motala\/files\/2023\/08\/ben-wicks-idctsz-inhi-unsplash-1-1536x1025-1-340x227.jpg 340w, https:\/\/wp.kristdemokraterna.se\/motala\/files\/2023\/08\/ben-wicks-idctsz-inhi-unsplash-1-1536x1025-1-200x133.jpg 200w, https:\/\/wp.kristdemokraterna.se\/motala\/files\/2023\/08\/ben-wicks-idctsz-inhi-unsplash-1-1536x1025-1-84x56.jpg 84w, https:\/\/wp.kristdemokraterna.se\/motala\/files\/2023\/08\/ben-wicks-idctsz-inhi-unsplash-1-1536x1025-1.jpg 1536w\" sizes=\"auto, (max-width: 1024px) 100vw, 1024px\" \/><\/a><\/p>\n<p><strong>Du som undrar \u201dVarf\u00f6r ska man r\u00f6sta p\u00e5 KD\u201d, h\u00e4r kan du l\u00e4sa om v\u00e5ra viktigaste fr\u00e5gor.\u00a0<\/strong><strong>Vi kristdemokrater lovar inte allt till alla men vi h\u00e5ller det vi lovar. Du ska kunna lita p\u00e5 Sverige.<\/strong><\/p>\n<p><strong>Kristdemokraternas viktigaste fr\u00e5gor:<\/strong><\/p>\n<p><strong>Familj<br \/>\n<\/strong>Familjepolitiken \u00e4r som en fond f\u00f6r all v\u00e5r politik. Sverige st\u00e5r inf\u00f6r ett familjepolitiskt v\u00e4gval d\u00e4r partier p\u00e5 hela den politiska skalan aktivt vill f\u00f6rsvaga familjens roll i samh\u00e4llet, medan Kristdemokraterna tv\u00e4rtom vill st\u00e4rka den. Politiken ska st\u00f6dja familjerna, inte styra. Kristdemokraterna vill m\u00f6jligg\u00f6ra mer tid f\u00f6r barnen, underl\u00e4tta familjebildning, \u00f6ka familjers handlingsutrymme, uppv\u00e4rdera f\u00f6r\u00e4ldraskapet, m\u00f6jligg\u00f6ra olika barnomsorgsformer samt st\u00e4rka barnfamiljers ekonomi.<\/p>\n<p><strong>Trygghet<br \/>\n<\/strong>En av statens grunduppgifter \u00e4r att se till att medborgarna \u00e4r trygga. Man ska kunna lita p\u00e5 att polisen kommer n\u00e4r man larmar. D\u00e4rf\u00f6r vill vi se fler poliser, och de ska ha resurser att f\u00f6rebygga, f\u00f6rhindra och\u00a0ingripa mot\u00a0brott. N\u00e4r m\u00e4nniskor uts\u00e4tts f\u00f6r v\u00e5ldsbrott, r\u00e5n, sexuella trakasserier eller inbrott i sitt hem m\u00e5ste r\u00e4ttsv\u00e4sendet agera. Och vi ska alltid st\u00e5 p\u00e5 brottsoffrets sida.<\/p>\n<p><strong>Sjukv\u00e5rd<br \/>\n<\/strong>Det \u00e4r n\u00e4r man \u00e4r som svagast som man ska vara s\u00e4ker p\u00e5 att v\u00e4lf\u00e4rden \u00e4r som starkast. Men m\u00e5nga patienter f\u00e5r inte v\u00e5rd i tid idag. V\u00e5rdk\u00f6erna till operation eller specialistv\u00e5rd har f\u00f6rdubblats under nuvarande regering. Svensk sjukv\u00e5rd beh\u00f6ver en genomgripande reform f\u00f6r att alla ska f\u00e5 r\u00e4tt\u00a0behandling och omv\u00e5rdnad. Alla skall ha r\u00e4tt till god v\u00e5rd i tid oavsett var i landet man bor. V\u00e5r fr\u00e4msta reform f\u00f6r att uppn\u00e5 detta \u00e4r att avskaffa landstingens sjukhusansvar.<\/p>\n<p><strong>\u00c4ldre<br \/>\n<\/strong>Vi vill bygga ett samh\u00e4lle d\u00e4r m\u00e4nniskor kan \u00e5ldras i trygghet och v\u00e4rdighet. \u00c4ldre ska kunna leva ett aktivt liv och ha inflytande \u00f6ver sin vardag med bibeh\u00e5llet oberoende, bem\u00f6tas med respekt och ha tillg\u00e5ng till god v\u00e5rd och omsorg. Det friska \u00e5ldrandet, att se \u00e4ldre som en resurs att ta tillvara och att ha ett v\u00e4l fungerande samspel mellan generationerna \u00e4r ocks\u00e5 viktiga best\u00e5ndsdelar i v\u00e5r \u00e4ldrepolitik. Tv\u00e5 av v\u00e5ra st\u00f6rre f\u00f6rslag \u00e4r att inf\u00f6ra en \u00e4ldreboendegaranti och att slopa pension\u00e4rsskatten.<\/p>\n<p><strong>Jobb och integration<br \/>\n<\/strong>Att ha ett arbete skapar gemenskap, ansvar och utveckling. N\u00e4r fler m\u00e4nniskor syssels\u00e4tts f\u00f6rst\u00e4rks ocks\u00e5 v\u00e4lf\u00e4rdsresurserna. Trots h\u00f6gkonjunktur \u00f6kar klyftorna p\u00e5 arbetsmarknaden. Den m\u00e5ste d\u00e4rf\u00f6r f\u00f6r\u00e4ndras f\u00f6r att passa fler. Jobb \u00e4r en av nycklarna till god integration. Vi ser ocks\u00e5 hur viktigt v\u00e4rderingarna \u00e4r i integrationsarbetet. Ett samh\u00e4llet byggs p\u00e5 en gemensam v\u00e4rdegrund, d\u00e4r vissa v\u00e4rderingar inte \u00e4r valbara.<\/p>\n","protected":false},"excerpt":{"rendered":"<p>Du som undrar \u201dVarf\u00f6r ska man r\u00f6sta p\u00e5 KD\u201d, h\u00e4r kan du l\u00e4sa om v\u00e5ra viktigaste fr\u00e5gor.\u00a0Vi kristdemokrater lovar inte allt till alla men vi h\u00e5ller det vi lovar. Du ska kunna lita p\u00e5 Sverige. Kristdemokraternas viktigaste fr\u00e5gor: Familj Familjepolitiken \u00e4r som en fond f\u00f6r all v\u00e5r politik. Sverige st\u00e5r inf\u00f6r ett familjepolitiskt v\u00e4gval d\u00e4r <a class=\"read-more-link\" href=\"https:\/\/wp.kristdemokraterna.se\/motala\/var-politik\/\">Read More<\/a><\/p>\n","protected":false},"author":689,"featured_media":0,"parent":0,"menu_order":51,"comment_status":"closed","ping_status":"closed","template":"","meta":{"_acf_changed":false,"footnotes":""},"class_list":["post-297","page","type-page","status-publish","hentry"],"acf":[],"yoast_head":"<!-- This site is optimized with the Yoast SEO plugin v27.3 - https:\/\/yoast.com\/product\/yoast-seo-wordpress\/ -->\n<title>V\u00e5r politik - Kristdemokraterna i Motala<\/title>\n<meta name=\"robots\" content=\"index, follow, max-snippet:-1, max-image-preview:large, max-video-preview:-1\" \/>\n<link rel=\"canonical\" href=\"https:\/\/wp.kristdemokraterna.se\/motala\/var-politik\/\" \/>\n<meta property=\"og:locale\" content=\"sv_SE\" \/>\n<meta property=\"og:type\" content=\"article\" \/>\n<meta property=\"og:title\" content=\"V\u00e5r politik - Kristdemokraterna i Motala\" \/>\n<meta property=\"og:description\" content=\"Du som undrar \u201dVarf\u00f6r ska man r\u00f6sta p\u00e5 KD\u201d, h\u00e4r kan du l\u00e4sa om v\u00e5ra viktigaste fr\u00e5gor.\u00a0Vi kristdemokrater lovar inte allt till alla men vi h\u00e5ller det vi lovar. Du ska kunna lita p\u00e5 Sverige. Kristdemokraternas viktigaste fr\u00e5gor: Familj Familjepolitiken \u00e4r som en fond f\u00f6r all v\u00e5r politik. Sverige st\u00e5r inf\u00f6r ett familjepolitiskt v\u00e4gval d\u00e4r Read More\" \/>\n<meta property=\"og:url\" content=\"https:\/\/wp.kristdemokraterna.se\/motala\/var-politik\/\" \/>\n<meta property=\"og:site_name\" content=\"Kristdemokraterna i Motala\" \/>\n<meta property=\"article:modified_time\" content=\"2023-08-16T10:26:24+00:00\" \/>\n<meta property=\"og:image\" content=\"http:\/\/wp.kristdemokraterna.se\/motala\/files\/2023\/08\/ben-wicks-idctsz-inhi-unsplash-1-1536x1025-1-1024x683.jpg\" \/>\n<meta name=\"twitter:card\" content=\"summary_large_image\" \/>\n<meta name=\"twitter:label1\" content=\"Ber\u00e4knad l\u00e4stid\" \/>\n\t<meta name=\"twitter:data1\" content=\"3 minuter\" \/>\n<script type=\"application\/ld+json\" class=\"yoast-schema-graph\">{\"@context\":\"https:\\\/\\\/schema.org\",\"@graph\":[{\"@type\":\"WebPage\",\"@id\":\"https:\\\/\\\/wp.kristdemokraterna.se\\\/motala\\\/var-politik\\\/\",\"url\":\"https:\\\/\\\/wp.kristdemokraterna.se\\\/motala\\\/var-politik\\\/\",\"name\":\"V\u00e5r politik - Kristdemokraterna i Motala\",\"isPartOf\":{\"@id\":\"https:\\\/\\\/wp.kristdemokraterna.se\\\/motala\\\/#website\"},\"primaryImageOfPage\":{\"@id\":\"https:\\\/\\\/wp.kristdemokraterna.se\\\/motala\\\/var-politik\\\/#primaryimage\"},\"image\":{\"@id\":\"https:\\\/\\\/wp.kristdemokraterna.se\\\/motala\\\/var-politik\\\/#primaryimage\"},\"thumbnailUrl\":\"http:\\\/\\\/wp.kristdemokraterna.se\\\/motala\\\/files\\\/2023\\\/08\\\/ben-wicks-idctsz-inhi-unsplash-1-1536x1025-1-1024x683.jpg\",\"datePublished\":\"2010-04-03T20:46:28+00:00\",\"dateModified\":\"2023-08-16T10:26:24+00:00\",\"breadcrumb\":{\"@id\":\"https:\\\/\\\/wp.kristdemokraterna.se\\\/motala\\\/var-politik\\\/#breadcrumb\"},\"inLanguage\":\"sv-SE\",\"potentialAction\":[{\"@type\":\"ReadAction\",\"target\":[\"https:\\\/\\\/wp.kristdemokraterna.se\\\/motala\\\/var-politik\\\/\"]}]},{\"@type\":\"ImageObject\",\"inLanguage\":\"sv-SE\",\"@id\":\"https:\\\/\\\/wp.kristdemokraterna.se\\\/motala\\\/var-politik\\\/#primaryimage\",\"url\":\"http:\\\/\\\/wp.kristdemokraterna.se\\\/motala\\\/files\\\/2023\\\/08\\\/ben-wicks-idctsz-inhi-unsplash-1-1536x1025-1-1024x683.jpg\",\"contentUrl\":\"http:\\\/\\\/wp.kristdemokraterna.se\\\/motala\\\/files\\\/2023\\\/08\\\/ben-wicks-idctsz-inhi-unsplash-1-1536x1025-1-1024x683.jpg\"},{\"@type\":\"BreadcrumbList\",\"@id\":\"https:\\\/\\\/wp.kristdemokraterna.se\\\/motala\\\/var-politik\\\/#breadcrumb\",\"itemListElement\":[{\"@type\":\"ListItem\",\"position\":1,\"name\":\"Hem\",\"item\":\"https:\\\/\\\/wp.kristdemokraterna.se\\\/motala\\\/\"},{\"@type\":\"ListItem\",\"position\":2,\"name\":\"V\u00e5r politik\"}]},{\"@type\":\"WebSite\",\"@id\":\"https:\\\/\\\/wp.kristdemokraterna.se\\\/motala\\\/#website\",\"url\":\"https:\\\/\\\/wp.kristdemokraterna.se\\\/motala\\\/\",\"name\":\"Kristdemokraterna i Motala\",\"description\":\"Kristdemokraterna\",\"inLanguage\":\"sv-SE\"}]}<\/script>\n<!-- \/ Yoast SEO plugin. -->","yoast_head_json":{"title":"V\u00e5r politik - Kristdemokraterna i Motala","robots":{"index":"index","follow":"follow","max-snippet":"max-snippet:-1","max-image-preview":"max-image-preview:large","max-video-preview":"max-video-preview:-1"},"canonical":"https:\/\/wp.kristdemokraterna.se\/motala\/var-politik\/","og_locale":"sv_SE","og_type":"article","og_title":"V\u00e5r politik - Kristdemokraterna i Motala","og_description":"Du som undrar \u201dVarf\u00f6r ska man r\u00f6sta p\u00e5 KD\u201d, h\u00e4r kan du l\u00e4sa om v\u00e5ra viktigaste fr\u00e5gor.\u00a0Vi kristdemokrater lovar inte allt till alla men vi h\u00e5ller det vi lovar. Du ska kunna lita p\u00e5 Sverige. Kristdemokraternas viktigaste fr\u00e5gor: Familj Familjepolitiken \u00e4r som en fond f\u00f6r all v\u00e5r politik. Sverige st\u00e5r inf\u00f6r ett familjepolitiskt v\u00e4gval d\u00e4r Read More","og_url":"https:\/\/wp.kristdemokraterna.se\/motala\/var-politik\/","og_site_name":"Kristdemokraterna i Motala","article_modified_time":"2023-08-16T10:26:24+00:00","og_image":[{"url":"http:\/\/wp.kristdemokraterna.se\/motala\/files\/2023\/08\/ben-wicks-idctsz-inhi-unsplash-1-1536x1025-1-1024x683.jpg","type":"","width":"","height":""}],"twitter_card":"summary_large_image","twitter_misc":{"Ber\u00e4knad l\u00e4stid":"3 minuter"},"schema":{"@context":"https:\/\/schema.org","@graph":[{"@type":"WebPage","@id":"https:\/\/wp.kristdemokraterna.se\/motala\/var-politik\/","url":"https:\/\/wp.kristdemokraterna.se\/motala\/var-politik\/","name":"V\u00e5r politik - Kristdemokraterna i Motala","isPartOf":{"@id":"https:\/\/wp.kristdemokraterna.se\/motala\/#website"},"primaryImageOfPage":{"@id":"https:\/\/wp.kristdemokraterna.se\/motala\/var-politik\/#primaryimage"},"image":{"@id":"https:\/\/wp.kristdemokraterna.se\/motala\/var-politik\/#primaryimage"},"thumbnailUrl":"http:\/\/wp.kristdemokraterna.se\/motala\/files\/2023\/08\/ben-wicks-idctsz-inhi-unsplash-1-1536x1025-1-1024x683.jpg","datePublished":"2010-04-03T20:46:28+00:00","dateModified":"2023-08-16T10:26:24+00:00","breadcrumb":{"@id":"https:\/\/wp.kristdemokraterna.se\/motala\/var-politik\/#breadcrumb"},"inLanguage":"sv-SE","potentialAction":[{"@type":"ReadAction","target":["https:\/\/wp.kristdemokraterna.se\/motala\/var-politik\/"]}]},{"@type":"ImageObject","inLanguage":"sv-SE","@id":"https:\/\/wp.kristdemokraterna.se\/motala\/var-politik\/#primaryimage","url":"http:\/\/wp.kristdemokraterna.se\/motala\/files\/2023\/08\/ben-wicks-idctsz-inhi-unsplash-1-1536x1025-1-1024x683.jpg","contentUrl":"http:\/\/wp.kristdemokraterna.se\/motala\/files\/2023\/08\/ben-wicks-idctsz-inhi-unsplash-1-1536x1025-1-1024x683.jpg"},{"@type":"BreadcrumbList","@id":"https:\/\/wp.kristdemokraterna.se\/motala\/var-politik\/#breadcrumb","itemListElement":[{"@type":"ListItem","position":1,"name":"Hem","item":"https:\/\/wp.kristdemokraterna.se\/motala\/"},{"@type":"ListItem","position":2,"name":"V\u00e5r politik"}]},{"@type":"WebSite","@id":"https:\/\/wp.kristdemokraterna.se\/motala\/#website","url":"https:\/\/wp.kristdemokraterna.se\/motala\/","name":"Kristdemokraterna i Motala","description":"Kristdemokraterna","inLanguage":"sv-SE"}]}},"_links":{"self":[{"href":"https:\/\/wp.kristdemokraterna.se\/motala\/wp-json\/wp\/v2\/pages\/297","targetHints":{"allow":["GET"]}}],"collection":[{"href":"https:\/\/wp.kristdemokraterna.se\/motala\/wp-json\/wp\/v2\/pages"}],"about":[{"href":"https:\/\/wp.kristdemokraterna.se\/motala\/wp-json\/wp\/v2\/types\/page"}],"author":[{"embeddable":true,"href":"https:\/\/wp.kristdemokraterna.se\/motala\/wp-json\/wp\/v2\/users\/689"}],"replies":[{"embeddable":true,"href":"https:\/\/wp.kristdemokraterna.se\/motala\/wp-json\/wp\/v2\/comments?post=297"}],"version-history":[{"count":27,"href":"https:\/\/wp.kristdemokraterna.se\/motala\/wp-json\/wp\/v2\/pages\/297\/revisions"}],"predecessor-version":[{"id":4254,"href":"https:\/\/wp.kristdemokraterna.se\/motala\/wp-json\/wp\/v2\/pages\/297\/revisions\/4254"}],"wp:attachment":[{"href":"https:\/\/wp.kristdemokraterna.se\/motala\/wp-json\/wp\/v2\/media?parent=297"}],"curies":[{"name":"wp","href":"https:\/\/api.w.org\/{rel}","templated":true}]}}