{"id":2988,"date":"2018-06-26T14:09:20","date_gmt":"2018-06-26T12:09:20","guid":{"rendered":"http:\/\/wp.kristdemokraterna.se\/motala\/?page_id=2988"},"modified":"2019-04-09T14:17:04","modified_gmt":"2019-04-09T12:17:04","slug":"kommunkandidater-2018","status":"publish","type":"page","link":"https:\/\/wp.kristdemokraterna.se\/motala\/valet2018\/kommunkandidater-2018\/","title":{"rendered":"Kommunkandidater 2018"},"content":{"rendered":"<p><strong> <img loading=\"lazy\" decoding=\"async\" class=\"alignnone wp-image-3025\" src=\"http:\/\/wp.kristdemokraterna.se\/motala\/files\/2018\/07\/34601689_1631685366868046_947887561261449216_o.jpg\" alt=\"\" width=\"510\" height=\"381\" srcset=\"https:\/\/wp.kristdemokraterna.se\/motala\/files\/2018\/07\/34601689_1631685366868046_947887561261449216_o.jpg 1944w, https:\/\/wp.kristdemokraterna.se\/motala\/files\/2018\/07\/34601689_1631685366868046_947887561261449216_o-300x224.jpg 300w, https:\/\/wp.kristdemokraterna.se\/motala\/files\/2018\/07\/34601689_1631685366868046_947887561261449216_o-768x574.jpg 768w, https:\/\/wp.kristdemokraterna.se\/motala\/files\/2018\/07\/34601689_1631685366868046_947887561261449216_o-1024x765.jpg 1024w, https:\/\/wp.kristdemokraterna.se\/motala\/files\/2018\/07\/34601689_1631685366868046_947887561261449216_o-268x200.jpg 268w, https:\/\/wp.kristdemokraterna.se\/motala\/files\/2018\/07\/34601689_1631685366868046_947887561261449216_o-370x276.jpg 370w, https:\/\/wp.kristdemokraterna.se\/motala\/files\/2018\/07\/34601689_1631685366868046_947887561261449216_o-770x575.jpg 770w, https:\/\/wp.kristdemokraterna.se\/motala\/files\/2018\/07\/34601689_1631685366868046_947887561261449216_o-450x336.jpg 450w, https:\/\/wp.kristdemokraterna.se\/motala\/files\/2018\/07\/34601689_1631685366868046_947887561261449216_o-280x209.jpg 280w, https:\/\/wp.kristdemokraterna.se\/motala\/files\/2018\/07\/34601689_1631685366868046_947887561261449216_o-340x254.jpg 340w, https:\/\/wp.kristdemokraterna.se\/motala\/files\/2018\/07\/34601689_1631685366868046_947887561261449216_o-200x149.jpg 200w, https:\/\/wp.kristdemokraterna.se\/motala\/files\/2018\/07\/34601689_1631685366868046_947887561261449216_o-75x56.jpg 75w\" sizes=\"auto, (max-width: 510px) 100vw, 510px\" \/><\/strong><\/p>\n<p><strong>V\u00e5ra kandidater i kommunvalet<\/strong><br \/>\nKristdemokraternas kandidater i kommunvalet 9 september 2018<\/p>\n<p>1 Jan Gyllenhammar, Politisk sekreterare, Styra<br \/>\n2 Erik Forslund, Systemutvecklare, Motala<br \/>\n3 Nils-Ingvar Graan, Mekaniker\/Cyklist, Borensberg<br \/>\n4 Madel\u00e9ne Gyllenhammar, Logistikingenj\u00f6r, Borensberg<br \/>\n5 Lars-Johan Sunnerberg, Assistent, Motala<br \/>\n6 Ulla Wretman, Pension\u00e4r, Motala<br \/>\n7 Urban Larsson, Kommunarkivarie, Tj\u00e4llmo<br \/>\n8 Norielle Munezero, Undersk\u00f6terska, Motala<br \/>\n9 Paulina Thor, Platschef, Motala<br \/>\n10 Ingela Horgby, Adjunkt, Motala<br \/>\n11 Bruno Lindblom, F\u00f6retagare, Forn\u00e5sa<br \/>\n12 Marie Gyllenhammar, Pedagog, Styra<br \/>\n13 Jonas B\u00e4ckman, Maskiningenj\u00f6r, Motala<br \/>\n14 Josiane-Mica Juurikivi, Personlig assistent, Motala<br \/>\n15 Thomas Gustafsson, Byggnadsingenj\u00f6r, Motala<br \/>\n16 Pernilla Willemsen, L\u00e4rare, Motala<br \/>\n17 Mats Jarander, Skogsarbetare, Borensberg<br \/>\n18 Raendie Andersson, Pension\u00e4r, Tj\u00e4llmo<br \/>\n19 Abdifatah Ali Mohamed, Skogsarbetare, Motala<br \/>\n20 Louise Forslund, L\u00e4kare, Motala<br \/>\n21 Kent Andersson, Lantarbetare, Borensberg<br \/>\n22 Annika \u00d6hman, L\u00e4karsekreterare, Motala<br \/>\n23 Rolf Fr\u00f6din, Handl\u00e4ggare, Borensberg<br \/>\n24 Agneta Broberg, Distriktssk\u00f6terska, Motala<br \/>\n25 Susanne Cornelius, Pension\u00e4r, Motala<br \/>\n26 Semaan Kalo, Tennisvaktm\u00e4stare, Motala<\/p>\n<p>&gt; <a href=\"http:\/\/wp.kristdemokraterna.se\/motala\/files\/2018\/06\/0068-14277_motala_val2018.pdf\" target=\"_blank\" rel=\"noopener noreferrer\">0068-14277_motala_val2018<\/a> (pdf)<\/p>\n","protected":false},"excerpt":{"rendered":"<p>V\u00e5ra kandidater i kommunvalet Kristdemokraternas kandidater i kommunvalet 9 september 2018 1 Jan Gyllenhammar, Politisk sekreterare, Styra 2 Erik Forslund, Systemutvecklare, Motala 3 Nils-Ingvar Graan, Mekaniker\/Cyklist, Borensberg 4 Madel\u00e9ne Gyllenhammar, Logistikingenj\u00f6r, Borensberg 5 Lars-Johan Sunnerberg, Assistent, Motala 6 Ulla Wretman, Pension\u00e4r, Motala 7 Urban Larsson, Kommunarkivarie, Tj\u00e4llmo 8 Norielle Munezero, Undersk\u00f6terska, Motala 9 Paulina Thor, <a class=\"read-more-link\" href=\"https:\/\/wp.kristdemokraterna.se\/motala\/valet2018\/kommunkandidater-2018\/\">Read More<\/a><\/p>\n","protected":false},"author":686,"featured_media":0,"parent":2677,"menu_order":6,"comment_status":"closed","ping_status":"closed","template":"","meta":{"_acf_changed":false,"footnotes":""},"class_list":["post-2988","page","type-page","status-publish","hentry"],"acf":[],"yoast_head":"<!-- This site is optimized with the Yoast SEO plugin v27.3 - https:\/\/yoast.com\/product\/yoast-seo-wordpress\/ -->\n<title>Kommunkandidater 2018 - Kristdemokraterna i Motala<\/title>\n<meta name=\"robots\" content=\"index, follow, max-snippet:-1, max-image-preview:large, max-video-preview:-1\" \/>\n<link rel=\"canonical\" href=\"https:\/\/wp.kristdemokraterna.se\/motala\/valet2018\/kommunkandidater-2018\/\" \/>\n<meta property=\"og:locale\" content=\"sv_SE\" \/>\n<meta property=\"og:type\" content=\"article\" \/>\n<meta property=\"og:title\" content=\"Kommunkandidater 2018 - Kristdemokraterna i Motala\" \/>\n<meta property=\"og:description\" content=\"V\u00e5ra kandidater i kommunvalet Kristdemokraternas kandidater i kommunvalet 9 september 2018 1 Jan Gyllenhammar, Politisk sekreterare, Styra 2 Erik Forslund, Systemutvecklare, Motala 3 Nils-Ingvar Graan, Mekaniker\/Cyklist, Borensberg 4 Madel\u00e9ne Gyllenhammar, Logistikingenj\u00f6r, Borensberg 5 Lars-Johan Sunnerberg, Assistent, Motala 6 Ulla Wretman, Pension\u00e4r, Motala 7 Urban Larsson, Kommunarkivarie, Tj\u00e4llmo 8 Norielle Munezero, Undersk\u00f6terska, Motala 9 Paulina Thor, Read More\" \/>\n<meta property=\"og:url\" content=\"https:\/\/wp.kristdemokraterna.se\/motala\/valet2018\/kommunkandidater-2018\/\" \/>\n<meta property=\"og:site_name\" content=\"Kristdemokraterna i Motala\" \/>\n<meta property=\"article:modified_time\" content=\"2019-04-09T12:17:04+00:00\" \/>\n<meta property=\"og:image\" content=\"http:\/\/wp.kristdemokraterna.se\/motala\/files\/2018\/07\/34601689_1631685366868046_947887561261449216_o.jpg\" \/>\n<meta name=\"twitter:card\" content=\"summary_large_image\" \/>\n<meta name=\"twitter:label1\" content=\"Ber\u00e4knad l\u00e4stid\" \/>\n\t<meta name=\"twitter:data1\" content=\"1 minut\" \/>\n<script type=\"application\/ld+json\" class=\"yoast-schema-graph\">{\"@context\":\"https:\\\/\\\/schema.org\",\"@graph\":[{\"@type\":\"WebPage\",\"@id\":\"https:\\\/\\\/wp.kristdemokraterna.se\\\/motala\\\/valet2018\\\/kommunkandidater-2018\\\/\",\"url\":\"https:\\\/\\\/wp.kristdemokraterna.se\\\/motala\\\/valet2018\\\/kommunkandidater-2018\\\/\",\"name\":\"Kommunkandidater 2018 - Kristdemokraterna i Motala\",\"isPartOf\":{\"@id\":\"https:\\\/\\\/wp.kristdemokraterna.se\\\/motala\\\/#website\"},\"primaryImageOfPage\":{\"@id\":\"https:\\\/\\\/wp.kristdemokraterna.se\\\/motala\\\/valet2018\\\/kommunkandidater-2018\\\/#primaryimage\"},\"image\":{\"@id\":\"https:\\\/\\\/wp.kristdemokraterna.se\\\/motala\\\/valet2018\\\/kommunkandidater-2018\\\/#primaryimage\"},\"thumbnailUrl\":\"http:\\\/\\\/wp.kristdemokraterna.se\\\/motala\\\/files\\\/2018\\\/07\\\/34601689_1631685366868046_947887561261449216_o.jpg\",\"datePublished\":\"2018-06-26T12:09:20+00:00\",\"dateModified\":\"2019-04-09T12:17:04+00:00\",\"breadcrumb\":{\"@id\":\"https:\\\/\\\/wp.kristdemokraterna.se\\\/motala\\\/valet2018\\\/kommunkandidater-2018\\\/#breadcrumb\"},\"inLanguage\":\"sv-SE\",\"potentialAction\":[{\"@type\":\"ReadAction\",\"target\":[\"https:\\\/\\\/wp.kristdemokraterna.se\\\/motala\\\/valet2018\\\/kommunkandidater-2018\\\/\"]}]},{\"@type\":\"ImageObject\",\"inLanguage\":\"sv-SE\",\"@id\":\"https:\\\/\\\/wp.kristdemokraterna.se\\\/motala\\\/valet2018\\\/kommunkandidater-2018\\\/#primaryimage\",\"url\":\"https:\\\/\\\/wp.kristdemokraterna.se\\\/motala\\\/files\\\/2018\\\/07\\\/34601689_1631685366868046_947887561261449216_o.jpg\",\"contentUrl\":\"https:\\\/\\\/wp.kristdemokraterna.se\\\/motala\\\/files\\\/2018\\\/07\\\/34601689_1631685366868046_947887561261449216_o.jpg\",\"width\":1944,\"height\":1452},{\"@type\":\"BreadcrumbList\",\"@id\":\"https:\\\/\\\/wp.kristdemokraterna.se\\\/motala\\\/valet2018\\\/kommunkandidater-2018\\\/#breadcrumb\",\"itemListElement\":[{\"@type\":\"ListItem\",\"position\":1,\"name\":\"Hem\",\"item\":\"https:\\\/\\\/wp.kristdemokraterna.se\\\/motala\\\/\"},{\"@type\":\"ListItem\",\"position\":2,\"name\":\"Valet 9 sept 2018\",\"item\":\"https:\\\/\\\/wp.kristdemokraterna.se\\\/motala\\\/valet2018\\\/\"},{\"@type\":\"ListItem\",\"position\":3,\"name\":\"Kommunkandidater 2018\"}]},{\"@type\":\"WebSite\",\"@id\":\"https:\\\/\\\/wp.kristdemokraterna.se\\\/motala\\\/#website\",\"url\":\"https:\\\/\\\/wp.kristdemokraterna.se\\\/motala\\\/\",\"name\":\"Kristdemokraterna i Motala\",\"description\":\"Kristdemokraterna\",\"inLanguage\":\"sv-SE\"}]}<\/script>\n<!-- \/ Yoast SEO plugin. -->","yoast_head_json":{"title":"Kommunkandidater 2018 - Kristdemokraterna i Motala","robots":{"index":"index","follow":"follow","max-snippet":"max-snippet:-1","max-image-preview":"max-image-preview:large","max-video-preview":"max-video-preview:-1"},"canonical":"https:\/\/wp.kristdemokraterna.se\/motala\/valet2018\/kommunkandidater-2018\/","og_locale":"sv_SE","og_type":"article","og_title":"Kommunkandidater 2018 - Kristdemokraterna i Motala","og_description":"V\u00e5ra kandidater i kommunvalet Kristdemokraternas kandidater i kommunvalet 9 september 2018 1 Jan Gyllenhammar, Politisk sekreterare, Styra 2 Erik Forslund, Systemutvecklare, Motala 3 Nils-Ingvar Graan, Mekaniker\/Cyklist, Borensberg 4 Madel\u00e9ne Gyllenhammar, Logistikingenj\u00f6r, Borensberg 5 Lars-Johan Sunnerberg, Assistent, Motala 6 Ulla Wretman, Pension\u00e4r, Motala 7 Urban Larsson, Kommunarkivarie, Tj\u00e4llmo 8 Norielle Munezero, Undersk\u00f6terska, Motala 9 Paulina Thor, Read More","og_url":"https:\/\/wp.kristdemokraterna.se\/motala\/valet2018\/kommunkandidater-2018\/","og_site_name":"Kristdemokraterna i Motala","article_modified_time":"2019-04-09T12:17:04+00:00","og_image":[{"url":"http:\/\/wp.kristdemokraterna.se\/motala\/files\/2018\/07\/34601689_1631685366868046_947887561261449216_o.jpg","type":"","width":"","height":""}],"twitter_card":"summary_large_image","twitter_misc":{"Ber\u00e4knad l\u00e4stid":"1 minut"},"schema":{"@context":"https:\/\/schema.org","@graph":[{"@type":"WebPage","@id":"https:\/\/wp.kristdemokraterna.se\/motala\/valet2018\/kommunkandidater-2018\/","url":"https:\/\/wp.kristdemokraterna.se\/motala\/valet2018\/kommunkandidater-2018\/","name":"Kommunkandidater 2018 - Kristdemokraterna i Motala","isPartOf":{"@id":"https:\/\/wp.kristdemokraterna.se\/motala\/#website"},"primaryImageOfPage":{"@id":"https:\/\/wp.kristdemokraterna.se\/motala\/valet2018\/kommunkandidater-2018\/#primaryimage"},"image":{"@id":"https:\/\/wp.kristdemokraterna.se\/motala\/valet2018\/kommunkandidater-2018\/#primaryimage"},"thumbnailUrl":"http:\/\/wp.kristdemokraterna.se\/motala\/files\/2018\/07\/34601689_1631685366868046_947887561261449216_o.jpg","datePublished":"2018-06-26T12:09:20+00:00","dateModified":"2019-04-09T12:17:04+00:00","breadcrumb":{"@id":"https:\/\/wp.kristdemokraterna.se\/motala\/valet2018\/kommunkandidater-2018\/#breadcrumb"},"inLanguage":"sv-SE","potentialAction":[{"@type":"ReadAction","target":["https:\/\/wp.kristdemokraterna.se\/motala\/valet2018\/kommunkandidater-2018\/"]}]},{"@type":"ImageObject","inLanguage":"sv-SE","@id":"https:\/\/wp.kristdemokraterna.se\/motala\/valet2018\/kommunkandidater-2018\/#primaryimage","url":"https:\/\/wp.kristdemokraterna.se\/motala\/files\/2018\/07\/34601689_1631685366868046_947887561261449216_o.jpg","contentUrl":"https:\/\/wp.kristdemokraterna.se\/motala\/files\/2018\/07\/34601689_1631685366868046_947887561261449216_o.jpg","width":1944,"height":1452},{"@type":"BreadcrumbList","@id":"https:\/\/wp.kristdemokraterna.se\/motala\/valet2018\/kommunkandidater-2018\/#breadcrumb","itemListElement":[{"@type":"ListItem","position":1,"name":"Hem","item":"https:\/\/wp.kristdemokraterna.se\/motala\/"},{"@type":"ListItem","position":2,"name":"Valet 9 sept 2018","item":"https:\/\/wp.kristdemokraterna.se\/motala\/valet2018\/"},{"@type":"ListItem","position":3,"name":"Kommunkandidater 2018"}]},{"@type":"WebSite","@id":"https:\/\/wp.kristdemokraterna.se\/motala\/#website","url":"https:\/\/wp.kristdemokraterna.se\/motala\/","name":"Kristdemokraterna i Motala","description":"Kristdemokraterna","inLanguage":"sv-SE"}]}},"_links":{"self":[{"href":"https:\/\/wp.kristdemokraterna.se\/motala\/wp-json\/wp\/v2\/pages\/2988","targetHints":{"allow":["GET"]}}],"collection":[{"href":"https:\/\/wp.kristdemokraterna.se\/motala\/wp-json\/wp\/v2\/pages"}],"about":[{"href":"https:\/\/wp.kristdemokraterna.se\/motala\/wp-json\/wp\/v2\/types\/page"}],"author":[{"embeddable":true,"href":"https:\/\/wp.kristdemokraterna.se\/motala\/wp-json\/wp\/v2\/users\/686"}],"replies":[{"embeddable":true,"href":"https:\/\/wp.kristdemokraterna.se\/motala\/wp-json\/wp\/v2\/comments?post=2988"}],"version-history":[{"count":8,"href":"https:\/\/wp.kristdemokraterna.se\/motala\/wp-json\/wp\/v2\/pages\/2988\/revisions"}],"predecessor-version":[{"id":3318,"href":"https:\/\/wp.kristdemokraterna.se\/motala\/wp-json\/wp\/v2\/pages\/2988\/revisions\/3318"}],"up":[{"embeddable":true,"href":"https:\/\/wp.kristdemokraterna.se\/motala\/wp-json\/wp\/v2\/pages\/2677"}],"wp:attachment":[{"href":"https:\/\/wp.kristdemokraterna.se\/motala\/wp-json\/wp\/v2\/media?parent=2988"}],"curies":[{"name":"wp","href":"https:\/\/api.w.org\/{rel}","templated":true}]}}