{"id":299,"date":"2010-08-01T15:03:33","date_gmt":"2010-08-01T13:03:33","guid":{"rendered":"http:\/\/wp.kristdemokraterna.se\/motala\/?page_id=299"},"modified":"2015-03-04T11:21:23","modified_gmt":"2015-03-04T10:21:23","slug":"valinformation-till-alla-hushall-2010","status":"publish","type":"page","link":"https:\/\/wp.kristdemokraterna.se\/motala\/program\/valinformation-till-alla-hushall-2010\/","title":{"rendered":"Valinformation till alla hush\u00e5ll 2010"},"content":{"rendered":"<p><img loading=\"lazy\" decoding=\"async\" class=\"alignnone size-full wp-image-600\" src=\"http:\/\/wp.kristdemokraterna.se\/motala\/files\/2015\/02\/hushall_motala_2010_15.jpg\" alt=\"hushall_motala_2010_15\" width=\"413\" height=\"298\" srcset=\"https:\/\/wp.kristdemokraterna.se\/motala\/files\/2015\/02\/hushall_motala_2010_15.jpg 413w, https:\/\/wp.kristdemokraterna.se\/motala\/files\/2015\/02\/hushall_motala_2010_15-300x216.jpg 300w, https:\/\/wp.kristdemokraterna.se\/motala\/files\/2015\/02\/hushall_motala_2010_15-155x112.jpg 155w\" sizes=\"auto, (max-width: 413px) 100vw, 413px\" \/><br \/>\nJan Gyllenhammar, Martina Axene, Lars-Johan Sunnerberg, Jessica Antebrink, Nils-Ingvar Graan<\/p>\n<p><strong>Fler vuxna i skolan ger tryggare barn<\/strong><\/p>\n<p>Kristdemokraterna har, tillsammans med<br \/>\n\u00f6vriga i majoriteten, satsat p\u00e5 Motala lasarett,<br \/>\ngenom fler l\u00e4kare f\u00f6r en fungerande akutv\u00e5rd.<br \/>\nVi har ocks\u00e5 s\u00e4krat v\u00e5rd genom fler\u00e5rigt avtal<br \/>\nmed Proxima. Det \u00e4r viktigt f\u00f6r Motala med<br \/>\nett v\u00e4l fungerande lasarett. D\u00e4rf\u00f6r ska lasarettet<br \/>\nutvecklas och inte nedrustas som under f\u00f6rra<br \/>\nmajoriteten!<\/p>\n<p>Vi anser att det beh\u00f6vs fler st\u00f6dpersoner och<br \/>\nandra vuxna i skolan, f\u00f6r att elever med behov<br \/>\nav st\u00f6d ska f\u00e5 b\u00e4ttre f\u00f6ruts\u00e4ttningar att klara<br \/>\nskolan. Det gynnar alla elever genom att det<br \/>\nger \u00f6kad arbetsro.<\/p>\n<p>V\u00e5rdnadsbidrag har inf\u00f6rts. Det inneb\u00e4r en<br \/>\nvalm\u00f6jlighet f\u00f6r f\u00f6r\u00e4ldrar som sj\u00e4lva vill ordna<br \/>\nsin barnomsorg. Det tycker vi \u00e4r bra och vi vill<br \/>\narbeta f\u00f6r att det utvecklas.<\/p>\n<p>Genom Nystart Motala, har vi \u00f6ppnat ett nytt<br \/>\ndemensboende med 50 platser. F\u00f6r de som bor<br \/>\nhemma vill vi skapa en st\u00f6rre trygghet, genom<br \/>\natt all personal inom hemtj\u00e4nsten b\u00e4r<br \/>\nID-bricka. De ska ocks\u00e5 f\u00e5 v\u00e4lja vem som ska<br \/>\nutf\u00f6ra den.<\/p>\n<p>I 68 \u00e5r har Motalaborna v\u00e4ntat p\u00e5 bron \u00f6ver<br \/>\nSkepparpinan. \u00c4ntligen har vi f\u00e5tt se bygget<br \/>\nstarta, tack vare beslut av v\u00e5r regering. Den g\u00f6r<br \/>\ndet mer attraktivt f\u00f6r f\u00f6retag att etablera sig.<br \/>\nDet ger arbetstillf\u00e4llen, vilket \u00e4r vad Motala<br \/>\nbeh\u00f6ver.<\/p>\n<p>&gt;\u00a0<a href=\"http:\/\/wp.kristdemokraterna.se\/motala\/files\/2015\/02\/13503_motala_val2010.pdf\" target=\"_blank\">13503_motala_val2010<\/a> (pdf)<\/p>\n","protected":false},"excerpt":{"rendered":"<p>Jan Gyllenhammar, Martina Axene, Lars-Johan Sunnerberg, Jessica Antebrink, Nils-Ingvar Graan Fler vuxna i skolan ger tryggare barn Kristdemokraterna har, tillsammans med \u00f6vriga i majoriteten, satsat p\u00e5 Motala lasarett, genom fler l\u00e4kare f\u00f6r en fungerande akutv\u00e5rd. Vi har ocks\u00e5 s\u00e4krat v\u00e5rd genom fler\u00e5rigt avtal med Proxima. Det \u00e4r viktigt f\u00f6r Motala med ett v\u00e4l fungerande lasarett. <a class=\"read-more-link\" href=\"https:\/\/wp.kristdemokraterna.se\/motala\/program\/valinformation-till-alla-hushall-2010\/\">Read More<\/a><\/p>\n","protected":false},"author":689,"featured_media":0,"parent":544,"menu_order":0,"comment_status":"closed","ping_status":"closed","template":"","meta":{"_acf_changed":false,"footnotes":""},"class_list":["post-299","page","type-page","status-publish","hentry"],"acf":[],"yoast_head":"<!-- This site is optimized with the Yoast SEO plugin v27.4 - https:\/\/yoast.com\/product\/yoast-seo-wordpress\/ -->\n<title>Valinformation till alla hush\u00e5ll 2010 - Kristdemokraterna i Motala<\/title>\n<meta name=\"robots\" content=\"index, follow, max-snippet:-1, max-image-preview:large, max-video-preview:-1\" \/>\n<link rel=\"canonical\" href=\"https:\/\/wp.kristdemokraterna.se\/motala\/program\/valinformation-till-alla-hushall-2010\/\" \/>\n<meta property=\"og:locale\" content=\"sv_SE\" \/>\n<meta property=\"og:type\" content=\"article\" \/>\n<meta property=\"og:title\" content=\"Valinformation till alla hush\u00e5ll 2010 - Kristdemokraterna i Motala\" \/>\n<meta property=\"og:description\" content=\"Jan Gyllenhammar, Martina Axene, Lars-Johan Sunnerberg, Jessica Antebrink, Nils-Ingvar Graan Fler vuxna i skolan ger tryggare barn Kristdemokraterna har, tillsammans med \u00f6vriga i majoriteten, satsat p\u00e5 Motala lasarett, genom fler l\u00e4kare f\u00f6r en fungerande akutv\u00e5rd. Vi har ocks\u00e5 s\u00e4krat v\u00e5rd genom fler\u00e5rigt avtal med Proxima. Det \u00e4r viktigt f\u00f6r Motala med ett v\u00e4l fungerande lasarett. Read More\" \/>\n<meta property=\"og:url\" content=\"https:\/\/wp.kristdemokraterna.se\/motala\/program\/valinformation-till-alla-hushall-2010\/\" \/>\n<meta property=\"og:site_name\" content=\"Kristdemokraterna i Motala\" \/>\n<meta property=\"article:modified_time\" content=\"2015-03-04T10:21:23+00:00\" \/>\n<meta property=\"og:image\" content=\"http:\/\/wp.kristdemokraterna.se\/motala\/files\/2015\/02\/hushall_motala_2010_15.jpg\" \/>\n<meta name=\"twitter:card\" content=\"summary_large_image\" \/>\n<meta name=\"twitter:label1\" content=\"Ber\u00e4knad l\u00e4stid\" \/>\n\t<meta name=\"twitter:data1\" content=\"1 minut\" \/>\n<script type=\"application\/ld+json\" class=\"yoast-schema-graph\">{\"@context\":\"https:\\\/\\\/schema.org\",\"@graph\":[{\"@type\":\"WebPage\",\"@id\":\"https:\\\/\\\/wp.kristdemokraterna.se\\\/motala\\\/program\\\/valinformation-till-alla-hushall-2010\\\/\",\"url\":\"https:\\\/\\\/wp.kristdemokraterna.se\\\/motala\\\/program\\\/valinformation-till-alla-hushall-2010\\\/\",\"name\":\"Valinformation till alla hush\u00e5ll 2010 - Kristdemokraterna i Motala\",\"isPartOf\":{\"@id\":\"https:\\\/\\\/wp.kristdemokraterna.se\\\/motala\\\/#website\"},\"primaryImageOfPage\":{\"@id\":\"https:\\\/\\\/wp.kristdemokraterna.se\\\/motala\\\/program\\\/valinformation-till-alla-hushall-2010\\\/#primaryimage\"},\"image\":{\"@id\":\"https:\\\/\\\/wp.kristdemokraterna.se\\\/motala\\\/program\\\/valinformation-till-alla-hushall-2010\\\/#primaryimage\"},\"thumbnailUrl\":\"http:\\\/\\\/wp.kristdemokraterna.se\\\/motala\\\/files\\\/2015\\\/02\\\/hushall_motala_2010_15.jpg\",\"datePublished\":\"2010-08-01T13:03:33+00:00\",\"dateModified\":\"2015-03-04T10:21:23+00:00\",\"breadcrumb\":{\"@id\":\"https:\\\/\\\/wp.kristdemokraterna.se\\\/motala\\\/program\\\/valinformation-till-alla-hushall-2010\\\/#breadcrumb\"},\"inLanguage\":\"sv-SE\",\"potentialAction\":[{\"@type\":\"ReadAction\",\"target\":[\"https:\\\/\\\/wp.kristdemokraterna.se\\\/motala\\\/program\\\/valinformation-till-alla-hushall-2010\\\/\"]}]},{\"@type\":\"ImageObject\",\"inLanguage\":\"sv-SE\",\"@id\":\"https:\\\/\\\/wp.kristdemokraterna.se\\\/motala\\\/program\\\/valinformation-till-alla-hushall-2010\\\/#primaryimage\",\"url\":\"https:\\\/\\\/wp.kristdemokraterna.se\\\/motala\\\/files\\\/2015\\\/02\\\/hushall_motala_2010_15.jpg\",\"contentUrl\":\"https:\\\/\\\/wp.kristdemokraterna.se\\\/motala\\\/files\\\/2015\\\/02\\\/hushall_motala_2010_15.jpg\",\"width\":413,\"height\":298},{\"@type\":\"BreadcrumbList\",\"@id\":\"https:\\\/\\\/wp.kristdemokraterna.se\\\/motala\\\/program\\\/valinformation-till-alla-hushall-2010\\\/#breadcrumb\",\"itemListElement\":[{\"@type\":\"ListItem\",\"position\":1,\"name\":\"Hem\",\"item\":\"https:\\\/\\\/wp.kristdemokraterna.se\\\/motala\\\/\"},{\"@type\":\"ListItem\",\"position\":2,\"name\":\"Program\",\"item\":\"https:\\\/\\\/wp.kristdemokraterna.se\\\/motala\\\/program\\\/\"},{\"@type\":\"ListItem\",\"position\":3,\"name\":\"Valinformation till alla hush\u00e5ll 2010\"}]},{\"@type\":\"WebSite\",\"@id\":\"https:\\\/\\\/wp.kristdemokraterna.se\\\/motala\\\/#website\",\"url\":\"https:\\\/\\\/wp.kristdemokraterna.se\\\/motala\\\/\",\"name\":\"Kristdemokraterna i Motala\",\"description\":\"Kristdemokraterna\",\"inLanguage\":\"sv-SE\"}]}<\/script>\n<!-- \/ Yoast SEO plugin. -->","yoast_head_json":{"title":"Valinformation till alla hush\u00e5ll 2010 - Kristdemokraterna i Motala","robots":{"index":"index","follow":"follow","max-snippet":"max-snippet:-1","max-image-preview":"max-image-preview:large","max-video-preview":"max-video-preview:-1"},"canonical":"https:\/\/wp.kristdemokraterna.se\/motala\/program\/valinformation-till-alla-hushall-2010\/","og_locale":"sv_SE","og_type":"article","og_title":"Valinformation till alla hush\u00e5ll 2010 - Kristdemokraterna i Motala","og_description":"Jan Gyllenhammar, Martina Axene, Lars-Johan Sunnerberg, Jessica Antebrink, Nils-Ingvar Graan Fler vuxna i skolan ger tryggare barn Kristdemokraterna har, tillsammans med \u00f6vriga i majoriteten, satsat p\u00e5 Motala lasarett, genom fler l\u00e4kare f\u00f6r en fungerande akutv\u00e5rd. Vi har ocks\u00e5 s\u00e4krat v\u00e5rd genom fler\u00e5rigt avtal med Proxima. Det \u00e4r viktigt f\u00f6r Motala med ett v\u00e4l fungerande lasarett. Read More","og_url":"https:\/\/wp.kristdemokraterna.se\/motala\/program\/valinformation-till-alla-hushall-2010\/","og_site_name":"Kristdemokraterna i Motala","article_modified_time":"2015-03-04T10:21:23+00:00","og_image":[{"url":"http:\/\/wp.kristdemokraterna.se\/motala\/files\/2015\/02\/hushall_motala_2010_15.jpg","type":"","width":"","height":""}],"twitter_card":"summary_large_image","twitter_misc":{"Ber\u00e4knad l\u00e4stid":"1 minut"},"schema":{"@context":"https:\/\/schema.org","@graph":[{"@type":"WebPage","@id":"https:\/\/wp.kristdemokraterna.se\/motala\/program\/valinformation-till-alla-hushall-2010\/","url":"https:\/\/wp.kristdemokraterna.se\/motala\/program\/valinformation-till-alla-hushall-2010\/","name":"Valinformation till alla hush\u00e5ll 2010 - Kristdemokraterna i Motala","isPartOf":{"@id":"https:\/\/wp.kristdemokraterna.se\/motala\/#website"},"primaryImageOfPage":{"@id":"https:\/\/wp.kristdemokraterna.se\/motala\/program\/valinformation-till-alla-hushall-2010\/#primaryimage"},"image":{"@id":"https:\/\/wp.kristdemokraterna.se\/motala\/program\/valinformation-till-alla-hushall-2010\/#primaryimage"},"thumbnailUrl":"http:\/\/wp.kristdemokraterna.se\/motala\/files\/2015\/02\/hushall_motala_2010_15.jpg","datePublished":"2010-08-01T13:03:33+00:00","dateModified":"2015-03-04T10:21:23+00:00","breadcrumb":{"@id":"https:\/\/wp.kristdemokraterna.se\/motala\/program\/valinformation-till-alla-hushall-2010\/#breadcrumb"},"inLanguage":"sv-SE","potentialAction":[{"@type":"ReadAction","target":["https:\/\/wp.kristdemokraterna.se\/motala\/program\/valinformation-till-alla-hushall-2010\/"]}]},{"@type":"ImageObject","inLanguage":"sv-SE","@id":"https:\/\/wp.kristdemokraterna.se\/motala\/program\/valinformation-till-alla-hushall-2010\/#primaryimage","url":"https:\/\/wp.kristdemokraterna.se\/motala\/files\/2015\/02\/hushall_motala_2010_15.jpg","contentUrl":"https:\/\/wp.kristdemokraterna.se\/motala\/files\/2015\/02\/hushall_motala_2010_15.jpg","width":413,"height":298},{"@type":"BreadcrumbList","@id":"https:\/\/wp.kristdemokraterna.se\/motala\/program\/valinformation-till-alla-hushall-2010\/#breadcrumb","itemListElement":[{"@type":"ListItem","position":1,"name":"Hem","item":"https:\/\/wp.kristdemokraterna.se\/motala\/"},{"@type":"ListItem","position":2,"name":"Program","item":"https:\/\/wp.kristdemokraterna.se\/motala\/program\/"},{"@type":"ListItem","position":3,"name":"Valinformation till alla hush\u00e5ll 2010"}]},{"@type":"WebSite","@id":"https:\/\/wp.kristdemokraterna.se\/motala\/#website","url":"https:\/\/wp.kristdemokraterna.se\/motala\/","name":"Kristdemokraterna i Motala","description":"Kristdemokraterna","inLanguage":"sv-SE"}]}},"_links":{"self":[{"href":"https:\/\/wp.kristdemokraterna.se\/motala\/wp-json\/wp\/v2\/pages\/299","targetHints":{"allow":["GET"]}}],"collection":[{"href":"https:\/\/wp.kristdemokraterna.se\/motala\/wp-json\/wp\/v2\/pages"}],"about":[{"href":"https:\/\/wp.kristdemokraterna.se\/motala\/wp-json\/wp\/v2\/types\/page"}],"author":[{"embeddable":true,"href":"https:\/\/wp.kristdemokraterna.se\/motala\/wp-json\/wp\/v2\/users\/689"}],"replies":[{"embeddable":true,"href":"https:\/\/wp.kristdemokraterna.se\/motala\/wp-json\/wp\/v2\/comments?post=299"}],"version-history":[{"count":3,"href":"https:\/\/wp.kristdemokraterna.se\/motala\/wp-json\/wp\/v2\/pages\/299\/revisions"}],"predecessor-version":[{"id":602,"href":"https:\/\/wp.kristdemokraterna.se\/motala\/wp-json\/wp\/v2\/pages\/299\/revisions\/602"}],"up":[{"embeddable":true,"href":"https:\/\/wp.kristdemokraterna.se\/motala\/wp-json\/wp\/v2\/pages\/544"}],"wp:attachment":[{"href":"https:\/\/wp.kristdemokraterna.se\/motala\/wp-json\/wp\/v2\/media?parent=299"}],"curies":[{"name":"wp","href":"https:\/\/api.w.org\/{rel}","templated":true}]}}