{"id":3000,"date":"2018-05-02T15:06:07","date_gmt":"2018-05-02T13:06:07","guid":{"rendered":"http:\/\/wp.kristdemokraterna.se\/motala\/?page_id=3000"},"modified":"2018-08-17T11:23:21","modified_gmt":"2018-08-17T09:23:21","slug":"sommartidning-2018","status":"publish","type":"page","link":"https:\/\/wp.kristdemokraterna.se\/motala\/valet2018\/sommartidning-2018\/","title":{"rendered":"Sommartidning 2018"},"content":{"rendered":"<p><strong><a href=\"https:\/\/kristdemokraterna.se\/wp-content\/uploads\/2018\/04\/Kampanjtidning-2018-1.pdf\" target=\"_blank\" rel=\"noopener\"><img loading=\"lazy\" decoding=\"async\" class=\"wp-image-3001 size-medium alignright\" src=\"http:\/\/wp.kristdemokraterna.se\/motala\/files\/2018\/07\/sommartidning2018-204x300.jpg\" alt=\"\" width=\"204\" height=\"300\" srcset=\"https:\/\/wp.kristdemokraterna.se\/motala\/files\/2018\/07\/sommartidning2018-204x300.jpg 204w, https:\/\/wp.kristdemokraterna.se\/motala\/files\/2018\/07\/sommartidning2018-136x200.jpg 136w, https:\/\/wp.kristdemokraterna.se\/motala\/files\/2018\/07\/sommartidning2018-370x545.jpg 370w, https:\/\/wp.kristdemokraterna.se\/motala\/files\/2018\/07\/sommartidning2018-273x402.jpg 273w, https:\/\/wp.kristdemokraterna.se\/motala\/files\/2018\/07\/sommartidning2018-340x500.jpg 340w, https:\/\/wp.kristdemokraterna.se\/motala\/files\/2018\/07\/sommartidning2018-38x56.jpg 38w, https:\/\/wp.kristdemokraterna.se\/motala\/files\/2018\/07\/sommartidning2018.jpg 443w\" sizes=\"auto, (max-width: 204px) 100vw, 204px\" \/><\/a>DU SKA KUNNA LITA P\u00c5 SVERIGE<\/strong><br \/>\nV\u00e5r f\u00f6rsta kampanj valtidning \u00e4r klar, har du inte f\u00e5tt den \u00e4nnu?<\/p>\n<p>L\u00c4S DEN H\u00c4R<br \/>\n&gt; <a href=\"http:\/\/www.e-magin.se\/paper\/0p8ck632\/paper\/1#\/paper\/0p8ck632\" target=\"_blank\" rel=\"noopener\">E-tidning<\/a><br \/>\n&gt; <a href=\"https:\/\/kristdemokraterna.se\/wp-content\/uploads\/2018\/04\/Kampanjtidning-2018-1.pdf\" target=\"_blank\" rel=\"noopener\">Pdf<\/a><\/p>\n<p><img loading=\"lazy\" decoding=\"async\" class=\"alignnone wp-image-2877 size-medium\" src=\"http:\/\/wp.kristdemokraterna.se\/motala\/files\/2018\/04\/31129626_1589939484375968_3339414291305426290_n-300x225.jpg\" alt=\"\" width=\"300\" height=\"225\" srcset=\"https:\/\/wp.kristdemokraterna.se\/motala\/files\/2018\/04\/31129626_1589939484375968_3339414291305426290_n-300x225.jpg 300w, https:\/\/wp.kristdemokraterna.se\/motala\/files\/2018\/04\/31129626_1589939484375968_3339414291305426290_n-768x576.jpg 768w, https:\/\/wp.kristdemokraterna.se\/motala\/files\/2018\/04\/31129626_1589939484375968_3339414291305426290_n-267x200.jpg 267w, https:\/\/wp.kristdemokraterna.se\/motala\/files\/2018\/04\/31129626_1589939484375968_3339414291305426290_n-370x278.jpg 370w, https:\/\/wp.kristdemokraterna.se\/motala\/files\/2018\/04\/31129626_1589939484375968_3339414291305426290_n-770x578.jpg 770w, https:\/\/wp.kristdemokraterna.se\/motala\/files\/2018\/04\/31129626_1589939484375968_3339414291305426290_n-450x338.jpg 450w, https:\/\/wp.kristdemokraterna.se\/motala\/files\/2018\/04\/31129626_1589939484375968_3339414291305426290_n-280x210.jpg 280w, https:\/\/wp.kristdemokraterna.se\/motala\/files\/2018\/04\/31129626_1589939484375968_3339414291305426290_n-340x255.jpg 340w, https:\/\/wp.kristdemokraterna.se\/motala\/files\/2018\/04\/31129626_1589939484375968_3339414291305426290_n-200x150.jpg 200w, https:\/\/wp.kristdemokraterna.se\/motala\/files\/2018\/04\/31129626_1589939484375968_3339414291305426290_n-75x56.jpg 75w, https:\/\/wp.kristdemokraterna.se\/motala\/files\/2018\/04\/31129626_1589939484375968_3339414291305426290_n.jpg 960w\" sizes=\"auto, (max-width: 300px) 100vw, 300px\" \/><\/p>\n<p>&gt;\u00a0<a href=\"https:\/\/kristdemokraterna.se\/wp-content\/uploads\/2018\/04\/KD-Annonskryss-1801_facit.pdf\" target=\"_blank\" rel=\"noopener\">R\u00e4tt kryssl\u00f6sning hittar du h\u00e4r<\/a> (pdf)<\/p>\n","protected":false},"excerpt":{"rendered":"<p>DU SKA KUNNA LITA P\u00c5 SVERIGE V\u00e5r f\u00f6rsta kampanj valtidning \u00e4r klar, har du inte f\u00e5tt den \u00e4nnu? L\u00c4S DEN H\u00c4R &gt; E-tidning &gt; Pdf &gt;\u00a0R\u00e4tt kryssl\u00f6sning hittar du h\u00e4r (pdf)<\/p>\n","protected":false},"author":686,"featured_media":0,"parent":2677,"menu_order":1,"comment_status":"closed","ping_status":"closed","template":"","meta":{"_acf_changed":false,"footnotes":""},"class_list":["post-3000","page","type-page","status-publish","hentry"],"acf":[],"yoast_head":"<!-- This site is optimized with the Yoast SEO plugin v27.3 - https:\/\/yoast.com\/product\/yoast-seo-wordpress\/ -->\n<title>Sommartidning 2018 - Kristdemokraterna i Motala<\/title>\n<meta name=\"robots\" content=\"index, follow, max-snippet:-1, max-image-preview:large, max-video-preview:-1\" \/>\n<link rel=\"canonical\" href=\"https:\/\/wp.kristdemokraterna.se\/motala\/valet2018\/sommartidning-2018\/\" \/>\n<meta property=\"og:locale\" content=\"sv_SE\" \/>\n<meta property=\"og:type\" content=\"article\" \/>\n<meta property=\"og:title\" content=\"Sommartidning 2018 - Kristdemokraterna i Motala\" \/>\n<meta property=\"og:description\" content=\"DU SKA KUNNA LITA P\u00c5 SVERIGE V\u00e5r f\u00f6rsta kampanj valtidning \u00e4r klar, har du inte f\u00e5tt den \u00e4nnu? L\u00c4S DEN H\u00c4R &gt; E-tidning &gt; Pdf &gt;\u00a0R\u00e4tt kryssl\u00f6sning hittar du h\u00e4r (pdf)\" \/>\n<meta property=\"og:url\" content=\"https:\/\/wp.kristdemokraterna.se\/motala\/valet2018\/sommartidning-2018\/\" \/>\n<meta property=\"og:site_name\" content=\"Kristdemokraterna i Motala\" \/>\n<meta property=\"article:modified_time\" content=\"2018-08-17T09:23:21+00:00\" \/>\n<meta property=\"og:image\" content=\"http:\/\/wp.kristdemokraterna.se\/motala\/files\/2018\/07\/sommartidning2018-204x300.jpg\" \/>\n<meta name=\"twitter:card\" content=\"summary_large_image\" \/>\n<script type=\"application\/ld+json\" class=\"yoast-schema-graph\">{\"@context\":\"https:\\\/\\\/schema.org\",\"@graph\":[{\"@type\":\"WebPage\",\"@id\":\"https:\\\/\\\/wp.kristdemokraterna.se\\\/motala\\\/valet2018\\\/sommartidning-2018\\\/\",\"url\":\"https:\\\/\\\/wp.kristdemokraterna.se\\\/motala\\\/valet2018\\\/sommartidning-2018\\\/\",\"name\":\"Sommartidning 2018 - Kristdemokraterna i Motala\",\"isPartOf\":{\"@id\":\"https:\\\/\\\/wp.kristdemokraterna.se\\\/motala\\\/#website\"},\"primaryImageOfPage\":{\"@id\":\"https:\\\/\\\/wp.kristdemokraterna.se\\\/motala\\\/valet2018\\\/sommartidning-2018\\\/#primaryimage\"},\"image\":{\"@id\":\"https:\\\/\\\/wp.kristdemokraterna.se\\\/motala\\\/valet2018\\\/sommartidning-2018\\\/#primaryimage\"},\"thumbnailUrl\":\"http:\\\/\\\/wp.kristdemokraterna.se\\\/motala\\\/files\\\/2018\\\/07\\\/sommartidning2018-204x300.jpg\",\"datePublished\":\"2018-05-02T13:06:07+00:00\",\"dateModified\":\"2018-08-17T09:23:21+00:00\",\"breadcrumb\":{\"@id\":\"https:\\\/\\\/wp.kristdemokraterna.se\\\/motala\\\/valet2018\\\/sommartidning-2018\\\/#breadcrumb\"},\"inLanguage\":\"sv-SE\",\"potentialAction\":[{\"@type\":\"ReadAction\",\"target\":[\"https:\\\/\\\/wp.kristdemokraterna.se\\\/motala\\\/valet2018\\\/sommartidning-2018\\\/\"]}]},{\"@type\":\"ImageObject\",\"inLanguage\":\"sv-SE\",\"@id\":\"https:\\\/\\\/wp.kristdemokraterna.se\\\/motala\\\/valet2018\\\/sommartidning-2018\\\/#primaryimage\",\"url\":\"https:\\\/\\\/wp.kristdemokraterna.se\\\/motala\\\/files\\\/2018\\\/07\\\/sommartidning2018.jpg\",\"contentUrl\":\"https:\\\/\\\/wp.kristdemokraterna.se\\\/motala\\\/files\\\/2018\\\/07\\\/sommartidning2018.jpg\",\"width\":443,\"height\":652},{\"@type\":\"BreadcrumbList\",\"@id\":\"https:\\\/\\\/wp.kristdemokraterna.se\\\/motala\\\/valet2018\\\/sommartidning-2018\\\/#breadcrumb\",\"itemListElement\":[{\"@type\":\"ListItem\",\"position\":1,\"name\":\"Hem\",\"item\":\"https:\\\/\\\/wp.kristdemokraterna.se\\\/motala\\\/\"},{\"@type\":\"ListItem\",\"position\":2,\"name\":\"Valet 9 sept 2018\",\"item\":\"https:\\\/\\\/wp.kristdemokraterna.se\\\/motala\\\/valet2018\\\/\"},{\"@type\":\"ListItem\",\"position\":3,\"name\":\"Sommartidning 2018\"}]},{\"@type\":\"WebSite\",\"@id\":\"https:\\\/\\\/wp.kristdemokraterna.se\\\/motala\\\/#website\",\"url\":\"https:\\\/\\\/wp.kristdemokraterna.se\\\/motala\\\/\",\"name\":\"Kristdemokraterna i Motala\",\"description\":\"Kristdemokraterna\",\"inLanguage\":\"sv-SE\"}]}<\/script>\n<!-- \/ Yoast SEO plugin. -->","yoast_head_json":{"title":"Sommartidning 2018 - Kristdemokraterna i Motala","robots":{"index":"index","follow":"follow","max-snippet":"max-snippet:-1","max-image-preview":"max-image-preview:large","max-video-preview":"max-video-preview:-1"},"canonical":"https:\/\/wp.kristdemokraterna.se\/motala\/valet2018\/sommartidning-2018\/","og_locale":"sv_SE","og_type":"article","og_title":"Sommartidning 2018 - Kristdemokraterna i Motala","og_description":"DU SKA KUNNA LITA P\u00c5 SVERIGE V\u00e5r f\u00f6rsta kampanj valtidning \u00e4r klar, har du inte f\u00e5tt den \u00e4nnu? L\u00c4S DEN H\u00c4R &gt; E-tidning &gt; Pdf &gt;\u00a0R\u00e4tt kryssl\u00f6sning hittar du h\u00e4r (pdf)","og_url":"https:\/\/wp.kristdemokraterna.se\/motala\/valet2018\/sommartidning-2018\/","og_site_name":"Kristdemokraterna i Motala","article_modified_time":"2018-08-17T09:23:21+00:00","og_image":[{"url":"http:\/\/wp.kristdemokraterna.se\/motala\/files\/2018\/07\/sommartidning2018-204x300.jpg","type":"","width":"","height":""}],"twitter_card":"summary_large_image","schema":{"@context":"https:\/\/schema.org","@graph":[{"@type":"WebPage","@id":"https:\/\/wp.kristdemokraterna.se\/motala\/valet2018\/sommartidning-2018\/","url":"https:\/\/wp.kristdemokraterna.se\/motala\/valet2018\/sommartidning-2018\/","name":"Sommartidning 2018 - Kristdemokraterna i Motala","isPartOf":{"@id":"https:\/\/wp.kristdemokraterna.se\/motala\/#website"},"primaryImageOfPage":{"@id":"https:\/\/wp.kristdemokraterna.se\/motala\/valet2018\/sommartidning-2018\/#primaryimage"},"image":{"@id":"https:\/\/wp.kristdemokraterna.se\/motala\/valet2018\/sommartidning-2018\/#primaryimage"},"thumbnailUrl":"http:\/\/wp.kristdemokraterna.se\/motala\/files\/2018\/07\/sommartidning2018-204x300.jpg","datePublished":"2018-05-02T13:06:07+00:00","dateModified":"2018-08-17T09:23:21+00:00","breadcrumb":{"@id":"https:\/\/wp.kristdemokraterna.se\/motala\/valet2018\/sommartidning-2018\/#breadcrumb"},"inLanguage":"sv-SE","potentialAction":[{"@type":"ReadAction","target":["https:\/\/wp.kristdemokraterna.se\/motala\/valet2018\/sommartidning-2018\/"]}]},{"@type":"ImageObject","inLanguage":"sv-SE","@id":"https:\/\/wp.kristdemokraterna.se\/motala\/valet2018\/sommartidning-2018\/#primaryimage","url":"https:\/\/wp.kristdemokraterna.se\/motala\/files\/2018\/07\/sommartidning2018.jpg","contentUrl":"https:\/\/wp.kristdemokraterna.se\/motala\/files\/2018\/07\/sommartidning2018.jpg","width":443,"height":652},{"@type":"BreadcrumbList","@id":"https:\/\/wp.kristdemokraterna.se\/motala\/valet2018\/sommartidning-2018\/#breadcrumb","itemListElement":[{"@type":"ListItem","position":1,"name":"Hem","item":"https:\/\/wp.kristdemokraterna.se\/motala\/"},{"@type":"ListItem","position":2,"name":"Valet 9 sept 2018","item":"https:\/\/wp.kristdemokraterna.se\/motala\/valet2018\/"},{"@type":"ListItem","position":3,"name":"Sommartidning 2018"}]},{"@type":"WebSite","@id":"https:\/\/wp.kristdemokraterna.se\/motala\/#website","url":"https:\/\/wp.kristdemokraterna.se\/motala\/","name":"Kristdemokraterna i Motala","description":"Kristdemokraterna","inLanguage":"sv-SE"}]}},"_links":{"self":[{"href":"https:\/\/wp.kristdemokraterna.se\/motala\/wp-json\/wp\/v2\/pages\/3000","targetHints":{"allow":["GET"]}}],"collection":[{"href":"https:\/\/wp.kristdemokraterna.se\/motala\/wp-json\/wp\/v2\/pages"}],"about":[{"href":"https:\/\/wp.kristdemokraterna.se\/motala\/wp-json\/wp\/v2\/types\/page"}],"author":[{"embeddable":true,"href":"https:\/\/wp.kristdemokraterna.se\/motala\/wp-json\/wp\/v2\/users\/686"}],"replies":[{"embeddable":true,"href":"https:\/\/wp.kristdemokraterna.se\/motala\/wp-json\/wp\/v2\/comments?post=3000"}],"version-history":[{"count":10,"href":"https:\/\/wp.kristdemokraterna.se\/motala\/wp-json\/wp\/v2\/pages\/3000\/revisions"}],"predecessor-version":[{"id":3011,"href":"https:\/\/wp.kristdemokraterna.se\/motala\/wp-json\/wp\/v2\/pages\/3000\/revisions\/3011"}],"up":[{"embeddable":true,"href":"https:\/\/wp.kristdemokraterna.se\/motala\/wp-json\/wp\/v2\/pages\/2677"}],"wp:attachment":[{"href":"https:\/\/wp.kristdemokraterna.se\/motala\/wp-json\/wp\/v2\/media?parent=3000"}],"curies":[{"name":"wp","href":"https:\/\/api.w.org\/{rel}","templated":true}]}}