{"id":3027,"date":"2018-07-04T16:54:29","date_gmt":"2018-07-04T14:54:29","guid":{"rendered":"http:\/\/wp.kristdemokraterna.se\/motala\/?page_id=3027"},"modified":"2019-04-09T14:17:04","modified_gmt":"2019-04-09T12:17:04","slug":"valmanifest-2018-2022","status":"publish","type":"page","link":"https:\/\/wp.kristdemokraterna.se\/motala\/valet2018\/valmanifest-2018-2022\/","title":{"rendered":"Valmanifest 2018-2022"},"content":{"rendered":"<h2 style=\"text-align: left\"><strong>V\u00e5rt #v\u00e4lf\u00e4rdsl\u00f6fte f\u00f6r Motala kommun<\/strong><\/h2>\n<div id=\"attachment_3070\" style=\"width: 259px\" class=\"wp-caption alignleft\"><a href=\"http:\/\/wp.kristdemokraterna.se\/motala\/files\/2018\/07\/kdmotala_valmanifest2018-2022.pdf\" target=\"_blank\" rel=\"noopener noreferrer\"><img loading=\"lazy\" decoding=\"async\" aria-describedby=\"caption-attachment-3070\" class=\"wp-image-3070\" src=\"http:\/\/wp.kristdemokraterna.se\/motala\/files\/2018\/07\/valmanifest2018-2022.jpg\" alt=\"Valmanifest 2018-2022\" width=\"249\" height=\"352\" srcset=\"https:\/\/wp.kristdemokraterna.se\/motala\/files\/2018\/07\/valmanifest2018-2022.jpg 549w, https:\/\/wp.kristdemokraterna.se\/motala\/files\/2018\/07\/valmanifest2018-2022-212x300.jpg 212w, https:\/\/wp.kristdemokraterna.se\/motala\/files\/2018\/07\/valmanifest2018-2022-141x200.jpg 141w, https:\/\/wp.kristdemokraterna.se\/motala\/files\/2018\/07\/valmanifest2018-2022-370x523.jpg 370w, https:\/\/wp.kristdemokraterna.se\/motala\/files\/2018\/07\/valmanifest2018-2022-450x636.jpg 450w, https:\/\/wp.kristdemokraterna.se\/motala\/files\/2018\/07\/valmanifest2018-2022-280x396.jpg 280w, https:\/\/wp.kristdemokraterna.se\/motala\/files\/2018\/07\/valmanifest2018-2022-340x481.jpg 340w, https:\/\/wp.kristdemokraterna.se\/motala\/files\/2018\/07\/valmanifest2018-2022-40x56.jpg 40w\" sizes=\"auto, (max-width: 249px) 100vw, 249px\" \/><\/a><p id=\"caption-attachment-3070\" class=\"wp-caption-text\">Valmanifest 2018-2022<\/p><\/div>\n<p style=\"text-align: left\">Motala \u00e4r en fantastisk plats! Det \u00e4r en stad och en kommun att vara stolt \u00f6ver. Kristdemokraterna har sedan valet 2010, tillsammans med Alliansen Motala drivit flera fr\u00e5gor f\u00f6r att ge medborgarna ett alternativ till den r\u00f6dgr\u00f6na majoriteten, ett alternativ att lita p\u00e5.<\/p>\n<p>Motala beh\u00f6ver en hel rad med positiva f\u00f6r\u00e4ndringar. Man ska inte beh\u00f6va v\u00e4nta p\u00e5 en plats p\u00e5 \u00e4ldreboende f\u00f6r att det \u00e4r l\u00e5nga k\u00f6er. Det beh\u00f6vs valfrihet genom eget val if\u00f6r \u00e4ldreboende. Skolresultatens negativa trend m\u00e5ste brytas. Kristdemokraterna vill ta ansvar. Vi vill driva p\u00e5 f\u00f6r att minska barngrupperna i f\u00f6rskolan, ge b\u00e4ttre f\u00f6ruts\u00e4ttningar till familjer i deras vardag, ge \u00f6kad kontinuitet inom omsorgen, \u00f6ka integrationen samt f\u00f6rb\u00e4ttra tryggheten och delaktigheten i v\u00e5r kommun. Allt f\u00f6r att du ska kunna k\u00e4nna trygghet, tillit och ge framtidstro i Motala. Vi vill bygga stabilitet f\u00f6r framtiden.<\/p>\n<p>Kristdemokraterna kommer i alla l\u00e4gen ta strid mot familjefientliga f\u00f6rslag och v\u00e4rna familjers m\u00f6jlighet att f\u00e5 ihop livspusslet.<\/p>\n<p>Kristdemokraterna vill ha ordning och reda i ekonomi och hur vi i kommunen driver verksamhet. Alltf\u00f6r m\u00e5nga g\u00e5nger har vi sett avsaknaden av konsekvensanalyser i den r\u00f6dgr\u00f6na majoritetens f\u00f6r\u00e4ndringsplaner. S\u00e5dant ska inte accepteras av oss medborgare. Vi vill utveckla HELA Motala kommun, b\u00e5de t\u00e4torter och landsbygd ska leva.<\/p>\n<p style=\"text-align: left\">Politiken varken kan eller ska l\u00f6sa allt. Varje inv\u00e5nare beh\u00f6ver ocks\u00e5 ta ansvar, efter sina f\u00f6ruts\u00e4ttningar, f\u00f6r att vi ska f\u00e5 ett b\u00e4ttre, tryggare och mer j\u00e4mlikt Motala. Men politiken \u00e4r viktig, och d\u00e4rf\u00f6r har Kristdemokraterna v\u00e4ssat ett valprogram med nya <span style=\"color: #000000\">#v\u00e4lf\u00e4rdsl\u00f6ften<\/span> och vi hoppas f\u00e5 medborgarnas f\u00f6rtroende att vara en aktiv r\u00f6st i v\u00e5r kommun.<\/p>\n<p><strong>Erik Forslund<\/strong>\u00a0 \u00a0 \u00a0 \u00a0 \u00a0 \u00a0 \u00a0 \u00a0 \u00a0 \u00a0 \u00a0 \u00a0 \u00a0 \u00a0 \u00a0 \u00a0 \u00a0 \u00a0\u00a0<strong>Jan Gyllenhammar<\/strong><br \/>\npartiavdelningsordf\u00f6rande\u00a0 \u00a0 \u00a0 \u00a0 \u00a0 \u00a0\u00a0 gruppledare &amp; valledare<\/p>\n<hr \/>\n<p style=\"text-align: left\"><em>L\u00e4s mer\u00a0<\/em><br \/>\n&gt;\u00a0<a href=\"http:\/\/wp.kristdemokraterna.se\/motala\/files\/2018\/07\/kdmotala_valmanifest2018-2022.pdf\" target=\"_blank\" rel=\"noopener noreferrer\">Valmanifest 2018-2022<\/a> (pdf)<\/p>\n<p>&nbsp;<\/p>\n<p style=\"text-align: right\">\n","protected":false},"excerpt":{"rendered":"<p>V\u00e5rt #v\u00e4lf\u00e4rdsl\u00f6fte f\u00f6r Motala kommun Motala \u00e4r en fantastisk plats! Det \u00e4r en stad och en kommun att vara stolt \u00f6ver. Kristdemokraterna har sedan valet 2010, tillsammans med Alliansen Motala drivit flera fr\u00e5gor f\u00f6r att ge medborgarna ett alternativ till den r\u00f6dgr\u00f6na majoriteten, ett alternativ att lita p\u00e5. Motala beh\u00f6ver en hel rad med positiva <a class=\"read-more-link\" href=\"https:\/\/wp.kristdemokraterna.se\/motala\/valet2018\/valmanifest-2018-2022\/\">Read More<\/a><\/p>\n","protected":false},"author":686,"featured_media":0,"parent":2677,"menu_order":5,"comment_status":"closed","ping_status":"closed","template":"","meta":{"_acf_changed":false,"footnotes":""},"class_list":["post-3027","page","type-page","status-publish","hentry"],"acf":[],"yoast_head":"<!-- This site is optimized with the Yoast SEO plugin v27.3 - https:\/\/yoast.com\/product\/yoast-seo-wordpress\/ -->\n<title>Valmanifest 2018-2022 - Kristdemokraterna i Motala<\/title>\n<meta name=\"robots\" content=\"index, follow, max-snippet:-1, max-image-preview:large, max-video-preview:-1\" \/>\n<link rel=\"canonical\" href=\"https:\/\/wp.kristdemokraterna.se\/motala\/valet2018\/valmanifest-2018-2022\/\" \/>\n<meta property=\"og:locale\" content=\"sv_SE\" \/>\n<meta property=\"og:type\" content=\"article\" \/>\n<meta property=\"og:title\" content=\"Valmanifest 2018-2022 - Kristdemokraterna i Motala\" \/>\n<meta property=\"og:description\" content=\"V\u00e5rt #v\u00e4lf\u00e4rdsl\u00f6fte f\u00f6r Motala kommun Motala \u00e4r en fantastisk plats! Det \u00e4r en stad och en kommun att vara stolt \u00f6ver. Kristdemokraterna har sedan valet 2010, tillsammans med Alliansen Motala drivit flera fr\u00e5gor f\u00f6r att ge medborgarna ett alternativ till den r\u00f6dgr\u00f6na majoriteten, ett alternativ att lita p\u00e5. Motala beh\u00f6ver en hel rad med positiva Read More\" \/>\n<meta property=\"og:url\" content=\"https:\/\/wp.kristdemokraterna.se\/motala\/valet2018\/valmanifest-2018-2022\/\" \/>\n<meta property=\"og:site_name\" content=\"Kristdemokraterna i Motala\" \/>\n<meta property=\"article:modified_time\" content=\"2019-04-09T12:17:04+00:00\" \/>\n<meta property=\"og:image\" content=\"http:\/\/wp.kristdemokraterna.se\/motala\/files\/2018\/07\/valmanifest2018-2022.jpg\" \/>\n<meta name=\"twitter:card\" content=\"summary_large_image\" \/>\n<meta name=\"twitter:label1\" content=\"Ber\u00e4knad l\u00e4stid\" \/>\n\t<meta name=\"twitter:data1\" content=\"2 minuter\" \/>\n<script type=\"application\/ld+json\" class=\"yoast-schema-graph\">{\"@context\":\"https:\\\/\\\/schema.org\",\"@graph\":[{\"@type\":\"WebPage\",\"@id\":\"https:\\\/\\\/wp.kristdemokraterna.se\\\/motala\\\/valet2018\\\/valmanifest-2018-2022\\\/\",\"url\":\"https:\\\/\\\/wp.kristdemokraterna.se\\\/motala\\\/valet2018\\\/valmanifest-2018-2022\\\/\",\"name\":\"Valmanifest 2018-2022 - Kristdemokraterna i Motala\",\"isPartOf\":{\"@id\":\"https:\\\/\\\/wp.kristdemokraterna.se\\\/motala\\\/#website\"},\"primaryImageOfPage\":{\"@id\":\"https:\\\/\\\/wp.kristdemokraterna.se\\\/motala\\\/valet2018\\\/valmanifest-2018-2022\\\/#primaryimage\"},\"image\":{\"@id\":\"https:\\\/\\\/wp.kristdemokraterna.se\\\/motala\\\/valet2018\\\/valmanifest-2018-2022\\\/#primaryimage\"},\"thumbnailUrl\":\"http:\\\/\\\/wp.kristdemokraterna.se\\\/motala\\\/files\\\/2018\\\/07\\\/valmanifest2018-2022.jpg\",\"datePublished\":\"2018-07-04T14:54:29+00:00\",\"dateModified\":\"2019-04-09T12:17:04+00:00\",\"breadcrumb\":{\"@id\":\"https:\\\/\\\/wp.kristdemokraterna.se\\\/motala\\\/valet2018\\\/valmanifest-2018-2022\\\/#breadcrumb\"},\"inLanguage\":\"sv-SE\",\"potentialAction\":[{\"@type\":\"ReadAction\",\"target\":[\"https:\\\/\\\/wp.kristdemokraterna.se\\\/motala\\\/valet2018\\\/valmanifest-2018-2022\\\/\"]}]},{\"@type\":\"ImageObject\",\"inLanguage\":\"sv-SE\",\"@id\":\"https:\\\/\\\/wp.kristdemokraterna.se\\\/motala\\\/valet2018\\\/valmanifest-2018-2022\\\/#primaryimage\",\"url\":\"https:\\\/\\\/wp.kristdemokraterna.se\\\/motala\\\/files\\\/2018\\\/07\\\/valmanifest2018-2022.jpg\",\"contentUrl\":\"https:\\\/\\\/wp.kristdemokraterna.se\\\/motala\\\/files\\\/2018\\\/07\\\/valmanifest2018-2022.jpg\",\"width\":549,\"height\":776,\"caption\":\"Valmanifest 2018-2022\"},{\"@type\":\"BreadcrumbList\",\"@id\":\"https:\\\/\\\/wp.kristdemokraterna.se\\\/motala\\\/valet2018\\\/valmanifest-2018-2022\\\/#breadcrumb\",\"itemListElement\":[{\"@type\":\"ListItem\",\"position\":1,\"name\":\"Hem\",\"item\":\"https:\\\/\\\/wp.kristdemokraterna.se\\\/motala\\\/\"},{\"@type\":\"ListItem\",\"position\":2,\"name\":\"Valet 9 sept 2018\",\"item\":\"https:\\\/\\\/wp.kristdemokraterna.se\\\/motala\\\/valet2018\\\/\"},{\"@type\":\"ListItem\",\"position\":3,\"name\":\"Valmanifest 2018-2022\"}]},{\"@type\":\"WebSite\",\"@id\":\"https:\\\/\\\/wp.kristdemokraterna.se\\\/motala\\\/#website\",\"url\":\"https:\\\/\\\/wp.kristdemokraterna.se\\\/motala\\\/\",\"name\":\"Kristdemokraterna i Motala\",\"description\":\"Kristdemokraterna\",\"inLanguage\":\"sv-SE\"}]}<\/script>\n<!-- \/ Yoast SEO plugin. -->","yoast_head_json":{"title":"Valmanifest 2018-2022 - Kristdemokraterna i Motala","robots":{"index":"index","follow":"follow","max-snippet":"max-snippet:-1","max-image-preview":"max-image-preview:large","max-video-preview":"max-video-preview:-1"},"canonical":"https:\/\/wp.kristdemokraterna.se\/motala\/valet2018\/valmanifest-2018-2022\/","og_locale":"sv_SE","og_type":"article","og_title":"Valmanifest 2018-2022 - Kristdemokraterna i Motala","og_description":"V\u00e5rt #v\u00e4lf\u00e4rdsl\u00f6fte f\u00f6r Motala kommun Motala \u00e4r en fantastisk plats! Det \u00e4r en stad och en kommun att vara stolt \u00f6ver. Kristdemokraterna har sedan valet 2010, tillsammans med Alliansen Motala drivit flera fr\u00e5gor f\u00f6r att ge medborgarna ett alternativ till den r\u00f6dgr\u00f6na majoriteten, ett alternativ att lita p\u00e5. Motala beh\u00f6ver en hel rad med positiva Read More","og_url":"https:\/\/wp.kristdemokraterna.se\/motala\/valet2018\/valmanifest-2018-2022\/","og_site_name":"Kristdemokraterna i Motala","article_modified_time":"2019-04-09T12:17:04+00:00","og_image":[{"url":"http:\/\/wp.kristdemokraterna.se\/motala\/files\/2018\/07\/valmanifest2018-2022.jpg","type":"","width":"","height":""}],"twitter_card":"summary_large_image","twitter_misc":{"Ber\u00e4knad l\u00e4stid":"2 minuter"},"schema":{"@context":"https:\/\/schema.org","@graph":[{"@type":"WebPage","@id":"https:\/\/wp.kristdemokraterna.se\/motala\/valet2018\/valmanifest-2018-2022\/","url":"https:\/\/wp.kristdemokraterna.se\/motala\/valet2018\/valmanifest-2018-2022\/","name":"Valmanifest 2018-2022 - Kristdemokraterna i Motala","isPartOf":{"@id":"https:\/\/wp.kristdemokraterna.se\/motala\/#website"},"primaryImageOfPage":{"@id":"https:\/\/wp.kristdemokraterna.se\/motala\/valet2018\/valmanifest-2018-2022\/#primaryimage"},"image":{"@id":"https:\/\/wp.kristdemokraterna.se\/motala\/valet2018\/valmanifest-2018-2022\/#primaryimage"},"thumbnailUrl":"http:\/\/wp.kristdemokraterna.se\/motala\/files\/2018\/07\/valmanifest2018-2022.jpg","datePublished":"2018-07-04T14:54:29+00:00","dateModified":"2019-04-09T12:17:04+00:00","breadcrumb":{"@id":"https:\/\/wp.kristdemokraterna.se\/motala\/valet2018\/valmanifest-2018-2022\/#breadcrumb"},"inLanguage":"sv-SE","potentialAction":[{"@type":"ReadAction","target":["https:\/\/wp.kristdemokraterna.se\/motala\/valet2018\/valmanifest-2018-2022\/"]}]},{"@type":"ImageObject","inLanguage":"sv-SE","@id":"https:\/\/wp.kristdemokraterna.se\/motala\/valet2018\/valmanifest-2018-2022\/#primaryimage","url":"https:\/\/wp.kristdemokraterna.se\/motala\/files\/2018\/07\/valmanifest2018-2022.jpg","contentUrl":"https:\/\/wp.kristdemokraterna.se\/motala\/files\/2018\/07\/valmanifest2018-2022.jpg","width":549,"height":776,"caption":"Valmanifest 2018-2022"},{"@type":"BreadcrumbList","@id":"https:\/\/wp.kristdemokraterna.se\/motala\/valet2018\/valmanifest-2018-2022\/#breadcrumb","itemListElement":[{"@type":"ListItem","position":1,"name":"Hem","item":"https:\/\/wp.kristdemokraterna.se\/motala\/"},{"@type":"ListItem","position":2,"name":"Valet 9 sept 2018","item":"https:\/\/wp.kristdemokraterna.se\/motala\/valet2018\/"},{"@type":"ListItem","position":3,"name":"Valmanifest 2018-2022"}]},{"@type":"WebSite","@id":"https:\/\/wp.kristdemokraterna.se\/motala\/#website","url":"https:\/\/wp.kristdemokraterna.se\/motala\/","name":"Kristdemokraterna i Motala","description":"Kristdemokraterna","inLanguage":"sv-SE"}]}},"_links":{"self":[{"href":"https:\/\/wp.kristdemokraterna.se\/motala\/wp-json\/wp\/v2\/pages\/3027","targetHints":{"allow":["GET"]}}],"collection":[{"href":"https:\/\/wp.kristdemokraterna.se\/motala\/wp-json\/wp\/v2\/pages"}],"about":[{"href":"https:\/\/wp.kristdemokraterna.se\/motala\/wp-json\/wp\/v2\/types\/page"}],"author":[{"embeddable":true,"href":"https:\/\/wp.kristdemokraterna.se\/motala\/wp-json\/wp\/v2\/users\/686"}],"replies":[{"embeddable":true,"href":"https:\/\/wp.kristdemokraterna.se\/motala\/wp-json\/wp\/v2\/comments?post=3027"}],"version-history":[{"count":37,"href":"https:\/\/wp.kristdemokraterna.se\/motala\/wp-json\/wp\/v2\/pages\/3027\/revisions"}],"predecessor-version":[{"id":3317,"href":"https:\/\/wp.kristdemokraterna.se\/motala\/wp-json\/wp\/v2\/pages\/3027\/revisions\/3317"}],"up":[{"embeddable":true,"href":"https:\/\/wp.kristdemokraterna.se\/motala\/wp-json\/wp\/v2\/pages\/2677"}],"wp:attachment":[{"href":"https:\/\/wp.kristdemokraterna.se\/motala\/wp-json\/wp\/v2\/media?parent=3027"}],"curies":[{"name":"wp","href":"https:\/\/api.w.org\/{rel}","templated":true}]}}