{"id":303,"date":"2010-04-02T20:29:39","date_gmt":"2010-04-02T18:29:39","guid":{"rendered":"http:\/\/wp.kristdemokraterna.se\/motala\/?page_id=303"},"modified":"2015-02-25T14:53:15","modified_gmt":"2015-02-25T13:53:15","slug":"valfolder-1998","status":"publish","type":"page","link":"https:\/\/wp.kristdemokraterna.se\/motala\/program\/valfolder-1998\/","title":{"rendered":"Valfolder 1998"},"content":{"rendered":"<h1>Ett kryss f\u00f6r v\u00e5rden? Kristdemokraterna!<\/h1>\n<p><strong>&#8221;Personal \u00e4r viktigare \u00e4n kvadratmeter&#8221;<\/strong><br \/>\n<img loading=\"lazy\" decoding=\"async\" class=\"alignnone wp-image-562 size-full\" src=\"http:\/\/wp.kristdemokraterna.se\/motala\/files\/2015\/02\/img98_ng.gif\" alt=\"img98_NG\" width=\"185\" height=\"212\" \/><br \/>\nNils-Ingvar Graan,<br \/>\ns\u00e4ljare, Borensberg<\/p>\n<p>s\u00e4ger Nils-Ingvar Graan, f\u00f6rstanamn f\u00f6r kristdemo-kraterna, n\u00e4r det blir tal om riktm\u00e4rke f\u00f6r \u00e4ldrev\u00e5rden, och han forts\u00e4tter:<br \/>\n&#8221;Vad hj\u00e4lper det med stora rum om man inte har tillr\u00e4ckligt med personal? D\u00e4rf\u00f6r tycker jag det \u00e4r viktigare med personal \u00e4n kvadratmeter.&#8221;<\/p>\n<p><strong>Fler h\u00e4nder i v\u00e5rden!<\/strong><br \/>\nI kristdemokraternas budget i riksdagen finns f\u00f6rslag p\u00e5 mer pengar till kommuner och landsting f\u00f6r att f\u00f6rst\u00e4rka v\u00e5rden. Vi har formulerat behovet &#8221;Fler h\u00e4nder i v\u00e5rden&#8221;.<br \/>\nDet har f\u00f6rsvunnit c:a 40 000 v\u00e5rdplatser under de senaste tio \u00e5ren. Vi f\u00f6resl\u00e5r att vi tar tillbaka 20 000 av dessa under kommande tio\u00e5rsperiod. Vi ser ingen annan m\u00f6jlighet om vi ska klara v\u00e5rdbehovet, som dessutom \u00f6kar varje \u00e5r.<br \/>\nF\u00f6r att det ska vara m\u00f6jligt f\u00f6r oss i Motala att tillskapa v\u00e5r andel av detta kr\u00e4vs en \u00e4ndring av regeringspolitiken och det vill vi kristdemokrater vara med och bidra till.<\/p>\n<p><strong>&#8221;F\u00f6ruts\u00e4ttningen f\u00f6r ett bra liv \u00e4r en bra start&#8221;.<\/strong><br \/>\nOvanst\u00e5ende \u00e4r ett t\u00e4nkv\u00e4rt citat. N\u00e4r det g\u00e4ller barnen s\u00e5 \u00e4r det naturligtvis f\u00f6r\u00e4ldrarna som k\u00e4nner sina barn b\u00e4st och d\u00e4rmed \u00e4r de mest l\u00e4mpade att avg\u00f6ra vilken start som \u00e4r b\u00e4st f\u00f6r dem. D\u00e4rf\u00f6r tycker vi till exempel att det \u00e4r viktigt att f\u00f6r\u00e4ldrarna f\u00e5r best\u00e4mma vilken barnomsorg deras barn ska ha.<\/p>\n<p><img loading=\"lazy\" decoding=\"async\" class=\"alignnone size-full wp-image-563\" src=\"http:\/\/wp.kristdemokraterna.se\/motala\/files\/2015\/02\/img98_bl.gif\" alt=\"img98_BL\" width=\"204\" height=\"181\" \/><\/p>\n<p>En f\u00f6ruts\u00e4ttning \u00e4r f\u00f6rst\u00e5s att det finns n\u00e5got att v\u00e4lja p\u00e5, som olika barnomsorgs former eller att ta hand om barnen sj\u00e4lv. D\u00e4rf\u00f6r hoppas vi att kristdemokraterna f\u00e5r s\u00e5 stort inflytande efter valet s\u00e5 att v\u00e5rdnadsbidraget \u00e5terinf\u00f6rs. Det \u00e4r en f\u00f6rut-s\u00e4ttning f\u00f6r m\u00e5nga om de ska ha en ekonomisk chans att v\u00e4lja att ta hand om barnen sj\u00e4lva.<\/p>\n<p><strong>\u00d6KDN<\/strong><br \/>\nVi tycker att \u00d6stra kommundels-n\u00e4mnden, \u00d6KDN, varit ett positivt inlag i den kommunala demokratin. D\u00e4rf\u00f6r anser vi att den ska vara kvar.<\/p>\n<p><img loading=\"lazy\" decoding=\"async\" class=\"alignnone size-full wp-image-565\" src=\"http:\/\/wp.kristdemokraterna.se\/motala\/files\/2015\/02\/img98_rh.gif\" alt=\"img98_RH\" width=\"221\" height=\"184\" \/><br \/>\n<em>Rebecka Henriksson, studerande, Forn\u00e5sa<\/em><\/p>\n<p><strong>Gl\u00f6m inte ungdomen<\/strong><br \/>\nDet talas mycket om hur viktigt det \u00e4r att skapa bra \u00e4ldreboende. Visst \u00e4r det viktigt, men vi f\u00e5r inte gl\u00f6mma ungdomen!<\/p>\n<p>Vid renoveringar och nybyggnation \u00e4r det j\u00e4tteviktigt att t\u00e4nka p\u00e5 att f\u00e5 fram sm\u00e5 billiga l\u00e4genheter s\u00e5 ungdomar har n\u00e5gon chans till egen bostad!<\/p>\n<p><strong>Milj\u00f6arbete<\/strong><br \/>\nMilj\u00f6arbetet har g\u00e5tt fram\u00e5t i kom-munen. Agenda 21 \u00e4r nu ganska be-kant bland b\u00e5de kommunens anst\u00e4llda och inv\u00e5nare.<br \/>\nNu g\u00e4ller att g\u00e5 vidare s\u00e5 Agenda-arbetet blir en del i all verksamhet redan p\u00e5 planeringsstadiet.<\/p>\n<p><img loading=\"lazy\" decoding=\"async\" class=\"alignnone size-full wp-image-566\" src=\"http:\/\/wp.kristdemokraterna.se\/motala\/files\/2015\/02\/img98_rf.gif\" alt=\"img98_RF\" width=\"178\" height=\"174\" \/><\/p>\n<p><strong>Varamon<\/strong><br \/>\nSom ett f\u00f6rsta steg i att g\u00f6ra Varamon till ett dragpl\u00e5ster f\u00f6r turister b\u00f6r Mariebergsbadet kombineras med en campingplats. Den kunde med f\u00f6rdel placeras i anslutning till badet och Folkparken.<br \/>\nMed ett s\u00e5dant l\u00e4ge, som skulle ge utsikt \u00f6ver Varamoviken, skulle m\u00e5nga bes\u00f6kare inte bara g\u00f6ra en snabbvisit utan stanna en l\u00e4ngre period.<br \/>\nDet vore bra f\u00f6r b\u00e5de kommun och n\u00e4ringsliv d\u00e5 det skulle ge b\u00e5de arbete och skatteinkomster.<\/p>\n<p><strong>Varv skola<\/strong><br \/>\nVid planeringen av F\u00e5gelsta skola har fr\u00e5gan om hur det ska bli med Varvs skola kommit upp. D\u00e5 har det sagts att &#8221;F\u00f6rst ska vi bygga F\u00e5gelsta skola, sedan f\u00e5r vi se hur det blir med Varvs skola&#8221;. Det tycker vi \u00e4r d\u00e5lig planering! Har man t\u00e4nkt att l\u00e4gga ned Varvs skola ska man s\u00e4ga det.<br \/>\nVi kristdemokrater tycker att den ska vara kvar.<\/p>\n<p><img loading=\"lazy\" decoding=\"async\" class=\"alignnone size-full wp-image-567\" src=\"http:\/\/wp.kristdemokraterna.se\/motala\/files\/2015\/02\/img98_pw.gif\" alt=\"img98_PW\" width=\"144\" height=\"161\" \/><br \/>\n<em>Pernilla Willemsen, l\u00e4rare, Motala<\/em><\/p>\n<p><strong>Skolstarten viktig<\/strong><br \/>\nAtt sex- och sju\u00e5ringar g\u00e5r tillsam-mans ger en mjuk och bra start med m\u00f6jlighet f\u00f6r sex\u00e5ringen att prova p\u00e5 skolg\u00e5ng utan att beh\u00f6va k\u00e4nna tv\u00e5ng att forts\u00e4tta. Fungerar det inte \u00e4r det bara att \u00e5terg\u00e5 till lekisgruppen. Det tycker vi \u00e4r en bra modell.<\/p>\n<p><strong>Etik och moral, beh\u00f6vs det?<\/strong><br \/>\nAllt sedan kristdemokraterna bildades 1964, har det i partiets arbete betonats att etik och moral \u00e4r viktigt p\u00e5 alla plan i samh\u00e4llet. Partiet har emellertid f\u00e5tt vidk\u00e4nnas mycket spott och spe f\u00f6r detta under de h\u00e4r drygt 30 \u00e5ren.<br \/>\nNu, efter vad som framkommit i den s\u00e5 kallade &#8221;Motala-skandalen&#8221; och liknande h\u00e4ndelser p\u00e5 andra h\u00e5ll, har vi inte f\u00e5tt n\u00e5gra fler gliringar. Ist\u00e4llet har allt fler slutit upp bakom v\u00e5r uppfattning att det \u00e4r viktigt att diskutera var som \u00e4r r\u00e4tt och fel. Det \u00e4r inte alltid sj\u00e4lvklart och om fr\u00e5gan aldrig diskuteras finns det risk f\u00f6r att till\u00e4mpningen av regler glider iv\u00e4g.<br \/>\nDet r\u00e4cker dock inte att g\u00e5 en etikkurs en g\u00e5ng och sedan tro att &#8221;nu kan vi det h\u00e4r&#8221;. Nej, debatten om dessa fr\u00e5gor m\u00e5ste h\u00e5llas vid liv kontinuerligt.<br \/>\nVi kristdemokrater kommer att forts\u00e4tta att betona vikten av etik och moral och hoppas att vi f\u00e5r ditt st\u00f6d f\u00f6r detta den 20:e september.<\/p>\n<p><img loading=\"lazy\" decoding=\"async\" class=\"alignnone size-full wp-image-568\" src=\"http:\/\/wp.kristdemokraterna.se\/motala\/files\/2015\/02\/img98_info.gif\" alt=\"img98_info\" width=\"439\" height=\"209\" \/><\/p>\n","protected":false},"excerpt":{"rendered":"<p>Ett kryss f\u00f6r v\u00e5rden? Kristdemokraterna! &#8221;Personal \u00e4r viktigare \u00e4n kvadratmeter&#8221; Nils-Ingvar Graan, s\u00e4ljare, Borensberg s\u00e4ger Nils-Ingvar Graan, f\u00f6rstanamn f\u00f6r kristdemo-kraterna, n\u00e4r det blir tal om riktm\u00e4rke f\u00f6r \u00e4ldrev\u00e5rden, och han forts\u00e4tter: &#8221;Vad hj\u00e4lper det med stora rum om man inte har tillr\u00e4ckligt med personal? D\u00e4rf\u00f6r tycker jag det \u00e4r viktigare med personal \u00e4n kvadratmeter.&#8221; Fler <a class=\"read-more-link\" href=\"https:\/\/wp.kristdemokraterna.se\/motala\/program\/valfolder-1998\/\">Read More<\/a><\/p>\n","protected":false},"author":689,"featured_media":0,"parent":544,"menu_order":0,"comment_status":"closed","ping_status":"closed","template":"","meta":{"_acf_changed":false,"footnotes":""},"class_list":["post-303","page","type-page","status-publish","hentry"],"acf":[],"yoast_head":"<!-- This site is optimized with the Yoast SEO plugin v27.4 - https:\/\/yoast.com\/product\/yoast-seo-wordpress\/ -->\n<title>Valfolder 1998 - Kristdemokraterna i Motala<\/title>\n<meta name=\"robots\" content=\"index, follow, max-snippet:-1, max-image-preview:large, max-video-preview:-1\" \/>\n<link rel=\"canonical\" href=\"https:\/\/wp.kristdemokraterna.se\/motala\/program\/valfolder-1998\/\" \/>\n<meta property=\"og:locale\" content=\"sv_SE\" \/>\n<meta property=\"og:type\" content=\"article\" \/>\n<meta property=\"og:title\" content=\"Valfolder 1998 - Kristdemokraterna i Motala\" \/>\n<meta property=\"og:description\" content=\"Ett kryss f\u00f6r v\u00e5rden? Kristdemokraterna! &#8221;Personal \u00e4r viktigare \u00e4n kvadratmeter&#8221; Nils-Ingvar Graan, s\u00e4ljare, Borensberg s\u00e4ger Nils-Ingvar Graan, f\u00f6rstanamn f\u00f6r kristdemo-kraterna, n\u00e4r det blir tal om riktm\u00e4rke f\u00f6r \u00e4ldrev\u00e5rden, och han forts\u00e4tter: &#8221;Vad hj\u00e4lper det med stora rum om man inte har tillr\u00e4ckligt med personal? D\u00e4rf\u00f6r tycker jag det \u00e4r viktigare med personal \u00e4n kvadratmeter.&#8221; Fler Read More\" \/>\n<meta property=\"og:url\" content=\"https:\/\/wp.kristdemokraterna.se\/motala\/program\/valfolder-1998\/\" \/>\n<meta property=\"og:site_name\" content=\"Kristdemokraterna i Motala\" \/>\n<meta property=\"article:modified_time\" content=\"2015-02-25T13:53:15+00:00\" \/>\n<meta property=\"og:image\" content=\"http:\/\/wp.kristdemokraterna.se\/motala\/files\/2015\/02\/img98_ng.gif\" \/>\n<meta name=\"twitter:card\" content=\"summary_large_image\" \/>\n<meta name=\"twitter:label1\" content=\"Ber\u00e4knad l\u00e4stid\" \/>\n\t<meta name=\"twitter:data1\" content=\"4 minuter\" \/>\n<script type=\"application\/ld+json\" class=\"yoast-schema-graph\">{\"@context\":\"https:\\\/\\\/schema.org\",\"@graph\":[{\"@type\":\"WebPage\",\"@id\":\"https:\\\/\\\/wp.kristdemokraterna.se\\\/motala\\\/program\\\/valfolder-1998\\\/\",\"url\":\"https:\\\/\\\/wp.kristdemokraterna.se\\\/motala\\\/program\\\/valfolder-1998\\\/\",\"name\":\"Valfolder 1998 - Kristdemokraterna i Motala\",\"isPartOf\":{\"@id\":\"https:\\\/\\\/wp.kristdemokraterna.se\\\/motala\\\/#website\"},\"primaryImageOfPage\":{\"@id\":\"https:\\\/\\\/wp.kristdemokraterna.se\\\/motala\\\/program\\\/valfolder-1998\\\/#primaryimage\"},\"image\":{\"@id\":\"https:\\\/\\\/wp.kristdemokraterna.se\\\/motala\\\/program\\\/valfolder-1998\\\/#primaryimage\"},\"thumbnailUrl\":\"http:\\\/\\\/wp.kristdemokraterna.se\\\/motala\\\/files\\\/2015\\\/02\\\/img98_ng.gif\",\"datePublished\":\"2010-04-02T18:29:39+00:00\",\"dateModified\":\"2015-02-25T13:53:15+00:00\",\"breadcrumb\":{\"@id\":\"https:\\\/\\\/wp.kristdemokraterna.se\\\/motala\\\/program\\\/valfolder-1998\\\/#breadcrumb\"},\"inLanguage\":\"sv-SE\",\"potentialAction\":[{\"@type\":\"ReadAction\",\"target\":[\"https:\\\/\\\/wp.kristdemokraterna.se\\\/motala\\\/program\\\/valfolder-1998\\\/\"]}]},{\"@type\":\"ImageObject\",\"inLanguage\":\"sv-SE\",\"@id\":\"https:\\\/\\\/wp.kristdemokraterna.se\\\/motala\\\/program\\\/valfolder-1998\\\/#primaryimage\",\"url\":\"https:\\\/\\\/wp.kristdemokraterna.se\\\/motala\\\/files\\\/2015\\\/02\\\/img98_ng.gif\",\"contentUrl\":\"https:\\\/\\\/wp.kristdemokraterna.se\\\/motala\\\/files\\\/2015\\\/02\\\/img98_ng.gif\",\"width\":185,\"height\":212},{\"@type\":\"BreadcrumbList\",\"@id\":\"https:\\\/\\\/wp.kristdemokraterna.se\\\/motala\\\/program\\\/valfolder-1998\\\/#breadcrumb\",\"itemListElement\":[{\"@type\":\"ListItem\",\"position\":1,\"name\":\"Hem\",\"item\":\"https:\\\/\\\/wp.kristdemokraterna.se\\\/motala\\\/\"},{\"@type\":\"ListItem\",\"position\":2,\"name\":\"Program\",\"item\":\"https:\\\/\\\/wp.kristdemokraterna.se\\\/motala\\\/program\\\/\"},{\"@type\":\"ListItem\",\"position\":3,\"name\":\"Valfolder 1998\"}]},{\"@type\":\"WebSite\",\"@id\":\"https:\\\/\\\/wp.kristdemokraterna.se\\\/motala\\\/#website\",\"url\":\"https:\\\/\\\/wp.kristdemokraterna.se\\\/motala\\\/\",\"name\":\"Kristdemokraterna i Motala\",\"description\":\"Kristdemokraterna\",\"inLanguage\":\"sv-SE\"}]}<\/script>\n<!-- \/ Yoast SEO plugin. -->","yoast_head_json":{"title":"Valfolder 1998 - Kristdemokraterna i Motala","robots":{"index":"index","follow":"follow","max-snippet":"max-snippet:-1","max-image-preview":"max-image-preview:large","max-video-preview":"max-video-preview:-1"},"canonical":"https:\/\/wp.kristdemokraterna.se\/motala\/program\/valfolder-1998\/","og_locale":"sv_SE","og_type":"article","og_title":"Valfolder 1998 - Kristdemokraterna i Motala","og_description":"Ett kryss f\u00f6r v\u00e5rden? Kristdemokraterna! &#8221;Personal \u00e4r viktigare \u00e4n kvadratmeter&#8221; Nils-Ingvar Graan, s\u00e4ljare, Borensberg s\u00e4ger Nils-Ingvar Graan, f\u00f6rstanamn f\u00f6r kristdemo-kraterna, n\u00e4r det blir tal om riktm\u00e4rke f\u00f6r \u00e4ldrev\u00e5rden, och han forts\u00e4tter: &#8221;Vad hj\u00e4lper det med stora rum om man inte har tillr\u00e4ckligt med personal? D\u00e4rf\u00f6r tycker jag det \u00e4r viktigare med personal \u00e4n kvadratmeter.&#8221; Fler Read More","og_url":"https:\/\/wp.kristdemokraterna.se\/motala\/program\/valfolder-1998\/","og_site_name":"Kristdemokraterna i Motala","article_modified_time":"2015-02-25T13:53:15+00:00","og_image":[{"url":"http:\/\/wp.kristdemokraterna.se\/motala\/files\/2015\/02\/img98_ng.gif","type":"","width":"","height":""}],"twitter_card":"summary_large_image","twitter_misc":{"Ber\u00e4knad l\u00e4stid":"4 minuter"},"schema":{"@context":"https:\/\/schema.org","@graph":[{"@type":"WebPage","@id":"https:\/\/wp.kristdemokraterna.se\/motala\/program\/valfolder-1998\/","url":"https:\/\/wp.kristdemokraterna.se\/motala\/program\/valfolder-1998\/","name":"Valfolder 1998 - Kristdemokraterna i Motala","isPartOf":{"@id":"https:\/\/wp.kristdemokraterna.se\/motala\/#website"},"primaryImageOfPage":{"@id":"https:\/\/wp.kristdemokraterna.se\/motala\/program\/valfolder-1998\/#primaryimage"},"image":{"@id":"https:\/\/wp.kristdemokraterna.se\/motala\/program\/valfolder-1998\/#primaryimage"},"thumbnailUrl":"http:\/\/wp.kristdemokraterna.se\/motala\/files\/2015\/02\/img98_ng.gif","datePublished":"2010-04-02T18:29:39+00:00","dateModified":"2015-02-25T13:53:15+00:00","breadcrumb":{"@id":"https:\/\/wp.kristdemokraterna.se\/motala\/program\/valfolder-1998\/#breadcrumb"},"inLanguage":"sv-SE","potentialAction":[{"@type":"ReadAction","target":["https:\/\/wp.kristdemokraterna.se\/motala\/program\/valfolder-1998\/"]}]},{"@type":"ImageObject","inLanguage":"sv-SE","@id":"https:\/\/wp.kristdemokraterna.se\/motala\/program\/valfolder-1998\/#primaryimage","url":"https:\/\/wp.kristdemokraterna.se\/motala\/files\/2015\/02\/img98_ng.gif","contentUrl":"https:\/\/wp.kristdemokraterna.se\/motala\/files\/2015\/02\/img98_ng.gif","width":185,"height":212},{"@type":"BreadcrumbList","@id":"https:\/\/wp.kristdemokraterna.se\/motala\/program\/valfolder-1998\/#breadcrumb","itemListElement":[{"@type":"ListItem","position":1,"name":"Hem","item":"https:\/\/wp.kristdemokraterna.se\/motala\/"},{"@type":"ListItem","position":2,"name":"Program","item":"https:\/\/wp.kristdemokraterna.se\/motala\/program\/"},{"@type":"ListItem","position":3,"name":"Valfolder 1998"}]},{"@type":"WebSite","@id":"https:\/\/wp.kristdemokraterna.se\/motala\/#website","url":"https:\/\/wp.kristdemokraterna.se\/motala\/","name":"Kristdemokraterna i Motala","description":"Kristdemokraterna","inLanguage":"sv-SE"}]}},"_links":{"self":[{"href":"https:\/\/wp.kristdemokraterna.se\/motala\/wp-json\/wp\/v2\/pages\/303","targetHints":{"allow":["GET"]}}],"collection":[{"href":"https:\/\/wp.kristdemokraterna.se\/motala\/wp-json\/wp\/v2\/pages"}],"about":[{"href":"https:\/\/wp.kristdemokraterna.se\/motala\/wp-json\/wp\/v2\/types\/page"}],"author":[{"embeddable":true,"href":"https:\/\/wp.kristdemokraterna.se\/motala\/wp-json\/wp\/v2\/users\/689"}],"replies":[{"embeddable":true,"href":"https:\/\/wp.kristdemokraterna.se\/motala\/wp-json\/wp\/v2\/comments?post=303"}],"version-history":[{"count":6,"href":"https:\/\/wp.kristdemokraterna.se\/motala\/wp-json\/wp\/v2\/pages\/303\/revisions"}],"predecessor-version":[{"id":559,"href":"https:\/\/wp.kristdemokraterna.se\/motala\/wp-json\/wp\/v2\/pages\/303\/revisions\/559"}],"up":[{"embeddable":true,"href":"https:\/\/wp.kristdemokraterna.se\/motala\/wp-json\/wp\/v2\/pages\/544"}],"wp:attachment":[{"href":"https:\/\/wp.kristdemokraterna.se\/motala\/wp-json\/wp\/v2\/media?parent=303"}],"curies":[{"name":"wp","href":"https:\/\/api.w.org\/{rel}","templated":true}]}}