{"id":305,"date":"2010-04-02T18:51:30","date_gmt":"2010-04-02T16:51:30","guid":{"rendered":"http:\/\/wp.kristdemokraterna.se\/motala\/?page_id=305"},"modified":"2015-03-04T11:15:41","modified_gmt":"2015-03-04T10:15:41","slug":"valinformation-till-alla-hushall-2002","status":"publish","type":"page","link":"https:\/\/wp.kristdemokraterna.se\/motala\/program\/valinformation-till-alla-hushall-2002\/","title":{"rendered":"Valinformation till alla hush\u00e5ll 2002"},"content":{"rendered":"<p><strong>Inf\u00f6r valet 2002<\/strong><\/p>\n<p>Motala kommun \u00e4r en vacker del av landet att bo i men man kan inte leva enbart av sk\u00f6nhet. Det kr\u00e4vs \u00e4ven m\u00f6jlighet till f\u00f6rs\u00f6rjning. En del i detta kan vara att dela med sig av det Motala har att erbjuda. Ett s\u00e4tt att g\u00f6ra detta \u00e4r att ta emot turister, och andra som g\u00e4star kommunen, p\u00e5 ett s\u00e5dant s\u00e4tt att de stannar lite l\u00e4ngre. Det ger \u00f6kat underlag f\u00f6r syssels\u00e4ttningen i kommunen.<\/p>\n<p>Vad kr\u00e4vs f\u00f6r detta? En campingplats i n\u00e4ra anslutning till Varamostranden \u00e4r en konkret sak som beh\u00f6ver ordnas. Som vi ser det s\u00e5 \u00e4r enda realistiska m\u00f6jligheten till detta i anslutning till v\u00e4stra sidan av Folkets Park.<\/p>\n<p>M\u00e5nga tar en titt p\u00e5 internet innan de \u00e5ker n\u00e5gonstans. Vi har i motion till kommunfullm\u00e4ktige f\u00f6reslagit att kommunen ska s\u00e4tta upp en webbkamera i en av radiomasterna, f\u00f6r att visa en vy \u00f6ver staden, samt en kamera i hamnen och en i Varamobaden. Det g\u00e4ller att f\u00e5nga intresset redan n\u00e4r resm\u00e5let planeras!<\/p>\n<p>F\u00f6r att Motala ska kunna forts\u00e4tta att utvecklas \u00e4r f\u00f6rbindelser med omkringliggande orter viktiga. D\u00e4rf\u00f6r \u00e4r det angel\u00e4get s\u00e5v\u00e4l med bron \u00f6ver Skepparpinan som med forts\u00e4ttningen p\u00e5 riksv\u00e4g 50 samt dubbelsp\u00e5rsutbyggnaden av j\u00e4rnv\u00e4gen. Likas\u00e5 \u00e4r f\u00f6rb\u00e4ttrad v\u00e4gf\u00f6rbindelse till Link\u00f6ping av stor betydelse.<\/p>\n<p>Skolan m\u00e5ste vara bra f\u00f6r alla elever. Den beh\u00f6ver anpassas s\u00e5v\u00e4l f\u00f6r elever som beh\u00f6ver extra st\u00f6d som f\u00f6r dem som vill jobba snabbare. Det tj\u00e4nar alla p\u00e5! En grundf\u00f6ruts\u00e4ttning \u00e4r dock att man kan k\u00e4nna sig trygg i skolan. D\u00e4rf\u00f6r m\u00e5ste ev. mobbning uppm\u00e4rksammas och \u00e5tg\u00e4rdas omg\u00e5ende. Detta kan ske, bl. a. genom fler vuxna i skolan. Sj\u00e4lvklart ska varje skola ha en antimobbningsplan.<\/p>\n<p>Inom \u00e4ldrev\u00e5rden vill vi inf\u00f6ra en V\u00e4rdighetsgaranti. Det inneb\u00e4r att kommunen garanterar att alla i kommunens \u00e4ldreboenden f\u00e5r en god omv\u00e5rdnad enligt uppsatta m\u00e5l. Det h\u00e4r har vi l\u00e4mnat in en motion om till kommunfullm\u00e4ktige.<\/p>\n<p>Med din r\u00f6st kan du hj\u00e4lpa oss att f\u00e5 st\u00f6d f\u00f6r den!<\/p>\n","protected":false},"excerpt":{"rendered":"<p>Inf\u00f6r valet 2002 Motala kommun \u00e4r en vacker del av landet att bo i men man kan inte leva enbart av sk\u00f6nhet. Det kr\u00e4vs \u00e4ven m\u00f6jlighet till f\u00f6rs\u00f6rjning. En del i detta kan vara att dela med sig av det Motala har att erbjuda. Ett s\u00e4tt att g\u00f6ra detta \u00e4r att ta emot turister, och <a class=\"read-more-link\" href=\"https:\/\/wp.kristdemokraterna.se\/motala\/program\/valinformation-till-alla-hushall-2002\/\">Read More<\/a><\/p>\n","protected":false},"author":689,"featured_media":0,"parent":544,"menu_order":0,"comment_status":"closed","ping_status":"closed","template":"","meta":{"_acf_changed":false,"footnotes":""},"class_list":["post-305","page","type-page","status-publish","hentry"],"acf":[],"yoast_head":"<!-- This site is optimized with the Yoast SEO plugin v27.4 - https:\/\/yoast.com\/product\/yoast-seo-wordpress\/ -->\n<title>Valinformation till alla hush\u00e5ll 2002 - Kristdemokraterna i Motala<\/title>\n<meta name=\"robots\" content=\"index, follow, max-snippet:-1, max-image-preview:large, max-video-preview:-1\" \/>\n<link rel=\"canonical\" href=\"https:\/\/wp.kristdemokraterna.se\/motala\/program\/valinformation-till-alla-hushall-2002\/\" \/>\n<meta property=\"og:locale\" content=\"sv_SE\" \/>\n<meta property=\"og:type\" content=\"article\" \/>\n<meta property=\"og:title\" content=\"Valinformation till alla hush\u00e5ll 2002 - Kristdemokraterna i Motala\" \/>\n<meta property=\"og:description\" content=\"Inf\u00f6r valet 2002 Motala kommun \u00e4r en vacker del av landet att bo i men man kan inte leva enbart av sk\u00f6nhet. Det kr\u00e4vs \u00e4ven m\u00f6jlighet till f\u00f6rs\u00f6rjning. En del i detta kan vara att dela med sig av det Motala har att erbjuda. Ett s\u00e4tt att g\u00f6ra detta \u00e4r att ta emot turister, och Read More\" \/>\n<meta property=\"og:url\" content=\"https:\/\/wp.kristdemokraterna.se\/motala\/program\/valinformation-till-alla-hushall-2002\/\" \/>\n<meta property=\"og:site_name\" content=\"Kristdemokraterna i Motala\" \/>\n<meta property=\"article:modified_time\" content=\"2015-03-04T10:15:41+00:00\" \/>\n<meta name=\"twitter:card\" content=\"summary_large_image\" \/>\n<meta name=\"twitter:label1\" content=\"Ber\u00e4knad l\u00e4stid\" \/>\n\t<meta name=\"twitter:data1\" content=\"2 minuter\" \/>\n<script type=\"application\/ld+json\" class=\"yoast-schema-graph\">{\"@context\":\"https:\\\/\\\/schema.org\",\"@graph\":[{\"@type\":\"WebPage\",\"@id\":\"https:\\\/\\\/wp.kristdemokraterna.se\\\/motala\\\/program\\\/valinformation-till-alla-hushall-2002\\\/\",\"url\":\"https:\\\/\\\/wp.kristdemokraterna.se\\\/motala\\\/program\\\/valinformation-till-alla-hushall-2002\\\/\",\"name\":\"Valinformation till alla hush\u00e5ll 2002 - Kristdemokraterna i Motala\",\"isPartOf\":{\"@id\":\"https:\\\/\\\/wp.kristdemokraterna.se\\\/motala\\\/#website\"},\"datePublished\":\"2010-04-02T16:51:30+00:00\",\"dateModified\":\"2015-03-04T10:15:41+00:00\",\"breadcrumb\":{\"@id\":\"https:\\\/\\\/wp.kristdemokraterna.se\\\/motala\\\/program\\\/valinformation-till-alla-hushall-2002\\\/#breadcrumb\"},\"inLanguage\":\"sv-SE\",\"potentialAction\":[{\"@type\":\"ReadAction\",\"target\":[\"https:\\\/\\\/wp.kristdemokraterna.se\\\/motala\\\/program\\\/valinformation-till-alla-hushall-2002\\\/\"]}]},{\"@type\":\"BreadcrumbList\",\"@id\":\"https:\\\/\\\/wp.kristdemokraterna.se\\\/motala\\\/program\\\/valinformation-till-alla-hushall-2002\\\/#breadcrumb\",\"itemListElement\":[{\"@type\":\"ListItem\",\"position\":1,\"name\":\"Hem\",\"item\":\"https:\\\/\\\/wp.kristdemokraterna.se\\\/motala\\\/\"},{\"@type\":\"ListItem\",\"position\":2,\"name\":\"Program\",\"item\":\"https:\\\/\\\/wp.kristdemokraterna.se\\\/motala\\\/program\\\/\"},{\"@type\":\"ListItem\",\"position\":3,\"name\":\"Valinformation till alla hush\u00e5ll 2002\"}]},{\"@type\":\"WebSite\",\"@id\":\"https:\\\/\\\/wp.kristdemokraterna.se\\\/motala\\\/#website\",\"url\":\"https:\\\/\\\/wp.kristdemokraterna.se\\\/motala\\\/\",\"name\":\"Kristdemokraterna i Motala\",\"description\":\"Kristdemokraterna\",\"inLanguage\":\"sv-SE\"}]}<\/script>\n<!-- \/ Yoast SEO plugin. -->","yoast_head_json":{"title":"Valinformation till alla hush\u00e5ll 2002 - Kristdemokraterna i Motala","robots":{"index":"index","follow":"follow","max-snippet":"max-snippet:-1","max-image-preview":"max-image-preview:large","max-video-preview":"max-video-preview:-1"},"canonical":"https:\/\/wp.kristdemokraterna.se\/motala\/program\/valinformation-till-alla-hushall-2002\/","og_locale":"sv_SE","og_type":"article","og_title":"Valinformation till alla hush\u00e5ll 2002 - Kristdemokraterna i Motala","og_description":"Inf\u00f6r valet 2002 Motala kommun \u00e4r en vacker del av landet att bo i men man kan inte leva enbart av sk\u00f6nhet. Det kr\u00e4vs \u00e4ven m\u00f6jlighet till f\u00f6rs\u00f6rjning. En del i detta kan vara att dela med sig av det Motala har att erbjuda. Ett s\u00e4tt att g\u00f6ra detta \u00e4r att ta emot turister, och Read More","og_url":"https:\/\/wp.kristdemokraterna.se\/motala\/program\/valinformation-till-alla-hushall-2002\/","og_site_name":"Kristdemokraterna i Motala","article_modified_time":"2015-03-04T10:15:41+00:00","twitter_card":"summary_large_image","twitter_misc":{"Ber\u00e4knad l\u00e4stid":"2 minuter"},"schema":{"@context":"https:\/\/schema.org","@graph":[{"@type":"WebPage","@id":"https:\/\/wp.kristdemokraterna.se\/motala\/program\/valinformation-till-alla-hushall-2002\/","url":"https:\/\/wp.kristdemokraterna.se\/motala\/program\/valinformation-till-alla-hushall-2002\/","name":"Valinformation till alla hush\u00e5ll 2002 - Kristdemokraterna i Motala","isPartOf":{"@id":"https:\/\/wp.kristdemokraterna.se\/motala\/#website"},"datePublished":"2010-04-02T16:51:30+00:00","dateModified":"2015-03-04T10:15:41+00:00","breadcrumb":{"@id":"https:\/\/wp.kristdemokraterna.se\/motala\/program\/valinformation-till-alla-hushall-2002\/#breadcrumb"},"inLanguage":"sv-SE","potentialAction":[{"@type":"ReadAction","target":["https:\/\/wp.kristdemokraterna.se\/motala\/program\/valinformation-till-alla-hushall-2002\/"]}]},{"@type":"BreadcrumbList","@id":"https:\/\/wp.kristdemokraterna.se\/motala\/program\/valinformation-till-alla-hushall-2002\/#breadcrumb","itemListElement":[{"@type":"ListItem","position":1,"name":"Hem","item":"https:\/\/wp.kristdemokraterna.se\/motala\/"},{"@type":"ListItem","position":2,"name":"Program","item":"https:\/\/wp.kristdemokraterna.se\/motala\/program\/"},{"@type":"ListItem","position":3,"name":"Valinformation till alla hush\u00e5ll 2002"}]},{"@type":"WebSite","@id":"https:\/\/wp.kristdemokraterna.se\/motala\/#website","url":"https:\/\/wp.kristdemokraterna.se\/motala\/","name":"Kristdemokraterna i Motala","description":"Kristdemokraterna","inLanguage":"sv-SE"}]}},"_links":{"self":[{"href":"https:\/\/wp.kristdemokraterna.se\/motala\/wp-json\/wp\/v2\/pages\/305","targetHints":{"allow":["GET"]}}],"collection":[{"href":"https:\/\/wp.kristdemokraterna.se\/motala\/wp-json\/wp\/v2\/pages"}],"about":[{"href":"https:\/\/wp.kristdemokraterna.se\/motala\/wp-json\/wp\/v2\/types\/page"}],"author":[{"embeddable":true,"href":"https:\/\/wp.kristdemokraterna.se\/motala\/wp-json\/wp\/v2\/users\/689"}],"replies":[{"embeddable":true,"href":"https:\/\/wp.kristdemokraterna.se\/motala\/wp-json\/wp\/v2\/comments?post=305"}],"version-history":[{"count":3,"href":"https:\/\/wp.kristdemokraterna.se\/motala\/wp-json\/wp\/v2\/pages\/305\/revisions"}],"predecessor-version":[{"id":597,"href":"https:\/\/wp.kristdemokraterna.se\/motala\/wp-json\/wp\/v2\/pages\/305\/revisions\/597"}],"up":[{"embeddable":true,"href":"https:\/\/wp.kristdemokraterna.se\/motala\/wp-json\/wp\/v2\/pages\/544"}],"wp:attachment":[{"href":"https:\/\/wp.kristdemokraterna.se\/motala\/wp-json\/wp\/v2\/media?parent=305"}],"curies":[{"name":"wp","href":"https:\/\/api.w.org\/{rel}","templated":true}]}}