{"id":307,"date":"2010-04-02T18:28:21","date_gmt":"2010-04-02T16:28:21","guid":{"rendered":"http:\/\/wp.kristdemokraterna.se\/motala\/?page_id=307"},"modified":"2015-02-25T14:55:48","modified_gmt":"2015-02-25T13:55:48","slug":"kommunfolder-2006","status":"publish","type":"page","link":"https:\/\/wp.kristdemokraterna.se\/motala\/program\/kommunfolder-2006\/","title":{"rendered":"Kommun folder 2006"},"content":{"rendered":"<h1>Kristdemokraterna i Motala<br \/>\nInf\u00f6r valet 2006<\/h1>\n<p><strong><br \/>\nArbetsl\u00f6sheten<\/strong><br \/>\nI Motala \u00e4r arbetsl\u00f6sheten bland unga den mest besv\u00e4rande. Ungdomsarbetsl\u00f6sheten i Motala kan inte l\u00f6sas enbart med kommunala insatser. Det beh\u00f6vs exempelvis l\u00e4gre arbets-givaravgifter f\u00f6r de som nyanst\u00e4ller arbetsl\u00f6sa. Detta avg\u00f6rs av Riksdagen d\u00e4r Kristdemokraterna ocks\u00e5 f\u00f6resl\u00e5r &#8221;Nystarts-jobb&#8221; som riktar sig till 20-24-\u00e5ringar, d\u00e4r arbetsgivaravgiften helt tas bort. F\u00f6r kommunens del handlar det om att bist\u00e5 med praktik f\u00f6r ungdomar. Det beh\u00f6vs ocks\u00e5 samarbete mellan kommunen, arbetsf\u00f6rmedlingen och f\u00f6retagen f\u00f6r att f\u00e5 ett varierat utbud och r\u00e4tt person p\u00e5 r\u00e4tt praktikplats.<\/p>\n<p><strong>Utbildning<\/strong><br \/>\nVi vill ocks\u00e5 inf\u00f6ra tydliga yrkesinriktade program och l\u00e4rlingsprogram p\u00e5 gymnasiet. Detta beh\u00f6vs d\u00e5 bristen p\u00e5 kvalificerad arbetskraft \u00e4r stor inom m\u00e5nga hantverksyrken. Friskolor har diskuterats mycket de senaste \u00e5ren. Den mest uppm\u00e4rksammade \u00e4r Karin Boye och var den ska driva sin verksamhet. Vi tycker det var fel att s\u00e4lja S\u00f6derg\u00e5rden till dem. Det kommer att bli dyrt f\u00f6r kommunen och det hade varit mycket b\u00e4ttre att pr\u00f6va nuvarande l\u00e4ge i en ny detaljplan. Hade det d\u00e5 visat sig vara en ol\u00e4mplig placering s\u00e5 finns Mossenomr\u00e5det som redan \u00e4r planlagt f\u00f6r skola.<\/p>\n<p><strong>Lasarettet<\/strong><br \/>\nLasarettet i Motala har specialiserats f\u00f6r h\u00e5rt. F\u00f6r att det, i det l\u00e4ge som nu r\u00e5der, ska fungera b\u00e4ttre f\u00f6r b\u00e5de patienter och personal, beh\u00f6vs en komplettering med fler kirurger. Det \u00e4r inte rimligt att beh\u00f6va \u00e5ka till Link\u00f6ping eller Norrk\u00f6ping f\u00f6r mindre ingrepp. Ortopediska operationer utf\u00f6rs i stor m\u00e4ngd i Motala, och de l\u00e4kare som utf\u00f6r dessa kan naturligtvis \u00e4ven operera en del annat. Det \u00e4r stimulerande i allt arbete att f\u00e5 omv\u00e4xling, sj\u00e4lvklart \u00e4ven f\u00f6r l\u00e4kare. Fr\u00e4mst \u00e4r det dock bra f\u00f6r patienten, att inte beh\u00f6va \u00e5ka till andra lasarett f\u00f6r sm\u00e5saker. Stora operationer d\u00e4remot f\u00e5r man vara beredd att \u00e5ka till ett st\u00f6rre lasarett f\u00f6r att f\u00e5 utf\u00f6rda.<\/p>\n<p><strong>Barnomsorg<\/strong><br \/>\nAllians f\u00f6r Sverige har presenterat ett f\u00f6rslag som inneb\u00e4r att kommunerna ska kunna ge v\u00e5rdnadsbidrag till de som l\u00f6ser sin barnomsorg utan kommunalt dagis. Det tycker vi \u00e4r en r\u00e4ttvisereform och vi vill att den m\u00f6jligheten ska utnyttjas av Motala Kommun.<\/p>\n<p><strong>\u00c4ldrev\u00e5rd<\/strong><br \/>\nP\u00e5 \u00e4ldre dagar blir m\u00e5nga ensamma. Mot detta hj\u00e4lper det inte att f\u00e5 en anpassad l\u00e4genhet. Det kr\u00e4vs ocks\u00e5 att organisationen \u00e4r s\u00e5dan att gemenskap uppst\u00e5r. Det trygghetsboende som skapats i Motala \u00e4r en bra modell som vi vill bygga vidare p\u00e5. D\u00e4r tr\u00e4ffas man och har m\u00e5ltiderna tillsammans. F\u00f6r den som inte vill vara med d\u00e4r, utan vill \u00e4ta i sin l\u00e4genhet, finns den m\u00f6jligheten. Det \u00e4r viktigt att de \u00e4ldre f\u00e5r m\u00f6jlighet att komma ut i friska luften ibland. F\u00f6r att vara s\u00e4ker p\u00e5 det blir s\u00e5, och som en varudeklaration av \u00e4ldrev\u00e5rden i \u00f6vrigt, vill vi inf\u00f6ra en v\u00e5rdgaranti. Av den ska framg\u00e5 hur ofta man kommer ut, f\u00e5r duscha och vilken \u00f6vrig hj\u00e4lp som ing\u00e5r.<\/p>\n<p><strong>V\u00e5rda v\u00e5ra v\u00e4gar<\/strong><br \/>\nV\u00e4gar m\u00e5ste underh\u00e5llas annars blir de f\u00f6rst\u00f6rda, och det kostar m\u00e5ngdubbelt att g\u00f6ra dem i ordning igen. Av m\u00e5nga ses asfaltering emellertid enbart som en fr\u00e5ga av teknisk art, som man kan spara p\u00e5. Om man t\u00e4nker ett steg till, p\u00e5 vilka som \u00e5ker p\u00e5 v\u00e4garna, f\u00f6rvandlas den snart till en fr\u00e5ga som har med m\u00e4nniskor att g\u00f6ra. Om v\u00e4garna \u00e4r d\u00e5liga h\u00e4nder det olyckor och folk kommer till skada. Vi vill d\u00e4rf\u00f6r att det l\u00f6pande v\u00e4gunderh\u00e5llet f\u00f6rb\u00e4ttras, b\u00e5de f\u00f6r god l\u00e5ngsiktig ekonomi och f\u00f6r kommuninv\u00e5narnas v\u00e4lbefinnande. F\u00f6r att de enskilda v\u00e4garna ska h\u00e5llas i skick \u00e4ven f\u00f6r allm\u00e4nheten s\u00e5 ska bidraget till dem \u00e5terinf\u00f6ras.<\/p>\n<p><strong>V\u00e5rda v\u00e5ra fastigheter<\/strong><br \/>\nSamma resonemang, som om v\u00e4garna, g\u00e4ller f\u00f6r kommunens fastigheter. Det l\u00f6pande underh\u00e5llet m\u00e5ste f\u00f6rb\u00e4ttras. Under g\u00e5ngna \u00e5r var underh\u00e5llet en prutpost i budgeten, vilket vi de senaste tio \u00e5ret har f\u00e5tt betala dyrt f\u00f6r. V\u00e4lsk\u00f6tta fastigheter l\u00f6nar sig i l\u00e4ngden.<\/p>\n<p><strong>Mer offensiv utbyggnad av kommunen<\/strong><br \/>\nBygglov eller inte bygglov har diskuterats i m\u00e5nga \u00e5r. H\u00e4r har vi velat ha en gener\u00f6sare syn p\u00e5 byggande p\u00e5 landsbygden, \u00e4n de nu styrande i kommunen. Ett exempel p\u00e5 detta \u00e4r det omdiskuterade fallet d\u00e4r ett par vill bygga ett hus till p\u00e5 sin tomt utmed 36:an n\u00e4ra Link\u00f6pingsgr\u00e4nsen. H\u00e4r ville vi, tillsammans med de \u00f6vriga i oppositionen, ge bygglov men majoriteten sade nej. Kommunen m\u00e5ste nu g\u00e5 p\u00e5 offensiven f\u00f6r att \u00f6ppna upp fler omr\u00e5den f\u00f6r bost\u00e4der. Fr\u00e4mst \u00e5t Link\u00f6pingsh\u00e5llet d\u00e5 m\u00e5nga jobbar d\u00e4r l\u00e4ttare flyttar till Motala kommun om det \u00e4r n\u00e4ra till jobbet.<\/p>\n","protected":false},"excerpt":{"rendered":"<p>Kristdemokraterna i Motala Inf\u00f6r valet 2006 Arbetsl\u00f6sheten I Motala \u00e4r arbetsl\u00f6sheten bland unga den mest besv\u00e4rande. Ungdomsarbetsl\u00f6sheten i Motala kan inte l\u00f6sas enbart med kommunala insatser. Det beh\u00f6vs exempelvis l\u00e4gre arbets-givaravgifter f\u00f6r de som nyanst\u00e4ller arbetsl\u00f6sa. Detta avg\u00f6rs av Riksdagen d\u00e4r Kristdemokraterna ocks\u00e5 f\u00f6resl\u00e5r &#8221;Nystarts-jobb&#8221; som riktar sig till 20-24-\u00e5ringar, d\u00e4r arbetsgivaravgiften helt tas bort. <a class=\"read-more-link\" href=\"https:\/\/wp.kristdemokraterna.se\/motala\/program\/kommunfolder-2006\/\">Read More<\/a><\/p>\n","protected":false},"author":689,"featured_media":0,"parent":544,"menu_order":0,"comment_status":"closed","ping_status":"closed","template":"","meta":{"_acf_changed":false,"footnotes":""},"class_list":["post-307","page","type-page","status-publish","hentry"],"acf":[],"yoast_head":"<!-- This site is optimized with the Yoast SEO plugin v27.4 - https:\/\/yoast.com\/product\/yoast-seo-wordpress\/ -->\n<title>Kommun folder 2006 - Kristdemokraterna i Motala<\/title>\n<meta name=\"robots\" content=\"index, follow, max-snippet:-1, max-image-preview:large, max-video-preview:-1\" \/>\n<link rel=\"canonical\" href=\"https:\/\/wp.kristdemokraterna.se\/motala\/program\/kommunfolder-2006\/\" \/>\n<meta property=\"og:locale\" content=\"sv_SE\" \/>\n<meta property=\"og:type\" content=\"article\" \/>\n<meta property=\"og:title\" content=\"Kommun folder 2006 - Kristdemokraterna i Motala\" \/>\n<meta property=\"og:description\" content=\"Kristdemokraterna i Motala Inf\u00f6r valet 2006 Arbetsl\u00f6sheten I Motala \u00e4r arbetsl\u00f6sheten bland unga den mest besv\u00e4rande. Ungdomsarbetsl\u00f6sheten i Motala kan inte l\u00f6sas enbart med kommunala insatser. Det beh\u00f6vs exempelvis l\u00e4gre arbets-givaravgifter f\u00f6r de som nyanst\u00e4ller arbetsl\u00f6sa. Detta avg\u00f6rs av Riksdagen d\u00e4r Kristdemokraterna ocks\u00e5 f\u00f6resl\u00e5r &#8221;Nystarts-jobb&#8221; som riktar sig till 20-24-\u00e5ringar, d\u00e4r arbetsgivaravgiften helt tas bort. Read More\" \/>\n<meta property=\"og:url\" content=\"https:\/\/wp.kristdemokraterna.se\/motala\/program\/kommunfolder-2006\/\" \/>\n<meta property=\"og:site_name\" content=\"Kristdemokraterna i Motala\" \/>\n<meta property=\"article:modified_time\" content=\"2015-02-25T13:55:48+00:00\" \/>\n<meta name=\"twitter:card\" content=\"summary_large_image\" \/>\n<meta name=\"twitter:label1\" content=\"Ber\u00e4knad l\u00e4stid\" \/>\n\t<meta name=\"twitter:data1\" content=\"4 minuter\" \/>\n<script type=\"application\/ld+json\" class=\"yoast-schema-graph\">{\"@context\":\"https:\\\/\\\/schema.org\",\"@graph\":[{\"@type\":\"WebPage\",\"@id\":\"https:\\\/\\\/wp.kristdemokraterna.se\\\/motala\\\/program\\\/kommunfolder-2006\\\/\",\"url\":\"https:\\\/\\\/wp.kristdemokraterna.se\\\/motala\\\/program\\\/kommunfolder-2006\\\/\",\"name\":\"Kommun folder 2006 - Kristdemokraterna i Motala\",\"isPartOf\":{\"@id\":\"https:\\\/\\\/wp.kristdemokraterna.se\\\/motala\\\/#website\"},\"datePublished\":\"2010-04-02T16:28:21+00:00\",\"dateModified\":\"2015-02-25T13:55:48+00:00\",\"breadcrumb\":{\"@id\":\"https:\\\/\\\/wp.kristdemokraterna.se\\\/motala\\\/program\\\/kommunfolder-2006\\\/#breadcrumb\"},\"inLanguage\":\"sv-SE\",\"potentialAction\":[{\"@type\":\"ReadAction\",\"target\":[\"https:\\\/\\\/wp.kristdemokraterna.se\\\/motala\\\/program\\\/kommunfolder-2006\\\/\"]}]},{\"@type\":\"BreadcrumbList\",\"@id\":\"https:\\\/\\\/wp.kristdemokraterna.se\\\/motala\\\/program\\\/kommunfolder-2006\\\/#breadcrumb\",\"itemListElement\":[{\"@type\":\"ListItem\",\"position\":1,\"name\":\"Hem\",\"item\":\"https:\\\/\\\/wp.kristdemokraterna.se\\\/motala\\\/\"},{\"@type\":\"ListItem\",\"position\":2,\"name\":\"Program\",\"item\":\"https:\\\/\\\/wp.kristdemokraterna.se\\\/motala\\\/program\\\/\"},{\"@type\":\"ListItem\",\"position\":3,\"name\":\"Kommun folder 2006\"}]},{\"@type\":\"WebSite\",\"@id\":\"https:\\\/\\\/wp.kristdemokraterna.se\\\/motala\\\/#website\",\"url\":\"https:\\\/\\\/wp.kristdemokraterna.se\\\/motala\\\/\",\"name\":\"Kristdemokraterna i Motala\",\"description\":\"Kristdemokraterna\",\"inLanguage\":\"sv-SE\"}]}<\/script>\n<!-- \/ Yoast SEO plugin. -->","yoast_head_json":{"title":"Kommun folder 2006 - Kristdemokraterna i Motala","robots":{"index":"index","follow":"follow","max-snippet":"max-snippet:-1","max-image-preview":"max-image-preview:large","max-video-preview":"max-video-preview:-1"},"canonical":"https:\/\/wp.kristdemokraterna.se\/motala\/program\/kommunfolder-2006\/","og_locale":"sv_SE","og_type":"article","og_title":"Kommun folder 2006 - Kristdemokraterna i Motala","og_description":"Kristdemokraterna i Motala Inf\u00f6r valet 2006 Arbetsl\u00f6sheten I Motala \u00e4r arbetsl\u00f6sheten bland unga den mest besv\u00e4rande. Ungdomsarbetsl\u00f6sheten i Motala kan inte l\u00f6sas enbart med kommunala insatser. Det beh\u00f6vs exempelvis l\u00e4gre arbets-givaravgifter f\u00f6r de som nyanst\u00e4ller arbetsl\u00f6sa. Detta avg\u00f6rs av Riksdagen d\u00e4r Kristdemokraterna ocks\u00e5 f\u00f6resl\u00e5r &#8221;Nystarts-jobb&#8221; som riktar sig till 20-24-\u00e5ringar, d\u00e4r arbetsgivaravgiften helt tas bort. Read More","og_url":"https:\/\/wp.kristdemokraterna.se\/motala\/program\/kommunfolder-2006\/","og_site_name":"Kristdemokraterna i Motala","article_modified_time":"2015-02-25T13:55:48+00:00","twitter_card":"summary_large_image","twitter_misc":{"Ber\u00e4knad l\u00e4stid":"4 minuter"},"schema":{"@context":"https:\/\/schema.org","@graph":[{"@type":"WebPage","@id":"https:\/\/wp.kristdemokraterna.se\/motala\/program\/kommunfolder-2006\/","url":"https:\/\/wp.kristdemokraterna.se\/motala\/program\/kommunfolder-2006\/","name":"Kommun folder 2006 - Kristdemokraterna i Motala","isPartOf":{"@id":"https:\/\/wp.kristdemokraterna.se\/motala\/#website"},"datePublished":"2010-04-02T16:28:21+00:00","dateModified":"2015-02-25T13:55:48+00:00","breadcrumb":{"@id":"https:\/\/wp.kristdemokraterna.se\/motala\/program\/kommunfolder-2006\/#breadcrumb"},"inLanguage":"sv-SE","potentialAction":[{"@type":"ReadAction","target":["https:\/\/wp.kristdemokraterna.se\/motala\/program\/kommunfolder-2006\/"]}]},{"@type":"BreadcrumbList","@id":"https:\/\/wp.kristdemokraterna.se\/motala\/program\/kommunfolder-2006\/#breadcrumb","itemListElement":[{"@type":"ListItem","position":1,"name":"Hem","item":"https:\/\/wp.kristdemokraterna.se\/motala\/"},{"@type":"ListItem","position":2,"name":"Program","item":"https:\/\/wp.kristdemokraterna.se\/motala\/program\/"},{"@type":"ListItem","position":3,"name":"Kommun folder 2006"}]},{"@type":"WebSite","@id":"https:\/\/wp.kristdemokraterna.se\/motala\/#website","url":"https:\/\/wp.kristdemokraterna.se\/motala\/","name":"Kristdemokraterna i Motala","description":"Kristdemokraterna","inLanguage":"sv-SE"}]}},"_links":{"self":[{"href":"https:\/\/wp.kristdemokraterna.se\/motala\/wp-json\/wp\/v2\/pages\/307","targetHints":{"allow":["GET"]}}],"collection":[{"href":"https:\/\/wp.kristdemokraterna.se\/motala\/wp-json\/wp\/v2\/pages"}],"about":[{"href":"https:\/\/wp.kristdemokraterna.se\/motala\/wp-json\/wp\/v2\/types\/page"}],"author":[{"embeddable":true,"href":"https:\/\/wp.kristdemokraterna.se\/motala\/wp-json\/wp\/v2\/users\/689"}],"replies":[{"embeddable":true,"href":"https:\/\/wp.kristdemokraterna.se\/motala\/wp-json\/wp\/v2\/comments?post=307"}],"version-history":[{"count":4,"href":"https:\/\/wp.kristdemokraterna.se\/motala\/wp-json\/wp\/v2\/pages\/307\/revisions"}],"predecessor-version":[{"id":550,"href":"https:\/\/wp.kristdemokraterna.se\/motala\/wp-json\/wp\/v2\/pages\/307\/revisions\/550"}],"up":[{"embeddable":true,"href":"https:\/\/wp.kristdemokraterna.se\/motala\/wp-json\/wp\/v2\/pages\/544"}],"wp:attachment":[{"href":"https:\/\/wp.kristdemokraterna.se\/motala\/wp-json\/wp\/v2\/media?parent=307"}],"curies":[{"name":"wp","href":"https:\/\/api.w.org\/{rel}","templated":true}]}}